{"id":1361,"date":"2025-04-02T13:01:23","date_gmt":"2025-04-02T13:01:23","guid":{"rendered":"http:\/\/topfastpcbb.ru\/?page_id=1361"},"modified":"2025-12-09T21:06:46","modified_gmt":"2025-12-09T13:06:46","slug":"terms-of-service","status":"publish","type":"page","link":"https:\/\/www.topfastpcb.com\/da\/terms-of-service\/","title":{"rendered":"VILK\u00c5R FOR SERVICE"},"content":{"rendered":"<h2 class=\"wp-block-heading\">VILK\u00c5R FOR SERVICE<\/h2><p>Ved at g\u00e5 ind p\u00e5 vores websted, k\u00f8be produkter og\/eller tilpasse dele, bliver du vores \"bruger\" og accepterer at v\u00e6re bundet af f\u00f8lgende servicevilk\u00e5r (herunder yderligere vilk\u00e5r, betingelser og politikker, der leveres via hyperlink). Disse servicevilk\u00e5r g\u00e6lder for alle brugere, herunder seere, leverand\u00f8rer, kunder, forhandlere og indholdsbidragsydere.<\/p><p>Accept af vilk\u00e5r<\/p><p>L\u00e6s venligst servicevilk\u00e5rene omhyggeligt, f\u00f8r du g\u00e5r ind p\u00e5 eller bruger dette websted. Din adgang til eller brug af dette websted udg\u00f8r din accept af disse vilk\u00e5r. Hvis du ikke er enig i alle vilk\u00e5rene, skal du ikke bruge dette websted eller dets tjenester. Hvis disse vilk\u00e5r udg\u00f8r et tilbud, er din accept begr\u00e6nset til disse vilk\u00e5r.<\/p><p><strong>Nye funktioner og servicevilk\u00e5r<\/strong><\/p><p>Eventuelle nye funktioner eller v\u00e6rkt\u00f8jer, der f\u00f8jes til webstedet, vil ogs\u00e5 v\u00e6re underlagt servicevilk\u00e5rene. Den nyeste version af servicevilk\u00e5rene vil blive vist p\u00e5 denne side. Vi forbeholder os ret til at opdatere, \u00e6ndre eller erstatte enhver del af servicevilk\u00e5rene til enhver tid. Vend tilbage med j\u00e6vne mellemrum for at sikre, at du er opm\u00e6rksom p\u00e5 de seneste \u00e6ndringer. Din fortsatte brug af webstedet efter offentligg\u00f8relsen af eventuelle \u00e6ndringer udg\u00f8r din accept af disse \u00e6ndringer.<\/p>","protected":false},"excerpt":{"rendered":"<p>SERVICEVILK\u00c5R Ved at g\u00e5 ind p\u00e5 vores hjemmeside, k\u00f8be produkter og\/eller tilpasse dele, bliver du vores \"bruger\" og accepterer at v\u00e6re bundet af f\u00f8lgende servicevilk\u00e5r (herunder yderligere vilk\u00e5r, betingelser og politikker, der leveres via hyperlink).Disse servicevilk\u00e5r g\u00e6lder for alle brugere, herunder seere, leverand\u00f8rer, kunder, forhandlere og indholdsbidragsydere. Accept af vilk\u00e5r [&hellip;]<\/p>","protected":false},"author":1,"featured_media":0,"parent":0,"menu_order":0,"comment_status":"closed","ping_status":"closed","template":"page-templates\/terms-of-service.php","meta":{"footnotes":""},"class_list":["post-1361","page","type-page","status-publish","hentry"],"yoast_head":"<!-- This site is optimized with the Yoast SEO plugin v25.1 - https:\/\/yoast.com\/wordpress\/plugins\/seo\/ -->\n<title>Terms of Service-Topfast<\/title>\n<meta name=\"description\" content=\"By accessing our website, purchasing products and\/or customizing parts, you become our \u201cUser\u201d and agree to be bound by the following Terms of Service (including additional terms, conditions, and policies provided via hyperlink).\" \/>\n<meta name=\"robots\" content=\"index, follow, max-snippet:-1, max-image-preview:large, max-video-preview:-1\" \/>\n<link rel=\"canonical\" href=\"https:\/\/www.topfastpcb.com\/da\/terms-of-service\/\" \/>\n<meta property=\"og:locale\" content=\"da_DK\" \/>\n<meta property=\"og:type\" content=\"article\" \/>\n<meta property=\"og:title\" content=\"Terms of Service-Topfast\" \/>\n<meta property=\"og:description\" content=\"By accessing our website, purchasing products and\/or customizing parts, you become our \u201cUser\u201d and agree to be bound by the following Terms of Service (including additional terms, conditions, and policies provided via hyperlink).\" \/>\n<meta property=\"og:url\" content=\"https:\/\/www.topfastpcb.com\/da\/terms-of-service\/\" \/>\n<meta property=\"og:site_name\" content=\"Topfastpcb\" \/>\n<meta property=\"article:modified_time\" content=\"2025-12-09T13:06:46+00:00\" \/>\n<meta name=\"twitter:card\" content=\"summary_large_image\" \/>\n<meta name=\"twitter:label1\" content=\"Estimeret l\u00e6setid\" \/>\n\t<meta name=\"twitter:data1\" content=\"2 minutter\" \/>\n<script type=\"application\/ld+json\" class=\"yoast-schema-graph\">{\"@context\":\"https:\/\/schema.org\",\"@graph\":[{\"@type\":\"WebPage\",\"@id\":\"https:\/\/www.topfastpcb.com\/terms-of-service\/\",\"url\":\"https:\/\/www.topfastpcb.com\/terms-of-service\/\",\"name\":\"Terms of Service-Topfast\",\"isPartOf\":{\"@id\":\"https:\/\/www.topfastpcb.com\/#website\"},\"datePublished\":\"2025-04-02T13:01:23+00:00\",\"dateModified\":\"2025-12-09T13:06:46+00:00\",\"description\":\"By accessing our website, purchasing products and\/or customizing parts, you become our \u201cUser\u201d and agree to be bound by the following Terms of Service (including additional terms, conditions, and policies provided via hyperlink).\",\"breadcrumb\":{\"@id\":\"https:\/\/www.topfastpcb.com\/terms-of-service\/#breadcrumb\"},\"inLanguage\":\"da-DK\",\"potentialAction\":[{\"@type\":\"ReadAction\",\"target\":[\"https:\/\/www.topfastpcb.com\/terms-of-service\/\"]}]},{\"@type\":\"BreadcrumbList\",\"@id\":\"https:\/\/www.topfastpcb.com\/terms-of-service\/#breadcrumb\",\"itemListElement\":[{\"@type\":\"ListItem\",\"position\":1,\"name\":\"\u9996\u9875\",\"item\":\"https:\/\/www.topfastpcb.com\/\"},{\"@type\":\"ListItem\",\"position\":2,\"name\":\"TERMS OF SERVICE\"}]},{\"@type\":\"WebSite\",\"@id\":\"https:\/\/www.topfastpcb.com\/#website\",\"url\":\"https:\/\/www.topfastpcb.com\/\",\"name\":\"Topfastpcb\",\"description\":\"Topfast Prime Choice for Global Electronics Manufacturing\",\"publisher\":{\"@id\":\"https:\/\/www.topfastpcb.com\/#organization\"},\"potentialAction\":[{\"@type\":\"SearchAction\",\"target\":{\"@type\":\"EntryPoint\",\"urlTemplate\":\"https:\/\/www.topfastpcb.com\/?s={search_term_string}\"},\"query-input\":{\"@type\":\"PropertyValueSpecification\",\"valueRequired\":true,\"valueName\":\"search_term_string\"}}],\"inLanguage\":\"da-DK\"},{\"@type\":\"Organization\",\"@id\":\"https:\/\/www.topfastpcb.com\/#organization\",\"name\":\"Topfastpcb\",\"url\":\"https:\/\/www.topfastpcb.com\/\",\"logo\":{\"@type\":\"ImageObject\",\"inLanguage\":\"da-DK\",\"@id\":\"https:\/\/www.topfastpcb.com\/#\/schema\/logo\/image\/\",\"url\":\"https:\/\/www.topfastpcb.com\/wp-content\/uploads\/2026\/02\/cropped-topfast-logo.png\",\"contentUrl\":\"https:\/\/www.topfastpcb.com\/wp-content\/uploads\/2026\/02\/cropped-topfast-logo.png\",\"width\":144,\"height\":56,\"caption\":\"Topfastpcb\"},\"image\":{\"@id\":\"https:\/\/www.topfastpcb.com\/#\/schema\/logo\/image\/\"}}]}<\/script>\n<!-- \/ Yoast SEO plugin. -->","yoast_head_json":{"title":"Terms of Service-Topfast","description":"By accessing our website, purchasing products and\/or customizing parts, you become our \u201cUser\u201d and agree to be bound by the following Terms of Service (including additional terms, conditions, and policies provided via hyperlink).","robots":{"index":"index","follow":"follow","max-snippet":"max-snippet:-1","max-image-preview":"max-image-preview:large","max-video-preview":"max-video-preview:-1"},"canonical":"https:\/\/www.topfastpcb.com\/da\/terms-of-service\/","og_locale":"da_DK","og_type":"article","og_title":"Terms of Service-Topfast","og_description":"By accessing our website, purchasing products and\/or customizing parts, you become our \u201cUser\u201d and agree to be bound by the following Terms of Service (including additional terms, conditions, and policies provided via hyperlink).","og_url":"https:\/\/www.topfastpcb.com\/da\/terms-of-service\/","og_site_name":"Topfastpcb","article_modified_time":"2025-12-09T13:06:46+00:00","twitter_card":"summary_large_image","twitter_misc":{"Estimeret l\u00e6setid":"2 minutter"},"schema":{"@context":"https:\/\/schema.org","@graph":[{"@type":"WebPage","@id":"https:\/\/www.topfastpcb.com\/terms-of-service\/","url":"https:\/\/www.topfastpcb.com\/terms-of-service\/","name":"Terms of Service-Topfast","isPartOf":{"@id":"https:\/\/www.topfastpcb.com\/#website"},"datePublished":"2025-04-02T13:01:23+00:00","dateModified":"2025-12-09T13:06:46+00:00","description":"By accessing our website, purchasing products and\/or customizing parts, you become our \u201cUser\u201d and agree to be bound by the following Terms of Service (including additional terms, conditions, and policies provided via hyperlink).","breadcrumb":{"@id":"https:\/\/www.topfastpcb.com\/terms-of-service\/#breadcrumb"},"inLanguage":"da-DK","potentialAction":[{"@type":"ReadAction","target":["https:\/\/www.topfastpcb.com\/terms-of-service\/"]}]},{"@type":"BreadcrumbList","@id":"https:\/\/www.topfastpcb.com\/terms-of-service\/#breadcrumb","itemListElement":[{"@type":"ListItem","position":1,"name":"\u9996\u9875","item":"https:\/\/www.topfastpcb.com\/"},{"@type":"ListItem","position":2,"name":"TERMS OF SERVICE"}]},{"@type":"WebSite","@id":"https:\/\/www.topfastpcb.com\/#website","url":"https:\/\/www.topfastpcb.com\/","name":"Topfastpcb","description":"Topfast Prime Choice for Global Electronics Manufacturing","publisher":{"@id":"https:\/\/www.topfastpcb.com\/#organization"},"potentialAction":[{"@type":"SearchAction","target":{"@type":"EntryPoint","urlTemplate":"https:\/\/www.topfastpcb.com\/?s={search_term_string}"},"query-input":{"@type":"PropertyValueSpecification","valueRequired":true,"valueName":"search_term_string"}}],"inLanguage":"da-DK"},{"@type":"Organization","@id":"https:\/\/www.topfastpcb.com\/#organization","name":"Topfastpcb","url":"https:\/\/www.topfastpcb.com\/","logo":{"@type":"ImageObject","inLanguage":"da-DK","@id":"https:\/\/www.topfastpcb.com\/#\/schema\/logo\/image\/","url":"https:\/\/www.topfastpcb.com\/wp-content\/uploads\/2026\/02\/cropped-topfast-logo.png","contentUrl":"https:\/\/www.topfastpcb.com\/wp-content\/uploads\/2026\/02\/cropped-topfast-logo.png","width":144,"height":56,"caption":"Topfastpcb"},"image":{"@id":"https:\/\/www.topfastpcb.com\/#\/schema\/logo\/image\/"}}]}},"_links":{"self":[{"href":"https:\/\/www.topfastpcb.com\/da\/wp-json\/wp\/v2\/pages\/1361","targetHints":{"allow":["GET"]}}],"collection":[{"href":"https:\/\/www.topfastpcb.com\/da\/wp-json\/wp\/v2\/pages"}],"about":[{"href":"https:\/\/www.topfastpcb.com\/da\/wp-json\/wp\/v2\/types\/page"}],"author":[{"embeddable":true,"href":"https:\/\/www.topfastpcb.com\/da\/wp-json\/wp\/v2\/users\/1"}],"replies":[{"embeddable":true,"href":"https:\/\/www.topfastpcb.com\/da\/wp-json\/wp\/v2\/comments?post=1361"}],"version-history":[{"count":1,"href":"https:\/\/www.topfastpcb.com\/da\/wp-json\/wp\/v2\/pages\/1361\/revisions"}],"predecessor-version":[{"id":1901,"href":"https:\/\/www.topfastpcb.com\/da\/wp-json\/wp\/v2\/pages\/1361\/revisions\/1901"}],"wp:attachment":[{"href":"https:\/\/www.topfastpcb.com\/da\/wp-json\/wp\/v2\/media?parent=1361"}],"curies":[{"name":"wp","href":"https:\/\/api.w.org\/{rel}","templated":true}]}}