{"id":3,"date":"2025-03-26T11:47:51","date_gmt":"2025-03-26T11:47:51","guid":{"rendered":"http:\/\/topfastpcbb.ru\/?page_id=3"},"modified":"2025-12-09T20:47:30","modified_gmt":"2025-12-09T12:47:30","slug":"privacy-policy","status":"publish","type":"page","link":"https:\/\/www.topfastpcb.com\/da\/privacy-policy\/","title":{"rendered":"Politik for beskyttelse af personlige oplysninger"},"content":{"rendered":"<p>Dette websted l\u00e6gger stor v\u00e6gt p\u00e5 brugerens privatlivspolitik og overholder strengt relevante love og regler.F\u00f8r du forts\u00e6tter med at bruge tjenesterne p\u00e5 dette websted, bedes du l\u00e6se denne fortrolighedspolitik.Hvis du forts\u00e6tter med at bruge vores tjenester, betyder det, at du fuldt ud har l\u00e6st og forst\u00e5et hele indholdet af denne aftale.<br>Dette websted respekterer og beskytter privatlivets fred for alle brugere af denne tjeneste. For at give dig en mere pr\u00e6cis og personlig service vil webstedet bruge og videregive dine personlige oplysninger i overensstemmelse med denne fortrolighedspolitik. Medmindre andet er angivet i denne fortrolighedspolitik, vil webstedet ikke videregive eller levere disse oplysninger til tredjeparter uden din forudg\u00e5ende tilladelse. Webstedet kan opdatere denne fortrolighedspolitik fra tid til anden. Du anses for at have accepteret denne fortrolighedspolitik i sin helhed, n\u00e5r du accepterer vores aftale om brug af tjenester. Denne fortrolighedspolitik er en integreret del af vores aftale om brug af tjenester.<\/p><ol class=\"wp-block-list\"><li><strong>Anvendelsesomr\u00e5de<\/strong><br>a) N\u00e5r du opretter en konto p\u00e5 dette websted, giver du dine personlige registreringsoplysninger i overensstemmelse med kravene p\u00e5 dette websted;<br>b) N\u00e5r du bruger webstedets netv\u00e6rkstjenester eller bes\u00f8ger webstedets websider, modtager og registrerer webstedet automatisk oplysninger om din browser og computer, herunder men ikke begr\u00e6nset til din IP-adresse, browsertype, sprog, adgangsdato og -tid, hardware- og softwareegenskaber for information og optegnelser over de websider, du har brug for; c) Webstedet vil underrette dig om eventuelle \u00e6ndringer i din IP-adresse, browsertype, sprog, adgangsdato og -tid og de oplysninger, du har brug for. kr\u00e6vede websideoptegnelser osv;<br>c) personlige oplysninger om brugere, som dette websted har f\u00e5et fra forretningspartnere p\u00e5 lovlig vis.<br>d) Dette websted forbyder strengt taget brugere at sende anst\u00f8delige oplysninger, s\u00e5som n\u00f8genhed, pornografi, blasfemi osv. Vi vil gennemg\u00e5 indholdet af opslaget, og n\u00e5r de anst\u00f8delige oplysninger er fundet, vil alle brugerens privilegier blive deaktiveret.<br>Du forst\u00e5r og accepterer, at f\u00f8lgende oplysninger ikke g\u00e6lder for denne privatlivspolitik:<br>a) de s\u00f8geordsoplysninger, du indtaster, n\u00e5r du bruger de s\u00f8getjenester, der leveres af vores platform;<br>b) dette websted indsamler de relevante oplysninger og data, der frigives af dig, herunder, men ikke begr\u00e6nset til, deltagelse i aktiviteter, transaktionsoplysninger og evalueringsoplysninger;<br>c) overtr\u00e6delse af love eller regler og webstedet er blevet taget mod dig.<\/li><\/ol><ol start=\"2\" class=\"wp-block-list\"><li><strong>Brug af information<\/strong><br>a) Dette websted vil ikke levere, s\u00e6lge, leje, dele eller bytte dine personlige oplysninger til nogen ikke-relateret tredjepart, medmindre du har f\u00e5et din forudg\u00e5ende tilladelse, eller tredjeparten og dette websted (inklusive dette websteds tilknyttede virksomheder) til at levere tjenester til dig individuelt eller i f\u00e6llesskab, og efter afslutningen af tjenesten vil de v\u00e6re forbudt at f\u00e5 adgang til oplysningerne, inklusive alle de oplysninger, de havde adgang til.<br>b) Dette websted tillader heller ikke nogen tredjepart at indsamle, redigere, s\u00e6lge eller formidle dine personlige oplysninger p\u00e5 nogen m\u00e5de uden kompensation. Hvis en bruger af dette websteds platform deltager i ovenst\u00e5ende aktiviteter, har dette websted ret til at opsige serviceaftalen med brugeren umiddelbart efter opdagelsen.<br>c) Med henblik p\u00e5 at betjene brugerne kan webstedet bruge dine personlige oplysninger til at give dig oplysninger af interesse for dig, herunder, men ikke begr\u00e6nset til, at sende dig oplysninger om produkter og tjenester eller dele oplysninger med vores partnere, s\u00e5 de kan sende dig oplysninger om deres produkter og tjenester (sidstn\u00e6vnte kr\u00e6ver dit forudg\u00e5ende samtykke).<\/li>\n\n<li><strong>Offentligg\u00f8relse af oplysninger<\/strong><br>Under f\u00f8lgende omst\u00e6ndigheder vil dette websted videregive dine personlige oplysninger, helt eller delvist, i henhold til dine personlige \u00f8nsker eller lovens bestemmelser:<br>a) til en tredjepart med dit forudg\u00e5ende samtykke;<br>b) for at kunne give dig de produkter og tjenester, du har brug for, skal dette websted dele dine personlige oplysninger med en tredjepart;<br>c) i overensstemmelse med de relevante bestemmelser i loven eller efter anmodning fra de administrative eller retlige organer til en tredjepart eller administrative, retlige institutioner;<br>d) Hvis du overtr\u00e6der de relevante love og regler eller serviceaftalen eller relevante regler p\u00e5 dette websted, er det n\u00f8dvendigt at videregive det til en tredjepart;<br>e) Hvis du er en kvalificeret klager over intellektuelle ejendomsrettigheder og har indgivet en klage, skal dette websted videregive det til den indklagede i henhold til den indklagede&#8217;s anmodning for at de to parter kan h\u00e5ndtere den mulige tvist om rettighederne;<br>f) I en bestemt transaktion oprettet p\u00e5 platformen p\u00e5 dette websted, hvis en af parterne i transaktionen opfylder eller delvist opfylder forpligtelserne i transaktionen og indsender oplysningerne delvist opfylder forpligtelserne i transaktionen og frems\u00e6tter en anmodning om videregivelse af oplysninger, har dette websted ret til at beslutte at give brugeren kontaktoplysningerne for den anden part i transaktionen og andre n\u00f8dvendige oplysninger for at lette gennemf\u00f8relsen af transaktionen eller l\u00f8sningen af tvister.<br>g) Andre oplysninger, som dette websted finder passende i henhold til love, regler eller webstedspolitikker.<\/li>\n\n<li><strong>Opbevaring og udveksling af information<\/strong><br>De oplysninger og materialer om dig, der indsamles af dette websted, gemmes p\u00e5 serverne p\u00e5 dette websted og (eller) dets tilknyttede selskaber, og disse oplysninger og materialer kan overf\u00f8res til det land eller den region, hvor du befinder dig, eller uden for det sted, hvor dette websted indsamler oplysningerne og materialerne, og de kan tilg\u00e5s, gemmes og vises uden for landet.<\/li>\n\n<li><strong>Brug af cookies<\/strong><br>a) Hvis du ikke har afvist cookies, vil vi indstille eller f\u00e5 adgang til vores websted p\u00e5 din computer, s\u00e5 du kan logge ind eller bruge de tjenester eller funktioner p\u00e5 vores platform, der er afh\u00e6ngige af cookies. Brugen af cookies giver os mulighed for at give dig mere gennemt\u00e6nkte og personlige tjenester, herunder salgsfremmende tjenester.<br>b) Du har ret til at v\u00e6lge at acceptere eller afvise cookies. du kan afvise cookies ved at \u00e6ndre dine browserindstillinger. men hvis du v\u00e6lger at afvise cookies, kan du muligvis ikke logge ind eller bruge vores webtjenester eller funktioner, der er afh\u00e6ngige af cookies.<br>c) Denne politik g\u00e6lder for oplysninger, der er indhentet via cookies p\u00e5 dette websted.<\/li>\n\n<li><strong>Informationssikkerhed<\/strong><br>a) Kontoen p\u00e5 dette websted har en sikkerhedsbeskyttelsesfunktion, s\u00e5 opbevar venligst dit brugernavn og din adgangskode korrekt.Dette websted vil blive krypteret gennem brugeradgangskoden og andre sikkerhedsforanstaltninger for at sikre, at dine oplysninger ikke g\u00e5r tabt, ikke misbruges eller \u00e6ndres.P\u00e5 trods af ovenn\u00e6vnte sikkerhedsforanstaltninger skal du v\u00e6re opm\u00e6rksom p\u00e5, at der ikke er nogen \"perfekte sikkerhedsforanstaltninger\" p\u00e5 informationsnetv\u00e6rket.<br>b) N\u00e5r du bruger webstedets netv\u00e6rkstjenester til onlinetransaktioner, er du uundg\u00e5eligt n\u00f8dt til at videregive dine personlige oplysninger til modparten eller den potentielle modpart, s\u00e5som kontaktoplysninger eller postadresse.Beskyt venligst dine personlige oplysninger ordentligt, og giv dem kun til andre, n\u00e5r det er n\u00f8dvendigt. Hvis du opdager, at dine personlige oplysninger er l\u00e6kket, is\u00e6r vores brugernavn og adgangskode, bedes du straks kontakte vores kundeservice, s\u00e5 vi kan tr\u00e6ffe passende foranstaltninger.<\/li><\/ol>","protected":false},"excerpt":{"rendered":"<p>Dette websted l\u00e6gger stor v\u00e6gt p\u00e5 brugerens privatlivspolitik og overholder strengt relevante love og regler. F\u00f8r du forts\u00e6tter med at bruge tjenesterne p\u00e5 dette websted, bedes du l\u00e6se denne fortrolighedspolitik. Hvis du forts\u00e6tter med at bruge vores tjenester, betyder det, at du fuldt ud har l\u00e6st og forst\u00e5et hele indholdet af denne aftale.denne [&hellip;]<\/p>","protected":false},"author":1,"featured_media":0,"parent":0,"menu_order":0,"comment_status":"closed","ping_status":"closed","template":"page-templates\/privacy-policy.php","meta":{"footnotes":""},"class_list":["post-3","page","type-page","status-publish","hentry"],"yoast_head":"<!-- This site is optimized with the Yoast SEO plugin v25.1 - https:\/\/yoast.com\/wordpress\/plugins\/seo\/ -->\n<title>Privacy Policy-Topfast<\/title>\n<meta name=\"description\" content=\"This site attaches great importance to the user&#039;s privacy policy, and strictly abide by relevant laws and regulations. Before you continue to use the services of this site, please read this privacy policy.\" \/>\n<meta name=\"robots\" content=\"index, follow, max-snippet:-1, max-image-preview:large, max-video-preview:-1\" \/>\n<link rel=\"canonical\" href=\"https:\/\/www.topfastpcb.com\/da\/privacy-policy\/\" \/>\n<meta property=\"og:locale\" content=\"da_DK\" \/>\n<meta property=\"og:type\" content=\"article\" \/>\n<meta property=\"og:title\" content=\"Privacy Policy-Topfast\" \/>\n<meta property=\"og:description\" content=\"This site attaches great importance to the user&#039;s privacy policy, and strictly abide by relevant laws and regulations. Before you continue to use the services of this site, please read this privacy policy.\" \/>\n<meta property=\"og:url\" content=\"https:\/\/www.topfastpcb.com\/da\/privacy-policy\/\" \/>\n<meta property=\"og:site_name\" content=\"Topfastpcb\" \/>\n<meta property=\"article:modified_time\" content=\"2025-12-09T12:47:30+00:00\" \/>\n<meta name=\"twitter:card\" content=\"summary_large_image\" \/>\n<meta name=\"twitter:label1\" content=\"Estimeret l\u00e6setid\" \/>\n\t<meta name=\"twitter:data1\" content=\"7 minutter\" \/>\n<script type=\"application\/ld+json\" class=\"yoast-schema-graph\">{\"@context\":\"https:\/\/schema.org\",\"@graph\":[{\"@type\":\"WebPage\",\"@id\":\"https:\/\/www.topfastpcb.com\/privacy-policy\/\",\"url\":\"https:\/\/www.topfastpcb.com\/privacy-policy\/\",\"name\":\"Privacy Policy-Topfast\",\"isPartOf\":{\"@id\":\"https:\/\/www.topfastpcb.com\/#website\"},\"datePublished\":\"2025-03-26T11:47:51+00:00\",\"dateModified\":\"2025-12-09T12:47:30+00:00\",\"description\":\"This site attaches great importance to the user's privacy policy, and strictly abide by relevant laws and regulations. Before you continue to use the services of this site, please read this privacy policy.\",\"breadcrumb\":{\"@id\":\"https:\/\/www.topfastpcb.com\/privacy-policy\/#breadcrumb\"},\"inLanguage\":\"da-DK\",\"potentialAction\":[{\"@type\":\"ReadAction\",\"target\":[\"https:\/\/www.topfastpcb.com\/privacy-policy\/\"]}]},{\"@type\":\"BreadcrumbList\",\"@id\":\"https:\/\/www.topfastpcb.com\/privacy-policy\/#breadcrumb\",\"itemListElement\":[{\"@type\":\"ListItem\",\"position\":1,\"name\":\"\u9996\u9875\",\"item\":\"https:\/\/www.topfastpcb.com\/\"},{\"@type\":\"ListItem\",\"position\":2,\"name\":\"Privacy Policy\"}]},{\"@type\":\"WebSite\",\"@id\":\"https:\/\/www.topfastpcb.com\/#website\",\"url\":\"https:\/\/www.topfastpcb.com\/\",\"name\":\"Topfastpcb\",\"description\":\"Topfast Prime Choice for Global Electronics Manufacturing\",\"publisher\":{\"@id\":\"https:\/\/www.topfastpcb.com\/#organization\"},\"potentialAction\":[{\"@type\":\"SearchAction\",\"target\":{\"@type\":\"EntryPoint\",\"urlTemplate\":\"https:\/\/www.topfastpcb.com\/?s={search_term_string}\"},\"query-input\":{\"@type\":\"PropertyValueSpecification\",\"valueRequired\":true,\"valueName\":\"search_term_string\"}}],\"inLanguage\":\"da-DK\"},{\"@type\":\"Organization\",\"@id\":\"https:\/\/www.topfastpcb.com\/#organization\",\"name\":\"Topfastpcb\",\"url\":\"https:\/\/www.topfastpcb.com\/\",\"logo\":{\"@type\":\"ImageObject\",\"inLanguage\":\"da-DK\",\"@id\":\"https:\/\/www.topfastpcb.com\/#\/schema\/logo\/image\/\",\"url\":\"https:\/\/www.topfastpcb.com\/wp-content\/uploads\/2026\/02\/cropped-topfast-logo.png\",\"contentUrl\":\"https:\/\/www.topfastpcb.com\/wp-content\/uploads\/2026\/02\/cropped-topfast-logo.png\",\"width\":144,\"height\":56,\"caption\":\"Topfastpcb\"},\"image\":{\"@id\":\"https:\/\/www.topfastpcb.com\/#\/schema\/logo\/image\/\"}}]}<\/script>\n<!-- \/ Yoast SEO plugin. -->","yoast_head_json":{"title":"Privacy Policy-Topfast","description":"This site attaches great importance to the user's privacy policy, and strictly abide by relevant laws and regulations. Before you continue to use the services of this site, please read this privacy policy.","robots":{"index":"index","follow":"follow","max-snippet":"max-snippet:-1","max-image-preview":"max-image-preview:large","max-video-preview":"max-video-preview:-1"},"canonical":"https:\/\/www.topfastpcb.com\/da\/privacy-policy\/","og_locale":"da_DK","og_type":"article","og_title":"Privacy Policy-Topfast","og_description":"This site attaches great importance to the user's privacy policy, and strictly abide by relevant laws and regulations. Before you continue to use the services of this site, please read this privacy policy.","og_url":"https:\/\/www.topfastpcb.com\/da\/privacy-policy\/","og_site_name":"Topfastpcb","article_modified_time":"2025-12-09T12:47:30+00:00","twitter_card":"summary_large_image","twitter_misc":{"Estimeret l\u00e6setid":"7 minutter"},"schema":{"@context":"https:\/\/schema.org","@graph":[{"@type":"WebPage","@id":"https:\/\/www.topfastpcb.com\/privacy-policy\/","url":"https:\/\/www.topfastpcb.com\/privacy-policy\/","name":"Privacy Policy-Topfast","isPartOf":{"@id":"https:\/\/www.topfastpcb.com\/#website"},"datePublished":"2025-03-26T11:47:51+00:00","dateModified":"2025-12-09T12:47:30+00:00","description":"This site attaches great importance to the user's privacy policy, and strictly abide by relevant laws and regulations. Before you continue to use the services of this site, please read this privacy policy.","breadcrumb":{"@id":"https:\/\/www.topfastpcb.com\/privacy-policy\/#breadcrumb"},"inLanguage":"da-DK","potentialAction":[{"@type":"ReadAction","target":["https:\/\/www.topfastpcb.com\/privacy-policy\/"]}]},{"@type":"BreadcrumbList","@id":"https:\/\/www.topfastpcb.com\/privacy-policy\/#breadcrumb","itemListElement":[{"@type":"ListItem","position":1,"name":"\u9996\u9875","item":"https:\/\/www.topfastpcb.com\/"},{"@type":"ListItem","position":2,"name":"Privacy Policy"}]},{"@type":"WebSite","@id":"https:\/\/www.topfastpcb.com\/#website","url":"https:\/\/www.topfastpcb.com\/","name":"Topfastpcb","description":"Topfast Prime Choice for Global Electronics Manufacturing","publisher":{"@id":"https:\/\/www.topfastpcb.com\/#organization"},"potentialAction":[{"@type":"SearchAction","target":{"@type":"EntryPoint","urlTemplate":"https:\/\/www.topfastpcb.com\/?s={search_term_string}"},"query-input":{"@type":"PropertyValueSpecification","valueRequired":true,"valueName":"search_term_string"}}],"inLanguage":"da-DK"},{"@type":"Organization","@id":"https:\/\/www.topfastpcb.com\/#organization","name":"Topfastpcb","url":"https:\/\/www.topfastpcb.com\/","logo":{"@type":"ImageObject","inLanguage":"da-DK","@id":"https:\/\/www.topfastpcb.com\/#\/schema\/logo\/image\/","url":"https:\/\/www.topfastpcb.com\/wp-content\/uploads\/2026\/02\/cropped-topfast-logo.png","contentUrl":"https:\/\/www.topfastpcb.com\/wp-content\/uploads\/2026\/02\/cropped-topfast-logo.png","width":144,"height":56,"caption":"Topfastpcb"},"image":{"@id":"https:\/\/www.topfastpcb.com\/#\/schema\/logo\/image\/"}}]}},"_links":{"self":[{"href":"https:\/\/www.topfastpcb.com\/da\/wp-json\/wp\/v2\/pages\/3","targetHints":{"allow":["GET"]}}],"collection":[{"href":"https:\/\/www.topfastpcb.com\/da\/wp-json\/wp\/v2\/pages"}],"about":[{"href":"https:\/\/www.topfastpcb.com\/da\/wp-json\/wp\/v2\/types\/page"}],"author":[{"embeddable":true,"href":"https:\/\/www.topfastpcb.com\/da\/wp-json\/wp\/v2\/users\/1"}],"replies":[{"embeddable":true,"href":"https:\/\/www.topfastpcb.com\/da\/wp-json\/wp\/v2\/comments?post=3"}],"version-history":[{"count":1,"href":"https:\/\/www.topfastpcb.com\/da\/wp-json\/wp\/v2\/pages\/3\/revisions"}],"predecessor-version":[{"id":1897,"href":"https:\/\/www.topfastpcb.com\/da\/wp-json\/wp\/v2\/pages\/3\/revisions\/1897"}],"wp:attachment":[{"href":"https:\/\/www.topfastpcb.com\/da\/wp-json\/wp\/v2\/media?parent=3"}],"curies":[{"name":"wp","href":"https:\/\/api.w.org\/{rel}","templated":true}]}}