{"id":365,"date":"2025-03-28T03:04:19","date_gmt":"2025-03-28T03:04:19","guid":{"rendered":"http:\/\/topfastpcbb.ru\/about-two\/"},"modified":"2025-12-03T11:56:55","modified_gmt":"2025-12-03T03:56:55","slug":"about","status":"publish","type":"page","link":"https:\/\/www.topfastpcb.com\/da\/about\/","title":{"rendered":"Om"},"content":{"rendered":"<h2>V\u00e6r hurtigere v\u00e6r bedre - Topfast<\/h2>\n<p>        <img decoding=\"async\" src=\"https:\/\/www.topfastpcb.com\/wp-content\/uploads\/2025\/04\/4%E6%9C%8817%E6%97%A51-%E5%B0%81%E9%9D%A2-1.jpg\" alt=\"Topfast elektronikproduktionsanl\u00e6g\"><br \/>\n        Topfast blev grundlagt i 2008 og er det bedste valg til global elektronikproduktion. Som f\u00f8rende printkortproducent med 17 \u00e5rs erfaring inden for design, fremstilling og montering har vi specialiseret os i hurtig prototyping og lavvolumenproduktion.<br \/>\n          Vi besk\u00e6ftiger mere end <strong>1.000 professionelle<\/strong> i vores <strong>30.000 m\u00b2 anl\u00e6g<\/strong>og betjener globale innovat\u00f8rer, herunder Huawei, Xiaomi, Rakuten, Thales Group, Mitsubishi, DJI UAV og Hikvision.<br \/>\n        Topfast har opn\u00e5et markedsanerkendelse for enest\u00e5ende kvalitet og levering til tiden. Vi fastholder fokus p\u00e5 kundetilfredshed som en p\u00e5lidelig PCB-partner, der er forpligtet til \"h\u00f8j kvalitet\" og \"hurtig levering\".<\/p>\n<h3>Vores ekspertise<\/h3>\n<p>          HDI-kort<br \/>\n          Tykke kobberplader<br \/>\n          Backplane-kort<br \/>\n          Testkort til halvledere<br \/>\n          H\u00f8jfrekvente tavler<br \/>\n          Tavler med h\u00f8j hastighed<br \/>\n          Stive, fleksible plader<br \/>\n        <!-- Inquiry Buttons Section --><br \/>\n          <a href=\"#\" rel=\"nofollow\">Anmod om et tilbud<\/a><br \/>\n          <a href=\"#\" rel=\"nofollow\">Teknisk foresp\u00f8rgsel<\/a><br \/>\n            17+<br \/>\n            \u00c5rs erfaring<br \/>\n            1K+<br \/>\n            Medarbejdere<br \/>\n            30K<br \/>\n            Kvadratmeter<br \/>\n            100%<br \/>\n            Certificeret<\/p>\n<h3>Globale kunder<\/h3>\n<p>          Huawei<br \/>\n          Xiaomi<br \/>\n          Rakuten<br \/>\n          Thales-gruppen<br \/>\n          Mitsubishi<br \/>\n          DJI UAV<br \/>\n          Hikvision<br \/>\n          IoT-ledere<\/p>\n<h3>Certificeringer<\/h3>\n<p>        Alle produkter opfylder IPC-standarder med UL-, ROHS- og ISO9001-certificering.<\/p>\n<h3>Anvendelser<\/h3>\n<p>        Kommunikation, medicinsk udstyr, industriel styring, str\u00f8mforsyning, forbrugerelektronik, rumfart, bilindustri<br \/>\n        <!-- Additional Inquiry Button --><br \/>\n          <a href=\"#\" rel=\"nofollow\">Anmod om gratis pr\u00f8ver<\/a><\/p>\n<h3>Vores forpligtelse<\/h3>\n<p>Vi g\u00e5r ind for \"kunden f\u00f8rst, kvaliteten f\u00f8rst\" med seniorteknikere (20+ \u00e5rs erfaring), der giver designkonsultation og teknisk support. Vi investerer l\u00f8bende i nyt udstyr og teknologi for at sikre PCB-kvalitet.<\/p>\n<p>        <a href=\"#\" rel=\"nofollow\">Se vores kompetencer<\/a><br \/>\n          Mission<\/p>\n<p>Opn\u00e5 medarbejdere, flytte kunder og hj\u00e6lpe kinesisk smart produktion rundt om i verden.<\/p>\n<p>          Vision<\/p>\n<p>Bliv en hundrede \u00e5r gammel virksomhed inden for smart elektronikteknologi med glade medarbejdere og v\u00e6rdsatte kunder.<\/p>\n<p>          Kernev\u00e6rdier<\/p>\n<p>Customer First Technology Leadership Str\u00e6ber efter \u00e6rlighed og gensidighed.<\/p>\n<h2>Alle produkter<\/h2>\n<h6>Leverer PCB- og PCBA-prototype og monteringskort<\/h6>\n<p>        <!-- \u4ea7\u54c1\u98791 --><br \/>\n          <a href=\"https:\/\/www.topfastpcb.com\/da\/products\/high-speed-pcb\/\"><\/p>\n<h3>PCB med h\u00f8j hastighed<\/h3>\n<p>          <\/a><br \/>\n        <!-- \u4ea7\u54c1\u98792 --><br \/>\n          <a href=\"https:\/\/www.topfastpcb.com\/da\/products\/deep-ultraviolet-duv-purifier-pcbs\/\"><\/p>\n<h3>Keramisk printkort<\/h3>\n<p>          <\/a><br \/>\n        <!-- \u4ea7\u54c1\u98793 --><br \/>\n          <a href=\"https:\/\/www.topfastpcb.com\/da\/products\/double-sided-flexible-pcb\/\"><\/p>\n<h3>Fleksibelt printkort<\/h3>\n<p>          <\/a><br \/>\n        <!-- \u4ea7\u54c1\u98794 --><br \/>\n          <a href=\"https:\/\/www.topfastpcb.com\/da\/products\/consumer-electronics-pcba\/\"><\/p>\n<h3>Forbrugerelektronik PCBA<\/h3>\n<p>          <\/a><br \/>\n        <!-- \u4ea7\u54c1\u98795 --><br \/>\n          <a href=\"https:\/\/www.topfastpcb.com\/da\/products\/metal-stiffener-rigid-flex-pcb\/\"><\/p>\n<h3>Stiv-fleksibel printplade<\/h3>\n<p>          <\/a><br \/>\n        <!-- \u4ea7\u54c1\u98796 --><br \/>\n          <a href=\"https:\/\/www.topfastpcb.com\/da\/products\/pcba-for-medical-industry\/\"><\/p>\n<h3>Medicinsk PCBA<\/h3>\n<p>          <\/a><br \/>\n        <!-- \u4ea7\u54c1\u98797 --><br \/>\n          <a href=\"https:\/\/www.topfastpcb.com\/da\/products\/high-tg-rigid-pcb\/\"><\/p>\n<h3>Stiv PCB med h\u00f8j TG<\/h3>\n<p>          <\/a><\/p>\n<style>\n\/* \u4ea7\u54c1\u5c55\u793a\u533a\u6837\u5f0f *\/\n.tf-products-section {\n  padding: 60px 0;\n  position: relative;\n}\n.tf-products-header {\n  text-align: center;\n  margin-bottom: 40px;\n  padding: 0 20px;\n}\n.tf-main-title {\n  font-size: 48px;\n  color: #2e7d32;\n  margin: 0 0 15px;\n  font-weight: 700;\n  letter-spacing: -1px;\n}\n.tf-subtitle {\n  font-size: 18px;\n  color: #546e7a;\n  margin: 0;\n  font-weight: 400;\n}\n\/* \u4ea7\u54c1\u8f6e\u64ad\u6837\u5f0f *\/\n.tf-products-carousel {\n  position: relative;\n  max-width: 1470px;\n  margin: 0 auto;\n  padding: 0 40px;\n}\n.tf-carousel-container {\n  overflow: hidden;\n  position: relative;\n}\n.tf-carousel-track {\n  display: flex;\n  gap: 30px;\n  transition: transform 0.5s ease;\n  padding: 10px 0;\n}\n.tf-product-card {\n  flex: 0 0 calc(20% - 24px);\n  min-width: 280px; \/* \u589e\u5927\u5361\u7247\u5bbd\u5ea6 *\/\n  border-radius: 8px;\n  overflow: hidden;\n  transition: all 0.3s ease;\n  position: relative;\n  background: #fff;\n  \/* \u79fb\u9664\u9634\u5f71\u6548\u679c *\/\n}\n.tf-product-card:hover {\n  transform: translateY(-5px);\n}\n.tf-product-image {\n  height: 280px; \/* \u589e\u5927\u56fe\u7247\u9ad8\u5ea6 *\/\n  background-size: cover;\n  background-position: center;\n  position: relative;\n}\n.tf-product-overlay {\n  position: absolute;\n  bottom: 0;\n  left: 0;\n  right: 0;\n  background: linear-gradient(to top, rgba(0,0,0,0.8), transparent);\n  padding: 20px;\n  color: white;\n}\n.tf-product-title {\n  margin: 0;\n  font-size: 18px;\n  font-weight: 600;\n  color: #fff;\n  text-shadow: 0 1px 3px rgba(0,0,0,0.3);\n}\n\/* \u54cd\u5e94\u5f0f\u8bbe\u8ba1 *\/\n@media (max-width: 1200px) {\n  .tf-product-card {\n    flex: 0 0 calc(25% - 23px);\n  }\n}\n@media (max-width: 992px) {\n  .tf-main-title {\n    font-size: 36px;\n  }\n  .tf-product-card {\n    flex: 0 0 calc(33.333% - 20px);\n  }\n}\n@media (max-width: 768px) {\n  .tf-products-section {\n    padding: 40px 0;\n  }\n  .tf-products-carousel {\n    padding: 0 20px;\n  }\n  .tf-product-card {\n    flex: 0 0 calc(50% - 15px);\n  }\n  .tf-product-image {\n    height: 240px; \/* \u8c03\u6574\u79fb\u52a8\u7aef\u56fe\u7247\u9ad8\u5ea6 *\/\n  }\n}\n@media (max-width: 576px) {\n  .tf-main-title {\n    font-size: 28px;\n  }\n  .tf-subtitle {\n    font-size: 16px;\n  }\n  .tf-product-card {\n    flex: 0 0 100%;\n    max-width: 320px;\n    margin: 0 auto;\n  }\n  .tf-carousel-track {\n    gap: 20px;\n  }\n  .tf-product-image {\n    height: 260px; \/* \u8fdb\u4e00\u6b65\u8c03\u6574\u79fb\u52a8\u7aef\u56fe\u7247\u9ad8\u5ea6 *\/\n  }\n}\n<\/style>\n<h2>OFTE STILLEDE SP\u00d8RGSM\u00c5L<\/h2>\n<p>      <!-- \u7b2c\u4e00\u5217FAQ --><br \/>\n            +<\/p>\n<h3>Hvad g\u00f8r TopFast?<\/h3>\n<p>TopFast leverer PCB'er og PCBA'er i h\u00f8j kvalitet og til tiden samt one-stop PCB-fremstilling, montering og sourcing fra specialiserede globale leverand\u00f8rer.<\/p>\n<p>            +<\/p>\n<h3>Hvad er din leveringstid?<\/h3>\n<p>Den hurtigste leveringstid, vi kan tilbyde, er 12 timer. 1 times hurtigt tilbud. 4 timers hurtig konstruktion. Dette afh\u00e6nger af dine produktkrav og m\u00e6ngde. Derudover vil leveringstiden v\u00e6re inkluderet i dit tilbud.<\/p>\n<p>            +<\/p>\n<h3>Tilbyder du gratis pr\u00f8ver?<\/h3>\n<p>Vi tilbyder ikke gratis printkort, s\u00e5 hvis du vil tjekke vores kvalitet f\u00f8r masseproduktion, er det bedre at sende en prototypeordre. N\u00e5r du har verificeret vores kvalitet, kan du nemt afgive en ordre p\u00e5 det antal, du har brug for.<\/p>\n<p>            +<\/p>\n<h3>Hvad med forsendelsesomkostninger?<\/h3>\n<p>Til sm\u00e5 pakker anbefaler vi at bruge en ekspreskurer (f.eks. DHL, UPS, FedEx og EMS d\u00f8r-til-d\u00f8r-service!). Det er den hurtigste, men ogs\u00e5 den dyreste m\u00e5de. For store pakker er s\u00f8fragt den bedste l\u00f8sning. Vi kan kun give dig n\u00f8jagtige fragtpriser, hvis vi kender m\u00e6ngden, v\u00e6gten og detaljerne om forsendelsesmetoden.<\/p>\n<p>      <!-- \u7b2c\u4e8c\u5217FAQ --><br \/>\n            +<\/p>\n<h3>Hvordan bestiller jeg?<\/h3>\n<p>Online:F\u00e5 et gratis tilbud p\u00e5 vores hjemmeside.E-mail:\u5411Sales@topfastpcb.com Send en e-mail med f\u00f8lgende oplysninger: navn, firma, adresse, telefonnummer, e-mailadresse, produktnummer, antal, produkttid og andre oplysninger, du gerne vil dele med os. Vedh\u00e6ft din gerber-fil.<\/p>\n<p>Telefon:Hvis du har sp\u00f8rgsm\u00e5l, er du velkommen til at ringe til os p\u00e5 +86-13929576863<\/p>\n<p>            +<\/p>\n<h3>Hvor fremstiller du dine printkort?<\/h3>\n<p>Som global printkortproducent ligger vores fabrikker i Guangzhou i Kina og Shenzhen i Kina, og vi udnytter fordelene ved hver region til at give dig den bedste service.<\/p>\n<p>            +<\/p>\n<h3>Jeg er klar til at placere en stor ordre, men jeg er n\u00f8dt til at teste jeres kvalitet f\u00f8rst.Er det i orden?<\/h3>\n<p>Ja, du kan bestille en prototype f\u00f8rst.Brug en af mulighederne til at tjekke kvaliteten, og lad os s\u00e5 vide, om du vil g\u00e5 videre med masseproduktion.<\/p>\n<p>            +<\/p>\n<h3>Jeres priser er s\u00e5 lave, hvordan sikrer I den gode kvalitet?<\/h3>\n<p>1.Vi introducerer konstant nyt udstyr og teknologi.2 Vi bruger materialer af h\u00f8j kvalitet for at sikre kvaliteten af printkort.3 Vi har mere end 25 erfarne ledere og teknikere, der har besk\u00e6ftiget sig med printkortproduktion i over tyve \u00e5r, med stor erfaring inden for produktionsstyring og professionelle printkortf\u00e6rdigheder. Vores overhead er ekstremt lavt, fordi vi har en effektiv direkte salgskanal. Hver eneste krone, du betaler, er for den h\u00f8jeste kvalitet!<\/p>\n<style>\n\/* FAQ\u90e8\u5206\u6574\u4f53\u6837\u5f0f *\/\n.topfast-faq-section {\n  padding: 80px 0;\n  font-family: 'Poppins', Arial, sans-serif;\n}\n.topfast-faq-container {\n  max-width: 1470px;\n  margin: 0 auto;\n  padding: 0 20px;\n}\n.topfast-faq-main-title {\n  text-align: center;\n  font-size: 42px;\n  color: #2e7d32;\n  margin-bottom: 50px;\n  font-weight: 700;\n  position: relative;\n}\n.topfast-faq-main-title:after {\n  content: '';\n  display: block;\n  width: 80px;\n  height: 4px;\n  background: #4caf50;\n  margin: 15px auto 0;\n}\n.topfast-faq-columns {\n  display: flex;\n  gap: 40px;\n}\n.topfast-faq-column {\n  flex: 1;\n}\n\/* FAQ\u9879\u6837\u5f0f *\/\n.topfast-faq-item {\n  margin-bottom: 20px;\n  border-radius: 8px;\n  overflow: hidden;\n  box-shadow: 0 3px 15px rgba(0,0,0,0.05);\n  transition: all 0.3s ease;\n}\n.topfast-faq-item:hover {\n  box-shadow: 0 5px 25px rgba(0,0,0,0.1);\n}\n.topfast-faq-question {\n  background: #fff;\n  padding: 20px 25px;\n  cursor: pointer;\n  display: flex;\n  align-items: center;\n  transition: all 0.3s ease;\n}\n.topfast-faq-question:hover {\n  background: #f1f8e9;\n}\n.topfast-faq-question h3 {\n  margin: 0;\n  font-size: 18px;\n  font-weight: 600;\n  color: #333;\n  flex: 1;\n}\n.topfast-faq-icon {\n  display: inline-block;\n  width: 24px;\n  height: 24px;\n  background: #4caf50;\n  color: white;\n  border-radius: 50%;\n  text-align: center;\n  line-height: 24px;\n  margin-right: 15px;\n  font-size: 18px;\n  font-weight: bold;\n  transition: all 0.3s ease;\n}\n.topfast-faq-item.active .topfast-faq-icon {\n  transform: rotate(45deg);\n  background: #2e7d32;\n}\n.topfast-faq-answer {\n  background: #fff;\n  padding: 0 25px;\n  max-height: 0;\n  overflow: hidden;\n  transition: all 0.3s ease;\n}\n.topfast-faq-item.active .topfast-faq-answer {\n  padding: 0 25px 20px;\n  max-height: 500px;\n}\n.topfast-faq-answer p {\n  margin: 15px 0 0;\n  color: #555;\n  line-height: 1.6;\n}\n\/* \u54cd\u5e94\u5f0f\u8bbe\u8ba1 *\/\n@media (max-width: 992px) {\n  .topfast-faq-columns {\n    flex-direction: column;\n    gap: 20px;\n  }\n  .topfast-faq-main-title {\n    font-size: 36px;\n  }\n}\n@media (max-width: 768px) {\n  .topfast-faq-section {\n    padding: 60px 0;\n  }\n  .topfast-faq-main-title {\n    font-size: 30px;\n    margin-bottom: 30px;\n  }\n  .topfast-faq-question {\n    padding: 15px 20px;\n  }\n  .topfast-faq-question h3 {\n    font-size: 16px;\n  }\n  .topfast-faq-icon {\n    width: 20px;\n    height: 20px;\n    line-height: 20px;\n    font-size: 16px;\n    margin-right: 12px;\n  }\n}\n<\/style>","protected":false},"excerpt":{"rendered":"<p>Be Faster Be Better - Topfast Topfast blev grundlagt i 2008 og er det prim\u00e6re valg for global elektronikproduktion. Som f\u00f8rende printkortproducent med 17 \u00e5rs erfaring inden for design, fremstilling og montering har vi specialiseret os i hurtig prototyping og lavvolumenproduktion. Vi besk\u00e6ftiger mere end 1.000 fagfolk p\u00e5 vores 30.000 m\u00b2 store anl\u00e6g og betjener globale innovat\u00f8rer, herunder [...]<\/p>","protected":false},"author":1,"featured_media":0,"parent":0,"menu_order":0,"comment_status":"closed","ping_status":"closed","template":"page-templates\/about.php","meta":{"footnotes":""},"class_list":["post-365","page","type-page","status-publish","hentry"],"yoast_head":"<!-- This site is optimized with the Yoast SEO plugin v25.1 - https:\/\/yoast.com\/wordpress\/plugins\/seo\/ -->\n<title>Specialized PCB Manufacturer-Topfast<\/title>\n<meta name=\"description\" content=\"Topfast Prime Choice for Global Electronics Manufacturing. We are a professional and reliable one-stop printed circuit board solution provider specializing in PCB rapid prototyping and low-volume products.\" \/>\n<meta name=\"robots\" content=\"index, follow, max-snippet:-1, max-image-preview:large, max-video-preview:-1\" \/>\n<link rel=\"canonical\" href=\"https:\/\/www.topfastpcb.com\/da\/about\/\" \/>\n<meta property=\"og:locale\" content=\"da_DK\" \/>\n<meta property=\"og:type\" content=\"article\" \/>\n<meta property=\"og:title\" content=\"Specialized PCB Manufacturer-Topfast\" \/>\n<meta property=\"og:description\" content=\"Topfast Prime Choice for Global Electronics Manufacturing. We are a professional and reliable one-stop printed circuit board solution provider specializing in PCB rapid prototyping and low-volume products.\" \/>\n<meta property=\"og:url\" content=\"https:\/\/www.topfastpcb.com\/da\/about\/\" \/>\n<meta property=\"og:site_name\" content=\"Topfastpcb\" \/>\n<meta property=\"article:modified_time\" content=\"2025-12-03T03:56:55+00:00\" \/>\n<meta property=\"og:image\" content=\"https:\/\/www.topfastpcb.com\/wp-content\/uploads\/2025\/04\/4%E6%9C%8817%E6%97%A51-%E5%B0%81%E9%9D%A2-1.jpg\" \/>\n<meta name=\"twitter:card\" content=\"summary_large_image\" \/>\n<meta name=\"twitter:label1\" content=\"Estimeret l\u00e6setid\" \/>\n\t<meta name=\"twitter:data1\" content=\"3 minutter\" \/>\n<script type=\"application\/ld+json\" class=\"yoast-schema-graph\">{\"@context\":\"https:\/\/schema.org\",\"@graph\":[{\"@type\":\"WebPage\",\"@id\":\"https:\/\/www.topfastpcb.com\/about\/\",\"url\":\"https:\/\/www.topfastpcb.com\/about\/\",\"name\":\"Specialized PCB Manufacturer-Topfast\",\"isPartOf\":{\"@id\":\"https:\/\/www.topfastpcb.com\/#website\"},\"primaryImageOfPage\":{\"@id\":\"https:\/\/www.topfastpcb.com\/about\/#primaryimage\"},\"image\":{\"@id\":\"https:\/\/www.topfastpcb.com\/about\/#primaryimage\"},\"thumbnailUrl\":\"https:\/\/www.topfastpcb.com\/wp-content\/uploads\/2025\/04\/4%E6%9C%8817%E6%97%A51-%E5%B0%81%E9%9D%A2-1.jpg\",\"datePublished\":\"2025-03-28T03:04:19+00:00\",\"dateModified\":\"2025-12-03T03:56:55+00:00\",\"description\":\"Topfast Prime Choice for Global Electronics Manufacturing. We are a professional and reliable one-stop printed circuit board solution provider specializing in PCB rapid prototyping and low-volume products.\",\"breadcrumb\":{\"@id\":\"https:\/\/www.topfastpcb.com\/about\/#breadcrumb\"},\"inLanguage\":\"da-DK\",\"potentialAction\":[{\"@type\":\"ReadAction\",\"target\":[\"https:\/\/www.topfastpcb.com\/about\/\"]}]},{\"@type\":\"ImageObject\",\"inLanguage\":\"da-DK\",\"@id\":\"https:\/\/www.topfastpcb.com\/about\/#primaryimage\",\"url\":\"https:\/\/www.topfastpcb.com\/wp-content\/uploads\/2025\/04\/4%E6%9C%8817%E6%97%A51-%E5%B0%81%E9%9D%A2-1.jpg\",\"contentUrl\":\"https:\/\/www.topfastpcb.com\/wp-content\/uploads\/2025\/04\/4%E6%9C%8817%E6%97%A51-%E5%B0%81%E9%9D%A2-1.jpg\"},{\"@type\":\"BreadcrumbList\",\"@id\":\"https:\/\/www.topfastpcb.com\/about\/#breadcrumb\",\"itemListElement\":[{\"@type\":\"ListItem\",\"position\":1,\"name\":\"\u9996\u9875\",\"item\":\"https:\/\/www.topfastpcb.com\/\"},{\"@type\":\"ListItem\",\"position\":2,\"name\":\"About\"}]},{\"@type\":\"WebSite\",\"@id\":\"https:\/\/www.topfastpcb.com\/#website\",\"url\":\"https:\/\/www.topfastpcb.com\/\",\"name\":\"Topfastpcb\",\"description\":\"Topfast Prime Choice for Global Electronics Manufacturing\",\"publisher\":{\"@id\":\"https:\/\/www.topfastpcb.com\/#organization\"},\"potentialAction\":[{\"@type\":\"SearchAction\",\"target\":{\"@type\":\"EntryPoint\",\"urlTemplate\":\"https:\/\/www.topfastpcb.com\/?s={search_term_string}\"},\"query-input\":{\"@type\":\"PropertyValueSpecification\",\"valueRequired\":true,\"valueName\":\"search_term_string\"}}],\"inLanguage\":\"da-DK\"},{\"@type\":\"Organization\",\"@id\":\"https:\/\/www.topfastpcb.com\/#organization\",\"name\":\"Topfastpcb\",\"url\":\"https:\/\/www.topfastpcb.com\/\",\"logo\":{\"@type\":\"ImageObject\",\"inLanguage\":\"da-DK\",\"@id\":\"https:\/\/www.topfastpcb.com\/#\/schema\/logo\/image\/\",\"url\":\"https:\/\/www.topfastpcb.com\/wp-content\/uploads\/2026\/02\/cropped-topfast-logo.png\",\"contentUrl\":\"https:\/\/www.topfastpcb.com\/wp-content\/uploads\/2026\/02\/cropped-topfast-logo.png\",\"width\":144,\"height\":56,\"caption\":\"Topfastpcb\"},\"image\":{\"@id\":\"https:\/\/www.topfastpcb.com\/#\/schema\/logo\/image\/\"}}]}<\/script>\n<!-- \/ Yoast SEO plugin. -->","yoast_head_json":{"title":"Specialized PCB Manufacturer-Topfast","description":"Topfast Prime Choice for Global Electronics Manufacturing. We are a professional and reliable one-stop printed circuit board solution provider specializing in PCB rapid prototyping and low-volume products.","robots":{"index":"index","follow":"follow","max-snippet":"max-snippet:-1","max-image-preview":"max-image-preview:large","max-video-preview":"max-video-preview:-1"},"canonical":"https:\/\/www.topfastpcb.com\/da\/about\/","og_locale":"da_DK","og_type":"article","og_title":"Specialized PCB Manufacturer-Topfast","og_description":"Topfast Prime Choice for Global Electronics Manufacturing. We are a professional and reliable one-stop printed circuit board solution provider specializing in PCB rapid prototyping and low-volume products.","og_url":"https:\/\/www.topfastpcb.com\/da\/about\/","og_site_name":"Topfastpcb","article_modified_time":"2025-12-03T03:56:55+00:00","og_image":[{"url":"https:\/\/www.topfastpcb.com\/wp-content\/uploads\/2025\/04\/4%E6%9C%8817%E6%97%A51-%E5%B0%81%E9%9D%A2-1.jpg","type":"","width":"","height":""}],"twitter_card":"summary_large_image","twitter_misc":{"Estimeret l\u00e6setid":"3 minutter"},"schema":{"@context":"https:\/\/schema.org","@graph":[{"@type":"WebPage","@id":"https:\/\/www.topfastpcb.com\/about\/","url":"https:\/\/www.topfastpcb.com\/about\/","name":"Specialized PCB Manufacturer-Topfast","isPartOf":{"@id":"https:\/\/www.topfastpcb.com\/#website"},"primaryImageOfPage":{"@id":"https:\/\/www.topfastpcb.com\/about\/#primaryimage"},"image":{"@id":"https:\/\/www.topfastpcb.com\/about\/#primaryimage"},"thumbnailUrl":"https:\/\/www.topfastpcb.com\/wp-content\/uploads\/2025\/04\/4%E6%9C%8817%E6%97%A51-%E5%B0%81%E9%9D%A2-1.jpg","datePublished":"2025-03-28T03:04:19+00:00","dateModified":"2025-12-03T03:56:55+00:00","description":"Topfast Prime Choice for Global Electronics Manufacturing. We are a professional and reliable one-stop printed circuit board solution provider specializing in PCB rapid prototyping and low-volume products.","breadcrumb":{"@id":"https:\/\/www.topfastpcb.com\/about\/#breadcrumb"},"inLanguage":"da-DK","potentialAction":[{"@type":"ReadAction","target":["https:\/\/www.topfastpcb.com\/about\/"]}]},{"@type":"ImageObject","inLanguage":"da-DK","@id":"https:\/\/www.topfastpcb.com\/about\/#primaryimage","url":"https:\/\/www.topfastpcb.com\/wp-content\/uploads\/2025\/04\/4%E6%9C%8817%E6%97%A51-%E5%B0%81%E9%9D%A2-1.jpg","contentUrl":"https:\/\/www.topfastpcb.com\/wp-content\/uploads\/2025\/04\/4%E6%9C%8817%E6%97%A51-%E5%B0%81%E9%9D%A2-1.jpg"},{"@type":"BreadcrumbList","@id":"https:\/\/www.topfastpcb.com\/about\/#breadcrumb","itemListElement":[{"@type":"ListItem","position":1,"name":"\u9996\u9875","item":"https:\/\/www.topfastpcb.com\/"},{"@type":"ListItem","position":2,"name":"About"}]},{"@type":"WebSite","@id":"https:\/\/www.topfastpcb.com\/#website","url":"https:\/\/www.topfastpcb.com\/","name":"Topfastpcb","description":"Topfast Prime Choice for Global Electronics Manufacturing","publisher":{"@id":"https:\/\/www.topfastpcb.com\/#organization"},"potentialAction":[{"@type":"SearchAction","target":{"@type":"EntryPoint","urlTemplate":"https:\/\/www.topfastpcb.com\/?s={search_term_string}"},"query-input":{"@type":"PropertyValueSpecification","valueRequired":true,"valueName":"search_term_string"}}],"inLanguage":"da-DK"},{"@type":"Organization","@id":"https:\/\/www.topfastpcb.com\/#organization","name":"Topfastpcb","url":"https:\/\/www.topfastpcb.com\/","logo":{"@type":"ImageObject","inLanguage":"da-DK","@id":"https:\/\/www.topfastpcb.com\/#\/schema\/logo\/image\/","url":"https:\/\/www.topfastpcb.com\/wp-content\/uploads\/2026\/02\/cropped-topfast-logo.png","contentUrl":"https:\/\/www.topfastpcb.com\/wp-content\/uploads\/2026\/02\/cropped-topfast-logo.png","width":144,"height":56,"caption":"Topfastpcb"},"image":{"@id":"https:\/\/www.topfastpcb.com\/#\/schema\/logo\/image\/"}}]}},"_links":{"self":[{"href":"https:\/\/www.topfastpcb.com\/da\/wp-json\/wp\/v2\/pages\/365","targetHints":{"allow":["GET"]}}],"collection":[{"href":"https:\/\/www.topfastpcb.com\/da\/wp-json\/wp\/v2\/pages"}],"about":[{"href":"https:\/\/www.topfastpcb.com\/da\/wp-json\/wp\/v2\/types\/page"}],"author":[{"embeddable":true,"href":"https:\/\/www.topfastpcb.com\/da\/wp-json\/wp\/v2\/users\/1"}],"replies":[{"embeddable":true,"href":"https:\/\/www.topfastpcb.com\/da\/wp-json\/wp\/v2\/comments?post=365"}],"version-history":[{"count":87,"href":"https:\/\/www.topfastpcb.com\/da\/wp-json\/wp\/v2\/pages\/365\/revisions"}],"predecessor-version":[{"id":3941,"href":"https:\/\/www.topfastpcb.com\/da\/wp-json\/wp\/v2\/pages\/365\/revisions\/3941"}],"wp:attachment":[{"href":"https:\/\/www.topfastpcb.com\/da\/wp-json\/wp\/v2\/media?parent=365"}],"curies":[{"name":"wp","href":"https:\/\/api.w.org\/{rel}","templated":true}]}}