{"id":794,"date":"2025-04-14T08:41:43","date_gmt":"2025-04-14T08:41:43","guid":{"rendered":"http:\/\/topfastpcbb.ru\/?page_id=794"},"modified":"2025-12-09T21:16:41","modified_gmt":"2025-12-09T13:16:41","slug":"return-and-exchange-process","status":"publish","type":"page","link":"https:\/\/www.topfastpcb.com\/da\/return-and-exchange-process\/","title":{"rendered":"Retur- og ombytningsproces"},"content":{"rendered":"<p>For at forbedre eftersalgssystemet og str\u00e6be efter at g\u00f8re forbrugerne mere tilfredse har virksomheden implementeret et retur- og udvekslingssystem, kunder, der opfylder betingelserne for returnering og udveksling og er autoriseret til at returnere og udveksle varer, bedes implementere f\u00f8lgende vilk\u00e5r (undtagen retur- og udvekslingssystemet, der ellers er fastsat for specielle produkter):<\/p><h4>1. Genstande til returnering og ombytning:<\/h4><p>Enhver kunde, der k\u00f8ber virksomhedens produkter, uanset leveringsm\u00e5de og betalingsm\u00e5de, kan returneres og ombyttes i overensstemmelse med bestemmelserne i forskrifterne.<\/p><h4>2. Betingelser for returnering og ombytning:<\/h4><p>1) Produkter med kvalitetsproblemer (virksomheden er ikke ansvarlig for kvalitetsproblemer, der er for\u00e5rsaget af egne \u00e5rsager).<\/p><p>2) Returnerede varer skal opfylde f\u00f8lgende grundl\u00e6ggende betingelser:<\/p><p><strong>Varerne er ikke forurenede<\/strong><\/p><p>Varernes emballage er komplet (inklusive intern og ekstern emballage), og varerne skal v\u00e6re nye, ubrugte i deres oprindelige tilstand, i overensstemmelse med den tilstand, hvor du modtog varerne, og p\u00e5virker ikke det sekund\u00e6re salg;<\/p><p>Returner ogs\u00e5 den originale kasse med varerne og leveringspakken samt alt tilbeh\u00f8r, etiketter, forsendelsesdokumenter, produktcertificering, manualer, fakturaer (hvis nogen) og alle freebies (hvis nogen) Virksomheden vil refundere dig pengene, hvis du har sp\u00f8rgsm\u00e5l eller bekymringer.<\/p><h4>3 \u3001 Behandling af refusion<\/h4><p>N\u00e5r virksomheden har modtaget dine returnerede varer inden for den angivne periode, refunderer den det bel\u00f8b, du har betalt for varerne i henhold til loven, efter at have bekr\u00e6ftet, at varerne og eventuelt tilbeh\u00f8r er intakte, og at etiketter, fakturaer og gaver (hvis nogen) er komplette.<\/p><h3>4\u3001Returneringer og ombytninger Bem\u00e6rk:<\/h3><p>Hvis de returnerede varer ikke opfylder betingelserne i denne returpolitik, vil vores virksomhed ikke acceptere din returnering eller ombytning og kan ikke foretage tilbagebetaling.<\/p><p>Hvis du ikke returnerer fakturaen, tilbeh\u00f8ret eller eventuelle gaver, har vores virksomhed ret til at tr\u00e6kke fakturaafgiften, tilbeh\u00f8ret eller gaverne fra det bel\u00f8b, du har betalt til markedsprisen.<\/p><p>Hvis du undlader at returnere fakturaen, tilbeh\u00f8ret eller den gratis vare i din ordre, men virksomheden ikke har fratrukket fakturaafgiften, markedsprisen for tilbeh\u00f8ret eller den gratis vare eller ikke har bedt dig om at returnere den n\u00e6vnte vare eller materiale, vil det ikke blive betragtet som et afkald p\u00e5 virksomhedens ret til at frems\u00e6tte relevante krav.<\/p><p>Kunder kan ringe til virksomhedens eftersalgshotline for at f\u00e5 svar p\u00e5 deres sp\u00f8rgsm\u00e5l.<\/p>","protected":false},"excerpt":{"rendered":"<p>For at forbedre eftersalgssystemet og str\u00e6be efter at g\u00f8re forbrugerne mere tilfredse har virksomheden implementeret et retur- og byttesystem, kunder, der opfylder betingelserne for retur og bytte og er autoriseret til at returnere og bytte varer, bedes implementere f\u00f8lgende vilk\u00e5r (undtagen retur- og byttesystemet, der ellers er fastsat for [&hellip;])<\/p>","protected":false},"author":1,"featured_media":0,"parent":0,"menu_order":0,"comment_status":"closed","ping_status":"closed","template":"page-templates\/return-and-exchange-process.php","meta":{"footnotes":""},"class_list":["post-794","page","type-page","status-publish","hentry"],"yoast_head":"<!-- This site is optimized with the Yoast SEO plugin v25.1 - https:\/\/yoast.com\/wordpress\/plugins\/seo\/ -->\n<title>Return and Exchange Process-Topfast<\/title>\n<meta name=\"description\" content=\"In order to improve the after-sales system and strive to make consumers more satisfied, the company has implemented a return and exchange system, which meets the conditions for return and exchange and is authorized to return and exchange the goods to the customer.\" \/>\n<meta name=\"robots\" content=\"index, follow, max-snippet:-1, max-image-preview:large, max-video-preview:-1\" \/>\n<link rel=\"canonical\" href=\"https:\/\/www.topfastpcb.com\/da\/return-and-exchange-process\/\" \/>\n<meta property=\"og:locale\" content=\"da_DK\" \/>\n<meta property=\"og:type\" content=\"article\" \/>\n<meta property=\"og:title\" content=\"Return and Exchange Process-Topfast\" \/>\n<meta property=\"og:description\" content=\"In order to improve the after-sales system and strive to make consumers more satisfied, the company has implemented a return and exchange system, which meets the conditions for return and exchange and is authorized to return and exchange the goods to the customer.\" \/>\n<meta property=\"og:url\" content=\"https:\/\/www.topfastpcb.com\/da\/return-and-exchange-process\/\" \/>\n<meta property=\"og:site_name\" content=\"Topfastpcb\" \/>\n<meta property=\"article:modified_time\" content=\"2025-12-09T13:16:41+00:00\" \/>\n<meta name=\"twitter:card\" content=\"summary_large_image\" \/>\n<meta name=\"twitter:label1\" content=\"Estimeret l\u00e6setid\" \/>\n\t<meta name=\"twitter:data1\" content=\"3 minutter\" \/>\n<script type=\"application\/ld+json\" class=\"yoast-schema-graph\">{\"@context\":\"https:\/\/schema.org\",\"@graph\":[{\"@type\":\"WebPage\",\"@id\":\"https:\/\/www.topfastpcb.com\/return-and-exchange-process\/\",\"url\":\"https:\/\/www.topfastpcb.com\/return-and-exchange-process\/\",\"name\":\"Return and Exchange Process-Topfast\",\"isPartOf\":{\"@id\":\"https:\/\/www.topfastpcb.com\/#website\"},\"datePublished\":\"2025-04-14T08:41:43+00:00\",\"dateModified\":\"2025-12-09T13:16:41+00:00\",\"description\":\"In order to improve the after-sales system and strive to make consumers more satisfied, the company has implemented a return and exchange system, which meets the conditions for return and exchange and is authorized to return and exchange the goods to the customer.\",\"breadcrumb\":{\"@id\":\"https:\/\/www.topfastpcb.com\/return-and-exchange-process\/#breadcrumb\"},\"inLanguage\":\"da-DK\",\"potentialAction\":[{\"@type\":\"ReadAction\",\"target\":[\"https:\/\/www.topfastpcb.com\/return-and-exchange-process\/\"]}]},{\"@type\":\"BreadcrumbList\",\"@id\":\"https:\/\/www.topfastpcb.com\/return-and-exchange-process\/#breadcrumb\",\"itemListElement\":[{\"@type\":\"ListItem\",\"position\":1,\"name\":\"\u9996\u9875\",\"item\":\"https:\/\/www.topfastpcb.com\/\"},{\"@type\":\"ListItem\",\"position\":2,\"name\":\"Return and Exchange Process\"}]},{\"@type\":\"WebSite\",\"@id\":\"https:\/\/www.topfastpcb.com\/#website\",\"url\":\"https:\/\/www.topfastpcb.com\/\",\"name\":\"Topfastpcb\",\"description\":\"Topfast Prime Choice for Global Electronics Manufacturing\",\"publisher\":{\"@id\":\"https:\/\/www.topfastpcb.com\/#organization\"},\"potentialAction\":[{\"@type\":\"SearchAction\",\"target\":{\"@type\":\"EntryPoint\",\"urlTemplate\":\"https:\/\/www.topfastpcb.com\/?s={search_term_string}\"},\"query-input\":{\"@type\":\"PropertyValueSpecification\",\"valueRequired\":true,\"valueName\":\"search_term_string\"}}],\"inLanguage\":\"da-DK\"},{\"@type\":\"Organization\",\"@id\":\"https:\/\/www.topfastpcb.com\/#organization\",\"name\":\"Topfastpcb\",\"url\":\"https:\/\/www.topfastpcb.com\/\",\"logo\":{\"@type\":\"ImageObject\",\"inLanguage\":\"da-DK\",\"@id\":\"https:\/\/www.topfastpcb.com\/#\/schema\/logo\/image\/\",\"url\":\"https:\/\/www.topfastpcb.com\/wp-content\/uploads\/2026\/02\/cropped-topfast-logo.png\",\"contentUrl\":\"https:\/\/www.topfastpcb.com\/wp-content\/uploads\/2026\/02\/cropped-topfast-logo.png\",\"width\":144,\"height\":56,\"caption\":\"Topfastpcb\"},\"image\":{\"@id\":\"https:\/\/www.topfastpcb.com\/#\/schema\/logo\/image\/\"}}]}<\/script>\n<!-- \/ Yoast SEO plugin. -->","yoast_head_json":{"title":"Return and Exchange Process-Topfast","description":"In order to improve the after-sales system and strive to make consumers more satisfied, the company has implemented a return and exchange system, which meets the conditions for return and exchange and is authorized to return and exchange the goods to the customer.","robots":{"index":"index","follow":"follow","max-snippet":"max-snippet:-1","max-image-preview":"max-image-preview:large","max-video-preview":"max-video-preview:-1"},"canonical":"https:\/\/www.topfastpcb.com\/da\/return-and-exchange-process\/","og_locale":"da_DK","og_type":"article","og_title":"Return and Exchange Process-Topfast","og_description":"In order to improve the after-sales system and strive to make consumers more satisfied, the company has implemented a return and exchange system, which meets the conditions for return and exchange and is authorized to return and exchange the goods to the customer.","og_url":"https:\/\/www.topfastpcb.com\/da\/return-and-exchange-process\/","og_site_name":"Topfastpcb","article_modified_time":"2025-12-09T13:16:41+00:00","twitter_card":"summary_large_image","twitter_misc":{"Estimeret l\u00e6setid":"3 minutter"},"schema":{"@context":"https:\/\/schema.org","@graph":[{"@type":"WebPage","@id":"https:\/\/www.topfastpcb.com\/return-and-exchange-process\/","url":"https:\/\/www.topfastpcb.com\/return-and-exchange-process\/","name":"Return and Exchange Process-Topfast","isPartOf":{"@id":"https:\/\/www.topfastpcb.com\/#website"},"datePublished":"2025-04-14T08:41:43+00:00","dateModified":"2025-12-09T13:16:41+00:00","description":"In order to improve the after-sales system and strive to make consumers more satisfied, the company has implemented a return and exchange system, which meets the conditions for return and exchange and is authorized to return and exchange the goods to the customer.","breadcrumb":{"@id":"https:\/\/www.topfastpcb.com\/return-and-exchange-process\/#breadcrumb"},"inLanguage":"da-DK","potentialAction":[{"@type":"ReadAction","target":["https:\/\/www.topfastpcb.com\/return-and-exchange-process\/"]}]},{"@type":"BreadcrumbList","@id":"https:\/\/www.topfastpcb.com\/return-and-exchange-process\/#breadcrumb","itemListElement":[{"@type":"ListItem","position":1,"name":"\u9996\u9875","item":"https:\/\/www.topfastpcb.com\/"},{"@type":"ListItem","position":2,"name":"Return and Exchange Process"}]},{"@type":"WebSite","@id":"https:\/\/www.topfastpcb.com\/#website","url":"https:\/\/www.topfastpcb.com\/","name":"Topfastpcb","description":"Topfast Prime Choice for Global Electronics Manufacturing","publisher":{"@id":"https:\/\/www.topfastpcb.com\/#organization"},"potentialAction":[{"@type":"SearchAction","target":{"@type":"EntryPoint","urlTemplate":"https:\/\/www.topfastpcb.com\/?s={search_term_string}"},"query-input":{"@type":"PropertyValueSpecification","valueRequired":true,"valueName":"search_term_string"}}],"inLanguage":"da-DK"},{"@type":"Organization","@id":"https:\/\/www.topfastpcb.com\/#organization","name":"Topfastpcb","url":"https:\/\/www.topfastpcb.com\/","logo":{"@type":"ImageObject","inLanguage":"da-DK","@id":"https:\/\/www.topfastpcb.com\/#\/schema\/logo\/image\/","url":"https:\/\/www.topfastpcb.com\/wp-content\/uploads\/2026\/02\/cropped-topfast-logo.png","contentUrl":"https:\/\/www.topfastpcb.com\/wp-content\/uploads\/2026\/02\/cropped-topfast-logo.png","width":144,"height":56,"caption":"Topfastpcb"},"image":{"@id":"https:\/\/www.topfastpcb.com\/#\/schema\/logo\/image\/"}}]}},"_links":{"self":[{"href":"https:\/\/www.topfastpcb.com\/da\/wp-json\/wp\/v2\/pages\/794","targetHints":{"allow":["GET"]}}],"collection":[{"href":"https:\/\/www.topfastpcb.com\/da\/wp-json\/wp\/v2\/pages"}],"about":[{"href":"https:\/\/www.topfastpcb.com\/da\/wp-json\/wp\/v2\/types\/page"}],"author":[{"embeddable":true,"href":"https:\/\/www.topfastpcb.com\/da\/wp-json\/wp\/v2\/users\/1"}],"replies":[{"embeddable":true,"href":"https:\/\/www.topfastpcb.com\/da\/wp-json\/wp\/v2\/comments?post=794"}],"version-history":[{"count":2,"href":"https:\/\/www.topfastpcb.com\/da\/wp-json\/wp\/v2\/pages\/794\/revisions"}],"predecessor-version":[{"id":1891,"href":"https:\/\/www.topfastpcb.com\/da\/wp-json\/wp\/v2\/pages\/794\/revisions\/1891"}],"wp:attachment":[{"href":"https:\/\/www.topfastpcb.com\/da\/wp-json\/wp\/v2\/media?parent=794"}],"curies":[{"name":"wp","href":"https:\/\/api.w.org\/{rel}","templated":true}]}}