{"id":2264,"date":"2025-04-26T18:25:34","date_gmt":"2025-04-26T09:55:34","guid":{"rendered":"http:\/\/topfastpcbb.ru\/?post_type=product&#038;p=2264"},"modified":"2025-05-06T16:29:15","modified_gmt":"2025-05-06T07:59:15","slug":"pcba-for-medical-industry","status":"publish","type":"product","link":"https:\/\/www.topfastpcb.com\/da\/products\/pcba-for-medical-industry\/","title":{"rendered":"PCBA til medicinsk industri"},"content":{"rendered":"<h2>PCBA til den medicinske industri<\/h2>\n<p>PCBA (<a href=\"https:\/\/www.topfastpcb.com\/da\/products\/category\/pcba\/\">Montering af trykte kredsl\u00f8b<\/a>) er en proces, der involverer montering af elektroniske komponenter p\u00e5 et printkort (PCB) og lodning af dem p\u00e5 plads for at skabe en funktionel elektronisk enhed. I den medicinske industri bruges PCBA til at fremstille en bred vifte af medicinsk udstyr, herunder diagnostisk udstyr, overv\u00e5gningsudstyr og kirurgiske instrumenter.<br \/>\nMedicinsk udstyr, der bruger PCBA, skal typisk opfylde strenge lovm\u00e6ssige standarder for at sikre deres sikkerhed og effektivitet.Derfor skal PCBA-processen for medicinsk udstyr kontrolleres n\u00f8je for at sikre, at det f\u00e6rdige produkt lever op til disse standarder. Det kan indeb\u00e6re brug af specialiserede materialer, f.eks. biokompatible plastmaterialer og metaller, og gennemf\u00f8relse af strenge kvalitetskontrolforanstaltninger.<br \/>\nBrugen af PCBA i den medicinske industri g\u00f8r det muligt at skabe meget pr\u00e6cist og p\u00e5lideligt udstyr, der er afg\u00f8rende for diagnosticering, behandling og overv\u00e5gning af patienter.Det muligg\u00f8r ogs\u00e5 udviklingen af nye og innovative medicinske teknologier, der kan forbedre patienternes resultater og kvaliteten af plejen.Hvis du er interesseret i vores PCB-samling, er du velkommen til at kontakte os.<\/p>\n<h2>Fordele<\/h2>\n<p>Her er flere fordele ved at bruge PCBA i medicinalindustrien:<br \/>\n1. Pr\u00e6cision: PCBA g\u00f8r det muligt at skabe meget pr\u00e6cist og n\u00f8jagtigt medicinsk udstyr, hvilket er afg\u00f8rende for mange diagnostiske og overv\u00e5gningsm\u00e6ssige anvendelser.<br \/>\n2.P\u00e5lidelighed:PCBA-processen er designet til at skabe holdbart og p\u00e5lideligt medicinsk udstyr, der kan modst\u00e5 kravene i sundhedsmilj\u00f8et.<br \/>\n3.Tilpasning:PCBA kan tilpasses til at opfylde de specifikke behov og krav i forskellige medicinske applikationer. Det giver producenterne mulighed for at skabe udstyr, der er skr\u00e6ddersyet til sundhedsindustriens unikke behov.<br \/>\n4.Omkostningseffektivitet:Brugen af PCBA kan bidrage til at reducere de samlede omkostninger ved fremstilling af medicinsk udstyr ved at muligg\u00f8re brugen af automatiserede processer og standardkomponenter.<br \/>\n5.Produktionshastighed:PCBA-processen kan gennemf\u00f8res relativt hurtigt, s\u00e5 producenterne kan im\u00f8dekomme den store eftersp\u00f8rgsel efter medicinsk udstyr til tiden.<br \/>\nPCBA-processen kan gennemf\u00f8res relativt hurtigt, s\u00e5 producenterne kan im\u00f8dekomme den store eftersp\u00f8rgsel efter medicinsk udstyr til tiden: Ved at skabe p\u00e5lideligt og pr\u00e6cist medicinsk udstyr hj\u00e6lper PCBA med at forbedre patientplejen og resultaterne. Det kan f\u00f8re til bedre patienttilfredshed og generel sundhedskvalitet.<\/p>\n<p><img loading=\"lazy\" decoding=\"async\" src=\"https:\/\/www.topfastpcb.com\/wp-content\/uploads\/2025\/04\/pcba27.jpg\" alt=\"Medicinsk PCBA\" width=\"750\" height=\"750\" class=\"aligncenter wp-image-2265 size-full\" srcset=\"https:\/\/www.topfastpcb.com\/wp-content\/uploads\/2025\/04\/pcba27.jpg 750w, https:\/\/www.topfastpcb.com\/wp-content\/uploads\/2025\/04\/pcba27-300x300.jpg 300w, https:\/\/www.topfastpcb.com\/wp-content\/uploads\/2025\/04\/pcba27-150x150.jpg 150w, https:\/\/www.topfastpcb.com\/wp-content\/uploads\/2025\/04\/pcba27-600x600.jpg 600w, https:\/\/www.topfastpcb.com\/wp-content\/uploads\/2025\/04\/pcba27-100x100.jpg 100w\" sizes=\"auto, (max-width: 750px) 100vw, 750px\" \/><\/p>\n<h2>Kerneelementer i kvalitetssystemer<\/h2>\n<ol start=\"1\">\n<li>\n<p class=\"ds-markdown-paragraph\"><strong>Tredobbelt certificeringssystem<\/strong><\/p>\n<ul>\n<li>\n<p class=\"ds-markdown-paragraph\">ISO 13485 kvalitetsstyring<\/p>\n<\/li>\n<li>\n<p class=\"ds-markdown-paragraph\">FDA 21 CFR del 820<\/p>\n<\/li>\n<li>\n<p class=\"ds-markdown-paragraph\">IEC 60601-1 Sikkerhedsstandarder<\/p>\n<\/li>\n<\/ul>\n<\/li>\n<li>\n<p class=\"ds-markdown-paragraph\"><strong>H\u00f8jdepunkter i processtyring<\/strong><\/p>\n<ul>\n<li style=\"list-style-type: none;\">\n<ul>\n<li>\n<p class=\"ds-markdown-paragraph\">Renrumsklasse: 1000<\/p>\n<\/li>\n<li>\n<p class=\"ds-markdown-paragraph\">Inspektion af loddefuger:3D AOI + r\u00f8ntgen<\/p>\n<\/li>\n<li>\n<p class=\"ds-markdown-paragraph\">Sporbarhed:Stregkodesporingssystem<\/p>\n<\/li>\n<\/ul>\n<\/li>\n<\/ul>\n<\/li>\n<\/ol>\n<h2>Vigtige tekniske udfordringer og l\u00f8sninger<\/h2>\n<div class=\"markdown-table-wrapper\">\n<table>\n<thead>\n<tr>\n<th>Udfordring PCBA hj\u00e6lper med at forbedre patientplejen og -resultaterne ved at levere pr\u00e6cist medicinsk udstyr.<\/th>\n<th>Teknisk l\u00f8sning<\/th>\n<th>M\u00e5ling af ydeevne<\/th>\n<\/tr>\n<\/thead>\n<tbody>\n<tr>\n<td>Modstandsdygtighed over for sterilisering<\/td>\n<td>S\u00e6rlige indkapslingsmaterialer<\/td>\n<td>T\u00e5ler 200 autoklave-cyklusser<\/td>\n<\/tr>\n<tr>\n<td>EMI-kontrol<\/td>\n<td>Afsk\u00e6rmningsstrukturer i flere lag<\/td>\n<td>60dB reduktion af str\u00e5ling<\/td>\n<\/tr>\n<tr>\n<td>P\u00e5lidelighed p\u00e5 lang sigt<\/td>\n<td>Guldbindingsproces<\/td>\n<td>MTBF &gt;100.000 timer<\/td>\n<\/tr>\n<tr>\n<td>Biokompatibilitet<\/td>\n<td>Parylen-bel\u00e6gning<\/td>\n<td>Overholder ISO 10993-5<\/td>\n<\/tr>\n<\/tbody>\n<\/table>\n<\/div>\n<h2>Krav til ydeevne for typiske anvendelser<\/h2>\n<ol start=\"1\">\n<li>\n<p class=\"ds-markdown-paragraph\"><strong>Implanterbare enheder<\/strong><\/p>\n<ul>\n<li>\n<p class=\"ds-markdown-paragraph\">Driftsm\u00e6ssig levetid \u226510 \u00e5r<\/p>\n<\/li>\n<li>\n<p class=\"ds-markdown-paragraph\">L\u00e6kagestr\u00f8m &lt;10\u03bcA<\/p>\n<\/li>\n<\/ul>\n<\/li>\n<li>\n<p class=\"ds-markdown-paragraph\"><strong>Udstyr til billedbehandling<\/strong><\/p>\n<ul>\n<li>\n<p class=\"ds-markdown-paragraph\">Dataoverf\u00f8rselshastighed \u2265 40 Gbps<\/p>\n<\/li>\n<li>\n<p class=\"ds-markdown-paragraph\">Anti-interferens kapacitet 100V\/m<\/p>\n<\/li>\n<\/ul>\n<\/li>\n<li>\n<p class=\"ds-markdown-paragraph\"><strong>N\u00f8dhj\u00e6lpsenheder<\/strong><\/p>\n<ul>\n<li>\n<p class=\"ds-markdown-paragraph\">Opstartstid &lt;0,5 sekunder<\/p>\n<\/li>\n<li>\n<p class=\"ds-markdown-paragraph\">Vibrationsmodstand 5 gram<\/p>\n<\/li>\n<\/ul>\n<\/li>\n<\/ol>\n<h3>7 vigtige kriterier for udv\u00e6lgelse af leverand\u00f8rer<\/h3>\n<ol start=\"1\">\n<li>\n<p class=\"ds-markdown-paragraph\">Certificering af produktion af medicinsk udstyr i klasse III<\/p>\n<\/li>\n<li>\n<p class=\"ds-markdown-paragraph\">Forsyningsk\u00e6den for komponenter af medicinsk kvalitet<\/p>\n<\/li>\n<li>\n<p class=\"ds-markdown-paragraph\">Renrumsareal \u22651000\u33a1<\/p>\n<\/li>\n<li>\n<p class=\"ds-markdown-paragraph\">Konfiguration af fejlanalyselaboratorium<\/p>\n<\/li>\n<li>\n<p class=\"ds-markdown-paragraph\">System til kontrol af produkt\u00e6ndringer<\/p>\n<\/li>\n<li>\n<p class=\"ds-markdown-paragraph\">Mulighed for test af langtids\u00e6ldning<\/p>\n<\/li>\n<li>\n<p class=\"ds-markdown-paragraph\">Erfaring med klinisk samarbejde<\/p>\n<\/li>\n<\/ol>\n<ul>\n<li>\n<p class=\"ds-markdown-paragraph\"><strong>Proceskapacitet<\/strong><br \/>\n\u2713 01005 placering af komponenter<br \/>\n\u2713 50 \u03bcm BGA med fin pitch<br \/>\n\u2713 Processer med stive flexplader<\/p>\n<\/li>\n<li>\n<p class=\"ds-markdown-paragraph\"><strong>Inspektionssystemer<\/strong><br \/>\n\u2713 100 % d\u00e6kning af test med flyvende probe<br \/>\n\u2713 3D-r\u00f8ntgeninspektion<br \/>\n\u2713 Test af ionisk forurening<\/p>\n<\/li>\n<li>\n<p class=\"ds-markdown-paragraph\"><strong>S\u00e6rlige processer<\/strong><br \/>\n\u2713 Biokompatible bel\u00e6gninger<br \/>\n\u2713 Steril emballage<br \/>\n\u2713 Overensstemmende bel\u00e6gning<\/p>\n<\/li>\n<\/ul>\n<h2>Anbefalinger til implementering<\/h2>\n<ol start=\"1\">\n<li>\n<p class=\"ds-markdown-paragraph\">Udf\u00f8r FMEA-analyser i designfasen<\/p>\n<\/li>\n<li>\n<p class=\"ds-markdown-paragraph\">Etablering af v\u00e6kstmodeller for p\u00e5lidelighed<\/p>\n<\/li>\n<li>\n<p class=\"ds-markdown-paragraph\">Implementer V&amp;V-verifikationssystemer<\/p>\n<\/li>\n<li>\n<p class=\"ds-markdown-paragraph\">Forbedre processerne for forandringsledelse<\/p>\n<\/li>\n<\/ol>\n<p class=\"ds-markdown-paragraph\"><strong>Fremtidsudsigter<\/strong>: Med fremskridt inden for hjerne-computer-gr\u00e6nseflader og nanorobotik vil medicinske printkort udvikle sig i innovative retninger som neurale elektrodearrays og biologisk nedbrydelige kredsl\u00f8b, hvilket kr\u00e6ver h\u00f8jere monteringspr\u00e6cision. Producenterne r\u00e5des til at investere i emballage p\u00e5 molekyl\u00e6rt niveau og selvhelende kredsl\u00f8bsteknologier.<\/p>\n<p>&nbsp;<\/p>\n<p>&nbsp;<\/p>\n<p>&nbsp;<\/p>","protected":false},"excerpt":{"rendered":"<p>Medicinsk udstyr, der bruger PCBA, skal typisk opfylde strenge lovgivningsm\u00e6ssige standarder for at sikre deres sikkerhed og effektivitet.<\/p>","protected":false},"featured_media":2269,"comment_status":"open","ping_status":"closed","template":"","meta":[],"product_brand":[],"product_cat":[116],"product_tag":[210,207,209],"class_list":{"0":"post-2264","1":"product","2":"type-product","3":"status-publish","4":"has-post-thumbnail","6":"product_cat-pcba","7":"product_tag-medical-pcba","8":"product_tag-pcba","9":"product_tag-pcba-for-medical","11":"first","12":"instock","13":"shipping-taxable","14":"product-type-simple"},"yoast_head":"<!-- This site is optimized with the Yoast SEO plugin v25.1 - https:\/\/yoast.com\/wordpress\/plugins\/seo\/ -->\n<title>PCBA For Medical Industry - Topfastpcb<\/title>\n<meta name=\"description\" content=\"Medical devices that use PCBA are typically required to meet strict regulatory standards to ensure their safety and effectiveness.\" \/>\n<meta name=\"robots\" content=\"index, follow, max-snippet:-1, max-image-preview:large, max-video-preview:-1\" \/>\n<link rel=\"canonical\" href=\"https:\/\/www.topfastpcb.com\/da\/products\/pcba-for-medical-industry\/\" \/>\n<meta property=\"og:locale\" content=\"da_DK\" \/>\n<meta property=\"og:type\" content=\"article\" \/>\n<meta property=\"og:title\" content=\"PCBA For Medical Industry - Topfastpcb\" \/>\n<meta property=\"og:description\" content=\"Medical devices that use PCBA are typically required to meet strict regulatory standards to ensure their safety and effectiveness.\" \/>\n<meta property=\"og:url\" content=\"https:\/\/www.topfastpcb.com\/da\/products\/pcba-for-medical-industry\/\" \/>\n<meta property=\"og:site_name\" content=\"Topfastpcb\" \/>\n<meta property=\"article:modified_time\" content=\"2025-05-06T07:59:15+00:00\" \/>\n<meta property=\"og:image\" content=\"https:\/\/www.topfastpcb.com\/wp-content\/uploads\/2025\/04\/pcba13.jpg\" \/>\n\t<meta property=\"og:image:width\" content=\"750\" \/>\n\t<meta property=\"og:image:height\" content=\"750\" \/>\n\t<meta property=\"og:image:type\" content=\"image\/jpeg\" \/>\n<meta name=\"twitter:card\" content=\"summary_large_image\" \/>\n<meta name=\"twitter:label1\" content=\"Estimeret l\u00e6setid\" \/>\n\t<meta name=\"twitter:data1\" content=\"4 minutter\" \/>\n<script type=\"application\/ld+json\" class=\"yoast-schema-graph\">{\"@context\":\"https:\/\/schema.org\",\"@graph\":[{\"@type\":\"WebPage\",\"@id\":\"https:\/\/www.topfastpcb.com\/products\/pcba-for-medical-industry\/\",\"url\":\"https:\/\/www.topfastpcb.com\/products\/pcba-for-medical-industry\/\",\"name\":\"PCBA For Medical Industry - Topfastpcb\",\"isPartOf\":{\"@id\":\"https:\/\/www.topfastpcb.com\/#website\"},\"primaryImageOfPage\":{\"@id\":\"https:\/\/www.topfastpcb.com\/products\/pcba-for-medical-industry\/#primaryimage\"},\"image\":{\"@id\":\"https:\/\/www.topfastpcb.com\/products\/pcba-for-medical-industry\/#primaryimage\"},\"thumbnailUrl\":\"https:\/\/www.topfastpcb.com\/wp-content\/uploads\/2025\/04\/pcba13.jpg\",\"datePublished\":\"2025-04-26T09:55:34+00:00\",\"dateModified\":\"2025-05-06T07:59:15+00:00\",\"description\":\"Medical devices that use PCBA are typically required to meet strict regulatory standards to ensure their safety and effectiveness.\",\"breadcrumb\":{\"@id\":\"https:\/\/www.topfastpcb.com\/products\/pcba-for-medical-industry\/#breadcrumb\"},\"inLanguage\":\"da-DK\",\"potentialAction\":[{\"@type\":\"ReadAction\",\"target\":[\"https:\/\/www.topfastpcb.com\/products\/pcba-for-medical-industry\/\"]}]},{\"@type\":\"ImageObject\",\"inLanguage\":\"da-DK\",\"@id\":\"https:\/\/www.topfastpcb.com\/products\/pcba-for-medical-industry\/#primaryimage\",\"url\":\"https:\/\/www.topfastpcb.com\/wp-content\/uploads\/2025\/04\/pcba13.jpg\",\"contentUrl\":\"https:\/\/www.topfastpcb.com\/wp-content\/uploads\/2025\/04\/pcba13.jpg\",\"width\":750,\"height\":750},{\"@type\":\"BreadcrumbList\",\"@id\":\"https:\/\/www.topfastpcb.com\/products\/pcba-for-medical-industry\/#breadcrumb\",\"itemListElement\":[{\"@type\":\"ListItem\",\"position\":1,\"name\":\"\u9996\u9875\",\"item\":\"https:\/\/www.topfastpcb.com\/\"},{\"@type\":\"ListItem\",\"position\":2,\"name\":\"\u5546\u5e97\",\"item\":\"https:\/\/www.topfastpcb.com\/shop\/\"},{\"@type\":\"ListItem\",\"position\":3,\"name\":\"PCBA For Medical Industry\"}]},{\"@type\":\"WebSite\",\"@id\":\"https:\/\/www.topfastpcb.com\/#website\",\"url\":\"https:\/\/www.topfastpcb.com\/\",\"name\":\"Topfastpcb\",\"description\":\"Topfast Prime Choice for Global Electronics Manufacturing\",\"publisher\":{\"@id\":\"https:\/\/www.topfastpcb.com\/#organization\"},\"potentialAction\":[{\"@type\":\"SearchAction\",\"target\":{\"@type\":\"EntryPoint\",\"urlTemplate\":\"https:\/\/www.topfastpcb.com\/?s={search_term_string}\"},\"query-input\":{\"@type\":\"PropertyValueSpecification\",\"valueRequired\":true,\"valueName\":\"search_term_string\"}}],\"inLanguage\":\"da-DK\"},{\"@type\":\"Organization\",\"@id\":\"https:\/\/www.topfastpcb.com\/#organization\",\"name\":\"Topfastpcb\",\"url\":\"https:\/\/www.topfastpcb.com\/\",\"logo\":{\"@type\":\"ImageObject\",\"inLanguage\":\"da-DK\",\"@id\":\"https:\/\/www.topfastpcb.com\/#\/schema\/logo\/image\/\",\"url\":\"https:\/\/www.topfastpcb.com\/wp-content\/uploads\/2026\/02\/cropped-topfast-logo.png\",\"contentUrl\":\"https:\/\/www.topfastpcb.com\/wp-content\/uploads\/2026\/02\/cropped-topfast-logo.png\",\"width\":144,\"height\":56,\"caption\":\"Topfastpcb\"},\"image\":{\"@id\":\"https:\/\/www.topfastpcb.com\/#\/schema\/logo\/image\/\"}}]}<\/script>\n<!-- \/ Yoast SEO plugin. -->","yoast_head_json":{"title":"PCBA For Medical Industry - Topfastpcb","description":"Medical devices that use PCBA are typically required to meet strict regulatory standards to ensure their safety and effectiveness.","robots":{"index":"index","follow":"follow","max-snippet":"max-snippet:-1","max-image-preview":"max-image-preview:large","max-video-preview":"max-video-preview:-1"},"canonical":"https:\/\/www.topfastpcb.com\/da\/products\/pcba-for-medical-industry\/","og_locale":"da_DK","og_type":"article","og_title":"PCBA For Medical Industry - Topfastpcb","og_description":"Medical devices that use PCBA are typically required to meet strict regulatory standards to ensure their safety and effectiveness.","og_url":"https:\/\/www.topfastpcb.com\/da\/products\/pcba-for-medical-industry\/","og_site_name":"Topfastpcb","article_modified_time":"2025-05-06T07:59:15+00:00","og_image":[{"width":750,"height":750,"url":"https:\/\/www.topfastpcb.com\/wp-content\/uploads\/2025\/04\/pcba13.jpg","type":"image\/jpeg"}],"twitter_card":"summary_large_image","twitter_misc":{"Estimeret l\u00e6setid":"4 minutter"},"schema":{"@context":"https:\/\/schema.org","@graph":[{"@type":"WebPage","@id":"https:\/\/www.topfastpcb.com\/products\/pcba-for-medical-industry\/","url":"https:\/\/www.topfastpcb.com\/products\/pcba-for-medical-industry\/","name":"PCBA For Medical Industry - Topfastpcb","isPartOf":{"@id":"https:\/\/www.topfastpcb.com\/#website"},"primaryImageOfPage":{"@id":"https:\/\/www.topfastpcb.com\/products\/pcba-for-medical-industry\/#primaryimage"},"image":{"@id":"https:\/\/www.topfastpcb.com\/products\/pcba-for-medical-industry\/#primaryimage"},"thumbnailUrl":"https:\/\/www.topfastpcb.com\/wp-content\/uploads\/2025\/04\/pcba13.jpg","datePublished":"2025-04-26T09:55:34+00:00","dateModified":"2025-05-06T07:59:15+00:00","description":"Medical devices that use PCBA are typically required to meet strict regulatory standards to ensure their safety and effectiveness.","breadcrumb":{"@id":"https:\/\/www.topfastpcb.com\/products\/pcba-for-medical-industry\/#breadcrumb"},"inLanguage":"da-DK","potentialAction":[{"@type":"ReadAction","target":["https:\/\/www.topfastpcb.com\/products\/pcba-for-medical-industry\/"]}]},{"@type":"ImageObject","inLanguage":"da-DK","@id":"https:\/\/www.topfastpcb.com\/products\/pcba-for-medical-industry\/#primaryimage","url":"https:\/\/www.topfastpcb.com\/wp-content\/uploads\/2025\/04\/pcba13.jpg","contentUrl":"https:\/\/www.topfastpcb.com\/wp-content\/uploads\/2025\/04\/pcba13.jpg","width":750,"height":750},{"@type":"BreadcrumbList","@id":"https:\/\/www.topfastpcb.com\/products\/pcba-for-medical-industry\/#breadcrumb","itemListElement":[{"@type":"ListItem","position":1,"name":"\u9996\u9875","item":"https:\/\/www.topfastpcb.com\/"},{"@type":"ListItem","position":2,"name":"\u5546\u5e97","item":"https:\/\/www.topfastpcb.com\/shop\/"},{"@type":"ListItem","position":3,"name":"PCBA For Medical Industry"}]},{"@type":"WebSite","@id":"https:\/\/www.topfastpcb.com\/#website","url":"https:\/\/www.topfastpcb.com\/","name":"Topfastpcb","description":"Topfast Prime Choice for Global Electronics Manufacturing","publisher":{"@id":"https:\/\/www.topfastpcb.com\/#organization"},"potentialAction":[{"@type":"SearchAction","target":{"@type":"EntryPoint","urlTemplate":"https:\/\/www.topfastpcb.com\/?s={search_term_string}"},"query-input":{"@type":"PropertyValueSpecification","valueRequired":true,"valueName":"search_term_string"}}],"inLanguage":"da-DK"},{"@type":"Organization","@id":"https:\/\/www.topfastpcb.com\/#organization","name":"Topfastpcb","url":"https:\/\/www.topfastpcb.com\/","logo":{"@type":"ImageObject","inLanguage":"da-DK","@id":"https:\/\/www.topfastpcb.com\/#\/schema\/logo\/image\/","url":"https:\/\/www.topfastpcb.com\/wp-content\/uploads\/2026\/02\/cropped-topfast-logo.png","contentUrl":"https:\/\/www.topfastpcb.com\/wp-content\/uploads\/2026\/02\/cropped-topfast-logo.png","width":144,"height":56,"caption":"Topfastpcb"},"image":{"@id":"https:\/\/www.topfastpcb.com\/#\/schema\/logo\/image\/"}}]}},"_links":{"self":[{"href":"https:\/\/www.topfastpcb.com\/da\/wp-json\/wp\/v2\/product\/2264","targetHints":{"allow":["GET"]}}],"collection":[{"href":"https:\/\/www.topfastpcb.com\/da\/wp-json\/wp\/v2\/product"}],"about":[{"href":"https:\/\/www.topfastpcb.com\/da\/wp-json\/wp\/v2\/types\/product"}],"replies":[{"embeddable":true,"href":"https:\/\/www.topfastpcb.com\/da\/wp-json\/wp\/v2\/comments?post=2264"}],"wp:featuredmedia":[{"embeddable":true,"href":"https:\/\/www.topfastpcb.com\/da\/wp-json\/wp\/v2\/media\/2269"}],"wp:attachment":[{"href":"https:\/\/www.topfastpcb.com\/da\/wp-json\/wp\/v2\/media?parent=2264"}],"wp:term":[{"taxonomy":"product_brand","embeddable":true,"href":"https:\/\/www.topfastpcb.com\/da\/wp-json\/wp\/v2\/product_brand?post=2264"},{"taxonomy":"product_cat","embeddable":true,"href":"https:\/\/www.topfastpcb.com\/da\/wp-json\/wp\/v2\/product_cat?post=2264"},{"taxonomy":"product_tag","embeddable":true,"href":"https:\/\/www.topfastpcb.com\/da\/wp-json\/wp\/v2\/product_tag?post=2264"}],"curies":[{"name":"wp","href":"https:\/\/api.w.org\/{rel}","templated":true}]}}