{"id":2469,"date":"2025-05-12T16:35:40","date_gmt":"2025-05-12T08:35:40","guid":{"rendered":"https:\/\/www.topfastpcb.com\/?post_type=product&#038;p=2469"},"modified":"2025-05-12T18:07:54","modified_gmt":"2025-05-12T10:07:54","slug":"aerospace-pcb-assembly","status":"publish","type":"product","link":"https:\/\/www.topfastpcb.com\/da\/products\/aerospace-pcb-assembly\/","title":{"rendered":"PCB-montering i luft- og rumfart"},"content":{"rendered":"<div id=\"ez-toc-container\" class=\"ez-toc-v2_0_74 counter-hierarchy ez-toc-counter ez-toc-custom ez-toc-container-direction\">\n<div class=\"ez-toc-title-container\">\n<p class=\"ez-toc-title\" style=\"cursor:inherit\">Indholdsfortegnelse<\/p>\n<span class=\"ez-toc-title-toggle\"><\/span><\/div>\n<nav><ul class='ez-toc-list ez-toc-list-level-1' ><li class='ez-toc-page-1 ez-toc-heading-level-2'><a class=\"ez-toc-link ez-toc-heading-1\" href=\"https:\/\/www.topfastpcb.com\/da\/products\/aerospace-pcb-assembly\/#PCBA_Basic_Guidelines\" >Grundl\u00e6ggende retningslinjer for PCBA<\/a><ul class='ez-toc-list-level-3' ><li class='ez-toc-heading-level-3'><a class=\"ez-toc-link ez-toc-heading-2\" href=\"https:\/\/www.topfastpcb.com\/da\/products\/aerospace-pcb-assembly\/#1PCB_substrate\" >1. PCB-substrat<\/a><\/li><li class='ez-toc-page-1 ez-toc-heading-level-3'><a class=\"ez-toc-link ez-toc-heading-3\" href=\"https:\/\/www.topfastpcb.com\/da\/products\/aerospace-pcb-assembly\/#2Component_selection\" >2. valg af komponenter<\/a><\/li><li class='ez-toc-page-1 ez-toc-heading-level-3'><a class=\"ez-toc-link ez-toc-heading-4\" href=\"https:\/\/www.topfastpcb.com\/da\/products\/aerospace-pcb-assembly\/#3Special_Processes\" >3. S\u00e6rlige processer<\/a><\/li><li class='ez-toc-page-1 ez-toc-heading-level-3'><a class=\"ez-toc-link ez-toc-heading-5\" href=\"https:\/\/www.topfastpcb.com\/da\/products\/aerospace-pcb-assembly\/#4Supply_Chain_Management\" >4. styring af forsyningsk\u00e6den<\/a><\/li><\/ul><\/li><li class='ez-toc-page-1 ez-toc-heading-level-2'><a class=\"ez-toc-link ez-toc-heading-6\" href=\"https:\/\/www.topfastpcb.com\/da\/products\/aerospace-pcb-assembly\/#Aerospace_PCBA_soldering_process\" >Aerospace PCBA-lodningsproces<\/a><ul class='ez-toc-list-level-3' ><li class='ez-toc-heading-level-3'><a class=\"ez-toc-link ez-toc-heading-7\" href=\"https:\/\/www.topfastpcb.com\/da\/products\/aerospace-pcb-assembly\/#_1Soldering_Process\" >\u00a01. loddeproces<\/a><\/li><li class='ez-toc-page-1 ez-toc-heading-level-3'><a class=\"ez-toc-link ez-toc-heading-8\" href=\"https:\/\/www.topfastpcb.com\/da\/products\/aerospace-pcb-assembly\/#2Aviation-grade_circuit_board_processing\" >2. behandling af printkort i luftfartsklasse<\/a><\/li><li class='ez-toc-page-1 ez-toc-heading-level-3'><a class=\"ez-toc-link ez-toc-heading-9\" href=\"https:\/\/www.topfastpcb.com\/da\/products\/aerospace-pcb-assembly\/#3Quality_Control\" >3. kvalitetskontrol<\/a><\/li><li class='ez-toc-page-1 ez-toc-heading-level-3'><a class=\"ez-toc-link ez-toc-heading-10\" href=\"https:\/\/www.topfastpcb.com\/da\/products\/aerospace-pcb-assembly\/#4S_pecial_Process\" >4. s\u00e6rlig proces<\/a><\/li><\/ul><\/li><li class='ez-toc-page-1 ez-toc-heading-level-2'><a class=\"ez-toc-link ez-toc-heading-11\" href=\"https:\/\/www.topfastpcb.com\/da\/products\/aerospace-pcb-assembly\/#Rigorous_product_testing\" >Grundige produkttests<\/a><\/li><\/ul><\/nav><\/div>\n\n<p>I rumfartsindustrien er valget af materialer og komponenter til printkort (PCBA'er) ikke et sp\u00f8rgsm\u00e5l om tilf\u00e6ldigheder. Forestil dig, at disse elektroniske enheder skal igennem en raketopsendelse med kraftige vibrationer, ekstreme temperatur\u00e6ndringer i rummet og et st\u00e6rkt str\u00e5lingsmilj\u00f8; almindelige materialer kan simpelthen ikke modst\u00e5 denne \"tortur\".<\/p>\n<h2><img loading=\"lazy\" decoding=\"async\" src=\"https:\/\/www.topfastpcb.com\/wp-content\/uploads\/2025\/05\/pcba.jpg\" alt=\"PCB-montering i luft- og rumfart\" width=\"750\" height=\"750\" class=\"aligncenter size-full wp-image-2470\" srcset=\"https:\/\/www.topfastpcb.com\/wp-content\/uploads\/2025\/05\/pcba.jpg 750w, https:\/\/www.topfastpcb.com\/wp-content\/uploads\/2025\/05\/pcba-300x300.jpg 300w, https:\/\/www.topfastpcb.com\/wp-content\/uploads\/2025\/05\/pcba-150x150.jpg 150w, https:\/\/www.topfastpcb.com\/wp-content\/uploads\/2025\/05\/pcba-600x600.jpg 600w, https:\/\/www.topfastpcb.com\/wp-content\/uploads\/2025\/05\/pcba-100x100.jpg 100w\" sizes=\"auto, (max-width: 750px) 100vw, 750px\" \/><\/h2>\n<h2><span class=\"ez-toc-section\" id=\"PCBA_Basic_Guidelines\"><\/span>Grundl\u00e6ggende retningslinjer for PCBA<span class=\"ez-toc-section-end\"><\/span><\/h2>\n<h3><span class=\"ez-toc-section\" id=\"1PCB_substrate\"><\/span>1. PCB-substrat<span class=\"ez-toc-section-end\"><\/span><\/h3>\n<p>Substrat til kredsl\u00f8b i luft- og rumfart skal opfylde de fire diamantstandarder:<br \/>\nModstandsdygtighed over for h\u00f8je temperaturer: kan modst\u00e5 ekstrem kulde til varmen fra gentagen tortur<br \/>\nKorrosionsbestandighed: alle former for str\u00e5ling og kemikalier i rummet kan ikke skade den en lille smule<br \/>\nGod isolering: signaloverf\u00f8rslen skal v\u00e6re stabil og p\u00e5lidelig<br \/>\nRobust og holdbar: Den kan ikke g\u00e5 i stykker, selv ikke ved voldsomme vibrationer under opsendelsen.<br \/>\nAlmindeligt anvendte materialer af \"rumkvalitet\" omfatter:<br \/>\nPolyimid (PI): Som en \"skudsikker vest\" til printkort er det s\u00e6rligt modstandsdygtigt over for h\u00f8je temperaturer.<br \/>\nCyanoacrylat (CE): en velafbalanceret \"top performer\".<br \/>\nKeramisk substrat: f\u00f8rsteklasses varmeafledningsevne hos \"k\u00f8leeksperten\".<\/p>\n<h3><span class=\"ez-toc-section\" id=\"2Component_selection\"><\/span>2. valg af komponenter<span class=\"ez-toc-section-end\"><\/span><\/h3>\n<p><strong>1. Chip (IC) - hvordan v\u00e6lger man?<\/strong><br \/>\nAnerkend certificeringen: QML-V\/QML-Q-certificering er en \"arbejdstilladelse\".<br \/>\nAnti-str\u00e5lingsdesign: kosmiske str\u00e5ler skal have den \"gyldne klokkemaske\".<br \/>\nS\u00f8g ikke det nyeste, men det mest stabile: 65 nm eller en mere moden proces er mere p\u00e5lidelig<br \/>\n<strong>2.Passive komponenter<\/strong><br \/>\nKondensatorer:Tantal-kondensatorer er hovedkraften, keramiske kondensatorer b\u00f8r v\u00e6re af typen COG\/NPO.<br \/>\nModstande: Filmmodstande er det f\u00f8rste valg, metalfoliemodstande har den bedste ydeevne.<br \/>\nInduktorer: Ferritkerne- eller luftkerneinduktorer er de mest p\u00e5lidelige.<br \/>\n<strong>3. Tilslutninger<\/strong><br \/>\nStandard:MIL-DTL-38999\/32139 er det grundl\u00e6ggende krav.<br \/>\nGuldbel\u00e6gning:Kontakterne skal v\u00e6re belagt med mindst 50 mikrotommer guld.<br \/>\nDobbeltforsikring: skal v\u00e6re med sekund\u00e6r l\u00e5semekanisme<\/p>\n<h3><span class=\"ez-toc-section\" id=\"3Special_Processes\"><\/span>3. S\u00e6rlige processer<span class=\"ez-toc-section-end\"><\/span><\/h3>\n<p><strong>Indkapslingsteknologi<\/strong><br \/>\nKeramisk indpakning er det f\u00f8rste valg, som en \"rumdragt\" til chippen.<br \/>\nPlastemballager skal certificeres af milit\u00e6ret<br \/>\nBGA-pakker b\u00f8r ikke bruges, medmindre de er specielt forst\u00e6rkede.<br \/>\nLodning<br \/>\nTraditionelt loddetin med h\u00f8jt Pb-indhold (Sn63Pb37) er stadig dominerende<br \/>\nHvis der anvendes en blyfri proces, er der behov for yderligere verifikation<br \/>\nR\u00f8ntgenkontrol efter lodning for at sikre, at der ikke er nogen \"indre skader\".<br \/>\n<strong>Beskyttende behandlinger<\/strong><br \/>\nBel\u00e6gninger skal overholde den milit\u00e6re standard MIL-I-46058.<br \/>\nParylenbel\u00e6gninger er mest effektive<br \/>\nBel\u00e6gningens tykkelse skal kontrolleres inden for omr\u00e5det af et h\u00e5rs tykkelse.<\/p>\n<h3><span class=\"ez-toc-section\" id=\"4Supply_Chain_Management\"><\/span>4. styring af forsyningsk\u00e6den<span class=\"ez-toc-section-end\"><\/span><\/h3>\n<p><strong>Indk\u00f8bskanal<\/strong><br \/>\nTag kun varer fra den originale fabrik eller autoriserede distribut\u00f8rer<br \/>\nModst\u00e5 forfalskede komponenter<br \/>\nHver komponent skal have et \"ID-kort\", s\u00e5 hele processen kan spores.<br \/>\n<strong>Kvalitetskontrol<\/strong><br \/>\n100% inspektion af indg\u00e5ende materialer, ingen kan udelades<br \/>\nTilf\u00e6ldig adskillelsestest, ikke mindre end 10 %.<br \/>\nAccelereret \u00e6ldningstest for at forudsige levetiden<br \/>\nLedelse af forandringer<br \/>\nEnhver \u00e6ndring skal verificeres igen<br \/>\n\u00c6ndring af komponenter er lig med gencertificering<br \/>\nAlle optegnelser over \u00e6ndringer skal opbevares fuldst\u00e6ndigt<\/p>\n<h2><img loading=\"lazy\" decoding=\"async\" src=\"https:\/\/www.topfastpcb.com\/wp-content\/uploads\/2025\/05\/Aerospace-PCB-Assembly\u200b-4.jpg\" alt=\"Aerospace PCB Assembly-4\" width=\"600\" height=\"402\" class=\"aligncenter size-full wp-image-2475\" srcset=\"https:\/\/www.topfastpcb.com\/wp-content\/uploads\/2025\/05\/Aerospace-PCB-Assembly\u200b-4.jpg 600w, https:\/\/www.topfastpcb.com\/wp-content\/uploads\/2025\/05\/Aerospace-PCB-Assembly\u200b-4-300x201.jpg 300w\" sizes=\"auto, (max-width: 600px) 100vw, 600px\" \/><\/h2>\n<h2><span class=\"ez-toc-section\" id=\"Aerospace_PCBA_soldering_process\"><\/span>Aerospaceapsulationsprocesser og m\u00f8der <a href=\"https:\/\/www.topfastpcb.com\/da\/products\/category\/pcba\/\">PCBA<\/a> Loddeproces<span class=\"ez-toc-section-end\"><\/span><\/h2>\n<h3><span class=\"ez-toc-section\" id=\"_1Soldering_Process\"><\/span>\u00a01. loddeproces<span class=\"ez-toc-section-end\"><\/span><\/h3>\n<p>Inden for rumfart kan en ukvalificeret loddeforbindelse v\u00e6re hele missionens \"akillesh\u00e6l\". Da udstyret skal uds\u00e6ttes for gentagen \"tortur\" fra ekstrem kulde til ekstrem varme, skal svejseprocessen v\u00e6re idiotsikker.<br \/>\n<strong>1.Svejseproces: tre store diamanter<\/strong><br \/>\nB\u00f8lgelodning: velegnet til svejsning af komponenter med gennemg\u00e5ende huller i store m\u00e6ngder, som i en rutsjebane, hvor printkortet passerer gennem det smeltede loddemetal.<br \/>\nReflow-lodning (mainstream-valg): pr\u00e6cis \"lokal opvarmning\"-teknologi, s\u00e6rligt velegnet til chipkomponenter<br \/>\nSelektiv b\u00f8lgelodning: \"Precision spot soldering\"-teknologi til specifikke loddesamlinger.<br \/>\n<strong>2.Reflow-proces<\/strong><br \/>\nTemperaturprofiler er n\u00f8glen: som at bage en kage, for h\u00f8j temperatur vil br\u00e6nde, for lav temperatur vil underbage den<br \/>\nParametertilpasning: Forskellige materialer og komponenter kr\u00e6ver forskellige \"tilberedningsl\u00f8sninger\".<br \/>\nValg af loddepasta: at v\u00e6lge den s\u00e6rlige formel til rumfartskvalitet, almindelig loddepasta kan simpelthen ikke b\u00e6re rummilj\u00f8et<\/p>\n<h3><span class=\"ez-toc-section\" id=\"2Aviation-grade_circuit_board_processing\"><\/span>2. behandling af printkort i luftfartsklasse<span class=\"ez-toc-section-end\"><\/span><\/h3>\n<p><strong>1. Pr\u00e6cisionskontrol: den ultimative str\u00e6ben efter mikroniveau<\/strong><br \/>\nLaserpositionering: n\u00f8jagtighed p\u00e5 \u00b1 5 mikrometer (svarende til 1\/10 af et h\u00e5r)<br \/>\nOptisk justering: Vinkelfejl mindre end 0,001 grader (mere pr\u00e6cis end et kompas)<br \/>\nOverfladebehandling: kobberfolie med en glathed, der kan sammenlignes med et spejl (Ra\u22640,3\u03bcm)<br \/>\n<strong>2. Verifikation af p\u00e5lidelighed: H\u00e5rdere tests end i rummilj\u00f8et<\/strong><br \/>\nTemperaturtorturtest: -65 \u00b0C til 150 \u00b0C gentagne gange kastet 1000 gange<br \/>\nVibrationstest: Simuler de voldsomme vibrationer fra en raketaffyring.<br \/>\nVakuumtest: 10-\u2076 torr vakuum under den ekstreme test<br \/>\n\u00c6ldningstest: 85 \u00b0C \/ 85 % luftfugtighed under kontinuerlig \"sauna\" i 1000 timer<\/p>\n<h3><span class=\"ez-toc-section\" id=\"3Quality_Control\"><\/span>3. kvalitetskontrol<span class=\"ez-toc-section-end\"><\/span><\/h3>\n<p>Procesoverv\u00e5gning: realtidsoverv\u00e5gning af hver n\u00f8gleparameter som et l\u00e6getjek.<br \/>\nSporbarhedssystem: Hvert br\u00e6t har et \"ID-kort\", og hele processen kan spores.<br \/>\nCertificeringsstandarder: opfylder de strengeste kvalitetsstandarder inden for luftfart (AS9100D osv.)<\/p>\n<h3><span class=\"ez-toc-section\" id=\"4S_pecial_Process\"><\/span>4. s\u00e6rlig proces<span class=\"ez-toc-section-end\"><\/span><\/h3>\n<p>Mikropor\u00f8s forarbejdning: Laserstansede huller, der er tyndere end en h\u00e5rgr\u00e6nse (\u00b110 \u03bcm pr\u00e6cision).<br \/>\nH\u00f8jfrekvent signalbehandling: impedansstyring med en n\u00f8jagtighed p\u00e5 \u00b13 % (sammenlignelig med laboratorieinstrumenter)<br \/>\nInspektion i tre faser: selvinspektion + inspektion + slutinspektion for at sikre, at intet g\u00e5r tabt.<\/p>\n<p>## Aerospace PCBA-overfladebehandlinger<br \/>\nI rummilj\u00f8et st\u00e5r printkort over for udfordringer, der er langt st\u00f8rre end i jordbaserede applikationer. For at sikre p\u00e5lidelig langtidsdrift skal der bruges s\u00e6rlige \"beskyttelsesdragter\":<br \/>\n<strong>1.Beskyttende lag af metal (anti-korrosionsbehandling)<\/strong><br \/>\nElektrol\u00f8s nikkel\/impr\u00e6gneret guld (ENIG): Som en \"gylden rustning\" til kredsl\u00f8b beskytter den mod rust og sikrer god ledningsevne.<br \/>\nElektrol\u00f8s nikkel\/guldbel\u00e6gning (ENEPIG): mere avanceret \"kompositpanser\", s\u00e6rligt velegnet til krav om h\u00f8j p\u00e5lidelighed.<br \/>\nEgenskaber: anti-oxidation, korrosionsbestandighed, for at sikre, at kontakten forbliver som ny.<br \/>\n<strong>2. organisk beskyttelseslag (all-round beskyttelse)<\/strong><br \/>\nPolyimid (PI)-bel\u00e6gning: \"beskyttelsesbekl\u00e6dning\" til luft- og rumfart, modstandsdygtig over for h\u00f8je temperaturer p\u00e5 op til 300 \u00b0C eller mere<br \/>\nSilikoneindst\u00f8bning: f\u00f8lsomme kredsl\u00f8b mod slid \"anti-vibrations-airbag\", buffer for mekanisk st\u00f8d<br \/>\nEffekt: fugtbestandig, st\u00f8dsikker, str\u00e5lingssikker, tredobbelt beskyttelse i \u00e9t trin.<\/p>\n<h2><span class=\"ez-toc-section\" id=\"Rigorous_product_testing\"><\/span>Grundige produkttests<span class=\"ez-toc-section-end\"><\/span><\/h2>\n<p><strong>1. Test af milj\u00f8m\u00e6ssig tilpasningsevne<\/strong><br \/>\nTemperaturudholdenhedsl\u00f8b:<br \/>\nCyklus med h\u00f8j og lav temperatur (-65 \u2103 ~ 150 \u2103 gentagne kast)<br \/>\nTemperaturchok (\u00f8jeblikkeligt skift af ekstreme temperaturer)<br \/>\nTest af mekanisk styrke:<br \/>\nVibrationstest (simulerer de voldsomme vibrationer fra en raketaffyring)<br \/>\nSt\u00f8dtest (1500G accelerationsst\u00f8d)<br \/>\n<strong>2. Verifikation af elektrisk ydeevne<\/strong><br \/>\nFlyvende n\u00e5letest: som en \"mesterakupunkt\u00f8r\" til n\u00f8jagtig registrering af hver node<br \/>\nVerifikation af teststativ: Omfattende \"fysisk unders\u00f8gelse\" for at sikre, at alle funktioner er normale.<br \/>\nSignalintegritet: analyse af h\u00f8jfrekvent signaltransmissionskvalitet<br \/>\n<strong>3. Test af accelereret \u00e6ldning<\/strong><br \/>\nForudsigelse af levetid:Accelereret \u00e6ldning gennem et milj\u00f8 med h\u00f8j temperatur og h\u00f8j luftfugtighed.<br \/>\nKontinuerlig overv\u00e5gning: registrer tendensen for ydelsesparametre<br \/>\nAnalyse af fejl: Brug et elektronmikroskop til at finde potentielle defekter.<\/p>\n<p>Konklusionen er, at de s\u00e6rlige proceskrav til PCBA'er til rumfart afspejles i materialevalg, svejseproces, overfladebehandling, beskyttelsesforanstaltninger og testverifikation og andre aspekter.Kun ved n\u00f8je at f\u00f8lge disse krav og konstant udf\u00f8re teknologisk innovation og procesforbedring kan vi fremstille PCBA-produkter, der opfylder behovene inden for luft- og rumfart.<\/p>","protected":false},"excerpt":{"rendered":"<p>De s\u00e6rlige krav til PCBA'er til luft- og rumfart omfatter materialevalg til barske milj\u00f8er, pr\u00e6cisionsloddeprocesser, overfladebeskyttelsesbehandlinger og standarder for p\u00e5lidelighedstest.<\/p>","protected":false},"featured_media":2471,"comment_status":"open","ping_status":"closed","template":"","meta":[],"product_brand":[],"product_cat":[116],"product_tag":[230,231],"class_list":{"0":"post-2469","1":"product","2":"type-product","3":"status-publish","4":"has-post-thumbnail","6":"product_cat-pcba","7":"product_tag-aerospace-pcb-assembly","8":"product_tag-pcb-assembly","10":"first","11":"instock","12":"shipping-taxable","13":"product-type-simple"},"yoast_head":"<!-- This site is optimized with the Yoast SEO plugin v25.1 - https:\/\/yoast.com\/wordpress\/plugins\/seo\/ -->\n<title>Aerospace PCB Assembly\u200b - Topfastpcb<\/title>\n<meta name=\"description\" content=\"The special requirements of aerospace PCBAs include material selection for harsh environments, precision soldering processes, surface protection treatments and reliability testing standards.\" \/>\n<meta name=\"robots\" content=\"index, follow, max-snippet:-1, max-image-preview:large, max-video-preview:-1\" \/>\n<link rel=\"canonical\" href=\"https:\/\/www.topfastpcb.com\/da\/products\/aerospace-pcb-assembly\/\" \/>\n<meta property=\"og:locale\" content=\"da_DK\" \/>\n<meta property=\"og:type\" content=\"article\" \/>\n<meta property=\"og:title\" content=\"Aerospace PCB Assembly\u200b - Topfastpcb\" \/>\n<meta property=\"og:description\" content=\"The special requirements of aerospace PCBAs include material selection for harsh environments, precision soldering processes, surface protection treatments and reliability testing standards.\" \/>\n<meta property=\"og:url\" content=\"https:\/\/www.topfastpcb.com\/da\/products\/aerospace-pcb-assembly\/\" \/>\n<meta property=\"og:site_name\" content=\"Topfastpcb\" \/>\n<meta property=\"article:modified_time\" content=\"2025-05-12T10:07:54+00:00\" \/>\n<meta property=\"og:image\" content=\"https:\/\/www.topfastpcb.com\/wp-content\/uploads\/2025\/05\/pcba18.jpg\" \/>\n\t<meta property=\"og:image:width\" content=\"750\" \/>\n\t<meta property=\"og:image:height\" content=\"750\" \/>\n\t<meta property=\"og:image:type\" content=\"image\/jpeg\" \/>\n<meta name=\"twitter:card\" content=\"summary_large_image\" \/>\n<meta name=\"twitter:label1\" content=\"Estimeret l\u00e6setid\" \/>\n\t<meta name=\"twitter:data1\" content=\"6 minutter\" \/>\n<script type=\"application\/ld+json\" class=\"yoast-schema-graph\">{\"@context\":\"https:\/\/schema.org\",\"@graph\":[{\"@type\":\"WebPage\",\"@id\":\"https:\/\/www.topfastpcb.com\/products\/aerospace-pcb-assembly\/\",\"url\":\"https:\/\/www.topfastpcb.com\/products\/aerospace-pcb-assembly\/\",\"name\":\"Aerospace PCB Assembly\u200b - Topfastpcb\",\"isPartOf\":{\"@id\":\"https:\/\/www.topfastpcb.com\/#website\"},\"primaryImageOfPage\":{\"@id\":\"https:\/\/www.topfastpcb.com\/products\/aerospace-pcb-assembly\/#primaryimage\"},\"image\":{\"@id\":\"https:\/\/www.topfastpcb.com\/products\/aerospace-pcb-assembly\/#primaryimage\"},\"thumbnailUrl\":\"https:\/\/www.topfastpcb.com\/wp-content\/uploads\/2025\/05\/pcba18.jpg\",\"datePublished\":\"2025-05-12T08:35:40+00:00\",\"dateModified\":\"2025-05-12T10:07:54+00:00\",\"description\":\"The special requirements of aerospace PCBAs include material selection for harsh environments, precision soldering processes, surface protection treatments and reliability testing standards.\",\"breadcrumb\":{\"@id\":\"https:\/\/www.topfastpcb.com\/products\/aerospace-pcb-assembly\/#breadcrumb\"},\"inLanguage\":\"da-DK\",\"potentialAction\":[{\"@type\":\"ReadAction\",\"target\":[\"https:\/\/www.topfastpcb.com\/products\/aerospace-pcb-assembly\/\"]}]},{\"@type\":\"ImageObject\",\"inLanguage\":\"da-DK\",\"@id\":\"https:\/\/www.topfastpcb.com\/products\/aerospace-pcb-assembly\/#primaryimage\",\"url\":\"https:\/\/www.topfastpcb.com\/wp-content\/uploads\/2025\/05\/pcba18.jpg\",\"contentUrl\":\"https:\/\/www.topfastpcb.com\/wp-content\/uploads\/2025\/05\/pcba18.jpg\",\"width\":750,\"height\":750,\"caption\":\"Aerospace PCB Assembly\u200b\"},{\"@type\":\"BreadcrumbList\",\"@id\":\"https:\/\/www.topfastpcb.com\/products\/aerospace-pcb-assembly\/#breadcrumb\",\"itemListElement\":[{\"@type\":\"ListItem\",\"position\":1,\"name\":\"\u9996\u9875\",\"item\":\"https:\/\/www.topfastpcb.com\/\"},{\"@type\":\"ListItem\",\"position\":2,\"name\":\"\u5546\u5e97\",\"item\":\"https:\/\/www.topfastpcb.com\/shop\/\"},{\"@type\":\"ListItem\",\"position\":3,\"name\":\"Aerospace PCB Assembly\u200b\"}]},{\"@type\":\"WebSite\",\"@id\":\"https:\/\/www.topfastpcb.com\/#website\",\"url\":\"https:\/\/www.topfastpcb.com\/\",\"name\":\"Topfastpcb\",\"description\":\"Topfast Prime Choice for Global Electronics Manufacturing\",\"publisher\":{\"@id\":\"https:\/\/www.topfastpcb.com\/#organization\"},\"potentialAction\":[{\"@type\":\"SearchAction\",\"target\":{\"@type\":\"EntryPoint\",\"urlTemplate\":\"https:\/\/www.topfastpcb.com\/?s={search_term_string}\"},\"query-input\":{\"@type\":\"PropertyValueSpecification\",\"valueRequired\":true,\"valueName\":\"search_term_string\"}}],\"inLanguage\":\"da-DK\"},{\"@type\":\"Organization\",\"@id\":\"https:\/\/www.topfastpcb.com\/#organization\",\"name\":\"Topfastpcb\",\"url\":\"https:\/\/www.topfastpcb.com\/\",\"logo\":{\"@type\":\"ImageObject\",\"inLanguage\":\"da-DK\",\"@id\":\"https:\/\/www.topfastpcb.com\/#\/schema\/logo\/image\/\",\"url\":\"https:\/\/www.topfastpcb.com\/wp-content\/uploads\/2026\/02\/cropped-topfast-logo.png\",\"contentUrl\":\"https:\/\/www.topfastpcb.com\/wp-content\/uploads\/2026\/02\/cropped-topfast-logo.png\",\"width\":144,\"height\":56,\"caption\":\"Topfastpcb\"},\"image\":{\"@id\":\"https:\/\/www.topfastpcb.com\/#\/schema\/logo\/image\/\"}}]}<\/script>\n<!-- \/ Yoast SEO plugin. -->","yoast_head_json":{"title":"Aerospace PCB Assembly\u200b - Topfastpcb","description":"The special requirements of aerospace PCBAs include material selection for harsh environments, precision soldering processes, surface protection treatments and reliability testing standards.","robots":{"index":"index","follow":"follow","max-snippet":"max-snippet:-1","max-image-preview":"max-image-preview:large","max-video-preview":"max-video-preview:-1"},"canonical":"https:\/\/www.topfastpcb.com\/da\/products\/aerospace-pcb-assembly\/","og_locale":"da_DK","og_type":"article","og_title":"Aerospace PCB Assembly\u200b - Topfastpcb","og_description":"The special requirements of aerospace PCBAs include material selection for harsh environments, precision soldering processes, surface protection treatments and reliability testing standards.","og_url":"https:\/\/www.topfastpcb.com\/da\/products\/aerospace-pcb-assembly\/","og_site_name":"Topfastpcb","article_modified_time":"2025-05-12T10:07:54+00:00","og_image":[{"width":750,"height":750,"url":"https:\/\/www.topfastpcb.com\/wp-content\/uploads\/2025\/05\/pcba18.jpg","type":"image\/jpeg"}],"twitter_card":"summary_large_image","twitter_misc":{"Estimeret l\u00e6setid":"6 minutter"},"schema":{"@context":"https:\/\/schema.org","@graph":[{"@type":"WebPage","@id":"https:\/\/www.topfastpcb.com\/products\/aerospace-pcb-assembly\/","url":"https:\/\/www.topfastpcb.com\/products\/aerospace-pcb-assembly\/","name":"Aerospace PCB Assembly\u200b - Topfastpcb","isPartOf":{"@id":"https:\/\/www.topfastpcb.com\/#website"},"primaryImageOfPage":{"@id":"https:\/\/www.topfastpcb.com\/products\/aerospace-pcb-assembly\/#primaryimage"},"image":{"@id":"https:\/\/www.topfastpcb.com\/products\/aerospace-pcb-assembly\/#primaryimage"},"thumbnailUrl":"https:\/\/www.topfastpcb.com\/wp-content\/uploads\/2025\/05\/pcba18.jpg","datePublished":"2025-05-12T08:35:40+00:00","dateModified":"2025-05-12T10:07:54+00:00","description":"The special requirements of aerospace PCBAs include material selection for harsh environments, precision soldering processes, surface protection treatments and reliability testing standards.","breadcrumb":{"@id":"https:\/\/www.topfastpcb.com\/products\/aerospace-pcb-assembly\/#breadcrumb"},"inLanguage":"da-DK","potentialAction":[{"@type":"ReadAction","target":["https:\/\/www.topfastpcb.com\/products\/aerospace-pcb-assembly\/"]}]},{"@type":"ImageObject","inLanguage":"da-DK","@id":"https:\/\/www.topfastpcb.com\/products\/aerospace-pcb-assembly\/#primaryimage","url":"https:\/\/www.topfastpcb.com\/wp-content\/uploads\/2025\/05\/pcba18.jpg","contentUrl":"https:\/\/www.topfastpcb.com\/wp-content\/uploads\/2025\/05\/pcba18.jpg","width":750,"height":750,"caption":"Aerospace PCB Assembly\u200b"},{"@type":"BreadcrumbList","@id":"https:\/\/www.topfastpcb.com\/products\/aerospace-pcb-assembly\/#breadcrumb","itemListElement":[{"@type":"ListItem","position":1,"name":"\u9996\u9875","item":"https:\/\/www.topfastpcb.com\/"},{"@type":"ListItem","position":2,"name":"\u5546\u5e97","item":"https:\/\/www.topfastpcb.com\/shop\/"},{"@type":"ListItem","position":3,"name":"Aerospace PCB Assembly\u200b"}]},{"@type":"WebSite","@id":"https:\/\/www.topfastpcb.com\/#website","url":"https:\/\/www.topfastpcb.com\/","name":"Topfastpcb","description":"Topfast Prime Choice for Global Electronics Manufacturing","publisher":{"@id":"https:\/\/www.topfastpcb.com\/#organization"},"potentialAction":[{"@type":"SearchAction","target":{"@type":"EntryPoint","urlTemplate":"https:\/\/www.topfastpcb.com\/?s={search_term_string}"},"query-input":{"@type":"PropertyValueSpecification","valueRequired":true,"valueName":"search_term_string"}}],"inLanguage":"da-DK"},{"@type":"Organization","@id":"https:\/\/www.topfastpcb.com\/#organization","name":"Topfastpcb","url":"https:\/\/www.topfastpcb.com\/","logo":{"@type":"ImageObject","inLanguage":"da-DK","@id":"https:\/\/www.topfastpcb.com\/#\/schema\/logo\/image\/","url":"https:\/\/www.topfastpcb.com\/wp-content\/uploads\/2026\/02\/cropped-topfast-logo.png","contentUrl":"https:\/\/www.topfastpcb.com\/wp-content\/uploads\/2026\/02\/cropped-topfast-logo.png","width":144,"height":56,"caption":"Topfastpcb"},"image":{"@id":"https:\/\/www.topfastpcb.com\/#\/schema\/logo\/image\/"}}]}},"_links":{"self":[{"href":"https:\/\/www.topfastpcb.com\/da\/wp-json\/wp\/v2\/product\/2469","targetHints":{"allow":["GET"]}}],"collection":[{"href":"https:\/\/www.topfastpcb.com\/da\/wp-json\/wp\/v2\/product"}],"about":[{"href":"https:\/\/www.topfastpcb.com\/da\/wp-json\/wp\/v2\/types\/product"}],"replies":[{"embeddable":true,"href":"https:\/\/www.topfastpcb.com\/da\/wp-json\/wp\/v2\/comments?post=2469"}],"wp:featuredmedia":[{"embeddable":true,"href":"https:\/\/www.topfastpcb.com\/da\/wp-json\/wp\/v2\/media\/2471"}],"wp:attachment":[{"href":"https:\/\/www.topfastpcb.com\/da\/wp-json\/wp\/v2\/media?parent=2469"}],"wp:term":[{"taxonomy":"product_brand","embeddable":true,"href":"https:\/\/www.topfastpcb.com\/da\/wp-json\/wp\/v2\/product_brand?post=2469"},{"taxonomy":"product_cat","embeddable":true,"href":"https:\/\/www.topfastpcb.com\/da\/wp-json\/wp\/v2\/product_cat?post=2469"},{"taxonomy":"product_tag","embeddable":true,"href":"https:\/\/www.topfastpcb.com\/da\/wp-json\/wp\/v2\/product_tag?post=2469"}],"curies":[{"name":"wp","href":"https:\/\/api.w.org\/{rel}","templated":true}]}}