{"id":3331,"date":"2025-06-18T08:37:32","date_gmt":"2025-06-18T00:37:32","guid":{"rendered":"https:\/\/www.topfastpcb.com\/?post_type=product&#038;p=3331"},"modified":"2025-06-17T16:01:04","modified_gmt":"2025-06-17T08:01:04","slug":"4-layer-flexible-pcb","status":"publish","type":"product","link":"https:\/\/www.topfastpcb.com\/da\/products\/4-layer-flexible-pcb\/","title":{"rendered":"4-lags fleksibelt printkort"},"content":{"rendered":"<div id=\"ez-toc-container\" class=\"ez-toc-v2_0_74 counter-hierarchy ez-toc-counter ez-toc-custom ez-toc-container-direction\">\n<div class=\"ez-toc-title-container\">\n<p class=\"ez-toc-title\" style=\"cursor:inherit\">Indholdsfortegnelse<\/p>\n<span class=\"ez-toc-title-toggle\"><\/span><\/div>\n<nav><ul class='ez-toc-list ez-toc-list-level-1' ><li class='ez-toc-page-1 ez-toc-heading-level-2'><a class=\"ez-toc-link ez-toc-heading-1\" href=\"https:\/\/www.topfastpcb.com\/da\/products\/4-layer-flexible-pcb\/#Topfast_Professional_4-Layer_Flexible_PCB\" >Topfast Professional 4-lags fleksibelt printkort<\/a><\/li><li class='ez-toc-page-1 ez-toc-heading-level-2'><a class=\"ez-toc-link ez-toc-heading-2\" href=\"https:\/\/www.topfastpcb.com\/da\/products\/4-layer-flexible-pcb\/#Key_Advantages_of_Topfasts_4-Layer_Flexible_PCB\" >Vigtige fordele ved Topfasts 4-lags fleksible printkort<\/a><ul class='ez-toc-list-level-3' ><li class='ez-toc-heading-level-3'><a class=\"ez-toc-link ez-toc-heading-3\" href=\"https:\/\/www.topfastpcb.com\/da\/products\/4-layer-flexible-pcb\/#1_High-Density_Wiring_for_Complex_Circuits\" >1.Ledninger med h\u00f8j densitet til komplekse kredsl\u00f8b<\/a><\/li><li class='ez-toc-page-1 ez-toc-heading-level-3'><a class=\"ez-toc-link ez-toc-heading-4\" href=\"https:\/\/www.topfastpcb.com\/da\/products\/4-layer-flexible-pcb\/#2_Superior_Flexibility_for_Dynamic_Bending_Environments\" >2.Overlegen fleksibilitet til dynamiske b\u00f8jningsmilj\u00f8er<\/a><\/li><li class='ez-toc-page-1 ez-toc-heading-level-3'><a class=\"ez-toc-link ez-toc-heading-5\" href=\"https:\/\/www.topfastpcb.com\/da\/products\/4-layer-flexible-pcb\/#3_Tight_Impedance_Control_for_Signal_Integrity\" >3.Stram impedansstyring for signalintegritet<\/a><\/li><li class='ez-toc-page-1 ez-toc-heading-level-3'><a class=\"ez-toc-link ez-toc-heading-6\" href=\"https:\/\/www.topfastpcb.com\/da\/products\/4-layer-flexible-pcb\/#4_Multi-Layer_Shielding_for_EMIEMC_Protection\" >4.Flerlagsafsk\u00e6rmning til EMI\/EMC-beskyttelse<\/a><\/li><li class='ez-toc-page-1 ez-toc-heading-level-3'><a class=\"ez-toc-link ez-toc-heading-7\" href=\"https:\/\/www.topfastpcb.com\/da\/products\/4-layer-flexible-pcb\/#5_High-Reliability_Manufacturing_Process\" >5. Produktionsproces med h\u00f8j p\u00e5lidelighed<\/a><\/li><\/ul><\/li><li class='ez-toc-page-1 ez-toc-heading-level-2'><a class=\"ez-toc-link ez-toc-heading-8\" href=\"https:\/\/www.topfastpcb.com\/da\/products\/4-layer-flexible-pcb\/#Typical_Applications_of_Topfasts_4-Layer_Flexible_PCB\" >Typiske anvendelser af Topfasts 4-lags fleksible printkort<\/a><\/li><li class='ez-toc-page-1 ez-toc-heading-level-2'><a class=\"ez-toc-link ez-toc-heading-9\" href=\"https:\/\/www.topfastpcb.com\/da\/products\/4-layer-flexible-pcb\/#Why_Choose_Topfast\" >Hvorfor v\u00e6lge Topfast?<\/a><\/li><li class='ez-toc-page-1 ez-toc-heading-level-2'><a class=\"ez-toc-link ez-toc-heading-10\" href=\"https:\/\/www.topfastpcb.com\/da\/products\/4-layer-flexible-pcb\/#Conclusion\" >Konklusion<\/a><\/li><\/ul><\/nav><\/div>\n\n<h2><span class=\"ez-toc-section\" id=\"Topfast_Professional_4-Layer_Flexible_PCB\"><\/span>Topfast Professional 4-lags fleksibelt printkort<span class=\"ez-toc-section-end\"><\/span><\/h2>\n<p>I nutidens st\u00e6rkt integrerede elektroniske enheder, <strong>Fleksible printkort med 4 lag<\/strong> er blevet den foretrukne l\u00f8sning til avanceret industri-, medicinal-, bil- og forbrugerelektronik p\u00e5 grund af deres overlegne ledningst\u00e6thed, dynamiske b\u00f8jningsevne og enest\u00e5ende p\u00e5lidelighed. Med 17 \u00e5rs erfaring, <strong>Topfast<\/strong> har specialiseret sig i design, fremstilling og samling af 4-lags fleksible printkort, der leverer h\u00f8jtydende og ultra-p\u00e5lidelige fleksible kredsl\u00f8b til kr\u00e6vende anvendelser.<\/p>\n<h2><span class=\"ez-toc-section\" id=\"Key_Advantages_of_Topfasts_4-Layer_Flexible_PCB\"><\/span>Vigtige fordele ved Topfasts 4-lags fleksible printkort<span class=\"ez-toc-section-end\"><\/span><\/h2>\n<h3><span class=\"ez-toc-section\" id=\"1_High-Density_Wiring_for_Complex_Circuits\"><\/span>1.Ledninger med h\u00f8j densitet til komplekse kredsl\u00f8b<span class=\"ez-toc-section-end\"><\/span><\/h3>\n<p>Topfasts 4-lags <a href=\"https:\/\/www.topfastpcb.com\/da\/products\/category\/flexible-pcb\/\">fleksible printkort<\/a> bruger et pr\u00e6cisionsstack-up-design, der underst\u00f8tter 4-lags kobbersporing for h\u00f8jere ledningst\u00e6thed, hvilket g\u00f8r dem ideelle til komplekse kredsl\u00f8bsdesign.Uanset om det drejer sig om h\u00f8jhastigheds-signaltransmission, impedanskontrol eller flerlagsafsk\u00e6rmning, leverer vores fleksible PCB'er fejlfri ydeevne.<\/p>\n<h3><span class=\"ez-toc-section\" id=\"2_Superior_Flexibility_for_Dynamic_Bending_Environments\"><\/span>2.Overlegen fleksibilitet til dynamiske b\u00f8jningsmilj\u00f8er<span class=\"ez-toc-section-end\"><\/span><\/h3>\n<p>Vores 4-lags fleksible printkort er fremstillet af h\u00f8jkvalitets polyimid (PI)-materiale og har en fremragende b\u00f8jningsevne, der modst\u00e5r over 500.000 dynamiske b\u00f8jningscyklusser. De er perfekte til b\u00e6rbare enheder, foldbare smartphones, robotled og andre h\u00f8jfrekvente b\u00f8jningsopgaver.<\/p>\n<h3><span class=\"ez-toc-section\" id=\"3_Tight_Impedance_Control_for_Signal_Integrity\"><\/span>3.Stram impedansstyring for signalintegritet<span class=\"ez-toc-section-end\"><\/span><\/h3>\n<p>Topfasts 4-lags fleksible PCB'er har pr\u00e6cisionsdesign med impedanstilpasning med tolerancer kontrolleret inden for \u00b15 %, hvilket g\u00f8r dem ideelle til digitale h\u00f8jhastighedssignaler (USB 3.0, HDMI) og h\u00f8jfrekvente RF-applikationer (5G, Wi-Fi 6) for at sikre stabil, interferensfri transmission.<\/p>\n<h3><span class=\"ez-toc-section\" id=\"4_Multi-Layer_Shielding_for_EMIEMC_Protection\"><\/span>4.Flerlagsafsk\u00e6rmning til EMI\/EMC-beskyttelse<span class=\"ez-toc-section-end\"><\/span><\/h3>\n<p>Med optimerede stack-up-konfigurationer (f.eks. \uff0c symmetrisk jord- og str\u00f8mplan-design) giver vores 4-lags fleksible PCB'er fremragende EMI\/RFI-afsk\u00e6rmning, der er velegnet til bilelektronik, medicinsk udstyr og industrielle kontrolsystemer med strenge krav til elektromagnetisk kompatibilitet.<\/p>\n<h3><span class=\"ez-toc-section\" id=\"5_High-Reliability_Manufacturing_Process\"><\/span>5. Produktionsproces med h\u00f8j p\u00e5lidelighed<span class=\"ez-toc-section-end\"><\/span><\/h3>\n<p>30 \u03bcm laserboring for mikrovia-pr\u00e6cision<br \/>\n100 % AOI\/ICT-test for at eliminere fejl<br \/>\nIPC-6013-certificeret, opfylder branchens h\u00f8jeste standarder<br \/>\n72 timers hurtig prototyping for at fremskynde udviklingen<\/p>\n<h2><img loading=\"lazy\" decoding=\"async\" src=\"https:\/\/www.topfastpcb.com\/wp-content\/uploads\/2025\/06\/4-Layer-Flexible-PCB.jpg\" alt=\"4-lags fleksibelt printkort\" width=\"600\" height=\"402\" class=\"aligncenter size-full wp-image-3336\" srcset=\"https:\/\/www.topfastpcb.com\/wp-content\/uploads\/2025\/06\/4-Layer-Flexible-PCB.jpg 600w, https:\/\/www.topfastpcb.com\/wp-content\/uploads\/2025\/06\/4-Layer-Flexible-PCB-300x201.jpg 300w, https:\/\/www.topfastpcb.com\/wp-content\/uploads\/2025\/06\/4-Layer-Flexible-PCB-18x12.jpg 18w\" sizes=\"auto, (max-width: 600px) 100vw, 600px\" \/><\/h2>\n<h2><span class=\"ez-toc-section\" id=\"Typical_Applications_of_Topfasts_4-Layer_Flexible_PCB\"><\/span>Typiske anvendelser af Topfasts 4-lags fleksible printkort<span class=\"ez-toc-section-end\"><\/span><\/h2>\n<p><strong>Medicinsk udstyr<\/strong>Endoskoper, b\u00e6rbare sundhedsmonitorer, implanterbare sensorer<br \/>\n<strong>Elektronik til biler<\/strong>Sk\u00e6rme i k\u00f8ret\u00f8jet, ADAS-sensorer, LiDAR<br \/>\n<strong>Forbrugerelektronik<\/strong>Sammenklappelige smartphones, AR\/VR-briller, smartwatches<br \/>\n<strong>Industriel kontrol<\/strong>Fleksible robotforbindelser, HMI-paneler, bev\u00e6gelseskontroller<br \/>\n<strong>Luft- og rumfart og forsvar<\/strong>: Avioniske kommunikationssystemer, droneflyvningskontrol<\/p>\n<h2><span class=\"ez-toc-section\" id=\"Why_Choose_Topfast\"><\/span>Hvorfor v\u00e6lge Topfast?<span class=\"ez-toc-section-end\"><\/span><\/h2>\n<p>17+ \u00e5rs brancheekspertise inden for h\u00f8j pr\u00e6cision <a href=\"https:\/\/www.topfastpcb.com\/da\/\">PCB-fremstilling<\/a><br \/>\n20.000\u33a1 moderne fabrik med laserboring, VCP-bel\u00e6gning og avanceret udstyr<br \/>\nStreng kvalitetskontrol med 100 % test med flyvende sonde og r\u00f8ntgeninspektion<br \/>\nHurtig respons - 72 timers prototyping &amp; st\u00f8tte til produktion af sm\u00e5 partier<br \/>\nOmkostningsoptimering - 15-30 % materialebesparelser gennem optimeret stakningsdesign<\/p>\n<h2><span class=\"ez-toc-section\" id=\"Conclusion\"><\/span>Konklusion<span class=\"ez-toc-section-end\"><\/span><\/h2>\n<p>Topfasts 4-lags fleksible printkort har h\u00f8j routingt\u00e6thed, enest\u00e5ende fleksibilitet og strenge produktionsstandarder, hvilket g\u00f8r dem til det ideelle valg til avanceret elektronik i medicinske, bil-, forbruger- og industrielle applikationer. Vi leverer fleksible kredsl\u00f8bsl\u00f8sninger med h\u00f8j p\u00e5lidelighed og h\u00f8j ydeevne, der er skr\u00e6ddersyet til dine behov. Kontakt os i dag for at f\u00e5 din skr\u00e6ddersyede 4-lags fleksible PCB-l\u00f8sning!<\/p>","protected":false},"excerpt":{"rendered":"<p>Denne artikel introducerer Topfasts 4-lags fleksible printkort og fremh\u00e6ver deres routing med h\u00f8j t\u00e6thed, dynamiske b\u00f8jelighed, impedansstyring og EMI-afsk\u00e6rmning. Den d\u00e6kker vigtige anvendelser inden for medicin, bilindustri og forbrugerelektronik og understreger Topfasts professionalisme og p\u00e5lidelighed inden for fremstilling af fleksible printkort.<\/p>","protected":false},"featured_media":3332,"comment_status":"closed","ping_status":"closed","template":"","meta":[],"product_brand":[],"product_cat":[96],"product_tag":[103,211],"class_list":{"0":"post-3331","1":"product","2":"type-product","3":"status-publish","4":"has-post-thumbnail","6":"product_cat-flexible-pcb","7":"product_tag-flexible-pcb","8":"product_tag-multilayer-flexible-pcb","10":"first","11":"instock","12":"shipping-taxable","13":"product-type-simple"},"yoast_head":"<!-- This site is optimized with the Yoast SEO plugin v25.1 - https:\/\/yoast.com\/wordpress\/plugins\/seo\/ -->\n<title>4-Layer Flexible PCB - Topfastpcb<\/title>\n<meta name=\"description\" content=\"Topfast specializes in 4-layer flexible PCBs with high-density wiring, dynamic bending, and tight impedance control for medical, automotive, and consumer electronics. 17+ years of expertise, 72-hour prototyping, IPC-6013 certified.\" \/>\n<meta name=\"robots\" content=\"index, follow, max-snippet:-1, max-image-preview:large, max-video-preview:-1\" \/>\n<link rel=\"canonical\" href=\"https:\/\/www.topfastpcb.com\/da\/products\/4-layer-flexible-pcb\/\" \/>\n<meta property=\"og:locale\" content=\"da_DK\" \/>\n<meta property=\"og:type\" content=\"article\" \/>\n<meta property=\"og:title\" content=\"4-Layer Flexible PCB - Topfastpcb\" \/>\n<meta property=\"og:description\" content=\"Topfast specializes in 4-layer flexible PCBs with high-density wiring, dynamic bending, and tight impedance control for medical, automotive, and consumer electronics. 17+ years of expertise, 72-hour prototyping, IPC-6013 certified.\" \/>\n<meta property=\"og:url\" content=\"https:\/\/www.topfastpcb.com\/da\/products\/4-layer-flexible-pcb\/\" \/>\n<meta property=\"og:site_name\" content=\"Topfastpcb\" \/>\n<meta property=\"og:image\" content=\"https:\/\/www.topfastpcb.com\/wp-content\/uploads\/2025\/06\/Flexible-PCB-22.jpg\" \/>\n\t<meta property=\"og:image:width\" content=\"800\" \/>\n\t<meta property=\"og:image:height\" content=\"800\" \/>\n\t<meta property=\"og:image:type\" content=\"image\/jpeg\" \/>\n<meta name=\"twitter:card\" content=\"summary_large_image\" \/>\n<meta name=\"twitter:label1\" content=\"Estimeret l\u00e6setid\" \/>\n\t<meta name=\"twitter:data1\" content=\"3 minutter\" \/>\n<script type=\"application\/ld+json\" class=\"yoast-schema-graph\">{\"@context\":\"https:\/\/schema.org\",\"@graph\":[{\"@type\":\"WebPage\",\"@id\":\"https:\/\/www.topfastpcb.com\/products\/4-layer-flexible-pcb\/\",\"url\":\"https:\/\/www.topfastpcb.com\/products\/4-layer-flexible-pcb\/\",\"name\":\"4-Layer Flexible PCB - Topfastpcb\",\"isPartOf\":{\"@id\":\"https:\/\/www.topfastpcb.com\/#website\"},\"primaryImageOfPage\":{\"@id\":\"https:\/\/www.topfastpcb.com\/products\/4-layer-flexible-pcb\/#primaryimage\"},\"image\":{\"@id\":\"https:\/\/www.topfastpcb.com\/products\/4-layer-flexible-pcb\/#primaryimage\"},\"thumbnailUrl\":\"https:\/\/www.topfastpcb.com\/wp-content\/uploads\/2025\/06\/Flexible-PCB-22.jpg\",\"datePublished\":\"2025-06-18T00:37:32+00:00\",\"description\":\"Topfast specializes in 4-layer flexible PCBs with high-density wiring, dynamic bending, and tight impedance control for medical, automotive, and consumer electronics. 17+ years of expertise, 72-hour prototyping, IPC-6013 certified.\",\"breadcrumb\":{\"@id\":\"https:\/\/www.topfastpcb.com\/products\/4-layer-flexible-pcb\/#breadcrumb\"},\"inLanguage\":\"da-DK\",\"potentialAction\":[{\"@type\":\"ReadAction\",\"target\":[\"https:\/\/www.topfastpcb.com\/products\/4-layer-flexible-pcb\/\"]}]},{\"@type\":\"ImageObject\",\"inLanguage\":\"da-DK\",\"@id\":\"https:\/\/www.topfastpcb.com\/products\/4-layer-flexible-pcb\/#primaryimage\",\"url\":\"https:\/\/www.topfastpcb.com\/wp-content\/uploads\/2025\/06\/Flexible-PCB-22.jpg\",\"contentUrl\":\"https:\/\/www.topfastpcb.com\/wp-content\/uploads\/2025\/06\/Flexible-PCB-22.jpg\",\"width\":800,\"height\":800,\"caption\":\"4-Layer Flexible PCB\"},{\"@type\":\"BreadcrumbList\",\"@id\":\"https:\/\/www.topfastpcb.com\/products\/4-layer-flexible-pcb\/#breadcrumb\",\"itemListElement\":[{\"@type\":\"ListItem\",\"position\":1,\"name\":\"\u9996\u9875\",\"item\":\"https:\/\/www.topfastpcb.com\/\"},{\"@type\":\"ListItem\",\"position\":2,\"name\":\"\u5546\u5e97\",\"item\":\"https:\/\/www.topfastpcb.com\/shop\/\"},{\"@type\":\"ListItem\",\"position\":3,\"name\":\"4-Layer Flexible PCB\"}]},{\"@type\":\"WebSite\",\"@id\":\"https:\/\/www.topfastpcb.com\/#website\",\"url\":\"https:\/\/www.topfastpcb.com\/\",\"name\":\"Topfastpcb\",\"description\":\"Topfast Prime Choice for Global Electronics Manufacturing\",\"publisher\":{\"@id\":\"https:\/\/www.topfastpcb.com\/#organization\"},\"potentialAction\":[{\"@type\":\"SearchAction\",\"target\":{\"@type\":\"EntryPoint\",\"urlTemplate\":\"https:\/\/www.topfastpcb.com\/?s={search_term_string}\"},\"query-input\":{\"@type\":\"PropertyValueSpecification\",\"valueRequired\":true,\"valueName\":\"search_term_string\"}}],\"inLanguage\":\"da-DK\"},{\"@type\":\"Organization\",\"@id\":\"https:\/\/www.topfastpcb.com\/#organization\",\"name\":\"Topfastpcb\",\"url\":\"https:\/\/www.topfastpcb.com\/\",\"logo\":{\"@type\":\"ImageObject\",\"inLanguage\":\"da-DK\",\"@id\":\"https:\/\/www.topfastpcb.com\/#\/schema\/logo\/image\/\",\"url\":\"https:\/\/www.topfastpcb.com\/wp-content\/uploads\/2026\/02\/cropped-topfast-logo.png\",\"contentUrl\":\"https:\/\/www.topfastpcb.com\/wp-content\/uploads\/2026\/02\/cropped-topfast-logo.png\",\"width\":144,\"height\":56,\"caption\":\"Topfastpcb\"},\"image\":{\"@id\":\"https:\/\/www.topfastpcb.com\/#\/schema\/logo\/image\/\"}}]}<\/script>\n<!-- \/ Yoast SEO plugin. -->","yoast_head_json":{"title":"4-Layer Flexible PCB - Topfastpcb","description":"Topfast specializes in 4-layer flexible PCBs with high-density wiring, dynamic bending, and tight impedance control for medical, automotive, and consumer electronics. 17+ years of expertise, 72-hour prototyping, IPC-6013 certified.","robots":{"index":"index","follow":"follow","max-snippet":"max-snippet:-1","max-image-preview":"max-image-preview:large","max-video-preview":"max-video-preview:-1"},"canonical":"https:\/\/www.topfastpcb.com\/da\/products\/4-layer-flexible-pcb\/","og_locale":"da_DK","og_type":"article","og_title":"4-Layer Flexible PCB - Topfastpcb","og_description":"Topfast specializes in 4-layer flexible PCBs with high-density wiring, dynamic bending, and tight impedance control for medical, automotive, and consumer electronics. 17+ years of expertise, 72-hour prototyping, IPC-6013 certified.","og_url":"https:\/\/www.topfastpcb.com\/da\/products\/4-layer-flexible-pcb\/","og_site_name":"Topfastpcb","og_image":[{"width":800,"height":800,"url":"https:\/\/www.topfastpcb.com\/wp-content\/uploads\/2025\/06\/Flexible-PCB-22.jpg","type":"image\/jpeg"}],"twitter_card":"summary_large_image","twitter_misc":{"Estimeret l\u00e6setid":"3 minutter"},"schema":{"@context":"https:\/\/schema.org","@graph":[{"@type":"WebPage","@id":"https:\/\/www.topfastpcb.com\/products\/4-layer-flexible-pcb\/","url":"https:\/\/www.topfastpcb.com\/products\/4-layer-flexible-pcb\/","name":"4-Layer Flexible PCB - Topfastpcb","isPartOf":{"@id":"https:\/\/www.topfastpcb.com\/#website"},"primaryImageOfPage":{"@id":"https:\/\/www.topfastpcb.com\/products\/4-layer-flexible-pcb\/#primaryimage"},"image":{"@id":"https:\/\/www.topfastpcb.com\/products\/4-layer-flexible-pcb\/#primaryimage"},"thumbnailUrl":"https:\/\/www.topfastpcb.com\/wp-content\/uploads\/2025\/06\/Flexible-PCB-22.jpg","datePublished":"2025-06-18T00:37:32+00:00","description":"Topfast specializes in 4-layer flexible PCBs with high-density wiring, dynamic bending, and tight impedance control for medical, automotive, and consumer electronics. 17+ years of expertise, 72-hour prototyping, IPC-6013 certified.","breadcrumb":{"@id":"https:\/\/www.topfastpcb.com\/products\/4-layer-flexible-pcb\/#breadcrumb"},"inLanguage":"da-DK","potentialAction":[{"@type":"ReadAction","target":["https:\/\/www.topfastpcb.com\/products\/4-layer-flexible-pcb\/"]}]},{"@type":"ImageObject","inLanguage":"da-DK","@id":"https:\/\/www.topfastpcb.com\/products\/4-layer-flexible-pcb\/#primaryimage","url":"https:\/\/www.topfastpcb.com\/wp-content\/uploads\/2025\/06\/Flexible-PCB-22.jpg","contentUrl":"https:\/\/www.topfastpcb.com\/wp-content\/uploads\/2025\/06\/Flexible-PCB-22.jpg","width":800,"height":800,"caption":"4-Layer Flexible PCB"},{"@type":"BreadcrumbList","@id":"https:\/\/www.topfastpcb.com\/products\/4-layer-flexible-pcb\/#breadcrumb","itemListElement":[{"@type":"ListItem","position":1,"name":"\u9996\u9875","item":"https:\/\/www.topfastpcb.com\/"},{"@type":"ListItem","position":2,"name":"\u5546\u5e97","item":"https:\/\/www.topfastpcb.com\/shop\/"},{"@type":"ListItem","position":3,"name":"4-Layer Flexible PCB"}]},{"@type":"WebSite","@id":"https:\/\/www.topfastpcb.com\/#website","url":"https:\/\/www.topfastpcb.com\/","name":"Topfastpcb","description":"Topfast Prime Choice for Global Electronics Manufacturing","publisher":{"@id":"https:\/\/www.topfastpcb.com\/#organization"},"potentialAction":[{"@type":"SearchAction","target":{"@type":"EntryPoint","urlTemplate":"https:\/\/www.topfastpcb.com\/?s={search_term_string}"},"query-input":{"@type":"PropertyValueSpecification","valueRequired":true,"valueName":"search_term_string"}}],"inLanguage":"da-DK"},{"@type":"Organization","@id":"https:\/\/www.topfastpcb.com\/#organization","name":"Topfastpcb","url":"https:\/\/www.topfastpcb.com\/","logo":{"@type":"ImageObject","inLanguage":"da-DK","@id":"https:\/\/www.topfastpcb.com\/#\/schema\/logo\/image\/","url":"https:\/\/www.topfastpcb.com\/wp-content\/uploads\/2026\/02\/cropped-topfast-logo.png","contentUrl":"https:\/\/www.topfastpcb.com\/wp-content\/uploads\/2026\/02\/cropped-topfast-logo.png","width":144,"height":56,"caption":"Topfastpcb"},"image":{"@id":"https:\/\/www.topfastpcb.com\/#\/schema\/logo\/image\/"}}]}},"_links":{"self":[{"href":"https:\/\/www.topfastpcb.com\/da\/wp-json\/wp\/v2\/product\/3331","targetHints":{"allow":["GET"]}}],"collection":[{"href":"https:\/\/www.topfastpcb.com\/da\/wp-json\/wp\/v2\/product"}],"about":[{"href":"https:\/\/www.topfastpcb.com\/da\/wp-json\/wp\/v2\/types\/product"}],"replies":[{"embeddable":true,"href":"https:\/\/www.topfastpcb.com\/da\/wp-json\/wp\/v2\/comments?post=3331"}],"wp:featuredmedia":[{"embeddable":true,"href":"https:\/\/www.topfastpcb.com\/da\/wp-json\/wp\/v2\/media\/3332"}],"wp:attachment":[{"href":"https:\/\/www.topfastpcb.com\/da\/wp-json\/wp\/v2\/media?parent=3331"}],"wp:term":[{"taxonomy":"product_brand","embeddable":true,"href":"https:\/\/www.topfastpcb.com\/da\/wp-json\/wp\/v2\/product_brand?post=3331"},{"taxonomy":"product_cat","embeddable":true,"href":"https:\/\/www.topfastpcb.com\/da\/wp-json\/wp\/v2\/product_cat?post=3331"},{"taxonomy":"product_tag","embeddable":true,"href":"https:\/\/www.topfastpcb.com\/da\/wp-json\/wp\/v2\/product_tag?post=3331"}],"curies":[{"name":"wp","href":"https:\/\/api.w.org\/{rel}","templated":true}]}}