{"id":3337,"date":"2025-06-19T08:34:41","date_gmt":"2025-06-19T00:34:41","guid":{"rendered":"https:\/\/www.topfastpcb.com\/?post_type=product&#038;p=3337"},"modified":"2025-06-24T10:07:16","modified_gmt":"2025-06-24T02:07:16","slug":"mcu","status":"publish","type":"product","link":"https:\/\/www.topfastpcb.com\/da\/products\/mcu\/","title":{"rendered":"MCU (mikrocontroller-enhed)"},"content":{"rendered":"<div id=\"ez-toc-container\" class=\"ez-toc-v2_0_74 counter-hierarchy ez-toc-counter ez-toc-custom ez-toc-container-direction\">\n<div class=\"ez-toc-title-container\">\n<p class=\"ez-toc-title\" style=\"cursor:inherit\">Indholdsfortegnelse<\/p>\n<span class=\"ez-toc-title-toggle\"><\/span><\/div>\n<nav><ul class='ez-toc-list ez-toc-list-level-1' ><li class='ez-toc-page-1 ez-toc-heading-level-2'><a class=\"ez-toc-link ez-toc-heading-1\" href=\"https:\/\/www.topfastpcb.com\/da\/products\/mcu\/#Topfast_MCU_Procurement\" >Topfast MCU-indk\u00f8b<\/a><ul class='ez-toc-list-level-3' ><li class='ez-toc-heading-level-3'><a class=\"ez-toc-link ez-toc-heading-2\" href=\"https:\/\/www.topfastpcb.com\/da\/products\/mcu\/#Key_Advantages_of_MCU_Procurement\" >Vigtige fordele ved MCU-indk\u00f8b:<\/a><\/li><\/ul><\/li><li class='ez-toc-page-1 ez-toc-heading-level-2'><a class=\"ez-toc-link ez-toc-heading-3\" href=\"https:\/\/www.topfastpcb.com\/da\/products\/mcu\/#High-Precision_MCU_PCB_Assembly\" >MCU PCB-samling med h\u00f8j pr\u00e6cision<\/a><ul class='ez-toc-list-level-3' ><li class='ez-toc-heading-level-3'><a class=\"ez-toc-link ez-toc-heading-4\" href=\"https:\/\/www.topfastpcb.com\/da\/products\/mcu\/#Key_Features_of_MCU_PCB_Assembly\" >N\u00f8glefunktioner i MCU PCB Assembly:<\/a><\/li><\/ul><\/li><li class='ez-toc-page-1 ez-toc-heading-level-2'><a class=\"ez-toc-link ez-toc-heading-5\" href=\"https:\/\/www.topfastpcb.com\/da\/products\/mcu\/#One-Stop_MCU_PCB_Solution\" >One-Stop MCU + PCB-l\u00f8sning<\/a><ul class='ez-toc-list-level-3' ><li class='ez-toc-heading-level-3'><a class=\"ez-toc-link ez-toc-heading-6\" href=\"https:\/\/www.topfastpcb.com\/da\/products\/mcu\/#Topfasts_Competitive_Edge\" >Topfasts konkurrencefordel:<\/a><\/li><\/ul><\/li><li class='ez-toc-page-1 ez-toc-heading-level-2'><a class=\"ez-toc-link ez-toc-heading-7\" href=\"https:\/\/www.topfastpcb.com\/da\/products\/mcu\/#Applications\" >Anvendelser<\/a><\/li><li class='ez-toc-page-1 ez-toc-heading-level-2'><a class=\"ez-toc-link ez-toc-heading-8\" href=\"https:\/\/www.topfastpcb.com\/da\/products\/mcu\/#Why_choose_Topfast\" >Hvorfor v\u00e6lge Topfast?<\/a><\/li><\/ul><\/nav><\/div>\n\n<p class=\"ds-markdown-paragraph\">I dagens hurtigt udviklende elektronikindustri er mikrocontrollere (MCU'er) kernen i smarte enheder, mens PCB-samling af h\u00f8j kvalitet sikrer stabil ydeevne. Som en f\u00f8rende printkortproducent med<span>\u00a0<\/span><strong>17 \u00e5rs erfaring i branchen<\/strong>,<span>\u00a0<\/span><a href=\"https:\/\/www.topfastpcb.com\/da\/\"><strong>Topfast<\/strong><\/a><span>\u00a0<\/span>giver<span>\u00a0<\/span><strong>one-stop MCU-indk\u00f8b og PCB-samlingstjenester<\/strong>og hj\u00e6lper kunderne med at reducere risici i forsyningsk\u00e6den, optimere omkostningerne og fremskynde time-to-market.<\/p>\n<h2><span class=\"ez-toc-section\" id=\"Topfast_MCU_Procurement\"><\/span><strong>Topfast MCU-indk\u00f8b<\/strong><span class=\"ez-toc-section-end\"><\/span><\/h2>\n<p class=\"ds-markdown-paragraph\">Vi har direkte partnerskaber med de bedste globale MCU-m\u00e6rker, hvilket sikrer<span>\u00a0<\/span><strong>Autentiske komponenter, stabil forsyning<\/strong>og<span>\u00a0<\/span><strong>konkurrencedygtige priser<\/strong>. Uanset om du har brug for<span>\u00a0<\/span><strong><a href=\"https:\/\/www.topfastpcb.com\/da\/products\/stm32f103c8t6-microcontroller\/\">STM32<\/a>, ESP32, PIC, NXP, TI<\/strong>eller andre popul\u00e6re modeller, tilbyder vi<span>\u00a0<\/span><strong>fuld BOM-underst\u00f8ttelse<\/strong><span>\u00a0<\/span>og alternative l\u00f8sninger for at forhindre produktionsforsinkelser p\u00e5 grund af mangel.<\/p>\n<h3><span class=\"ez-toc-section\" id=\"Key_Advantages_of_MCU_Procurement\"><\/span><strong>Vigtige fordele ved MCU-indk\u00f8b:<\/strong><span class=\"ez-toc-section-end\"><\/span><\/h3>\n<p class=\"ds-markdown-paragraph\"><strong>Direkte levering<\/strong><span>\u00a0<\/span>- STM, NXP, Microchip, TI, Renesas og andre autoriserede kanaler, hvilket eliminerer risikoen for forfalskninger<br \/>\n<strong>Optimering af styklister<\/strong><span>\u00a0<\/span>- Ekspertteam giver omkostningseffektive alternativer<br \/>\n<strong>Batch-sporbarhed<\/strong><span>\u00a0<\/span>- Streng kvalitetskontrol sikrer p\u00e5lidelige indk\u00f8b<br \/>\n<strong>H\u00e5ndtering af for\u00e6ldelse<\/strong><span>\u00a0<\/span>- Tidlige advarsler om udg\u00e5ede komponenter med opgraderingsanbefalinger<\/p>\n<h2><img loading=\"lazy\" decoding=\"async\" src=\"https:\/\/www.topfastpcb.com\/wp-content\/uploads\/2025\/06\/mcu.jpg\" alt=\"mcu\" width=\"600\" height=\"402\" class=\"aligncenter size-full wp-image-3338\" srcset=\"https:\/\/www.topfastpcb.com\/wp-content\/uploads\/2025\/06\/mcu.jpg 600w, https:\/\/www.topfastpcb.com\/wp-content\/uploads\/2025\/06\/mcu-300x201.jpg 300w, https:\/\/www.topfastpcb.com\/wp-content\/uploads\/2025\/06\/mcu-18x12.jpg 18w\" sizes=\"auto, (max-width: 600px) 100vw, 600px\" \/><\/h2>\n<h2><span class=\"ez-toc-section\" id=\"High-Precision_MCU_PCB_Assembly\"><\/span><strong>MCU PCB-samling med h\u00f8j pr\u00e6cision<\/strong><span class=\"ez-toc-section-end\"><\/span><\/h2>\n<p class=\"ds-markdown-paragraph\">MCU'ens ydeevne afh\u00e6nger ikke kun af selve chippen, men ogs\u00e5 af PCB-design, loddeprocesser og testning. Topfasts<span>\u00a0<\/span><strong>avanceret SMT-produktionslinje<\/strong><span>\u00a0<\/span>st\u00f8tter<span>\u00a0<\/span><strong>0,3 mm finpitch-placering, BGA-r\u00f8ntgeninspektion og AOI\/ICT-testning<\/strong>, der garanterer<span>\u00a0<\/span><strong>h\u00f8j pr\u00e6cision og p\u00e5lidelighed<\/strong><span>\u00a0<\/span>i MCU PCB-samling.<\/p>\n<h3><span class=\"ez-toc-section\" id=\"Key_Features_of_MCU_PCB_Assembly\"><\/span><strong>N\u00f8glefunktioner i MCU <a href=\"https:\/\/www.topfastpcb.com\/da\/products\/category\/pcba\/\">PCB-samling<\/a>:<\/strong><span class=\"ez-toc-section-end\"><\/span><\/h3>\n<p class=\"ds-markdown-paragraph\"><strong>Pr\u00e6cis placering<\/strong><span>\u00a0<\/span>- Underst\u00f8tter QFP, LGA, BGA og andre komplekse pakker<br \/>\n<strong>R\u00f8ntgeninspektion<\/strong><span>\u00a0<\/span>- Sikrer fejlfri BGA-lodning<br \/>\n<strong>Forprogrammering af firmware<\/strong><span>\u00a0<\/span>- MCU-flashing for at reducere yderligere trin<br \/>\n<strong>Omfattende testning<\/strong><span>\u00a0<\/span>- AOI, flying probe, funktionstest for at eliminere fejl<\/p>\n<h2><span class=\"ez-toc-section\" id=\"One-Stop_MCU_PCB_Solution\"><\/span><strong>One-Stop MCU + PCB-l\u00f8sning<\/strong><span class=\"ez-toc-section-end\"><\/span><\/h2>\n<p class=\"ds-markdown-paragraph\">Vi er ikke bare en leverand\u00f8r, men din<span>\u00a0<\/span><strong>partner i elektronikproduktion<\/strong>. Topfast integrerer<span>\u00a0<\/span><strong>MCU-indk\u00f8b, PCB-fremstilling og SMT-montage<\/strong><span>\u00a0<\/span>under \u00e9t tag, hvilket eliminerer koordinering af flere leverand\u00f8rer, reducerer leveringstiden og s\u00e6nker omkostningerne.<\/p>\n<h3><span class=\"ez-toc-section\" id=\"Topfasts_Competitive_Edge\"><\/span><strong>Topfasts konkurrencefordel:<\/strong><span class=\"ez-toc-section-end\"><\/span><\/h3>\n<p class=\"ds-markdown-paragraph\">\u2714<span>\u00a0<\/span><strong>Mere end 17 \u00e5rs ekspertise<\/strong><span>\u00a0<\/span>- Betjener globale kunder inden for forbrugerelektronik, industriel automatisering, medicinsk udstyr, bilindustrien og meget mere.<br \/>\n\u2714<span>\u00a0<\/span><strong>Ende-til-ende-kontrol<\/strong><span>\u00a0<\/span>- Fra BOM til PCBA, 100% in-house produktion sikrer kvalitet<br \/>\n\u2714<span>\u00a0<\/span><strong>Hurtig behandling<\/strong><span>\u00a0<\/span>- Underst\u00f8tter<span>\u00a0<\/span><strong>prototyper + masseproduktion<\/strong><span>\u00a0<\/span>for fleksibel eftersp\u00f8rgsel<br \/>\n\u2714<span>\u00a0<\/span><strong>Global forsyningsk\u00e6de<\/strong><span>\u00a0<\/span>- Partnerskaber med f\u00f8rsteklasses komponentleverand\u00f8rer for stabil sourcing<\/p>\n<h2><span class=\"ez-toc-section\" id=\"Applications\"><\/span><strong>Anvendelser<\/strong><span class=\"ez-toc-section-end\"><\/span><\/h2>\n<div class=\"markdown-table-wrapper\">\n<table>\n<thead>\n<tr>\n<th><strong>Industriens indkapslingsprocesser og m\u00f8der<\/strong><\/th>\n<th><strong>Typiske anvendelser<\/strong><\/th>\n<th><strong>Anbefalede MCU'er<\/strong><\/th>\n<\/tr>\n<\/thead>\n<tbody>\n<tr>\n<td><strong>Forbrugerelektronik<\/strong><\/td>\n<td>Smart hjem, wearables<\/td>\n<td>STM32, ESP32<\/td>\n<\/tr>\n<tr>\n<td><strong>Industriel automatisering<\/strong><\/td>\n<td>Motorstyring, HMI-systemer<\/td>\n<td>NXP Kinetis, TI TMS<\/td>\n<\/tr>\n<tr>\n<td><strong>Medicinsk udstyr<\/strong><\/td>\n<td>B\u00e6rbare monitorer, insulinpumper<\/td>\n<td>Microchip PIC32<\/td>\n<\/tr>\n<tr>\n<td><strong>Elektronik til biler<\/strong><\/td>\n<td>Elbil-opladere, instrumentpaneler<\/td>\n<td>Infineon AURIX, Renesas RX<\/td>\n<\/tr>\n<tr>\n<td><strong>IoT-enheder<\/strong><\/td>\n<td>Tr\u00e5dl\u00f8se sensorer, edge computing<\/td>\n<td>Nordisk nRF, STM32L<\/td>\n<\/tr>\n<\/tbody>\n<\/table>\n<\/div>\n<h2><span class=\"ez-toc-section\" id=\"Why_choose_Topfast\"><\/span>Hvorfor v\u00e6lge Topfast?<span class=\"ez-toc-section-end\"><\/span><\/h2>\n<p class=\"ds-markdown-paragraph\">Med<span>\u00a0<\/span><strong>avanceret produktionsudstyr, streng kvalitetskontrol og en global forsyningsk\u00e6de<\/strong>, Topfast leverer<span>\u00a0<\/span><strong>h\u00f8j p\u00e5lidelighed, omkostningseffektive MCU-indk\u00f8b og PCB-samlingstjenester<\/strong>. Uanset om det er for<span>\u00a0<\/span><strong>prototyper eller masseproduktion<\/strong>Vi hj\u00e6lper med at fremskynde produktudviklingen og mindske risici i forsyningsk\u00e6den.<\/p>\n<p class=\"ds-markdown-paragraph\"><strong>Kontakt os i dag for et MCU-indk\u00f8b &amp; <a href=\"https:\/\/www.topfastpcb.com\/da\/contact\/\">Tilbud p\u00e5 PCB-montage<\/a>!<\/strong><\/p>","protected":false},"excerpt":{"rendered":"<p><span>Topfast tilbyder professionel MCU-indk\u00f8b og PCB-samlingstjenester, der leverer STM32, ESP32, PIC og mere med SMT-samling med h\u00f8j pr\u00e6cision, r\u00f8ntgeninspektion og fuld testning. Med mere end 17 \u00e5rs erfaring leverer vi en one-stop-l\u00f8sning til hurtig og p\u00e5lidelig produktion!<\/span><\/p>","protected":false},"featured_media":3339,"comment_status":"closed","ping_status":"closed","template":"","meta":[],"product_brand":[],"product_cat":[217],"product_tag":[289,231],"class_list":{"0":"post-3337","1":"product","2":"type-product","3":"status-publish","4":"has-post-thumbnail","6":"product_cat-electronic-components","7":"product_tag-mcu","8":"product_tag-pcb-assembly","10":"first","11":"instock","12":"shipping-taxable","13":"product-type-simple"},"yoast_head":"<!-- This site is optimized with the Yoast SEO plugin v25.1 - https:\/\/yoast.com\/wordpress\/plugins\/seo\/ -->\n<title>MCU(Microcontroller Unit) - Topfastpcb<\/title>\n<meta name=\"description\" content=\"Topfast provides professional MCU procurement &amp; PCB assembly services, including STM32\/ESP32\/PIC direct supply, high-precision SMT assembly, and testing. 17+ years of expertise, one-stop solution for quality &amp; fast delivery!\" \/>\n<meta name=\"robots\" content=\"index, follow, max-snippet:-1, max-image-preview:large, max-video-preview:-1\" \/>\n<link rel=\"canonical\" href=\"https:\/\/www.topfastpcb.com\/da\/products\/mcu\/\" \/>\n<meta property=\"og:locale\" content=\"da_DK\" \/>\n<meta property=\"og:type\" content=\"article\" \/>\n<meta property=\"og:title\" content=\"MCU(Microcontroller Unit) - Topfastpcb\" \/>\n<meta property=\"og:description\" content=\"Topfast provides professional MCU procurement &amp; PCB assembly services, including STM32\/ESP32\/PIC direct supply, high-precision SMT assembly, and testing. 17+ years of expertise, one-stop solution for quality &amp; fast delivery!\" \/>\n<meta property=\"og:url\" content=\"https:\/\/www.topfastpcb.com\/da\/products\/mcu\/\" \/>\n<meta property=\"og:site_name\" content=\"Topfastpcb\" \/>\n<meta property=\"article:modified_time\" content=\"2025-06-24T02:07:16+00:00\" \/>\n<meta property=\"og:image\" content=\"https:\/\/www.topfastpcb.com\/wp-content\/uploads\/2025\/06\/mcu3.jpg\" \/>\n\t<meta property=\"og:image:width\" content=\"750\" \/>\n\t<meta property=\"og:image:height\" content=\"750\" \/>\n\t<meta property=\"og:image:type\" content=\"image\/jpeg\" \/>\n<meta name=\"twitter:card\" content=\"summary_large_image\" \/>\n<meta name=\"twitter:label1\" content=\"Estimeret l\u00e6setid\" \/>\n\t<meta name=\"twitter:data1\" content=\"3 minutter\" \/>\n<script type=\"application\/ld+json\" class=\"yoast-schema-graph\">{\"@context\":\"https:\/\/schema.org\",\"@graph\":[{\"@type\":\"WebPage\",\"@id\":\"https:\/\/www.topfastpcb.com\/products\/mcu\/\",\"url\":\"https:\/\/www.topfastpcb.com\/products\/mcu\/\",\"name\":\"MCU(Microcontroller Unit) - Topfastpcb\",\"isPartOf\":{\"@id\":\"https:\/\/www.topfastpcb.com\/#website\"},\"primaryImageOfPage\":{\"@id\":\"https:\/\/www.topfastpcb.com\/products\/mcu\/#primaryimage\"},\"image\":{\"@id\":\"https:\/\/www.topfastpcb.com\/products\/mcu\/#primaryimage\"},\"thumbnailUrl\":\"https:\/\/www.topfastpcb.com\/wp-content\/uploads\/2025\/06\/mcu3.jpg\",\"datePublished\":\"2025-06-19T00:34:41+00:00\",\"dateModified\":\"2025-06-24T02:07:16+00:00\",\"description\":\"Topfast provides professional MCU procurement & PCB assembly services, including STM32\/ESP32\/PIC direct supply, high-precision SMT assembly, and testing. 17+ years of expertise, one-stop solution for quality & fast delivery!\",\"breadcrumb\":{\"@id\":\"https:\/\/www.topfastpcb.com\/products\/mcu\/#breadcrumb\"},\"inLanguage\":\"da-DK\",\"potentialAction\":[{\"@type\":\"ReadAction\",\"target\":[\"https:\/\/www.topfastpcb.com\/products\/mcu\/\"]}]},{\"@type\":\"ImageObject\",\"inLanguage\":\"da-DK\",\"@id\":\"https:\/\/www.topfastpcb.com\/products\/mcu\/#primaryimage\",\"url\":\"https:\/\/www.topfastpcb.com\/wp-content\/uploads\/2025\/06\/mcu3.jpg\",\"contentUrl\":\"https:\/\/www.topfastpcb.com\/wp-content\/uploads\/2025\/06\/mcu3.jpg\",\"width\":750,\"height\":750},{\"@type\":\"BreadcrumbList\",\"@id\":\"https:\/\/www.topfastpcb.com\/products\/mcu\/#breadcrumb\",\"itemListElement\":[{\"@type\":\"ListItem\",\"position\":1,\"name\":\"\u9996\u9875\",\"item\":\"https:\/\/www.topfastpcb.com\/\"},{\"@type\":\"ListItem\",\"position\":2,\"name\":\"\u5546\u5e97\",\"item\":\"https:\/\/www.topfastpcb.com\/shop\/\"},{\"@type\":\"ListItem\",\"position\":3,\"name\":\"MCU(Microcontroller Unit)\"}]},{\"@type\":\"WebSite\",\"@id\":\"https:\/\/www.topfastpcb.com\/#website\",\"url\":\"https:\/\/www.topfastpcb.com\/\",\"name\":\"Topfastpcb\",\"description\":\"Topfast Prime Choice for Global Electronics Manufacturing\",\"publisher\":{\"@id\":\"https:\/\/www.topfastpcb.com\/#organization\"},\"potentialAction\":[{\"@type\":\"SearchAction\",\"target\":{\"@type\":\"EntryPoint\",\"urlTemplate\":\"https:\/\/www.topfastpcb.com\/?s={search_term_string}\"},\"query-input\":{\"@type\":\"PropertyValueSpecification\",\"valueRequired\":true,\"valueName\":\"search_term_string\"}}],\"inLanguage\":\"da-DK\"},{\"@type\":\"Organization\",\"@id\":\"https:\/\/www.topfastpcb.com\/#organization\",\"name\":\"Topfastpcb\",\"url\":\"https:\/\/www.topfastpcb.com\/\",\"logo\":{\"@type\":\"ImageObject\",\"inLanguage\":\"da-DK\",\"@id\":\"https:\/\/www.topfastpcb.com\/#\/schema\/logo\/image\/\",\"url\":\"https:\/\/www.topfastpcb.com\/wp-content\/uploads\/2026\/02\/cropped-topfast-logo.png\",\"contentUrl\":\"https:\/\/www.topfastpcb.com\/wp-content\/uploads\/2026\/02\/cropped-topfast-logo.png\",\"width\":144,\"height\":56,\"caption\":\"Topfastpcb\"},\"image\":{\"@id\":\"https:\/\/www.topfastpcb.com\/#\/schema\/logo\/image\/\"}}]}<\/script>\n<!-- \/ Yoast SEO plugin. -->","yoast_head_json":{"title":"MCU(Microcontroller Unit) - Topfastpcb","description":"Topfast provides professional MCU procurement & PCB assembly services, including STM32\/ESP32\/PIC direct supply, high-precision SMT assembly, and testing. 17+ years of expertise, one-stop solution for quality & fast delivery!","robots":{"index":"index","follow":"follow","max-snippet":"max-snippet:-1","max-image-preview":"max-image-preview:large","max-video-preview":"max-video-preview:-1"},"canonical":"https:\/\/www.topfastpcb.com\/da\/products\/mcu\/","og_locale":"da_DK","og_type":"article","og_title":"MCU(Microcontroller Unit) - Topfastpcb","og_description":"Topfast provides professional MCU procurement & PCB assembly services, including STM32\/ESP32\/PIC direct supply, high-precision SMT assembly, and testing. 17+ years of expertise, one-stop solution for quality & fast delivery!","og_url":"https:\/\/www.topfastpcb.com\/da\/products\/mcu\/","og_site_name":"Topfastpcb","article_modified_time":"2025-06-24T02:07:16+00:00","og_image":[{"width":750,"height":750,"url":"https:\/\/www.topfastpcb.com\/wp-content\/uploads\/2025\/06\/mcu3.jpg","type":"image\/jpeg"}],"twitter_card":"summary_large_image","twitter_misc":{"Estimeret l\u00e6setid":"3 minutter"},"schema":{"@context":"https:\/\/schema.org","@graph":[{"@type":"WebPage","@id":"https:\/\/www.topfastpcb.com\/products\/mcu\/","url":"https:\/\/www.topfastpcb.com\/products\/mcu\/","name":"MCU(Microcontroller Unit) - Topfastpcb","isPartOf":{"@id":"https:\/\/www.topfastpcb.com\/#website"},"primaryImageOfPage":{"@id":"https:\/\/www.topfastpcb.com\/products\/mcu\/#primaryimage"},"image":{"@id":"https:\/\/www.topfastpcb.com\/products\/mcu\/#primaryimage"},"thumbnailUrl":"https:\/\/www.topfastpcb.com\/wp-content\/uploads\/2025\/06\/mcu3.jpg","datePublished":"2025-06-19T00:34:41+00:00","dateModified":"2025-06-24T02:07:16+00:00","description":"Topfast provides professional MCU procurement & PCB assembly services, including STM32\/ESP32\/PIC direct supply, high-precision SMT assembly, and testing. 17+ years of expertise, one-stop solution for quality & fast delivery!","breadcrumb":{"@id":"https:\/\/www.topfastpcb.com\/products\/mcu\/#breadcrumb"},"inLanguage":"da-DK","potentialAction":[{"@type":"ReadAction","target":["https:\/\/www.topfastpcb.com\/products\/mcu\/"]}]},{"@type":"ImageObject","inLanguage":"da-DK","@id":"https:\/\/www.topfastpcb.com\/products\/mcu\/#primaryimage","url":"https:\/\/www.topfastpcb.com\/wp-content\/uploads\/2025\/06\/mcu3.jpg","contentUrl":"https:\/\/www.topfastpcb.com\/wp-content\/uploads\/2025\/06\/mcu3.jpg","width":750,"height":750},{"@type":"BreadcrumbList","@id":"https:\/\/www.topfastpcb.com\/products\/mcu\/#breadcrumb","itemListElement":[{"@type":"ListItem","position":1,"name":"\u9996\u9875","item":"https:\/\/www.topfastpcb.com\/"},{"@type":"ListItem","position":2,"name":"\u5546\u5e97","item":"https:\/\/www.topfastpcb.com\/shop\/"},{"@type":"ListItem","position":3,"name":"MCU(Microcontroller Unit)"}]},{"@type":"WebSite","@id":"https:\/\/www.topfastpcb.com\/#website","url":"https:\/\/www.topfastpcb.com\/","name":"Topfastpcb","description":"Topfast Prime Choice for Global Electronics Manufacturing","publisher":{"@id":"https:\/\/www.topfastpcb.com\/#organization"},"potentialAction":[{"@type":"SearchAction","target":{"@type":"EntryPoint","urlTemplate":"https:\/\/www.topfastpcb.com\/?s={search_term_string}"},"query-input":{"@type":"PropertyValueSpecification","valueRequired":true,"valueName":"search_term_string"}}],"inLanguage":"da-DK"},{"@type":"Organization","@id":"https:\/\/www.topfastpcb.com\/#organization","name":"Topfastpcb","url":"https:\/\/www.topfastpcb.com\/","logo":{"@type":"ImageObject","inLanguage":"da-DK","@id":"https:\/\/www.topfastpcb.com\/#\/schema\/logo\/image\/","url":"https:\/\/www.topfastpcb.com\/wp-content\/uploads\/2026\/02\/cropped-topfast-logo.png","contentUrl":"https:\/\/www.topfastpcb.com\/wp-content\/uploads\/2026\/02\/cropped-topfast-logo.png","width":144,"height":56,"caption":"Topfastpcb"},"image":{"@id":"https:\/\/www.topfastpcb.com\/#\/schema\/logo\/image\/"}}]}},"_links":{"self":[{"href":"https:\/\/www.topfastpcb.com\/da\/wp-json\/wp\/v2\/product\/3337","targetHints":{"allow":["GET"]}}],"collection":[{"href":"https:\/\/www.topfastpcb.com\/da\/wp-json\/wp\/v2\/product"}],"about":[{"href":"https:\/\/www.topfastpcb.com\/da\/wp-json\/wp\/v2\/types\/product"}],"replies":[{"embeddable":true,"href":"https:\/\/www.topfastpcb.com\/da\/wp-json\/wp\/v2\/comments?post=3337"}],"wp:featuredmedia":[{"embeddable":true,"href":"https:\/\/www.topfastpcb.com\/da\/wp-json\/wp\/v2\/media\/3339"}],"wp:attachment":[{"href":"https:\/\/www.topfastpcb.com\/da\/wp-json\/wp\/v2\/media?parent=3337"}],"wp:term":[{"taxonomy":"product_brand","embeddable":true,"href":"https:\/\/www.topfastpcb.com\/da\/wp-json\/wp\/v2\/product_brand?post=3337"},{"taxonomy":"product_cat","embeddable":true,"href":"https:\/\/www.topfastpcb.com\/da\/wp-json\/wp\/v2\/product_cat?post=3337"},{"taxonomy":"product_tag","embeddable":true,"href":"https:\/\/www.topfastpcb.com\/da\/wp-json\/wp\/v2\/product_tag?post=3337"}],"curies":[{"name":"wp","href":"https:\/\/api.w.org\/{rel}","templated":true}]}}