{"id":3349,"date":"2025-06-21T08:35:11","date_gmt":"2025-06-21T00:35:11","guid":{"rendered":"https:\/\/www.topfastpcb.com\/?post_type=product&#038;p=3349"},"modified":"2025-06-24T10:03:28","modified_gmt":"2025-06-24T02:03:28","slug":"turnkey-pcb-assembly-services","status":"publish","type":"product","link":"https:\/\/www.topfastpcb.com\/da\/products\/turnkey-pcb-assembly-services\/","title":{"rendered":"N\u00f8glef\u00e6rdige PCB-monteringstjenester"},"content":{"rendered":"<div id=\"ez-toc-container\" class=\"ez-toc-v2_0_74 counter-hierarchy ez-toc-counter ez-toc-custom ez-toc-container-direction\">\n<div class=\"ez-toc-title-container\">\n<p class=\"ez-toc-title\" style=\"cursor:inherit\">Indholdsfortegnelse<\/p>\n<span class=\"ez-toc-title-toggle\"><\/span><\/div>\n<nav><ul class='ez-toc-list ez-toc-list-level-1' ><li class='ez-toc-page-1 ez-toc-heading-level-2'><a class=\"ez-toc-link ez-toc-heading-1\" href=\"https:\/\/www.topfastpcb.com\/da\/products\/turnkey-pcb-assembly-services\/#Topfasts_Professional_Turnkey_PCB_Assembly_Services\" >Topfast&#8217;s professionelle n\u00f8glef\u00e6rdige PCB-monteringstjenester?<\/a><ul class='ez-toc-list-level-3' ><li class='ez-toc-heading-level-3'><a class=\"ez-toc-link ez-toc-heading-2\" href=\"https:\/\/www.topfastpcb.com\/da\/products\/turnkey-pcb-assembly-services\/#End-to-End_Complete_Solution\" >Komplet l\u00f8sning fra ende til anden<\/a><\/li><li class='ez-toc-page-1 ez-toc-heading-level-3'><a class=\"ez-toc-link ez-toc-heading-3\" href=\"https:\/\/www.topfastpcb.com\/da\/products\/turnkey-pcb-assembly-services\/#Rigorous_Quality_Assurance_System\" >Strengt kvalitetssikringssystem<\/a><\/li><\/ul><\/li><li class='ez-toc-page-1 ez-toc-heading-level-2'><a class=\"ez-toc-link ez-toc-heading-4\" href=\"https:\/\/www.topfastpcb.com\/da\/products\/turnkey-pcb-assembly-services\/#Core_Advantages_of_Topfasts_Turnkey_Services\" >Kernefordele ved Topfasts n\u00f8glef\u00e6rdige tjenester<\/a><ul class='ez-toc-list-level-3' ><li class='ez-toc-heading-level-3'><a class=\"ez-toc-link ez-toc-heading-5\" href=\"https:\/\/www.topfastpcb.com\/da\/products\/turnkey-pcb-assembly-services\/#Significantly_Reducing_Operational_Complexity_for_Clients\" >Betydelig reduktion af operationel kompleksitet for kunderne<\/a><\/li><li class='ez-toc-page-1 ez-toc-heading-level-3'><a class=\"ez-toc-link ez-toc-heading-6\" href=\"https:\/\/www.topfastpcb.com\/da\/products\/turnkey-pcb-assembly-services\/#Flexible_Support_for_Various_Production_Needs\" >Fleksibel st\u00f8tte til forskellige produktionsbehov<\/a><\/li><li class='ez-toc-page-1 ez-toc-heading-level-3'><a class=\"ez-toc-link ez-toc-heading-7\" href=\"https:\/\/www.topfastpcb.com\/da\/products\/turnkey-pcb-assembly-services\/#Cost_Optimization_Risk_Control\" >Omkostningsoptimering og risikokontrol<\/a><\/li><\/ul><\/li><li class='ez-toc-page-1 ez-toc-heading-level-2'><a class=\"ez-toc-link ez-toc-heading-8\" href=\"https:\/\/www.topfastpcb.com\/da\/products\/turnkey-pcb-assembly-services\/#Industry-Leading_Technical_Capabilities\" >Branchef\u00f8rende tekniske kapaciteter<\/a><\/li><li class='ez-toc-page-1 ez-toc-heading-level-2'><a class=\"ez-toc-link ez-toc-heading-9\" href=\"https:\/\/www.topfastpcb.com\/da\/products\/turnkey-pcb-assembly-services\/#Why_Global_Clients_Trust_Topfast\" >Hvorfor globale kunder stoler p\u00e5 Topfast<\/a><\/li><\/ul><\/nav><\/div>\n\n<p class=\"ds-markdown-paragraph\">I dagens hurtige elektronikudviklingslandskab er hvert trin fra konceptdesign til masseproduktion kritisk.Som en f\u00f8rende leverand\u00f8r af printkortl\u00f8sninger med 17 \u00e5rs brancheerfaring tilbyder Topfast omfattende professionelle n\u00f8glef\u00e6rdige l\u00f8sninger. <a href=\"https:\/\/www.topfastpcb.com\/da\/products\/category\/pcba\/\">PCB-samlingstjenester<\/a>og hj\u00e6lper globale kunder med effektivt at omdanne innovative designs til p\u00e5lidelige produkter og samtidig forkorte time-to-market betydeligt.<\/p>\n<h2><span class=\"ez-toc-section\" id=\"Topfasts_Professional_Turnkey_PCB_Assembly_Services\"><\/span>Topfast&#8217;s professionelle n\u00f8glef\u00e6rdige PCB-monteringstjenester?<span class=\"ez-toc-section-end\"><\/span><\/h2>\n<h3><span class=\"ez-toc-section\" id=\"End-to-End_Complete_Solution\"><\/span>Komplet l\u00f8sning fra ende til anden<span class=\"ez-toc-section-end\"><\/span><\/h3>\n<p class=\"ds-markdown-paragraph\">I mods\u00e6tning til almindelige printkortproducenter leverer Topfast en komplet v\u00e6rdik\u00e6deservice fra designgennemgang til endelig levering. N\u00e5r du v\u00e6lger vores n\u00f8glef\u00e6rdige service, f\u00e5r du fordel af:<\/p>\n<ul>\n<li>\n<p class=\"ds-markdown-paragraph\"><strong>Professionel DFM-teknisk support<\/strong>: Vores tekniske team foretager en grundig DFM-analyse (Design for Manufacturability) af dine Gerber-filer og BOM ved projektets start, identificerer potentielle problemer tidligt og kommer med forslag til optimering for at undg\u00e5 dyrt omarbejde senere.<\/p>\n<\/li>\n<li>\n<p class=\"ds-markdown-paragraph\"><strong>PCB-fremstilling af h\u00f8j kvalitet<\/strong>: Vores 20.000 kvadratmeter store fabrik er udstyret med avanceret udstyr som laserboremaskiner og VCP-hulpletteringslinjer, der er i stand til at producere stive kort, fleksible kort, stive-flex-kort, HDI-kort, RF-kort og meget mere for at im\u00f8dekomme forskellige industribehov.<\/p>\n<\/li>\n<li>\n<p class=\"ds-markdown-paragraph\"><strong>P\u00e5lidelig forsyningsk\u00e6de for komponenter<\/strong>: Med dybe partnerskaber med f\u00f8rende m\u00e6rkevareproducenter sikrer vi komponenternes kvalitet, samtidig med at vi tilbyder de mest konkurrencedygtige priser. Vores globale leverand\u00f8rnetv\u00e6rk kan hurtigt reagere p\u00e5 forskellige komponentkrav.<\/p>\n<\/li>\n<li>\n<p class=\"ds-markdown-paragraph\"><strong>Pr\u00e6cisionsmontageprocesser<\/strong>: Brug af avancerede samlingsteknologier, herunder SMT, THT, BGA-rework og selektiv lodning, parret med h\u00f8jpr\u00e6cisions placeringsmaskiner og professionelle loddeteknikker for at sikre, at hver loddeforbindelse opfylder IPC-A-610-standarderne.<\/p>\n<\/li>\n<\/ul>\n<h3><span class=\"ez-toc-section\" id=\"Rigorous_Quality_Assurance_System\"><\/span>Strengt kvalitetssikringssystem<span class=\"ez-toc-section-end\"><\/span><\/h3>\n<p class=\"ds-markdown-paragraph\">Som ISO 9001-, ISO 13485- og UL-certificeret professionel producent gennemf\u00f8rer Topfast kvalitetskontrol i hele produktionsprocessen:<\/p>\n<ul>\n<li>\n<p class=\"ds-markdown-paragraph\"><strong>100% elektrisk testning<\/strong>: Alle n\u00f8gne kort gennemg\u00e5r test med flyvende sonde eller armatur for at sikre kredsl\u00f8bsforbindelse<\/p>\n<\/li>\n<li>\n<p class=\"ds-markdown-paragraph\"><strong>Flere inspektionsmetoder<\/strong>: Kombination af automatiseret optisk AOI-inspektion, r\u00f8ntgeninspektion (til BGA'er\/skjulte loddesamlinger) og funktionstest til omfattende PCBA-kvalitetssikring<\/p>\n<\/li>\n<li>\n<p class=\"ds-markdown-paragraph\"><strong>Streng ESD-kontrol<\/strong>: Implementering af komplette elektrostatiske beskyttelsesforanstaltninger i produktionsmilj\u00f8et for at forhindre skader p\u00e5 f\u00f8lsomme komponenter<\/p>\n<\/li>\n<li>\n<p class=\"ds-markdown-paragraph\"><strong>Reng\u00f8ring og emballering<\/strong>: Professionel reng\u00f8ring efter montering og antistatisk emballage for at sikre sikker transport<\/p>\n<\/li>\n<\/ul>\n<h2><img loading=\"lazy\" decoding=\"async\" src=\"https:\/\/www.topfastpcb.com\/wp-content\/uploads\/2025\/06\/pcba1.jpg\" alt=\"PCB-samling\" width=\"600\" height=\"402\" class=\"aligncenter size-full wp-image-3350\" srcset=\"https:\/\/www.topfastpcb.com\/wp-content\/uploads\/2025\/06\/pcba1.jpg 600w, https:\/\/www.topfastpcb.com\/wp-content\/uploads\/2025\/06\/pcba1-300x201.jpg 300w, https:\/\/www.topfastpcb.com\/wp-content\/uploads\/2025\/06\/pcba1-18x12.jpg 18w\" sizes=\"auto, (max-width: 600px) 100vw, 600px\" \/><\/h2>\n<h2><span class=\"ez-toc-section\" id=\"Core_Advantages_of_Topfasts_Turnkey_Services\"><\/span>Kernefordele ved Topfasts n\u00f8glef\u00e6rdige tjenester<span class=\"ez-toc-section-end\"><\/span><\/h2>\n<h3><span class=\"ez-toc-section\" id=\"Significantly_Reducing_Operational_Complexity_for_Clients\"><\/span>Betydelig reduktion af operationel kompleksitet for kunderne<span class=\"ez-toc-section-end\"><\/span><\/h3>\n<p class=\"ds-markdown-paragraph\">I traditionelle modeller skal kunderne koordinere separat med <a href=\"https:\/\/www.topfastpcb.com\/da\/products\/\">Producenter af printkort<\/a>Det resulterer i h\u00f8je kommunikationsomkostninger og potentielle fejl. Topfasts one-stop-service betyder, at du kun beh\u00f8ver at arbejde med \u00e9t professionelt team for at gennemf\u00f8re alle trin fra design til f\u00e6rdigt produkt, hvilket i h\u00f8j grad reducerer ledelsesbyrden.<\/p>\n<p class=\"ds-markdown-paragraph\">Vores data viser, at kunder, der bruger n\u00f8glef\u00e6rdige tjenester, i gennemsnit sparer over 30 % i projekttid, hvilket g\u00f8r det s\u00e6rligt velegnet til nystartede virksomheder eller SMV'er med begr\u00e6nsede ressourcer til hurtigt at bringe produkter p\u00e5 markedet.<\/p>\n<h3><span class=\"ez-toc-section\" id=\"Flexible_Support_for_Various_Production_Needs\"><\/span>Fleksibel st\u00f8tte til forskellige produktionsbehov<span class=\"ez-toc-section-end\"><\/span><\/h3>\n<p class=\"ds-markdown-paragraph\">Uanset om du har brug for det:<\/p>\n<ul>\n<li>\n<p class=\"ds-markdown-paragraph\"><strong>5-10 stykker til hurtig prototyping<\/strong><\/p>\n<\/li>\n<li>\n<p class=\"ds-markdown-paragraph\"><strong>50-1000 stykker til pilotproduktion af sm\u00e5 partier<\/strong><\/p>\n<\/li>\n<li>\n<p class=\"ds-markdown-paragraph\"><strong>Titusindvis af stykker til masseproduktion<\/strong><\/p>\n<\/li>\n<\/ul>\n<p class=\"ds-markdown-paragraph\">Topfast kan levere skr\u00e6ddersyede l\u00f8sninger. Vi forst\u00e5r de forskellige behov i de forskellige faser af produktudviklingen og har etableret et fleksibelt produktionssystem, der problemfrit kan st\u00f8tte kunderne fra prototyper til masseproduktion.<\/p>\n<h3><span class=\"ez-toc-section\" id=\"Cost_Optimization_Risk_Control\"><\/span>Omkostningsoptimering og risikokontrol<span class=\"ez-toc-section-end\"><\/span><\/h3>\n<p class=\"ds-markdown-paragraph\">Ved at udnytte stordriftsfordele inden for indk\u00f8b og moden teknisk ekspertise kan vi tilbyde vores kunder:<\/p>\n<ul>\n<li>\n<p class=\"ds-markdown-paragraph\"><strong>Analyse af styklisteomkostninger<\/strong>: Professionelt team gennemg\u00e5r materialelister og foresl\u00e5r tilsvarende alternativer for at reducere omkostningerne<\/p>\n<\/li>\n<li>\n<p class=\"ds-markdown-paragraph\"><strong>Tidlig identifikation af risici<\/strong>: DFM-analyse identificerer designfejl p\u00e5 forh\u00e5nd, s\u00e5 man undg\u00e5r dyre \u00e6ndringer p\u00e5 et sent tidspunkt<\/p>\n<\/li>\n<li>\n<p class=\"ds-markdown-paragraph\"><strong>Gennemsigtig priss\u00e6tning<\/strong>: Ingen skjulte gebyrer, hvilket giver den mest konkurrencedygtige prisstruktur p\u00e5 markedet<\/p>\n<\/li>\n<\/ul>\n<h2><span class=\"ez-toc-section\" id=\"Industry-Leading_Technical_Capabilities\"><\/span>Branchef\u00f8rende tekniske kapaciteter<span class=\"ez-toc-section-end\"><\/span><\/h2>\n<p class=\"ds-markdown-paragraph\">Topfast investerer l\u00f8bende i teknologisk innovation, og vores fabrik er udstyret med:<\/p>\n<ul>\n<li>\n<p class=\"ds-markdown-paragraph\"><strong>Laserboringsudstyr med h\u00f8j pr\u00e6cision<\/strong>: Underst\u00f8ttelse af mikrovia-behandling til krav om HDI-kort<\/p>\n<\/li>\n<li>\n<p class=\"ds-markdown-paragraph\"><strong>Blind Via AOI-inspektionssystemer<\/strong>: Sikring af p\u00e5lideligheden af interne forbindelser i flerlagskort<\/p>\n<\/li>\n<li>\n<p class=\"ds-markdown-paragraph\"><strong>Produktionslinjer til keramisk slibning<\/strong>: Leverer overfladebehandling med h\u00f8j pr\u00e6cision<\/p>\n<\/li>\n<li>\n<p class=\"ds-markdown-paragraph\"><strong>Maskiner til at s\u00e6tte harpiks i vakuum<\/strong>: Forbedring af bestyrelsens strukturelle stabilitet<\/p>\n<\/li>\n<\/ul>\n<p class=\"ds-markdown-paragraph\">Vores tekniske team best\u00e5r af erfarne ingeni\u00f8rer, der er i stand til at h\u00e5ndtere komplekse printkortdesigns, herunder h\u00f8jfrekvente RF-kredsl\u00f8b, HDI-kort (High Density Interconnect) og str\u00f8mkort af tykt kobber til specialiserede anvendelser.<\/p>\n<h2><span class=\"ez-toc-section\" id=\"Why_Global_Clients_Trust_Topfast\"><\/span>Hvorfor globale kunder stoler p\u00e5 Topfast<span class=\"ez-toc-section-end\"><\/span><\/h2>\n<p class=\"ds-markdown-paragraph\">At v\u00e6lge en PCB-montagepartner handler ikke kun om omkostninger - det handler om produktkvalitet og projektsucces. Med 17 \u00e5rs professionel erfaring, et robust kvalitetssystem og en servicefilosofi, der s\u00e6tter kunden i centrum, er Topfast blevet den foretrukne leverand\u00f8r til en lang r\u00e6kke internationale brands.<\/p>\n<p class=\"ds-markdown-paragraph\">Vi forst\u00e5r, at hvert printkortprojekt b\u00e6rer vores kunders innovative visioner, og derfor f\u00f8lger vi kernefilosofien \"kvalitet f\u00f8rst\".Gennem omhyggelig proceskontrol og avancerede tekniske metoder sikrer vi, at alle leverede printkort opfylder eller overg\u00e5r forventningerne. Fra medicinsk udstyr til industriel kontrol, forbrugerelektronik til bilelektronik har Topfasts n\u00f8glef\u00e6rdige tjenester med succes underst\u00f8ttet hundredvis af produkter gennem masseproduktion.<\/p>\n<p class=\"ds-markdown-paragraph\">Hvis du s\u00f8ger p\u00e5lidelige, effektive og omkostningseffektive PCB-montagel\u00f8sninger, er Topfasts professionelle team klar til at hj\u00e6lpe.Du er velkommen til at sende dine designfiler og BOM til en <a href=\"https:\/\/www.topfastpcb.com\/da\/contact\/\">\u00f8jeblikkeligt tilbud<\/a>og lad os hj\u00e6lpe dig med hurtigt at forvandle ideer til markedsklare produkter.<\/p>","protected":false},"excerpt":{"rendered":"<p><span>Denne artikel beskriver de vigtigste fordele ved Topfasts professionelle, n\u00f8glef\u00e6rdige PCB-samletjenester, herunder end-to-end-l\u00f8sninger, streng kvalitetskontrol, fleksibel produktionssupport og omkostningsoptimering, og viser dens tekniske ekspertise og servicev\u00e6rdi som en branchef\u00f8rende PCB-leverand\u00f8r, der hj\u00e6lper kunderne med at opn\u00e5 en effektiv elektronikproduktion.<\/span><\/p>","protected":false},"featured_media":3351,"comment_status":"closed","ping_status":"closed","template":"","meta":[],"product_brand":[],"product_cat":[116],"product_tag":[231,207,291],"class_list":{"0":"post-3349","1":"product","2":"type-product","3":"status-publish","4":"has-post-thumbnail","6":"product_cat-pcba","7":"product_tag-pcb-assembly","8":"product_tag-pcba","9":"product_tag-turnkey-pcb-assembly","11":"first","12":"instock","13":"shipping-taxable","14":"product-type-simple"},"yoast_head":"<!-- This site is optimized with the Yoast SEO plugin v25.1 - https:\/\/yoast.com\/wordpress\/plugins\/seo\/ -->\n<title>Turnkey PCB Assembly Services - Topfastpcb<\/title>\n<meta name=\"description\" content=\"Topfast provides professional turnkey PCB assembly services with 17 years of experience in one-stop PCB fabrication, component procurement, precision assembly, and testing. ISO-certified quality system supports from prototyping to mass production, helping global clients accelerate product launches.\" \/>\n<meta name=\"robots\" content=\"index, follow, max-snippet:-1, max-image-preview:large, max-video-preview:-1\" \/>\n<link rel=\"canonical\" href=\"https:\/\/www.topfastpcb.com\/da\/products\/turnkey-pcb-assembly-services\/\" \/>\n<meta property=\"og:locale\" content=\"da_DK\" \/>\n<meta property=\"og:type\" content=\"article\" \/>\n<meta property=\"og:title\" content=\"Turnkey PCB Assembly Services - Topfastpcb\" \/>\n<meta property=\"og:description\" content=\"Topfast provides professional turnkey PCB assembly services with 17 years of experience in one-stop PCB fabrication, component procurement, precision assembly, and testing. ISO-certified quality system supports from prototyping to mass production, helping global clients accelerate product launches.\" \/>\n<meta property=\"og:url\" content=\"https:\/\/www.topfastpcb.com\/da\/products\/turnkey-pcb-assembly-services\/\" \/>\n<meta property=\"og:site_name\" content=\"Topfastpcb\" \/>\n<meta property=\"article:modified_time\" content=\"2025-06-24T02:03:28+00:00\" \/>\n<meta property=\"og:image\" content=\"https:\/\/www.topfastpcb.com\/wp-content\/uploads\/2025\/06\/pcba13.jpg\" \/>\n\t<meta property=\"og:image:width\" content=\"750\" \/>\n\t<meta property=\"og:image:height\" content=\"750\" \/>\n\t<meta property=\"og:image:type\" content=\"image\/jpeg\" \/>\n<meta name=\"twitter:card\" content=\"summary_large_image\" \/>\n<meta name=\"twitter:label1\" content=\"Estimeret l\u00e6setid\" \/>\n\t<meta name=\"twitter:data1\" content=\"4 minutter\" \/>\n<script type=\"application\/ld+json\" class=\"yoast-schema-graph\">{\"@context\":\"https:\/\/schema.org\",\"@graph\":[{\"@type\":\"WebPage\",\"@id\":\"https:\/\/www.topfastpcb.com\/products\/turnkey-pcb-assembly-services\/\",\"url\":\"https:\/\/www.topfastpcb.com\/products\/turnkey-pcb-assembly-services\/\",\"name\":\"Turnkey PCB Assembly Services - Topfastpcb\",\"isPartOf\":{\"@id\":\"https:\/\/www.topfastpcb.com\/#website\"},\"primaryImageOfPage\":{\"@id\":\"https:\/\/www.topfastpcb.com\/products\/turnkey-pcb-assembly-services\/#primaryimage\"},\"image\":{\"@id\":\"https:\/\/www.topfastpcb.com\/products\/turnkey-pcb-assembly-services\/#primaryimage\"},\"thumbnailUrl\":\"https:\/\/www.topfastpcb.com\/wp-content\/uploads\/2025\/06\/pcba13.jpg\",\"datePublished\":\"2025-06-21T00:35:11+00:00\",\"dateModified\":\"2025-06-24T02:03:28+00:00\",\"description\":\"Topfast provides professional turnkey PCB assembly services with 17 years of experience in one-stop PCB fabrication, component procurement, precision assembly, and testing. ISO-certified quality system supports from prototyping to mass production, helping global clients accelerate product launches.\",\"breadcrumb\":{\"@id\":\"https:\/\/www.topfastpcb.com\/products\/turnkey-pcb-assembly-services\/#breadcrumb\"},\"inLanguage\":\"da-DK\",\"potentialAction\":[{\"@type\":\"ReadAction\",\"target\":[\"https:\/\/www.topfastpcb.com\/products\/turnkey-pcb-assembly-services\/\"]}]},{\"@type\":\"ImageObject\",\"inLanguage\":\"da-DK\",\"@id\":\"https:\/\/www.topfastpcb.com\/products\/turnkey-pcb-assembly-services\/#primaryimage\",\"url\":\"https:\/\/www.topfastpcb.com\/wp-content\/uploads\/2025\/06\/pcba13.jpg\",\"contentUrl\":\"https:\/\/www.topfastpcb.com\/wp-content\/uploads\/2025\/06\/pcba13.jpg\",\"width\":750,\"height\":750,\"caption\":\"Turnkey PCB Assembly\"},{\"@type\":\"BreadcrumbList\",\"@id\":\"https:\/\/www.topfastpcb.com\/products\/turnkey-pcb-assembly-services\/#breadcrumb\",\"itemListElement\":[{\"@type\":\"ListItem\",\"position\":1,\"name\":\"\u9996\u9875\",\"item\":\"https:\/\/www.topfastpcb.com\/\"},{\"@type\":\"ListItem\",\"position\":2,\"name\":\"\u5546\u5e97\",\"item\":\"https:\/\/www.topfastpcb.com\/shop\/\"},{\"@type\":\"ListItem\",\"position\":3,\"name\":\"Turnkey PCB Assembly Services\"}]},{\"@type\":\"WebSite\",\"@id\":\"https:\/\/www.topfastpcb.com\/#website\",\"url\":\"https:\/\/www.topfastpcb.com\/\",\"name\":\"Topfastpcb\",\"description\":\"Topfast Prime Choice for Global Electronics Manufacturing\",\"publisher\":{\"@id\":\"https:\/\/www.topfastpcb.com\/#organization\"},\"potentialAction\":[{\"@type\":\"SearchAction\",\"target\":{\"@type\":\"EntryPoint\",\"urlTemplate\":\"https:\/\/www.topfastpcb.com\/?s={search_term_string}\"},\"query-input\":{\"@type\":\"PropertyValueSpecification\",\"valueRequired\":true,\"valueName\":\"search_term_string\"}}],\"inLanguage\":\"da-DK\"},{\"@type\":\"Organization\",\"@id\":\"https:\/\/www.topfastpcb.com\/#organization\",\"name\":\"Topfastpcb\",\"url\":\"https:\/\/www.topfastpcb.com\/\",\"logo\":{\"@type\":\"ImageObject\",\"inLanguage\":\"da-DK\",\"@id\":\"https:\/\/www.topfastpcb.com\/#\/schema\/logo\/image\/\",\"url\":\"https:\/\/www.topfastpcb.com\/wp-content\/uploads\/2026\/02\/cropped-topfast-logo.png\",\"contentUrl\":\"https:\/\/www.topfastpcb.com\/wp-content\/uploads\/2026\/02\/cropped-topfast-logo.png\",\"width\":144,\"height\":56,\"caption\":\"Topfastpcb\"},\"image\":{\"@id\":\"https:\/\/www.topfastpcb.com\/#\/schema\/logo\/image\/\"}}]}<\/script>\n<!-- \/ Yoast SEO plugin. -->","yoast_head_json":{"title":"Turnkey PCB Assembly Services - Topfastpcb","description":"Topfast provides professional turnkey PCB assembly services with 17 years of experience in one-stop PCB fabrication, component procurement, precision assembly, and testing. ISO-certified quality system supports from prototyping to mass production, helping global clients accelerate product launches.","robots":{"index":"index","follow":"follow","max-snippet":"max-snippet:-1","max-image-preview":"max-image-preview:large","max-video-preview":"max-video-preview:-1"},"canonical":"https:\/\/www.topfastpcb.com\/da\/products\/turnkey-pcb-assembly-services\/","og_locale":"da_DK","og_type":"article","og_title":"Turnkey PCB Assembly Services - Topfastpcb","og_description":"Topfast provides professional turnkey PCB assembly services with 17 years of experience in one-stop PCB fabrication, component procurement, precision assembly, and testing. ISO-certified quality system supports from prototyping to mass production, helping global clients accelerate product launches.","og_url":"https:\/\/www.topfastpcb.com\/da\/products\/turnkey-pcb-assembly-services\/","og_site_name":"Topfastpcb","article_modified_time":"2025-06-24T02:03:28+00:00","og_image":[{"width":750,"height":750,"url":"https:\/\/www.topfastpcb.com\/wp-content\/uploads\/2025\/06\/pcba13.jpg","type":"image\/jpeg"}],"twitter_card":"summary_large_image","twitter_misc":{"Estimeret l\u00e6setid":"4 minutter"},"schema":{"@context":"https:\/\/schema.org","@graph":[{"@type":"WebPage","@id":"https:\/\/www.topfastpcb.com\/products\/turnkey-pcb-assembly-services\/","url":"https:\/\/www.topfastpcb.com\/products\/turnkey-pcb-assembly-services\/","name":"Turnkey PCB Assembly Services - Topfastpcb","isPartOf":{"@id":"https:\/\/www.topfastpcb.com\/#website"},"primaryImageOfPage":{"@id":"https:\/\/www.topfastpcb.com\/products\/turnkey-pcb-assembly-services\/#primaryimage"},"image":{"@id":"https:\/\/www.topfastpcb.com\/products\/turnkey-pcb-assembly-services\/#primaryimage"},"thumbnailUrl":"https:\/\/www.topfastpcb.com\/wp-content\/uploads\/2025\/06\/pcba13.jpg","datePublished":"2025-06-21T00:35:11+00:00","dateModified":"2025-06-24T02:03:28+00:00","description":"Topfast provides professional turnkey PCB assembly services with 17 years of experience in one-stop PCB fabrication, component procurement, precision assembly, and testing. ISO-certified quality system supports from prototyping to mass production, helping global clients accelerate product launches.","breadcrumb":{"@id":"https:\/\/www.topfastpcb.com\/products\/turnkey-pcb-assembly-services\/#breadcrumb"},"inLanguage":"da-DK","potentialAction":[{"@type":"ReadAction","target":["https:\/\/www.topfastpcb.com\/products\/turnkey-pcb-assembly-services\/"]}]},{"@type":"ImageObject","inLanguage":"da-DK","@id":"https:\/\/www.topfastpcb.com\/products\/turnkey-pcb-assembly-services\/#primaryimage","url":"https:\/\/www.topfastpcb.com\/wp-content\/uploads\/2025\/06\/pcba13.jpg","contentUrl":"https:\/\/www.topfastpcb.com\/wp-content\/uploads\/2025\/06\/pcba13.jpg","width":750,"height":750,"caption":"Turnkey PCB Assembly"},{"@type":"BreadcrumbList","@id":"https:\/\/www.topfastpcb.com\/products\/turnkey-pcb-assembly-services\/#breadcrumb","itemListElement":[{"@type":"ListItem","position":1,"name":"\u9996\u9875","item":"https:\/\/www.topfastpcb.com\/"},{"@type":"ListItem","position":2,"name":"\u5546\u5e97","item":"https:\/\/www.topfastpcb.com\/shop\/"},{"@type":"ListItem","position":3,"name":"Turnkey PCB Assembly Services"}]},{"@type":"WebSite","@id":"https:\/\/www.topfastpcb.com\/#website","url":"https:\/\/www.topfastpcb.com\/","name":"Topfastpcb","description":"Topfast Prime Choice for Global Electronics Manufacturing","publisher":{"@id":"https:\/\/www.topfastpcb.com\/#organization"},"potentialAction":[{"@type":"SearchAction","target":{"@type":"EntryPoint","urlTemplate":"https:\/\/www.topfastpcb.com\/?s={search_term_string}"},"query-input":{"@type":"PropertyValueSpecification","valueRequired":true,"valueName":"search_term_string"}}],"inLanguage":"da-DK"},{"@type":"Organization","@id":"https:\/\/www.topfastpcb.com\/#organization","name":"Topfastpcb","url":"https:\/\/www.topfastpcb.com\/","logo":{"@type":"ImageObject","inLanguage":"da-DK","@id":"https:\/\/www.topfastpcb.com\/#\/schema\/logo\/image\/","url":"https:\/\/www.topfastpcb.com\/wp-content\/uploads\/2026\/02\/cropped-topfast-logo.png","contentUrl":"https:\/\/www.topfastpcb.com\/wp-content\/uploads\/2026\/02\/cropped-topfast-logo.png","width":144,"height":56,"caption":"Topfastpcb"},"image":{"@id":"https:\/\/www.topfastpcb.com\/#\/schema\/logo\/image\/"}}]}},"_links":{"self":[{"href":"https:\/\/www.topfastpcb.com\/da\/wp-json\/wp\/v2\/product\/3349","targetHints":{"allow":["GET"]}}],"collection":[{"href":"https:\/\/www.topfastpcb.com\/da\/wp-json\/wp\/v2\/product"}],"about":[{"href":"https:\/\/www.topfastpcb.com\/da\/wp-json\/wp\/v2\/types\/product"}],"replies":[{"embeddable":true,"href":"https:\/\/www.topfastpcb.com\/da\/wp-json\/wp\/v2\/comments?post=3349"}],"wp:featuredmedia":[{"embeddable":true,"href":"https:\/\/www.topfastpcb.com\/da\/wp-json\/wp\/v2\/media\/3351"}],"wp:attachment":[{"href":"https:\/\/www.topfastpcb.com\/da\/wp-json\/wp\/v2\/media?parent=3349"}],"wp:term":[{"taxonomy":"product_brand","embeddable":true,"href":"https:\/\/www.topfastpcb.com\/da\/wp-json\/wp\/v2\/product_brand?post=3349"},{"taxonomy":"product_cat","embeddable":true,"href":"https:\/\/www.topfastpcb.com\/da\/wp-json\/wp\/v2\/product_cat?post=3349"},{"taxonomy":"product_tag","embeddable":true,"href":"https:\/\/www.topfastpcb.com\/da\/wp-json\/wp\/v2\/product_tag?post=3349"}],"curies":[{"name":"wp","href":"https:\/\/api.w.org\/{rel}","templated":true}]}}