{"id":3366,"date":"2025-06-22T08:30:25","date_gmt":"2025-06-22T00:30:25","guid":{"rendered":"https:\/\/www.topfastpcb.com\/?post_type=product&#038;p=3366"},"modified":"2025-06-24T10:02:51","modified_gmt":"2025-06-24T02:02:51","slug":"capacitor","status":"publish","type":"product","link":"https:\/\/www.topfastpcb.com\/da\/products\/capacitor\/","title":{"rendered":"Kondensator"},"content":{"rendered":"<div id=\"ez-toc-container\" class=\"ez-toc-v2_0_74 counter-hierarchy ez-toc-counter ez-toc-custom ez-toc-container-direction\">\n<div class=\"ez-toc-title-container\">\n<p class=\"ez-toc-title\" style=\"cursor:inherit\">Indholdsfortegnelse<\/p>\n<span class=\"ez-toc-title-toggle\"><\/span><\/div>\n<nav><ul class='ez-toc-list ez-toc-list-level-1' ><li class='ez-toc-page-1 ez-toc-heading-level-2'><a class=\"ez-toc-link ez-toc-heading-1\" href=\"https:\/\/www.topfastpcb.com\/da\/products\/capacitor\/#What_is_a_capacitor\" >Hvad er en kondensator?<\/a><\/li><li class='ez-toc-page-1 ez-toc-heading-level-2'><a class=\"ez-toc-link ez-toc-heading-2\" href=\"https:\/\/www.topfastpcb.com\/da\/products\/capacitor\/#The_Function_of_Capacitors\" >Kondensatorernes funktion<\/a><ul class='ez-toc-list-level-3' ><li class='ez-toc-heading-level-3'><a class=\"ez-toc-link ez-toc-heading-3\" href=\"https:\/\/www.topfastpcb.com\/da\/products\/capacitor\/#1_Filtering_and_Coupling_Functions\" >1.Filtrerings- og koblingsfunktioner<\/a><\/li><li class='ez-toc-page-1 ez-toc-heading-level-3'><a class=\"ez-toc-link ez-toc-heading-4\" href=\"https:\/\/www.topfastpcb.com\/da\/products\/capacitor\/#2_Decoupling_and_Bypass_Capacitors\" >2.Afkoblings- og bypass-kondensatorer<\/a><\/li><li class='ez-toc-page-1 ez-toc-heading-level-3'><a class=\"ez-toc-link ez-toc-heading-5\" href=\"https:\/\/www.topfastpcb.com\/da\/products\/capacitor\/#3_Timing_Circuits\" >3. Timing-kredsl\u00f8b<\/a><\/li><\/ul><\/li><li class='ez-toc-page-1 ez-toc-heading-level-2'><a class=\"ez-toc-link ez-toc-heading-6\" href=\"https:\/\/www.topfastpcb.com\/da\/products\/capacitor\/#One-stop_solution_for_PCB_assembly\" >One-stop-l\u00f8sning til PCB-montage<\/a><\/li><li class='ez-toc-page-1 ez-toc-heading-level-2'><a class=\"ez-toc-link ez-toc-heading-7\" href=\"https:\/\/www.topfastpcb.com\/da\/products\/capacitor\/#Comprehensive_Quality_Assurance_System\" >Omfattende kvalitetssikringssystem<\/a><\/li><li class='ez-toc-page-1 ez-toc-heading-level-2'><a class=\"ez-toc-link ez-toc-heading-8\" href=\"https:\/\/www.topfastpcb.com\/da\/products\/capacitor\/#Why_choose_Topfast\" >Hvorfor v\u00e6lge Topfast?<\/a><\/li><\/ul><\/nav><\/div>\n\n<h2><span class=\"ez-toc-section\" id=\"What_is_a_capacitor\"><\/span>Hvad er en kondensator?<span class=\"ez-toc-section-end\"><\/span><\/h2>\n<p>En kondensator er i bund og grund en elektronisk komponent, der kan lagre elektrisk ladning. Den best\u00e5r af to gensidigt isolerede ledere og et dielektrisk materiale imellem. N\u00e5r der s\u00e6ttes sp\u00e6nding p\u00e5 kondensatoren, ophobes positive og negative ladninger p\u00e5 de to ledere, men de flyder ikke direkte, hvorved der dannes et elektrisk felt, som lagrer energi. Dette g\u00f8r det muligt <a href=\"https:\/\/www.topfastpcb.com\/da\/blog\/how-to-test-capacitors\/\">kondensatoren<\/a> til at levere en stor \u00f8jeblikkelig str\u00f8m under str\u00f8mudsving, hvilket sikrer stabil systemdrift. Som en uundv\u00e6rlig passiv komponent i kredsl\u00f8bsdesign er kondensatorernes betydning ikke mindre end selve chippene. Fra smartphones til rumfart\u00f8jer, fra medicinsk udstyr til industrielle kontrolsystemer sikrer kondensatorer stille og roligt den stabile drift af alle elektroniske produkter med deres unikke energilagringsegenskaber og signalbehandlingsfunktioner.<\/p>\n<p>Som brancheleder med 17 \u00e5rs erfaring inden for <a href=\"https:\/\/www.topfastpcb.com\/da\/\">PCB-fremstilling<\/a> Topfast forst\u00e5r kondensatorernes kritiske rolle i kredsl\u00f8bsdesign.Derfor l\u00e6gger vi s\u00e6rlig v\u00e6gt p\u00e5 kondensatorvalg og -layout og sikrer, at hver kondensator yder sit maksimale gennem et strengt kvalitetskontrolsystem. Tag kameraets blitzkredsl\u00f8b som eksempel: Elektrolytkondensatorer af h\u00f8j kvalitet bruges som energilagringsenheder. Ved pr\u00e6cist at beregne deres kapacitans og sp\u00e6ndingsv\u00e6rdier frigives der tilstr\u00e6kkelig str\u00f8m til at drive blitzr\u00f8ret i fotograferings\u00f8jeblikket, samtidig med at kondensatorskader for\u00e5rsaget af oversp\u00e6nding undg\u00e5s.<\/p>\n<h2><span class=\"ez-toc-section\" id=\"The_Function_of_Capacitors\"><\/span>Kondensatorernes funktion<span class=\"ez-toc-section-end\"><\/span><\/h2>\n<h3><span class=\"ez-toc-section\" id=\"1_Filtering_and_Coupling_Functions\"><\/span>1.Filtrerings- og koblingsfunktioner<span class=\"ez-toc-section-end\"><\/span><\/h3>\n<p>En anden bem\u00e6rkelsesv\u00e6rdig egenskab ved kondensatorer er deres forskellige \"holdninger\" til AC- og DC-signaler - de lader AC-signaler passere, mens de blokerer for DC-signaler.Denne egenskab g\u00f8r kondensatorer til uundv\u00e6rlige komponenter i signalbehandling.<br \/>\nI str\u00f8mforsyningsfiltreringsapplikationer designer ingeni\u00f8rer omhyggeligt flertrins kondensatorfiltreringsnetv\u00e6rk, der typisk kombinerer elektrolytkondensatorer med stor kapacitet med keramiske kondensatorer med lille kapacitet.F\u00f8rstn\u00e6vnte er ansvarlige for at filtrere lavfrekvent krusning, mens sidstn\u00e6vnte er rettet mod h\u00f8jfrekvent st\u00f8j. Denne \"size-matching\"-tilgang giver kunderne en us\u00e6dvanlig ren j\u00e6vnstr\u00f8m, som er grundlaget for en stabil drift af mange avancerede elektroniske enheder.<br \/>\nMed hensyn til signalkobling kan PCB-designteknologi med flere lag minimere virkningen af parasit\u00e6re parametre p\u00e5 koblingskondensatorer.Ved pr\u00e6cist at placere filmkondensatorer af h\u00f8j kvalitet p\u00e5 kritiske signalveje kan AC-signaler overf\u00f8res uden tab, samtidig med at DC-bias-interferens mellem forskellige kredsl\u00f8bsniveauer isoleres effektivt.<\/p>\n<h3><span class=\"ez-toc-section\" id=\"2_Decoupling_and_Bypass_Capacitors\"><\/span>2.Afkoblings- og bypass-kondensatorer<span class=\"ez-toc-section-end\"><\/span><\/h3>\n<p>I digitale h\u00f8jhastighedskredsl\u00f8b og RF-systemer g\u00e5r kondensatorer fra at v\u00e6re passive komponenter til at v\u00e6re aktive stabilisatorer.N\u00e5r chips skifter mellem h\u00f8jhastighedsdriftstilstande, genererer de forbig\u00e5ende str\u00f8mkrav.Hvis man udelukkende stoler p\u00e5 str\u00f8mforsyningens reaktion, vil det medf\u00f8re sp\u00e6ndingsudsving og ustabilitet i systemet.<\/p>\n<p>Et netv\u00e6rk af afkoblingskondensatorer med omhyggeligt beregnede kapacitansv\u00e6rdier er anbragt i n\u00e6rheden af str\u00f8mstifterne p\u00e5 hver IC.Ved hj\u00e6lp af avanceret SMT-monteringsteknologi kan selv ultrasm\u00e5 keramiske kondensatorer s\u00e5 sm\u00e5 som 01005 placeres pr\u00e6cist. Ved at minimere sporl\u00e6ngden mellem kondensatoren og chippen reduceres sl\u00f8jfeinduktansen til det lavest mulige niveau, hvilket sikrer, at kondensatoren kan reagere p\u00e5 chippens str\u00f8mkrav inden for nanosekunder. Denne str\u00e6ben efter perfektion i detaljen g\u00f8r det muligt for PCB-produkter at pr\u00e6stere exceptionelt godt i h\u00f8jhastighedsapplikationer.<\/p>\n<p>Bypass-kondensatorer ved kritiske knudepunkter i analoge kredsl\u00f8b skal ikke kun tage h\u00f8jde for kondensatorens nominelle v\u00e6rdi, men ogs\u00e5 dens \u00e6kvivalente seriemodstand (ESR) og temperaturegenskaber.Gennem et pr\u00e6cist bypass-netv\u00e6rksdesign skabes der en \"st\u00f8judladningskanal\" til f\u00f8lsomme kredsl\u00f8bsknudepunkter, hvilket forbedrer systemets signal\/st\u00f8jforhold og stabilitet betydeligt.<\/p>\n<h3><span class=\"ez-toc-section\" id=\"3_Timing_Circuits\"><\/span>3. Timing-kredsl\u00f8b<span class=\"ez-toc-section-end\"><\/span><\/h3>\n<p>N\u00e5r kondensatorer og modstande danner et RC-netv\u00e6rk, fungerer de som \"urgeneratorer\" i den elektroniske verden.Kondensatorers op- og afladningsprocesser udviser pr\u00e6cise tidskarakteristika, som anvendes i vid udstr\u00e6kning i forskellige timing- og oscillationskredsl\u00f8b.<br \/>\nTopfast har stor erfaring med fremstilling af printkort til medicinsk udstyr, hvoraf mange kr\u00e6ver ekstremt pr\u00e6cise timingkredsl\u00f8b til overv\u00e5gning af vitale tegn.Vi bruger keramiske kondensatorer i C0G\/NP0-klassen med fremragende temperaturstabilitet kombineret med pr\u00e6cisionsmodstande til at konstruere RC-timingnetv\u00e6rk med minimal temperaturdrift.Ved pr\u00e6cist at styre kondensatorernes opladnings- og afladningskurver opn\u00e5r vi en n\u00f8jagtighed p\u00e5 millisekund- eller endda mikrosekundniveau, hvilket sikrer p\u00e5lidelig drift af medicinsk udstyr.<br \/>\nI LED-d\u00e6mpningskredsl\u00f8b udnytter vi kondensatorernes timing-egenskaber til at skabe j\u00e6vne overgangseffekter for lysstyrken. Ved omhyggeligt at v\u00e6lge kondensatormaterialer og optimere kredsl\u00f8bslayoutet undg\u00e5r vi almindelige \"trinlignende\" d\u00e6mpningsproblemer og leverer en behagelig visuel oplevelse for brugerne. Dette fokus p\u00e5 brugeroplevelsen er det, der adskiller Topfast fra almindelige printkortproducenter.<\/p>\n<h2><img loading=\"lazy\" decoding=\"async\" src=\"https:\/\/www.topfastpcb.com\/wp-content\/uploads\/2025\/06\/Capacitor-4.jpg\" alt=\"Kondensator\" width=\"600\" height=\"402\" class=\"aligncenter size-full wp-image-3367\" srcset=\"https:\/\/www.topfastpcb.com\/wp-content\/uploads\/2025\/06\/Capacitor-4.jpg 600w, https:\/\/www.topfastpcb.com\/wp-content\/uploads\/2025\/06\/Capacitor-4-300x201.jpg 300w, https:\/\/www.topfastpcb.com\/wp-content\/uploads\/2025\/06\/Capacitor-4-18x12.jpg 18w\" sizes=\"auto, (max-width: 600px) 100vw, 600px\" \/><\/h2>\n<h2><span class=\"ez-toc-section\" id=\"One-stop_solution_for_PCB_assembly\"><\/span>One-stop-l\u00f8sning til <a href=\"https:\/\/www.topfastpcb.com\/da\/products\/category\/pcba\/\">PCB-samling<\/a><span class=\"ez-toc-section-end\"><\/span><\/h2>\n<p>Som seniorekspert inden for elektronisk produktion leverer Topfast ikke kun PCB-fremstillingstjenester, men har ogs\u00e5 opbygget et komplet system til indk\u00f8b af enheder og et forsyningsk\u00e6desystem til kondensatorer.Vi opretholder langsigtede samarbejdsrelationer med topkondensatorproducenter som Murata, TDK og AVX for at sikre, at vores kunder kan f\u00e5 \u00e6gte originale komponenter. Uanset om det er standard keramiske kondensatorer, elektrolytiske kondensatorer eller h\u00f8jsp\u00e6ndingskondensatorer og h\u00f8jtemperaturkondensatorer til specielle anvendelser, kan vi hurtigt reagere og levere skr\u00e6ddersyede l\u00f8sninger, der opfylder dine krav.<\/p>\n<p>N\u00e5r kunderne leverer en liste over materialer (BOM), udf\u00f8rer vi professionel komponentverifikation og tilbyder alternative forslag for at forhindre tab af ydeevne for\u00e5rsaget af uoverensstemmelser mellem parametre.Til kondensatoranvendelser i h\u00f8jfrekvente kredsl\u00f8b giver vi ogs\u00e5 anbefalinger om valg af dielektrisk materiale for at hj\u00e6lpe kunderne med at opn\u00e5 den optimale balance mellem omkostninger og ydeevne.<\/p>\n<p>Under PCB-samling, fra 01005-st\u00f8rrelse miniature SMD-kondensatorer til store m\u00e6ngder aluminium elektrolytiske kondensatorer, sikrer SMT-udstyr og b\u00f8lgelodningsprocesser perfekt\u710a\u63a5 kvalitet.Hvert samlet printkort gennemg\u00e5r streng AOI- og r\u00f8ntgeninspektion for at sikre, at kondensatorens polaritet, position og svejsekvalitet fuldt ud opfylder kravene.<\/p>\n<h2><span class=\"ez-toc-section\" id=\"Comprehensive_Quality_Assurance_System\"><\/span>Omfattende kvalitetssikringssystem<span class=\"ez-toc-section-end\"><\/span><\/h2>\n<p>Kvalitet opdages ikke, men designes.Vi kontrollerer kondensatorkvaliteten fra kilden.Alle kondensatorer, der kommer ind p\u00e5 fabrikken, gennemg\u00e5r strenge indg\u00e5ende inspektioner, herunder visuelle inspektioner, elektriske parametertests (LCR-tests) og n\u00f8dvendige r\u00f8ntgeninspektioner. Vi har etableret et komplet batch-sporbarhedssystem for at sikre, at eventuelle kvalitetsproblemer hurtigt kan identificeres og l\u00f8ses.<\/p>\n<p>Vi udvikler skr\u00e6ddersyede kvalitetskontrolstrategier til forskellige anvendelsesscenarier.For kondensatorer i h\u00f8jfrekvente kredsl\u00f8b fokuserer vi p\u00e5 deres Q-faktor og ESR-parametre; for effektfiltreringskondensatorer prioriterer vi kapacitetsn\u00f8jagtighed og holdbarhed. Denne m\u00e5lrettede tilgang til kvalitetskontrol sikrer, at vi leverer PCB-produkter, der virkelig opfylder vores kunders applikationskrav.<\/p>\n<p>Udstyret med omfattende p\u00e5lidelighedstestudstyr i PCB-milj\u00f8testlaboratoriet kan vi simulere forskellige ekstreme driftsforhold for at validere kondensatorens ydeevne.Uanset om det er langvarige \u00e6ldningstest under h\u00f8je temperaturer og h\u00f8j luftfugtighed eller holdbarhedstest under mekaniske vibrationsforhold, giver Topfast kunderne p\u00e5lidelig og n\u00f8jagtig datasupport.<\/p>\n<h2><span class=\"ez-toc-section\" id=\"Why_choose_Topfast\"><\/span>Hvorfor v\u00e6lge Topfast?<span class=\"ez-toc-section-end\"><\/span><\/h2>\n<p>Selv om kondensatorer er sm\u00e5, spiller de en afg\u00f8rende rolle i elektroniske systemer.Med 17 \u00e5rs brancheekspertise har Topfast etableret et omfattende kapacitetssystem, der sp\u00e6nder over kondensatorvalg, indk\u00f8b, PCB-design, fremstilling og montering. Vi leverer ikke kun produkter, men tilbyder ogs\u00e5 l\u00f8sninger baseret p\u00e5 dyb teknisk forst\u00e5else. Uanset om det drejer sig om konventionel forbrugerelektronik eller bilelektronik og medicinsk udstyr med h\u00f8j p\u00e5lidelighed, udnytter Topfast sit professionelle tekniske team, strenge kvalitetskontrol og omfattende produktionserfaring til at levere p\u00e5lidelige kondensatorapplikationsl\u00f8sninger til kunderne.<\/p>\n<p>I dagens hurtigt udviklende elektroniske teknologilandskab vil Topfast forts\u00e6tte med at bruge kondensatorer som udgangspunkt, fordybe sig i alle detaljer i den elektroniske produktion og udnytte professionalisme og h\u00e5ndv\u00e6rk til at skabe st\u00f8rre v\u00e6rdi for vores kunder. Vi mener, at det netop er denne omhyggelige opm\u00e6rksomhed p\u00e5 disse \"sm\u00e5 komponenter\", der muligg\u00f8r elektroniske produkters \"h\u00f8je ydeevne\".<\/p>","protected":false},"excerpt":{"rendered":"<p>Topfast har specialiseret sig i at levere PCB-l\u00f8sninger med kondensatorer. Med 17 \u00e5rs brancheerfaring sikrer vi den h\u00f8jeste kvalitet i valg, indk\u00f8b og montering af kondensatorer. Fra h\u00f8jfrekvente kredsl\u00f8b til str\u00f8mstyring bruger vi vores professionelle ekspertise til at opbygge et stabilt og p\u00e5lideligt fundament for dine elektroniske produktionsbehov.<\/p>","protected":false},"featured_media":3368,"comment_status":"closed","ping_status":"closed","template":"","meta":[],"product_brand":[],"product_cat":[217],"product_tag":[294],"class_list":{"0":"post-3366","1":"product","2":"type-product","3":"status-publish","4":"has-post-thumbnail","6":"product_cat-electronic-components","7":"product_tag-capacitor","9":"first","10":"instock","11":"shipping-taxable","12":"product-type-simple"},"yoast_head":"<!-- This site is optimized with the Yoast SEO plugin v25.1 - https:\/\/yoast.com\/wordpress\/plugins\/seo\/ -->\n<title>Capacitor - Topfastpcb<\/title>\n<meta name=\"description\" content=\"Topfast specializes in providing capacitor PCB solutions. With 17 years of industry experience, we ensure the highest quality in capacitor selection, procurement, and assembly. From high-frequency circuits to power management, we use our professional expertise to build a stable and reliable foundation for your electronic manufacturing needs.\" \/>\n<meta name=\"robots\" content=\"index, follow, max-snippet:-1, max-image-preview:large, max-video-preview:-1\" \/>\n<link rel=\"canonical\" href=\"https:\/\/www.topfastpcb.com\/da\/products\/capacitor\/\" \/>\n<meta property=\"og:locale\" content=\"da_DK\" \/>\n<meta property=\"og:type\" content=\"article\" \/>\n<meta property=\"og:title\" content=\"Capacitor - Topfastpcb\" \/>\n<meta property=\"og:description\" content=\"Topfast specializes in providing capacitor PCB solutions. With 17 years of industry experience, we ensure the highest quality in capacitor selection, procurement, and assembly. From high-frequency circuits to power management, we use our professional expertise to build a stable and reliable foundation for your electronic manufacturing needs.\" \/>\n<meta property=\"og:url\" content=\"https:\/\/www.topfastpcb.com\/da\/products\/capacitor\/\" \/>\n<meta property=\"og:site_name\" content=\"Topfastpcb\" \/>\n<meta property=\"article:modified_time\" content=\"2025-06-24T02:02:51+00:00\" \/>\n<meta property=\"og:image\" content=\"https:\/\/www.topfastpcb.com\/wp-content\/uploads\/2025\/06\/Capacitor-1.jpg\" \/>\n\t<meta property=\"og:image:width\" content=\"750\" \/>\n\t<meta property=\"og:image:height\" content=\"750\" \/>\n\t<meta property=\"og:image:type\" content=\"image\/jpeg\" \/>\n<meta name=\"twitter:card\" content=\"summary_large_image\" \/>\n<meta name=\"twitter:label1\" content=\"Estimeret l\u00e6setid\" \/>\n\t<meta name=\"twitter:data1\" content=\"6 minutter\" \/>\n<script type=\"application\/ld+json\" class=\"yoast-schema-graph\">{\"@context\":\"https:\/\/schema.org\",\"@graph\":[{\"@type\":\"WebPage\",\"@id\":\"https:\/\/www.topfastpcb.com\/products\/capacitor\/\",\"url\":\"https:\/\/www.topfastpcb.com\/products\/capacitor\/\",\"name\":\"Capacitor - Topfastpcb\",\"isPartOf\":{\"@id\":\"https:\/\/www.topfastpcb.com\/#website\"},\"primaryImageOfPage\":{\"@id\":\"https:\/\/www.topfastpcb.com\/products\/capacitor\/#primaryimage\"},\"image\":{\"@id\":\"https:\/\/www.topfastpcb.com\/products\/capacitor\/#primaryimage\"},\"thumbnailUrl\":\"https:\/\/www.topfastpcb.com\/wp-content\/uploads\/2025\/06\/Capacitor-1.jpg\",\"datePublished\":\"2025-06-22T00:30:25+00:00\",\"dateModified\":\"2025-06-24T02:02:51+00:00\",\"description\":\"Topfast specializes in providing capacitor PCB solutions. With 17 years of industry experience, we ensure the highest quality in capacitor selection, procurement, and assembly. From high-frequency circuits to power management, we use our professional expertise to build a stable and reliable foundation for your electronic manufacturing needs.\",\"breadcrumb\":{\"@id\":\"https:\/\/www.topfastpcb.com\/products\/capacitor\/#breadcrumb\"},\"inLanguage\":\"da-DK\",\"potentialAction\":[{\"@type\":\"ReadAction\",\"target\":[\"https:\/\/www.topfastpcb.com\/products\/capacitor\/\"]}]},{\"@type\":\"ImageObject\",\"inLanguage\":\"da-DK\",\"@id\":\"https:\/\/www.topfastpcb.com\/products\/capacitor\/#primaryimage\",\"url\":\"https:\/\/www.topfastpcb.com\/wp-content\/uploads\/2025\/06\/Capacitor-1.jpg\",\"contentUrl\":\"https:\/\/www.topfastpcb.com\/wp-content\/uploads\/2025\/06\/Capacitor-1.jpg\",\"width\":750,\"height\":750,\"caption\":\"Capacitor\"},{\"@type\":\"BreadcrumbList\",\"@id\":\"https:\/\/www.topfastpcb.com\/products\/capacitor\/#breadcrumb\",\"itemListElement\":[{\"@type\":\"ListItem\",\"position\":1,\"name\":\"\u9996\u9875\",\"item\":\"https:\/\/www.topfastpcb.com\/\"},{\"@type\":\"ListItem\",\"position\":2,\"name\":\"\u5546\u5e97\",\"item\":\"https:\/\/www.topfastpcb.com\/shop\/\"},{\"@type\":\"ListItem\",\"position\":3,\"name\":\"Capacitor\"}]},{\"@type\":\"WebSite\",\"@id\":\"https:\/\/www.topfastpcb.com\/#website\",\"url\":\"https:\/\/www.topfastpcb.com\/\",\"name\":\"Topfastpcb\",\"description\":\"Topfast Prime Choice for Global Electronics Manufacturing\",\"publisher\":{\"@id\":\"https:\/\/www.topfastpcb.com\/#organization\"},\"potentialAction\":[{\"@type\":\"SearchAction\",\"target\":{\"@type\":\"EntryPoint\",\"urlTemplate\":\"https:\/\/www.topfastpcb.com\/?s={search_term_string}\"},\"query-input\":{\"@type\":\"PropertyValueSpecification\",\"valueRequired\":true,\"valueName\":\"search_term_string\"}}],\"inLanguage\":\"da-DK\"},{\"@type\":\"Organization\",\"@id\":\"https:\/\/www.topfastpcb.com\/#organization\",\"name\":\"Topfastpcb\",\"url\":\"https:\/\/www.topfastpcb.com\/\",\"logo\":{\"@type\":\"ImageObject\",\"inLanguage\":\"da-DK\",\"@id\":\"https:\/\/www.topfastpcb.com\/#\/schema\/logo\/image\/\",\"url\":\"https:\/\/www.topfastpcb.com\/wp-content\/uploads\/2026\/02\/cropped-topfast-logo.png\",\"contentUrl\":\"https:\/\/www.topfastpcb.com\/wp-content\/uploads\/2026\/02\/cropped-topfast-logo.png\",\"width\":144,\"height\":56,\"caption\":\"Topfastpcb\"},\"image\":{\"@id\":\"https:\/\/www.topfastpcb.com\/#\/schema\/logo\/image\/\"}}]}<\/script>\n<!-- \/ Yoast SEO plugin. -->","yoast_head_json":{"title":"Capacitor - Topfastpcb","description":"Topfast specializes in providing capacitor PCB solutions. With 17 years of industry experience, we ensure the highest quality in capacitor selection, procurement, and assembly. From high-frequency circuits to power management, we use our professional expertise to build a stable and reliable foundation for your electronic manufacturing needs.","robots":{"index":"index","follow":"follow","max-snippet":"max-snippet:-1","max-image-preview":"max-image-preview:large","max-video-preview":"max-video-preview:-1"},"canonical":"https:\/\/www.topfastpcb.com\/da\/products\/capacitor\/","og_locale":"da_DK","og_type":"article","og_title":"Capacitor - Topfastpcb","og_description":"Topfast specializes in providing capacitor PCB solutions. With 17 years of industry experience, we ensure the highest quality in capacitor selection, procurement, and assembly. From high-frequency circuits to power management, we use our professional expertise to build a stable and reliable foundation for your electronic manufacturing needs.","og_url":"https:\/\/www.topfastpcb.com\/da\/products\/capacitor\/","og_site_name":"Topfastpcb","article_modified_time":"2025-06-24T02:02:51+00:00","og_image":[{"width":750,"height":750,"url":"https:\/\/www.topfastpcb.com\/wp-content\/uploads\/2025\/06\/Capacitor-1.jpg","type":"image\/jpeg"}],"twitter_card":"summary_large_image","twitter_misc":{"Estimeret l\u00e6setid":"6 minutter"},"schema":{"@context":"https:\/\/schema.org","@graph":[{"@type":"WebPage","@id":"https:\/\/www.topfastpcb.com\/products\/capacitor\/","url":"https:\/\/www.topfastpcb.com\/products\/capacitor\/","name":"Capacitor - Topfastpcb","isPartOf":{"@id":"https:\/\/www.topfastpcb.com\/#website"},"primaryImageOfPage":{"@id":"https:\/\/www.topfastpcb.com\/products\/capacitor\/#primaryimage"},"image":{"@id":"https:\/\/www.topfastpcb.com\/products\/capacitor\/#primaryimage"},"thumbnailUrl":"https:\/\/www.topfastpcb.com\/wp-content\/uploads\/2025\/06\/Capacitor-1.jpg","datePublished":"2025-06-22T00:30:25+00:00","dateModified":"2025-06-24T02:02:51+00:00","description":"Topfast specializes in providing capacitor PCB solutions. With 17 years of industry experience, we ensure the highest quality in capacitor selection, procurement, and assembly. From high-frequency circuits to power management, we use our professional expertise to build a stable and reliable foundation for your electronic manufacturing needs.","breadcrumb":{"@id":"https:\/\/www.topfastpcb.com\/products\/capacitor\/#breadcrumb"},"inLanguage":"da-DK","potentialAction":[{"@type":"ReadAction","target":["https:\/\/www.topfastpcb.com\/products\/capacitor\/"]}]},{"@type":"ImageObject","inLanguage":"da-DK","@id":"https:\/\/www.topfastpcb.com\/products\/capacitor\/#primaryimage","url":"https:\/\/www.topfastpcb.com\/wp-content\/uploads\/2025\/06\/Capacitor-1.jpg","contentUrl":"https:\/\/www.topfastpcb.com\/wp-content\/uploads\/2025\/06\/Capacitor-1.jpg","width":750,"height":750,"caption":"Capacitor"},{"@type":"BreadcrumbList","@id":"https:\/\/www.topfastpcb.com\/products\/capacitor\/#breadcrumb","itemListElement":[{"@type":"ListItem","position":1,"name":"\u9996\u9875","item":"https:\/\/www.topfastpcb.com\/"},{"@type":"ListItem","position":2,"name":"\u5546\u5e97","item":"https:\/\/www.topfastpcb.com\/shop\/"},{"@type":"ListItem","position":3,"name":"Capacitor"}]},{"@type":"WebSite","@id":"https:\/\/www.topfastpcb.com\/#website","url":"https:\/\/www.topfastpcb.com\/","name":"Topfastpcb","description":"Topfast Prime Choice for Global Electronics Manufacturing","publisher":{"@id":"https:\/\/www.topfastpcb.com\/#organization"},"potentialAction":[{"@type":"SearchAction","target":{"@type":"EntryPoint","urlTemplate":"https:\/\/www.topfastpcb.com\/?s={search_term_string}"},"query-input":{"@type":"PropertyValueSpecification","valueRequired":true,"valueName":"search_term_string"}}],"inLanguage":"da-DK"},{"@type":"Organization","@id":"https:\/\/www.topfastpcb.com\/#organization","name":"Topfastpcb","url":"https:\/\/www.topfastpcb.com\/","logo":{"@type":"ImageObject","inLanguage":"da-DK","@id":"https:\/\/www.topfastpcb.com\/#\/schema\/logo\/image\/","url":"https:\/\/www.topfastpcb.com\/wp-content\/uploads\/2026\/02\/cropped-topfast-logo.png","contentUrl":"https:\/\/www.topfastpcb.com\/wp-content\/uploads\/2026\/02\/cropped-topfast-logo.png","width":144,"height":56,"caption":"Topfastpcb"},"image":{"@id":"https:\/\/www.topfastpcb.com\/#\/schema\/logo\/image\/"}}]}},"_links":{"self":[{"href":"https:\/\/www.topfastpcb.com\/da\/wp-json\/wp\/v2\/product\/3366","targetHints":{"allow":["GET"]}}],"collection":[{"href":"https:\/\/www.topfastpcb.com\/da\/wp-json\/wp\/v2\/product"}],"about":[{"href":"https:\/\/www.topfastpcb.com\/da\/wp-json\/wp\/v2\/types\/product"}],"replies":[{"embeddable":true,"href":"https:\/\/www.topfastpcb.com\/da\/wp-json\/wp\/v2\/comments?post=3366"}],"wp:featuredmedia":[{"embeddable":true,"href":"https:\/\/www.topfastpcb.com\/da\/wp-json\/wp\/v2\/media\/3368"}],"wp:attachment":[{"href":"https:\/\/www.topfastpcb.com\/da\/wp-json\/wp\/v2\/media?parent=3366"}],"wp:term":[{"taxonomy":"product_brand","embeddable":true,"href":"https:\/\/www.topfastpcb.com\/da\/wp-json\/wp\/v2\/product_brand?post=3366"},{"taxonomy":"product_cat","embeddable":true,"href":"https:\/\/www.topfastpcb.com\/da\/wp-json\/wp\/v2\/product_cat?post=3366"},{"taxonomy":"product_tag","embeddable":true,"href":"https:\/\/www.topfastpcb.com\/da\/wp-json\/wp\/v2\/product_tag?post=3366"}],"curies":[{"name":"wp","href":"https:\/\/api.w.org\/{rel}","templated":true}]}}