{"id":3468,"date":"2025-06-26T09:49:41","date_gmt":"2025-06-26T01:49:41","guid":{"rendered":"https:\/\/www.topfastpcb.com\/?post_type=product&#038;p=3468"},"modified":"2025-06-26T09:53:02","modified_gmt":"2025-06-26T01:53:02","slug":"crystal-oscillator","status":"publish","type":"product","link":"https:\/\/www.topfastpcb.com\/da\/products\/crystal-oscillator\/","title":{"rendered":"Krystaloscillator"},"content":{"rendered":"<div id=\"ez-toc-container\" class=\"ez-toc-v2_0_74 counter-hierarchy ez-toc-counter ez-toc-custom ez-toc-container-direction\">\n<div class=\"ez-toc-title-container\">\n<p class=\"ez-toc-title\" style=\"cursor:inherit\">Indholdsfortegnelse<\/p>\n<span class=\"ez-toc-title-toggle\"><\/span><\/div>\n<nav><ul class='ez-toc-list ez-toc-list-level-1' ><li class='ez-toc-page-1 ez-toc-heading-level-2'><a class=\"ez-toc-link ez-toc-heading-1\" href=\"https:\/\/www.topfastpcb.com\/da\/products\/crystal-oscillator\/#Professional_Crystal_Oscillator_Procurement\" >Indk\u00f8b af professionelle krystaloscillatorer<\/a><ul class='ez-toc-list-level-3' ><li class='ez-toc-heading-level-3'><a class=\"ez-toc-link ez-toc-heading-2\" href=\"https:\/\/www.topfastpcb.com\/da\/products\/crystal-oscillator\/#Why_Choose_Topfasts_Crystal_Oscillator_Procurement_Service\" >Hvorfor v\u00e6lge Topfast&amp;#8217s indk\u00f8bsservice for krystaloscillatorer?<\/a><\/li><li class='ez-toc-page-1 ez-toc-heading-level-3'><a class=\"ez-toc-link ez-toc-heading-3\" href=\"https:\/\/www.topfastpcb.com\/da\/products\/crystal-oscillator\/#Complete_Crystal_Oscillator_Solutions\" >Komplette l\u00f8sninger til krystaloscillatorer<\/a><\/li><li class='ez-toc-page-1 ez-toc-heading-level-3'><a class=\"ez-toc-link ez-toc-heading-4\" href=\"https:\/\/www.topfastpcb.com\/da\/products\/crystal-oscillator\/#Seamless_PCB_Manufacturing_Assembly_Integration\" >S\u00f8ml\u00f8s PCB-fremstilling og montageintegration<\/a><\/li><li class='ez-toc-page-1 ez-toc-heading-level-3'><a class=\"ez-toc-link ez-toc-heading-5\" href=\"https:\/\/www.topfastpcb.com\/da\/products\/crystal-oscillator\/#Custom_Solutions_for_Special_Requirements\" >Skr\u00e6ddersyede l\u00f8sninger til s\u00e6rlige behov<\/a><\/li><li class='ez-toc-page-1 ez-toc-heading-level-3'><a class=\"ez-toc-link ez-toc-heading-6\" href=\"https:\/\/www.topfastpcb.com\/da\/products\/crystal-oscillator\/#Why_Global_Clients_Choose_Topfast\" >Hvorfor v\u00e6lger globale kunder Topfast?<\/a><\/li><li class='ez-toc-page-1 ez-toc-heading-level-3'><a class=\"ez-toc-link ez-toc-heading-7\" href=\"https:\/\/www.topfastpcb.com\/da\/products\/crystal-oscillator\/#Frequently_Asked_Questions\" >Ofte stillede sp\u00f8rgsm\u00e5l<\/a><\/li><li class='ez-toc-page-1 ez-toc-heading-level-3'><a class=\"ez-toc-link ez-toc-heading-8\" href=\"https:\/\/www.topfastpcb.com\/da\/products\/crystal-oscillator\/#Launch_Your_Project_Today\" >Start dit projekt i dag<\/a><\/li><\/ul><\/li><li class='ez-toc-page-1 ez-toc-heading-level-2'><a class=\"ez-toc-link ez-toc-heading-9\" href=\"https:\/\/www.topfastpcb.com\/da\/products\/crystal-oscillator\/#About_Topfast\" >Om Topfast<\/a><\/li><\/ul><\/nav><\/div>\n\n<h2><span class=\"ez-toc-section\" id=\"Professional_Crystal_Oscillator_Procurement\"><\/span>Indk\u00f8b af professionelle krystaloscillatorer<span class=\"ez-toc-section-end\"><\/span><\/h2>\n<p class=\"ds-markdown-paragraph\">Inden for elektronikproduktion er n\u00f8jagtige ursignaler afg\u00f8rende for produkternes p\u00e5lidelighed. Med 17 \u00e5rs brancheerfaring er Topfast en one-stop PCB-l\u00f8sningsudbyder, der tilbyder end-to-end-tjenester lige fra indk\u00f8b af krystaloscillatorer af h\u00f8j kvalitet til komplette <a href=\"https:\/\/www.topfastpcb.com\/da\/\">PCB-fremstilling og -montering<\/a>.<\/p>\n<h3><span class=\"ez-toc-section\" id=\"Why_Choose_Topfasts_Crystal_Oscillator_Procurement_Service\"><\/span>Hvorfor v\u00e6lge Topfast&amp;#8217s indk\u00f8bsservice for krystaloscillatorer?<span class=\"ez-toc-section-end\"><\/span><\/h3>\n<p class=\"ds-markdown-paragraph\">Vi har dybe partnerskaber med globale topm\u00e6rker, bl.a:<\/p>\n<ul>\n<li>\n<p class=\"ds-markdown-paragraph\">Murata &#8211; branchef\u00f8rende producent af elektroniske komponenter<\/p>\n<\/li>\n<li>\n<p class=\"ds-markdown-paragraph\">Epson &#8211; Ekspert i krystaloscillatorer med h\u00f8j pr\u00e6cision<\/p>\n<\/li>\n<li>\n<p class=\"ds-markdown-paragraph\">Kyocera &#8211; F\u00f8rsteklasses leverand\u00f8r af kvartskomponenter<\/p>\n<\/li>\n<li>\n<p class=\"ds-markdown-paragraph\">Vectron &#8211; Specialist i l\u00f8sninger til frekvensstyring<\/p>\n<\/li>\n<\/ul>\n<p class=\"ds-markdown-paragraph\"><strong>Vores fordele:<\/strong><br \/>\nDirekte indk\u00f8b fra autoriserede distribut\u00f8rer, hvilket sikrer \u00e6gte kvalitet<br \/>\nPr\u00e6cise tilbud inden for 1 time<br \/>\nProfessionel r\u00e5dgivning om optimering af styklisteomkostninger<br \/>\n24\/7 system til hurtig respons<\/p>\n<blockquote>\n<p class=\"ds-markdown-paragraph\">&#8220;Topfasts indk\u00f8bsteam hjalp os med at reducere komponentomkostningerne med 30 %, samtidig med at vi opretholdt kvalitetsstabiliteten for kritiske krystaloscillatorer.&#8221; - Feedback fra en producent af IoT-enheder<\/p>\n<\/blockquote>\n<p class=\"ds-markdown-paragraph\"><strong><a target=\"_blank\" rel=\"noopener noreferrer\" href=\"https:\/\/www.topfastpcb.com\/da\/contact\/\">F\u00e5 \u00f8jeblikkeligt tilbud p\u00e5 krystaloscillator<\/a><\/strong><\/p>\n<h3><span class=\"ez-toc-section\" id=\"Complete_Crystal_Oscillator_Solutions\"><\/span>Komplette l\u00f8sninger til krystaloscillatorer<span class=\"ez-toc-section-end\"><\/span><\/h3>\n<p class=\"ds-markdown-paragraph\">Uanset hvilken pr\u00e6cision din applikation kr\u00e6ver, leverer vi matchende l\u00f8sninger:<\/p>\n<div class=\"markdown-table-wrapper\">\n<table>\n<thead>\n<tr>\n<th>Oscillator-type<\/th>\n<th>Karakteristika<\/th>\n<th>Typiske anvendelser<\/th>\n<\/tr>\n<\/thead>\n<tbody>\n<tr>\n<td>Standard XO<\/td>\n<td>Omkostningseffektiv, grundl\u00e6ggende pr\u00e6cision<\/td>\n<td>Forbrugerelektronik<\/td>\n<\/tr>\n<tr>\n<td>TCXO<\/td>\n<td>Temperaturkompenseret, \u00b10,5~\u00b12,5ppm<\/td>\n<td>Industrielt udstyr<\/td>\n<\/tr>\n<tr>\n<td>VCXO<\/td>\n<td>Sp\u00e6ndingsstyret justerbar frekvens<\/td>\n<td>Kommunikationsudstyr<\/td>\n<\/tr>\n<tr>\n<td>OCXO<\/td>\n<td>Ovnstyret, ultrah\u00f8j pr\u00e6cision<\/td>\n<td>Basestationer, milit\u00e6r<\/td>\n<\/tr>\n<tr>\n<td>MCXO<\/td>\n<td>Mikroprocessor-kompenseret<\/td>\n<td>Navigationssystemer<\/td>\n<\/tr>\n<\/tbody>\n<\/table>\n<\/div>\n<p class=\"ds-markdown-paragraph\">Vores ingeni\u00f8rer vil anbefale den bedst egnede krystaloscillatorl\u00f8sning baseret p\u00e5 din<span>\u00a0<\/span><strong>Anvendelsesscenarie<\/strong>,<span>\u00a0<\/span><strong>milj\u00f8m\u00e6ssige forhold<\/strong>og<span>\u00a0<\/span><strong>Krav til ydeevne<\/strong>.<\/p>\n<p class=\"ds-markdown-paragraph\"><strong><a target=\"_blank\" rel=\"noopener noreferrer\" href=\"https:\/\/www.topfastpcb.com\/da\/contact\/\">R\u00e5df\u00f8r dig med eksperter om valg af oscillator<\/a><\/strong><\/p>\n<h3><span class=\"ez-toc-section\" id=\"Seamless_PCB_Manufacturing_Assembly_Integration\"><\/span>S\u00f8ml\u00f8s PCB-fremstilling og montageintegration<span class=\"ez-toc-section-end\"><\/span><\/h3>\n<p class=\"ds-markdown-paragraph\">Topfast er ikke bare en komponentleverand\u00f8r, men en<span>\u00a0<\/span><strong>Partner med fuld service inden for elektronikproduktion<\/strong>. Vi leverer:<\/p>\n<ol start=\"1\">\n<li>\n<p class=\"ds-markdown-paragraph\"><strong>Optimering af design<\/strong>:Gennemg\u00e5 dit PCB-design for at sikre korrekt oscillator-pad-layout og termisk design<\/p>\n<\/li>\n<li>\n<p class=\"ds-markdown-paragraph\"><strong>Analyse af fremstillingsmuligheder<\/strong>: Identificer potentielle problemer tidligt for at undg\u00e5 dyre revisioner<\/p>\n<\/li>\n<li>\n<p class=\"ds-markdown-paragraph\"><strong>Pr\u00e6cisionsmontering<\/strong>: SMT-udstyr med h\u00f8j pr\u00e6cision h\u00e5ndterer forskellige oscillatorpakker<\/p>\n<\/li>\n<li>\n<p class=\"ds-markdown-paragraph\"><strong>Omfattende testning<\/strong>Inklusive kritiske parametre som frekvensegenskaber og signalintegritet<\/p>\n<\/li>\n<\/ol>\n<p class=\"ds-markdown-paragraph\"><strong>Casestudie<\/strong>Vi hjalp en kunde inden for medicinsk udstyr med at forbedre udbyttet af TCXO-installationer fra 92 % til 99,8 %, hvilket resulterede i en betydelig reduktion af produktionsomkostningerne.<\/p>\n<p class=\"ds-markdown-paragraph\"><strong><a target=\"_blank\" rel=\"noopener noreferrer\" href=\"https:\/\/www.topfastpcb.com\/da\/contact\/\">Anmod om gratis DFM-analyse<\/a><\/strong><\/p>\n<h3><span class=\"ez-toc-section\" id=\"Custom_Solutions_for_Special_Requirements\"><\/span>Skr\u00e6ddersyede l\u00f8sninger til s\u00e6rlige behov<span class=\"ez-toc-section-end\"><\/span><\/h3>\n<p class=\"ds-markdown-paragraph\">Til specialiserede anvendelser tilbyder vi:<\/p>\n<ul>\n<li>\n<p class=\"ds-markdown-paragraph\">Tilpassede frekvens- og pr\u00e6cisionsspecifikationer<\/p>\n<\/li>\n<li>\n<p class=\"ds-markdown-paragraph\">S\u00e6rlige pakkedesigns<\/p>\n<\/li>\n<li>\n<p class=\"ds-markdown-paragraph\">L\u00f8sninger til tilpasning til ekstreme milj\u00f8er<\/p>\n<\/li>\n<li>\n<p class=\"ds-markdown-paragraph\">Optimeringsdesigns med lavt str\u00f8mforbrug<\/p>\n<\/li>\n<\/ul>\n<p class=\"ds-markdown-paragraph\">Vores ingeni\u00f8rteam udviklede en OCXO-l\u00f8sning til h\u00f8j temperatur til en kunde inden for rumfart, som opretholdt en stabilitet p\u00e5 \u00b10,01 ppm over et temperaturomr\u00e5de p\u00e5 -55 \u00b0C til 125 \u00b0C.<\/p>\n<p class=\"ds-markdown-paragraph\"><strong><a target=\"_blank\" rel=\"noopener noreferrer\" href=\"https:\/\/www.topfastpcb.com\/da\/contact\/\">L\u00e6r om tilpassede tjenester<\/a><\/strong><\/p>\n<h3><span class=\"ez-toc-section\" id=\"Why_Global_Clients_Choose_Topfast\"><\/span>Hvorfor v\u00e6lger globale kunder Topfast?<span class=\"ez-toc-section-end\"><\/span><\/h3>\n<p class=\"ds-markdown-paragraph\">\u2714<span>\u00a0<\/span><strong>17 \u00e5rs erfaring<\/strong><span>\u00a0<\/span>&#8211; Betjente 3000+ kunder p\u00e5 tv\u00e6rs af forbrugerelektronik, industri og medicinske sektorer<br \/>\n\u2714<span>\u00a0<\/span><strong>Hurtig reaktion<\/strong><span>\u00a0<\/span>1-times tilbud, 4-timers teknisk support, 24-timers levering af prototype<br \/>\n\u2714<span>\u00a0<\/span><strong>Optimering af omkostninger<\/strong><span>\u00a0<\/span>&#8211; Spar 15-30% gennem stordriftsfordele og procesoptimering<br \/>\n\u2714<span>\u00a0<\/span><strong>Kvalitetssikring<\/strong><span>\u00a0<\/span>ISO9001-certificeret med streng indg\u00e5ende inspektion og proceskontrol<br \/>\n\u2714<span>\u00a0<\/span><strong>Service fra ende til anden<\/strong><span>\u00a0<\/span>One-stop support fra koncept til masseproduktion<\/p>\n<blockquote>\n<p class=\"ds-markdown-paragraph\">&#8220;Den glatte overgang fra prototype til masseproduktion er n\u00f8glen til produktsucces. Topfasts one-stop-service giver os mulighed for at fokusere p\u00e5 kernedesign, mens vi overlader produktionen til p\u00e5lidelige eksperter.&#8221; - Smart hardware CEO testimonial<\/p>\n<\/blockquote>\n<h3><span class=\"ez-toc-section\" id=\"Frequently_Asked_Questions\"><\/span>Ofte stillede sp\u00f8rgsm\u00e5l<span class=\"ez-toc-section-end\"><\/span><\/h3>\n<p class=\"ds-markdown-paragraph\"><strong>Sp\u00f8rgsm\u00e5l: Hvilke n\u00f8gleparametre b\u00f8r man overveje, n\u00e5r man k\u00f8ber krystaloscillatorer?<\/strong><br \/>\nA: Frekvens, stabilitet, driftstemperaturomr\u00e5de, \u00e6ldningshastighed, belastningskapacitans og pakkest\u00f8rrelse er mest kritisk. Vores ingeni\u00f8rer kan hj\u00e6lpe med at analysere dine krav.<\/p>\n<p class=\"ds-markdown-paragraph\"><strong>Q: Hvordan sikrer jeg, at oscillatoren er kompatibel med mit printkortdesign?<\/strong><br \/>\nSvar: Vi tilbyder gratis DFM-tjek, hvor vi gennemg\u00e5r dine designfiler og kommer med forslag til optimering.<\/p>\n<p class=\"ds-markdown-paragraph\"><strong>Q: Kan man ogs\u00e5 f\u00e5 konkurrencedygtige priser p\u00e5 sm\u00e5 m\u00e6ngder?<\/strong><br \/>\nSvar: Ja, gennem stordriftsfordele og smart lagerstyring kan vi tilbyde konkurrencedygtige priser, selv for sm\u00e5 partier.<\/p>\n<p class=\"ds-markdown-paragraph\"><strong><a target=\"_blank\" rel=\"noopener noreferrer\" href=\"https:\/\/www.topfastpcb.com\/da\/blog\/category\/blog\/faq\/\">Se flere ofte stillede sp\u00f8rgsm\u00e5l<\/a><\/strong><\/p>\n<h3><span class=\"ez-toc-section\" id=\"Launch_Your_Project_Today\"><\/span>Start dit projekt i dag<span class=\"ez-toc-section-end\"><\/span><\/h3>\n<p class=\"ds-markdown-paragraph\">Uanset om du har brug for det:<\/p>\n<ul>\n<li>\n<p class=\"ds-markdown-paragraph\">Hurtig anskaffelse af specifikke oscillatormodeller<\/p>\n<\/li>\n<li>\n<p class=\"ds-markdown-paragraph\">Optimering af eksisterende BOM-omkostninger<\/p>\n<\/li>\n<li>\n<p class=\"ds-markdown-paragraph\">Udvikling af nye produkter, der kr\u00e6ver timing med h\u00f8j pr\u00e6cision<\/p>\n<\/li>\n<li>\n<p class=\"ds-markdown-paragraph\">Overgang fra design til masseproduktion<\/p>\n<\/li>\n<\/ul>\n<p class=\"ds-markdown-paragraph\">Topfast&amp;#8217s professionelle team er klar til at betjene dig. Indsend dine krav for at opleve bekvemmeligheden ved one-stop elektronikproduktion!<\/p>\n<p class=\"ds-markdown-paragraph\"><strong><a target=\"_blank\" rel=\"noopener noreferrer\" href=\"https:\/\/www.topfastpcb.com\/da\/contact\/\">Indsend stykliste til tilbud<\/a><\/strong><span>\u00a0<\/span><\/p>\n<h2><span class=\"ez-toc-section\" id=\"About_Topfast\"><\/span>Om Topfast<span class=\"ez-toc-section-end\"><\/span><\/h2>\n<p class=\"ds-markdown-paragraph\">Topfast blev grundlagt i 2008 og er en<span>\u00a0<\/span><strong>f\u00f8rende PCB-design- og produktionsvirksomhed<\/strong><span>\u00a0<\/span>med speciale i hurtig prototyping og produktion af sm\u00e5 partier til globale kunder. Vi investerer l\u00f8bende i avanceret udstyr og teknologi og f\u00f8lger vores &#8220;kunde-f\u00f8rst, kvalitet-f\u00f8rst&#8221; filosofi for at blive din mest betroede elektronikproduktionspartner.<\/p>\n<p class=\"ds-markdown-paragraph\">Gennem et dybt samarbejde med de bedste komponentproducenter sikrer vi, at du f\u00e5r<span>\u00a0<\/span><strong>b\u00e5de kvalitets- og prisfordele<\/strong>. Fra filgennemgang til endelig levering vil Topfasts professionelle team f\u00f8lge dit projekt hele vejen igennem.<\/p>","protected":false},"excerpt":{"rendered":"<p>Topfast giver dig one-stop-tjenester til indk\u00f8b af krystaloscillatorer og fremstilling af printkort. Vi samarbejder med topm\u00e6rker for at sikre komponentkvalitet og prisfordele og leverer komplette l\u00f8sninger fra BOM-optimering, PCB-design til montering. Vores professionelle ingeni\u00f8rteam svarer 24 timer i d\u00f8gnet, giver tilbud inden for 1 time og tilbyder teknisk support inden for 4 timer for at hj\u00e6lpe dig med at fremskynde din produktlancering.<\/p>","protected":false},"featured_media":3469,"comment_status":"closed","ping_status":"closed","template":"","meta":[],"product_brand":[],"product_cat":[217],"product_tag":[308],"class_list":{"0":"post-3468","1":"product","2":"type-product","3":"status-publish","4":"has-post-thumbnail","6":"product_cat-electronic-components","7":"product_tag-crystal-oscillator","9":"first","10":"instock","11":"shipping-taxable","12":"product-type-simple"},"yoast_head":"<!-- This site is optimized with the Yoast SEO plugin v25.1 - https:\/\/yoast.com\/wordpress\/plugins\/seo\/ -->\n<title>Crystal Oscillator - Topfastpcb<\/title>\n<meta name=\"description\" content=\"Topfast provides high-quality crystal oscillator procurement and one-stop PCB manufacturing services, from component procurement to precision PCB assembly, offering you fast response and cost-optimized electronic manufacturing solutions.\" \/>\n<meta name=\"robots\" content=\"index, follow, max-snippet:-1, max-image-preview:large, max-video-preview:-1\" \/>\n<link rel=\"canonical\" href=\"https:\/\/www.topfastpcb.com\/da\/products\/crystal-oscillator\/\" \/>\n<meta property=\"og:locale\" content=\"da_DK\" \/>\n<meta property=\"og:type\" content=\"article\" \/>\n<meta property=\"og:title\" content=\"Crystal Oscillator - Topfastpcb\" \/>\n<meta property=\"og:description\" content=\"Topfast provides high-quality crystal oscillator procurement and one-stop PCB manufacturing services, from component procurement to precision PCB assembly, offering you fast response and cost-optimized electronic manufacturing solutions.\" \/>\n<meta property=\"og:url\" content=\"https:\/\/www.topfastpcb.com\/da\/products\/crystal-oscillator\/\" \/>\n<meta property=\"og:site_name\" content=\"Topfastpcb\" \/>\n<meta property=\"article:modified_time\" content=\"2025-06-26T01:53:02+00:00\" \/>\n<meta property=\"og:image\" content=\"https:\/\/www.topfastpcb.com\/wp-content\/uploads\/2025\/06\/Crystal-Oscillator-4.jpg\" \/>\n\t<meta property=\"og:image:width\" content=\"750\" \/>\n\t<meta property=\"og:image:height\" content=\"750\" \/>\n\t<meta property=\"og:image:type\" content=\"image\/jpeg\" \/>\n<meta name=\"twitter:card\" content=\"summary_large_image\" \/>\n<meta name=\"twitter:label1\" content=\"Estimeret l\u00e6setid\" \/>\n\t<meta name=\"twitter:data1\" content=\"3 minutter\" \/>\n<script type=\"application\/ld+json\" class=\"yoast-schema-graph\">{\"@context\":\"https:\/\/schema.org\",\"@graph\":[{\"@type\":\"WebPage\",\"@id\":\"https:\/\/www.topfastpcb.com\/products\/crystal-oscillator\/\",\"url\":\"https:\/\/www.topfastpcb.com\/products\/crystal-oscillator\/\",\"name\":\"Crystal Oscillator - Topfastpcb\",\"isPartOf\":{\"@id\":\"https:\/\/www.topfastpcb.com\/#website\"},\"primaryImageOfPage\":{\"@id\":\"https:\/\/www.topfastpcb.com\/products\/crystal-oscillator\/#primaryimage\"},\"image\":{\"@id\":\"https:\/\/www.topfastpcb.com\/products\/crystal-oscillator\/#primaryimage\"},\"thumbnailUrl\":\"https:\/\/www.topfastpcb.com\/wp-content\/uploads\/2025\/06\/Crystal-Oscillator-4.jpg\",\"datePublished\":\"2025-06-26T01:49:41+00:00\",\"dateModified\":\"2025-06-26T01:53:02+00:00\",\"description\":\"Topfast provides high-quality crystal oscillator procurement and one-stop PCB manufacturing services, from component procurement to precision PCB assembly, offering you fast response and cost-optimized electronic manufacturing solutions.\",\"breadcrumb\":{\"@id\":\"https:\/\/www.topfastpcb.com\/products\/crystal-oscillator\/#breadcrumb\"},\"inLanguage\":\"da-DK\",\"potentialAction\":[{\"@type\":\"ReadAction\",\"target\":[\"https:\/\/www.topfastpcb.com\/products\/crystal-oscillator\/\"]}]},{\"@type\":\"ImageObject\",\"inLanguage\":\"da-DK\",\"@id\":\"https:\/\/www.topfastpcb.com\/products\/crystal-oscillator\/#primaryimage\",\"url\":\"https:\/\/www.topfastpcb.com\/wp-content\/uploads\/2025\/06\/Crystal-Oscillator-4.jpg\",\"contentUrl\":\"https:\/\/www.topfastpcb.com\/wp-content\/uploads\/2025\/06\/Crystal-Oscillator-4.jpg\",\"width\":750,\"height\":750,\"caption\":\"Crystal Oscillator\"},{\"@type\":\"BreadcrumbList\",\"@id\":\"https:\/\/www.topfastpcb.com\/products\/crystal-oscillator\/#breadcrumb\",\"itemListElement\":[{\"@type\":\"ListItem\",\"position\":1,\"name\":\"\u9996\u9875\",\"item\":\"https:\/\/www.topfastpcb.com\/\"},{\"@type\":\"ListItem\",\"position\":2,\"name\":\"\u5546\u5e97\",\"item\":\"https:\/\/www.topfastpcb.com\/shop\/\"},{\"@type\":\"ListItem\",\"position\":3,\"name\":\"Crystal Oscillator\"}]},{\"@type\":\"WebSite\",\"@id\":\"https:\/\/www.topfastpcb.com\/#website\",\"url\":\"https:\/\/www.topfastpcb.com\/\",\"name\":\"Topfastpcb\",\"description\":\"Topfast Prime Choice for Global Electronics Manufacturing\",\"publisher\":{\"@id\":\"https:\/\/www.topfastpcb.com\/#organization\"},\"potentialAction\":[{\"@type\":\"SearchAction\",\"target\":{\"@type\":\"EntryPoint\",\"urlTemplate\":\"https:\/\/www.topfastpcb.com\/?s={search_term_string}\"},\"query-input\":{\"@type\":\"PropertyValueSpecification\",\"valueRequired\":true,\"valueName\":\"search_term_string\"}}],\"inLanguage\":\"da-DK\"},{\"@type\":\"Organization\",\"@id\":\"https:\/\/www.topfastpcb.com\/#organization\",\"name\":\"Topfastpcb\",\"url\":\"https:\/\/www.topfastpcb.com\/\",\"logo\":{\"@type\":\"ImageObject\",\"inLanguage\":\"da-DK\",\"@id\":\"https:\/\/www.topfastpcb.com\/#\/schema\/logo\/image\/\",\"url\":\"https:\/\/www.topfastpcb.com\/wp-content\/uploads\/2026\/02\/cropped-topfast-logo.png\",\"contentUrl\":\"https:\/\/www.topfastpcb.com\/wp-content\/uploads\/2026\/02\/cropped-topfast-logo.png\",\"width\":144,\"height\":56,\"caption\":\"Topfastpcb\"},\"image\":{\"@id\":\"https:\/\/www.topfastpcb.com\/#\/schema\/logo\/image\/\"}}]}<\/script>\n<!-- \/ Yoast SEO plugin. -->","yoast_head_json":{"title":"Crystal Oscillator - Topfastpcb","description":"Topfast provides high-quality crystal oscillator procurement and one-stop PCB manufacturing services, from component procurement to precision PCB assembly, offering you fast response and cost-optimized electronic manufacturing solutions.","robots":{"index":"index","follow":"follow","max-snippet":"max-snippet:-1","max-image-preview":"max-image-preview:large","max-video-preview":"max-video-preview:-1"},"canonical":"https:\/\/www.topfastpcb.com\/da\/products\/crystal-oscillator\/","og_locale":"da_DK","og_type":"article","og_title":"Crystal Oscillator - Topfastpcb","og_description":"Topfast provides high-quality crystal oscillator procurement and one-stop PCB manufacturing services, from component procurement to precision PCB assembly, offering you fast response and cost-optimized electronic manufacturing solutions.","og_url":"https:\/\/www.topfastpcb.com\/da\/products\/crystal-oscillator\/","og_site_name":"Topfastpcb","article_modified_time":"2025-06-26T01:53:02+00:00","og_image":[{"width":750,"height":750,"url":"https:\/\/www.topfastpcb.com\/wp-content\/uploads\/2025\/06\/Crystal-Oscillator-4.jpg","type":"image\/jpeg"}],"twitter_card":"summary_large_image","twitter_misc":{"Estimeret l\u00e6setid":"3 minutter"},"schema":{"@context":"https:\/\/schema.org","@graph":[{"@type":"WebPage","@id":"https:\/\/www.topfastpcb.com\/products\/crystal-oscillator\/","url":"https:\/\/www.topfastpcb.com\/products\/crystal-oscillator\/","name":"Crystal Oscillator - Topfastpcb","isPartOf":{"@id":"https:\/\/www.topfastpcb.com\/#website"},"primaryImageOfPage":{"@id":"https:\/\/www.topfastpcb.com\/products\/crystal-oscillator\/#primaryimage"},"image":{"@id":"https:\/\/www.topfastpcb.com\/products\/crystal-oscillator\/#primaryimage"},"thumbnailUrl":"https:\/\/www.topfastpcb.com\/wp-content\/uploads\/2025\/06\/Crystal-Oscillator-4.jpg","datePublished":"2025-06-26T01:49:41+00:00","dateModified":"2025-06-26T01:53:02+00:00","description":"Topfast provides high-quality crystal oscillator procurement and one-stop PCB manufacturing services, from component procurement to precision PCB assembly, offering you fast response and cost-optimized electronic manufacturing solutions.","breadcrumb":{"@id":"https:\/\/www.topfastpcb.com\/products\/crystal-oscillator\/#breadcrumb"},"inLanguage":"da-DK","potentialAction":[{"@type":"ReadAction","target":["https:\/\/www.topfastpcb.com\/products\/crystal-oscillator\/"]}]},{"@type":"ImageObject","inLanguage":"da-DK","@id":"https:\/\/www.topfastpcb.com\/products\/crystal-oscillator\/#primaryimage","url":"https:\/\/www.topfastpcb.com\/wp-content\/uploads\/2025\/06\/Crystal-Oscillator-4.jpg","contentUrl":"https:\/\/www.topfastpcb.com\/wp-content\/uploads\/2025\/06\/Crystal-Oscillator-4.jpg","width":750,"height":750,"caption":"Crystal Oscillator"},{"@type":"BreadcrumbList","@id":"https:\/\/www.topfastpcb.com\/products\/crystal-oscillator\/#breadcrumb","itemListElement":[{"@type":"ListItem","position":1,"name":"\u9996\u9875","item":"https:\/\/www.topfastpcb.com\/"},{"@type":"ListItem","position":2,"name":"\u5546\u5e97","item":"https:\/\/www.topfastpcb.com\/shop\/"},{"@type":"ListItem","position":3,"name":"Crystal Oscillator"}]},{"@type":"WebSite","@id":"https:\/\/www.topfastpcb.com\/#website","url":"https:\/\/www.topfastpcb.com\/","name":"Topfastpcb","description":"Topfast Prime Choice for Global Electronics Manufacturing","publisher":{"@id":"https:\/\/www.topfastpcb.com\/#organization"},"potentialAction":[{"@type":"SearchAction","target":{"@type":"EntryPoint","urlTemplate":"https:\/\/www.topfastpcb.com\/?s={search_term_string}"},"query-input":{"@type":"PropertyValueSpecification","valueRequired":true,"valueName":"search_term_string"}}],"inLanguage":"da-DK"},{"@type":"Organization","@id":"https:\/\/www.topfastpcb.com\/#organization","name":"Topfastpcb","url":"https:\/\/www.topfastpcb.com\/","logo":{"@type":"ImageObject","inLanguage":"da-DK","@id":"https:\/\/www.topfastpcb.com\/#\/schema\/logo\/image\/","url":"https:\/\/www.topfastpcb.com\/wp-content\/uploads\/2026\/02\/cropped-topfast-logo.png","contentUrl":"https:\/\/www.topfastpcb.com\/wp-content\/uploads\/2026\/02\/cropped-topfast-logo.png","width":144,"height":56,"caption":"Topfastpcb"},"image":{"@id":"https:\/\/www.topfastpcb.com\/#\/schema\/logo\/image\/"}}]}},"_links":{"self":[{"href":"https:\/\/www.topfastpcb.com\/da\/wp-json\/wp\/v2\/product\/3468","targetHints":{"allow":["GET"]}}],"collection":[{"href":"https:\/\/www.topfastpcb.com\/da\/wp-json\/wp\/v2\/product"}],"about":[{"href":"https:\/\/www.topfastpcb.com\/da\/wp-json\/wp\/v2\/types\/product"}],"replies":[{"embeddable":true,"href":"https:\/\/www.topfastpcb.com\/da\/wp-json\/wp\/v2\/comments?post=3468"}],"wp:featuredmedia":[{"embeddable":true,"href":"https:\/\/www.topfastpcb.com\/da\/wp-json\/wp\/v2\/media\/3469"}],"wp:attachment":[{"href":"https:\/\/www.topfastpcb.com\/da\/wp-json\/wp\/v2\/media?parent=3468"}],"wp:term":[{"taxonomy":"product_brand","embeddable":true,"href":"https:\/\/www.topfastpcb.com\/da\/wp-json\/wp\/v2\/product_brand?post=3468"},{"taxonomy":"product_cat","embeddable":true,"href":"https:\/\/www.topfastpcb.com\/da\/wp-json\/wp\/v2\/product_cat?post=3468"},{"taxonomy":"product_tag","embeddable":true,"href":"https:\/\/www.topfastpcb.com\/da\/wp-json\/wp\/v2\/product_tag?post=3468"}],"curies":[{"name":"wp","href":"https:\/\/api.w.org\/{rel}","templated":true}]}}