{"id":3473,"date":"2025-06-27T08:26:18","date_gmt":"2025-06-27T00:26:18","guid":{"rendered":"https:\/\/www.topfastpcb.com\/?post_type=product&#038;p=3473"},"modified":"2025-06-26T10:33:53","modified_gmt":"2025-06-26T02:33:53","slug":"inductor","status":"publish","type":"product","link":"https:\/\/www.topfastpcb.com\/da\/products\/inductor\/","title":{"rendered":"Induktor"},"content":{"rendered":"<div id=\"ez-toc-container\" class=\"ez-toc-v2_0_74 counter-hierarchy ez-toc-counter ez-toc-custom ez-toc-container-direction\">\n<div class=\"ez-toc-title-container\">\n<p class=\"ez-toc-title\" style=\"cursor:inherit\">Indholdsfortegnelse<\/p>\n<span class=\"ez-toc-title-toggle\"><\/span><\/div>\n<nav><ul class='ez-toc-list ez-toc-list-level-1' ><li class='ez-toc-page-1 ez-toc-heading-level-2'><a class=\"ez-toc-link ez-toc-heading-1\" href=\"https:\/\/www.topfastpcb.com\/da\/products\/inductor\/#One-Stop_Inductor_Procurement_PCB_Assembly_Solutions\" >One-Stop Inductor Procurement &amp; PCB Assembly Solutions<\/a><ul class='ez-toc-list-level-3' ><li class='ez-toc-heading-level-3'><a class=\"ez-toc-link ez-toc-heading-2\" href=\"https:\/\/www.topfastpcb.com\/da\/products\/inductor\/#Comprehensive_Inductor_Procurement_Services\" >Omfattende tjenester til indk\u00f8b af induktorer<\/a><\/li><li class='ez-toc-page-1 ez-toc-heading-level-3'><a class=\"ez-toc-link ez-toc-heading-3\" href=\"https:\/\/www.topfastpcb.com\/da\/products\/inductor\/#High-Precision_PCB_Assembly_Services\" >PCB-montage med h\u00f8j pr\u00e6cision<\/a><\/li><li class='ez-toc-page-1 ez-toc-heading-level-3'><a class=\"ez-toc-link ez-toc-heading-4\" href=\"https:\/\/www.topfastpcb.com\/da\/products\/inductor\/#Why_Global_Clients_Trust_TopFast\" >Hvorfor globale kunder stoler p\u00e5 TopFast<\/a><\/li><li class='ez-toc-page-1 ez-toc-heading-level-3'><a class=\"ez-toc-link ez-toc-heading-5\" href=\"https:\/\/www.topfastpcb.com\/da\/products\/inductor\/#Industries_Served\" >Industrier, der betjenes<\/a><\/li><li class='ez-toc-page-1 ez-toc-heading-level-3'><a class=\"ez-toc-link ez-toc-heading-6\" href=\"https:\/\/www.topfastpcb.com\/da\/products\/inductor\/#Start_Your_Project_Today\" >Start dit projekt i dag<\/a><\/li><\/ul><\/li><\/ul><\/nav><\/div>\n\n<h2><span class=\"ez-toc-section\" id=\"One-Stop_Inductor_Procurement_PCB_Assembly_Solutions\"><\/span>One-Stop Inductor Procurement &amp; PCB Assembly Solutions<span class=\"ez-toc-section-end\"><\/span><\/h2>\n<p class=\"ds-markdown-paragraph\">TopFast er ikke bare en printkortproducent; vi tilbyder komplette elektroniske produktionsl\u00f8sninger fra design til f\u00e6rdigt produkt. Fra indk\u00f8b af komponenter til n\u00f8glef\u00e6rdig montering har vi hjulpet tusindvis af virksomheder over hele verden med at n\u00e5 deres m\u00e5l for elektronisk produktion siden vores etablering i 2008.<\/p>\n<p class=\"ds-markdown-paragraph\"><strong>Hvorfor v\u00e6lge TopFast?<\/strong><br \/>\n\u2714 17 \u00e5rs ekspertise inden for PCB-produktion og -montering<br \/>\n\u2714 Service fra start til slut: Fra indk\u00f8b af komponenter til <a href=\"https:\/\/www.topfastpcb.com\/da\/products\/turnkey-pcb-assembly-services\/\">n\u00f8glef\u00e6rdig montering<\/a><br \/>\n\u2714 Globalt forsyningsk\u00e6denetv\u00e6rk til stabil komponentforsyning<br \/>\n\u2714 Hurtig respons: 1-times tilbud, 24-timers teknisk support<br \/>\n\u2714 100 % kvalitetsinspektion og fuld sporbarhed<\/p>\n<p class=\"ds-markdown-paragraph\"><a target=\"_blank\" rel=\"noopener noreferrer\" href=\"https:\/\/www.topfastpcb.com\/da\/contact\/\">F\u00e5 et gratis tilbud nu<\/a><\/p>\n<h3><img loading=\"lazy\" decoding=\"async\" src=\"https:\/\/www.topfastpcb.com\/wp-content\/uploads\/2025\/06\/inductor.jpg\" alt=\"Induktor\" width=\"600\" height=\"402\" class=\"aligncenter size-full wp-image-3478\" srcset=\"https:\/\/www.topfastpcb.com\/wp-content\/uploads\/2025\/06\/inductor.jpg 600w, https:\/\/www.topfastpcb.com\/wp-content\/uploads\/2025\/06\/inductor-300x201.jpg 300w, https:\/\/www.topfastpcb.com\/wp-content\/uploads\/2025\/06\/inductor-18x12.jpg 18w\" sizes=\"auto, (max-width: 600px) 100vw, 600px\" \/><\/h3>\n<h3><span class=\"ez-toc-section\" id=\"Comprehensive_Inductor_Procurement_Services\"><\/span>Omfattende tjenester til indk\u00f8b af induktorer<span class=\"ez-toc-section-end\"><\/span><\/h3>\n<p class=\"ds-markdown-paragraph\">Induktorer er kritiske komponenter i elektroniske kredsl\u00f8b. TopFast samarbejder med autoriserede globale leverand\u00f8rer for at kunne levere et komplet udvalg af induktorl\u00f8sninger:<\/p>\n<ul>\n<li>\n<p class=\"ds-markdown-paragraph\"><strong>SMD effektinduktorer<\/strong>: Til kompakte designs<\/p>\n<\/li>\n<li>\n<p class=\"ds-markdown-paragraph\"><strong>Toroidal &amp; Ferritkerne-induktorer<\/strong>: Anvendelser med h\u00f8j effektivitet<\/p>\n<\/li>\n<li>\n<p class=\"ds-markdown-paragraph\"><strong>RF-drossler<\/strong>: Optimeret til tr\u00e5dl\u00f8s kommunikationsydelse<\/p>\n<\/li>\n<li>\n<p class=\"ds-markdown-paragraph\"><strong>Tilpassede induktorer<\/strong>: Skr\u00e6ddersyet til unikke designkrav<\/p>\n<\/li>\n<\/ul>\n<p class=\"ds-markdown-paragraph\">Ud over induktorer h\u00e5ndterer vi alle dine behov for indk\u00f8b af styklister:<\/p>\n<ul>\n<li>\n<p class=\"ds-markdown-paragraph\">Passive komponenter (<a href=\"https:\/\/www.topfastpcb.com\/da\/products\/capacitor\/\">kondensatorer<\/a>, <a href=\"https:\/\/www.topfastpcb.com\/da\/products\/resistors\/\">Modstande<\/a>osv.)<\/p>\n<\/li>\n<li>\n<p class=\"ds-markdown-paragraph\">Halvledere og IC'er<\/p>\n<\/li>\n<li>\n<p class=\"ds-markdown-paragraph\">Kommunikationsmoduler (Wi-Fi, Bluetooth osv.)<\/p>\n<\/li>\n<li>\n<p class=\"ds-markdown-paragraph\">Str\u00f8mkomponenter og stik<\/p>\n<\/li>\n<li>\n<p class=\"ds-markdown-paragraph\">Biler og specialiserede komponenter af medicinsk kvalitet<\/p>\n<\/li>\n<\/ul>\n<p class=\"ds-markdown-paragraph\"><a target=\"_blank\" rel=\"noopener noreferrer\" href=\"https:\/\/www.topfastpcb.com\/da\/products\/bill-of-materials-bom\/\">Upload din stykliste til optimering<\/a><\/p>\n<h3><span class=\"ez-toc-section\" id=\"High-Precision_PCB_Assembly_Services\"><\/span>PCB-montage med h\u00f8j pr\u00e6cision<span class=\"ez-toc-section-end\"><\/span><\/h3>\n<p class=\"ds-markdown-paragraph\">TopFasts PCB-samling sikrer fejlfri udf\u00f8relse af induktorkr\u00e6vende design:<\/p>\n<ul>\n<li>\n<p class=\"ds-markdown-paragraph\">Automatiseret placering af SMD-induktorer (\u00b10,025 mm n\u00f8jagtighed)<\/p>\n<\/li>\n<li>\n<p class=\"ds-markdown-paragraph\">Montering med blandet teknologi (SMT + THT)<\/p>\n<\/li>\n<li>\n<p class=\"ds-markdown-paragraph\">Specialiseret lodning til h\u00f8jstr\u00f8msinduktorer<\/p>\n<\/li>\n<li>\n<p class=\"ds-markdown-paragraph\">Conformal coating &amp; indkapsling til barske milj\u00f8er<\/p>\n<\/li>\n<li>\n<p class=\"ds-markdown-paragraph\">End-to-end-support fra prototyper til masseproduktion<\/p>\n<\/li>\n<\/ul>\n<p class=\"ds-markdown-paragraph\">Vi har specialiseret os i komplekse PCBA-projekter med hundredvis af komponenter, hvilket garanterer en pr\u00e6cis placering.<\/p>\n<p class=\"ds-markdown-paragraph\"><a target=\"_blank\" rel=\"noopener noreferrer\" href=\"https:\/\/www.topfastpcb.com\/da\/products\/category\/pcba\/\">Udforsk vores PCBA-kapaciteter<\/a><\/p>\n<h3><span class=\"ez-toc-section\" id=\"Why_Global_Clients_Trust_TopFast\"><\/span>Hvorfor globale kunder stoler p\u00e5 TopFast<span class=\"ez-toc-section-end\"><\/span><\/h3>\n<ol start=\"1\">\n<li>\n<p class=\"ds-markdown-paragraph\"><strong>Fordele ved forsyningsk\u00e6den<\/strong>: Direkte partnerskaber med topm\u00e6rker sikrer kvalitet og omkostningseffektivitet<\/p>\n<\/li>\n<li>\n<p class=\"ds-markdown-paragraph\"><strong>Teknisk support<\/strong>: Gratis gennemgang og optimering af designfiler af eksperter<\/p>\n<\/li>\n<li>\n<p class=\"ds-markdown-paragraph\"><strong>Hurtig behandling<\/strong>1-3 dages indk\u00f8b af komponenter, hvilket fremskynder time-to-market<\/p>\n<\/li>\n<li>\n<p class=\"ds-markdown-paragraph\"><strong>Kvalitetssikring<\/strong>ISO-certificeret fabrik med strenge QC-processer<\/p>\n<\/li>\n<\/ol>\n<p class=\"ds-markdown-paragraph\"><em>&#8220;TopFast har reduceret vores styklisteomkostninger med 15 % og samtidig reduceret leveringstiden med 30 %.Deres team forst\u00e5r virkelig vores behov.&#8221;<\/em><span>\u00a0<\/span>- International producent af IoT-enheder<\/p>\n<h3><span class=\"ez-toc-section\" id=\"Industries_Served\"><\/span>Industrier, der betjenes<span class=\"ez-toc-section-end\"><\/span><\/h3>\n<p class=\"ds-markdown-paragraph\">Vores l\u00f8sninger driver applikationer i:<\/p>\n<ul>\n<li>\n<p class=\"ds-markdown-paragraph\">Str\u00f8mkonverteringssystemer (SMPS, DC-DC osv.)<\/p>\n<\/li>\n<li>\n<p class=\"ds-markdown-paragraph\">Tr\u00e5dl\u00f8se kommunikationsenheder<\/p>\n<\/li>\n<li>\n<p class=\"ds-markdown-paragraph\">Industrielle kontrolsystemer<\/p>\n<\/li>\n<li>\n<p class=\"ds-markdown-paragraph\">Medicinsk elektronik<\/p>\n<\/li>\n<li>\n<p class=\"ds-markdown-paragraph\">Elektronik til biler<\/p>\n<\/li>\n<li>\n<p class=\"ds-markdown-paragraph\">Smart home og IoT-produkter<\/p>\n<\/li>\n<\/ul>\n<h3><span class=\"ez-toc-section\" id=\"Start_Your_Project_Today\"><\/span>Start dit projekt i dag<span class=\"ez-toc-section-end\"><\/span><\/h3>\n<p class=\"ds-markdown-paragraph\">Bare 3 enkle trin:<\/p>\n<ol start=\"1\">\n<li>\n<p class=\"ds-markdown-paragraph\">Upload dine Gerber- og BOM-filer<\/p>\n<\/li>\n<li>\n<p class=\"ds-markdown-paragraph\">Modtag ekspertr\u00e5dgivning om optimering og et tilbud<\/p>\n<\/li>\n<li>\n<p class=\"ds-markdown-paragraph\">Bekr\u00e6ft din ordre - vi klarer resten<\/p>\n<\/li>\n<\/ol>\n<p class=\"ds-markdown-paragraph\">\ud83d\udce7 E-mail: <a href=\"https:\/\/mailto:op@topfastpcb.com\/\" target=\"_blank\" rel=\"noopener noreferrer\">op@topfastpcb.com<\/a><br \/>\n\ud83d\udcde Telefon: +86 139 2957 6863<br \/>\n\ud83d\udd52 24\/7 kundesupport<\/p>\n<p class=\"ds-markdown-paragraph\"><a target=\"_blank\" rel=\"noopener noreferrer\" href=\"https:\/\/www.topfastpcb.com\/da\/contact\/\">Upload filer for et tilbud p\u00e5 1 time<\/a><\/p>","protected":false},"excerpt":{"rendered":"<p>TopFast tilbyder globale kunder et komplet udvalg af tjenester fra indk\u00f8b af induktorer til n\u00f8glef\u00e6rdig PCB-montage.Vi arbejder med f\u00f8rende m\u00e6rker for at optimere dine BOM-omkostninger, sikre hurtig levering og garantere 100 % sporbarhed af kvaliteten. Uanset om du har brug for SMD-effektinduktorer, RF-drossler eller kompleks PCBA, kan vi yde professionel support.<\/p>","protected":false},"featured_media":3474,"comment_status":"closed","ping_status":"closed","template":"","meta":[],"product_brand":[],"product_cat":[217],"product_tag":[309],"class_list":{"0":"post-3473","1":"product","2":"type-product","3":"status-publish","4":"has-post-thumbnail","6":"product_cat-electronic-components","7":"product_tag-inductor","9":"first","10":"instock","11":"shipping-taxable","12":"product-type-simple"},"yoast_head":"<!-- This site is optimized with the Yoast SEO plugin v25.1 - https:\/\/yoast.com\/wordpress\/plugins\/seo\/ -->\n<title>Inductor - Topfastpcb<\/title>\n<meta name=\"description\" content=\"TopFast provides one-stop PCB manufacturing and inductor procurement services, including complete BOM component procurement, precision PCB assembly, and global supply chain support. Quick quotes and 24-hour response.\" \/>\n<meta name=\"robots\" content=\"index, follow, max-snippet:-1, max-image-preview:large, max-video-preview:-1\" \/>\n<link rel=\"canonical\" href=\"https:\/\/www.topfastpcb.com\/da\/products\/inductor\/\" \/>\n<meta property=\"og:locale\" content=\"da_DK\" \/>\n<meta property=\"og:type\" content=\"article\" \/>\n<meta property=\"og:title\" content=\"Inductor - Topfastpcb\" \/>\n<meta property=\"og:description\" content=\"TopFast provides one-stop PCB manufacturing and inductor procurement services, including complete BOM component procurement, precision PCB assembly, and global supply chain support. Quick quotes and 24-hour response.\" \/>\n<meta property=\"og:url\" content=\"https:\/\/www.topfastpcb.com\/da\/products\/inductor\/\" \/>\n<meta property=\"og:site_name\" content=\"Topfastpcb\" \/>\n<meta property=\"og:image\" content=\"https:\/\/www.topfastpcb.com\/wp-content\/uploads\/2025\/06\/inductor-1.jpg\" \/>\n\t<meta property=\"og:image:width\" content=\"750\" \/>\n\t<meta property=\"og:image:height\" content=\"750\" \/>\n\t<meta property=\"og:image:type\" content=\"image\/jpeg\" \/>\n<meta name=\"twitter:card\" content=\"summary_large_image\" \/>\n<meta name=\"twitter:label1\" content=\"Estimeret l\u00e6setid\" \/>\n\t<meta name=\"twitter:data1\" content=\"3 minutter\" \/>\n<script type=\"application\/ld+json\" class=\"yoast-schema-graph\">{\"@context\":\"https:\/\/schema.org\",\"@graph\":[{\"@type\":\"WebPage\",\"@id\":\"https:\/\/www.topfastpcb.com\/products\/inductor\/\",\"url\":\"https:\/\/www.topfastpcb.com\/products\/inductor\/\",\"name\":\"Inductor - Topfastpcb\",\"isPartOf\":{\"@id\":\"https:\/\/www.topfastpcb.com\/#website\"},\"primaryImageOfPage\":{\"@id\":\"https:\/\/www.topfastpcb.com\/products\/inductor\/#primaryimage\"},\"image\":{\"@id\":\"https:\/\/www.topfastpcb.com\/products\/inductor\/#primaryimage\"},\"thumbnailUrl\":\"https:\/\/www.topfastpcb.com\/wp-content\/uploads\/2025\/06\/inductor-1.jpg\",\"datePublished\":\"2025-06-27T00:26:18+00:00\",\"description\":\"TopFast provides one-stop PCB manufacturing and inductor procurement services, including complete BOM component procurement, precision PCB assembly, and global supply chain support. Quick quotes and 24-hour response.\",\"breadcrumb\":{\"@id\":\"https:\/\/www.topfastpcb.com\/products\/inductor\/#breadcrumb\"},\"inLanguage\":\"da-DK\",\"potentialAction\":[{\"@type\":\"ReadAction\",\"target\":[\"https:\/\/www.topfastpcb.com\/products\/inductor\/\"]}]},{\"@type\":\"ImageObject\",\"inLanguage\":\"da-DK\",\"@id\":\"https:\/\/www.topfastpcb.com\/products\/inductor\/#primaryimage\",\"url\":\"https:\/\/www.topfastpcb.com\/wp-content\/uploads\/2025\/06\/inductor-1.jpg\",\"contentUrl\":\"https:\/\/www.topfastpcb.com\/wp-content\/uploads\/2025\/06\/inductor-1.jpg\",\"width\":750,\"height\":750,\"caption\":\"inductor\"},{\"@type\":\"BreadcrumbList\",\"@id\":\"https:\/\/www.topfastpcb.com\/products\/inductor\/#breadcrumb\",\"itemListElement\":[{\"@type\":\"ListItem\",\"position\":1,\"name\":\"\u9996\u9875\",\"item\":\"https:\/\/www.topfastpcb.com\/\"},{\"@type\":\"ListItem\",\"position\":2,\"name\":\"\u5546\u5e97\",\"item\":\"https:\/\/www.topfastpcb.com\/shop\/\"},{\"@type\":\"ListItem\",\"position\":3,\"name\":\"Inductor\"}]},{\"@type\":\"WebSite\",\"@id\":\"https:\/\/www.topfastpcb.com\/#website\",\"url\":\"https:\/\/www.topfastpcb.com\/\",\"name\":\"Topfastpcb\",\"description\":\"Topfast Prime Choice for Global Electronics Manufacturing\",\"publisher\":{\"@id\":\"https:\/\/www.topfastpcb.com\/#organization\"},\"potentialAction\":[{\"@type\":\"SearchAction\",\"target\":{\"@type\":\"EntryPoint\",\"urlTemplate\":\"https:\/\/www.topfastpcb.com\/?s={search_term_string}\"},\"query-input\":{\"@type\":\"PropertyValueSpecification\",\"valueRequired\":true,\"valueName\":\"search_term_string\"}}],\"inLanguage\":\"da-DK\"},{\"@type\":\"Organization\",\"@id\":\"https:\/\/www.topfastpcb.com\/#organization\",\"name\":\"Topfastpcb\",\"url\":\"https:\/\/www.topfastpcb.com\/\",\"logo\":{\"@type\":\"ImageObject\",\"inLanguage\":\"da-DK\",\"@id\":\"https:\/\/www.topfastpcb.com\/#\/schema\/logo\/image\/\",\"url\":\"https:\/\/www.topfastpcb.com\/wp-content\/uploads\/2026\/02\/cropped-topfast-logo.png\",\"contentUrl\":\"https:\/\/www.topfastpcb.com\/wp-content\/uploads\/2026\/02\/cropped-topfast-logo.png\",\"width\":144,\"height\":56,\"caption\":\"Topfastpcb\"},\"image\":{\"@id\":\"https:\/\/www.topfastpcb.com\/#\/schema\/logo\/image\/\"}}]}<\/script>\n<!-- \/ Yoast SEO plugin. -->","yoast_head_json":{"title":"Inductor - Topfastpcb","description":"TopFast provides one-stop PCB manufacturing and inductor procurement services, including complete BOM component procurement, precision PCB assembly, and global supply chain support. Quick quotes and 24-hour response.","robots":{"index":"index","follow":"follow","max-snippet":"max-snippet:-1","max-image-preview":"max-image-preview:large","max-video-preview":"max-video-preview:-1"},"canonical":"https:\/\/www.topfastpcb.com\/da\/products\/inductor\/","og_locale":"da_DK","og_type":"article","og_title":"Inductor - Topfastpcb","og_description":"TopFast provides one-stop PCB manufacturing and inductor procurement services, including complete BOM component procurement, precision PCB assembly, and global supply chain support. Quick quotes and 24-hour response.","og_url":"https:\/\/www.topfastpcb.com\/da\/products\/inductor\/","og_site_name":"Topfastpcb","og_image":[{"width":750,"height":750,"url":"https:\/\/www.topfastpcb.com\/wp-content\/uploads\/2025\/06\/inductor-1.jpg","type":"image\/jpeg"}],"twitter_card":"summary_large_image","twitter_misc":{"Estimeret l\u00e6setid":"3 minutter"},"schema":{"@context":"https:\/\/schema.org","@graph":[{"@type":"WebPage","@id":"https:\/\/www.topfastpcb.com\/products\/inductor\/","url":"https:\/\/www.topfastpcb.com\/products\/inductor\/","name":"Inductor - Topfastpcb","isPartOf":{"@id":"https:\/\/www.topfastpcb.com\/#website"},"primaryImageOfPage":{"@id":"https:\/\/www.topfastpcb.com\/products\/inductor\/#primaryimage"},"image":{"@id":"https:\/\/www.topfastpcb.com\/products\/inductor\/#primaryimage"},"thumbnailUrl":"https:\/\/www.topfastpcb.com\/wp-content\/uploads\/2025\/06\/inductor-1.jpg","datePublished":"2025-06-27T00:26:18+00:00","description":"TopFast provides one-stop PCB manufacturing and inductor procurement services, including complete BOM component procurement, precision PCB assembly, and global supply chain support. Quick quotes and 24-hour response.","breadcrumb":{"@id":"https:\/\/www.topfastpcb.com\/products\/inductor\/#breadcrumb"},"inLanguage":"da-DK","potentialAction":[{"@type":"ReadAction","target":["https:\/\/www.topfastpcb.com\/products\/inductor\/"]}]},{"@type":"ImageObject","inLanguage":"da-DK","@id":"https:\/\/www.topfastpcb.com\/products\/inductor\/#primaryimage","url":"https:\/\/www.topfastpcb.com\/wp-content\/uploads\/2025\/06\/inductor-1.jpg","contentUrl":"https:\/\/www.topfastpcb.com\/wp-content\/uploads\/2025\/06\/inductor-1.jpg","width":750,"height":750,"caption":"inductor"},{"@type":"BreadcrumbList","@id":"https:\/\/www.topfastpcb.com\/products\/inductor\/#breadcrumb","itemListElement":[{"@type":"ListItem","position":1,"name":"\u9996\u9875","item":"https:\/\/www.topfastpcb.com\/"},{"@type":"ListItem","position":2,"name":"\u5546\u5e97","item":"https:\/\/www.topfastpcb.com\/shop\/"},{"@type":"ListItem","position":3,"name":"Inductor"}]},{"@type":"WebSite","@id":"https:\/\/www.topfastpcb.com\/#website","url":"https:\/\/www.topfastpcb.com\/","name":"Topfastpcb","description":"Topfast Prime Choice for Global Electronics Manufacturing","publisher":{"@id":"https:\/\/www.topfastpcb.com\/#organization"},"potentialAction":[{"@type":"SearchAction","target":{"@type":"EntryPoint","urlTemplate":"https:\/\/www.topfastpcb.com\/?s={search_term_string}"},"query-input":{"@type":"PropertyValueSpecification","valueRequired":true,"valueName":"search_term_string"}}],"inLanguage":"da-DK"},{"@type":"Organization","@id":"https:\/\/www.topfastpcb.com\/#organization","name":"Topfastpcb","url":"https:\/\/www.topfastpcb.com\/","logo":{"@type":"ImageObject","inLanguage":"da-DK","@id":"https:\/\/www.topfastpcb.com\/#\/schema\/logo\/image\/","url":"https:\/\/www.topfastpcb.com\/wp-content\/uploads\/2026\/02\/cropped-topfast-logo.png","contentUrl":"https:\/\/www.topfastpcb.com\/wp-content\/uploads\/2026\/02\/cropped-topfast-logo.png","width":144,"height":56,"caption":"Topfastpcb"},"image":{"@id":"https:\/\/www.topfastpcb.com\/#\/schema\/logo\/image\/"}}]}},"_links":{"self":[{"href":"https:\/\/www.topfastpcb.com\/da\/wp-json\/wp\/v2\/product\/3473","targetHints":{"allow":["GET"]}}],"collection":[{"href":"https:\/\/www.topfastpcb.com\/da\/wp-json\/wp\/v2\/product"}],"about":[{"href":"https:\/\/www.topfastpcb.com\/da\/wp-json\/wp\/v2\/types\/product"}],"replies":[{"embeddable":true,"href":"https:\/\/www.topfastpcb.com\/da\/wp-json\/wp\/v2\/comments?post=3473"}],"wp:featuredmedia":[{"embeddable":true,"href":"https:\/\/www.topfastpcb.com\/da\/wp-json\/wp\/v2\/media\/3474"}],"wp:attachment":[{"href":"https:\/\/www.topfastpcb.com\/da\/wp-json\/wp\/v2\/media?parent=3473"}],"wp:term":[{"taxonomy":"product_brand","embeddable":true,"href":"https:\/\/www.topfastpcb.com\/da\/wp-json\/wp\/v2\/product_brand?post=3473"},{"taxonomy":"product_cat","embeddable":true,"href":"https:\/\/www.topfastpcb.com\/da\/wp-json\/wp\/v2\/product_cat?post=3473"},{"taxonomy":"product_tag","embeddable":true,"href":"https:\/\/www.topfastpcb.com\/da\/wp-json\/wp\/v2\/product_tag?post=3473"}],"curies":[{"name":"wp","href":"https:\/\/api.w.org\/{rel}","templated":true}]}}