{"id":3,"date":"2025-03-26T11:47:51","date_gmt":"2025-03-26T11:47:51","guid":{"rendered":"http:\/\/topfastpcbb.ru\/?page_id=3"},"modified":"2025-12-09T20:47:30","modified_gmt":"2025-12-09T12:47:30","slug":"privacy-policy","status":"publish","type":"page","link":"https:\/\/www.topfastpcb.com\/de\/privacy-policy\/","title":{"rendered":"Datenschutzerkl\u00e4rung"},"content":{"rendered":"<p>Diese Website legt gro\u00dfen Wert auf den Schutz der Privatsph\u00e4re des Benutzers und h\u00e4lt sich streng an die einschl\u00e4gigen Gesetze und Vorschriften. Wenn Sie unsere Dienste weiterhin nutzen, bedeutet dies, dass Sie den gesamten Inhalt dieser Vereinbarung vollst\u00e4ndig gelesen und verstanden haben.<br>Diese Website respektiert und sch\u00fctzt die Privatsph\u00e4re aller Nutzer dieses Dienstes.Um Ihnen einen genaueren und individuelleren Service zu bieten, wird die Website Ihre pers\u00f6nlichen Daten in \u00dcbereinstimmung mit dieser Datenschutzrichtlinie verwenden und weitergeben.Sofern in dieser Datenschutzrichtlinie nicht anders angegeben, wird die Site diese Informationen nicht ohne Ihre vorherige Zustimmung an Dritte weitergeben oder zur Verf\u00fcgung stellen. Die Website kann diese Datenschutzrichtlinie von Zeit zu Zeit aktualisieren. Es wird davon ausgegangen, dass Sie dieser Datenschutzrichtlinie in ihrer Gesamtheit zustimmen, wenn Sie unserer Vereinbarung zur Nutzung der Dienste zustimmen. Diese Datenschutzrichtlinie ist ein wesentlicher Bestandteil unserer Vereinbarung zur Nutzung der Dienste.<\/p><ol class=\"wp-block-list\"><li><strong>Umfang der Anwendung<\/strong><br>a) Wenn Sie sich f\u00fcr ein Konto auf dieser Website registrieren, geben Sie Ihre pers\u00f6nlichen Registrierungsdaten in \u00dcbereinstimmung mit den Anforderungen dieser Website an;<br>b) Wenn Sie die Netzwerkdienste der Website nutzen oder die Webseiten der Website besuchen, empf\u00e4ngt und speichert die Website automatisch Informationen \u00fcber Ihren Browser und Computer, einschlie\u00dflich, aber nicht beschr\u00e4nkt auf Ihre IP-Adresse, Browsertyp, Sprache, Zugriffsdatum und -zeit, Hardware- und Softwareeigenschaften von Informationen und Aufzeichnungen der von Ihnen ben\u00f6tigten Webseiten; c) Die Website wird Sie \u00fcber alle \u00c4nderungen Ihrer IP-Adresse, des Browsertyps, der Sprache, des Zugriffsdatums und der -zeit und der von Ihnen ben\u00f6tigten Informationen benachrichtigen. geforderten Webseitenaufzeichnungen, etc;<br>c) personenbezogene Daten von Nutzern, die diese Website von Gesch\u00e4ftspartnern mit rechtm\u00e4\u00dfigen Mitteln erhalten hat.<br>d) Auf dieser Website ist es Benutzern strengstens untersagt, anst\u00f6\u00dfige Informationen wie Nacktheit, Pornografie, Blasphemie usw. zu ver\u00f6ffentlichen. Wir werden den Inhalt des Beitrags \u00fcberpr\u00fcfen, und sobald die anst\u00f6\u00dfigen Informationen gefunden werden, werden alle Privilegien des Benutzers deaktiviert.<br>Sie verstehen und stimmen zu, dass die folgenden Informationen nicht f\u00fcr diese Datenschutzrichtlinie gelten:<br>a) die Angaben zu den Schl\u00fcsselw\u00f6rtern, die Sie eingeben, wenn Sie die von unserer Plattform angebotenen Suchdienste nutzen;<br>b) diese Website sammelt die von Ihnen freigegebenen relevanten Informationen und Daten, einschlie\u00dflich, aber nicht beschr\u00e4nkt auf, die Teilnahme an Aktivit\u00e4ten, Transaktionsinformationen und Bewertungsdetails;<br>c) ein Versto\u00df gegen die Gesetze oder Regeln und die Website wurde gegen Sie getroffen.<\/li><\/ol><ol start=\"2\" class=\"wp-block-list\"><li><strong>Verwendung von Informationen<\/strong><br>a) Diese Website wird nicht zur Verf\u00fcgung stellen, zu verkaufen, zu vermieten, zu teilen oder den Handel mit Ihren pers\u00f6nlichen Informationen zu einem nicht verwandten Dritten, es sei denn, Sie haben Ihre vorherige Zustimmung, oder die dritte Partei und diese Website (einschlie\u00dflich dieser Website &#8217;s Tochtergesellschaften), um Dienstleistungen f\u00fcr Sie einzeln oder gemeinsam, und nach dem Ende des Dienstes, werden sie verboten werden, den Zugang zu den Informationen, einschlie\u00dflich aller Informationen, die sie hatten Zugang zu.<br>b) Diese Website erlaubt es Dritten auch nicht, Ihre pers\u00f6nlichen Daten zu sammeln, zu bearbeiten, zu verkaufen oder zu verbreiten, ohne daf\u00fcr eine Verg\u00fctung zu erhalten. Wenn ein Nutzer der Plattform dieser Website in den oben genannten Aktivit\u00e4ten engagiert, hat diese Website das Recht, die Service-Vereinbarung mit dem Benutzer sofort nach Entdeckung zu beenden.<br>c) Um den Nutzern zu dienen, kann die Website Ihre pers\u00f6nlichen Daten verwenden, um Ihnen Informationen zukommen zu lassen, die f\u00fcr Sie von Interesse sind, einschlie\u00dflich, aber nicht beschr\u00e4nkt auf die Zusendung von Informationen \u00fcber Produkte und Dienstleistungen, oder die Weitergabe von Informationen an unsere Partner, damit diese Ihnen Informationen \u00fcber ihre Produkte und Dienstleistungen zusenden k\u00f6nnen (letzteres erfordert Ihre vorherige Zustimmung).<\/li>\n\n<li><strong>Offenlegung von Informationen<\/strong><br>Unter den folgenden Umst\u00e4nden wird diese Website Ihre pers\u00f6nlichen Daten ganz oder teilweise entsprechend Ihren pers\u00f6nlichen W\u00fcnschen oder den gesetzlichen Bestimmungen weitergeben:<br>a) an einen Dritten mit Ihrer vorherigen Zustimmung;<br>b) Um Ihnen die von Ihnen ben\u00f6tigten Produkte und Dienstleistungen anbieten zu k\u00f6nnen, muss diese Website Ihre pers\u00f6nlichen Daten an Dritte weitergeben;<br>c) in \u00dcbereinstimmung mit den einschl\u00e4gigen gesetzlichen Bestimmungen oder auf Ersuchen der Verwaltungs- oder Gerichtsorgane an Dritte oder an Verwaltungs- oder Gerichtsorgane;<br>d) Wenn Sie gegen die einschl\u00e4gigen Gesetze und Vorschriften oder die Dienstleistungsvereinbarung oder die einschl\u00e4gigen Regeln dieser Website versto\u00dfen, ist es notwendig, dies einem Dritten mitzuteilen;<br>e) Wenn Sie ein berechtigter Beschwerdef\u00fchrer im Bereich der Rechte des geistigen Eigentums sind und eine Beschwerde eingereicht haben, wird diese Website sie dem Beklagten auf dessen Wunsch hin offenlegen, damit die beiden Parteien den m\u00f6glichen Rechtsstreit austragen k\u00f6nnen;<br>f) In einer bestimmten Transaktion auf der Plattform dieser Website erstellt, wenn eine der Parteien der Transaktion erf\u00fcllt oder teilweise erf\u00fcllt die Verpflichtungen der Transaktion und legt die Informationen teilweise erf\u00fcllen die Verpflichtungen der Transaktion und legte einen Antrag auf Offenlegung von Informationen, hat diese Website das Recht zu entscheiden, den Benutzer mit den Kontaktdaten der anderen Partei der Transaktion und andere notwendige Informationen, um den Abschluss der Transaktion oder die L\u00f6sung von Streitigkeiten zu erleichtern.<br>g) Andere Offenlegungen, die diese Website gem\u00e4\u00df Gesetzen, Vorschriften oder Website-Richtlinien f\u00fcr angemessen h\u00e4lt.<\/li>\n\n<li><strong>Speicherung und Austausch von Informationen<\/strong><br>Die von dieser Website gesammelten Informationen und Materialien \u00fcber Sie werden auf den Servern dieser Website und (oder) ihrer verbundenen Unternehmen gespeichert, und diese Informationen und Materialien k\u00f6nnen in das Land oder die Region \u00fcbertragen werden, in der Sie sich befinden, oder au\u00dferhalb des Ortes, an dem diese Website die Informationen und Materialien sammelt, und au\u00dferhalb des Landes abgerufen, gespeichert und angezeigt werden.<\/li>\n\n<li><strong>Verwendung von Cookies<\/strong><br>a) Wenn Sie Cookies nicht abgelehnt haben, werden wir unsere Website auf Ihrem Computer einrichten oder darauf zugreifen, damit Sie sich anmelden oder die Dienste oder Funktionen unserer Plattform nutzen k\u00f6nnen, die auf Cookies angewiesen sind. Die Verwendung von Cookies erm\u00f6glicht es uns, Ihnen durchdachtere und pers\u00f6nlichere Dienste anzubieten, einschlie\u00dflich Werbedienste.<br>b) Sie haben das Recht, Cookies zu akzeptieren oder abzulehnen. Sie k\u00f6nnen Cookies ablehnen, indem Sie die Einstellungen Ihres Browsers \u00e4ndern. Wenn Sie sich jedoch daf\u00fcr entscheiden, Cookies abzulehnen, k\u00f6nnen Sie sich m\u00f6glicherweise nicht anmelden oder unsere Webdienste oder Funktionen, die auf Cookies beruhen, nicht nutzen.<br>c) Diese Richtlinie gilt f\u00fcr Informationen, die durch von dieser Website gesetzte Cookies gewonnen werden.<\/li>\n\n<li><strong>Informationssicherheit<\/strong><br>a) Das Konto dieser Website verf\u00fcgt \u00fcber eine Sicherheitsfunktion, bitte bewahren Sie Ihren Benutzernamen und Ihr Passwort sorgf\u00e4ltig auf. Diese Website wird durch das Benutzer-Passwort und andere Sicherheitsma\u00dfnahmen verschl\u00fcsselt werden, um sicherzustellen, dass Ihre Daten nicht verloren gehen, nicht missbraucht oder ver\u00e4ndert werden. Trotz der oben genannten Sicherheitsma\u00dfnahmen, beachten Sie bitte, dass es keine \"perfekte Sicherheitsma\u00dfnahmen\" auf dem Informationsnetz.<br>b) Wenn Sie die Netzdienste der Website f\u00fcr Online-Transaktionen nutzen, m\u00fcssen Sie der Gegenpartei oder der potenziellen Gegenpartei zwangsl\u00e4ufig Ihre pers\u00f6nlichen Daten mitteilen, z. B. Kontaktinformationen oder Postanschrift.Bitte sch\u00fctzen Sie Ihre pers\u00f6nlichen Daten ordnungsgem\u00e4\u00df und geben Sie sie nur dann weiter, wenn es notwendig ist.Sollten Sie feststellen, dass Ihre pers\u00f6nlichen Daten, insbesondere unser Benutzername und Passwort, in falsche H\u00e4nde geraten sind, wenden Sie sich bitte unverz\u00fcglich an unseren Kundendienst, damit wir geeignete Ma\u00dfnahmen ergreifen k\u00f6nnen.<\/li><\/ol>","protected":false},"excerpt":{"rendered":"<p>Diese Website legt gro\u00dfen Wert auf den Schutz der Privatsph\u00e4re des Benutzers und h\u00e4lt sich streng an die einschl\u00e4gigen Gesetze und Vorschriften.Bevor Sie die Dienste dieser Website weiter nutzen, lesen Sie bitte diese Datenschutzrichtlinie. Wenn Sie unsere Dienste weiterhin nutzen, bedeutet dies, dass Sie den gesamten Inhalt dieser Vereinbarung vollst\u00e4ndig gelesen und verstanden haben.diese [&hellip;]<\/p>","protected":false},"author":1,"featured_media":0,"parent":0,"menu_order":0,"comment_status":"closed","ping_status":"closed","template":"page-templates\/privacy-policy.php","meta":{"footnotes":""},"class_list":["post-3","page","type-page","status-publish","hentry"],"yoast_head":"<!-- This site is optimized with the Yoast SEO plugin v25.1 - https:\/\/yoast.com\/wordpress\/plugins\/seo\/ -->\n<title>Privacy Policy-Topfast<\/title>\n<meta name=\"description\" content=\"This site attaches great importance to the user&#039;s privacy policy, and strictly abide by relevant laws and regulations. Before you continue to use the services of this site, please read this privacy policy.\" \/>\n<meta name=\"robots\" content=\"index, follow, max-snippet:-1, max-image-preview:large, max-video-preview:-1\" \/>\n<link rel=\"canonical\" href=\"https:\/\/www.topfastpcb.com\/de\/privacy-policy\/\" \/>\n<meta property=\"og:locale\" content=\"de_DE\" \/>\n<meta property=\"og:type\" content=\"article\" \/>\n<meta property=\"og:title\" content=\"Privacy Policy-Topfast\" \/>\n<meta property=\"og:description\" content=\"This site attaches great importance to the user&#039;s privacy policy, and strictly abide by relevant laws and regulations. Before you continue to use the services of this site, please read this privacy policy.\" \/>\n<meta property=\"og:url\" content=\"https:\/\/www.topfastpcb.com\/de\/privacy-policy\/\" \/>\n<meta property=\"og:site_name\" content=\"Topfastpcb\" \/>\n<meta property=\"article:modified_time\" content=\"2025-12-09T12:47:30+00:00\" \/>\n<meta name=\"twitter:card\" content=\"summary_large_image\" \/>\n<meta name=\"twitter:label1\" content=\"Gesch\u00e4tzte Lesezeit\" \/>\n\t<meta name=\"twitter:data1\" content=\"7\u00a0Minuten\" \/>\n<script type=\"application\/ld+json\" class=\"yoast-schema-graph\">{\"@context\":\"https:\/\/schema.org\",\"@graph\":[{\"@type\":\"WebPage\",\"@id\":\"https:\/\/www.topfastpcb.com\/privacy-policy\/\",\"url\":\"https:\/\/www.topfastpcb.com\/privacy-policy\/\",\"name\":\"Privacy Policy-Topfast\",\"isPartOf\":{\"@id\":\"https:\/\/www.topfastpcb.com\/#website\"},\"datePublished\":\"2025-03-26T11:47:51+00:00\",\"dateModified\":\"2025-12-09T12:47:30+00:00\",\"description\":\"This site attaches great importance to the user's privacy policy, and strictly abide by relevant laws and regulations. Before you continue to use the services of this site, please read this privacy policy.\",\"breadcrumb\":{\"@id\":\"https:\/\/www.topfastpcb.com\/privacy-policy\/#breadcrumb\"},\"inLanguage\":\"de\",\"potentialAction\":[{\"@type\":\"ReadAction\",\"target\":[\"https:\/\/www.topfastpcb.com\/privacy-policy\/\"]}]},{\"@type\":\"BreadcrumbList\",\"@id\":\"https:\/\/www.topfastpcb.com\/privacy-policy\/#breadcrumb\",\"itemListElement\":[{\"@type\":\"ListItem\",\"position\":1,\"name\":\"\u9996\u9875\",\"item\":\"https:\/\/www.topfastpcb.com\/\"},{\"@type\":\"ListItem\",\"position\":2,\"name\":\"Privacy Policy\"}]},{\"@type\":\"WebSite\",\"@id\":\"https:\/\/www.topfastpcb.com\/#website\",\"url\":\"https:\/\/www.topfastpcb.com\/\",\"name\":\"Topfastpcb\",\"description\":\"Topfast Prime Choice for Global Electronics Manufacturing\",\"publisher\":{\"@id\":\"https:\/\/www.topfastpcb.com\/#organization\"},\"potentialAction\":[{\"@type\":\"SearchAction\",\"target\":{\"@type\":\"EntryPoint\",\"urlTemplate\":\"https:\/\/www.topfastpcb.com\/?s={search_term_string}\"},\"query-input\":{\"@type\":\"PropertyValueSpecification\",\"valueRequired\":true,\"valueName\":\"search_term_string\"}}],\"inLanguage\":\"de\"},{\"@type\":\"Organization\",\"@id\":\"https:\/\/www.topfastpcb.com\/#organization\",\"name\":\"Topfastpcb\",\"url\":\"https:\/\/www.topfastpcb.com\/\",\"logo\":{\"@type\":\"ImageObject\",\"inLanguage\":\"de\",\"@id\":\"https:\/\/www.topfastpcb.com\/#\/schema\/logo\/image\/\",\"url\":\"https:\/\/www.topfastpcb.com\/wp-content\/uploads\/2026\/02\/cropped-topfast-logo.png\",\"contentUrl\":\"https:\/\/www.topfastpcb.com\/wp-content\/uploads\/2026\/02\/cropped-topfast-logo.png\",\"width\":144,\"height\":56,\"caption\":\"Topfastpcb\"},\"image\":{\"@id\":\"https:\/\/www.topfastpcb.com\/#\/schema\/logo\/image\/\"}}]}<\/script>\n<!-- \/ Yoast SEO plugin. -->","yoast_head_json":{"title":"Privacy Policy-Topfast","description":"This site attaches great importance to the user's privacy policy, and strictly abide by relevant laws and regulations. Before you continue to use the services of this site, please read this privacy policy.","robots":{"index":"index","follow":"follow","max-snippet":"max-snippet:-1","max-image-preview":"max-image-preview:large","max-video-preview":"max-video-preview:-1"},"canonical":"https:\/\/www.topfastpcb.com\/de\/privacy-policy\/","og_locale":"de_DE","og_type":"article","og_title":"Privacy Policy-Topfast","og_description":"This site attaches great importance to the user's privacy policy, and strictly abide by relevant laws and regulations. Before you continue to use the services of this site, please read this privacy policy.","og_url":"https:\/\/www.topfastpcb.com\/de\/privacy-policy\/","og_site_name":"Topfastpcb","article_modified_time":"2025-12-09T12:47:30+00:00","twitter_card":"summary_large_image","twitter_misc":{"Gesch\u00e4tzte Lesezeit":"7\u00a0Minuten"},"schema":{"@context":"https:\/\/schema.org","@graph":[{"@type":"WebPage","@id":"https:\/\/www.topfastpcb.com\/privacy-policy\/","url":"https:\/\/www.topfastpcb.com\/privacy-policy\/","name":"Privacy Policy-Topfast","isPartOf":{"@id":"https:\/\/www.topfastpcb.com\/#website"},"datePublished":"2025-03-26T11:47:51+00:00","dateModified":"2025-12-09T12:47:30+00:00","description":"This site attaches great importance to the user's privacy policy, and strictly abide by relevant laws and regulations. Before you continue to use the services of this site, please read this privacy policy.","breadcrumb":{"@id":"https:\/\/www.topfastpcb.com\/privacy-policy\/#breadcrumb"},"inLanguage":"de","potentialAction":[{"@type":"ReadAction","target":["https:\/\/www.topfastpcb.com\/privacy-policy\/"]}]},{"@type":"BreadcrumbList","@id":"https:\/\/www.topfastpcb.com\/privacy-policy\/#breadcrumb","itemListElement":[{"@type":"ListItem","position":1,"name":"\u9996\u9875","item":"https:\/\/www.topfastpcb.com\/"},{"@type":"ListItem","position":2,"name":"Privacy Policy"}]},{"@type":"WebSite","@id":"https:\/\/www.topfastpcb.com\/#website","url":"https:\/\/www.topfastpcb.com\/","name":"Topfastpcb","description":"Topfast Prime Choice for Global Electronics Manufacturing","publisher":{"@id":"https:\/\/www.topfastpcb.com\/#organization"},"potentialAction":[{"@type":"SearchAction","target":{"@type":"EntryPoint","urlTemplate":"https:\/\/www.topfastpcb.com\/?s={search_term_string}"},"query-input":{"@type":"PropertyValueSpecification","valueRequired":true,"valueName":"search_term_string"}}],"inLanguage":"de"},{"@type":"Organization","@id":"https:\/\/www.topfastpcb.com\/#organization","name":"Topfastpcb","url":"https:\/\/www.topfastpcb.com\/","logo":{"@type":"ImageObject","inLanguage":"de","@id":"https:\/\/www.topfastpcb.com\/#\/schema\/logo\/image\/","url":"https:\/\/www.topfastpcb.com\/wp-content\/uploads\/2026\/02\/cropped-topfast-logo.png","contentUrl":"https:\/\/www.topfastpcb.com\/wp-content\/uploads\/2026\/02\/cropped-topfast-logo.png","width":144,"height":56,"caption":"Topfastpcb"},"image":{"@id":"https:\/\/www.topfastpcb.com\/#\/schema\/logo\/image\/"}}]}},"_links":{"self":[{"href":"https:\/\/www.topfastpcb.com\/de\/wp-json\/wp\/v2\/pages\/3","targetHints":{"allow":["GET"]}}],"collection":[{"href":"https:\/\/www.topfastpcb.com\/de\/wp-json\/wp\/v2\/pages"}],"about":[{"href":"https:\/\/www.topfastpcb.com\/de\/wp-json\/wp\/v2\/types\/page"}],"author":[{"embeddable":true,"href":"https:\/\/www.topfastpcb.com\/de\/wp-json\/wp\/v2\/users\/1"}],"replies":[{"embeddable":true,"href":"https:\/\/www.topfastpcb.com\/de\/wp-json\/wp\/v2\/comments?post=3"}],"version-history":[{"count":1,"href":"https:\/\/www.topfastpcb.com\/de\/wp-json\/wp\/v2\/pages\/3\/revisions"}],"predecessor-version":[{"id":1897,"href":"https:\/\/www.topfastpcb.com\/de\/wp-json\/wp\/v2\/pages\/3\/revisions\/1897"}],"wp:attachment":[{"href":"https:\/\/www.topfastpcb.com\/de\/wp-json\/wp\/v2\/media?parent=3"}],"curies":[{"name":"wp","href":"https:\/\/api.w.org\/{rel}","templated":true}]}}