{"id":365,"date":"2025-03-28T03:04:19","date_gmt":"2025-03-28T03:04:19","guid":{"rendered":"http:\/\/topfastpcbb.ru\/about-two\/"},"modified":"2025-12-03T11:56:55","modified_gmt":"2025-12-03T03:56:55","slug":"about","status":"publish","type":"page","link":"https:\/\/www.topfastpcb.com\/de\/about\/","title":{"rendered":"\u00dcber"},"content":{"rendered":"<h2>Schneller sein besser sein - Topfast<\/h2>\n<p>        <img decoding=\"async\" src=\"https:\/\/www.topfastpcb.com\/wp-content\/uploads\/2025\/04\/4%E6%9C%8817%E6%97%A51-%E5%B0%81%E9%9D%A2-1.jpg\" alt=\"Topfast Electronics Produktionsst\u00e4tte\"><br \/>\n        Topfast wurde 2008 gegr\u00fcndet und ist die erste Wahl f\u00fcr die globale Elektronikfertigung. Als f\u00fchrender Leiterplattenhersteller mit 17 Jahren Erfahrung in den Bereichen Design, Fertigung und Montage haben wir uns auf Rapid Prototyping und Kleinserienfertigung spezialisiert.<br \/>\n          Wir besch\u00e4ftigen mehr als <strong>1.000 Fachleute<\/strong> in unserem <strong>30.000 m\u00b2 gro\u00dfe Anlage<\/strong>und bedient globale Innovatoren wie Huawei, Xiaomi, Rakuten, Thales Group, Mitsubishi, DJI UAV und Hikvision.<br \/>\n        Topfast ist auf dem Markt f\u00fcr seine au\u00dfergew\u00f6hnliche Qualit\u00e4t und p\u00fcnktliche Lieferung bekannt. Als zuverl\u00e4ssiger PCB-Partner, der sich f\u00fcr \"hohe Qualit\u00e4t\" und \"schnelle Lieferung\" einsetzt, konzentrieren wir uns weiterhin auf die Kundenzufriedenheit.<\/p>\n<h3>Unser Fachwissen<\/h3>\n<p>          HDI-Tafeln<br \/>\n          Dickes Kupferbrettchen<br \/>\n          Backplane-Platinen<br \/>\n          Halbleiter-Testplatinen<br \/>\n          Hochfrequenztafeln<br \/>\n          Hochgeschwindigkeitstafeln<br \/>\n          Rigid-Flex-Platten<br \/>\n        <!-- Inquiry Buttons Section --><br \/>\n          <a href=\"#\" rel=\"nofollow\">Angebot anfordern<\/a><br \/>\n          <a href=\"#\" rel=\"nofollow\">Technische Anfrage<\/a><br \/>\n            17+<br \/>\n            Jahre Erfahrung<br \/>\n            1K+<br \/>\n            Mitarbeiter<br \/>\n            30K<br \/>\n            Quadratmeter<br \/>\n            100%<br \/>\n            Zertifiziert<\/p>\n<h3>Globale Kunden<\/h3>\n<p>          Huawei<br \/>\n          Xiaomi<br \/>\n          Rakuten<br \/>\n          Thales-Gruppe<br \/>\n          Mitsubishi<br \/>\n          DJI-DROHNE<br \/>\n          Hikvision<br \/>\n          IoT-F\u00fchrer<\/p>\n<h3>Zertifizierungen<\/h3>\n<p>        Alle Produkte entsprechen den IPC-Normen und sind nach UL, ROHS und ISO9001 zertifiziert.<\/p>\n<h3>Anwendungen<\/h3>\n<p>        Kommunikation, medizinische Ger\u00e4te, industrielle Steuerung, Stromversorgung, Unterhaltungselektronik, Luft- und Raumfahrt, Automobilbau<br \/>\n        <!-- Additional Inquiry Button --><br \/>\n          <a href=\"#\" rel=\"nofollow\">Kostenlose Muster anfordern<\/a><\/p>\n<h3>Unser Engagement<\/h3>\n<p>Unser Motto lautet: \"Der Kunde steht an erster Stelle, die Qualit\u00e4t an erster Stelle\". Unsere erfahrenen Techniker (mit mehr als 20 Jahren Erfahrung) bieten Designberatung und technische Unterst\u00fctzung. Wir investieren kontinuierlich in neue Ger\u00e4te und Technologien, um die Qualit\u00e4t der Leiterplatten zu gew\u00e4hrleisten.<\/p>\n<p>        <a href=\"#\" rel=\"nofollow\">Unser Leistungsspektrum anzeigen<\/a><br \/>\n          Mission<\/p>\n<p>Erfolgreiche Mitarbeiter, begeisterte Kunden und Unterst\u00fctzung f\u00fcr die chinesische intelligente Fertigung weltweit.<\/p>\n<p>          Vision<\/p>\n<p>Werden Sie zu einem hundertj\u00e4hrigen Unternehmen f\u00fcr intelligente Elektroniktechnologie mit zufriedenen Mitarbeitern und gesch\u00e4tzten Kunden.<\/p>\n<p>          Grundwerte<\/p>\n<p>Kundenorientierung Technologief\u00fchrerschaft Streben nach Ehrlichkeit und Gegenseitigkeit.<\/p>\n<h2>Alle Produkte<\/h2>\n<h6>Bereitstellung von PCB- und PCBA-Prototypen und Montageplatinen<\/h6>\n<p>        <!-- \u4ea7\u54c1\u98791 --><br \/>\n          <a href=\"https:\/\/www.topfastpcb.com\/de\/products\/high-speed-pcb\/\"><\/p>\n<h3>Hochgeschwindigkeits-Leiterplatte<\/h3>\n<p>          <\/a><br \/>\n        <!-- \u4ea7\u54c1\u98792 --><br \/>\n          <a href=\"https:\/\/www.topfastpcb.com\/de\/products\/deep-ultraviolet-duv-purifier-pcbs\/\"><\/p>\n<h3>Keramik-Leiterplatte<\/h3>\n<p>          <\/a><br \/>\n        <!-- \u4ea7\u54c1\u98793 --><br \/>\n          <a href=\"https:\/\/www.topfastpcb.com\/de\/products\/double-sided-flexible-pcb\/\"><\/p>\n<h3>Flexible Leiterplatte<\/h3>\n<p>          <\/a><br \/>\n        <!-- \u4ea7\u54c1\u98794 --><br \/>\n          <a href=\"https:\/\/www.topfastpcb.com\/de\/products\/consumer-electronics-pcba\/\"><\/p>\n<h3>Unterhaltungselektronik PCBA<\/h3>\n<p>          <\/a><br \/>\n        <!-- \u4ea7\u54c1\u98795 --><br \/>\n          <a href=\"https:\/\/www.topfastpcb.com\/de\/products\/metal-stiffener-rigid-flex-pcb\/\"><\/p>\n<h3>Starr-Flex-Leiterplatte<\/h3>\n<p>          <\/a><br \/>\n        <!-- \u4ea7\u54c1\u98796 --><br \/>\n          <a href=\"https:\/\/www.topfastpcb.com\/de\/products\/pcba-for-medical-industry\/\"><\/p>\n<h3>Medizinische PCBA<\/h3>\n<p>          <\/a><br \/>\n        <!-- \u4ea7\u54c1\u98797 --><br \/>\n          <a href=\"https:\/\/www.topfastpcb.com\/de\/products\/high-tg-rigid-pcb\/\"><\/p>\n<h3>Starrer PCB mit hoher TG<\/h3>\n<p>          <\/a><\/p>\n<style>\n\/* \u4ea7\u54c1\u5c55\u793a\u533a\u6837\u5f0f *\/\n.tf-products-section {\n  padding: 60px 0;\n  position: relative;\n}\n.tf-products-header {\n  text-align: center;\n  margin-bottom: 40px;\n  padding: 0 20px;\n}\n.tf-main-title {\n  font-size: 48px;\n  color: #2e7d32;\n  margin: 0 0 15px;\n  font-weight: 700;\n  letter-spacing: -1px;\n}\n.tf-subtitle {\n  font-size: 18px;\n  color: #546e7a;\n  margin: 0;\n  font-weight: 400;\n}\n\/* \u4ea7\u54c1\u8f6e\u64ad\u6837\u5f0f *\/\n.tf-products-carousel {\n  position: relative;\n  max-width: 1470px;\n  margin: 0 auto;\n  padding: 0 40px;\n}\n.tf-carousel-container {\n  overflow: hidden;\n  position: relative;\n}\n.tf-carousel-track {\n  display: flex;\n  gap: 30px;\n  transition: transform 0.5s ease;\n  padding: 10px 0;\n}\n.tf-product-card {\n  flex: 0 0 calc(20% - 24px);\n  min-width: 280px; \/* \u589e\u5927\u5361\u7247\u5bbd\u5ea6 *\/\n  border-radius: 8px;\n  overflow: hidden;\n  transition: all 0.3s ease;\n  position: relative;\n  background: #fff;\n  \/* \u79fb\u9664\u9634\u5f71\u6548\u679c *\/\n}\n.tf-product-card:hover {\n  transform: translateY(-5px);\n}\n.tf-product-image {\n  height: 280px; \/* \u589e\u5927\u56fe\u7247\u9ad8\u5ea6 *\/\n  background-size: cover;\n  background-position: center;\n  position: relative;\n}\n.tf-product-overlay {\n  position: absolute;\n  bottom: 0;\n  left: 0;\n  right: 0;\n  background: linear-gradient(to top, rgba(0,0,0,0.8), transparent);\n  padding: 20px;\n  color: white;\n}\n.tf-product-title {\n  margin: 0;\n  font-size: 18px;\n  font-weight: 600;\n  color: #fff;\n  text-shadow: 0 1px 3px rgba(0,0,0,0.3);\n}\n\/* \u54cd\u5e94\u5f0f\u8bbe\u8ba1 *\/\n@media (max-width: 1200px) {\n  .tf-product-card {\n    flex: 0 0 calc(25% - 23px);\n  }\n}\n@media (max-width: 992px) {\n  .tf-main-title {\n    font-size: 36px;\n  }\n  .tf-product-card {\n    flex: 0 0 calc(33.333% - 20px);\n  }\n}\n@media (max-width: 768px) {\n  .tf-products-section {\n    padding: 40px 0;\n  }\n  .tf-products-carousel {\n    padding: 0 20px;\n  }\n  .tf-product-card {\n    flex: 0 0 calc(50% - 15px);\n  }\n  .tf-product-image {\n    height: 240px; \/* \u8c03\u6574\u79fb\u52a8\u7aef\u56fe\u7247\u9ad8\u5ea6 *\/\n  }\n}\n@media (max-width: 576px) {\n  .tf-main-title {\n    font-size: 28px;\n  }\n  .tf-subtitle {\n    font-size: 16px;\n  }\n  .tf-product-card {\n    flex: 0 0 100%;\n    max-width: 320px;\n    margin: 0 auto;\n  }\n  .tf-carousel-track {\n    gap: 20px;\n  }\n  .tf-product-image {\n    height: 260px; \/* \u8fdb\u4e00\u6b65\u8c03\u6574\u79fb\u52a8\u7aef\u56fe\u7247\u9ad8\u5ea6 *\/\n  }\n}\n<\/style>\n<h2>FAQ<\/h2>\n<p>      <!-- \u7b2c\u4e00\u5217FAQ --><br \/>\n            +<\/p>\n<h3>Was macht TopFast?<\/h3>\n<p>TopFast bietet qualitativ hochwertige, termingerechte Lieferungen von PCBs, PCBAs und die Herstellung, Montage und Beschaffung von PCBs aus einer Hand von spezialisierten globalen Lieferanten.<\/p>\n<p>            +<\/p>\n<h3>Wie lange ist Ihre Vorlaufzeit?<\/h3>\n<p>Die schnellste Vorlaufzeit, die wir unterst\u00fctzen k\u00f6nnen, betr\u00e4gt 12 Stunden. 1 Stunde prompter Kostenvoranschlag. 4 Stunden prompte Konstruktion. Dies h\u00e4ngt von Ihren Produktanforderungen und der Menge ab. Au\u00dferdem wird die Vorlaufzeit in Ihrem Angebot ber\u00fccksichtigt.<\/p>\n<p>            +<\/p>\n<h3>Bieten Sie kostenlose Muster an?<\/h3>\n<p>Wir bieten keine kostenlosen Leiterplatten an. Wenn Sie unsere Qualit\u00e4t vor der Massenproduktion \u00fcberpr\u00fcfen m\u00f6chten, ist es besser, einen Prototyp zu bestellen. Nachdem Sie sich von unserer Qualit\u00e4t \u00fcberzeugt haben, k\u00f6nnen Sie ganz einfach eine Bestellung f\u00fcr jede gew\u00fcnschte Menge aufgeben.<\/p>\n<p>            +<\/p>\n<h3>Wie sieht es mit den Versandkosten aus?<\/h3>\n<p>F\u00fcr kleine Pakete empfehlen wir die Nutzung eines Express-Kurierdienstes (z. B. DHL, UPS, FedEx und EMS T\u00fcr-zu-T\u00fcr-Service!).Dies ist der schnellste, aber auch der teuerste Weg.F\u00fcr gro\u00dfe Pakete ist die Seefracht die beste L\u00f6sung.Wir k\u00f6nnen Ihnen nur dann genaue Versandpreise nennen, wenn wir die Menge, das Gewicht und die Einzelheiten der Versandart kennen.<\/p>\n<p>      <!-- \u7b2c\u4e8c\u5217FAQ --><br \/>\n            +<\/p>\n<h3>Wie kann ich bestellen?<\/h3>\n<p>Online:Holen Sie sich ein kostenloses Angebot auf unserer Website. E-Mail: \u5411Sales@topfastpcb.com Senden Sie uns eine E-Mail mit folgenden Angaben: Name, Firma, Adresse, Telefonnummer, E-Mail-Adresse, Produktnummer, Menge, Produktzeit und alle anderen Informationen, die Sie uns mitteilen m\u00f6chten. F\u00fcgen Sie Ihre Gerber-Datei bei.<\/p>\n<p>Telefon:Wenn Sie Fragen haben, k\u00f6nnen Sie uns gerne anrufen: +86-13929576863<\/p>\n<p>            +<\/p>\n<h3>Wo stellen Sie Ihre PCBs her?<\/h3>\n<p>Als globaler PCB-Hersteller befinden sich unsere Fabriken in Guangzhou, China, und Shenzhen, China, und nutzen die Vorteile der jeweiligen Region, um Ihnen den besten Service zu bieten.<\/p>\n<p>            +<\/p>\n<h3>Ich bin bereit, eine gro\u00dfe Bestellung aufzugeben, aber ich muss erst Ihre Qualit\u00e4t testen.Ist das in Ordnung?<\/h3>\n<p>Sicher. Sie k\u00f6nnen zun\u00e4chst einen Prototyp in Auftrag geben.Nutzen Sie eine der Optionen, um die Qualit\u00e4t zu pr\u00fcfen und lassen Sie uns dann wissen, ob Sie mit der Massenproduktion fortfahren m\u00f6chten.<\/p>\n<p>            +<\/p>\n<h3>Ihre Preise sind so niedrig, wie stellen Sie da eine hervorragende Qualit\u00e4t sicher?<\/h3>\n<p>1. Wir f\u00fchren st\u00e4ndig neue Ausr\u00fcstungen und Technologien ein.2 Wir verwenden hochwertige Materialien, um die Qualit\u00e4t der Leiterplatten zu gew\u00e4hrleisten.3 Wir haben mehr als 25 erfahrene F\u00fchrungskr\u00e4fte und Techniker, die seit mehr als zwanzig Jahren in der Leiterplattenproduktion t\u00e4tig sind und \u00fcber reiche Erfahrung im Produktionsmanagement und professionelle Leiterplattenkenntnisse verf\u00fcgen. Unsere Gemeinkosten sind extrem niedrig, da wir \u00fcber einen effizienten Direktvertriebskanal verf\u00fcgen. Jeder Cent, den Sie bezahlen, ist f\u00fcr h\u00f6chste Qualit\u00e4t!<\/p>\n<style>\n\/* FAQ\u90e8\u5206\u6574\u4f53\u6837\u5f0f *\/\n.topfast-faq-section {\n  padding: 80px 0;\n  font-family: 'Poppins', Arial, sans-serif;\n}\n.topfast-faq-container {\n  max-width: 1470px;\n  margin: 0 auto;\n  padding: 0 20px;\n}\n.topfast-faq-main-title {\n  text-align: center;\n  font-size: 42px;\n  color: #2e7d32;\n  margin-bottom: 50px;\n  font-weight: 700;\n  position: relative;\n}\n.topfast-faq-main-title:after {\n  content: '';\n  display: block;\n  width: 80px;\n  height: 4px;\n  background: #4caf50;\n  margin: 15px auto 0;\n}\n.topfast-faq-columns {\n  display: flex;\n  gap: 40px;\n}\n.topfast-faq-column {\n  flex: 1;\n}\n\/* FAQ\u9879\u6837\u5f0f *\/\n.topfast-faq-item {\n  margin-bottom: 20px;\n  border-radius: 8px;\n  overflow: hidden;\n  box-shadow: 0 3px 15px rgba(0,0,0,0.05);\n  transition: all 0.3s ease;\n}\n.topfast-faq-item:hover {\n  box-shadow: 0 5px 25px rgba(0,0,0,0.1);\n}\n.topfast-faq-question {\n  background: #fff;\n  padding: 20px 25px;\n  cursor: pointer;\n  display: flex;\n  align-items: center;\n  transition: all 0.3s ease;\n}\n.topfast-faq-question:hover {\n  background: #f1f8e9;\n}\n.topfast-faq-question h3 {\n  margin: 0;\n  font-size: 18px;\n  font-weight: 600;\n  color: #333;\n  flex: 1;\n}\n.topfast-faq-icon {\n  display: inline-block;\n  width: 24px;\n  height: 24px;\n  background: #4caf50;\n  color: white;\n  border-radius: 50%;\n  text-align: center;\n  line-height: 24px;\n  margin-right: 15px;\n  font-size: 18px;\n  font-weight: bold;\n  transition: all 0.3s ease;\n}\n.topfast-faq-item.active .topfast-faq-icon {\n  transform: rotate(45deg);\n  background: #2e7d32;\n}\n.topfast-faq-answer {\n  background: #fff;\n  padding: 0 25px;\n  max-height: 0;\n  overflow: hidden;\n  transition: all 0.3s ease;\n}\n.topfast-faq-item.active .topfast-faq-answer {\n  padding: 0 25px 20px;\n  max-height: 500px;\n}\n.topfast-faq-answer p {\n  margin: 15px 0 0;\n  color: #555;\n  line-height: 1.6;\n}\n\/* \u54cd\u5e94\u5f0f\u8bbe\u8ba1 *\/\n@media (max-width: 992px) {\n  .topfast-faq-columns {\n    flex-direction: column;\n    gap: 20px;\n  }\n  .topfast-faq-main-title {\n    font-size: 36px;\n  }\n}\n@media (max-width: 768px) {\n  .topfast-faq-section {\n    padding: 60px 0;\n  }\n  .topfast-faq-main-title {\n    font-size: 30px;\n    margin-bottom: 30px;\n  }\n  .topfast-faq-question {\n    padding: 15px 20px;\n  }\n  .topfast-faq-question h3 {\n    font-size: 16px;\n  }\n  .topfast-faq-icon {\n    width: 20px;\n    height: 20px;\n    line-height: 20px;\n    font-size: 16px;\n    margin-right: 12px;\n  }\n}\n<\/style>","protected":false},"excerpt":{"rendered":"<p>Schneller sein, besser sein \u2013 Topfast Topfast wurde 2008 gegr\u00fcndet und ist die erste Wahl f\u00fcr die globale Elektronikfertigung. Als f\u00fchrender Leiterplattenhersteller mit 17 Jahren Erfahrung in den Bereichen Design, Fertigung und Montage sind wir auf Rapid Prototyping und Kleinserienfertigung spezialisiert. In unserer 30.000 m\u00b2 gro\u00dfen Produktionsst\u00e4tte besch\u00e4ftigen wir mehr als 1.000 Fachkr\u00e4fte und beliefern globale Innovatoren, darunter [&hellip;]<\/p>","protected":false},"author":1,"featured_media":0,"parent":0,"menu_order":0,"comment_status":"closed","ping_status":"closed","template":"page-templates\/about.php","meta":{"footnotes":""},"class_list":["post-365","page","type-page","status-publish","hentry"],"yoast_head":"<!-- This site is optimized with the Yoast SEO plugin v25.1 - https:\/\/yoast.com\/wordpress\/plugins\/seo\/ -->\n<title>Specialized PCB Manufacturer-Topfast<\/title>\n<meta name=\"description\" content=\"Topfast Prime Choice for Global Electronics Manufacturing. We are a professional and reliable one-stop printed circuit board solution provider specializing in PCB rapid prototyping and low-volume products.\" \/>\n<meta name=\"robots\" content=\"index, follow, max-snippet:-1, max-image-preview:large, max-video-preview:-1\" \/>\n<link rel=\"canonical\" href=\"https:\/\/www.topfastpcb.com\/de\/about\/\" \/>\n<meta property=\"og:locale\" content=\"de_DE\" \/>\n<meta property=\"og:type\" content=\"article\" \/>\n<meta property=\"og:title\" content=\"Specialized PCB Manufacturer-Topfast\" \/>\n<meta property=\"og:description\" content=\"Topfast Prime Choice for Global Electronics Manufacturing. We are a professional and reliable one-stop printed circuit board solution provider specializing in PCB rapid prototyping and low-volume products.\" \/>\n<meta property=\"og:url\" content=\"https:\/\/www.topfastpcb.com\/de\/about\/\" \/>\n<meta property=\"og:site_name\" content=\"Topfastpcb\" \/>\n<meta property=\"article:modified_time\" content=\"2025-12-03T03:56:55+00:00\" \/>\n<meta property=\"og:image\" content=\"https:\/\/www.topfastpcb.com\/wp-content\/uploads\/2025\/04\/4%E6%9C%8817%E6%97%A51-%E5%B0%81%E9%9D%A2-1.jpg\" \/>\n<meta name=\"twitter:card\" content=\"summary_large_image\" \/>\n<meta name=\"twitter:label1\" content=\"Gesch\u00e4tzte Lesezeit\" \/>\n\t<meta name=\"twitter:data1\" content=\"3\u00a0Minuten\" \/>\n<script type=\"application\/ld+json\" class=\"yoast-schema-graph\">{\"@context\":\"https:\/\/schema.org\",\"@graph\":[{\"@type\":\"WebPage\",\"@id\":\"https:\/\/www.topfastpcb.com\/about\/\",\"url\":\"https:\/\/www.topfastpcb.com\/about\/\",\"name\":\"Specialized PCB Manufacturer-Topfast\",\"isPartOf\":{\"@id\":\"https:\/\/www.topfastpcb.com\/#website\"},\"primaryImageOfPage\":{\"@id\":\"https:\/\/www.topfastpcb.com\/about\/#primaryimage\"},\"image\":{\"@id\":\"https:\/\/www.topfastpcb.com\/about\/#primaryimage\"},\"thumbnailUrl\":\"https:\/\/www.topfastpcb.com\/wp-content\/uploads\/2025\/04\/4%E6%9C%8817%E6%97%A51-%E5%B0%81%E9%9D%A2-1.jpg\",\"datePublished\":\"2025-03-28T03:04:19+00:00\",\"dateModified\":\"2025-12-03T03:56:55+00:00\",\"description\":\"Topfast Prime Choice for Global Electronics Manufacturing. We are a professional and reliable one-stop printed circuit board solution provider specializing in PCB rapid prototyping and low-volume products.\",\"breadcrumb\":{\"@id\":\"https:\/\/www.topfastpcb.com\/about\/#breadcrumb\"},\"inLanguage\":\"de\",\"potentialAction\":[{\"@type\":\"ReadAction\",\"target\":[\"https:\/\/www.topfastpcb.com\/about\/\"]}]},{\"@type\":\"ImageObject\",\"inLanguage\":\"de\",\"@id\":\"https:\/\/www.topfastpcb.com\/about\/#primaryimage\",\"url\":\"https:\/\/www.topfastpcb.com\/wp-content\/uploads\/2025\/04\/4%E6%9C%8817%E6%97%A51-%E5%B0%81%E9%9D%A2-1.jpg\",\"contentUrl\":\"https:\/\/www.topfastpcb.com\/wp-content\/uploads\/2025\/04\/4%E6%9C%8817%E6%97%A51-%E5%B0%81%E9%9D%A2-1.jpg\"},{\"@type\":\"BreadcrumbList\",\"@id\":\"https:\/\/www.topfastpcb.com\/about\/#breadcrumb\",\"itemListElement\":[{\"@type\":\"ListItem\",\"position\":1,\"name\":\"\u9996\u9875\",\"item\":\"https:\/\/www.topfastpcb.com\/\"},{\"@type\":\"ListItem\",\"position\":2,\"name\":\"About\"}]},{\"@type\":\"WebSite\",\"@id\":\"https:\/\/www.topfastpcb.com\/#website\",\"url\":\"https:\/\/www.topfastpcb.com\/\",\"name\":\"Topfastpcb\",\"description\":\"Topfast Prime Choice for Global Electronics Manufacturing\",\"publisher\":{\"@id\":\"https:\/\/www.topfastpcb.com\/#organization\"},\"potentialAction\":[{\"@type\":\"SearchAction\",\"target\":{\"@type\":\"EntryPoint\",\"urlTemplate\":\"https:\/\/www.topfastpcb.com\/?s={search_term_string}\"},\"query-input\":{\"@type\":\"PropertyValueSpecification\",\"valueRequired\":true,\"valueName\":\"search_term_string\"}}],\"inLanguage\":\"de\"},{\"@type\":\"Organization\",\"@id\":\"https:\/\/www.topfastpcb.com\/#organization\",\"name\":\"Topfastpcb\",\"url\":\"https:\/\/www.topfastpcb.com\/\",\"logo\":{\"@type\":\"ImageObject\",\"inLanguage\":\"de\",\"@id\":\"https:\/\/www.topfastpcb.com\/#\/schema\/logo\/image\/\",\"url\":\"https:\/\/www.topfastpcb.com\/wp-content\/uploads\/2026\/02\/cropped-topfast-logo.png\",\"contentUrl\":\"https:\/\/www.topfastpcb.com\/wp-content\/uploads\/2026\/02\/cropped-topfast-logo.png\",\"width\":144,\"height\":56,\"caption\":\"Topfastpcb\"},\"image\":{\"@id\":\"https:\/\/www.topfastpcb.com\/#\/schema\/logo\/image\/\"}}]}<\/script>\n<!-- \/ Yoast SEO plugin. -->","yoast_head_json":{"title":"Specialized PCB Manufacturer-Topfast","description":"Topfast Prime Choice for Global Electronics Manufacturing. We are a professional and reliable one-stop printed circuit board solution provider specializing in PCB rapid prototyping and low-volume products.","robots":{"index":"index","follow":"follow","max-snippet":"max-snippet:-1","max-image-preview":"max-image-preview:large","max-video-preview":"max-video-preview:-1"},"canonical":"https:\/\/www.topfastpcb.com\/de\/about\/","og_locale":"de_DE","og_type":"article","og_title":"Specialized PCB Manufacturer-Topfast","og_description":"Topfast Prime Choice for Global Electronics Manufacturing. We are a professional and reliable one-stop printed circuit board solution provider specializing in PCB rapid prototyping and low-volume products.","og_url":"https:\/\/www.topfastpcb.com\/de\/about\/","og_site_name":"Topfastpcb","article_modified_time":"2025-12-03T03:56:55+00:00","og_image":[{"url":"https:\/\/www.topfastpcb.com\/wp-content\/uploads\/2025\/04\/4%E6%9C%8817%E6%97%A51-%E5%B0%81%E9%9D%A2-1.jpg","type":"","width":"","height":""}],"twitter_card":"summary_large_image","twitter_misc":{"Gesch\u00e4tzte Lesezeit":"3\u00a0Minuten"},"schema":{"@context":"https:\/\/schema.org","@graph":[{"@type":"WebPage","@id":"https:\/\/www.topfastpcb.com\/about\/","url":"https:\/\/www.topfastpcb.com\/about\/","name":"Specialized PCB Manufacturer-Topfast","isPartOf":{"@id":"https:\/\/www.topfastpcb.com\/#website"},"primaryImageOfPage":{"@id":"https:\/\/www.topfastpcb.com\/about\/#primaryimage"},"image":{"@id":"https:\/\/www.topfastpcb.com\/about\/#primaryimage"},"thumbnailUrl":"https:\/\/www.topfastpcb.com\/wp-content\/uploads\/2025\/04\/4%E6%9C%8817%E6%97%A51-%E5%B0%81%E9%9D%A2-1.jpg","datePublished":"2025-03-28T03:04:19+00:00","dateModified":"2025-12-03T03:56:55+00:00","description":"Topfast Prime Choice for Global Electronics Manufacturing. We are a professional and reliable one-stop printed circuit board solution provider specializing in PCB rapid prototyping and low-volume products.","breadcrumb":{"@id":"https:\/\/www.topfastpcb.com\/about\/#breadcrumb"},"inLanguage":"de","potentialAction":[{"@type":"ReadAction","target":["https:\/\/www.topfastpcb.com\/about\/"]}]},{"@type":"ImageObject","inLanguage":"de","@id":"https:\/\/www.topfastpcb.com\/about\/#primaryimage","url":"https:\/\/www.topfastpcb.com\/wp-content\/uploads\/2025\/04\/4%E6%9C%8817%E6%97%A51-%E5%B0%81%E9%9D%A2-1.jpg","contentUrl":"https:\/\/www.topfastpcb.com\/wp-content\/uploads\/2025\/04\/4%E6%9C%8817%E6%97%A51-%E5%B0%81%E9%9D%A2-1.jpg"},{"@type":"BreadcrumbList","@id":"https:\/\/www.topfastpcb.com\/about\/#breadcrumb","itemListElement":[{"@type":"ListItem","position":1,"name":"\u9996\u9875","item":"https:\/\/www.topfastpcb.com\/"},{"@type":"ListItem","position":2,"name":"About"}]},{"@type":"WebSite","@id":"https:\/\/www.topfastpcb.com\/#website","url":"https:\/\/www.topfastpcb.com\/","name":"Topfastpcb","description":"Topfast Prime Choice for Global Electronics Manufacturing","publisher":{"@id":"https:\/\/www.topfastpcb.com\/#organization"},"potentialAction":[{"@type":"SearchAction","target":{"@type":"EntryPoint","urlTemplate":"https:\/\/www.topfastpcb.com\/?s={search_term_string}"},"query-input":{"@type":"PropertyValueSpecification","valueRequired":true,"valueName":"search_term_string"}}],"inLanguage":"de"},{"@type":"Organization","@id":"https:\/\/www.topfastpcb.com\/#organization","name":"Topfastpcb","url":"https:\/\/www.topfastpcb.com\/","logo":{"@type":"ImageObject","inLanguage":"de","@id":"https:\/\/www.topfastpcb.com\/#\/schema\/logo\/image\/","url":"https:\/\/www.topfastpcb.com\/wp-content\/uploads\/2026\/02\/cropped-topfast-logo.png","contentUrl":"https:\/\/www.topfastpcb.com\/wp-content\/uploads\/2026\/02\/cropped-topfast-logo.png","width":144,"height":56,"caption":"Topfastpcb"},"image":{"@id":"https:\/\/www.topfastpcb.com\/#\/schema\/logo\/image\/"}}]}},"_links":{"self":[{"href":"https:\/\/www.topfastpcb.com\/de\/wp-json\/wp\/v2\/pages\/365","targetHints":{"allow":["GET"]}}],"collection":[{"href":"https:\/\/www.topfastpcb.com\/de\/wp-json\/wp\/v2\/pages"}],"about":[{"href":"https:\/\/www.topfastpcb.com\/de\/wp-json\/wp\/v2\/types\/page"}],"author":[{"embeddable":true,"href":"https:\/\/www.topfastpcb.com\/de\/wp-json\/wp\/v2\/users\/1"}],"replies":[{"embeddable":true,"href":"https:\/\/www.topfastpcb.com\/de\/wp-json\/wp\/v2\/comments?post=365"}],"version-history":[{"count":87,"href":"https:\/\/www.topfastpcb.com\/de\/wp-json\/wp\/v2\/pages\/365\/revisions"}],"predecessor-version":[{"id":3941,"href":"https:\/\/www.topfastpcb.com\/de\/wp-json\/wp\/v2\/pages\/365\/revisions\/3941"}],"wp:attachment":[{"href":"https:\/\/www.topfastpcb.com\/de\/wp-json\/wp\/v2\/media?parent=365"}],"curies":[{"name":"wp","href":"https:\/\/api.w.org\/{rel}","templated":true}]}}