{"id":794,"date":"2025-04-14T08:41:43","date_gmt":"2025-04-14T08:41:43","guid":{"rendered":"http:\/\/topfastpcbb.ru\/?page_id=794"},"modified":"2025-12-09T21:16:41","modified_gmt":"2025-12-09T13:16:41","slug":"return-and-exchange-process","status":"publish","type":"page","link":"https:\/\/www.topfastpcb.com\/de\/return-and-exchange-process\/","title":{"rendered":"R\u00fcckgabe- und Umtauschverfahren"},"content":{"rendered":"<p>Um das After-Sales-System zu verbessern und die Kundenzufriedenheit zu erh\u00f6hen, hat das Unternehmen ein R\u00fcckgabe- und Umtauschsystem eingef\u00fchrt. Kunden, die die Bedingungen f\u00fcr R\u00fcckgabe und Umtausch erf\u00fcllen und zur R\u00fcckgabe und zum Umtausch von Waren berechtigt sind, wenden bitte die folgenden Bedingungen an (mit Ausnahme des R\u00fcckgabe- und Umtauschsystems, das f\u00fcr spezielle Produkte vorgesehen ist):<\/p><h4>1. Gegenstand von R\u00fcckgabe und Umtausch:<\/h4><p>Jeder Kunde, der Produkte des Unternehmens kauft, unabh\u00e4ngig von der Art der Lieferung und der Art der Zahlung, kann zur\u00fcckgegeben und umgetauscht werden in \u00dcbereinstimmung mit den Bestimmungen der Vorschriften.<\/p><h4>2. Bedingungen f\u00fcr R\u00fcckgabe und Umtausch:<\/h4><p>1) Produkte mit Qualit\u00e4tsproblemen (das Unternehmen ist nicht verantwortlich f\u00fcr Qualit\u00e4tsprobleme, die durch seine eigenen Gr\u00fcnde verursacht wurden).<\/p><p>2) Die zur\u00fcckgesandten Waren m\u00fcssen die folgenden grundlegenden Bedingungen erf\u00fcllen:<\/p><p><strong>Die Waren sind nicht kontaminiert<\/strong><\/p><p>Die Warenverpackung ist vollst\u00e4ndig (einschlie\u00dflich innerer und \u00e4u\u00dferer Verpackung), und die Waren sollten neu, unbenutzt und in ihrem urspr\u00fcnglichen Zustand sein, der dem Zustand entspricht, in dem Sie die Waren erhalten haben, und der den Weiterverkauf nicht beeintr\u00e4chtigt;<\/p><p>Schicken Sie auch den Originalkarton der Ware und das Lieferpaket sowie alle Zubeh\u00f6rteile, Etiketten, Versanddokumente, Produktzertifikate, Handb\u00fccher, Rechnungen (falls vorhanden) und alle Werbegeschenke (falls vorhanden) an das Unternehmen zur\u00fcck, das Ihnen das Geld zur\u00fcckerstatten wird, wenn Sie Fragen oder Bedenken haben.<\/p><h4>3\u3001Erstattungsverarbeitung<\/h4><p>Nachdem das Unternehmen Ihre zur\u00fcckgegebenen Waren innerhalb der angegebenen Frist erhalten hat, erstattet es Ihnen den Betrag, den Sie f\u00fcr die Waren bezahlt haben, gem\u00e4\u00df den gesetzlichen Bestimmungen zur\u00fcck, nachdem es sich vergewissert hat, dass die Waren und das Zubeh\u00f6r (falls vorhanden) unversehrt sind und die Etiketten, Rechnungen und Geschenke (falls vorhanden) vollst\u00e4ndig sind.<\/p><h3>4\u3001R\u00fcckgabe und Umtausch Hinweis:<\/h3><p>Wenn die zur\u00fcckgegebenen Waren nicht den Bedingungen dieser R\u00fcckgabepolitik entsprechen, wird unser Unternehmen Ihre R\u00fcckgabe oder Ihren Umtausch nicht akzeptieren und kann die Erstattung nicht realisieren.<\/p><p>Wenn Sie die Rechnung, das Zubeh\u00f6r oder die Geschenke (falls vorhanden) nicht zur\u00fcckgeben, hat unser Unternehmen das Recht, die Rechnungssteuer, das Zubeh\u00f6r oder die Geschenke von dem Betrag abzuziehen, den Sie f\u00fcr den Marktpreis bezahlt haben.<\/p><p>Wenn Sie die Rechnung, das Zubeh\u00f6r oder den Gratisartikel Ihrer Bestellung nicht zur\u00fcckschicken, aber das Unternehmen die Rechnungssteuer, den Marktpreis des Zubeh\u00f6rs oder des Gratisartikels nicht abgezogen oder Sie nicht aufgefordert hat, den besagten Artikel oder das Material zur\u00fcckzuschicken, wird dies nicht als Verzicht auf das Recht des Unternehmens angesehen, entsprechende Anspr\u00fcche geltend zu machen.<\/p><p>Die Kunden k\u00f6nnen die Kundendienst-Hotline des Unternehmens anrufen, wenn sie Fragen haben.<\/p>","protected":false},"excerpt":{"rendered":"<p>Um das After-Sales-System zu verbessern und sich zu bem\u00fchen, die Verbraucher zufriedener zu machen, hat das Unternehmen ein R\u00fcckgabe- und Umtauschsystem eingef\u00fchrt. Kunden, die die Bedingungen f\u00fcr R\u00fcckgabe und Umtausch erf\u00fcllen und berechtigt sind, Waren zur\u00fcckzugeben und umzutauschen, setzen bitte die folgenden Bedingungen um (mit Ausnahme des R\u00fcckgabe- und Umtauschsystems, das ansonsten f\u00fcr [&hellip;]<\/p>","protected":false},"author":1,"featured_media":0,"parent":0,"menu_order":0,"comment_status":"closed","ping_status":"closed","template":"page-templates\/return-and-exchange-process.php","meta":{"footnotes":""},"class_list":["post-794","page","type-page","status-publish","hentry"],"yoast_head":"<!-- This site is optimized with the Yoast SEO plugin v25.1 - https:\/\/yoast.com\/wordpress\/plugins\/seo\/ -->\n<title>Return and Exchange Process-Topfast<\/title>\n<meta name=\"description\" content=\"In order to improve the after-sales system and strive to make consumers more satisfied, the company has implemented a return and exchange system, which meets the conditions for return and exchange and is authorized to return and exchange the goods to the customer.\" \/>\n<meta name=\"robots\" content=\"index, follow, max-snippet:-1, max-image-preview:large, max-video-preview:-1\" \/>\n<link rel=\"canonical\" href=\"https:\/\/www.topfastpcb.com\/de\/return-and-exchange-process\/\" \/>\n<meta property=\"og:locale\" content=\"de_DE\" \/>\n<meta property=\"og:type\" content=\"article\" \/>\n<meta property=\"og:title\" content=\"Return and Exchange Process-Topfast\" \/>\n<meta property=\"og:description\" content=\"In order to improve the after-sales system and strive to make consumers more satisfied, the company has implemented a return and exchange system, which meets the conditions for return and exchange and is authorized to return and exchange the goods to the customer.\" \/>\n<meta property=\"og:url\" content=\"https:\/\/www.topfastpcb.com\/de\/return-and-exchange-process\/\" \/>\n<meta property=\"og:site_name\" content=\"Topfastpcb\" \/>\n<meta property=\"article:modified_time\" content=\"2025-12-09T13:16:41+00:00\" \/>\n<meta name=\"twitter:card\" content=\"summary_large_image\" \/>\n<meta name=\"twitter:label1\" content=\"Gesch\u00e4tzte Lesezeit\" \/>\n\t<meta name=\"twitter:data1\" content=\"3\u00a0Minuten\" \/>\n<script type=\"application\/ld+json\" class=\"yoast-schema-graph\">{\"@context\":\"https:\/\/schema.org\",\"@graph\":[{\"@type\":\"WebPage\",\"@id\":\"https:\/\/www.topfastpcb.com\/return-and-exchange-process\/\",\"url\":\"https:\/\/www.topfastpcb.com\/return-and-exchange-process\/\",\"name\":\"Return and Exchange Process-Topfast\",\"isPartOf\":{\"@id\":\"https:\/\/www.topfastpcb.com\/#website\"},\"datePublished\":\"2025-04-14T08:41:43+00:00\",\"dateModified\":\"2025-12-09T13:16:41+00:00\",\"description\":\"In order to improve the after-sales system and strive to make consumers more satisfied, the company has implemented a return and exchange system, which meets the conditions for return and exchange and is authorized to return and exchange the goods to the customer.\",\"breadcrumb\":{\"@id\":\"https:\/\/www.topfastpcb.com\/return-and-exchange-process\/#breadcrumb\"},\"inLanguage\":\"de\",\"potentialAction\":[{\"@type\":\"ReadAction\",\"target\":[\"https:\/\/www.topfastpcb.com\/return-and-exchange-process\/\"]}]},{\"@type\":\"BreadcrumbList\",\"@id\":\"https:\/\/www.topfastpcb.com\/return-and-exchange-process\/#breadcrumb\",\"itemListElement\":[{\"@type\":\"ListItem\",\"position\":1,\"name\":\"\u9996\u9875\",\"item\":\"https:\/\/www.topfastpcb.com\/\"},{\"@type\":\"ListItem\",\"position\":2,\"name\":\"Return and Exchange Process\"}]},{\"@type\":\"WebSite\",\"@id\":\"https:\/\/www.topfastpcb.com\/#website\",\"url\":\"https:\/\/www.topfastpcb.com\/\",\"name\":\"Topfastpcb\",\"description\":\"Topfast Prime Choice for Global Electronics Manufacturing\",\"publisher\":{\"@id\":\"https:\/\/www.topfastpcb.com\/#organization\"},\"potentialAction\":[{\"@type\":\"SearchAction\",\"target\":{\"@type\":\"EntryPoint\",\"urlTemplate\":\"https:\/\/www.topfastpcb.com\/?s={search_term_string}\"},\"query-input\":{\"@type\":\"PropertyValueSpecification\",\"valueRequired\":true,\"valueName\":\"search_term_string\"}}],\"inLanguage\":\"de\"},{\"@type\":\"Organization\",\"@id\":\"https:\/\/www.topfastpcb.com\/#organization\",\"name\":\"Topfastpcb\",\"url\":\"https:\/\/www.topfastpcb.com\/\",\"logo\":{\"@type\":\"ImageObject\",\"inLanguage\":\"de\",\"@id\":\"https:\/\/www.topfastpcb.com\/#\/schema\/logo\/image\/\",\"url\":\"https:\/\/www.topfastpcb.com\/wp-content\/uploads\/2026\/02\/cropped-topfast-logo.png\",\"contentUrl\":\"https:\/\/www.topfastpcb.com\/wp-content\/uploads\/2026\/02\/cropped-topfast-logo.png\",\"width\":144,\"height\":56,\"caption\":\"Topfastpcb\"},\"image\":{\"@id\":\"https:\/\/www.topfastpcb.com\/#\/schema\/logo\/image\/\"}}]}<\/script>\n<!-- \/ Yoast SEO plugin. -->","yoast_head_json":{"title":"Return and Exchange Process-Topfast","description":"In order to improve the after-sales system and strive to make consumers more satisfied, the company has implemented a return and exchange system, which meets the conditions for return and exchange and is authorized to return and exchange the goods to the customer.","robots":{"index":"index","follow":"follow","max-snippet":"max-snippet:-1","max-image-preview":"max-image-preview:large","max-video-preview":"max-video-preview:-1"},"canonical":"https:\/\/www.topfastpcb.com\/de\/return-and-exchange-process\/","og_locale":"de_DE","og_type":"article","og_title":"Return and Exchange Process-Topfast","og_description":"In order to improve the after-sales system and strive to make consumers more satisfied, the company has implemented a return and exchange system, which meets the conditions for return and exchange and is authorized to return and exchange the goods to the customer.","og_url":"https:\/\/www.topfastpcb.com\/de\/return-and-exchange-process\/","og_site_name":"Topfastpcb","article_modified_time":"2025-12-09T13:16:41+00:00","twitter_card":"summary_large_image","twitter_misc":{"Gesch\u00e4tzte Lesezeit":"3\u00a0Minuten"},"schema":{"@context":"https:\/\/schema.org","@graph":[{"@type":"WebPage","@id":"https:\/\/www.topfastpcb.com\/return-and-exchange-process\/","url":"https:\/\/www.topfastpcb.com\/return-and-exchange-process\/","name":"Return and Exchange Process-Topfast","isPartOf":{"@id":"https:\/\/www.topfastpcb.com\/#website"},"datePublished":"2025-04-14T08:41:43+00:00","dateModified":"2025-12-09T13:16:41+00:00","description":"In order to improve the after-sales system and strive to make consumers more satisfied, the company has implemented a return and exchange system, which meets the conditions for return and exchange and is authorized to return and exchange the goods to the customer.","breadcrumb":{"@id":"https:\/\/www.topfastpcb.com\/return-and-exchange-process\/#breadcrumb"},"inLanguage":"de","potentialAction":[{"@type":"ReadAction","target":["https:\/\/www.topfastpcb.com\/return-and-exchange-process\/"]}]},{"@type":"BreadcrumbList","@id":"https:\/\/www.topfastpcb.com\/return-and-exchange-process\/#breadcrumb","itemListElement":[{"@type":"ListItem","position":1,"name":"\u9996\u9875","item":"https:\/\/www.topfastpcb.com\/"},{"@type":"ListItem","position":2,"name":"Return and Exchange Process"}]},{"@type":"WebSite","@id":"https:\/\/www.topfastpcb.com\/#website","url":"https:\/\/www.topfastpcb.com\/","name":"Topfastpcb","description":"Topfast Prime Choice for Global Electronics Manufacturing","publisher":{"@id":"https:\/\/www.topfastpcb.com\/#organization"},"potentialAction":[{"@type":"SearchAction","target":{"@type":"EntryPoint","urlTemplate":"https:\/\/www.topfastpcb.com\/?s={search_term_string}"},"query-input":{"@type":"PropertyValueSpecification","valueRequired":true,"valueName":"search_term_string"}}],"inLanguage":"de"},{"@type":"Organization","@id":"https:\/\/www.topfastpcb.com\/#organization","name":"Topfastpcb","url":"https:\/\/www.topfastpcb.com\/","logo":{"@type":"ImageObject","inLanguage":"de","@id":"https:\/\/www.topfastpcb.com\/#\/schema\/logo\/image\/","url":"https:\/\/www.topfastpcb.com\/wp-content\/uploads\/2026\/02\/cropped-topfast-logo.png","contentUrl":"https:\/\/www.topfastpcb.com\/wp-content\/uploads\/2026\/02\/cropped-topfast-logo.png","width":144,"height":56,"caption":"Topfastpcb"},"image":{"@id":"https:\/\/www.topfastpcb.com\/#\/schema\/logo\/image\/"}}]}},"_links":{"self":[{"href":"https:\/\/www.topfastpcb.com\/de\/wp-json\/wp\/v2\/pages\/794","targetHints":{"allow":["GET"]}}],"collection":[{"href":"https:\/\/www.topfastpcb.com\/de\/wp-json\/wp\/v2\/pages"}],"about":[{"href":"https:\/\/www.topfastpcb.com\/de\/wp-json\/wp\/v2\/types\/page"}],"author":[{"embeddable":true,"href":"https:\/\/www.topfastpcb.com\/de\/wp-json\/wp\/v2\/users\/1"}],"replies":[{"embeddable":true,"href":"https:\/\/www.topfastpcb.com\/de\/wp-json\/wp\/v2\/comments?post=794"}],"version-history":[{"count":2,"href":"https:\/\/www.topfastpcb.com\/de\/wp-json\/wp\/v2\/pages\/794\/revisions"}],"predecessor-version":[{"id":1891,"href":"https:\/\/www.topfastpcb.com\/de\/wp-json\/wp\/v2\/pages\/794\/revisions\/1891"}],"wp:attachment":[{"href":"https:\/\/www.topfastpcb.com\/de\/wp-json\/wp\/v2\/media?parent=794"}],"curies":[{"name":"wp","href":"https:\/\/api.w.org\/{rel}","templated":true}]}}