{"id":2057,"date":"2025-04-17T17:03:19","date_gmt":"2025-04-17T09:03:19","guid":{"rendered":"http:\/\/topfastpcbb.ru\/?post_type=product&#038;p=2057"},"modified":"2025-05-06T15:56:52","modified_gmt":"2025-05-06T07:26:52","slug":"deep-ultraviolet-duv-purifier-pcbs","status":"publish","type":"product","link":"https:\/\/www.topfastpcb.com\/de\/products\/deep-ultraviolet-duv-purifier-pcbs\/","title":{"rendered":"Deep Ultraviolet (DUV)-Reiniger PCBs"},"content":{"rendered":"<div id=\"ez-toc-container\" class=\"ez-toc-v2_0_74 counter-hierarchy ez-toc-counter ez-toc-custom ez-toc-container-direction\">\n<div class=\"ez-toc-title-container\">\n<p class=\"ez-toc-title\" style=\"cursor:inherit\">Inhalts\u00fcbersicht<\/p>\n<span class=\"ez-toc-title-toggle\"><\/span><\/div>\n<nav><ul class='ez-toc-list ez-toc-list-level-1' ><li class='ez-toc-page-1 ez-toc-heading-level-3'><a class=\"ez-toc-link ez-toc-heading-1\" href=\"https:\/\/www.topfastpcb.com\/de\/products\/deep-ultraviolet-duv-purifier-pcbs\/#Introduction_to_DUV_Purifier_PCBs\" >Einf\u00fchrung in DUV-Reinigungsplatinen<\/a><\/li><li class='ez-toc-page-1 ez-toc-heading-level-3'><a class=\"ez-toc-link ez-toc-heading-2\" href=\"https:\/\/www.topfastpcb.com\/de\/products\/deep-ultraviolet-duv-purifier-pcbs\/#Key_Features_of_DUV_Purifier_PCBs\" >Hauptmerkmale der DUV-Reinigungsplatinen<\/a><\/li><li class='ez-toc-page-1 ez-toc-heading-level-3'><a class=\"ez-toc-link ez-toc-heading-3\" href=\"https:\/\/www.topfastpcb.com\/de\/products\/deep-ultraviolet-duv-purifier-pcbs\/#Types_of_Ceramic_PCBs\" >Arten von keramischen PCBs<\/a><\/li><li class='ez-toc-page-1 ez-toc-heading-level-3'><a class=\"ez-toc-link ez-toc-heading-4\" href=\"https:\/\/www.topfastpcb.com\/de\/products\/deep-ultraviolet-duv-purifier-pcbs\/#3_Critical_Design_Considerations\" >3. Kritische Design\u00fcberlegungen<\/a><\/li><li class='ez-toc-page-1 ez-toc-heading-level-3'><a class=\"ez-toc-link ez-toc-heading-5\" href=\"https:\/\/www.topfastpcb.com\/de\/products\/deep-ultraviolet-duv-purifier-pcbs\/#4_Applications\" >4.Anwendungen<\/a><\/li><\/ul><\/nav><\/div>\n\n<p><span>Keramik-Leiterplatten sind Hochleistungs-Leiterplatten, die keramische Materialien verwenden, wie z. B. <\/span>Aluminiumoxid (Al\u2082O\u2083), Aluminiumnitrid (AlN) und Berylliumoxid (BeO) als isolierende Substrate. Im Vergleich zu herk\u00f6mmlichen FR-4- oder Metallkern-Leiterplatten bieten keramische Leiterplatten eine hervorragende W\u00e4rmeleitf\u00e4higkeit, eine ausgezeichnete elektrische Isolierung, einen niedrigen W\u00e4rmeausdehnungskoeffizienten (CTE) und eine hervorragende mechanische Festigkeit.<span>Dadurch sind sie ideal f\u00fcr Anwendungen mit hoher Leistung, hohen Frequenzen und hohen Temperaturen.<\/span><\/p>\n<h3><span class=\"ez-toc-section\" id=\"Introduction_to_DUV_Purifier_PCBs\"><\/span>Einf\u00fchrung in DUV-Reinigungsplatinen<span class=\"ez-toc-section-end\"><\/span><\/h3>\n<p>Deep Ultraviolet (DUV)-Reinigungsplatinen sind spezielle Leiterplatten zur Stromversorgung und Steuerung<span>\u00a0<\/span>keimt\u00f6tende 200-280nm UV-C-Lichtsysteme, die nachweislich 99,9% der Bakterien, Viren und Krankheitserreger vernichten. Diese Leiterplatten enthalten hocheffiziente Treiber, Sensoren und Steuerschaltungen, um eine sichere und effektive Desinfektion in medizinischen, industriellen und Verbraucheranwendungen zu gew\u00e4hrleisten.<\/p>\n<h3><span class=\"ez-toc-section\" id=\"Key_Features_of_DUV_Purifier_PCBs\"><\/span>Hauptmerkmale der DUV-Reinigungsplatinen<span class=\"ez-toc-section-end\"><\/span><\/h3>\n<p>Hochspannungs-UV-C-Treiberschaltungen - Pr\u00e4zisionsgesteuerte Stromzufuhr f\u00fcr Quecksilberdampf- oder UVC-LED-Lampen.<br \/>\nFortschrittliches W\u00e4rmemanagement - Keramik- oder Metallkernsubstrate zur Ableitung der W\u00e4rme von Hochleistungs-UV-Strahlern.<br \/>\nSicherheit &amp; \u00dcberwachungssysteme - Bewegungsmelder, Zeitschaltuhren und ausfallsichere Abschaltung zum Schutz von Menschen.<br \/>\nEMI\/RFI-Abschirmung - Verhindert Interferenzen mit empfindlichen medizinischen\/kommunikativen Ger\u00e4ten.<br \/>\nKorrosionsbest\u00e4ndige Materialien - Gesch\u00fctzt gegen Ozon (O\u2083), das durch UV-C-Wellenl\u00e4ngen erzeugt wird.<\/p>\n<h3><span class=\"ez-toc-section\" id=\"Types_of_Ceramic_PCBs\"><\/span>Arten von <a href=\"https:\/\/www.topfastpcb.com\/de\/products\/category\/ceramic-pcb\/\">Keramische PCBs<\/a><span class=\"ez-toc-section-end\"><\/span><\/h3>\n<table>\n<thead>\n<tr>\n<th>Typ<\/th>\n<th>Material<\/th>\n<th>Wesentliche Merkmale<\/th>\n<th>Typische Anwendungen<\/th>\n<\/tr>\n<\/thead>\n<tbody>\n<tr>\n<td><strong>Tonerde (Al\u2082O\u2083)<\/strong><\/td>\n<td>96%\/99% Al\u2082O\u2083<\/td>\n<td>Kosteng\u00fcnstige, ausgereifte Technologie (~24 W\/mK)<\/td>\n<td>Unterhaltungselektronik, LED-Beleuchtung<\/td>\n<\/tr>\n<tr>\n<td><strong>Aluminiumnitrid (AlN)<\/strong><\/td>\n<td>AlN<\/td>\n<td>Ultrahohe W\u00e4rmeleitf\u00e4higkeit (170-230 W\/mK)<\/td>\n<td>Hochleistungs-Halbleiter, LiDAR<\/td>\n<\/tr>\n<tr>\n<td><strong>Beryllium-Oxid (BeO)<\/strong><\/td>\n<td>BeO<\/td>\n<td>Extreme W\u00e4rmeleitf\u00e4higkeit (~330 W\/mK)<\/td>\n<td>Luft- und Raumfahrt, Milit\u00e4r (aufgrund der Toxizit\u00e4t eingeschr\u00e4nkt)<\/td>\n<\/tr>\n<tr>\n<td><strong>LTCC\/HTCC<\/strong><\/td>\n<td>Mehrschicht-Keramik<\/td>\n<td>Integrierte passive Komponenten, 3D-Verdrahtung<\/td>\n<td>RF-Module, Sensoren<\/td>\n<\/tr>\n<\/tbody>\n<\/table>\n<p><img loading=\"lazy\" decoding=\"async\" src=\"https:\/\/www.topfastpcb.com\/wp-content\/uploads\/2025\/04\/Ceramic-PCB.jpg\" alt=\"\" width=\"672\" height=\"503\" class=\"aligncenter wp-image-2059 size-full\" srcset=\"https:\/\/www.topfastpcb.com\/wp-content\/uploads\/2025\/04\/Ceramic-PCB.jpg 672w, https:\/\/www.topfastpcb.com\/wp-content\/uploads\/2025\/04\/Ceramic-PCB-300x225.jpg 300w, https:\/\/www.topfastpcb.com\/wp-content\/uploads\/2025\/04\/Ceramic-PCB-600x449.jpg 600w\" sizes=\"auto, (max-width: 672px) 100vw, 672px\" \/><\/p>\n<p style=\"text-align: center;\">Tief-Ultraviolett-Reiniger PCB Eigenschaft Parameter<\/p>\n<table>\n<tbody>\n<tr>\n<td width=\"811\" valign=\"top\"><span>Dicke der Keramik\u00a0\u00a0<\/span><\/td>\n<td width=\"811\" valign=\"top\"><span>0,38\/0,50 mm<\/span><\/td>\n<\/tr>\n<tr>\n<td width=\"811\" valign=\"top\"><strong><span>Abmessungen der Sendungen in L\u00e4nge und Breite<\/span><\/strong><\/td>\n<td width=\"811\" valign=\"top\"><span>109,2*54,5mm<\/span><\/td>\n<\/tr>\n<tr>\n<td width=\"811\" valign=\"top\"><strong><span>Die Blendengr\u00f6\u00dfe\u00a0\u00a0<\/span><\/strong><\/td>\n<td width=\"811\" valign=\"top\"><span>\u22650,07mm<\/span><\/td>\n<\/tr>\n<tr>\n<td width=\"811\" valign=\"top\"><strong><span>Abstand zwischen den L\u00f6chern\u00a0\u00a0<\/span><\/strong><\/td>\n<td width=\"811\" valign=\"top\"><span>\u22650,25mm<\/span><\/td>\n<\/tr>\n<tr>\n<td width=\"811\" valign=\"top\"><strong><span>Die Linienbreite<\/span><\/strong><\/td>\n<td width=\"811\" valign=\"top\"><span>\u22650,15mm<\/span><\/td>\n<\/tr>\n<tr>\n<td width=\"811\" valign=\"top\"><strong><span>Die Kanalbreite\u00a0\u00a0<\/span><\/strong><\/td>\n<td width=\"811\" valign=\"top\"><span>\u22650,11mm<\/span><\/td>\n<\/tr>\n<tr>\n<td width=\"811\" valign=\"top\"><strong><span>DAMS-Breite\u00a0\u00a0<\/span><\/strong><\/td>\n<td width=\"811\" valign=\"top\"><span>0,2 mm<\/span><\/td>\n<\/tr>\n<tr>\n<td width=\"811\" valign=\"top\"><strong><span>Um die Dammh\u00f6he\u00a0\u00a0<\/span><\/strong><\/td>\n<td width=\"811\" valign=\"top\"><span>0,6 mm<\/span><\/td>\n<\/tr>\n<tr>\n<td width=\"811\" valign=\"top\"><strong><span>Typ Widerstandsschwei\u00dfen<\/span><\/strong><\/td>\n<td width=\"811\" valign=\"top\">Gr\u00fcn, Wei\u00df, Schwarz<\/td>\n<\/tr>\n<tr>\n<td valign=\"top\" colspan=\"1\" rowspan=\"1\"><span><strong>Anmeldung<\/strong><\/span><\/td>\n<td valign=\"top\" colspan=\"1\" rowspan=\"1\"><span>Luftreiniger, Klimager\u00e4t, K\u00fchlschrank, Desinfektionsschrank, Krankenstation<\/span><\/td>\n<\/tr>\n<tr>\n<td valign=\"top\" colspan=\"1\" rowspan=\"1\"><span><strong>Material<\/strong><\/span><\/td>\n<td valign=\"top\" colspan=\"1\" rowspan=\"1\">3DPC<\/td>\n<\/tr>\n<\/tbody>\n<\/table>\n<p>Topfast ist ein Hersteller, der sich seit \u00fcber 20 Jahren auf die Herstellung von PCB und PCBA konzentriert. Wir haben ein exzellentes Forschungsteam mit 28 Mitarbeitern. Wir k\u00f6nnen Ihnen mit einem One-Stop-Service helfen. Wir unterst\u00fctzen Sie mit dem gesamten Prozess von der Funktionsforschung und -entwicklung, der PCB-Design-Diskussion, der PCB-Herstellung, der Komponentenbeschaffung bis hin zur PCB-Montage.<\/p>\n<p>Unser Unternehmen bietet PCB-Industriel\u00f6sungen f\u00fcr Kunden im Bereich der Vorlagen und Kleinserien.Mit qualitativ hochwertigen und p\u00fcnktlich gelieferten Produkten haben wir auf dem Markt gro\u00dfen Anklang gefunden.Wir werden uns weiterhin auf die Kundenzufriedenheit konzentrieren, zusammen mit hoher Qualit\u00e4t und schneller Lieferung, und das Unternehmen wird zu einem Dienstleister f\u00fcr elektronische Schaltungen werden, der das Vertrauen der Kunden verdient.Unsere Fabrik produziert haupts\u00e4chlich gew\u00f6hnliche doppelseitige PCBs, <a href=\"https:\/\/www.topfastpcb.com\/de\/products\/multilayer-flexible-pcb\/\">Mehrlagen-Leiterplatte<\/a> Leiterplatten, HDI-Leiterplatten, Leiterplatten auf Metallbasis und Keramik-Leiterplatten, Halbleiter-Leiterplatten, starr-flexible Leiterplatten und flexible Leiterplatten.<\/p>\n<p><img loading=\"lazy\" decoding=\"async\" src=\"https:\/\/www.topfastpcb.com\/wp-content\/uploads\/2025\/04\/619f389627688.png\" alt=\"\" width=\"750\" height=\"802\" class=\"aligncenter wp-image-2060 size-full\" srcset=\"https:\/\/www.topfastpcb.com\/wp-content\/uploads\/2025\/04\/619f389627688.png 750w, https:\/\/www.topfastpcb.com\/wp-content\/uploads\/2025\/04\/619f389627688-281x300.png 281w, https:\/\/www.topfastpcb.com\/wp-content\/uploads\/2025\/04\/619f389627688-600x642.png 600w\" sizes=\"auto, (max-width: 750px) 100vw, 750px\" \/><\/p>\n<h3><span class=\"ez-toc-section\" id=\"3_Critical_Design_Considerations\"><\/span>3. Kritische Design\u00fcberlegungen<span class=\"ez-toc-section-end\"><\/span><\/h3>\n<ul>\n<li><strong>Wellenl\u00e4ngenspezifischer Wirkungsgrad<\/strong>: Optimiert f\u00fcr 265nm (Spitzenwert der DNA\/RNA-Zerst\u00f6rung).<\/li>\n<li><strong>Optische Integration<\/strong>: Kompatibel mit Quarzr\u00f6hren oder reflektierenden Aluminiumgeh\u00e4usen.<\/li>\n<li><strong>Einhaltung der Normen<\/strong>IEC 62471 (UV-Sicherheit), UL 8800 (Entkeimungssysteme).<\/li>\n<li><strong>Optimierung der Lebensspanne<\/strong>: Verringert die Degradation von UV-LEDs mit Konstantstromtreibern.<\/li>\n<\/ul>\n<h3><span class=\"ez-toc-section\" id=\"4_Applications\"><\/span>4.Anwendungen<span class=\"ez-toc-section-end\"><\/span><\/h3>\n<ul>\n<li><strong>Medizinische Sterilisation<\/strong>: Desinfektion von chirurgischen Ger\u00e4ten, HLK-Systeme in Krankenh\u00e4usern.<\/li>\n<li><strong>Wasser\/Luftreinigung<\/strong>: Kommunale Wasseraufbereitung, Reinraumluftstrom.<\/li>\n<li><strong>Verbraucherger\u00e4te<\/strong>: Tragbare UV-Desinfektionsmittel f\u00fcr Telefone, Masken und Oberfl\u00e4chen.<\/li>\n<li><strong>Lebensmittelsicherheit<\/strong>: Desinfektion von F\u00f6rderb\u00e4ndern in Verpackungsbetrieben.<img loading=\"lazy\" decoding=\"async\" src=\"https:\/\/www.topfastpcb.com\/wp-content\/uploads\/2025\/04\/Application.jpg\" alt=\"Anmeldung\" width=\"797\" height=\"897\" class=\"aligncenter wp-image-1934 size-full\" srcset=\"https:\/\/www.topfastpcb.com\/wp-content\/uploads\/2025\/04\/Application.jpg 797w, https:\/\/www.topfastpcb.com\/wp-content\/uploads\/2025\/04\/Application-267x300.jpg 267w, https:\/\/www.topfastpcb.com\/wp-content\/uploads\/2025\/04\/Application-768x864.jpg 768w, https:\/\/www.topfastpcb.com\/wp-content\/uploads\/2025\/04\/Application-600x675.jpg 600w\" sizes=\"auto, (max-width: 797px) 100vw, 797px\" \/><\/li>\n<\/ul>","protected":false},"excerpt":{"rendered":"<p><span>Deep Ultraviolet (DUV)-Reinigungsplatinen sind spezielle Leiterplatten zur Stromversorgung und Steuerung\u00a0<\/span><strong>UV-C-Desinfektionssysteme<\/strong><span>\u00a0(200-280nm) und eliminieren effektiv Krankheitserreger in medizinischen, industriellen und Verbraucheranwendungen. Diese PCBs bieten\u00a0<\/span><strong>Hochspannungstreiber, W\u00e4rmemanagement und Sicherheitsmechanismen<\/strong><span> zur Gew\u00e4hrleistung einer zuverl\u00e4ssigen Sterilisation unter Einhaltung der internationalen Normen.<\/span><\/p>","protected":false},"featured_media":2058,"comment_status":"open","ping_status":"closed","template":"","meta":[],"product_brand":[],"product_cat":[115],"product_tag":[201,200],"class_list":{"0":"post-2057","1":"product","2":"type-product","3":"status-publish","4":"has-post-thumbnail","6":"product_cat-ceramic-pcb","7":"product_tag-ceramic-pcb","8":"product_tag-purifier-pcbs","10":"first","11":"instock","12":"shipping-taxable","13":"product-type-simple"},"yoast_head":"<!-- This site is optimized with the Yoast SEO plugin v25.1 - https:\/\/yoast.com\/wordpress\/plugins\/seo\/ -->\n<title>Deep Ultraviolet (DUV) purifier PCBs - Topfastpcb<\/title>\n<meta name=\"description\" content=\"Discover how Deep Ultraviolet (DUV) Purifier PCBs enable advanced disinfection with UV-C technology. Learn about high-efficiency drivers, safety features, and applications in medical, water, and air purification. Explore next-gen germicidal solutions!\" \/>\n<meta name=\"robots\" content=\"index, follow, max-snippet:-1, max-image-preview:large, max-video-preview:-1\" \/>\n<link rel=\"canonical\" href=\"https:\/\/www.topfastpcb.com\/de\/products\/deep-ultraviolet-duv-purifier-pcbs\/\" \/>\n<meta property=\"og:locale\" content=\"de_DE\" \/>\n<meta property=\"og:type\" content=\"article\" \/>\n<meta property=\"og:title\" content=\"Deep Ultraviolet (DUV) purifier PCBs - Topfastpcb\" \/>\n<meta property=\"og:description\" content=\"Discover how Deep Ultraviolet (DUV) Purifier PCBs enable advanced disinfection with UV-C technology. Learn about high-efficiency drivers, safety features, and applications in medical, water, and air purification. Explore next-gen germicidal solutions!\" \/>\n<meta property=\"og:url\" content=\"https:\/\/www.topfastpcb.com\/de\/products\/deep-ultraviolet-duv-purifier-pcbs\/\" \/>\n<meta property=\"og:site_name\" content=\"Topfastpcb\" \/>\n<meta property=\"article:modified_time\" content=\"2025-05-06T07:26:52+00:00\" \/>\n<meta property=\"og:image\" content=\"https:\/\/www.topfastpcb.com\/wp-content\/uploads\/2025\/04\/Deep-Ultraviolet-purifier-PCB.jpg\" \/>\n\t<meta property=\"og:image:width\" content=\"800\" \/>\n\t<meta property=\"og:image:height\" content=\"800\" \/>\n\t<meta property=\"og:image:type\" content=\"image\/jpeg\" \/>\n<meta name=\"twitter:card\" content=\"summary_large_image\" \/>\n<meta name=\"twitter:label1\" content=\"Gesch\u00e4tzte Lesezeit\" \/>\n\t<meta name=\"twitter:data1\" content=\"4\u00a0Minuten\" \/>\n<script type=\"application\/ld+json\" class=\"yoast-schema-graph\">{\"@context\":\"https:\/\/schema.org\",\"@graph\":[{\"@type\":\"WebPage\",\"@id\":\"https:\/\/www.topfastpcb.com\/products\/deep-ultraviolet-duv-purifier-pcbs\/\",\"url\":\"https:\/\/www.topfastpcb.com\/products\/deep-ultraviolet-duv-purifier-pcbs\/\",\"name\":\"Deep Ultraviolet (DUV) purifier PCBs - Topfastpcb\",\"isPartOf\":{\"@id\":\"https:\/\/www.topfastpcb.com\/#website\"},\"primaryImageOfPage\":{\"@id\":\"https:\/\/www.topfastpcb.com\/products\/deep-ultraviolet-duv-purifier-pcbs\/#primaryimage\"},\"image\":{\"@id\":\"https:\/\/www.topfastpcb.com\/products\/deep-ultraviolet-duv-purifier-pcbs\/#primaryimage\"},\"thumbnailUrl\":\"https:\/\/www.topfastpcb.com\/wp-content\/uploads\/2025\/04\/Deep-Ultraviolet-purifier-PCB.jpg\",\"datePublished\":\"2025-04-17T09:03:19+00:00\",\"dateModified\":\"2025-05-06T07:26:52+00:00\",\"description\":\"Discover how Deep Ultraviolet (DUV) Purifier PCBs enable advanced disinfection with UV-C technology. Learn about high-efficiency drivers, safety features, and applications in medical, water, and air purification. Explore next-gen germicidal solutions!\",\"breadcrumb\":{\"@id\":\"https:\/\/www.topfastpcb.com\/products\/deep-ultraviolet-duv-purifier-pcbs\/#breadcrumb\"},\"inLanguage\":\"de\",\"potentialAction\":[{\"@type\":\"ReadAction\",\"target\":[\"https:\/\/www.topfastpcb.com\/products\/deep-ultraviolet-duv-purifier-pcbs\/\"]}]},{\"@type\":\"ImageObject\",\"inLanguage\":\"de\",\"@id\":\"https:\/\/www.topfastpcb.com\/products\/deep-ultraviolet-duv-purifier-pcbs\/#primaryimage\",\"url\":\"https:\/\/www.topfastpcb.com\/wp-content\/uploads\/2025\/04\/Deep-Ultraviolet-purifier-PCB.jpg\",\"contentUrl\":\"https:\/\/www.topfastpcb.com\/wp-content\/uploads\/2025\/04\/Deep-Ultraviolet-purifier-PCB.jpg\",\"width\":800,\"height\":800},{\"@type\":\"BreadcrumbList\",\"@id\":\"https:\/\/www.topfastpcb.com\/products\/deep-ultraviolet-duv-purifier-pcbs\/#breadcrumb\",\"itemListElement\":[{\"@type\":\"ListItem\",\"position\":1,\"name\":\"\u9996\u9875\",\"item\":\"https:\/\/www.topfastpcb.com\/\"},{\"@type\":\"ListItem\",\"position\":2,\"name\":\"\u5546\u5e97\",\"item\":\"https:\/\/www.topfastpcb.com\/shop\/\"},{\"@type\":\"ListItem\",\"position\":3,\"name\":\"Deep Ultraviolet (DUV) purifier PCBs\"}]},{\"@type\":\"WebSite\",\"@id\":\"https:\/\/www.topfastpcb.com\/#website\",\"url\":\"https:\/\/www.topfastpcb.com\/\",\"name\":\"Topfastpcb\",\"description\":\"Topfast Prime Choice for Global Electronics Manufacturing\",\"publisher\":{\"@id\":\"https:\/\/www.topfastpcb.com\/#organization\"},\"potentialAction\":[{\"@type\":\"SearchAction\",\"target\":{\"@type\":\"EntryPoint\",\"urlTemplate\":\"https:\/\/www.topfastpcb.com\/?s={search_term_string}\"},\"query-input\":{\"@type\":\"PropertyValueSpecification\",\"valueRequired\":true,\"valueName\":\"search_term_string\"}}],\"inLanguage\":\"de\"},{\"@type\":\"Organization\",\"@id\":\"https:\/\/www.topfastpcb.com\/#organization\",\"name\":\"Topfastpcb\",\"url\":\"https:\/\/www.topfastpcb.com\/\",\"logo\":{\"@type\":\"ImageObject\",\"inLanguage\":\"de\",\"@id\":\"https:\/\/www.topfastpcb.com\/#\/schema\/logo\/image\/\",\"url\":\"https:\/\/www.topfastpcb.com\/wp-content\/uploads\/2026\/02\/cropped-topfast-logo.png\",\"contentUrl\":\"https:\/\/www.topfastpcb.com\/wp-content\/uploads\/2026\/02\/cropped-topfast-logo.png\",\"width\":144,\"height\":56,\"caption\":\"Topfastpcb\"},\"image\":{\"@id\":\"https:\/\/www.topfastpcb.com\/#\/schema\/logo\/image\/\"}}]}<\/script>\n<!-- \/ Yoast SEO plugin. -->","yoast_head_json":{"title":"Deep Ultraviolet (DUV) purifier PCBs - Topfastpcb","description":"Discover how Deep Ultraviolet (DUV) Purifier PCBs enable advanced disinfection with UV-C technology. Learn about high-efficiency drivers, safety features, and applications in medical, water, and air purification. Explore next-gen germicidal solutions!","robots":{"index":"index","follow":"follow","max-snippet":"max-snippet:-1","max-image-preview":"max-image-preview:large","max-video-preview":"max-video-preview:-1"},"canonical":"https:\/\/www.topfastpcb.com\/de\/products\/deep-ultraviolet-duv-purifier-pcbs\/","og_locale":"de_DE","og_type":"article","og_title":"Deep Ultraviolet (DUV) purifier PCBs - Topfastpcb","og_description":"Discover how Deep Ultraviolet (DUV) Purifier PCBs enable advanced disinfection with UV-C technology. Learn about high-efficiency drivers, safety features, and applications in medical, water, and air purification. Explore next-gen germicidal solutions!","og_url":"https:\/\/www.topfastpcb.com\/de\/products\/deep-ultraviolet-duv-purifier-pcbs\/","og_site_name":"Topfastpcb","article_modified_time":"2025-05-06T07:26:52+00:00","og_image":[{"width":800,"height":800,"url":"https:\/\/www.topfastpcb.com\/wp-content\/uploads\/2025\/04\/Deep-Ultraviolet-purifier-PCB.jpg","type":"image\/jpeg"}],"twitter_card":"summary_large_image","twitter_misc":{"Gesch\u00e4tzte Lesezeit":"4\u00a0Minuten"},"schema":{"@context":"https:\/\/schema.org","@graph":[{"@type":"WebPage","@id":"https:\/\/www.topfastpcb.com\/products\/deep-ultraviolet-duv-purifier-pcbs\/","url":"https:\/\/www.topfastpcb.com\/products\/deep-ultraviolet-duv-purifier-pcbs\/","name":"Deep Ultraviolet (DUV) purifier PCBs - Topfastpcb","isPartOf":{"@id":"https:\/\/www.topfastpcb.com\/#website"},"primaryImageOfPage":{"@id":"https:\/\/www.topfastpcb.com\/products\/deep-ultraviolet-duv-purifier-pcbs\/#primaryimage"},"image":{"@id":"https:\/\/www.topfastpcb.com\/products\/deep-ultraviolet-duv-purifier-pcbs\/#primaryimage"},"thumbnailUrl":"https:\/\/www.topfastpcb.com\/wp-content\/uploads\/2025\/04\/Deep-Ultraviolet-purifier-PCB.jpg","datePublished":"2025-04-17T09:03:19+00:00","dateModified":"2025-05-06T07:26:52+00:00","description":"Discover how Deep Ultraviolet (DUV) Purifier PCBs enable advanced disinfection with UV-C technology. Learn about high-efficiency drivers, safety features, and applications in medical, water, and air purification. Explore next-gen germicidal solutions!","breadcrumb":{"@id":"https:\/\/www.topfastpcb.com\/products\/deep-ultraviolet-duv-purifier-pcbs\/#breadcrumb"},"inLanguage":"de","potentialAction":[{"@type":"ReadAction","target":["https:\/\/www.topfastpcb.com\/products\/deep-ultraviolet-duv-purifier-pcbs\/"]}]},{"@type":"ImageObject","inLanguage":"de","@id":"https:\/\/www.topfastpcb.com\/products\/deep-ultraviolet-duv-purifier-pcbs\/#primaryimage","url":"https:\/\/www.topfastpcb.com\/wp-content\/uploads\/2025\/04\/Deep-Ultraviolet-purifier-PCB.jpg","contentUrl":"https:\/\/www.topfastpcb.com\/wp-content\/uploads\/2025\/04\/Deep-Ultraviolet-purifier-PCB.jpg","width":800,"height":800},{"@type":"BreadcrumbList","@id":"https:\/\/www.topfastpcb.com\/products\/deep-ultraviolet-duv-purifier-pcbs\/#breadcrumb","itemListElement":[{"@type":"ListItem","position":1,"name":"\u9996\u9875","item":"https:\/\/www.topfastpcb.com\/"},{"@type":"ListItem","position":2,"name":"\u5546\u5e97","item":"https:\/\/www.topfastpcb.com\/shop\/"},{"@type":"ListItem","position":3,"name":"Deep Ultraviolet (DUV) purifier PCBs"}]},{"@type":"WebSite","@id":"https:\/\/www.topfastpcb.com\/#website","url":"https:\/\/www.topfastpcb.com\/","name":"Topfastpcb","description":"Topfast Prime Choice for Global Electronics Manufacturing","publisher":{"@id":"https:\/\/www.topfastpcb.com\/#organization"},"potentialAction":[{"@type":"SearchAction","target":{"@type":"EntryPoint","urlTemplate":"https:\/\/www.topfastpcb.com\/?s={search_term_string}"},"query-input":{"@type":"PropertyValueSpecification","valueRequired":true,"valueName":"search_term_string"}}],"inLanguage":"de"},{"@type":"Organization","@id":"https:\/\/www.topfastpcb.com\/#organization","name":"Topfastpcb","url":"https:\/\/www.topfastpcb.com\/","logo":{"@type":"ImageObject","inLanguage":"de","@id":"https:\/\/www.topfastpcb.com\/#\/schema\/logo\/image\/","url":"https:\/\/www.topfastpcb.com\/wp-content\/uploads\/2026\/02\/cropped-topfast-logo.png","contentUrl":"https:\/\/www.topfastpcb.com\/wp-content\/uploads\/2026\/02\/cropped-topfast-logo.png","width":144,"height":56,"caption":"Topfastpcb"},"image":{"@id":"https:\/\/www.topfastpcb.com\/#\/schema\/logo\/image\/"}}]}},"_links":{"self":[{"href":"https:\/\/www.topfastpcb.com\/de\/wp-json\/wp\/v2\/product\/2057","targetHints":{"allow":["GET"]}}],"collection":[{"href":"https:\/\/www.topfastpcb.com\/de\/wp-json\/wp\/v2\/product"}],"about":[{"href":"https:\/\/www.topfastpcb.com\/de\/wp-json\/wp\/v2\/types\/product"}],"replies":[{"embeddable":true,"href":"https:\/\/www.topfastpcb.com\/de\/wp-json\/wp\/v2\/comments?post=2057"}],"wp:featuredmedia":[{"embeddable":true,"href":"https:\/\/www.topfastpcb.com\/de\/wp-json\/wp\/v2\/media\/2058"}],"wp:attachment":[{"href":"https:\/\/www.topfastpcb.com\/de\/wp-json\/wp\/v2\/media?parent=2057"}],"wp:term":[{"taxonomy":"product_brand","embeddable":true,"href":"https:\/\/www.topfastpcb.com\/de\/wp-json\/wp\/v2\/product_brand?post=2057"},{"taxonomy":"product_cat","embeddable":true,"href":"https:\/\/www.topfastpcb.com\/de\/wp-json\/wp\/v2\/product_cat?post=2057"},{"taxonomy":"product_tag","embeddable":true,"href":"https:\/\/www.topfastpcb.com\/de\/wp-json\/wp\/v2\/product_tag?post=2057"}],"curies":[{"name":"wp","href":"https:\/\/api.w.org\/{rel}","templated":true}]}}