{"id":2257,"date":"2025-04-26T18:00:10","date_gmt":"2025-04-26T09:30:10","guid":{"rendered":"http:\/\/topfastpcbb.ru\/?post_type=product&#038;p=2257"},"modified":"2025-05-06T16:28:04","modified_gmt":"2025-05-06T07:58:04","slug":"consumer-electronics-pcba","status":"publish","type":"product","link":"https:\/\/www.topfastpcb.com\/de\/products\/consumer-electronics-pcba\/","title":{"rendered":"Unterhaltungselektronik PCBA"},"content":{"rendered":"<div id=\"ez-toc-container\" class=\"ez-toc-v2_0_74 counter-hierarchy ez-toc-counter ez-toc-custom ez-toc-container-direction\">\n<div class=\"ez-toc-title-container\">\n<p class=\"ez-toc-title\" style=\"cursor:inherit\">Inhalts\u00fcbersicht<\/p>\n<span class=\"ez-toc-title-toggle\"><\/span><\/div>\n<nav><ul class='ez-toc-list ez-toc-list-level-1' ><li class='ez-toc-page-1 ez-toc-heading-level-2'><a class=\"ez-toc-link ez-toc-heading-1\" href=\"https:\/\/www.topfastpcb.com\/de\/products\/consumer-electronics-pcba\/#PCB_Assembly_capability\" >F\u00e4higkeit zur PCB-Best\u00fcckung<\/a><\/li><li class='ez-toc-page-1 ez-toc-heading-level-2'><a class=\"ez-toc-link ez-toc-heading-2\" href=\"https:\/\/www.topfastpcb.com\/de\/products\/consumer-electronics-pcba\/#Advantages_of_our_PCBA_processing\" >Vorteile unserer PCBA-Bearbeitung<\/a><\/li><li class='ez-toc-page-1 ez-toc-heading-level-2'><a class=\"ez-toc-link ez-toc-heading-3\" href=\"https:\/\/www.topfastpcb.com\/de\/products\/consumer-electronics-pcba\/#Why_choose_us\" >Warum sollten Sie uns w\u00e4hlen?<\/a><\/li><\/ul><\/nav><\/div>\n\n<p>Bei der PCBA werden elektronische Bauteile auf die Leiterplatte gel\u00f6tet, um die Funktion der Platte und die Produktleistung zu realisieren. Dieser Prozess umfasst mehrere Glieder: Komponentenbeschaffung, Leiterplattenproduktion, SMT-Chipverarbeitung (Oberfl\u00e4chenmontagetechnik), DIP-Steckverarbeitung (Dual In-Line Package), PCBA-Pr\u00fcfung und Montage des fertigen Produkts usw.<\/p>\n<table data-sort=\"sortDisabled\">\n<tbody>\n<tr>\n<td valign=\"top\" rowspan=\"1\" colspan=\"2\">\n<h2 style=\"text-align: center;\"><span class=\"ez-toc-section\" id=\"PCB_Assembly_capability\"><\/span><span><strong><a href=\"https:\/\/www.topfastpcb.com\/de\/products\/category\/pcba\/\">Leiterplattenbest\u00fcckung<\/a> F\u00e4higkeit<\/strong><\/span><span class=\"ez-toc-section-end\"><\/span><\/h2>\n<\/td>\n<\/tr>\n<tr>\n<td width=\"505\" valign=\"middle\" align=\"left\">Artikel<\/td>\n<td width=\"505\" valign=\"top\">F\u00e4higkeit<\/td>\n<\/tr>\n<tr>\n<td width=\"505\" valign=\"middle\" rowspan=\"7\" colspan=\"1\" align=\"left\">Vorteile<\/td>\n<td width=\"505\" valign=\"top\"><span>&#8212;-Professionelle Oberfl\u00e4chenbest\u00fcckung und Durchsteckl\u00f6ttechnik<\/span><\/td>\n<\/tr>\n<tr>\n<td width=\"505\" valign=\"top\"><span>&#8212;-verschiedene Gr\u00f6\u00dfen wie 1206,0805,0603 Komponenten SMT-Technologie<\/span><\/td>\n<\/tr>\n<tr>\n<td valign=\"top\" colspan=\"1\" rowspan=\"1\"><span>&#8212;-ICT(In Circuit Test),FCT(Functional Circuit Test)\u00a0<\/span><\/td>\n<\/tr>\n<tr>\n<td valign=\"top\" colspan=\"1\" rowspan=\"1\"><span>&#8212;-PCB Assembly With UL,CE,FCC,Rohs Approval<\/span><\/td>\n<\/tr>\n<tr>\n<td valign=\"top\" colspan=\"1\" rowspan=\"1\"><span>&#8212;-Nitrogen Gas Reflow Soldering Technology for SMT.<\/span><\/td>\n<\/tr>\n<tr>\n<td valign=\"top\" colspan=\"1\" rowspan=\"1\"><span>&#8212;-High Standard SMT&amp;Solder Assembly Line<\/span><\/td>\n<\/tr>\n<tr>\n<td valign=\"top\" colspan=\"1\" rowspan=\"1\"><span>&#8212;Hohe Dichte zusammengeschalteter Platinenbest\u00fcckungstechnologie Kapazit\u00e4t.<\/span><\/td>\n<\/tr>\n<tr>\n<td valign=\"middle\" colspan=\"1\" rowspan=\"7\" align=\"left\">Komponenten<\/td>\n<td valign=\"top\" colspan=\"1\" rowspan=\"1\"><span>Passiv Down to 0201 Gr\u00f6\u00dfe<\/span><\/td>\n<\/tr>\n<tr>\n<td valign=\"top\" colspan=\"1\" rowspan=\"1\"><span>BGA und VFBGA<\/span><\/td>\n<\/tr>\n<tr>\n<td valign=\"top\" colspan=\"1\" rowspan=\"1\"><span>Leiterlose Chiptr\u00e4ger\/CSP<\/span><\/td>\n<\/tr>\n<tr>\n<td valign=\"top\" colspan=\"1\" rowspan=\"1\"><span>Doppelseitige SMT-Best\u00fcckung<\/span><\/td>\n<\/tr>\n<tr>\n<td valign=\"top\" colspan=\"1\" rowspan=\"1\"><span>Fine Pitch bis 0.8mils<\/span><\/td>\n<\/tr>\n<tr>\n<td valign=\"top\" colspan=\"1\" rowspan=\"1\"><span>BGA Repair and Reball<\/span><\/td>\n<\/tr>\n<tr>\n<td width=\"505\" valign=\"top\"><span>Part Removal and Replacement<\/span><\/td>\n<\/tr>\n<tr>\n<td width=\"505\" valign=\"middle\" rowspan=\"3\" colspan=\"1\" align=\"left\">Menge<\/td>\n<td width=\"505\" valign=\"top\"><span>Prototyp &amp; Low Volume PCB Assembly,<\/span><\/td>\n<\/tr>\n<tr>\n<td width=\"505\" valign=\"top\"><span>von 1 Board bis 250, oder bis zu 1000<\/span><\/td>\n<\/tr>\n<tr>\n<td width=\"505\" valign=\"top\"><span>und pcba kundenspezifisch<\/span><\/td>\n<\/tr>\n<tr>\n<td width=\"505\" valign=\"middle\" align=\"left\">Art der Montage<\/td>\n<td width=\"505\" valign=\"top\">SMT, Durchgangsbohrung<\/td>\n<\/tr>\n<tr>\n<td valign=\"middle\" colspan=\"1\" rowspan=\"1\" align=\"left\">L\u00f6ttyp<\/td>\n<td valign=\"top\" colspan=\"1\" rowspan=\"1\">Wasserl\u00f6sliche L\u00f6tpaste, bleihaltig und bleifrei<\/td>\n<\/tr>\n<tr>\n<td valign=\"middle\" colspan=\"1\" rowspan=\"2\" align=\"left\">Bare Board Gr\u00f6\u00dfe<\/td>\n<td valign=\"top\" colspan=\"1\" rowspan=\"1\"><span>Kleinste: 0,25*0,25 Zoll<\/span><\/td>\n<\/tr>\n<tr>\n<td valign=\"top\" colspan=\"1\" rowspan=\"1\"><span>Gr\u00f6\u00dfte:20*20 Zoll<\/span><\/td>\n<\/tr>\n<tr>\n<td valign=\"middle\" colspan=\"1\" rowspan=\"1\" align=\"left\">Dateiformat<\/td>\n<td valign=\"top\" colspan=\"1\" rowspan=\"1\"><span>Gerber-Dateien, Pick-N-Place-Datei, St\u00fcckliste<\/span><\/td>\n<\/tr>\n<tr>\n<td valign=\"middle\" colspan=\"1\" rowspan=\"1\" align=\"left\">Art der Dienstleistung<\/td>\n<td valign=\"top\" colspan=\"1\" rowspan=\"1\"><span>Schl\u00fcsselfertig, teilweise schl\u00fcsselfertig oder Konsignation<\/span><\/td>\n<\/tr>\n<tr>\n<td valign=\"middle\" colspan=\"1\" rowspan=\"1\" align=\"left\">Bauteil-Verpackung<\/td>\n<td valign=\"top\" colspan=\"1\" rowspan=\"1\">Geschnittene B\u00e4nder, Rohre, Spulen, lose Teile<\/td>\n<\/tr>\n<tr>\n<td valign=\"middle\" colspan=\"1\" rowspan=\"1\" align=\"left\">Zeit drehen<\/td>\n<td valign=\"top\" colspan=\"1\" rowspan=\"1\">Service am selben Tag bis 15 Tage Service.<\/td>\n<\/tr>\n<tr>\n<td valign=\"middle\" colspan=\"1\" rowspan=\"1\" align=\"left\">Pr\u00fcfung<\/td>\n<td valign=\"top\" colspan=\"1\" rowspan=\"1\">Flying Probe Test, R\u00f6ntgenpr\u00fcfung AOI Test.<\/td>\n<\/tr>\n<tr>\n<td width=\"505\" valign=\"middle\" align=\"left\">PCB-Montageprozess<\/td>\n<td width=\"505\" valign=\"top\"><span>Bohren&#8212;-Belichtung<\/span><\/td>\n<\/tr>\n<\/tbody>\n<\/table>\n<p><img loading=\"lazy\" decoding=\"async\" src=\"https:\/\/www.topfastpcb.com\/wp-content\/uploads\/2025\/04\/pcba29.jpg\" alt=\"pcba\" width=\"750\" height=\"750\" class=\"aligncenter size-full wp-image-2381\" srcset=\"https:\/\/www.topfastpcb.com\/wp-content\/uploads\/2025\/04\/pcba29.jpg 750w, https:\/\/www.topfastpcb.com\/wp-content\/uploads\/2025\/04\/pcba29-300x300.jpg 300w, https:\/\/www.topfastpcb.com\/wp-content\/uploads\/2025\/04\/pcba29-150x150.jpg 150w, https:\/\/www.topfastpcb.com\/wp-content\/uploads\/2025\/04\/pcba29-600x600.jpg 600w, https:\/\/www.topfastpcb.com\/wp-content\/uploads\/2025\/04\/pcba29-100x100.jpg 100w\" sizes=\"auto, (max-width: 750px) 100vw, 750px\" \/><\/p>\n<h2><span class=\"ez-toc-section\" id=\"Advantages_of_our_PCBA_processing\"><\/span>Vorteile unserer PCBA-Bearbeitung<span class=\"ez-toc-section-end\"><\/span><\/h2>\n<p><a href=\"https:\/\/www.topfastpcb.com\/de\/products\/category\/flexible-pcb\/\">Flexibel<\/a> Anpassung an die Kundenbed\u00fcrfnisse, Erf\u00fcllung der pers\u00f6nlichen Bed\u00fcrfnisse und schnelle Reaktion auf Marktver\u00e4nderungen.<br \/>\nEinsatz von automatisierten Ger\u00e4ten wie Z\u00e4hlern, Wellenl\u00f6tmaschinen usw. zur Verbesserung der Produktionseffizienz und -pr\u00e4zision sowie zur Senkung der Arbeitskosten.<br \/>\nEchtzeit\u00fcberwachung der Produktqualit\u00e4t durch fortschrittliche Technologien wie AOI (Automatische Optische Inspektion) und R\u00f6ntgeninspektion zur Sicherstellung der Ausbeute.<\/p>\n<p>Hochwertige PCB-Montage: 4-Lagen-Leiterplattenmontage, mit dreifachem Schutzlack gespritzt, mit guter Best\u00e4ndigkeit gegen hohe und niedrige Temperaturen.<br \/>\nHocheffiziente PCB-Best\u00fcckung: Verwendung einer modernen Hochgeschwindigkeits-SMT-Maschine.Die Montage kann fr\u00fchestens an einem Tag abgeschlossen werden.<br \/>\nLED-Leiterplattenmontage 2 Schichten LED-Leiterplattenmontage, mit hochwertigem IC-Lot.Perfekt saubere SMT.<br \/>\nHochpr\u00e4zise PCB-Montage:Die PCB-Montagegenauigkeit betr\u00e4gt bis zu +\/-50um. Die maximale Genauigkeit betr\u00e4gt \u00b130um.<\/p>\n<p>&nbsp;<\/p>\n<h2><span class=\"ez-toc-section\" id=\"Why_choose_us\"><\/span><strong><span>Warum sollten Sie uns w\u00e4hlen?<\/span><\/strong><span class=\"ez-toc-section-end\"><\/span><\/h2>\n<p><span>1.PCB PCBA Service aus einer Hand<\/span><\/p>\n<p><span>Wir k\u00f6nnen Ihnen mit einem One-Stop-Service helfen.Wir unterst\u00fctzen Sie mit dem gesamten Prozess von der Funktionsforschung und -entwicklung, der Diskussion des Produktdesigns, der Leiterplattenherstellung, der Komponentenbeschaffung bis hin zur Leiterplattenmontage.<\/span><\/p>\n<p><span>2.Fortgeschrittene Ausr\u00fcstung<\/span><\/p>\n<p><span>Es gibt mehr als 385 Ger\u00e4te, die haupts\u00e4chlich aus Deutschland, Japan und Taiwan importiert werden.Wie LDl automatische Belichtungsmaschine, automatische Beschichtungsanlage, Laserbohrmaschine, automatische Pr\u00fcfmaschine, automatische V-Schneidemaschine und andere fortschrittliche Ausr\u00fcstung.<\/span><\/p>\n<p><span>3.Fortschrittliche Technologie<br \/>\n<\/span><\/p>\n<p><span>Unser Forschungs- und Entwicklungsteam besteht aus mehr als 28 Mitarbeitern, darunter 2 Doktoranden und 8 Masterstudenten.Wir k\u00f6nnen 3 3-stufige HDI-Leiterplatten mit 0,4 mm Lochabstand herstellen. Die Technologie ist f\u00fchrend in der Branche.<\/span><\/p>\n<p><span>4.\u00dcberlegener Service<\/span><\/p>\n<p><span>7*24-Stunden-Online-Service!Wir haben ein professionelles Service-Team, um den gesamten Prozess f\u00fcr wichtige Kunden und wichtige Auftr\u00e4ge zu verfolgen. Au\u00dferdem haben wir einen professionellen Kundenbetreuer f\u00fcr jeden Kunden, um die verschiedenen Anforderungen der Kunden zu erf\u00fcllen.<\/span><\/p>","protected":false},"excerpt":{"rendered":"<p>Flexible Anpassungen an die Kundenbed\u00fcrfnisse, um den pers\u00f6nlichen Bed\u00fcrfnissen gerecht zu werden, und schnelle Reaktion auf Marktver\u00e4nderungen.<\/p>","protected":false},"featured_media":2263,"comment_status":"open","ping_status":"closed","template":"","meta":[],"product_brand":[],"product_cat":[116],"product_tag":[208,206,207],"class_list":{"0":"post-2257","1":"product","2":"type-product","3":"status-publish","4":"has-post-thumbnail","6":"product_cat-pcba","7":"product_tag-consumer-electronics-pcba","8":"product_tag-electronics-pcba","9":"product_tag-pcba","11":"first","12":"instock","13":"shipping-taxable","14":"product-type-simple"},"yoast_head":"<!-- This site is optimized with the Yoast SEO plugin v25.1 - https:\/\/yoast.com\/wordpress\/plugins\/seo\/ -->\n<title>Consumer Electronics PCBA - Topfastpcb<\/title>\n<meta name=\"description\" content=\"Flexible adjustments according to customer needs, to meet personalized needs, and rapid response to market changes.\" \/>\n<meta name=\"robots\" content=\"index, follow, max-snippet:-1, max-image-preview:large, max-video-preview:-1\" \/>\n<link rel=\"canonical\" href=\"https:\/\/www.topfastpcb.com\/de\/products\/consumer-electronics-pcba\/\" \/>\n<meta property=\"og:locale\" content=\"de_DE\" \/>\n<meta property=\"og:type\" content=\"article\" \/>\n<meta property=\"og:title\" content=\"Consumer Electronics PCBA - Topfastpcb\" \/>\n<meta property=\"og:description\" content=\"Flexible adjustments according to customer needs, to meet personalized needs, and rapid response to market changes.\" \/>\n<meta property=\"og:url\" content=\"https:\/\/www.topfastpcb.com\/de\/products\/consumer-electronics-pcba\/\" \/>\n<meta property=\"og:site_name\" content=\"Topfastpcb\" \/>\n<meta property=\"article:modified_time\" content=\"2025-05-06T07:58:04+00:00\" \/>\n<meta property=\"og:image\" content=\"https:\/\/www.topfastpcb.com\/wp-content\/uploads\/2025\/04\/pcba23.jpg\" \/>\n\t<meta property=\"og:image:width\" content=\"750\" \/>\n\t<meta property=\"og:image:height\" content=\"750\" \/>\n\t<meta property=\"og:image:type\" content=\"image\/jpeg\" \/>\n<meta name=\"twitter:card\" content=\"summary_large_image\" \/>\n<meta name=\"twitter:label1\" content=\"Gesch\u00e4tzte Lesezeit\" \/>\n\t<meta name=\"twitter:data1\" content=\"3\u00a0Minuten\" \/>\n<script type=\"application\/ld+json\" class=\"yoast-schema-graph\">{\"@context\":\"https:\/\/schema.org\",\"@graph\":[{\"@type\":\"WebPage\",\"@id\":\"https:\/\/www.topfastpcb.com\/products\/consumer-electronics-pcba\/\",\"url\":\"https:\/\/www.topfastpcb.com\/products\/consumer-electronics-pcba\/\",\"name\":\"Consumer Electronics PCBA - Topfastpcb\",\"isPartOf\":{\"@id\":\"https:\/\/www.topfastpcb.com\/#website\"},\"primaryImageOfPage\":{\"@id\":\"https:\/\/www.topfastpcb.com\/products\/consumer-electronics-pcba\/#primaryimage\"},\"image\":{\"@id\":\"https:\/\/www.topfastpcb.com\/products\/consumer-electronics-pcba\/#primaryimage\"},\"thumbnailUrl\":\"https:\/\/www.topfastpcb.com\/wp-content\/uploads\/2025\/04\/pcba23.jpg\",\"datePublished\":\"2025-04-26T09:30:10+00:00\",\"dateModified\":\"2025-05-06T07:58:04+00:00\",\"description\":\"Flexible adjustments according to customer needs, to meet personalized needs, and rapid response to market changes.\",\"breadcrumb\":{\"@id\":\"https:\/\/www.topfastpcb.com\/products\/consumer-electronics-pcba\/#breadcrumb\"},\"inLanguage\":\"de\",\"potentialAction\":[{\"@type\":\"ReadAction\",\"target\":[\"https:\/\/www.topfastpcb.com\/products\/consumer-electronics-pcba\/\"]}]},{\"@type\":\"ImageObject\",\"inLanguage\":\"de\",\"@id\":\"https:\/\/www.topfastpcb.com\/products\/consumer-electronics-pcba\/#primaryimage\",\"url\":\"https:\/\/www.topfastpcb.com\/wp-content\/uploads\/2025\/04\/pcba23.jpg\",\"contentUrl\":\"https:\/\/www.topfastpcb.com\/wp-content\/uploads\/2025\/04\/pcba23.jpg\",\"width\":750,\"height\":750},{\"@type\":\"BreadcrumbList\",\"@id\":\"https:\/\/www.topfastpcb.com\/products\/consumer-electronics-pcba\/#breadcrumb\",\"itemListElement\":[{\"@type\":\"ListItem\",\"position\":1,\"name\":\"\u9996\u9875\",\"item\":\"https:\/\/www.topfastpcb.com\/\"},{\"@type\":\"ListItem\",\"position\":2,\"name\":\"\u5546\u5e97\",\"item\":\"https:\/\/www.topfastpcb.com\/shop\/\"},{\"@type\":\"ListItem\",\"position\":3,\"name\":\"Consumer Electronics PCBA\"}]},{\"@type\":\"WebSite\",\"@id\":\"https:\/\/www.topfastpcb.com\/#website\",\"url\":\"https:\/\/www.topfastpcb.com\/\",\"name\":\"Topfastpcb\",\"description\":\"Topfast Prime Choice for Global Electronics Manufacturing\",\"publisher\":{\"@id\":\"https:\/\/www.topfastpcb.com\/#organization\"},\"potentialAction\":[{\"@type\":\"SearchAction\",\"target\":{\"@type\":\"EntryPoint\",\"urlTemplate\":\"https:\/\/www.topfastpcb.com\/?s={search_term_string}\"},\"query-input\":{\"@type\":\"PropertyValueSpecification\",\"valueRequired\":true,\"valueName\":\"search_term_string\"}}],\"inLanguage\":\"de\"},{\"@type\":\"Organization\",\"@id\":\"https:\/\/www.topfastpcb.com\/#organization\",\"name\":\"Topfastpcb\",\"url\":\"https:\/\/www.topfastpcb.com\/\",\"logo\":{\"@type\":\"ImageObject\",\"inLanguage\":\"de\",\"@id\":\"https:\/\/www.topfastpcb.com\/#\/schema\/logo\/image\/\",\"url\":\"https:\/\/www.topfastpcb.com\/wp-content\/uploads\/2026\/02\/cropped-topfast-logo.png\",\"contentUrl\":\"https:\/\/www.topfastpcb.com\/wp-content\/uploads\/2026\/02\/cropped-topfast-logo.png\",\"width\":144,\"height\":56,\"caption\":\"Topfastpcb\"},\"image\":{\"@id\":\"https:\/\/www.topfastpcb.com\/#\/schema\/logo\/image\/\"}}]}<\/script>\n<!-- \/ Yoast SEO plugin. -->","yoast_head_json":{"title":"Consumer Electronics PCBA - Topfastpcb","description":"Flexible adjustments according to customer needs, to meet personalized needs, and rapid response to market changes.","robots":{"index":"index","follow":"follow","max-snippet":"max-snippet:-1","max-image-preview":"max-image-preview:large","max-video-preview":"max-video-preview:-1"},"canonical":"https:\/\/www.topfastpcb.com\/de\/products\/consumer-electronics-pcba\/","og_locale":"de_DE","og_type":"article","og_title":"Consumer Electronics PCBA - Topfastpcb","og_description":"Flexible adjustments according to customer needs, to meet personalized needs, and rapid response to market changes.","og_url":"https:\/\/www.topfastpcb.com\/de\/products\/consumer-electronics-pcba\/","og_site_name":"Topfastpcb","article_modified_time":"2025-05-06T07:58:04+00:00","og_image":[{"width":750,"height":750,"url":"https:\/\/www.topfastpcb.com\/wp-content\/uploads\/2025\/04\/pcba23.jpg","type":"image\/jpeg"}],"twitter_card":"summary_large_image","twitter_misc":{"Gesch\u00e4tzte Lesezeit":"3\u00a0Minuten"},"schema":{"@context":"https:\/\/schema.org","@graph":[{"@type":"WebPage","@id":"https:\/\/www.topfastpcb.com\/products\/consumer-electronics-pcba\/","url":"https:\/\/www.topfastpcb.com\/products\/consumer-electronics-pcba\/","name":"Consumer Electronics PCBA - Topfastpcb","isPartOf":{"@id":"https:\/\/www.topfastpcb.com\/#website"},"primaryImageOfPage":{"@id":"https:\/\/www.topfastpcb.com\/products\/consumer-electronics-pcba\/#primaryimage"},"image":{"@id":"https:\/\/www.topfastpcb.com\/products\/consumer-electronics-pcba\/#primaryimage"},"thumbnailUrl":"https:\/\/www.topfastpcb.com\/wp-content\/uploads\/2025\/04\/pcba23.jpg","datePublished":"2025-04-26T09:30:10+00:00","dateModified":"2025-05-06T07:58:04+00:00","description":"Flexible adjustments according to customer needs, to meet personalized needs, and rapid response to market changes.","breadcrumb":{"@id":"https:\/\/www.topfastpcb.com\/products\/consumer-electronics-pcba\/#breadcrumb"},"inLanguage":"de","potentialAction":[{"@type":"ReadAction","target":["https:\/\/www.topfastpcb.com\/products\/consumer-electronics-pcba\/"]}]},{"@type":"ImageObject","inLanguage":"de","@id":"https:\/\/www.topfastpcb.com\/products\/consumer-electronics-pcba\/#primaryimage","url":"https:\/\/www.topfastpcb.com\/wp-content\/uploads\/2025\/04\/pcba23.jpg","contentUrl":"https:\/\/www.topfastpcb.com\/wp-content\/uploads\/2025\/04\/pcba23.jpg","width":750,"height":750},{"@type":"BreadcrumbList","@id":"https:\/\/www.topfastpcb.com\/products\/consumer-electronics-pcba\/#breadcrumb","itemListElement":[{"@type":"ListItem","position":1,"name":"\u9996\u9875","item":"https:\/\/www.topfastpcb.com\/"},{"@type":"ListItem","position":2,"name":"\u5546\u5e97","item":"https:\/\/www.topfastpcb.com\/shop\/"},{"@type":"ListItem","position":3,"name":"Consumer Electronics PCBA"}]},{"@type":"WebSite","@id":"https:\/\/www.topfastpcb.com\/#website","url":"https:\/\/www.topfastpcb.com\/","name":"Topfastpcb","description":"Topfast Prime Choice for Global Electronics Manufacturing","publisher":{"@id":"https:\/\/www.topfastpcb.com\/#organization"},"potentialAction":[{"@type":"SearchAction","target":{"@type":"EntryPoint","urlTemplate":"https:\/\/www.topfastpcb.com\/?s={search_term_string}"},"query-input":{"@type":"PropertyValueSpecification","valueRequired":true,"valueName":"search_term_string"}}],"inLanguage":"de"},{"@type":"Organization","@id":"https:\/\/www.topfastpcb.com\/#organization","name":"Topfastpcb","url":"https:\/\/www.topfastpcb.com\/","logo":{"@type":"ImageObject","inLanguage":"de","@id":"https:\/\/www.topfastpcb.com\/#\/schema\/logo\/image\/","url":"https:\/\/www.topfastpcb.com\/wp-content\/uploads\/2026\/02\/cropped-topfast-logo.png","contentUrl":"https:\/\/www.topfastpcb.com\/wp-content\/uploads\/2026\/02\/cropped-topfast-logo.png","width":144,"height":56,"caption":"Topfastpcb"},"image":{"@id":"https:\/\/www.topfastpcb.com\/#\/schema\/logo\/image\/"}}]}},"_links":{"self":[{"href":"https:\/\/www.topfastpcb.com\/de\/wp-json\/wp\/v2\/product\/2257","targetHints":{"allow":["GET"]}}],"collection":[{"href":"https:\/\/www.topfastpcb.com\/de\/wp-json\/wp\/v2\/product"}],"about":[{"href":"https:\/\/www.topfastpcb.com\/de\/wp-json\/wp\/v2\/types\/product"}],"replies":[{"embeddable":true,"href":"https:\/\/www.topfastpcb.com\/de\/wp-json\/wp\/v2\/comments?post=2257"}],"wp:featuredmedia":[{"embeddable":true,"href":"https:\/\/www.topfastpcb.com\/de\/wp-json\/wp\/v2\/media\/2263"}],"wp:attachment":[{"href":"https:\/\/www.topfastpcb.com\/de\/wp-json\/wp\/v2\/media?parent=2257"}],"wp:term":[{"taxonomy":"product_brand","embeddable":true,"href":"https:\/\/www.topfastpcb.com\/de\/wp-json\/wp\/v2\/product_brand?post=2257"},{"taxonomy":"product_cat","embeddable":true,"href":"https:\/\/www.topfastpcb.com\/de\/wp-json\/wp\/v2\/product_cat?post=2257"},{"taxonomy":"product_tag","embeddable":true,"href":"https:\/\/www.topfastpcb.com\/de\/wp-json\/wp\/v2\/product_tag?post=2257"}],"curies":[{"name":"wp","href":"https:\/\/api.w.org\/{rel}","templated":true}]}}