{"id":2264,"date":"2025-04-26T18:25:34","date_gmt":"2025-04-26T09:55:34","guid":{"rendered":"http:\/\/topfastpcbb.ru\/?post_type=product&#038;p=2264"},"modified":"2025-05-06T16:29:15","modified_gmt":"2025-05-06T07:59:15","slug":"pcba-for-medical-industry","status":"publish","type":"product","link":"https:\/\/www.topfastpcb.com\/de\/products\/pcba-for-medical-industry\/","title":{"rendered":"PCBA f\u00fcr die Medizinbranche"},"content":{"rendered":"<h2>PCBA f\u00fcr die medizinische Industrie<\/h2>\n<p>PCBA (<a href=\"https:\/\/www.topfastpcb.com\/de\/products\/category\/pcba\/\">Montage von gedruckten Schaltungen<\/a>) ist ein Verfahren, bei dem elektronische Bauteile auf eine Leiterplatte (PCB) montiert und verl\u00f6tet werden, um ein funktionsf\u00e4higes elektronisches Ger\u00e4t herzustellen. In der medizinischen Industrie werden PCBA zur Herstellung einer breiten Palette von medizinischen Ger\u00e4ten verwendet, darunter Diagnoseger\u00e4te, \u00dcberwachungsger\u00e4te und chirurgische Instrumente.<br \/>\nMedizinische Ger\u00e4te, bei denen PCBA zum Einsatz kommt, m\u00fcssen in der Regel strenge gesetzliche Normen erf\u00fcllen, um ihre Sicherheit und Wirksamkeit zu gew\u00e4hrleisten.Daher muss der PCBA-Prozess f\u00fcr medizinische Ger\u00e4te sorgf\u00e4ltig kontrolliert werden, um sicherzustellen, dass das fertige Produkt diese Standards erf\u00fcllt. Dies kann die Verwendung spezieller Materialien, wie biokompatibler Kunststoffe und Metalle, und die Durchf\u00fchrung strenger Qualit\u00e4tskontrollma\u00dfnahmen erfordern.<br \/>\nDie Verwendung von PCBA in der medizinischen Industrie erm\u00f6glicht die Herstellung hochpr\u00e4ziser und zuverl\u00e4ssiger Ger\u00e4te, die f\u00fcr die Diagnose, Behandlung und \u00dcberwachung von Patienten unerl\u00e4sslich sind.Sie erm\u00f6glicht auch die Entwicklung neuer und innovativer medizinischer Technologien, die die Ergebnisse und die Qualit\u00e4t der Patientenversorgung verbessern k\u00f6nnen.Wenn Sie an unserer PCB-Best\u00fcckung interessiert sind, k\u00f6nnen Sie uns gerne kontaktieren.<\/p>\n<h2>Vorteile<\/h2>\n<p>Hier sind einige Vorteile der Verwendung von PCBA in der medizinischen Industrie:<br \/>\n1. Pr\u00e4zision: PCBA erm\u00f6glicht die Herstellung hochpr\u00e4ziser und genauer medizinischer Ger\u00e4te, was f\u00fcr viele Diagnose- und \u00dcberwachungsanwendungen unerl\u00e4sslich ist.<br \/>\n2.Verl\u00e4sslichkeit:Das PCBA-Verfahren ist darauf ausgelegt, langlebige und zuverl\u00e4ssige medizinische Ger\u00e4te herzustellen, die den Anforderungen des Gesundheitswesens standhalten.<br \/>\n3.Anpassung:PCBA k\u00f6nnen an die spezifischen Bed\u00fcrfnisse und Anforderungen der verschiedenen medizinischen Anwendungen angepasst werden. So k\u00f6nnen Hersteller Ger\u00e4te entwickeln, die auf die besonderen Bed\u00fcrfnisse der Gesundheitsbranche zugeschnitten sind.<br \/>\n4.Kosteneffizienz:Die Verwendung von PCBA kann dazu beitragen, die Gesamtkosten der Herstellung von Medizinprodukten zu senken, da automatisierte Prozesse und Standardkomponenten verwendet werden k\u00f6nnen.<br \/>\n5.Schnelligkeit der Produktion:Der PCBA-Prozess kann relativ schnell abgeschlossen werden, so dass die Hersteller die hohe Nachfrage nach medizinischen Ger\u00e4ten rechtzeitig befriedigen k\u00f6nnen.<br \/>\nVerbesserte Patientenversorgung:Durch die Entwicklung zuverl\u00e4ssiger und pr\u00e4ziser medizinischer Ger\u00e4te tr\u00e4gt PCBA zur Verbesserung der Patientenversorgung und der Behandlungsergebnisse bei.Dies kann zu einer h\u00f6heren Patientenzufriedenheit und einer besseren Qualit\u00e4t der Gesundheitsversorgung insgesamt f\u00fchren.<\/p>\n<p><img loading=\"lazy\" decoding=\"async\" src=\"https:\/\/www.topfastpcb.com\/wp-content\/uploads\/2025\/04\/pcba27.jpg\" alt=\"Medizinische PCBA\" width=\"750\" height=\"750\" class=\"aligncenter wp-image-2265 size-full\" srcset=\"https:\/\/www.topfastpcb.com\/wp-content\/uploads\/2025\/04\/pcba27.jpg 750w, https:\/\/www.topfastpcb.com\/wp-content\/uploads\/2025\/04\/pcba27-300x300.jpg 300w, https:\/\/www.topfastpcb.com\/wp-content\/uploads\/2025\/04\/pcba27-150x150.jpg 150w, https:\/\/www.topfastpcb.com\/wp-content\/uploads\/2025\/04\/pcba27-600x600.jpg 600w, https:\/\/www.topfastpcb.com\/wp-content\/uploads\/2025\/04\/pcba27-100x100.jpg 100w\" sizes=\"auto, (max-width: 750px) 100vw, 750px\" \/><\/p>\n<h2>Kernelemente von Qualit\u00e4tssystemen<\/h2>\n<ol start=\"1\">\n<li>\n<p class=\"ds-markdown-paragraph\"><strong>Dreifaches Zertifizierungssystem<\/strong><\/p>\n<ul>\n<li>\n<p class=\"ds-markdown-paragraph\">ISO 13485 Qualit\u00e4tsmanagement<\/p>\n<\/li>\n<li>\n<p class=\"ds-markdown-paragraph\">FDA 21 CFR Teil 820<\/p>\n<\/li>\n<li>\n<p class=\"ds-markdown-paragraph\">IEC 60601-1 Sicherheitsnormen<\/p>\n<\/li>\n<\/ul>\n<\/li>\n<li>\n<p class=\"ds-markdown-paragraph\"><strong>Highlights der Prozesskontrolle<\/strong><\/p>\n<ul>\n<li style=\"list-style-type: none;\">\n<ul>\n<li>\n<p class=\"ds-markdown-paragraph\">Reinraum Klasse: 1000<\/p>\n<\/li>\n<li>\n<p class=\"ds-markdown-paragraph\">Inspektion von L\u00f6tverbindungen:3D AOI + R\u00f6ntgen<\/p>\n<\/li>\n<li>\n<p class=\"ds-markdown-paragraph\">R\u00fcckverfolgbarkeit:Barcode-Verfolgungssystem<\/p>\n<\/li>\n<\/ul>\n<\/li>\n<\/ul>\n<\/li>\n<\/ol>\n<h2>Wichtige technische Herausforderungen &amp; L\u00f6sungen<\/h2>\n<div class=\"markdown-table-wrapper\">\n<table>\n<thead>\n<tr>\n<th>Herausforderung Typ<\/th>\n<th>Technische L\u00f6sung<\/th>\n<th>Leistungsmetriken<\/th>\n<\/tr>\n<\/thead>\n<tbody>\n<tr>\n<td>Widerstand gegen Sterilisation<\/td>\n<td>Spezielle Verkapselungsmaterialien<\/td>\n<td>H\u00e4lt 200 Autoklavierzyklen stand<\/td>\n<\/tr>\n<tr>\n<td>EMI-Kontrolle<\/td>\n<td>Mehrschichtige Abschirmungsstrukturen<\/td>\n<td>60dB Strahlungsreduktion<\/td>\n<\/tr>\n<tr>\n<td>Langfristige Verl\u00e4sslichkeit<\/td>\n<td>Goldbindungsverfahren<\/td>\n<td>MTBF &gt;100.000 Stunden<\/td>\n<\/tr>\n<tr>\n<td>Biokompatibilit\u00e4t<\/td>\n<td>Parylene-Beschichtung<\/td>\n<td>Entspricht der Norm ISO 10993-5<\/td>\n<\/tr>\n<\/tbody>\n<\/table>\n<\/div>\n<h2>Leistungsanforderungen f\u00fcr typische Anwendungen<\/h2>\n<ol start=\"1\">\n<li>\n<p class=\"ds-markdown-paragraph\"><strong>Implantierbare Ger\u00e4te<\/strong><\/p>\n<ul>\n<li>\n<p class=\"ds-markdown-paragraph\">Betriebslebensdauer \u226510 Jahre<\/p>\n<\/li>\n<li>\n<p class=\"ds-markdown-paragraph\">Ableitstrom &lt;10\u03bcA<\/p>\n<\/li>\n<\/ul>\n<\/li>\n<li>\n<p class=\"ds-markdown-paragraph\"><strong>Bildgebende Ger\u00e4te<\/strong><\/p>\n<ul>\n<li>\n<p class=\"ds-markdown-paragraph\">Daten\u00fcbertragungsrate \u2265 40 Gbps<\/p>\n<\/li>\n<li>\n<p class=\"ds-markdown-paragraph\">Entst\u00f6rungsf\u00e4higkeit 100V\/m<\/p>\n<\/li>\n<\/ul>\n<\/li>\n<li>\n<p class=\"ds-markdown-paragraph\"><strong>Notfallger\u00e4te<\/strong><\/p>\n<ul>\n<li>\n<p class=\"ds-markdown-paragraph\">Einschaltzeit &lt;0,5 Sekunden<\/p>\n<\/li>\n<li>\n<p class=\"ds-markdown-paragraph\">Vibrationsfestigkeit 5 Grms<\/p>\n<\/li>\n<\/ul>\n<\/li>\n<\/ol>\n<h3>7 Schl\u00fcsselkriterien f\u00fcr die Lieferantenauswahl<\/h3>\n<ol start=\"1\">\n<li>\n<p class=\"ds-markdown-paragraph\">Zertifizierung der Produktion von Medizinprodukten der Klasse III<\/p>\n<\/li>\n<li>\n<p class=\"ds-markdown-paragraph\">Lieferkette f\u00fcr medizinische Komponenten<\/p>\n<\/li>\n<li>\n<p class=\"ds-markdown-paragraph\">Reinraumfl\u00e4che \u22651000\u33a1<\/p>\n<\/li>\n<li>\n<p class=\"ds-markdown-paragraph\">Konfiguration des Fehleranalyse-Labors<\/p>\n<\/li>\n<li>\n<p class=\"ds-markdown-paragraph\">System zur Kontrolle von Produkt\u00e4nderungen<\/p>\n<\/li>\n<li>\n<p class=\"ds-markdown-paragraph\">F\u00e4higkeit zur Pr\u00fcfung der Langzeitalterung<\/p>\n<\/li>\n<li>\n<p class=\"ds-markdown-paragraph\">Erfahrung in der klinischen Zusammenarbeit<\/p>\n<\/li>\n<\/ol>\n<ul>\n<li>\n<p class=\"ds-markdown-paragraph\"><strong>Prozess-F\u00e4higkeiten<\/strong><br \/>\n\u2713 01005 Bauteilplatzierung<br \/>\n\u2713 50\u03bcm fine-pitch BGA<br \/>\n\u2713 Starrflexible Plattenprozesse<\/p>\n<\/li>\n<li>\n<p class=\"ds-markdown-paragraph\"><strong>Inspektionssysteme<\/strong><br \/>\n\u2713 100% Flying Probe Testabdeckung<br \/>\n\u2713 3D-R\u00f6ntgenpr\u00fcfung<br \/>\n\u2713 Pr\u00fcfung auf ionische Verunreinigung<\/p>\n<\/li>\n<li>\n<p class=\"ds-markdown-paragraph\"><strong>Besondere Prozesse<\/strong><br \/>\n\u2713 Biokompatible Beschichtungen<br \/>\n\u2713 Sterile Verpackung<br \/>\n\u2713 Konforme Beschichtung<\/p>\n<\/li>\n<\/ul>\n<h2>Empfehlungen f\u00fcr die Umsetzung<\/h2>\n<ol start=\"1\">\n<li>\n<p class=\"ds-markdown-paragraph\">Durchf\u00fchrung von FMEA-Analysen w\u00e4hrend der Entwurfsphase<\/p>\n<\/li>\n<li>\n<p class=\"ds-markdown-paragraph\">Erstellung von Modellen f\u00fcr das Wachstum der Zuverl\u00e4ssigkeit<\/p>\n<\/li>\n<li>\n<p class=\"ds-markdown-paragraph\">Einf\u00fchrung von V&amp;V-\u00dcberpr\u00fcfungssystemen<\/p>\n<\/li>\n<li>\n<p class=\"ds-markdown-paragraph\">Verbesserung der \u00c4nderungsmanagementprozesse<\/p>\n<\/li>\n<\/ol>\n<p class=\"ds-markdown-paragraph\"><strong>Zuk\u00fcnftiger Ausblick<\/strong>: Mit den Fortschritten bei den Gehirn-Computer-Schnittstellen und der Nanorobotik werden sich medizinische Leiterplatten in innovative Richtungen wie neuronale Elektroden-Arrays und biologisch abbaubare Schaltungen entwickeln, die eine h\u00f6here Montagepr\u00e4zision erfordern. Den Herstellern wird empfohlen, in molekulares Packaging und selbstheilende Schaltkreistechnologien zu investieren.<\/p>\n<p>&nbsp;<\/p>\n<p>&nbsp;<\/p>\n<p>&nbsp;<\/p>","protected":false},"excerpt":{"rendered":"<p>Medizinische Ger\u00e4te, die PCBA verwenden, m\u00fcssen in der Regel strenge Normen erf\u00fcllen, um ihre Sicherheit und Wirksamkeit zu gew\u00e4hrleisten.<\/p>","protected":false},"featured_media":2269,"comment_status":"open","ping_status":"closed","template":"","meta":[],"product_brand":[],"product_cat":[116],"product_tag":[210,207,209],"class_list":{"0":"post-2264","1":"product","2":"type-product","3":"status-publish","4":"has-post-thumbnail","6":"product_cat-pcba","7":"product_tag-medical-pcba","8":"product_tag-pcba","9":"product_tag-pcba-for-medical","11":"first","12":"instock","13":"shipping-taxable","14":"product-type-simple"},"yoast_head":"<!-- This site is optimized with the Yoast SEO plugin v25.1 - https:\/\/yoast.com\/wordpress\/plugins\/seo\/ -->\n<title>PCBA For Medical Industry - Topfastpcb<\/title>\n<meta name=\"description\" content=\"Medical devices that use PCBA are typically required to meet strict regulatory standards to ensure their safety and effectiveness.\" \/>\n<meta name=\"robots\" content=\"index, follow, max-snippet:-1, max-image-preview:large, max-video-preview:-1\" \/>\n<link rel=\"canonical\" href=\"https:\/\/www.topfastpcb.com\/de\/products\/pcba-for-medical-industry\/\" \/>\n<meta property=\"og:locale\" content=\"de_DE\" \/>\n<meta property=\"og:type\" content=\"article\" \/>\n<meta property=\"og:title\" content=\"PCBA For Medical Industry - Topfastpcb\" \/>\n<meta property=\"og:description\" content=\"Medical devices that use PCBA are typically required to meet strict regulatory standards to ensure their safety and effectiveness.\" \/>\n<meta property=\"og:url\" content=\"https:\/\/www.topfastpcb.com\/de\/products\/pcba-for-medical-industry\/\" \/>\n<meta property=\"og:site_name\" content=\"Topfastpcb\" \/>\n<meta property=\"article:modified_time\" content=\"2025-05-06T07:59:15+00:00\" \/>\n<meta property=\"og:image\" content=\"https:\/\/www.topfastpcb.com\/wp-content\/uploads\/2025\/04\/pcba13.jpg\" \/>\n\t<meta property=\"og:image:width\" content=\"750\" \/>\n\t<meta property=\"og:image:height\" content=\"750\" \/>\n\t<meta property=\"og:image:type\" content=\"image\/jpeg\" \/>\n<meta name=\"twitter:card\" content=\"summary_large_image\" \/>\n<meta name=\"twitter:label1\" content=\"Gesch\u00e4tzte Lesezeit\" \/>\n\t<meta name=\"twitter:data1\" content=\"4\u00a0Minuten\" \/>\n<script type=\"application\/ld+json\" class=\"yoast-schema-graph\">{\"@context\":\"https:\/\/schema.org\",\"@graph\":[{\"@type\":\"WebPage\",\"@id\":\"https:\/\/www.topfastpcb.com\/products\/pcba-for-medical-industry\/\",\"url\":\"https:\/\/www.topfastpcb.com\/products\/pcba-for-medical-industry\/\",\"name\":\"PCBA For Medical Industry - Topfastpcb\",\"isPartOf\":{\"@id\":\"https:\/\/www.topfastpcb.com\/#website\"},\"primaryImageOfPage\":{\"@id\":\"https:\/\/www.topfastpcb.com\/products\/pcba-for-medical-industry\/#primaryimage\"},\"image\":{\"@id\":\"https:\/\/www.topfastpcb.com\/products\/pcba-for-medical-industry\/#primaryimage\"},\"thumbnailUrl\":\"https:\/\/www.topfastpcb.com\/wp-content\/uploads\/2025\/04\/pcba13.jpg\",\"datePublished\":\"2025-04-26T09:55:34+00:00\",\"dateModified\":\"2025-05-06T07:59:15+00:00\",\"description\":\"Medical devices that use PCBA are typically required to meet strict regulatory standards to ensure their safety and effectiveness.\",\"breadcrumb\":{\"@id\":\"https:\/\/www.topfastpcb.com\/products\/pcba-for-medical-industry\/#breadcrumb\"},\"inLanguage\":\"de\",\"potentialAction\":[{\"@type\":\"ReadAction\",\"target\":[\"https:\/\/www.topfastpcb.com\/products\/pcba-for-medical-industry\/\"]}]},{\"@type\":\"ImageObject\",\"inLanguage\":\"de\",\"@id\":\"https:\/\/www.topfastpcb.com\/products\/pcba-for-medical-industry\/#primaryimage\",\"url\":\"https:\/\/www.topfastpcb.com\/wp-content\/uploads\/2025\/04\/pcba13.jpg\",\"contentUrl\":\"https:\/\/www.topfastpcb.com\/wp-content\/uploads\/2025\/04\/pcba13.jpg\",\"width\":750,\"height\":750},{\"@type\":\"BreadcrumbList\",\"@id\":\"https:\/\/www.topfastpcb.com\/products\/pcba-for-medical-industry\/#breadcrumb\",\"itemListElement\":[{\"@type\":\"ListItem\",\"position\":1,\"name\":\"\u9996\u9875\",\"item\":\"https:\/\/www.topfastpcb.com\/\"},{\"@type\":\"ListItem\",\"position\":2,\"name\":\"\u5546\u5e97\",\"item\":\"https:\/\/www.topfastpcb.com\/shop\/\"},{\"@type\":\"ListItem\",\"position\":3,\"name\":\"PCBA For Medical Industry\"}]},{\"@type\":\"WebSite\",\"@id\":\"https:\/\/www.topfastpcb.com\/#website\",\"url\":\"https:\/\/www.topfastpcb.com\/\",\"name\":\"Topfastpcb\",\"description\":\"Topfast Prime Choice for Global Electronics Manufacturing\",\"publisher\":{\"@id\":\"https:\/\/www.topfastpcb.com\/#organization\"},\"potentialAction\":[{\"@type\":\"SearchAction\",\"target\":{\"@type\":\"EntryPoint\",\"urlTemplate\":\"https:\/\/www.topfastpcb.com\/?s={search_term_string}\"},\"query-input\":{\"@type\":\"PropertyValueSpecification\",\"valueRequired\":true,\"valueName\":\"search_term_string\"}}],\"inLanguage\":\"de\"},{\"@type\":\"Organization\",\"@id\":\"https:\/\/www.topfastpcb.com\/#organization\",\"name\":\"Topfastpcb\",\"url\":\"https:\/\/www.topfastpcb.com\/\",\"logo\":{\"@type\":\"ImageObject\",\"inLanguage\":\"de\",\"@id\":\"https:\/\/www.topfastpcb.com\/#\/schema\/logo\/image\/\",\"url\":\"https:\/\/www.topfastpcb.com\/wp-content\/uploads\/2026\/02\/cropped-topfast-logo.png\",\"contentUrl\":\"https:\/\/www.topfastpcb.com\/wp-content\/uploads\/2026\/02\/cropped-topfast-logo.png\",\"width\":144,\"height\":56,\"caption\":\"Topfastpcb\"},\"image\":{\"@id\":\"https:\/\/www.topfastpcb.com\/#\/schema\/logo\/image\/\"}}]}<\/script>\n<!-- \/ Yoast SEO plugin. -->","yoast_head_json":{"title":"PCBA For Medical Industry - Topfastpcb","description":"Medical devices that use PCBA are typically required to meet strict regulatory standards to ensure their safety and effectiveness.","robots":{"index":"index","follow":"follow","max-snippet":"max-snippet:-1","max-image-preview":"max-image-preview:large","max-video-preview":"max-video-preview:-1"},"canonical":"https:\/\/www.topfastpcb.com\/de\/products\/pcba-for-medical-industry\/","og_locale":"de_DE","og_type":"article","og_title":"PCBA For Medical Industry - Topfastpcb","og_description":"Medical devices that use PCBA are typically required to meet strict regulatory standards to ensure their safety and effectiveness.","og_url":"https:\/\/www.topfastpcb.com\/de\/products\/pcba-for-medical-industry\/","og_site_name":"Topfastpcb","article_modified_time":"2025-05-06T07:59:15+00:00","og_image":[{"width":750,"height":750,"url":"https:\/\/www.topfastpcb.com\/wp-content\/uploads\/2025\/04\/pcba13.jpg","type":"image\/jpeg"}],"twitter_card":"summary_large_image","twitter_misc":{"Gesch\u00e4tzte Lesezeit":"4\u00a0Minuten"},"schema":{"@context":"https:\/\/schema.org","@graph":[{"@type":"WebPage","@id":"https:\/\/www.topfastpcb.com\/products\/pcba-for-medical-industry\/","url":"https:\/\/www.topfastpcb.com\/products\/pcba-for-medical-industry\/","name":"PCBA For Medical Industry - Topfastpcb","isPartOf":{"@id":"https:\/\/www.topfastpcb.com\/#website"},"primaryImageOfPage":{"@id":"https:\/\/www.topfastpcb.com\/products\/pcba-for-medical-industry\/#primaryimage"},"image":{"@id":"https:\/\/www.topfastpcb.com\/products\/pcba-for-medical-industry\/#primaryimage"},"thumbnailUrl":"https:\/\/www.topfastpcb.com\/wp-content\/uploads\/2025\/04\/pcba13.jpg","datePublished":"2025-04-26T09:55:34+00:00","dateModified":"2025-05-06T07:59:15+00:00","description":"Medical devices that use PCBA are typically required to meet strict regulatory standards to ensure their safety and effectiveness.","breadcrumb":{"@id":"https:\/\/www.topfastpcb.com\/products\/pcba-for-medical-industry\/#breadcrumb"},"inLanguage":"de","potentialAction":[{"@type":"ReadAction","target":["https:\/\/www.topfastpcb.com\/products\/pcba-for-medical-industry\/"]}]},{"@type":"ImageObject","inLanguage":"de","@id":"https:\/\/www.topfastpcb.com\/products\/pcba-for-medical-industry\/#primaryimage","url":"https:\/\/www.topfastpcb.com\/wp-content\/uploads\/2025\/04\/pcba13.jpg","contentUrl":"https:\/\/www.topfastpcb.com\/wp-content\/uploads\/2025\/04\/pcba13.jpg","width":750,"height":750},{"@type":"BreadcrumbList","@id":"https:\/\/www.topfastpcb.com\/products\/pcba-for-medical-industry\/#breadcrumb","itemListElement":[{"@type":"ListItem","position":1,"name":"\u9996\u9875","item":"https:\/\/www.topfastpcb.com\/"},{"@type":"ListItem","position":2,"name":"\u5546\u5e97","item":"https:\/\/www.topfastpcb.com\/shop\/"},{"@type":"ListItem","position":3,"name":"PCBA For Medical Industry"}]},{"@type":"WebSite","@id":"https:\/\/www.topfastpcb.com\/#website","url":"https:\/\/www.topfastpcb.com\/","name":"Topfastpcb","description":"Topfast Prime Choice for Global Electronics Manufacturing","publisher":{"@id":"https:\/\/www.topfastpcb.com\/#organization"},"potentialAction":[{"@type":"SearchAction","target":{"@type":"EntryPoint","urlTemplate":"https:\/\/www.topfastpcb.com\/?s={search_term_string}"},"query-input":{"@type":"PropertyValueSpecification","valueRequired":true,"valueName":"search_term_string"}}],"inLanguage":"de"},{"@type":"Organization","@id":"https:\/\/www.topfastpcb.com\/#organization","name":"Topfastpcb","url":"https:\/\/www.topfastpcb.com\/","logo":{"@type":"ImageObject","inLanguage":"de","@id":"https:\/\/www.topfastpcb.com\/#\/schema\/logo\/image\/","url":"https:\/\/www.topfastpcb.com\/wp-content\/uploads\/2026\/02\/cropped-topfast-logo.png","contentUrl":"https:\/\/www.topfastpcb.com\/wp-content\/uploads\/2026\/02\/cropped-topfast-logo.png","width":144,"height":56,"caption":"Topfastpcb"},"image":{"@id":"https:\/\/www.topfastpcb.com\/#\/schema\/logo\/image\/"}}]}},"_links":{"self":[{"href":"https:\/\/www.topfastpcb.com\/de\/wp-json\/wp\/v2\/product\/2264","targetHints":{"allow":["GET"]}}],"collection":[{"href":"https:\/\/www.topfastpcb.com\/de\/wp-json\/wp\/v2\/product"}],"about":[{"href":"https:\/\/www.topfastpcb.com\/de\/wp-json\/wp\/v2\/types\/product"}],"replies":[{"embeddable":true,"href":"https:\/\/www.topfastpcb.com\/de\/wp-json\/wp\/v2\/comments?post=2264"}],"wp:featuredmedia":[{"embeddable":true,"href":"https:\/\/www.topfastpcb.com\/de\/wp-json\/wp\/v2\/media\/2269"}],"wp:attachment":[{"href":"https:\/\/www.topfastpcb.com\/de\/wp-json\/wp\/v2\/media?parent=2264"}],"wp:term":[{"taxonomy":"product_brand","embeddable":true,"href":"https:\/\/www.topfastpcb.com\/de\/wp-json\/wp\/v2\/product_brand?post=2264"},{"taxonomy":"product_cat","embeddable":true,"href":"https:\/\/www.topfastpcb.com\/de\/wp-json\/wp\/v2\/product_cat?post=2264"},{"taxonomy":"product_tag","embeddable":true,"href":"https:\/\/www.topfastpcb.com\/de\/wp-json\/wp\/v2\/product_tag?post=2264"}],"curies":[{"name":"wp","href":"https:\/\/api.w.org\/{rel}","templated":true}]}}