{"id":2798,"date":"2025-05-24T15:54:13","date_gmt":"2025-05-24T07:54:13","guid":{"rendered":"https:\/\/www.topfastpcb.com\/?post_type=product&#038;p=2798"},"modified":"2025-05-24T15:56:13","modified_gmt":"2025-05-24T07:56:13","slug":"communication-pcb-assembly","status":"publish","type":"product","link":"https:\/\/www.topfastpcb.com\/de\/products\/communication-pcb-assembly\/","title":{"rendered":"Kommunikations-Leiterplattenbest\u00fcckung"},"content":{"rendered":"<div id=\"ez-toc-container\" class=\"ez-toc-v2_0_74 counter-hierarchy ez-toc-counter ez-toc-custom ez-toc-container-direction\">\n<div class=\"ez-toc-title-container\">\n<p class=\"ez-toc-title\" style=\"cursor:inherit\">Inhalts\u00fcbersicht<\/p>\n<span class=\"ez-toc-title-toggle\"><\/span><\/div>\n<nav><ul class='ez-toc-list ez-toc-list-level-1' ><li class='ez-toc-page-1 ez-toc-heading-level-2'><a class=\"ez-toc-link ez-toc-heading-1\" href=\"https:\/\/www.topfastpcb.com\/de\/products\/communication-pcb-assembly\/#Overview_of_Communication_PCB_Assembly_Products\" >\u00dcbersicht der Produkte f\u00fcr die Leiterplattenbest\u00fcckung in der Kommunikation<\/a><\/li><li class='ez-toc-page-1 ez-toc-heading-level-2'><a class=\"ez-toc-link ez-toc-heading-2\" href=\"https:\/\/www.topfastpcb.com\/de\/products\/communication-pcb-assembly\/#Core_Advantages_of_Our_Communication_PCB_Assembly\" >Hauptvorteile unserer Kommunikations-Leiterplattenbest\u00fcckung<\/a><ul class='ez-toc-list-level-3' ><li class='ez-toc-heading-level-3'><a class=\"ez-toc-link ez-toc-heading-3\" href=\"https:\/\/www.topfastpcb.com\/de\/products\/communication-pcb-assembly\/#Professional_Technical_Team_Advanced_Manufacturing_Capabilities\" >Professionelles technisches Team &amp; Fortgeschrittene Fertigungskapazit\u00e4ten<\/a><\/li><li class='ez-toc-page-1 ez-toc-heading-level-3'><a class=\"ez-toc-link ez-toc-heading-4\" href=\"https:\/\/www.topfastpcb.com\/de\/products\/communication-pcb-assembly\/#Comprehensive_One-Stop_Service\" >Umfassender One-Stop-Service<\/a><\/li><\/ul><\/li><li class='ez-toc-page-1 ez-toc-heading-level-2'><a class=\"ez-toc-link ez-toc-heading-5\" href=\"https:\/\/www.topfastpcb.com\/de\/products\/communication-pcb-assembly\/#Key_Technical_Features_of_Communication_PCB_Assembly\" >Technische Hauptmerkmale der Kommunikations-PCB-Baugruppe<\/a><ul class='ez-toc-list-level-3' ><li class='ez-toc-heading-level-3'><a class=\"ez-toc-link ez-toc-heading-6\" href=\"https:\/\/www.topfastpcb.com\/de\/products\/communication-pcb-assembly\/#Superior_High-Frequency_Performance\" >Hervorragende Leistung im Hochfrequenzbereich<\/a><\/li><li class='ez-toc-page-1 ez-toc-heading-level-3'><a class=\"ez-toc-link ez-toc-heading-7\" href=\"https:\/\/www.topfastpcb.com\/de\/products\/communication-pcb-assembly\/#Reliable_Signal_Integrity\" >Zuverl\u00e4ssige Signalintegrit\u00e4t<\/a><\/li><li class='ez-toc-page-1 ez-toc-heading-level-3'><a class=\"ez-toc-link ez-toc-heading-8\" href=\"https:\/\/www.topfastpcb.com\/de\/products\/communication-pcb-assembly\/#Robust_Thermal_Management\" >Robustes W\u00e4rmemanagement<\/a><\/li><li class='ez-toc-page-1 ez-toc-heading-level-3'><a class=\"ez-toc-link ez-toc-heading-9\" href=\"https:\/\/www.topfastpcb.com\/de\/products\/communication-pcb-assembly\/#Applications_of_Communication_PCB_Assembly\" >Anwendungen der Kommunikations-Leiterplattenmontage<\/a><\/li><\/ul><\/li><li class='ez-toc-page-1 ez-toc-heading-level-2'><a class=\"ez-toc-link ez-toc-heading-10\" href=\"https:\/\/www.topfastpcb.com\/de\/products\/communication-pcb-assembly\/#Custom_Communication_PCB_Assembly_Services\" >Kundenspezifische PCB-Best\u00fcckung f\u00fcr die Kommunikation<\/a><\/li><li class='ez-toc-page-1 ez-toc-heading-level-2'><a class=\"ez-toc-link ez-toc-heading-11\" href=\"https:\/\/www.topfastpcb.com\/de\/products\/communication-pcb-assembly\/#Quality_Assurance_After-Sales_Support\" >Qualit\u00e4tssicherung &amp; After-Sales-Support<\/a><\/li><li class='ez-toc-page-1 ez-toc-heading-level-2'><a class=\"ez-toc-link ez-toc-heading-12\" href=\"https:\/\/www.topfastpcb.com\/de\/products\/communication-pcb-assembly\/#Why_Choose_Our_Communication_PCB_Assembly_Solutions\" >Warum sollten Sie sich f\u00fcr unsere L\u00f6sungen zur Montage von Kommunikations-PCBs entscheiden?<\/a><\/li><\/ul><\/nav><\/div>\n\n<p>Als f\u00fchrender Anbieter von Komplettl\u00f6sungen f\u00fcr die Montage von Kommunikations-Leiterplatten haben wir uns auf umfassende Fertigungsdienstleistungen vom Entwurf bis zur Produktion spezialisiert. Unsere Produkte f\u00fcr die Montage von Kommunikationsplatinen werden h\u00e4ufig in 4G\/5G-Kommunikationsger\u00e4ten, Netzwerk-Switches, Routern und verschiedenen intelligenten Kommunikationsmodulen eingesetzt und dienen als Kernkomponenten in der modernen Telekommunikationsinfrastruktur.<\/p>\n<h2><span class=\"ez-toc-section\" id=\"Overview_of_Communication_PCB_Assembly_Products\"><\/span>\u00dcbersicht der Produkte f\u00fcr die Leiterplattenbest\u00fcckung in der Kommunikation<span class=\"ez-toc-section-end\"><\/span><\/h2>\n<p>Unsere 16-Lagen-Kommunikations-PCB-Baugruppen werden unter Verwendung hochwertiger FR-4-Materialien und fortschrittlicher Verfahren hergestellt. Sie bieten eine hervorragende Hochfrequenzleistung und Signalintegrit\u00e4t, um die strengen Anforderungen von High-End-Anwendungen wie AI-Android-Modulen zu erf\u00fcllen.Jedes Produkt wird vor der Auslieferung einer 100%igen elektronischen Pr\u00fcfung unterzogen, um die h\u00f6chsten Zuverl\u00e4ssigkeitsstandards zu gew\u00e4hrleisten.<\/p>\n<h2><span class=\"ez-toc-section\" id=\"Core_Advantages_of_Our_Communication_PCB_Assembly\"><\/span>Die wichtigsten Vorteile unserer Kommunikation <a href=\"https:\/\/www.topfastpcb.com\/de\/products\/category\/pcba\/\">Leiterplattenbest\u00fcckung<\/a><span class=\"ez-toc-section-end\"><\/span><\/h2>\n<h3><span class=\"ez-toc-section\" id=\"Professional_Technical_Team_Advanced_Manufacturing_Capabilities\"><\/span>Professionelles technisches Team &amp; Fortgeschrittene Fertigungskapazit\u00e4ten<span class=\"ez-toc-section-end\"><\/span><\/h3>\n<p>Wir verf\u00fcgen \u00fcber ein erfahrenes Team von Designingenieuren f\u00fcr Kommunikations-Leiterplatten und moderne Produktionslinien, die in der Lage sind, verschiedene Anforderungen an die Montage von Kommunikations-Leiterplatten zu erf\u00fcllen - von einfachen einlagigen Leiterplatten bis hin zu komplexen mehrlagigen Designs. Unsere technischen St\u00e4rken umfassen:<\/p>\n<p><strong>Kompetenz im Hochfrequenzdesign:<\/strong> Beherrscht das Mikrowellenband (700MHz-5GHz) und entwickelt Schaltungen f\u00fcr eine optimale Leistung von 5G-Ger\u00e4ten.<br \/>\n<strong>Feinmechanische Bearbeitung:<\/strong> Mindest\u00f6ffnung von **0,2 mm**, Leiterbahnbreite\/-abstand von **4-6 mil**, unterst\u00fctzt Verbindungen mit hoher Dichte.<br \/>\n<strong>Mehrere Oberfl\u00e4chenausf\u00fchrungen:<\/strong> Zu den Optionen geh\u00f6ren **HASL (bleifrei), ENIG (Chemisch Gold), OSP und Chemisch Silber**.<br \/>\n<strong>Strenge Qualit\u00e4tskontrolle:<\/strong> \u00dcberwachung der Qualit\u00e4t des gesamten Prozesses, von den Rohstoffen bis zu den fertigen Produkten.<\/p>\n<h3><span class=\"ez-toc-section\" id=\"Comprehensive_One-Stop_Service\"><\/span>Umfassender One-Stop-Service<span class=\"ez-toc-section-end\"><\/span><\/h3>\n<p>Wir bieten eine echte <a href=\"https:\/\/www.topfastpcb.com\/de\/\">One-Stop-L\u00f6sung<\/a> f\u00fcr die Best\u00fcckung von Kommunikations-Leiterplatten, Abdeckung:<\/p>\n<p>1. Design-Unterst\u00fctzung: Schematischer Entwurf, PCB-Layout und Signalintegrit\u00e4tsanalyse, zugeschnitten auf die Bed\u00fcrfnisse des Kunden.<br \/>\n2.Flexible Fertigung:Vom Rapid Prototyping zur Gro\u00dfserienfertigung.<br \/>\n3.Materialauswahl:Standard FR-4 bis zu Hochfrequenzmaterialien wie Rogers und Taconic.<br \/>\n4.Vollst\u00e4ndige Montageleistungen:SMT, THT und vollst\u00e4ndige Systempr\u00fcfung.<br \/>\n5.Globale Logistik:Sichere Verpackung und weltweiter Versand f\u00fcr p\u00fcnktliche Lieferung.<\/p>\n<h2><img loading=\"lazy\" decoding=\"async\" src=\"https:\/\/www.topfastpcb.com\/wp-content\/uploads\/2025\/05\/Communication-PCB-Assembly.jpg\" alt=\"Kommunikations-Leiterplattenbest\u00fcckung\" width=\"600\" height=\"402\" class=\"aligncenter size-full wp-image-2799\" srcset=\"https:\/\/www.topfastpcb.com\/wp-content\/uploads\/2025\/05\/Communication-PCB-Assembly.jpg 600w, https:\/\/www.topfastpcb.com\/wp-content\/uploads\/2025\/05\/Communication-PCB-Assembly-300x201.jpg 300w, https:\/\/www.topfastpcb.com\/wp-content\/uploads\/2025\/05\/Communication-PCB-Assembly-18x12.jpg 18w\" sizes=\"auto, (max-width: 600px) 100vw, 600px\" \/><\/h2>\n<h2><span class=\"ez-toc-section\" id=\"Key_Technical_Features_of_Communication_PCB_Assembly\"><\/span>Technische Hauptmerkmale der Kommunikations-PCB-Baugruppe<span class=\"ez-toc-section-end\"><\/span><\/h2>\n<h3><span class=\"ez-toc-section\" id=\"Superior_High-Frequency_Performance\"><\/span>Hervorragende Leistung im Hochfrequenzbereich<span class=\"ez-toc-section-end\"><\/span><\/h3>\n<p>Unsere Produkte verwenden spezielle Designs und Materialien, um hervorragende Hochfrequenzeigenschaften zu gew\u00e4hrleisten:<br \/>\nVerlustarme Laminate (z. B. Rogers RO4000-Serie).<br \/>\nPr\u00e4zise Impedanzkontrolle (\u00b15% Toleranz).<br \/>\nOptimiertes Stack-up-Design zur Minimierung des \u00dcbersprechens.<br \/>\nFortschrittliche EMI-Abschirmung zur Reduzierung von RF-Interferenzen.<\/p>\n<h3><span class=\"ez-toc-section\" id=\"Reliable_Signal_Integrity\"><\/span>Zuverl\u00e4ssige Signalintegrit\u00e4t<span class=\"ez-toc-section-end\"><\/span><\/h3>\n<p>F\u00fcr Hochgeschwindigkeits-Kommunikationsanwendungen sind wir besonders geeignet:<br \/>\nStrenge Anpassung der Leiterbahnl\u00e4nge (\u00b150ps Versatz).<br \/>\nOptimiertes PDN-Design (Power Delivery Network).<br \/>\nDifferential-Paar-Routing-Techniken.<br \/>\nUmfassende Strategien f\u00fcr die Grundfl\u00e4che.<\/p>\n<h3><span class=\"ez-toc-section\" id=\"Robust_Thermal_Management\"><\/span>Robustes W\u00e4rmemanagement<span class=\"ez-toc-section-end\"><\/span><\/h3>\n<p>F\u00fcr Hochleistungs-Kommunikationsger\u00e4te bieten unsere PCB-Best\u00fcckungsl\u00f6sungen:<br \/>\nMaterialien mit hoher W\u00e4rmeleitf\u00e4higkeit.<br \/>\nOptimierte Platzierung der Komponenten zur W\u00e4rmeableitung.<br \/>\nThermische Via-Arrays.<br \/>\nHochtemperaturbest\u00e4ndige Komponenten.<\/p>\n<h3><span class=\"ez-toc-section\" id=\"Applications_of_Communication_PCB_Assembly\"><\/span>Anwendungen der Kommunikations-Leiterplattenmontage<span class=\"ez-toc-section-end\"><\/span><\/h3>\n<p>Unsere Produkte sind in verschiedenen Kommunikationsger\u00e4ten weit verbreitet:<\/p>\n<p>1. Drahtlose Kommunikationssysteme: 5G-Basisstationen, kleine Zellen, Mikrowellen\u00fcbertragungsger\u00e4te.<br \/>\n2.Netzinfrastruktur:Core-Router, Edge-Switches, ONU\/OLT-Ger\u00e4te.<br \/>\n3.Endger\u00e4te:Smartphones, CPEs, IoT-Kommunikationsmodule.<br \/>\n4.Spezialisierte Kommunikationsausr\u00fcstung:Milit\u00e4rische Funkger\u00e4te, Luftfahrtkommunikation, maritime Systeme.<\/p>\n<h2><span class=\"ez-toc-section\" id=\"Custom_Communication_PCB_Assembly_Services\"><\/span>Kundenspezifische PCB-Best\u00fcckung f\u00fcr die Kommunikation<span class=\"ez-toc-section-end\"><\/span><\/h2>\n<p>Wir kennen die besonderen Anforderungen der verschiedenen Kommunikationsanwendungen und bieten eine vollst\u00e4ndige Anpassung an Kundenw\u00fcnsche:<\/p>\n<p>Materialauswahl: Empfehlen Sie das beste Substrat je nach H\u00e4ufigkeit und Umgebungsbedingungen.<br \/>\nLayer-Anpassung:Flexible Optionen von **Einzelschicht bis 20+ Schichten**.<br \/>\nSpezielle Prozesse:Hybridplatinen, schweres Kupfer, starr-flexible PCBs.<br \/>\nUnterst\u00fctzung bei der Zertifizierung:Unterst\u00fctzung bei **CE-, FCC- und anderen Branchenzertifizierungen**.<\/p>\n<h2><span class=\"ez-toc-section\" id=\"Quality_Assurance_After-Sales_Support\"><\/span>Qualit\u00e4tssicherung &amp; After-Sales-Support<span class=\"ez-toc-section-end\"><\/span><\/h2>\n<p>Wir garantieren die h\u00f6chste Qualit\u00e4t von Kommunikations-PCB-Baugruppen:<\/p>\n<p>100%ige Abdeckung der elektrischen Pr\u00fcfungen.<br \/>\nEntspricht den Normen IPC-A-600 Klasse 3.<br \/>\nUmfassende Zuverl\u00e4ssigkeitstests (Temperaturwechsel, Vibrationstests).<br \/>\nEngagierter technischer Support f\u00fcr Konstruktionsberatung und Fehleranalyse.<br \/>\nSchnelle Reaktion auf Kundenbed\u00fcrfnisse mit kontinuierlichen Prozessverbesserungen.<\/p>\n<h2><span class=\"ez-toc-section\" id=\"Why_Choose_Our_Communication_PCB_Assembly_Solutions\"><\/span>Warum sollten Sie sich f\u00fcr unsere L\u00f6sungen zur Montage von Kommunikations-PCBs entscheiden?<span class=\"ez-toc-section-end\"><\/span><\/h2>\n<p>Als professioneller Anbieter von Leiterplattenbest\u00fcckung f\u00fcr die Kommunikation unterscheiden wir uns unter anderem durch folgende Merkmale:<\/p>\n<p>1. Industrie Erfahrung: Mehr als 10 Jahre Spezialisierung auf Kommunikations-PCBs.<br \/>\n2.Technische F\u00fchrerschaft:Kontinuierliche Forschung und Entwicklung auf dem Gebiet der Hochfrequenz- und Hochgeschwindigkeitsleiterplatten.<br \/>\n3.Flexibles Dienstleistungsmodell:Reibungsloser \u00dcbergang von Prototypen zur Massenproduktion.<br \/>\n4.Wettbewerbsf\u00e4hige Preisgestaltung:Optimierte Lieferkette f\u00fcr Kosteneffizienz.<br \/>\n5.Zuverl\u00e4ssige Lieferung: 95 %+ p\u00fcnktliche Lieferrate.<\/p>\n<p>Ganz gleich, ob Sie 5G-Ger\u00e4te der n\u00e4chsten Generation entwickeln oder bestehende Kommunikationsprodukte aufr\u00fcsten m\u00f6chten, unsere PCB-Best\u00fcckungsl\u00f6sungen f\u00fcr die Kommunikation bieten Ihnen fachkundige Unterst\u00fctzung.Kontaktieren Sie uns f\u00fcr weitere Produktdetails und technische Beratung.<\/p>\n<p>&nbsp;<\/p>","protected":false},"excerpt":{"rendered":"<p>Professioneller Anbieter f\u00fcr die Montage von Kommunikations-Leiterplatten aus einer Hand, spezialisiert auf Hochfrequenz- und Hochleistungs-Leiterplatten f\u00fcr 4G\/5G. 6-lagige FR-4-Leiterplatten, 0,2 mm Mindestlochgr\u00f6\u00dfe, ENIG-\/Schmelzsilber-Oberfl\u00e4chen und 100 % elektronische Pr\u00fcfung. Kundenspezifische L\u00f6sungen, schnelle Lieferung - Ihr zuverl\u00e4ssiger Partner f\u00fcr Kommunikations-Leiterplatten.<\/p>","protected":false},"featured_media":2800,"comment_status":"closed","ping_status":"closed","template":"","meta":[],"product_brand":[],"product_cat":[116],"product_tag":[255,231],"class_list":{"0":"post-2798","1":"product","2":"type-product","3":"status-publish","4":"has-post-thumbnail","6":"product_cat-pcba","7":"product_tag-communication-pcb-assembly","8":"product_tag-pcb-assembly","10":"first","11":"instock","12":"shipping-taxable","13":"product-type-simple"},"yoast_head":"<!-- This site is optimized with the Yoast SEO plugin v25.1 - https:\/\/yoast.com\/wordpress\/plugins\/seo\/ -->\n<title>Communication PCB Assembly - Topfastpcb<\/title>\n<meta name=\"description\" content=\"Professional communication PCB assembly one-stop service provider specializing in high-frequency, high-performance 4G\/5G circuit boards. Features 6-layer FR-4 PCBs, 0.2mm min. hole size, ENIG\/Immersion Silver finishes, and 100% electronic testing. Custom solutions, fast delivery\u2014your trusted communication PCB partner.\" \/>\n<meta name=\"robots\" content=\"index, follow, max-snippet:-1, max-image-preview:large, max-video-preview:-1\" \/>\n<link rel=\"canonical\" href=\"https:\/\/www.topfastpcb.com\/de\/products\/communication-pcb-assembly\/\" \/>\n<meta property=\"og:locale\" content=\"de_DE\" \/>\n<meta property=\"og:type\" content=\"article\" \/>\n<meta property=\"og:title\" content=\"Communication PCB Assembly - Topfastpcb\" \/>\n<meta property=\"og:description\" content=\"Professional communication PCB assembly one-stop service provider specializing in high-frequency, high-performance 4G\/5G circuit boards. Features 6-layer FR-4 PCBs, 0.2mm min. hole size, ENIG\/Immersion Silver finishes, and 100% electronic testing. Custom solutions, fast delivery\u2014your trusted communication PCB partner.\" \/>\n<meta property=\"og:url\" content=\"https:\/\/www.topfastpcb.com\/de\/products\/communication-pcb-assembly\/\" \/>\n<meta property=\"og:site_name\" content=\"Topfastpcb\" \/>\n<meta property=\"article:modified_time\" content=\"2025-05-24T07:56:13+00:00\" \/>\n<meta property=\"og:image\" content=\"https:\/\/www.topfastpcb.com\/wp-content\/uploads\/2025\/05\/pcba-3.jpg\" \/>\n\t<meta property=\"og:image:width\" content=\"750\" \/>\n\t<meta property=\"og:image:height\" content=\"750\" \/>\n\t<meta property=\"og:image:type\" content=\"image\/jpeg\" \/>\n<meta name=\"twitter:card\" content=\"summary_large_image\" \/>\n<meta name=\"twitter:label1\" content=\"Gesch\u00e4tzte Lesezeit\" \/>\n\t<meta name=\"twitter:data1\" content=\"4\u00a0Minuten\" \/>\n<script type=\"application\/ld+json\" class=\"yoast-schema-graph\">{\"@context\":\"https:\/\/schema.org\",\"@graph\":[{\"@type\":\"WebPage\",\"@id\":\"https:\/\/www.topfastpcb.com\/products\/communication-pcb-assembly\/\",\"url\":\"https:\/\/www.topfastpcb.com\/products\/communication-pcb-assembly\/\",\"name\":\"Communication PCB Assembly - Topfastpcb\",\"isPartOf\":{\"@id\":\"https:\/\/www.topfastpcb.com\/#website\"},\"primaryImageOfPage\":{\"@id\":\"https:\/\/www.topfastpcb.com\/products\/communication-pcb-assembly\/#primaryimage\"},\"image\":{\"@id\":\"https:\/\/www.topfastpcb.com\/products\/communication-pcb-assembly\/#primaryimage\"},\"thumbnailUrl\":\"https:\/\/www.topfastpcb.com\/wp-content\/uploads\/2025\/05\/pcba-3.jpg\",\"datePublished\":\"2025-05-24T07:54:13+00:00\",\"dateModified\":\"2025-05-24T07:56:13+00:00\",\"description\":\"Professional communication PCB assembly one-stop service provider specializing in high-frequency, high-performance 4G\/5G circuit boards. Features 6-layer FR-4 PCBs, 0.2mm min. hole size, ENIG\/Immersion Silver finishes, and 100% electronic testing. Custom solutions, fast delivery\u2014your trusted communication PCB partner.\",\"breadcrumb\":{\"@id\":\"https:\/\/www.topfastpcb.com\/products\/communication-pcb-assembly\/#breadcrumb\"},\"inLanguage\":\"de\",\"potentialAction\":[{\"@type\":\"ReadAction\",\"target\":[\"https:\/\/www.topfastpcb.com\/products\/communication-pcb-assembly\/\"]}]},{\"@type\":\"ImageObject\",\"inLanguage\":\"de\",\"@id\":\"https:\/\/www.topfastpcb.com\/products\/communication-pcb-assembly\/#primaryimage\",\"url\":\"https:\/\/www.topfastpcb.com\/wp-content\/uploads\/2025\/05\/pcba-3.jpg\",\"contentUrl\":\"https:\/\/www.topfastpcb.com\/wp-content\/uploads\/2025\/05\/pcba-3.jpg\",\"width\":750,\"height\":750},{\"@type\":\"BreadcrumbList\",\"@id\":\"https:\/\/www.topfastpcb.com\/products\/communication-pcb-assembly\/#breadcrumb\",\"itemListElement\":[{\"@type\":\"ListItem\",\"position\":1,\"name\":\"\u9996\u9875\",\"item\":\"https:\/\/www.topfastpcb.com\/\"},{\"@type\":\"ListItem\",\"position\":2,\"name\":\"\u5546\u5e97\",\"item\":\"https:\/\/www.topfastpcb.com\/shop\/\"},{\"@type\":\"ListItem\",\"position\":3,\"name\":\"Communication PCB Assembly\"}]},{\"@type\":\"WebSite\",\"@id\":\"https:\/\/www.topfastpcb.com\/#website\",\"url\":\"https:\/\/www.topfastpcb.com\/\",\"name\":\"Topfastpcb\",\"description\":\"Topfast Prime Choice for Global Electronics Manufacturing\",\"publisher\":{\"@id\":\"https:\/\/www.topfastpcb.com\/#organization\"},\"potentialAction\":[{\"@type\":\"SearchAction\",\"target\":{\"@type\":\"EntryPoint\",\"urlTemplate\":\"https:\/\/www.topfastpcb.com\/?s={search_term_string}\"},\"query-input\":{\"@type\":\"PropertyValueSpecification\",\"valueRequired\":true,\"valueName\":\"search_term_string\"}}],\"inLanguage\":\"de\"},{\"@type\":\"Organization\",\"@id\":\"https:\/\/www.topfastpcb.com\/#organization\",\"name\":\"Topfastpcb\",\"url\":\"https:\/\/www.topfastpcb.com\/\",\"logo\":{\"@type\":\"ImageObject\",\"inLanguage\":\"de\",\"@id\":\"https:\/\/www.topfastpcb.com\/#\/schema\/logo\/image\/\",\"url\":\"https:\/\/www.topfastpcb.com\/wp-content\/uploads\/2026\/02\/cropped-topfast-logo.png\",\"contentUrl\":\"https:\/\/www.topfastpcb.com\/wp-content\/uploads\/2026\/02\/cropped-topfast-logo.png\",\"width\":144,\"height\":56,\"caption\":\"Topfastpcb\"},\"image\":{\"@id\":\"https:\/\/www.topfastpcb.com\/#\/schema\/logo\/image\/\"}}]}<\/script>\n<!-- \/ Yoast SEO plugin. -->","yoast_head_json":{"title":"Communication PCB Assembly - Topfastpcb","description":"Professional communication PCB assembly one-stop service provider specializing in high-frequency, high-performance 4G\/5G circuit boards. Features 6-layer FR-4 PCBs, 0.2mm min. hole size, ENIG\/Immersion Silver finishes, and 100% electronic testing. Custom solutions, fast delivery\u2014your trusted communication PCB partner.","robots":{"index":"index","follow":"follow","max-snippet":"max-snippet:-1","max-image-preview":"max-image-preview:large","max-video-preview":"max-video-preview:-1"},"canonical":"https:\/\/www.topfastpcb.com\/de\/products\/communication-pcb-assembly\/","og_locale":"de_DE","og_type":"article","og_title":"Communication PCB Assembly - Topfastpcb","og_description":"Professional communication PCB assembly one-stop service provider specializing in high-frequency, high-performance 4G\/5G circuit boards. Features 6-layer FR-4 PCBs, 0.2mm min. hole size, ENIG\/Immersion Silver finishes, and 100% electronic testing. Custom solutions, fast delivery\u2014your trusted communication PCB partner.","og_url":"https:\/\/www.topfastpcb.com\/de\/products\/communication-pcb-assembly\/","og_site_name":"Topfastpcb","article_modified_time":"2025-05-24T07:56:13+00:00","og_image":[{"width":750,"height":750,"url":"https:\/\/www.topfastpcb.com\/wp-content\/uploads\/2025\/05\/pcba-3.jpg","type":"image\/jpeg"}],"twitter_card":"summary_large_image","twitter_misc":{"Gesch\u00e4tzte Lesezeit":"4\u00a0Minuten"},"schema":{"@context":"https:\/\/schema.org","@graph":[{"@type":"WebPage","@id":"https:\/\/www.topfastpcb.com\/products\/communication-pcb-assembly\/","url":"https:\/\/www.topfastpcb.com\/products\/communication-pcb-assembly\/","name":"Communication PCB Assembly - Topfastpcb","isPartOf":{"@id":"https:\/\/www.topfastpcb.com\/#website"},"primaryImageOfPage":{"@id":"https:\/\/www.topfastpcb.com\/products\/communication-pcb-assembly\/#primaryimage"},"image":{"@id":"https:\/\/www.topfastpcb.com\/products\/communication-pcb-assembly\/#primaryimage"},"thumbnailUrl":"https:\/\/www.topfastpcb.com\/wp-content\/uploads\/2025\/05\/pcba-3.jpg","datePublished":"2025-05-24T07:54:13+00:00","dateModified":"2025-05-24T07:56:13+00:00","description":"Professional communication PCB assembly one-stop service provider specializing in high-frequency, high-performance 4G\/5G circuit boards. Features 6-layer FR-4 PCBs, 0.2mm min. hole size, ENIG\/Immersion Silver finishes, and 100% electronic testing. Custom solutions, fast delivery\u2014your trusted communication PCB partner.","breadcrumb":{"@id":"https:\/\/www.topfastpcb.com\/products\/communication-pcb-assembly\/#breadcrumb"},"inLanguage":"de","potentialAction":[{"@type":"ReadAction","target":["https:\/\/www.topfastpcb.com\/products\/communication-pcb-assembly\/"]}]},{"@type":"ImageObject","inLanguage":"de","@id":"https:\/\/www.topfastpcb.com\/products\/communication-pcb-assembly\/#primaryimage","url":"https:\/\/www.topfastpcb.com\/wp-content\/uploads\/2025\/05\/pcba-3.jpg","contentUrl":"https:\/\/www.topfastpcb.com\/wp-content\/uploads\/2025\/05\/pcba-3.jpg","width":750,"height":750},{"@type":"BreadcrumbList","@id":"https:\/\/www.topfastpcb.com\/products\/communication-pcb-assembly\/#breadcrumb","itemListElement":[{"@type":"ListItem","position":1,"name":"\u9996\u9875","item":"https:\/\/www.topfastpcb.com\/"},{"@type":"ListItem","position":2,"name":"\u5546\u5e97","item":"https:\/\/www.topfastpcb.com\/shop\/"},{"@type":"ListItem","position":3,"name":"Communication PCB Assembly"}]},{"@type":"WebSite","@id":"https:\/\/www.topfastpcb.com\/#website","url":"https:\/\/www.topfastpcb.com\/","name":"Topfastpcb","description":"Topfast Prime Choice for Global Electronics Manufacturing","publisher":{"@id":"https:\/\/www.topfastpcb.com\/#organization"},"potentialAction":[{"@type":"SearchAction","target":{"@type":"EntryPoint","urlTemplate":"https:\/\/www.topfastpcb.com\/?s={search_term_string}"},"query-input":{"@type":"PropertyValueSpecification","valueRequired":true,"valueName":"search_term_string"}}],"inLanguage":"de"},{"@type":"Organization","@id":"https:\/\/www.topfastpcb.com\/#organization","name":"Topfastpcb","url":"https:\/\/www.topfastpcb.com\/","logo":{"@type":"ImageObject","inLanguage":"de","@id":"https:\/\/www.topfastpcb.com\/#\/schema\/logo\/image\/","url":"https:\/\/www.topfastpcb.com\/wp-content\/uploads\/2026\/02\/cropped-topfast-logo.png","contentUrl":"https:\/\/www.topfastpcb.com\/wp-content\/uploads\/2026\/02\/cropped-topfast-logo.png","width":144,"height":56,"caption":"Topfastpcb"},"image":{"@id":"https:\/\/www.topfastpcb.com\/#\/schema\/logo\/image\/"}}]}},"_links":{"self":[{"href":"https:\/\/www.topfastpcb.com\/de\/wp-json\/wp\/v2\/product\/2798","targetHints":{"allow":["GET"]}}],"collection":[{"href":"https:\/\/www.topfastpcb.com\/de\/wp-json\/wp\/v2\/product"}],"about":[{"href":"https:\/\/www.topfastpcb.com\/de\/wp-json\/wp\/v2\/types\/product"}],"replies":[{"embeddable":true,"href":"https:\/\/www.topfastpcb.com\/de\/wp-json\/wp\/v2\/comments?post=2798"}],"wp:featuredmedia":[{"embeddable":true,"href":"https:\/\/www.topfastpcb.com\/de\/wp-json\/wp\/v2\/media\/2800"}],"wp:attachment":[{"href":"https:\/\/www.topfastpcb.com\/de\/wp-json\/wp\/v2\/media?parent=2798"}],"wp:term":[{"taxonomy":"product_brand","embeddable":true,"href":"https:\/\/www.topfastpcb.com\/de\/wp-json\/wp\/v2\/product_brand?post=2798"},{"taxonomy":"product_cat","embeddable":true,"href":"https:\/\/www.topfastpcb.com\/de\/wp-json\/wp\/v2\/product_cat?post=2798"},{"taxonomy":"product_tag","embeddable":true,"href":"https:\/\/www.topfastpcb.com\/de\/wp-json\/wp\/v2\/product_tag?post=2798"}],"curies":[{"name":"wp","href":"https:\/\/api.w.org\/{rel}","templated":true}]}}