{"id":2804,"date":"2025-05-24T17:07:40","date_gmt":"2025-05-24T09:07:40","guid":{"rendered":"https:\/\/www.topfastpcb.com\/?post_type=product&#038;p=2804"},"modified":"2025-06-24T10:08:34","modified_gmt":"2025-06-24T02:08:34","slug":"bill-of-materials-bom","status":"publish","type":"product","link":"https:\/\/www.topfastpcb.com\/de\/products\/bill-of-materials-bom\/","title":{"rendered":"St\u00fcckliste (BOM)"},"content":{"rendered":"<div id=\"ez-toc-container\" class=\"ez-toc-v2_0_74 counter-hierarchy ez-toc-counter ez-toc-custom ez-toc-container-direction\">\n<div class=\"ez-toc-title-container\">\n<p class=\"ez-toc-title\" style=\"cursor:inherit\">Inhalts\u00fcbersicht<\/p>\n<span class=\"ez-toc-title-toggle\"><\/span><\/div>\n<nav><ul class='ez-toc-list ez-toc-list-level-1' ><ul class='ez-toc-list-level-3' ><li class='ez-toc-heading-level-3'><a class=\"ez-toc-link ez-toc-heading-1\" href=\"https:\/\/www.topfastpcb.com\/de\/products\/bill-of-materials-bom\/#Key_Concepts\" >Schl\u00fcsselkonzepte:<\/a><\/li><\/ul><\/li><li class='ez-toc-page-1 ez-toc-heading-level-2'><a class=\"ez-toc-link ez-toc-heading-2\" href=\"https:\/\/www.topfastpcb.com\/de\/products\/bill-of-materials-bom\/#BOM_Structure_Types\" >St\u00fccklistenstruktur &amp; Typen<\/a><ul class='ez-toc-list-level-3' ><li class='ez-toc-heading-level-3'><a class=\"ez-toc-link ez-toc-heading-3\" href=\"https:\/\/www.topfastpcb.com\/de\/products\/bill-of-materials-bom\/#1_Structural_Representation\" >1.\u00a0Strukturelle Darstellung<\/a><\/li><li class='ez-toc-page-1 ez-toc-heading-level-3'><a class=\"ez-toc-link ez-toc-heading-4\" href=\"https:\/\/www.topfastpcb.com\/de\/products\/bill-of-materials-bom\/#2_BOM_Types_by_Function\" >2.St\u00fccklistentypen nach Funktion<\/a><\/li><li class='ez-toc-page-1 ez-toc-heading-level-3'><a class=\"ez-toc-link ez-toc-heading-5\" href=\"https:\/\/www.topfastpcb.com\/de\/products\/bill-of-materials-bom\/#3_Development-Stage_BOMs\" >3.St\u00fccklisten im Entwicklungsstadium<\/a><\/li><\/ul><\/li><li class='ez-toc-page-1 ez-toc-heading-level-2'><a class=\"ez-toc-link ez-toc-heading-6\" href=\"https:\/\/www.topfastpcb.com\/de\/products\/bill-of-materials-bom\/#Core_Functions_Applications\" >Kernfunktionen &amp; Anwendungen<\/a><ul class='ez-toc-list-level-3' ><li class='ez-toc-heading-level-3'><a class=\"ez-toc-link ez-toc-heading-7\" href=\"https:\/\/www.topfastpcb.com\/de\/products\/bill-of-materials-bom\/#1_Cross-Departmental_Utility\" >1.\u00a0Abteilungs\u00fcbergreifender Nutzen<\/a><\/li><li class='ez-toc-page-1 ez-toc-heading-level-3'><a class=\"ez-toc-link ez-toc-heading-8\" href=\"https:\/\/www.topfastpcb.com\/de\/products\/bill-of-materials-bom\/#2_ERP_Integration\" >2.ERP-Integration<\/a><\/li><li class='ez-toc-page-1 ez-toc-heading-level-3'><a class=\"ez-toc-link ez-toc-heading-9\" href=\"https:\/\/www.topfastpcb.com\/de\/products\/bill-of-materials-bom\/#3_Advanced_BOM_Formats\" >3.Erweiterte St\u00fccklistenformate<\/a><\/li><\/ul><\/li><li class='ez-toc-page-1 ez-toc-heading-level-2'><a class=\"ez-toc-link ez-toc-heading-10\" href=\"https:\/\/www.topfastpcb.com\/de\/products\/bill-of-materials-bom\/#Best_Practices_Challenges\" >Bew\u00e4hrte Praktiken &amp; Herausforderungen<\/a><ul class='ez-toc-list-level-3' ><li class='ez-toc-heading-level-3'><a class=\"ez-toc-link ez-toc-heading-11\" href=\"https:\/\/www.topfastpcb.com\/de\/products\/bill-of-materials-bom\/#Critical_Success_Factors\" >Kritische Erfolgsfaktoren<\/a><\/li><li class='ez-toc-page-1 ez-toc-heading-level-3'><a class=\"ez-toc-link ez-toc-heading-12\" href=\"https:\/\/www.topfastpcb.com\/de\/products\/bill-of-materials-bom\/#Common_Pitfalls\" >H\u00e4ufige Fallstricke<\/a><\/li><li class='ez-toc-page-1 ez-toc-heading-level-3'><a class=\"ez-toc-link ez-toc-heading-13\" href=\"https:\/\/www.topfastpcb.com\/de\/products\/bill-of-materials-bom\/#Validation_Methods\" >Validierungsmethoden<\/a><\/li><\/ul><\/li><li class='ez-toc-page-1 ez-toc-heading-level-2'><a class=\"ez-toc-link ez-toc-heading-14\" href=\"https:\/\/www.topfastpcb.com\/de\/products\/bill-of-materials-bom\/#BOM_in_Digital_Transformation\" >BOM in der digitalen Transformation<\/a><ul class='ez-toc-list-level-3' ><li class='ez-toc-heading-level-3'><a class=\"ez-toc-link ez-toc-heading-15\" href=\"https:\/\/www.topfastpcb.com\/de\/products\/bill-of-materials-bom\/#1_PDMPLM_Integration\" >1.\u00a0PDM\/PLM-Integration<\/a><\/li><li class='ez-toc-page-1 ez-toc-heading-level-3'><a class=\"ez-toc-link ez-toc-heading-16\" href=\"https:\/\/www.topfastpcb.com\/de\/products\/bill-of-materials-bom\/#2_AIML_Applications\" >2.AI\/ML-Anwendungen<\/a><\/li><li class='ez-toc-page-1 ez-toc-heading-level-3'><a class=\"ez-toc-link ez-toc-heading-17\" href=\"https:\/\/www.topfastpcb.com\/de\/products\/bill-of-materials-bom\/#3_IoT_Smart_Manufacturing\" >3.IoT &amp; Intelligente Fertigung<\/a><\/li><\/ul><\/li><\/ul><\/nav><\/div>\n\n<p class=\"ds-markdown-paragraph\">A<span>\u00a0<\/span><strong>St\u00fcckliste (BOM)\u00a0<\/strong>ist eine strukturierte Liste, die die f\u00fcr die Herstellung eines Produkts erforderlichen Komponenten, Teile, Rohstoffe und Baugruppen definiert. Sie dient als grundlegendes Dokument in der Fertigung, in dem die hierarchische Beziehung zwischen \u00fcber- und untergeordneten Artikeln sowie die Mengen angegeben sind.<\/p>\n<h3><span class=\"ez-toc-section\" id=\"Key_Concepts\"><\/span>Schl\u00fcsselkonzepte:<span class=\"ez-toc-section-end\"><\/span><\/h3>\n<ul>\n<li>\n<p class=\"ds-markdown-paragraph\"><strong>Hierarchische Struktur<\/strong>: Stellt die Produktzusammensetzung von Baugruppen auf h\u00f6chster Ebene bis hin zu Einzelteilen dar.<\/p>\n<\/li>\n<li>\n<p class=\"ds-markdown-paragraph\"><strong>Multi-Industrie-Anwendung<\/strong>:<\/p>\n<ul>\n<li>\n<p class=\"ds-markdown-paragraph\"><em>Diskrete Fertigung<\/em>: Zeigt die Beziehungen zwischen mechanischen und elektronischen Komponenten auf (z. B. Automobil, Elektronik).<\/p>\n<\/li>\n<li>\n<p class=\"ds-markdown-paragraph\"><em>Prozessindustrien<\/em>: Spezifiziert Formeln mit Rohstoffen und Verh\u00e4ltnissen (z.B. Chemikalien, Pharmazeutika).<\/p>\n<\/li>\n<\/ul>\n<\/li>\n<li>\n<p class=\"ds-markdown-paragraph\"><strong>ERP\/MRP-Kerndatei<\/strong>: Entscheidend f\u00fcr Materialplanung, Kostenkalkulation und Produktionsplanung.<\/p>\n<\/li>\n<\/ul>\n<h2><span class=\"ez-toc-section\" id=\"BOM_Structure_Types\"><\/span>St\u00fccklistenstruktur &amp; Typen<span class=\"ez-toc-section-end\"><\/span><\/h2>\n<h3><span class=\"ez-toc-section\" id=\"1_Structural_Representation\"><\/span>1.<span>\u00a0<\/span><strong>Strukturelle Darstellung<\/strong><span class=\"ez-toc-section-end\"><\/span><\/h3>\n<ul>\n<li>\n<p class=\"ds-markdown-paragraph\"><strong>Einstufige St\u00fcckliste<\/strong>: Listet die direkten Komponenten eines \u00fcbergeordneten Artikels auf.<\/p>\n<\/li>\n<li>\n<p class=\"ds-markdown-paragraph\"><strong>Mehrstufige St\u00fcckliste<\/strong>: Erweitert in Unterbaugruppen (z. B. Produkt \u2192 Unterbaugruppe \u2192 Teil).<\/p>\n<\/li>\n<li>\n<p class=\"ds-markdown-paragraph\"><strong>Einger\u00fcckte St\u00fcckliste<\/strong>: Visualisiert die Hierarchie mit Einr\u00fcckung (siehe<span>\u00a0<\/span><em>Abbildung 1<\/em>).<\/p>\n<\/li>\n<\/ul>\n<h3><span class=\"ez-toc-section\" id=\"2_BOM_Types_by_Function\"><\/span>2.<span>\u00a0<\/span><strong>St\u00fccklistentypen nach Funktion<\/strong><span class=\"ez-toc-section-end\"><\/span><\/h3>\n<div class=\"markdown-table-wrapper\">\n<table>\n<thead>\n<tr>\n<th>Typ<\/th>\n<th>Beschreibung<\/th>\n<th>Beispiel f\u00fcr einen Anwendungsfall<\/th>\n<\/tr>\n<\/thead>\n<tbody>\n<tr>\n<td><strong>Standard-St\u00fcckliste<\/strong><\/td>\n<td>Definiert physische Komponenten f\u00fcr die Produktion.<\/td>\n<td>Herstellung eines Smartphones.<\/td>\n<\/tr>\n<tr>\n<td><strong>Planung der St\u00fcckliste<\/strong><\/td>\n<td>Verwendet Prozents\u00e4tze f\u00fcr die Prognose von Produktfamilien.<\/td>\n<td>Bedarfsplanung f\u00fcr Automodelle.<\/td>\n<\/tr>\n<tr>\n<td><strong>Modell-St\u00fcckliste<\/strong><\/td>\n<td>Konfigurierbar mit optionalen Komponenten (ATO\/PTO).<\/td>\n<td>Anpassbare Laptops.<\/td>\n<\/tr>\n<tr>\n<td><strong>Option Klasse St\u00fcckliste<\/strong><\/td>\n<td>Gruppiert verwandte Optionen unter einer Kategorie.<\/td>\n<td>Fahrzeugausstattungspakete.<\/td>\n<\/tr>\n<\/tbody>\n<\/table>\n<\/div>\n<h3><span class=\"ez-toc-section\" id=\"3_Development-Stage_BOMs\"><\/span>3.<span>\u00a0<\/span><strong>St\u00fccklisten im Entwicklungsstadium<\/strong><span class=\"ez-toc-section-end\"><\/span><\/h3>\n<ul>\n<li>\n<p class=\"ds-markdown-paragraph\"><strong>Technische St\u00fcckliste (EBOM)<\/strong>: Design-orientiert, von CAD\/PDM-Systemen.<\/p>\n<\/li>\n<li>\n<p class=\"ds-markdown-paragraph\"><strong>Prozess-St\u00fcckliste (PBOM)<\/strong>: F\u00fcgt Fertigungsschritte und Werkzeuganforderungen hinzu.<\/p>\n<\/li>\n<li>\n<p class=\"ds-markdown-paragraph\"><strong>Fertigungsst\u00fcckliste (MBOM)<\/strong>: Enth\u00e4lt betriebliche Details (Arbeitspl\u00e4ne, Ressourcen).<\/p>\n<\/li>\n<\/ul>\n<h2><img loading=\"lazy\" decoding=\"async\" src=\"https:\/\/www.topfastpcb.com\/wp-content\/uploads\/2025\/05\/bom-1.jpg\" alt=\"bom\" width=\"600\" height=\"402\" class=\"aligncenter size-full wp-image-2806\" srcset=\"https:\/\/www.topfastpcb.com\/wp-content\/uploads\/2025\/05\/bom-1.jpg 600w, https:\/\/www.topfastpcb.com\/wp-content\/uploads\/2025\/05\/bom-1-300x201.jpg 300w, https:\/\/www.topfastpcb.com\/wp-content\/uploads\/2025\/05\/bom-1-18x12.jpg 18w\" sizes=\"auto, (max-width: 600px) 100vw, 600px\" \/><\/h2>\n<h2><span class=\"ez-toc-section\" id=\"Core_Functions_Applications\"><\/span>Kernfunktionen &amp; Anwendungen<span class=\"ez-toc-section-end\"><\/span><\/h2>\n<h3><span class=\"ez-toc-section\" id=\"1_Cross-Departmental_Utility\"><\/span>1.<span>\u00a0<\/span><strong>Abteilungs\u00fcbergreifender Nutzen<\/strong><span class=\"ez-toc-section-end\"><\/span><\/h3>\n<ul>\n<li>\n<p class=\"ds-markdown-paragraph\"><strong>Gestaltung<\/strong>: Validiert die Produktarchitektur.<\/p>\n<\/li>\n<li>\n<p class=\"ds-markdown-paragraph\"><strong>Produktion<\/strong>: Leitet Montage und Materialausgabe.<\/p>\n<\/li>\n<li>\n<p class=\"ds-markdown-paragraph\"><strong>Beschaffung<\/strong>L\u00f6st Bestellungen aus.<\/p>\n<\/li>\n<li>\n<p class=\"ds-markdown-paragraph\"><strong>Kostenrechnung<\/strong>: Berechnet die Produktkosten \u00fcber Komponenten-Roll-up.<\/p>\n<\/li>\n<\/ul>\n<h3><span class=\"ez-toc-section\" id=\"2_ERP_Integration\"><\/span>2.<span>\u00a0<\/span><strong>ERP-Integration<\/strong><span class=\"ez-toc-section-end\"><\/span><\/h3>\n<ul>\n<li>\n<p class=\"ds-markdown-paragraph\"><strong>MRP-Treiber<\/strong>: Setzt den Master Production Schedule (MPS) in Materialanforderungen um.<\/p>\n<\/li>\n<li>\n<p class=\"ds-markdown-paragraph\"><strong>Einheitliche Datenquelle<\/strong>: Verbindung von Technik, Planung und Finanzen.<\/p>\n<\/li>\n<\/ul>\n<h3><span class=\"ez-toc-section\" id=\"3_Advanced_BOM_Formats\"><\/span>3.<span>\u00a0<\/span><strong>Erweiterte St\u00fccklistenformate<\/strong><span class=\"ez-toc-section-end\"><\/span><\/h3>\n<ul>\n<li>\n<p class=\"ds-markdown-paragraph\"><strong>Matrix-St\u00fcckliste<\/strong>: Vergleicht Varianten (z.B. Produktfamilien).<\/p>\n<\/li>\n<li>\n<p class=\"ds-markdown-paragraph\"><strong>Modulare St\u00fcckliste<\/strong>: Verwaltet konfigurierbare Produkte (z. B. Industrieanlagen).<\/p>\n<\/li>\n<\/ul>\n<h2><span class=\"ez-toc-section\" id=\"Best_Practices_Challenges\"><\/span>Bew\u00e4hrte Praktiken &amp; Herausforderungen<span class=\"ez-toc-section-end\"><\/span><\/h2>\n<h3><span class=\"ez-toc-section\" id=\"Critical_Success_Factors\"><\/span><strong>Kritische Erfolgsfaktoren<\/strong><span class=\"ez-toc-section-end\"><\/span><\/h3>\n<ul>\n<li>\n<p class=\"ds-markdown-paragraph\"><strong>Genauigkeit<\/strong>98 % Genauigkeit f\u00fcr die Wirksamkeit von ERP erforderlich.<\/p>\n<\/li>\n<li>\n<p class=\"ds-markdown-paragraph\"><strong>Versionskontrolle<\/strong>: EBOM\u2192MBOM-\u00dcberg\u00e4nge synchronisieren.<\/p>\n<\/li>\n<li>\n<p class=\"ds-markdown-paragraph\"><strong>Besondere Komponenten<\/strong>: Handgriff<span>\u00a0<\/span><em>Gespenster<\/em><span>\u00a0<\/span>(nicht lagernde Artikel) und<span>\u00a0<\/span><em>Baus\u00e4tze<\/em><span>\u00a0<\/span>logisch.<\/p>\n<\/li>\n<\/ul>\n<h3><span class=\"ez-toc-section\" id=\"Common_Pitfalls\"><\/span><strong>H\u00e4ufige Fallstricke<\/strong><span class=\"ez-toc-section-end\"><\/span><\/h3>\n<ul>\n<li>\n<p class=\"ds-markdown-paragraph\"><strong>Falsche Mengen<\/strong>: Verursacht Engp\u00e4sse\/\u00dcberbest\u00e4nde.<\/p>\n<\/li>\n<li>\n<p class=\"ds-markdown-paragraph\"><strong>\u00dcberholte Artikel<\/strong>: F\u00fchrt zu verschwendetem Inventar.<\/p>\n<\/li>\n<li>\n<p class=\"ds-markdown-paragraph\"><strong>Schlechte Wartung<\/strong>: L\u00f6st kaskadierende Fehler in der Disposition aus.<\/p>\n<\/li>\n<\/ul>\n<h3><span class=\"ez-toc-section\" id=\"Validation_Methods\"><\/span><strong>Validierungsmethoden<\/strong><span class=\"ez-toc-section-end\"><\/span><\/h3>\n<ol start=\"1\">\n<li>\n<p class=\"ds-markdown-paragraph\"><strong>Physische Teardowns<\/strong>: Zerlegen Sie die Produkte, um die St\u00fccklisten zu \u00fcberpr\u00fcfen.<\/p>\n<\/li>\n<li>\n<p class=\"ds-markdown-paragraph\"><strong>Funktions\u00fcbergreifende \u00dcberpr\u00fcfungen<\/strong>: Einbindung von Technik-, Produktions- und Planungsteams.<\/p>\n<\/li>\n<li>\n<p class=\"ds-markdown-paragraph\"><strong>ERP-Analytik<\/strong>: \u00dcberwachen Sie ungeplante Materialbewegungen (z. B. \u00dcberschussr\u00fcckgaben).<\/p>\n<\/li>\n<\/ol>\n<h2><span class=\"ez-toc-section\" id=\"BOM_in_Digital_Transformation\"><\/span>BOM in der digitalen Transformation<span class=\"ez-toc-section-end\"><\/span><\/h2>\n<h3><span class=\"ez-toc-section\" id=\"1_PDMPLM_Integration\"><\/span>1.<span>\u00a0<\/span><strong>PDM\/PLM-Integration<\/strong><span class=\"ez-toc-section-end\"><\/span><\/h3>\n<ul>\n<li>\n<p class=\"ds-markdown-paragraph\">Automatisieren Sie die EBOM\u2192MBOM-Konvertierung mit Workflow-Regeln.<\/p>\n<\/li>\n<li>\n<p class=\"ds-markdown-paragraph\">Fertigungsmerkmale (z. B. Toleranzen, Beschichtungen) einbetten.<\/p>\n<\/li>\n<\/ul>\n<h3><span class=\"ez-toc-section\" id=\"2_AIML_Applications\"><\/span>2.<span>\u00a0<\/span><strong>AI\/ML-Anwendungen<\/strong><span class=\"ez-toc-section-end\"><\/span><\/h3>\n<ul>\n<li>\n<p class=\"ds-markdown-paragraph\">Pr\u00e4diktive St\u00fccklisten-Optimierung: Vorschlagen von Alternativen bei Engp\u00e4ssen.<\/p>\n<\/li>\n<li>\n<p class=\"ds-markdown-paragraph\">Anomalie-Erkennung**:Markieren Sie Unstimmigkeiten in Echtzeit.<\/p>\n<\/li>\n<\/ul>\n<h3><span class=\"ez-toc-section\" id=\"3_IoT_Smart_Manufacturing\"><\/span>3.<span>\u00a0<\/span><strong>IoT &amp; Intelligente Fertigung<\/strong><span class=\"ez-toc-section-end\"><\/span><\/h3>\n<ul>\n<li>\n<p class=\"ds-markdown-paragraph\">Dynamische St\u00fccklisten: Anpassung anhand von Sensordaten (z. B. Verschlei\u00dfteile).<\/p>\n<\/li>\n<\/ul>\n<p class=\"ds-markdown-paragraph\">Eine gut verwaltete St\u00fcckliste ist das R\u00fcckgrat einer effizienten Fertigung und erm\u00f6glicht eine nahtlose Koordination vom Entwurf bis zur Auslieferung.Unternehmen, die in die Genauigkeit von St\u00fccklisten und die digitale Integration investieren, erhalten eine wettbewerbsf\u00e4hige Kostenkontrolle, Agilit\u00e4t und Vorteile bei der Markteinf\u00fchrung.<\/p>","protected":false},"excerpt":{"rendered":"<p>Master Bill of Materials (BOM) Management: Typen, Strukturen und Best Practices f\u00fcr die Fertigung. Erfahren Sie, wie St\u00fccklisten das ERP vorantreiben, Kosten senken und die Produktion rationalisieren.<\/p>","protected":false},"featured_media":2805,"comment_status":"closed","ping_status":"closed","template":"","meta":[],"product_brand":[],"product_cat":[217],"product_tag":[256,257],"class_list":{"0":"post-2804","1":"product","2":"type-product","3":"status-publish","4":"has-post-thumbnail","6":"product_cat-electronic-components","7":"product_tag-bill-of-materials","8":"product_tag-bom","10":"first","11":"instock","12":"shipping-taxable","13":"product-type-simple"},"yoast_head":"<!-- This site is optimized with the Yoast SEO plugin v25.1 - https:\/\/yoast.com\/wordpress\/plugins\/seo\/ -->\n<title>Bill of Materials (BOM) - Topfastpcb<\/title>\n<meta name=\"description\" content=\"Master Bill of Materials (BOM) management: types, structures, and best practices for manufacturing. Learn how BOMs drive ERP, reduce costs, and streamline production.\" \/>\n<meta name=\"robots\" content=\"index, follow, max-snippet:-1, max-image-preview:large, max-video-preview:-1\" \/>\n<link rel=\"canonical\" href=\"https:\/\/www.topfastpcb.com\/de\/products\/bill-of-materials-bom\/\" \/>\n<meta property=\"og:locale\" content=\"de_DE\" \/>\n<meta property=\"og:type\" content=\"article\" \/>\n<meta property=\"og:title\" content=\"Bill of Materials (BOM) - Topfastpcb\" \/>\n<meta property=\"og:description\" content=\"Master Bill of Materials (BOM) management: types, structures, and best practices for manufacturing. Learn how BOMs drive ERP, reduce costs, and streamline production.\" \/>\n<meta property=\"og:url\" content=\"https:\/\/www.topfastpcb.com\/de\/products\/bill-of-materials-bom\/\" \/>\n<meta property=\"og:site_name\" content=\"Topfastpcb\" \/>\n<meta property=\"article:modified_time\" content=\"2025-06-24T02:08:34+00:00\" \/>\n<meta property=\"og:image\" content=\"https:\/\/www.topfastpcb.com\/wp-content\/uploads\/2025\/05\/bom.jpg\" \/>\n\t<meta property=\"og:image:width\" content=\"750\" \/>\n\t<meta property=\"og:image:height\" content=\"750\" \/>\n\t<meta property=\"og:image:type\" content=\"image\/jpeg\" \/>\n<meta name=\"twitter:card\" content=\"summary_large_image\" \/>\n<meta name=\"twitter:label1\" content=\"Gesch\u00e4tzte Lesezeit\" \/>\n\t<meta name=\"twitter:data1\" content=\"3\u00a0Minuten\" \/>\n<script type=\"application\/ld+json\" class=\"yoast-schema-graph\">{\"@context\":\"https:\/\/schema.org\",\"@graph\":[{\"@type\":\"WebPage\",\"@id\":\"https:\/\/www.topfastpcb.com\/products\/bill-of-materials-bom\/\",\"url\":\"https:\/\/www.topfastpcb.com\/products\/bill-of-materials-bom\/\",\"name\":\"Bill of Materials (BOM) - Topfastpcb\",\"isPartOf\":{\"@id\":\"https:\/\/www.topfastpcb.com\/#website\"},\"primaryImageOfPage\":{\"@id\":\"https:\/\/www.topfastpcb.com\/products\/bill-of-materials-bom\/#primaryimage\"},\"image\":{\"@id\":\"https:\/\/www.topfastpcb.com\/products\/bill-of-materials-bom\/#primaryimage\"},\"thumbnailUrl\":\"https:\/\/www.topfastpcb.com\/wp-content\/uploads\/2025\/05\/bom.jpg\",\"datePublished\":\"2025-05-24T09:07:40+00:00\",\"dateModified\":\"2025-06-24T02:08:34+00:00\",\"description\":\"Master Bill of Materials (BOM) management: types, structures, and best practices for manufacturing. Learn how BOMs drive ERP, reduce costs, and streamline production.\",\"breadcrumb\":{\"@id\":\"https:\/\/www.topfastpcb.com\/products\/bill-of-materials-bom\/#breadcrumb\"},\"inLanguage\":\"de\",\"potentialAction\":[{\"@type\":\"ReadAction\",\"target\":[\"https:\/\/www.topfastpcb.com\/products\/bill-of-materials-bom\/\"]}]},{\"@type\":\"ImageObject\",\"inLanguage\":\"de\",\"@id\":\"https:\/\/www.topfastpcb.com\/products\/bill-of-materials-bom\/#primaryimage\",\"url\":\"https:\/\/www.topfastpcb.com\/wp-content\/uploads\/2025\/05\/bom.jpg\",\"contentUrl\":\"https:\/\/www.topfastpcb.com\/wp-content\/uploads\/2025\/05\/bom.jpg\",\"width\":750,\"height\":750,\"caption\":\"bom\"},{\"@type\":\"BreadcrumbList\",\"@id\":\"https:\/\/www.topfastpcb.com\/products\/bill-of-materials-bom\/#breadcrumb\",\"itemListElement\":[{\"@type\":\"ListItem\",\"position\":1,\"name\":\"\u9996\u9875\",\"item\":\"https:\/\/www.topfastpcb.com\/\"},{\"@type\":\"ListItem\",\"position\":2,\"name\":\"\u5546\u5e97\",\"item\":\"https:\/\/www.topfastpcb.com\/shop\/\"},{\"@type\":\"ListItem\",\"position\":3,\"name\":\"Bill of Materials (BOM)\"}]},{\"@type\":\"WebSite\",\"@id\":\"https:\/\/www.topfastpcb.com\/#website\",\"url\":\"https:\/\/www.topfastpcb.com\/\",\"name\":\"Topfastpcb\",\"description\":\"Topfast Prime Choice for Global Electronics Manufacturing\",\"publisher\":{\"@id\":\"https:\/\/www.topfastpcb.com\/#organization\"},\"potentialAction\":[{\"@type\":\"SearchAction\",\"target\":{\"@type\":\"EntryPoint\",\"urlTemplate\":\"https:\/\/www.topfastpcb.com\/?s={search_term_string}\"},\"query-input\":{\"@type\":\"PropertyValueSpecification\",\"valueRequired\":true,\"valueName\":\"search_term_string\"}}],\"inLanguage\":\"de\"},{\"@type\":\"Organization\",\"@id\":\"https:\/\/www.topfastpcb.com\/#organization\",\"name\":\"Topfastpcb\",\"url\":\"https:\/\/www.topfastpcb.com\/\",\"logo\":{\"@type\":\"ImageObject\",\"inLanguage\":\"de\",\"@id\":\"https:\/\/www.topfastpcb.com\/#\/schema\/logo\/image\/\",\"url\":\"https:\/\/www.topfastpcb.com\/wp-content\/uploads\/2026\/02\/cropped-topfast-logo.png\",\"contentUrl\":\"https:\/\/www.topfastpcb.com\/wp-content\/uploads\/2026\/02\/cropped-topfast-logo.png\",\"width\":144,\"height\":56,\"caption\":\"Topfastpcb\"},\"image\":{\"@id\":\"https:\/\/www.topfastpcb.com\/#\/schema\/logo\/image\/\"}}]}<\/script>\n<!-- \/ Yoast SEO plugin. -->","yoast_head_json":{"title":"Bill of Materials (BOM) - Topfastpcb","description":"Master Bill of Materials (BOM) management: types, structures, and best practices for manufacturing. Learn how BOMs drive ERP, reduce costs, and streamline production.","robots":{"index":"index","follow":"follow","max-snippet":"max-snippet:-1","max-image-preview":"max-image-preview:large","max-video-preview":"max-video-preview:-1"},"canonical":"https:\/\/www.topfastpcb.com\/de\/products\/bill-of-materials-bom\/","og_locale":"de_DE","og_type":"article","og_title":"Bill of Materials (BOM) - Topfastpcb","og_description":"Master Bill of Materials (BOM) management: types, structures, and best practices for manufacturing. Learn how BOMs drive ERP, reduce costs, and streamline production.","og_url":"https:\/\/www.topfastpcb.com\/de\/products\/bill-of-materials-bom\/","og_site_name":"Topfastpcb","article_modified_time":"2025-06-24T02:08:34+00:00","og_image":[{"width":750,"height":750,"url":"https:\/\/www.topfastpcb.com\/wp-content\/uploads\/2025\/05\/bom.jpg","type":"image\/jpeg"}],"twitter_card":"summary_large_image","twitter_misc":{"Gesch\u00e4tzte Lesezeit":"3\u00a0Minuten"},"schema":{"@context":"https:\/\/schema.org","@graph":[{"@type":"WebPage","@id":"https:\/\/www.topfastpcb.com\/products\/bill-of-materials-bom\/","url":"https:\/\/www.topfastpcb.com\/products\/bill-of-materials-bom\/","name":"Bill of Materials (BOM) - Topfastpcb","isPartOf":{"@id":"https:\/\/www.topfastpcb.com\/#website"},"primaryImageOfPage":{"@id":"https:\/\/www.topfastpcb.com\/products\/bill-of-materials-bom\/#primaryimage"},"image":{"@id":"https:\/\/www.topfastpcb.com\/products\/bill-of-materials-bom\/#primaryimage"},"thumbnailUrl":"https:\/\/www.topfastpcb.com\/wp-content\/uploads\/2025\/05\/bom.jpg","datePublished":"2025-05-24T09:07:40+00:00","dateModified":"2025-06-24T02:08:34+00:00","description":"Master Bill of Materials (BOM) management: types, structures, and best practices for manufacturing. Learn how BOMs drive ERP, reduce costs, and streamline production.","breadcrumb":{"@id":"https:\/\/www.topfastpcb.com\/products\/bill-of-materials-bom\/#breadcrumb"},"inLanguage":"de","potentialAction":[{"@type":"ReadAction","target":["https:\/\/www.topfastpcb.com\/products\/bill-of-materials-bom\/"]}]},{"@type":"ImageObject","inLanguage":"de","@id":"https:\/\/www.topfastpcb.com\/products\/bill-of-materials-bom\/#primaryimage","url":"https:\/\/www.topfastpcb.com\/wp-content\/uploads\/2025\/05\/bom.jpg","contentUrl":"https:\/\/www.topfastpcb.com\/wp-content\/uploads\/2025\/05\/bom.jpg","width":750,"height":750,"caption":"bom"},{"@type":"BreadcrumbList","@id":"https:\/\/www.topfastpcb.com\/products\/bill-of-materials-bom\/#breadcrumb","itemListElement":[{"@type":"ListItem","position":1,"name":"\u9996\u9875","item":"https:\/\/www.topfastpcb.com\/"},{"@type":"ListItem","position":2,"name":"\u5546\u5e97","item":"https:\/\/www.topfastpcb.com\/shop\/"},{"@type":"ListItem","position":3,"name":"Bill of Materials (BOM)"}]},{"@type":"WebSite","@id":"https:\/\/www.topfastpcb.com\/#website","url":"https:\/\/www.topfastpcb.com\/","name":"Topfastpcb","description":"Topfast Prime Choice for Global Electronics Manufacturing","publisher":{"@id":"https:\/\/www.topfastpcb.com\/#organization"},"potentialAction":[{"@type":"SearchAction","target":{"@type":"EntryPoint","urlTemplate":"https:\/\/www.topfastpcb.com\/?s={search_term_string}"},"query-input":{"@type":"PropertyValueSpecification","valueRequired":true,"valueName":"search_term_string"}}],"inLanguage":"de"},{"@type":"Organization","@id":"https:\/\/www.topfastpcb.com\/#organization","name":"Topfastpcb","url":"https:\/\/www.topfastpcb.com\/","logo":{"@type":"ImageObject","inLanguage":"de","@id":"https:\/\/www.topfastpcb.com\/#\/schema\/logo\/image\/","url":"https:\/\/www.topfastpcb.com\/wp-content\/uploads\/2026\/02\/cropped-topfast-logo.png","contentUrl":"https:\/\/www.topfastpcb.com\/wp-content\/uploads\/2026\/02\/cropped-topfast-logo.png","width":144,"height":56,"caption":"Topfastpcb"},"image":{"@id":"https:\/\/www.topfastpcb.com\/#\/schema\/logo\/image\/"}}]}},"_links":{"self":[{"href":"https:\/\/www.topfastpcb.com\/de\/wp-json\/wp\/v2\/product\/2804","targetHints":{"allow":["GET"]}}],"collection":[{"href":"https:\/\/www.topfastpcb.com\/de\/wp-json\/wp\/v2\/product"}],"about":[{"href":"https:\/\/www.topfastpcb.com\/de\/wp-json\/wp\/v2\/types\/product"}],"replies":[{"embeddable":true,"href":"https:\/\/www.topfastpcb.com\/de\/wp-json\/wp\/v2\/comments?post=2804"}],"wp:featuredmedia":[{"embeddable":true,"href":"https:\/\/www.topfastpcb.com\/de\/wp-json\/wp\/v2\/media\/2805"}],"wp:attachment":[{"href":"https:\/\/www.topfastpcb.com\/de\/wp-json\/wp\/v2\/media?parent=2804"}],"wp:term":[{"taxonomy":"product_brand","embeddable":true,"href":"https:\/\/www.topfastpcb.com\/de\/wp-json\/wp\/v2\/product_brand?post=2804"},{"taxonomy":"product_cat","embeddable":true,"href":"https:\/\/www.topfastpcb.com\/de\/wp-json\/wp\/v2\/product_cat?post=2804"},{"taxonomy":"product_tag","embeddable":true,"href":"https:\/\/www.topfastpcb.com\/de\/wp-json\/wp\/v2\/product_tag?post=2804"}],"curies":[{"name":"wp","href":"https:\/\/api.w.org\/{rel}","templated":true}]}}