{"id":2981,"date":"2025-05-30T10:38:29","date_gmt":"2025-05-30T02:38:29","guid":{"rendered":"https:\/\/www.topfastpcb.com\/?post_type=product&#038;p=2981"},"modified":"2025-05-30T10:38:29","modified_gmt":"2025-05-30T02:38:29","slug":"automotive-pcb-assembly","status":"publish","type":"product","link":"https:\/\/www.topfastpcb.com\/de\/products\/automotive-pcb-assembly\/","title":{"rendered":"Automobil-Leiterplattenbest\u00fcckung"},"content":{"rendered":"<p>Er verf\u00fcgt \u00fcber 17 Jahre Erfahrung in der Leiterplattenindustrie, <a href=\"https:\/\/www.topfastpcb.com\/de\/\">Topfast<\/a> kennt die einzigartigen Herausforderungen der PCBA-Herstellung in der Automobilelektronik. Von Motorsteuerger\u00e4ten bis hin zu autonomen Fahrsystemen bieten wir hochzuverl\u00e4ssige Schaltungsl\u00f6sungen f\u00fcr globale Automobilmarken und sorgen daf\u00fcr, dass Ihre Automobilelektronik-Designs sorgenfrei sind.<\/p>\n<div id=\"ez-toc-container\" class=\"ez-toc-v2_0_74 counter-hierarchy ez-toc-counter ez-toc-custom ez-toc-container-direction\">\n<div class=\"ez-toc-title-container\">\n<p class=\"ez-toc-title\" style=\"cursor:inherit\">Inhalts\u00fcbersicht<\/p>\n<span class=\"ez-toc-title-toggle\"><\/span><\/div>\n<nav><ul class='ez-toc-list ez-toc-list-level-1' ><li class='ez-toc-page-1 ez-toc-heading-level-2'><a class=\"ez-toc-link ez-toc-heading-1\" href=\"https:\/\/www.topfastpcb.com\/de\/products\/automotive-pcb-assembly\/#Why_Do_Global_Automakers_Choose_Topfast\" >Warum entscheiden sich globale Automobilhersteller f\u00fcr Topfast?<\/a><\/li><li class='ez-toc-page-1 ez-toc-heading-level-2'><a class=\"ez-toc-link ez-toc-heading-2\" href=\"https:\/\/www.topfastpcb.com\/de\/products\/automotive-pcb-assembly\/#Our_Automotive_Electronics_Manufacturing_Advantages\" >Unsere Vorteile bei der Herstellung von Automobilelektronik<\/a><ul class='ez-toc-list-level-3' ><li class='ez-toc-heading-level-3'><a class=\"ez-toc-link ez-toc-heading-3\" href=\"https:\/\/www.topfastpcb.com\/de\/products\/automotive-pcb-assembly\/#1_Production_Lines_Specifically_Designed_for_Automotive_Electronics\" >1. Speziell f\u00fcr die Automobilelektronik entwickelte Produktionslinien<\/a><\/li><li class='ez-toc-page-1 ez-toc-heading-level-3'><a class=\"ez-toc-link ez-toc-heading-4\" href=\"https:\/\/www.topfastpcb.com\/de\/products\/automotive-pcb-assembly\/#2_Quality_Standards_Exceeding_Industry_Requirements\" >2.Qualit\u00e4tsstandards, die die Anforderungen der Industrie \u00fcbertreffen<\/a><\/li><li class='ez-toc-page-1 ez-toc-heading-level-3'><a class=\"ez-toc-link ez-toc-heading-5\" href=\"https:\/\/www.topfastpcb.com\/de\/products\/automotive-pcb-assembly\/#3_Solving_Special_Challenges_in_Automotive_Electronics\" >3.L\u00f6sung besonderer Herausforderungen in der Automobilelektronik<\/a><\/li><\/ul><\/li><li class='ez-toc-page-1 ez-toc-heading-level-2'><a class=\"ez-toc-link ez-toc-heading-6\" href=\"https:\/\/www.topfastpcb.com\/de\/products\/automotive-pcb-assembly\/#Automotive_Electronics_Success_Stories\" >Erfolgsgeschichten aus der Automobilelektronik<\/a><\/li><li class='ez-toc-page-1 ez-toc-heading-level-2'><a class=\"ez-toc-link ez-toc-heading-7\" href=\"https:\/\/www.topfastpcb.com\/de\/products\/automotive-pcb-assembly\/#Exclusive_Automotive_Electronics_Service_Packages\" >Exklusive Servicepakete f\u00fcr Automobilelektronik<\/a><\/li><\/ul><\/nav><\/div>\n\n<h2><span class=\"ez-toc-section\" id=\"Why_Do_Global_Automakers_Choose_Topfast\"><\/span>Warum entscheiden sich globale Automobilhersteller f\u00fcr Topfast?<span class=\"ez-toc-section-end\"><\/span><\/h2>\n<p><strong>17 Jahre Erfahrung in der Automobilproduktion:<\/strong> Seit unserer Gr\u00fcndung im Jahr 2008 haben wir PCBA-Dienstleistungen f\u00fcr Automobilmarken, einschlie\u00dflich Mitsubishi, erbracht und \u00fcber 2 Millionen Quadratmeter Leiterplatten in Automobilqualit\u00e4t produziert. Letztes Jahr hat einer unserer Kunden&#8217; Infotainment-System <a href=\"https:\/\/www.topfastpcb.com\/de\/products\/category\/pcba\/\">PCBA<\/a> eine Fehlerquote von null PPM (parts per million) erreicht.<\/p>\n<p><strong>Echte Kfz-Elektronikl\u00f6sung aus einer Hand<\/strong><br \/>\n<strong>Design-Beratung<\/strong>: Ein technisches Team mit mehr als 20 Jahren Erfahrung hilft, Design-Fallen zu vermeiden<br \/>\n<strong>Auswahl des Materials<\/strong>: Verwenden Sie nur AEC-Q200-konforme Materialien f\u00fcr die Automobilindustrie<br \/>\n<strong>Pr\u00e4zisionsfertigung<\/strong>: \u00b125\u03bcm Genauigkeit der Schaltkreiskontrolle<br \/>\n<strong>Strenge Tests<\/strong>: 100%ige \u00dcbereinstimmung mit den IPC-6012DA-Normen der Klasse 3<\/p>\n<p><img loading=\"lazy\" decoding=\"async\" src=\"https:\/\/www.topfastpcb.com\/wp-content\/uploads\/2025\/05\/Automotive-PCB-Assembly.jpg\" alt=\"Automobil-Leiterplattenbest\u00fcckung\" width=\"600\" height=\"402\" class=\"aligncenter size-full wp-image-2982\" srcset=\"https:\/\/www.topfastpcb.com\/wp-content\/uploads\/2025\/05\/Automotive-PCB-Assembly.jpg 600w, https:\/\/www.topfastpcb.com\/wp-content\/uploads\/2025\/05\/Automotive-PCB-Assembly-300x201.jpg 300w, https:\/\/www.topfastpcb.com\/wp-content\/uploads\/2025\/05\/Automotive-PCB-Assembly-18x12.jpg 18w\" sizes=\"auto, (max-width: 600px) 100vw, 600px\" \/><\/p>\n<h2><span class=\"ez-toc-section\" id=\"Our_Automotive_Electronics_Manufacturing_Advantages\"><\/span>Unsere Vorteile bei der Herstellung von Automobilelektronik<span class=\"ez-toc-section-end\"><\/span><\/h2>\n<h3><span class=\"ez-toc-section\" id=\"1_Production_Lines_Specifically_Designed_for_Automotive_Electronics\"><\/span>1. Speziell f\u00fcr die Automobilelektronik entwickelte Produktionslinien<span class=\"ez-toc-section-end\"><\/span><\/h3>\n<p>In unserer 20.000 qm gro\u00dfen, modernen Anlage haben wir alles eingerichtet:<br \/>\n<strong>Laser-Bohrmaschinen<\/strong>: F\u00fcr Microvia-Verarbeitung in HDI-Platten f\u00fcr die Automobilindustrie (mindestens 50\u03bcm)<br \/>\n<strong>Vakuum-Harz-Verschlussmaschinen<\/strong>: Gew\u00e4hrleistet die Zuverl\u00e4ssigkeit von dicken Kupferplatten bei Temperaturschocks<br \/>\n<strong>3D-AOI+AXI-Inspektionskombination<\/strong>: Erkennt 99,99% der L\u00f6tfehler<\/p>\n<p><strong>Monatliche Kapazit\u00e4t:<\/strong><br \/>\n100.000\u33a1 Leiterplatten (einschlie\u00dflich Hochfrequenz-, Dickkupfer- und anderer Spezialleiterplatten)<br \/>\n60 Millionen SMT-L\u00f6tstellen (YAMAHA-Hochgeschwindigkeits-Best\u00fcckungsautomaten mit \u00b115\u03bcm Genauigkeit)<\/p>\n<h3><span class=\"ez-toc-section\" id=\"2_Quality_Standards_Exceeding_Industry_Requirements\"><\/span>2.Qualit\u00e4tsstandards, die die Anforderungen der Industrie \u00fcbertreffen<span class=\"ez-toc-section-end\"><\/span><\/h3>\n<p>Wir erf\u00fcllen nicht nur ISO 9001 und IATF 16949, sondern haben auch ein einzigartiges &#8220;Triple Assurance System for Automotive Electronics&#8221; eingef\u00fchrt:<br \/>\n<strong>1. Kontrolle des Materialeingangs<\/strong>:Direkte Partnerschaften mit TI, NXP und anderen OEMs zur Vermeidung von F\u00e4lschungsrisiken<br \/>\n<strong>2.Prozesskontrolle<\/strong>:38 kritische Kontrollpunkte mit Echtzeit\u00fcberwachung<br \/>\n<strong>3.Abschlie\u00dfende Pr\u00fcfung<\/strong>:Einschlie\u00dflich -40\u2103~125\u2103 Temperaturwechsel, mechanische Vibrationen und andere Simulationen der realen Fahrzeugumgebung<\/p>\n<h3><span class=\"ez-toc-section\" id=\"3_Solving_Special_Challenges_in_Automotive_Electronics\"><\/span>3.L\u00f6sung besonderer Herausforderungen in der Automobilelektronik<span class=\"ez-toc-section-end\"><\/span><\/h3>\n<p>Wir bieten kompetente L\u00f6sungen f\u00fcr Ihre wichtigsten Anliegen:<br \/>\n<strong>W\u00e4rmemanagement:<\/strong> Durch ein simulationsoptimiertes Layout konnte die Temperatur bei einem ECU-Modul eines Kunden um 22\u2103 gesenkt werden.<br \/>\n<strong>Signalintegrit\u00e4t:<\/strong> Toleranz der Impedanzkontrolle \u00b17% (besser als der Industriestandard \u00b110%)<br \/>\n<strong>Langfristige Verl\u00e4sslichkeit:<\/strong> Konformes Beschichtungsverfahren besteht 1000-Stunden-Salzspr\u00fchtest<\/p>\n<p><img loading=\"lazy\" decoding=\"async\" src=\"https:\/\/www.topfastpcb.com\/wp-content\/uploads\/2025\/05\/Automotive-PCB-Assembly-1.jpg\" alt=\"Automobil-Leiterplattenbest\u00fcckung\" width=\"600\" height=\"402\" class=\"aligncenter size-full wp-image-2983\" srcset=\"https:\/\/www.topfastpcb.com\/wp-content\/uploads\/2025\/05\/Automotive-PCB-Assembly-1.jpg 600w, https:\/\/www.topfastpcb.com\/wp-content\/uploads\/2025\/05\/Automotive-PCB-Assembly-1-300x201.jpg 300w, https:\/\/www.topfastpcb.com\/wp-content\/uploads\/2025\/05\/Automotive-PCB-Assembly-1-18x12.jpg 18w\" sizes=\"auto, (max-width: 600px) 100vw, 600px\" \/><\/p>\n<h2><span class=\"ez-toc-section\" id=\"Automotive_Electronics_Success_Stories\"><\/span>Erfolgsgeschichten aus der Automobilelektronik<span class=\"ez-toc-section-end\"><\/span><\/h2>\n<p><strong>Fall 1<\/strong>: EV BMS-System<br \/>\nHerausforderung: 6 Lagen dicke Kupferplatine (3oz) + komplexe Anforderungen an die W\u00e4rmeableitung<br \/>\nL\u00f6sung: Thermische Durchkontaktierungen + eingebettete Kupferblock-Technologie<br \/>\nErgebnis:Null Ausf\u00e4lle nach 3 Jahren in der Massenproduktion<\/p>\n<p><strong>Fall 2<\/strong>: Domain Controller f\u00fcr autonomes Fahren<br \/>\nHerausforderung: 20-Lagen-HDI-Platine + 0,3 mm BGA-Abstand<br \/>\nL\u00f6sung: Laserbohren + Design mit abgestufter Impedanz<br \/>\nErgebnis:Steigerung der Ausbeute auf 99,2 %<\/p>\n<p><strong>Wie wir &#8220;Hohe Qualit\u00e4t + schnelle Lieferung&amp;#8221 garantieren;<\/strong><\/p>\n<p><strong>1. Vertikale Integration<\/strong>:Vollst\u00e4ndige interne Kontrolle von der PCB-Produktion bis zur SMT-Best\u00fcckung<br \/>\n<strong>2.Intelligentes Lagersystem<\/strong>:Ausreichender Vorrat an g\u00e4ngigen Komponenten f\u00fcr die Automobilindustrie<br \/>\n<strong>3.Schnelles Reaktionssystem:<\/strong><br \/>\n1-Stunden-Kostenvoranschlag<br \/>\nSchnellste 3-Tage-Musterlieferung<br \/>\n24\/7 Kundenbetreuung<\/p>\n<p>Zu unseren Kunden geh\u00f6ren qualit\u00e4tsbewusste Unternehmen wie DJI und Hikvision, die Topfast aus einem einfachen Grund w\u00e4hlen <strong>\u00fcberlassen Sie die professionelle Arbeit den Fachleuten<\/strong>.<\/p>\n<p><img loading=\"lazy\" decoding=\"async\" src=\"https:\/\/www.topfastpcb.com\/wp-content\/uploads\/2025\/05\/Automotive-PCB-Assembly-2.jpg\" alt=\"Automobil-Leiterplattenbest\u00fcckung\" width=\"600\" height=\"402\" class=\"aligncenter size-full wp-image-2984\" srcset=\"https:\/\/www.topfastpcb.com\/wp-content\/uploads\/2025\/05\/Automotive-PCB-Assembly-2.jpg 600w, https:\/\/www.topfastpcb.com\/wp-content\/uploads\/2025\/05\/Automotive-PCB-Assembly-2-300x201.jpg 300w, https:\/\/www.topfastpcb.com\/wp-content\/uploads\/2025\/05\/Automotive-PCB-Assembly-2-18x12.jpg 18w\" sizes=\"auto, (max-width: 600px) 100vw, 600px\" \/><\/p>\n<h2><span class=\"ez-toc-section\" id=\"Exclusive_Automotive_Electronics_Service_Packages\"><\/span>Exklusive Servicepakete f\u00fcr Automobilelektronik<span class=\"ez-toc-section-end\"><\/span><\/h2>\n<p>Flexible Optionen f\u00fcr unterschiedliche Bed\u00fcrfnisse:<br \/>\n<strong>Quick-Turn-Service<\/strong>: 3-5 Tage Lieferzeit (ideal f\u00fcr F&amp;E-Pr\u00fcfungen)<br \/>\n<strong>Dienstleistung Massenproduktion<\/strong>: Millionen-St\u00fcck-Kapazit\u00e4t (unterst\u00fctzt JIT-Lieferung)<br \/>\n<strong>Schl\u00fcsselfertiger Service<\/strong>: Komplettl\u00f6sung von Design\u2192PCB\u2192SMT\u2192Testen<\/p>\n<p><strong>Sonderangebote f\u00fcr Neuanfragen<\/strong><br \/>\nKostenlose DFM-Analyse<br \/>\n5% Rabatt auf die erste Bestellung<br \/>\nEngagierter Kundenbetreuer w\u00e4hrend des gesamten Projekts<\/p>\n<p>&nbsp;<\/p>\n<p>Das Topfast-Team besteht aus \u00fcber 1.000 Fachleuten, darunter 30 % leitende technische Mitarbeiter. Wir verstehen die extremen Sicherheitsanforderungen der Automobilelektronik, weshalb wir uns an die Philosophie halten, dass &#8220;Qualit\u00e4t nicht gepr\u00fcft, sondern eingebaut wird.&#8217;<\/p>\n<p><strong>Kontaktieren Sie unseren Automobilelektronik-Experten tam jederzeit<\/strong> &#8211; lassen Sie unsere 17 Jahre spezialisierte Erfahrung Ihr Projekt sichern!<\/p>\n<p><a href=\"https:\/\/www.topfastpcb.com\/de\/contact\/\">Fordern Sie jetzt Ihr individuelles Angebot an<\/a><\/p>","protected":false},"excerpt":{"rendered":"<p><span>Als Spezialist f\u00fcr PCBAs in der Automobilindustrie mit 17 Jahren Erfahrung liefert Topfast hochzuverl\u00e4ssige Schaltungsl\u00f6sungen f\u00fcr globale Automobilhersteller.Unser 20.000 m\u00b2 gro\u00dfes, modernes Werk verf\u00fcgt \u00fcber Laserbohr- und 3D-AOI-Ausr\u00fcstung und hat eine monatliche Kapazit\u00e4t von 100.000 Leiterplatten und 60 Millionen SMT-Punkten.Zertifiziert nach IATF 16949 mit unserem firmeneigenen &#8220;Triple Assurance System,&#8221; garantieren wir die 100%ige Einhaltung der IPC-6012DA Klasse 3. In diesem Artikel werden unsere L\u00f6sungen f\u00fcr das W\u00e4rmemanagement und die Signalintegrit\u00e4t detailliert beschrieben und Erfolgsgeschichten wie EV-BMS-Systeme und Domain-Controller f\u00fcr autonomes Fahren vorgestellt. Topfast bietet End-to-End-Dienstleistungen von der Designberatung bis zur Massenproduktion und liefert Angebote innerhalb von 1 Stunde und Prototypen innerhalb von 3 Tagen - Ihr zuverl\u00e4ssiger Partner f\u00fcr PCBAs im Automobilbereich.<\/span><\/p>","protected":false},"featured_media":2985,"comment_status":"closed","ping_status":"closed","template":"","meta":[],"product_brand":[],"product_cat":[116],"product_tag":[267,231],"class_list":{"0":"post-2981","1":"product","2":"type-product","3":"status-publish","4":"has-post-thumbnail","6":"product_cat-pcba","7":"product_tag-automotive-pcb-assembly","8":"product_tag-pcb-assembly","10":"first","11":"instock","12":"shipping-taxable","13":"product-type-simple"},"yoast_head":"<!-- This site is optimized with the Yoast SEO plugin v25.1 - https:\/\/yoast.com\/wordpress\/plugins\/seo\/ -->\n<title>Automotive PCB Assembly - Topfastpcb<\/title>\n<meta name=\"description\" content=\"Topfast - 17-year automotive PCBA manufacturing expert providing automotive-grade PCB design, production &amp; assembly. IATF 16949 certified with 100,000\u33a1 monthly capacity. 1-hour quick quote, 3-day prototype delivery for global automakers.\" \/>\n<meta name=\"robots\" content=\"index, follow, max-snippet:-1, max-image-preview:large, max-video-preview:-1\" \/>\n<link rel=\"canonical\" href=\"https:\/\/www.topfastpcb.com\/de\/products\/automotive-pcb-assembly\/\" \/>\n<meta property=\"og:locale\" content=\"de_DE\" \/>\n<meta property=\"og:type\" content=\"article\" \/>\n<meta property=\"og:title\" content=\"Automotive PCB Assembly - Topfastpcb\" \/>\n<meta property=\"og:description\" content=\"Topfast - 17-year automotive PCBA manufacturing expert providing automotive-grade PCB design, production &amp; assembly. IATF 16949 certified with 100,000\u33a1 monthly capacity. 1-hour quick quote, 3-day prototype delivery for global automakers.\" \/>\n<meta property=\"og:url\" content=\"https:\/\/www.topfastpcb.com\/de\/products\/automotive-pcb-assembly\/\" \/>\n<meta property=\"og:site_name\" content=\"Topfastpcb\" \/>\n<meta property=\"og:image\" content=\"https:\/\/www.topfastpcb.com\/wp-content\/uploads\/2025\/05\/pcba19.jpg\" \/>\n\t<meta property=\"og:image:width\" content=\"750\" \/>\n\t<meta property=\"og:image:height\" content=\"750\" \/>\n\t<meta property=\"og:image:type\" content=\"image\/jpeg\" \/>\n<meta name=\"twitter:card\" content=\"summary_large_image\" \/>\n<meta name=\"twitter:label1\" content=\"Gesch\u00e4tzte Lesezeit\" \/>\n\t<meta name=\"twitter:data1\" content=\"4\u00a0Minuten\" \/>\n<script type=\"application\/ld+json\" class=\"yoast-schema-graph\">{\"@context\":\"https:\/\/schema.org\",\"@graph\":[{\"@type\":\"WebPage\",\"@id\":\"https:\/\/www.topfastpcb.com\/products\/automotive-pcb-assembly\/\",\"url\":\"https:\/\/www.topfastpcb.com\/products\/automotive-pcb-assembly\/\",\"name\":\"Automotive PCB Assembly - Topfastpcb\",\"isPartOf\":{\"@id\":\"https:\/\/www.topfastpcb.com\/#website\"},\"primaryImageOfPage\":{\"@id\":\"https:\/\/www.topfastpcb.com\/products\/automotive-pcb-assembly\/#primaryimage\"},\"image\":{\"@id\":\"https:\/\/www.topfastpcb.com\/products\/automotive-pcb-assembly\/#primaryimage\"},\"thumbnailUrl\":\"https:\/\/www.topfastpcb.com\/wp-content\/uploads\/2025\/05\/pcba19.jpg\",\"datePublished\":\"2025-05-30T02:38:29+00:00\",\"description\":\"Topfast - 17-year automotive PCBA manufacturing expert providing automotive-grade PCB design, production & assembly. IATF 16949 certified with 100,000\u33a1 monthly capacity. 1-hour quick quote, 3-day prototype delivery for global automakers.\",\"breadcrumb\":{\"@id\":\"https:\/\/www.topfastpcb.com\/products\/automotive-pcb-assembly\/#breadcrumb\"},\"inLanguage\":\"de\",\"potentialAction\":[{\"@type\":\"ReadAction\",\"target\":[\"https:\/\/www.topfastpcb.com\/products\/automotive-pcb-assembly\/\"]}]},{\"@type\":\"ImageObject\",\"inLanguage\":\"de\",\"@id\":\"https:\/\/www.topfastpcb.com\/products\/automotive-pcb-assembly\/#primaryimage\",\"url\":\"https:\/\/www.topfastpcb.com\/wp-content\/uploads\/2025\/05\/pcba19.jpg\",\"contentUrl\":\"https:\/\/www.topfastpcb.com\/wp-content\/uploads\/2025\/05\/pcba19.jpg\",\"width\":750,\"height\":750,\"caption\":\"Automotive PCB Assembly\"},{\"@type\":\"BreadcrumbList\",\"@id\":\"https:\/\/www.topfastpcb.com\/products\/automotive-pcb-assembly\/#breadcrumb\",\"itemListElement\":[{\"@type\":\"ListItem\",\"position\":1,\"name\":\"\u9996\u9875\",\"item\":\"https:\/\/www.topfastpcb.com\/\"},{\"@type\":\"ListItem\",\"position\":2,\"name\":\"\u5546\u5e97\",\"item\":\"https:\/\/www.topfastpcb.com\/shop\/\"},{\"@type\":\"ListItem\",\"position\":3,\"name\":\"Automotive PCB Assembly\"}]},{\"@type\":\"WebSite\",\"@id\":\"https:\/\/www.topfastpcb.com\/#website\",\"url\":\"https:\/\/www.topfastpcb.com\/\",\"name\":\"Topfastpcb\",\"description\":\"Topfast Prime Choice for Global Electronics Manufacturing\",\"publisher\":{\"@id\":\"https:\/\/www.topfastpcb.com\/#organization\"},\"potentialAction\":[{\"@type\":\"SearchAction\",\"target\":{\"@type\":\"EntryPoint\",\"urlTemplate\":\"https:\/\/www.topfastpcb.com\/?s={search_term_string}\"},\"query-input\":{\"@type\":\"PropertyValueSpecification\",\"valueRequired\":true,\"valueName\":\"search_term_string\"}}],\"inLanguage\":\"de\"},{\"@type\":\"Organization\",\"@id\":\"https:\/\/www.topfastpcb.com\/#organization\",\"name\":\"Topfastpcb\",\"url\":\"https:\/\/www.topfastpcb.com\/\",\"logo\":{\"@type\":\"ImageObject\",\"inLanguage\":\"de\",\"@id\":\"https:\/\/www.topfastpcb.com\/#\/schema\/logo\/image\/\",\"url\":\"https:\/\/www.topfastpcb.com\/wp-content\/uploads\/2026\/02\/cropped-topfast-logo.png\",\"contentUrl\":\"https:\/\/www.topfastpcb.com\/wp-content\/uploads\/2026\/02\/cropped-topfast-logo.png\",\"width\":144,\"height\":56,\"caption\":\"Topfastpcb\"},\"image\":{\"@id\":\"https:\/\/www.topfastpcb.com\/#\/schema\/logo\/image\/\"}}]}<\/script>\n<!-- \/ Yoast SEO plugin. -->","yoast_head_json":{"title":"Automotive PCB Assembly - Topfastpcb","description":"Topfast - 17-year automotive PCBA manufacturing expert providing automotive-grade PCB design, production & assembly. IATF 16949 certified with 100,000\u33a1 monthly capacity. 1-hour quick quote, 3-day prototype delivery for global automakers.","robots":{"index":"index","follow":"follow","max-snippet":"max-snippet:-1","max-image-preview":"max-image-preview:large","max-video-preview":"max-video-preview:-1"},"canonical":"https:\/\/www.topfastpcb.com\/de\/products\/automotive-pcb-assembly\/","og_locale":"de_DE","og_type":"article","og_title":"Automotive PCB Assembly - Topfastpcb","og_description":"Topfast - 17-year automotive PCBA manufacturing expert providing automotive-grade PCB design, production & assembly. IATF 16949 certified with 100,000\u33a1 monthly capacity. 1-hour quick quote, 3-day prototype delivery for global automakers.","og_url":"https:\/\/www.topfastpcb.com\/de\/products\/automotive-pcb-assembly\/","og_site_name":"Topfastpcb","og_image":[{"width":750,"height":750,"url":"https:\/\/www.topfastpcb.com\/wp-content\/uploads\/2025\/05\/pcba19.jpg","type":"image\/jpeg"}],"twitter_card":"summary_large_image","twitter_misc":{"Gesch\u00e4tzte Lesezeit":"4\u00a0Minuten"},"schema":{"@context":"https:\/\/schema.org","@graph":[{"@type":"WebPage","@id":"https:\/\/www.topfastpcb.com\/products\/automotive-pcb-assembly\/","url":"https:\/\/www.topfastpcb.com\/products\/automotive-pcb-assembly\/","name":"Automotive PCB Assembly - Topfastpcb","isPartOf":{"@id":"https:\/\/www.topfastpcb.com\/#website"},"primaryImageOfPage":{"@id":"https:\/\/www.topfastpcb.com\/products\/automotive-pcb-assembly\/#primaryimage"},"image":{"@id":"https:\/\/www.topfastpcb.com\/products\/automotive-pcb-assembly\/#primaryimage"},"thumbnailUrl":"https:\/\/www.topfastpcb.com\/wp-content\/uploads\/2025\/05\/pcba19.jpg","datePublished":"2025-05-30T02:38:29+00:00","description":"Topfast - 17-year automotive PCBA manufacturing expert providing automotive-grade PCB design, production & assembly. IATF 16949 certified with 100,000\u33a1 monthly capacity. 1-hour quick quote, 3-day prototype delivery for global automakers.","breadcrumb":{"@id":"https:\/\/www.topfastpcb.com\/products\/automotive-pcb-assembly\/#breadcrumb"},"inLanguage":"de","potentialAction":[{"@type":"ReadAction","target":["https:\/\/www.topfastpcb.com\/products\/automotive-pcb-assembly\/"]}]},{"@type":"ImageObject","inLanguage":"de","@id":"https:\/\/www.topfastpcb.com\/products\/automotive-pcb-assembly\/#primaryimage","url":"https:\/\/www.topfastpcb.com\/wp-content\/uploads\/2025\/05\/pcba19.jpg","contentUrl":"https:\/\/www.topfastpcb.com\/wp-content\/uploads\/2025\/05\/pcba19.jpg","width":750,"height":750,"caption":"Automotive PCB Assembly"},{"@type":"BreadcrumbList","@id":"https:\/\/www.topfastpcb.com\/products\/automotive-pcb-assembly\/#breadcrumb","itemListElement":[{"@type":"ListItem","position":1,"name":"\u9996\u9875","item":"https:\/\/www.topfastpcb.com\/"},{"@type":"ListItem","position":2,"name":"\u5546\u5e97","item":"https:\/\/www.topfastpcb.com\/shop\/"},{"@type":"ListItem","position":3,"name":"Automotive PCB Assembly"}]},{"@type":"WebSite","@id":"https:\/\/www.topfastpcb.com\/#website","url":"https:\/\/www.topfastpcb.com\/","name":"Topfastpcb","description":"Topfast Prime Choice for Global Electronics Manufacturing","publisher":{"@id":"https:\/\/www.topfastpcb.com\/#organization"},"potentialAction":[{"@type":"SearchAction","target":{"@type":"EntryPoint","urlTemplate":"https:\/\/www.topfastpcb.com\/?s={search_term_string}"},"query-input":{"@type":"PropertyValueSpecification","valueRequired":true,"valueName":"search_term_string"}}],"inLanguage":"de"},{"@type":"Organization","@id":"https:\/\/www.topfastpcb.com\/#organization","name":"Topfastpcb","url":"https:\/\/www.topfastpcb.com\/","logo":{"@type":"ImageObject","inLanguage":"de","@id":"https:\/\/www.topfastpcb.com\/#\/schema\/logo\/image\/","url":"https:\/\/www.topfastpcb.com\/wp-content\/uploads\/2026\/02\/cropped-topfast-logo.png","contentUrl":"https:\/\/www.topfastpcb.com\/wp-content\/uploads\/2026\/02\/cropped-topfast-logo.png","width":144,"height":56,"caption":"Topfastpcb"},"image":{"@id":"https:\/\/www.topfastpcb.com\/#\/schema\/logo\/image\/"}}]}},"_links":{"self":[{"href":"https:\/\/www.topfastpcb.com\/de\/wp-json\/wp\/v2\/product\/2981","targetHints":{"allow":["GET"]}}],"collection":[{"href":"https:\/\/www.topfastpcb.com\/de\/wp-json\/wp\/v2\/product"}],"about":[{"href":"https:\/\/www.topfastpcb.com\/de\/wp-json\/wp\/v2\/types\/product"}],"replies":[{"embeddable":true,"href":"https:\/\/www.topfastpcb.com\/de\/wp-json\/wp\/v2\/comments?post=2981"}],"wp:featuredmedia":[{"embeddable":true,"href":"https:\/\/www.topfastpcb.com\/de\/wp-json\/wp\/v2\/media\/2985"}],"wp:attachment":[{"href":"https:\/\/www.topfastpcb.com\/de\/wp-json\/wp\/v2\/media?parent=2981"}],"wp:term":[{"taxonomy":"product_brand","embeddable":true,"href":"https:\/\/www.topfastpcb.com\/de\/wp-json\/wp\/v2\/product_brand?post=2981"},{"taxonomy":"product_cat","embeddable":true,"href":"https:\/\/www.topfastpcb.com\/de\/wp-json\/wp\/v2\/product_cat?post=2981"},{"taxonomy":"product_tag","embeddable":true,"href":"https:\/\/www.topfastpcb.com\/de\/wp-json\/wp\/v2\/product_tag?post=2981"}],"curies":[{"name":"wp","href":"https:\/\/api.w.org\/{rel}","templated":true}]}}