{"id":3324,"date":"2025-06-17T10:39:32","date_gmt":"2025-06-17T02:39:32","guid":{"rendered":"https:\/\/www.topfastpcb.com\/?post_type=product&#038;p=3324"},"modified":"2025-06-24T10:07:44","modified_gmt":"2025-06-24T02:07:44","slug":"single-sided-flexible-pcb","status":"publish","type":"product","link":"https:\/\/www.topfastpcb.com\/de\/products\/single-sided-flexible-pcb\/","title":{"rendered":"Einseitige flexible Leiterplatte"},"content":{"rendered":"<div id=\"ez-toc-container\" class=\"ez-toc-v2_0_74 counter-hierarchy ez-toc-counter ez-toc-custom ez-toc-container-direction\">\n<div class=\"ez-toc-title-container\">\n<p class=\"ez-toc-title\" style=\"cursor:inherit\">Inhalts\u00fcbersicht<\/p>\n<span class=\"ez-toc-title-toggle\"><\/span><\/div>\n<nav><ul class='ez-toc-list ez-toc-list-level-1' ><li class='ez-toc-page-1 ez-toc-heading-level-2'><a class=\"ez-toc-link ez-toc-heading-1\" href=\"https:\/\/www.topfastpcb.com\/de\/products\/single-sided-flexible-pcb\/#Definition_of_single-sided_flexible_PCB\" >Definition der einseitig flexiblen Leiterplatte<\/a><\/li><li class='ez-toc-page-1 ez-toc-heading-level-2'><a class=\"ez-toc-link ez-toc-heading-2\" href=\"https:\/\/www.topfastpcb.com\/de\/products\/single-sided-flexible-pcb\/#Product_Advantages\" >Produktvorteile<\/a><\/li><li class='ez-toc-page-1 ez-toc-heading-level-2'><a class=\"ez-toc-link ez-toc-heading-3\" href=\"https:\/\/www.topfastpcb.com\/de\/products\/single-sided-flexible-pcb\/#Technical_Specifications\" >Technische Daten<\/a><\/li><li class='ez-toc-page-1 ez-toc-heading-level-2'><a class=\"ez-toc-link ez-toc-heading-4\" href=\"https:\/\/www.topfastpcb.com\/de\/products\/single-sided-flexible-pcb\/#Applications\" >Anwendungen<\/a><\/li><li class='ez-toc-page-1 ez-toc-heading-level-2'><a class=\"ez-toc-link ez-toc-heading-5\" href=\"https:\/\/www.topfastpcb.com\/de\/products\/single-sided-flexible-pcb\/#Manufacturing_Capabilities\" >Produktionskapazit\u00e4ten<\/a><\/li><li class='ez-toc-page-1 ez-toc-heading-level-2'><a class=\"ez-toc-link ez-toc-heading-6\" href=\"https:\/\/www.topfastpcb.com\/de\/products\/single-sided-flexible-pcb\/#Additional_Services\" >Zus\u00e4tzliche Dienstleistungen<\/a><\/li><li class='ez-toc-page-1 ez-toc-heading-level-2'><a class=\"ez-toc-link ez-toc-heading-7\" href=\"https:\/\/www.topfastpcb.com\/de\/products\/single-sided-flexible-pcb\/#Why_choose_Topfast\" >Warum Topfast w\u00e4hlen?<\/a><\/li><\/ul><\/nav><\/div>\n\n<h2><span class=\"ez-toc-section\" id=\"Definition_of_single-sided_flexible_PCB\"><\/span>Definition der einseitig flexiblen Leiterplatte<span class=\"ez-toc-section-end\"><\/span><\/h2>\n<p>Als f\u00fchrendes Unternehmen in der Herstellung flexibler Leiterplatten nutzt Topfast seine 17-j\u00e4hrige Branchenerfahrung, um hochwertige einseitige <a href=\"https:\/\/www.topfastpcb.com\/de\/products\/category\/flexible-pcb\/\">flexible Leiterplatte<\/a> L\u00f6sungen. Unsere einseitigen flexiblen Leiterplatten werden aus hochwertigen Polyimid-Materialien hergestellt und bieten hervorragende Biegeeigenschaften und Zuverl\u00e4ssigkeit f\u00fcr Anwendungen in der Unterhaltungselektronik, medizinischen Ger\u00e4ten, Automobilelektronik und mehr.<\/p>\n<h2><span class=\"ez-toc-section\" id=\"Product_Advantages\"><\/span>Produktvorteile<span class=\"ez-toc-section-end\"><\/span><\/h2>\n<p>Die einseitigen flexiblen Leiterplatten von Topfast bieten die folgenden Hauptvorteile:<\/p>\n<p><strong>Ultrad\u00fcnn &amp; Leichtgewicht<\/strong>: Dicke von nur 0,1 mm, Gewicht nur 1\/3 der herk\u00f6mmlichen <a href=\"https:\/\/www.topfastpcb.com\/de\/products\/category\/rigid-pcb\/\">starre PCBs<\/a><br \/>\n<strong>\u00dcberlegene Flexibilit\u00e4t<\/strong>Verwendet hochwertige Polyimid-Substrate von DuPont oder Panasonic, mit einem Biegeradius von nur 3 mm<br \/>\n<strong>Hohe Verl\u00e4sslichkeit<\/strong>: Getestet f\u00fcr mehr als 200.000 Biegezyklen, um eine langfristig stabile Leistung zu gew\u00e4hrleisten<br \/>\n<strong>Hochtemperaturbest\u00e4ndigkeit<\/strong>: Widersteht extremen Temperaturen von -60\u00b0C bis 260\u00b0C<br \/>\n<strong>Platzsparend<\/strong>: Passt sich an komplexe 3D-Layouts an und reduziert die Gr\u00f6\u00dfe des Ger\u00e4ts<\/p>\n<h2><span class=\"ez-toc-section\" id=\"Technical_Specifications\"><\/span>Technische Daten<span class=\"ez-toc-section-end\"><\/span><\/h2>\n<table>\n<thead>\n<tr>\n<th>Parameter<\/th>\n<th>Spezifikation<\/th>\n<\/tr>\n<\/thead>\n<tbody>\n<tr>\n<td>Dicke des Substrats<\/td>\n<td>12,5\u03bcm-50\u03bcm<\/td>\n<\/tr>\n<tr>\n<td>Kupferfolien-Dicke<\/td>\n<td>12\u03bcm-35\u03bcm<\/td>\n<\/tr>\n<tr>\n<td>Min. Linienbreite\/Abstand<\/td>\n<td>50\u03bcm\/50\u03bcm<\/td>\n<\/tr>\n<tr>\n<td>Min. Gr\u00f6\u00dfe des Lochs<\/td>\n<td>0,1 mm<\/td>\n<\/tr>\n<tr>\n<td>Oberfl\u00e4che<\/td>\n<td>ENIG, OSP, Chemisch Silber<\/td>\n<\/tr>\n<tr>\n<td>Biegeradius<\/td>\n<td>Dynamisch: 10\u00d7 Plattendicke; Statisch: 3\u00d7 Plattendicke<\/td>\n<\/tr>\n<\/tbody>\n<\/table>\n<h2><span class=\"ez-toc-section\" id=\"Applications\"><\/span>Anwendungen<span class=\"ez-toc-section-end\"><\/span><\/h2>\n<p>Die einseitigen flexiblen Leiterplatten von Topfast werden in vielen Bereichen eingesetzt:<\/p>\n<p>1. <strong>Unterhaltungselektronik<\/strong>Interne Verbindungen in Smartphones, Tablets und Wearables<br \/>\n2. <strong>Medizinische Ger\u00e4te<\/strong>Tragbare Monitore, Endoskope und andere medizinische elektronische Anschl\u00fcsse<br \/>\n3. <strong>Kfz-Elektronik<\/strong>Anschluss von Kameras, Sensoren und Beleuchtungssystemen an Bord<br \/>\n4. <strong>Industrielle Steuerung<\/strong>: Flexible Verbindungen f\u00fcr Robotik und Automatisierungstechnik<br \/>\n5. <strong>Milit\u00e4r &amp; Luft- und Raumfahrt<\/strong>: Verbindungen f\u00fcr platzbeschr\u00e4nkte Avionik<\/p>\n<h3><img loading=\"lazy\" decoding=\"async\" src=\"https:\/\/www.topfastpcb.com\/wp-content\/uploads\/2025\/06\/Flexible-PCB-12.jpg\" alt=\"Flexible Leiterplatte\" width=\"800\" height=\"800\" class=\"aligncenter size-full wp-image-3330\" srcset=\"https:\/\/www.topfastpcb.com\/wp-content\/uploads\/2025\/06\/Flexible-PCB-12.jpg 800w, https:\/\/www.topfastpcb.com\/wp-content\/uploads\/2025\/06\/Flexible-PCB-12-300x300.jpg 300w, https:\/\/www.topfastpcb.com\/wp-content\/uploads\/2025\/06\/Flexible-PCB-12-150x150.jpg 150w, https:\/\/www.topfastpcb.com\/wp-content\/uploads\/2025\/06\/Flexible-PCB-12-768x768.jpg 768w, https:\/\/www.topfastpcb.com\/wp-content\/uploads\/2025\/06\/Flexible-PCB-12-12x12.jpg 12w, https:\/\/www.topfastpcb.com\/wp-content\/uploads\/2025\/06\/Flexible-PCB-12-600x600.jpg 600w, https:\/\/www.topfastpcb.com\/wp-content\/uploads\/2025\/06\/Flexible-PCB-12-100x100.jpg 100w\" sizes=\"auto, (max-width: 800px) 100vw, 800px\" \/><\/h3>\n<h2><span class=\"ez-toc-section\" id=\"Manufacturing_Capabilities\"><\/span>Produktionskapazit\u00e4ten<span class=\"ez-toc-section-end\"><\/span><\/h2>\n<p>Topfast verf\u00fcgt \u00fcber eine 20.000 m\u00b2 gro\u00dfe, moderne Produktionsst\u00e4tte mit mehr als 1.000 qualifizierten Technikern, ausgestattet mit:<\/p>\n<p>Hochpr\u00e4zises Laserbohren (min. Lochgr\u00f6\u00dfe: 0,1 mm)<br \/>\n<a href=\"https:\/\/www.topfastpcb.com\/de\/blog\/what-is-aoi-automated-optical-inspection\/\">Automatisierte optische Inspektion<\/a> (AOI) Systeme<br \/>\nFlying-Probe-Tester f\u00fcr die 100%ige \u00dcberpr\u00fcfung der elektrischen Leistung<br \/>\nR\u00f6ntgeninspektion zur internen Qualit\u00e4tssicherung<br \/>\nVakuumlaminierger\u00e4te f\u00fcr starke Zwischenschichtverklebung<\/p>\n<p>Wir halten uns strikt an die Qualit\u00e4tsmanagementnormen nach ISO 9001 und f\u00fchren eine l\u00fcckenlose Prozess\u00fcberwachung von der Rohstoffbeschaffung bis zur Lieferung des Endprodukts durch, um h\u00f6chste Qualit\u00e4t zu gew\u00e4hrleisten.<\/p>\n<h2><span class=\"ez-toc-section\" id=\"Additional_Services\"><\/span>Zus\u00e4tzliche Dienstleistungen<span class=\"ez-toc-section-end\"><\/span><\/h2>\n<p>Topfast bietet nicht nur einseitige flexible Leiterplatten, sondern auch:<\/p>\n<p><strong>Doppelseitige flexible PCBs<\/strong>: F\u00fcr Verbindungsanforderungen mit h\u00f6herer Dichte<br \/>\n<strong>Mehrlagige flexible Leiterplatten<\/strong>Komplexe flexible Schaltungsl\u00f6sungen mit 4-10 Schichten<br \/>\n<strong>Starrflexible Leiterplatten<\/strong>: Hybride Konstruktionen, die starre und flexible Vorteile kombinieren<br \/>\n<strong>Schnelles Prototyping<\/strong>: Fast-Turn-Proben in weniger als 24 Stunden<br \/>\n<strong>DFM-Analyse<\/strong>: Professionelle Design-for-Manufacturability-Bewertung<br \/>\n<strong>Technische Unterst\u00fctzung<\/strong>:Pers\u00f6nliche technische Unterst\u00fctzung durch Experten<\/p>\n<h2><span class=\"ez-toc-section\" id=\"Why_choose_Topfast\"><\/span>Warum Topfast w\u00e4hlen?<span class=\"ez-toc-section-end\"><\/span><\/h2>\n<p>Mit 17 Jahren Erfahrung in der Herstellung flexibler Leiterplatten ist Topfast bestrebt, hochwertige einseitige flexible Schaltungsl\u00f6sungen zu liefern. Unsere fortschrittliche Ausr\u00fcstung, strenge Qualit\u00e4tskontrolle und umfangreiche Branchenerfahrung stellen sicher, dass jede flexible Leiterplatte die h\u00f6chsten Standards in Bezug auf Leistung und Zuverl\u00e4ssigkeit erf\u00fcllt. Ob f\u00fcr Prototypen oder Massenproduktion, Topfast bietet die wettbewerbsf\u00e4higsten flexiblen PCB Produkte und Dienstleistungen. Kontaktieren Sie uns f\u00fcr weitere Produktdetails und technischen Support.<\/p>","protected":false},"excerpt":{"rendered":"<p>Dieser Artikel stellt die professionellen einseitigen flexiblen Leiterplattenprodukte von Topfast vor und hebt ihre Vorteile, technischen Spezifikationen, Anwendungen und Fertigungsm\u00f6glichkeiten hervor. Er hebt das ultrad\u00fcnne Design, die hohe Zuverl\u00e4ssigkeit und Temperaturbest\u00e4ndigkeit hervor und behandelt auch die Dienstleistungen f\u00fcr doppelseitige und mehrlagige flexible Leiterplatten.<\/p>","protected":false},"featured_media":3326,"comment_status":"closed","ping_status":"closed","template":"","meta":[],"product_brand":[],"product_cat":[96],"product_tag":[288,103],"class_list":{"0":"post-3324","1":"product","2":"type-product","3":"status-publish","4":"has-post-thumbnail","6":"product_cat-flexible-pcb","7":"product_tag-flex-pcb","8":"product_tag-flexible-pcb","10":"first","11":"instock","12":"shipping-taxable","13":"product-type-simple"},"yoast_head":"<!-- This site is optimized with the Yoast SEO plugin v25.1 - https:\/\/yoast.com\/wordpress\/plugins\/seo\/ -->\n<title>Single-Sided Flexible PCB - Topfastpcb<\/title>\n<meta name=\"description\" content=\"Topfast specializes in high-quality single-sided flexible PCBs, with 17 years of experience. Made from premium polyimide materials, they are ultra-thin, lightweight, and highly flexible, ideal for consumer electronics, medical devices, and automotive applications.\" \/>\n<meta name=\"robots\" content=\"index, follow, max-snippet:-1, max-image-preview:large, max-video-preview:-1\" \/>\n<link rel=\"canonical\" href=\"https:\/\/www.topfastpcb.com\/de\/products\/single-sided-flexible-pcb\/\" \/>\n<meta property=\"og:locale\" content=\"de_DE\" \/>\n<meta property=\"og:type\" content=\"article\" \/>\n<meta property=\"og:title\" content=\"Single-Sided Flexible PCB - Topfastpcb\" \/>\n<meta property=\"og:description\" content=\"Topfast specializes in high-quality single-sided flexible PCBs, with 17 years of experience. Made from premium polyimide materials, they are ultra-thin, lightweight, and highly flexible, ideal for consumer electronics, medical devices, and automotive applications.\" \/>\n<meta property=\"og:url\" content=\"https:\/\/www.topfastpcb.com\/de\/products\/single-sided-flexible-pcb\/\" \/>\n<meta property=\"og:site_name\" content=\"Topfastpcb\" \/>\n<meta property=\"article:modified_time\" content=\"2025-06-24T02:07:44+00:00\" \/>\n<meta property=\"og:image\" content=\"https:\/\/www.topfastpcb.com\/wp-content\/uploads\/2025\/06\/Flexible-PCB-13.jpg\" \/>\n\t<meta property=\"og:image:width\" content=\"800\" \/>\n\t<meta property=\"og:image:height\" content=\"800\" \/>\n\t<meta property=\"og:image:type\" content=\"image\/jpeg\" \/>\n<meta name=\"twitter:card\" content=\"summary_large_image\" \/>\n<meta name=\"twitter:label1\" content=\"Gesch\u00e4tzte Lesezeit\" \/>\n\t<meta name=\"twitter:data1\" content=\"3\u00a0Minuten\" \/>\n<script type=\"application\/ld+json\" class=\"yoast-schema-graph\">{\"@context\":\"https:\/\/schema.org\",\"@graph\":[{\"@type\":\"WebPage\",\"@id\":\"https:\/\/www.topfastpcb.com\/products\/single-sided-flexible-pcb\/\",\"url\":\"https:\/\/www.topfastpcb.com\/products\/single-sided-flexible-pcb\/\",\"name\":\"Single-Sided Flexible PCB - Topfastpcb\",\"isPartOf\":{\"@id\":\"https:\/\/www.topfastpcb.com\/#website\"},\"primaryImageOfPage\":{\"@id\":\"https:\/\/www.topfastpcb.com\/products\/single-sided-flexible-pcb\/#primaryimage\"},\"image\":{\"@id\":\"https:\/\/www.topfastpcb.com\/products\/single-sided-flexible-pcb\/#primaryimage\"},\"thumbnailUrl\":\"https:\/\/www.topfastpcb.com\/wp-content\/uploads\/2025\/06\/Flexible-PCB-13.jpg\",\"datePublished\":\"2025-06-17T02:39:32+00:00\",\"dateModified\":\"2025-06-24T02:07:44+00:00\",\"description\":\"Topfast specializes in high-quality single-sided flexible PCBs, with 17 years of experience. Made from premium polyimide materials, they are ultra-thin, lightweight, and highly flexible, ideal for consumer electronics, medical devices, and automotive applications.\",\"breadcrumb\":{\"@id\":\"https:\/\/www.topfastpcb.com\/products\/single-sided-flexible-pcb\/#breadcrumb\"},\"inLanguage\":\"de\",\"potentialAction\":[{\"@type\":\"ReadAction\",\"target\":[\"https:\/\/www.topfastpcb.com\/products\/single-sided-flexible-pcb\/\"]}]},{\"@type\":\"ImageObject\",\"inLanguage\":\"de\",\"@id\":\"https:\/\/www.topfastpcb.com\/products\/single-sided-flexible-pcb\/#primaryimage\",\"url\":\"https:\/\/www.topfastpcb.com\/wp-content\/uploads\/2025\/06\/Flexible-PCB-13.jpg\",\"contentUrl\":\"https:\/\/www.topfastpcb.com\/wp-content\/uploads\/2025\/06\/Flexible-PCB-13.jpg\",\"width\":800,\"height\":800,\"caption\":\"Single-Sided Flexible PCB\"},{\"@type\":\"BreadcrumbList\",\"@id\":\"https:\/\/www.topfastpcb.com\/products\/single-sided-flexible-pcb\/#breadcrumb\",\"itemListElement\":[{\"@type\":\"ListItem\",\"position\":1,\"name\":\"\u9996\u9875\",\"item\":\"https:\/\/www.topfastpcb.com\/\"},{\"@type\":\"ListItem\",\"position\":2,\"name\":\"\u5546\u5e97\",\"item\":\"https:\/\/www.topfastpcb.com\/shop\/\"},{\"@type\":\"ListItem\",\"position\":3,\"name\":\"Single-Sided Flexible PCB\"}]},{\"@type\":\"WebSite\",\"@id\":\"https:\/\/www.topfastpcb.com\/#website\",\"url\":\"https:\/\/www.topfastpcb.com\/\",\"name\":\"Topfastpcb\",\"description\":\"Topfast Prime Choice for Global Electronics Manufacturing\",\"publisher\":{\"@id\":\"https:\/\/www.topfastpcb.com\/#organization\"},\"potentialAction\":[{\"@type\":\"SearchAction\",\"target\":{\"@type\":\"EntryPoint\",\"urlTemplate\":\"https:\/\/www.topfastpcb.com\/?s={search_term_string}\"},\"query-input\":{\"@type\":\"PropertyValueSpecification\",\"valueRequired\":true,\"valueName\":\"search_term_string\"}}],\"inLanguage\":\"de\"},{\"@type\":\"Organization\",\"@id\":\"https:\/\/www.topfastpcb.com\/#organization\",\"name\":\"Topfastpcb\",\"url\":\"https:\/\/www.topfastpcb.com\/\",\"logo\":{\"@type\":\"ImageObject\",\"inLanguage\":\"de\",\"@id\":\"https:\/\/www.topfastpcb.com\/#\/schema\/logo\/image\/\",\"url\":\"https:\/\/www.topfastpcb.com\/wp-content\/uploads\/2026\/02\/cropped-topfast-logo.png\",\"contentUrl\":\"https:\/\/www.topfastpcb.com\/wp-content\/uploads\/2026\/02\/cropped-topfast-logo.png\",\"width\":144,\"height\":56,\"caption\":\"Topfastpcb\"},\"image\":{\"@id\":\"https:\/\/www.topfastpcb.com\/#\/schema\/logo\/image\/\"}}]}<\/script>\n<!-- \/ Yoast SEO plugin. -->","yoast_head_json":{"title":"Single-Sided Flexible PCB - Topfastpcb","description":"Topfast specializes in high-quality single-sided flexible PCBs, with 17 years of experience. Made from premium polyimide materials, they are ultra-thin, lightweight, and highly flexible, ideal for consumer electronics, medical devices, and automotive applications.","robots":{"index":"index","follow":"follow","max-snippet":"max-snippet:-1","max-image-preview":"max-image-preview:large","max-video-preview":"max-video-preview:-1"},"canonical":"https:\/\/www.topfastpcb.com\/de\/products\/single-sided-flexible-pcb\/","og_locale":"de_DE","og_type":"article","og_title":"Single-Sided Flexible PCB - Topfastpcb","og_description":"Topfast specializes in high-quality single-sided flexible PCBs, with 17 years of experience. Made from premium polyimide materials, they are ultra-thin, lightweight, and highly flexible, ideal for consumer electronics, medical devices, and automotive applications.","og_url":"https:\/\/www.topfastpcb.com\/de\/products\/single-sided-flexible-pcb\/","og_site_name":"Topfastpcb","article_modified_time":"2025-06-24T02:07:44+00:00","og_image":[{"width":800,"height":800,"url":"https:\/\/www.topfastpcb.com\/wp-content\/uploads\/2025\/06\/Flexible-PCB-13.jpg","type":"image\/jpeg"}],"twitter_card":"summary_large_image","twitter_misc":{"Gesch\u00e4tzte Lesezeit":"3\u00a0Minuten"},"schema":{"@context":"https:\/\/schema.org","@graph":[{"@type":"WebPage","@id":"https:\/\/www.topfastpcb.com\/products\/single-sided-flexible-pcb\/","url":"https:\/\/www.topfastpcb.com\/products\/single-sided-flexible-pcb\/","name":"Single-Sided Flexible PCB - Topfastpcb","isPartOf":{"@id":"https:\/\/www.topfastpcb.com\/#website"},"primaryImageOfPage":{"@id":"https:\/\/www.topfastpcb.com\/products\/single-sided-flexible-pcb\/#primaryimage"},"image":{"@id":"https:\/\/www.topfastpcb.com\/products\/single-sided-flexible-pcb\/#primaryimage"},"thumbnailUrl":"https:\/\/www.topfastpcb.com\/wp-content\/uploads\/2025\/06\/Flexible-PCB-13.jpg","datePublished":"2025-06-17T02:39:32+00:00","dateModified":"2025-06-24T02:07:44+00:00","description":"Topfast specializes in high-quality single-sided flexible PCBs, with 17 years of experience. Made from premium polyimide materials, they are ultra-thin, lightweight, and highly flexible, ideal for consumer electronics, medical devices, and automotive applications.","breadcrumb":{"@id":"https:\/\/www.topfastpcb.com\/products\/single-sided-flexible-pcb\/#breadcrumb"},"inLanguage":"de","potentialAction":[{"@type":"ReadAction","target":["https:\/\/www.topfastpcb.com\/products\/single-sided-flexible-pcb\/"]}]},{"@type":"ImageObject","inLanguage":"de","@id":"https:\/\/www.topfastpcb.com\/products\/single-sided-flexible-pcb\/#primaryimage","url":"https:\/\/www.topfastpcb.com\/wp-content\/uploads\/2025\/06\/Flexible-PCB-13.jpg","contentUrl":"https:\/\/www.topfastpcb.com\/wp-content\/uploads\/2025\/06\/Flexible-PCB-13.jpg","width":800,"height":800,"caption":"Single-Sided Flexible PCB"},{"@type":"BreadcrumbList","@id":"https:\/\/www.topfastpcb.com\/products\/single-sided-flexible-pcb\/#breadcrumb","itemListElement":[{"@type":"ListItem","position":1,"name":"\u9996\u9875","item":"https:\/\/www.topfastpcb.com\/"},{"@type":"ListItem","position":2,"name":"\u5546\u5e97","item":"https:\/\/www.topfastpcb.com\/shop\/"},{"@type":"ListItem","position":3,"name":"Single-Sided Flexible PCB"}]},{"@type":"WebSite","@id":"https:\/\/www.topfastpcb.com\/#website","url":"https:\/\/www.topfastpcb.com\/","name":"Topfastpcb","description":"Topfast Prime Choice for Global Electronics Manufacturing","publisher":{"@id":"https:\/\/www.topfastpcb.com\/#organization"},"potentialAction":[{"@type":"SearchAction","target":{"@type":"EntryPoint","urlTemplate":"https:\/\/www.topfastpcb.com\/?s={search_term_string}"},"query-input":{"@type":"PropertyValueSpecification","valueRequired":true,"valueName":"search_term_string"}}],"inLanguage":"de"},{"@type":"Organization","@id":"https:\/\/www.topfastpcb.com\/#organization","name":"Topfastpcb","url":"https:\/\/www.topfastpcb.com\/","logo":{"@type":"ImageObject","inLanguage":"de","@id":"https:\/\/www.topfastpcb.com\/#\/schema\/logo\/image\/","url":"https:\/\/www.topfastpcb.com\/wp-content\/uploads\/2026\/02\/cropped-topfast-logo.png","contentUrl":"https:\/\/www.topfastpcb.com\/wp-content\/uploads\/2026\/02\/cropped-topfast-logo.png","width":144,"height":56,"caption":"Topfastpcb"},"image":{"@id":"https:\/\/www.topfastpcb.com\/#\/schema\/logo\/image\/"}}]}},"_links":{"self":[{"href":"https:\/\/www.topfastpcb.com\/de\/wp-json\/wp\/v2\/product\/3324","targetHints":{"allow":["GET"]}}],"collection":[{"href":"https:\/\/www.topfastpcb.com\/de\/wp-json\/wp\/v2\/product"}],"about":[{"href":"https:\/\/www.topfastpcb.com\/de\/wp-json\/wp\/v2\/types\/product"}],"replies":[{"embeddable":true,"href":"https:\/\/www.topfastpcb.com\/de\/wp-json\/wp\/v2\/comments?post=3324"}],"wp:featuredmedia":[{"embeddable":true,"href":"https:\/\/www.topfastpcb.com\/de\/wp-json\/wp\/v2\/media\/3326"}],"wp:attachment":[{"href":"https:\/\/www.topfastpcb.com\/de\/wp-json\/wp\/v2\/media?parent=3324"}],"wp:term":[{"taxonomy":"product_brand","embeddable":true,"href":"https:\/\/www.topfastpcb.com\/de\/wp-json\/wp\/v2\/product_brand?post=3324"},{"taxonomy":"product_cat","embeddable":true,"href":"https:\/\/www.topfastpcb.com\/de\/wp-json\/wp\/v2\/product_cat?post=3324"},{"taxonomy":"product_tag","embeddable":true,"href":"https:\/\/www.topfastpcb.com\/de\/wp-json\/wp\/v2\/product_tag?post=3324"}],"curies":[{"name":"wp","href":"https:\/\/api.w.org\/{rel}","templated":true}]}}