{"id":3331,"date":"2025-06-18T08:37:32","date_gmt":"2025-06-18T00:37:32","guid":{"rendered":"https:\/\/www.topfastpcb.com\/?post_type=product&#038;p=3331"},"modified":"2025-06-17T16:01:04","modified_gmt":"2025-06-17T08:01:04","slug":"4-layer-flexible-pcb","status":"publish","type":"product","link":"https:\/\/www.topfastpcb.com\/de\/products\/4-layer-flexible-pcb\/","title":{"rendered":"4-lagige flexible Leiterplatte"},"content":{"rendered":"<div id=\"ez-toc-container\" class=\"ez-toc-v2_0_74 counter-hierarchy ez-toc-counter ez-toc-custom ez-toc-container-direction\">\n<div class=\"ez-toc-title-container\">\n<p class=\"ez-toc-title\" style=\"cursor:inherit\">Inhalts\u00fcbersicht<\/p>\n<span class=\"ez-toc-title-toggle\"><\/span><\/div>\n<nav><ul class='ez-toc-list ez-toc-list-level-1' ><li class='ez-toc-page-1 ez-toc-heading-level-2'><a class=\"ez-toc-link ez-toc-heading-1\" href=\"https:\/\/www.topfastpcb.com\/de\/products\/4-layer-flexible-pcb\/#Topfast_Professional_4-Layer_Flexible_PCB\" >Topfast Professional 4-Layer Flexible PCB<\/a><\/li><li class='ez-toc-page-1 ez-toc-heading-level-2'><a class=\"ez-toc-link ez-toc-heading-2\" href=\"https:\/\/www.topfastpcb.com\/de\/products\/4-layer-flexible-pcb\/#Key_Advantages_of_Topfasts_4-Layer_Flexible_PCB\" >Hauptvorteile der flexiblen 4-Lagen-Leiterplatte von Topfast<\/a><ul class='ez-toc-list-level-3' ><li class='ez-toc-heading-level-3'><a class=\"ez-toc-link ez-toc-heading-3\" href=\"https:\/\/www.topfastpcb.com\/de\/products\/4-layer-flexible-pcb\/#1_High-Density_Wiring_for_Complex_Circuits\" >1.High-Density-Verdrahtung f\u00fcr komplexe Schaltungen<\/a><\/li><li class='ez-toc-page-1 ez-toc-heading-level-3'><a class=\"ez-toc-link ez-toc-heading-4\" href=\"https:\/\/www.topfastpcb.com\/de\/products\/4-layer-flexible-pcb\/#2_Superior_Flexibility_for_Dynamic_Bending_Environments\" >2.\u00dcberlegene Flexibilit\u00e4t f\u00fcr dynamische Biegeumgebungen<\/a><\/li><li class='ez-toc-page-1 ez-toc-heading-level-3'><a class=\"ez-toc-link ez-toc-heading-5\" href=\"https:\/\/www.topfastpcb.com\/de\/products\/4-layer-flexible-pcb\/#3_Tight_Impedance_Control_for_Signal_Integrity\" >3.Enge Impedanzkontrolle f\u00fcr Signalintegrit\u00e4t<\/a><\/li><li class='ez-toc-page-1 ez-toc-heading-level-3'><a class=\"ez-toc-link ez-toc-heading-6\" href=\"https:\/\/www.topfastpcb.com\/de\/products\/4-layer-flexible-pcb\/#4_Multi-Layer_Shielding_for_EMIEMC_Protection\" >4.Mehrschichtige Abschirmung f\u00fcr EMI\/EMC-Schutz<\/a><\/li><li class='ez-toc-page-1 ez-toc-heading-level-3'><a class=\"ez-toc-link ez-toc-heading-7\" href=\"https:\/\/www.topfastpcb.com\/de\/products\/4-layer-flexible-pcb\/#5_High-Reliability_Manufacturing_Process\" >5. Hochzuverl\u00e4ssiger Herstellungsprozess<\/a><\/li><\/ul><\/li><li class='ez-toc-page-1 ez-toc-heading-level-2'><a class=\"ez-toc-link ez-toc-heading-8\" href=\"https:\/\/www.topfastpcb.com\/de\/products\/4-layer-flexible-pcb\/#Typical_Applications_of_Topfasts_4-Layer_Flexible_PCB\" >Typische Anwendungen von Topfasts 4-Layer Flexible PCB<\/a><\/li><li class='ez-toc-page-1 ez-toc-heading-level-2'><a class=\"ez-toc-link ez-toc-heading-9\" href=\"https:\/\/www.topfastpcb.com\/de\/products\/4-layer-flexible-pcb\/#Why_Choose_Topfast\" >Warum Topfast w\u00e4hlen?<\/a><\/li><li class='ez-toc-page-1 ez-toc-heading-level-2'><a class=\"ez-toc-link ez-toc-heading-10\" href=\"https:\/\/www.topfastpcb.com\/de\/products\/4-layer-flexible-pcb\/#Conclusion\" >Schlussfolgerung<\/a><\/li><\/ul><\/nav><\/div>\n\n<h2><span class=\"ez-toc-section\" id=\"Topfast_Professional_4-Layer_Flexible_PCB\"><\/span>Topfast Professional 4-Layer Flexible PCB<span class=\"ez-toc-section-end\"><\/span><\/h2>\n<p>In den heutigen hochintegrierten elektronischen Ger\u00e4ten, <strong>4-lagige flexible Leiterplatten<\/strong> haben sich aufgrund ihrer \u00fcberragenden Verdrahtungsdichte, ihrer dynamischen Biegef\u00e4higkeit und ihrer au\u00dfergew\u00f6hnlichen Zuverl\u00e4ssigkeit zur bevorzugten L\u00f6sung f\u00fcr die High-End-Industrie, die Medizintechnik, die Automobilindustrie und die Unterhaltungselektronik entwickelt. Mit 17 Jahren Erfahrung, <strong>Topfast<\/strong> ist auf die Entwicklung, Herstellung und Montage von flexiblen 4-Lagen-Leiterplatten spezialisiert und liefert hochleistungsf\u00e4hige und \u00e4u\u00dferst zuverl\u00e4ssige flexible Schaltungen f\u00fcr anspruchsvolle Anwendungen.<\/p>\n<h2><span class=\"ez-toc-section\" id=\"Key_Advantages_of_Topfasts_4-Layer_Flexible_PCB\"><\/span>Hauptvorteile der flexiblen 4-Lagen-Leiterplatte von Topfast<span class=\"ez-toc-section-end\"><\/span><\/h2>\n<h3><span class=\"ez-toc-section\" id=\"1_High-Density_Wiring_for_Complex_Circuits\"><\/span>1.High-Density-Verdrahtung f\u00fcr komplexe Schaltungen<span class=\"ez-toc-section-end\"><\/span><\/h3>\n<p>Topfasts 4-Schicht <a href=\"https:\/\/www.topfastpcb.com\/de\/products\/category\/flexible-pcb\/\">flexible Leiterplatten<\/a> verwenden ein pr\u00e4zises Stapeldesign und unterst\u00fctzen eine 4-Lagen-Kupferleiterbahnf\u00fchrung f\u00fcr eine h\u00f6here Verdrahtungsdichte, wodurch sie sich ideal f\u00fcr komplexe Schaltungsdesigns eignen.Ob f\u00fcr Hochgeschwindigkeitssignal\u00fcbertragung, Impedanzkontrolle oder mehrlagige Abschirmung, unsere flexiblen Leiterplatten liefern einwandfreie Leistung.<\/p>\n<h3><span class=\"ez-toc-section\" id=\"2_Superior_Flexibility_for_Dynamic_Bending_Environments\"><\/span>2.\u00dcberlegene Flexibilit\u00e4t f\u00fcr dynamische Biegeumgebungen<span class=\"ez-toc-section-end\"><\/span><\/h3>\n<p>Unsere 4-lagigen flexiblen Leiterplatten aus hochwertigem Polyimid (PI) bieten eine hervorragende Biegeleistung und halten \u00fcber 500.000 dynamischen Biegezyklen stand. Sie sind perfekt f\u00fcr tragbare Ger\u00e4te, faltbare Smartphones, Robotergelenke und andere Hochfrequenz-Biegeanwendungen.<\/p>\n<h3><span class=\"ez-toc-section\" id=\"3_Tight_Impedance_Control_for_Signal_Integrity\"><\/span>3.Enge Impedanzkontrolle f\u00fcr Signalintegrit\u00e4t<span class=\"ez-toc-section-end\"><\/span><\/h3>\n<p>Die flexiblen 4-Lagen-Leiterplatten von Topfast zeichnen sich durch ein pr\u00e4zises Impedanzanpassungsdesign aus, wobei die Toleranzen innerhalb von \u00b15 % kontrolliert werden. Dadurch sind sie ideal f\u00fcr digitale Hochgeschwindigkeitssignale (USB 3.0, HDMI) und Hochfrequenz-HF-Anwendungen (5G, Wi-Fi 6) geeignet, um eine stabile, st\u00f6rungsfreie \u00dcbertragung zu gew\u00e4hrleisten.<\/p>\n<h3><span class=\"ez-toc-section\" id=\"4_Multi-Layer_Shielding_for_EMIEMC_Protection\"><\/span>4.Mehrschichtige Abschirmung f\u00fcr EMI\/EMC-Schutz<span class=\"ez-toc-section-end\"><\/span><\/h3>\n<p>Mit optimierten Stack-up-Konfigurationen (z. B. symmetrisches Design von Masse- und Stromversorgungsebene) bieten unsere 4-lagigen flexiblen Leiterplatten eine hervorragende EMI\/RFI-Abschirmung und eignen sich f\u00fcr Automobilelektronik, medizinische Ger\u00e4te und industrielle Steuersysteme mit strengen Anforderungen an die elektromagnetische Vertr\u00e4glichkeit.<\/p>\n<h3><span class=\"ez-toc-section\" id=\"5_High-Reliability_Manufacturing_Process\"><\/span>5. Hochzuverl\u00e4ssiger Herstellungsprozess<span class=\"ez-toc-section-end\"><\/span><\/h3>\n<p>30\u03bcm Laserbohren f\u00fcr Microvia-Pr\u00e4zision<br \/>\n100% AOI\/ICT-Pr\u00fcfung zur Beseitigung von M\u00e4ngeln<br \/>\nIPC-6013-zertifiziert, erf\u00fcllt die h\u00f6chsten Standards der Branche<br \/>\n72-Stunden-Rapid-Prototyping zur Beschleunigung der Entwicklung<\/p>\n<h2><img loading=\"lazy\" decoding=\"async\" src=\"https:\/\/www.topfastpcb.com\/wp-content\/uploads\/2025\/06\/4-Layer-Flexible-PCB.jpg\" alt=\"4-lagige flexible Leiterplatte\" width=\"600\" height=\"402\" class=\"aligncenter size-full wp-image-3336\" srcset=\"https:\/\/www.topfastpcb.com\/wp-content\/uploads\/2025\/06\/4-Layer-Flexible-PCB.jpg 600w, https:\/\/www.topfastpcb.com\/wp-content\/uploads\/2025\/06\/4-Layer-Flexible-PCB-300x201.jpg 300w, https:\/\/www.topfastpcb.com\/wp-content\/uploads\/2025\/06\/4-Layer-Flexible-PCB-18x12.jpg 18w\" sizes=\"auto, (max-width: 600px) 100vw, 600px\" \/><\/h2>\n<h2><span class=\"ez-toc-section\" id=\"Typical_Applications_of_Topfasts_4-Layer_Flexible_PCB\"><\/span>Typische Anwendungen von Topfasts 4-Layer Flexible PCB<span class=\"ez-toc-section-end\"><\/span><\/h2>\n<p><strong>Medizinische Ger\u00e4te<\/strong>Endoskope, tragbare Gesundheitsmonitore, implantierbare Sensoren<br \/>\n<strong>Kfz-Elektronik<\/strong>Fahrzeuginterne Anzeigen, ADAS-Sensoren, LiDAR<br \/>\n<strong>Unterhaltungselektronik<\/strong>Faltbare Smartphones, AR\/VR-Brillen, Smartwatches<br \/>\n<strong>Industrielle Steuerung<\/strong>Flexible Roboter-Verbindungen, HMI-Panels, Bewegungssteuerungen<br \/>\n<strong>Luft- und Raumfahrt &amp; Verteidigung<\/strong>: Avionik-Kommunikationssysteme, Drohnenflugkontrolle<\/p>\n<h2><span class=\"ez-toc-section\" id=\"Why_Choose_Topfast\"><\/span>Warum Topfast w\u00e4hlen?<span class=\"ez-toc-section-end\"><\/span><\/h2>\n<p>Mehr als 17 Jahre Branchenerfahrung im Bereich Hochpr\u00e4zision <a href=\"https:\/\/www.topfastpcb.com\/de\/\">PCB-Herstellung<\/a><br \/>\n20.000\u33a1 moderne Fabrik mit Laserbohrung, VCP-Beschichtung und fortschrittlicher Ausr\u00fcstung<br \/>\nStrenge Qualit\u00e4tskontrolle mit 100% Flying Probe Testing &amp; R\u00f6ntgeninspektion<br \/>\nSchnelle Reaktion - 72-Stunden-Prototyping &amp; Unterst\u00fctzung der Kleinserienproduktion<br \/>\nKostenoptimierung - 15%-30% Materialeinsparung durch optimiertes Stapeldesign<\/p>\n<h2><span class=\"ez-toc-section\" id=\"Conclusion\"><\/span>Schlussfolgerung<span class=\"ez-toc-section-end\"><\/span><\/h2>\n<p>Die flexiblen 4-Lagen-Leiterplatten von Topfast bieten eine hohe Routingdichte, au\u00dfergew\u00f6hnliche Flexibilit\u00e4t und strenge Fertigungsstandards, was sie zur idealen Wahl f\u00fcr fortschrittliche Elektronik in der Medizin-, Automobil-, Verbraucher- und Industrietechnik macht. Wir bieten hochzuverl\u00e4ssige, leistungsstarke flexible Schaltungsl\u00f6sungen, die auf Ihre Bed\u00fcrfnisse zugeschnitten sind. Wenden Sie sich noch heute an uns, um Ihre individuelle 4-Lagen-Leiterplattenl\u00f6sung zu erhalten!<\/p>","protected":false},"excerpt":{"rendered":"<p>Dieser Artikel stellt die flexiblen 4-Lagen-Leiterplatten von Topfast vor und hebt deren hochdichtes Routing, dynamische Biegbarkeit, Impedanzkontrolle und EMI-Abschirmungsf\u00e4higkeiten hervor. Er behandelt wichtige Anwendungen in der Medizin-, Automobil- und Unterhaltungselektronik und betont die Professionalit\u00e4t und Zuverl\u00e4ssigkeit von Topfast bei der Herstellung flexibler Leiterplatten.<\/p>","protected":false},"featured_media":3332,"comment_status":"closed","ping_status":"closed","template":"","meta":[],"product_brand":[],"product_cat":[96],"product_tag":[103,211],"class_list":{"0":"post-3331","1":"product","2":"type-product","3":"status-publish","4":"has-post-thumbnail","6":"product_cat-flexible-pcb","7":"product_tag-flexible-pcb","8":"product_tag-multilayer-flexible-pcb","10":"first","11":"instock","12":"shipping-taxable","13":"product-type-simple"},"yoast_head":"<!-- This site is optimized with the Yoast SEO plugin v25.1 - https:\/\/yoast.com\/wordpress\/plugins\/seo\/ -->\n<title>4-Layer Flexible PCB - Topfastpcb<\/title>\n<meta name=\"description\" content=\"Topfast specializes in 4-layer flexible PCBs with high-density wiring, dynamic bending, and tight impedance control for medical, automotive, and consumer electronics. 17+ years of expertise, 72-hour prototyping, IPC-6013 certified.\" \/>\n<meta name=\"robots\" content=\"index, follow, max-snippet:-1, max-image-preview:large, max-video-preview:-1\" \/>\n<link rel=\"canonical\" href=\"https:\/\/www.topfastpcb.com\/de\/products\/4-layer-flexible-pcb\/\" \/>\n<meta property=\"og:locale\" content=\"de_DE\" \/>\n<meta property=\"og:type\" content=\"article\" \/>\n<meta property=\"og:title\" content=\"4-Layer Flexible PCB - Topfastpcb\" \/>\n<meta property=\"og:description\" content=\"Topfast specializes in 4-layer flexible PCBs with high-density wiring, dynamic bending, and tight impedance control for medical, automotive, and consumer electronics. 17+ years of expertise, 72-hour prototyping, IPC-6013 certified.\" \/>\n<meta property=\"og:url\" content=\"https:\/\/www.topfastpcb.com\/de\/products\/4-layer-flexible-pcb\/\" \/>\n<meta property=\"og:site_name\" content=\"Topfastpcb\" \/>\n<meta property=\"og:image\" content=\"https:\/\/www.topfastpcb.com\/wp-content\/uploads\/2025\/06\/Flexible-PCB-22.jpg\" \/>\n\t<meta property=\"og:image:width\" content=\"800\" \/>\n\t<meta property=\"og:image:height\" content=\"800\" \/>\n\t<meta property=\"og:image:type\" content=\"image\/jpeg\" \/>\n<meta name=\"twitter:card\" content=\"summary_large_image\" \/>\n<meta name=\"twitter:label1\" content=\"Gesch\u00e4tzte Lesezeit\" \/>\n\t<meta name=\"twitter:data1\" content=\"3\u00a0Minuten\" \/>\n<script type=\"application\/ld+json\" class=\"yoast-schema-graph\">{\"@context\":\"https:\/\/schema.org\",\"@graph\":[{\"@type\":\"WebPage\",\"@id\":\"https:\/\/www.topfastpcb.com\/products\/4-layer-flexible-pcb\/\",\"url\":\"https:\/\/www.topfastpcb.com\/products\/4-layer-flexible-pcb\/\",\"name\":\"4-Layer Flexible PCB - Topfastpcb\",\"isPartOf\":{\"@id\":\"https:\/\/www.topfastpcb.com\/#website\"},\"primaryImageOfPage\":{\"@id\":\"https:\/\/www.topfastpcb.com\/products\/4-layer-flexible-pcb\/#primaryimage\"},\"image\":{\"@id\":\"https:\/\/www.topfastpcb.com\/products\/4-layer-flexible-pcb\/#primaryimage\"},\"thumbnailUrl\":\"https:\/\/www.topfastpcb.com\/wp-content\/uploads\/2025\/06\/Flexible-PCB-22.jpg\",\"datePublished\":\"2025-06-18T00:37:32+00:00\",\"description\":\"Topfast specializes in 4-layer flexible PCBs with high-density wiring, dynamic bending, and tight impedance control for medical, automotive, and consumer electronics. 17+ years of expertise, 72-hour prototyping, IPC-6013 certified.\",\"breadcrumb\":{\"@id\":\"https:\/\/www.topfastpcb.com\/products\/4-layer-flexible-pcb\/#breadcrumb\"},\"inLanguage\":\"de\",\"potentialAction\":[{\"@type\":\"ReadAction\",\"target\":[\"https:\/\/www.topfastpcb.com\/products\/4-layer-flexible-pcb\/\"]}]},{\"@type\":\"ImageObject\",\"inLanguage\":\"de\",\"@id\":\"https:\/\/www.topfastpcb.com\/products\/4-layer-flexible-pcb\/#primaryimage\",\"url\":\"https:\/\/www.topfastpcb.com\/wp-content\/uploads\/2025\/06\/Flexible-PCB-22.jpg\",\"contentUrl\":\"https:\/\/www.topfastpcb.com\/wp-content\/uploads\/2025\/06\/Flexible-PCB-22.jpg\",\"width\":800,\"height\":800,\"caption\":\"4-Layer Flexible PCB\"},{\"@type\":\"BreadcrumbList\",\"@id\":\"https:\/\/www.topfastpcb.com\/products\/4-layer-flexible-pcb\/#breadcrumb\",\"itemListElement\":[{\"@type\":\"ListItem\",\"position\":1,\"name\":\"\u9996\u9875\",\"item\":\"https:\/\/www.topfastpcb.com\/\"},{\"@type\":\"ListItem\",\"position\":2,\"name\":\"\u5546\u5e97\",\"item\":\"https:\/\/www.topfastpcb.com\/shop\/\"},{\"@type\":\"ListItem\",\"position\":3,\"name\":\"4-Layer Flexible PCB\"}]},{\"@type\":\"WebSite\",\"@id\":\"https:\/\/www.topfastpcb.com\/#website\",\"url\":\"https:\/\/www.topfastpcb.com\/\",\"name\":\"Topfastpcb\",\"description\":\"Topfast Prime Choice for Global Electronics Manufacturing\",\"publisher\":{\"@id\":\"https:\/\/www.topfastpcb.com\/#organization\"},\"potentialAction\":[{\"@type\":\"SearchAction\",\"target\":{\"@type\":\"EntryPoint\",\"urlTemplate\":\"https:\/\/www.topfastpcb.com\/?s={search_term_string}\"},\"query-input\":{\"@type\":\"PropertyValueSpecification\",\"valueRequired\":true,\"valueName\":\"search_term_string\"}}],\"inLanguage\":\"de\"},{\"@type\":\"Organization\",\"@id\":\"https:\/\/www.topfastpcb.com\/#organization\",\"name\":\"Topfastpcb\",\"url\":\"https:\/\/www.topfastpcb.com\/\",\"logo\":{\"@type\":\"ImageObject\",\"inLanguage\":\"de\",\"@id\":\"https:\/\/www.topfastpcb.com\/#\/schema\/logo\/image\/\",\"url\":\"https:\/\/www.topfastpcb.com\/wp-content\/uploads\/2026\/02\/cropped-topfast-logo.png\",\"contentUrl\":\"https:\/\/www.topfastpcb.com\/wp-content\/uploads\/2026\/02\/cropped-topfast-logo.png\",\"width\":144,\"height\":56,\"caption\":\"Topfastpcb\"},\"image\":{\"@id\":\"https:\/\/www.topfastpcb.com\/#\/schema\/logo\/image\/\"}}]}<\/script>\n<!-- \/ Yoast SEO plugin. -->","yoast_head_json":{"title":"4-Layer Flexible PCB - Topfastpcb","description":"Topfast specializes in 4-layer flexible PCBs with high-density wiring, dynamic bending, and tight impedance control for medical, automotive, and consumer electronics. 17+ years of expertise, 72-hour prototyping, IPC-6013 certified.","robots":{"index":"index","follow":"follow","max-snippet":"max-snippet:-1","max-image-preview":"max-image-preview:large","max-video-preview":"max-video-preview:-1"},"canonical":"https:\/\/www.topfastpcb.com\/de\/products\/4-layer-flexible-pcb\/","og_locale":"de_DE","og_type":"article","og_title":"4-Layer Flexible PCB - Topfastpcb","og_description":"Topfast specializes in 4-layer flexible PCBs with high-density wiring, dynamic bending, and tight impedance control for medical, automotive, and consumer electronics. 17+ years of expertise, 72-hour prototyping, IPC-6013 certified.","og_url":"https:\/\/www.topfastpcb.com\/de\/products\/4-layer-flexible-pcb\/","og_site_name":"Topfastpcb","og_image":[{"width":800,"height":800,"url":"https:\/\/www.topfastpcb.com\/wp-content\/uploads\/2025\/06\/Flexible-PCB-22.jpg","type":"image\/jpeg"}],"twitter_card":"summary_large_image","twitter_misc":{"Gesch\u00e4tzte Lesezeit":"3\u00a0Minuten"},"schema":{"@context":"https:\/\/schema.org","@graph":[{"@type":"WebPage","@id":"https:\/\/www.topfastpcb.com\/products\/4-layer-flexible-pcb\/","url":"https:\/\/www.topfastpcb.com\/products\/4-layer-flexible-pcb\/","name":"4-Layer Flexible PCB - Topfastpcb","isPartOf":{"@id":"https:\/\/www.topfastpcb.com\/#website"},"primaryImageOfPage":{"@id":"https:\/\/www.topfastpcb.com\/products\/4-layer-flexible-pcb\/#primaryimage"},"image":{"@id":"https:\/\/www.topfastpcb.com\/products\/4-layer-flexible-pcb\/#primaryimage"},"thumbnailUrl":"https:\/\/www.topfastpcb.com\/wp-content\/uploads\/2025\/06\/Flexible-PCB-22.jpg","datePublished":"2025-06-18T00:37:32+00:00","description":"Topfast specializes in 4-layer flexible PCBs with high-density wiring, dynamic bending, and tight impedance control for medical, automotive, and consumer electronics. 17+ years of expertise, 72-hour prototyping, IPC-6013 certified.","breadcrumb":{"@id":"https:\/\/www.topfastpcb.com\/products\/4-layer-flexible-pcb\/#breadcrumb"},"inLanguage":"de","potentialAction":[{"@type":"ReadAction","target":["https:\/\/www.topfastpcb.com\/products\/4-layer-flexible-pcb\/"]}]},{"@type":"ImageObject","inLanguage":"de","@id":"https:\/\/www.topfastpcb.com\/products\/4-layer-flexible-pcb\/#primaryimage","url":"https:\/\/www.topfastpcb.com\/wp-content\/uploads\/2025\/06\/Flexible-PCB-22.jpg","contentUrl":"https:\/\/www.topfastpcb.com\/wp-content\/uploads\/2025\/06\/Flexible-PCB-22.jpg","width":800,"height":800,"caption":"4-Layer Flexible PCB"},{"@type":"BreadcrumbList","@id":"https:\/\/www.topfastpcb.com\/products\/4-layer-flexible-pcb\/#breadcrumb","itemListElement":[{"@type":"ListItem","position":1,"name":"\u9996\u9875","item":"https:\/\/www.topfastpcb.com\/"},{"@type":"ListItem","position":2,"name":"\u5546\u5e97","item":"https:\/\/www.topfastpcb.com\/shop\/"},{"@type":"ListItem","position":3,"name":"4-Layer Flexible PCB"}]},{"@type":"WebSite","@id":"https:\/\/www.topfastpcb.com\/#website","url":"https:\/\/www.topfastpcb.com\/","name":"Topfastpcb","description":"Topfast Prime Choice for Global Electronics Manufacturing","publisher":{"@id":"https:\/\/www.topfastpcb.com\/#organization"},"potentialAction":[{"@type":"SearchAction","target":{"@type":"EntryPoint","urlTemplate":"https:\/\/www.topfastpcb.com\/?s={search_term_string}"},"query-input":{"@type":"PropertyValueSpecification","valueRequired":true,"valueName":"search_term_string"}}],"inLanguage":"de"},{"@type":"Organization","@id":"https:\/\/www.topfastpcb.com\/#organization","name":"Topfastpcb","url":"https:\/\/www.topfastpcb.com\/","logo":{"@type":"ImageObject","inLanguage":"de","@id":"https:\/\/www.topfastpcb.com\/#\/schema\/logo\/image\/","url":"https:\/\/www.topfastpcb.com\/wp-content\/uploads\/2026\/02\/cropped-topfast-logo.png","contentUrl":"https:\/\/www.topfastpcb.com\/wp-content\/uploads\/2026\/02\/cropped-topfast-logo.png","width":144,"height":56,"caption":"Topfastpcb"},"image":{"@id":"https:\/\/www.topfastpcb.com\/#\/schema\/logo\/image\/"}}]}},"_links":{"self":[{"href":"https:\/\/www.topfastpcb.com\/de\/wp-json\/wp\/v2\/product\/3331","targetHints":{"allow":["GET"]}}],"collection":[{"href":"https:\/\/www.topfastpcb.com\/de\/wp-json\/wp\/v2\/product"}],"about":[{"href":"https:\/\/www.topfastpcb.com\/de\/wp-json\/wp\/v2\/types\/product"}],"replies":[{"embeddable":true,"href":"https:\/\/www.topfastpcb.com\/de\/wp-json\/wp\/v2\/comments?post=3331"}],"wp:featuredmedia":[{"embeddable":true,"href":"https:\/\/www.topfastpcb.com\/de\/wp-json\/wp\/v2\/media\/3332"}],"wp:attachment":[{"href":"https:\/\/www.topfastpcb.com\/de\/wp-json\/wp\/v2\/media?parent=3331"}],"wp:term":[{"taxonomy":"product_brand","embeddable":true,"href":"https:\/\/www.topfastpcb.com\/de\/wp-json\/wp\/v2\/product_brand?post=3331"},{"taxonomy":"product_cat","embeddable":true,"href":"https:\/\/www.topfastpcb.com\/de\/wp-json\/wp\/v2\/product_cat?post=3331"},{"taxonomy":"product_tag","embeddable":true,"href":"https:\/\/www.topfastpcb.com\/de\/wp-json\/wp\/v2\/product_tag?post=3331"}],"curies":[{"name":"wp","href":"https:\/\/api.w.org\/{rel}","templated":true}]}}