{"id":3337,"date":"2025-06-19T08:34:41","date_gmt":"2025-06-19T00:34:41","guid":{"rendered":"https:\/\/www.topfastpcb.com\/?post_type=product&#038;p=3337"},"modified":"2025-06-24T10:07:16","modified_gmt":"2025-06-24T02:07:16","slug":"mcu","status":"publish","type":"product","link":"https:\/\/www.topfastpcb.com\/de\/products\/mcu\/","title":{"rendered":"MCU (Mikrocontroller-Einheit)"},"content":{"rendered":"<div id=\"ez-toc-container\" class=\"ez-toc-v2_0_74 counter-hierarchy ez-toc-counter ez-toc-custom ez-toc-container-direction\">\n<div class=\"ez-toc-title-container\">\n<p class=\"ez-toc-title\" style=\"cursor:inherit\">Inhalts\u00fcbersicht<\/p>\n<span class=\"ez-toc-title-toggle\"><\/span><\/div>\n<nav><ul class='ez-toc-list ez-toc-list-level-1' ><li class='ez-toc-page-1 ez-toc-heading-level-2'><a class=\"ez-toc-link ez-toc-heading-1\" href=\"https:\/\/www.topfastpcb.com\/de\/products\/mcu\/#Topfast_MCU_Procurement\" >Topfast MCU-Beschaffung<\/a><ul class='ez-toc-list-level-3' ><li class='ez-toc-heading-level-3'><a class=\"ez-toc-link ez-toc-heading-2\" href=\"https:\/\/www.topfastpcb.com\/de\/products\/mcu\/#Key_Advantages_of_MCU_Procurement\" >Die wichtigsten Vorteile der MCU-Beschaffung:<\/a><\/li><\/ul><\/li><li class='ez-toc-page-1 ez-toc-heading-level-2'><a class=\"ez-toc-link ez-toc-heading-3\" href=\"https:\/\/www.topfastpcb.com\/de\/products\/mcu\/#High-Precision_MCU_PCB_Assembly\" >Hochpr\u00e4zise MCU-Leiterplattenmontage<\/a><ul class='ez-toc-list-level-3' ><li class='ez-toc-heading-level-3'><a class=\"ez-toc-link ez-toc-heading-4\" href=\"https:\/\/www.topfastpcb.com\/de\/products\/mcu\/#Key_Features_of_MCU_PCB_Assembly\" >Hauptmerkmale der MCU-Leiterplattenmontage:<\/a><\/li><\/ul><\/li><li class='ez-toc-page-1 ez-toc-heading-level-2'><a class=\"ez-toc-link ez-toc-heading-5\" href=\"https:\/\/www.topfastpcb.com\/de\/products\/mcu\/#One-Stop_MCU_PCB_Solution\" >MCU + PCB-L\u00f6sung aus einer Hand<\/a><ul class='ez-toc-list-level-3' ><li class='ez-toc-heading-level-3'><a class=\"ez-toc-link ez-toc-heading-6\" href=\"https:\/\/www.topfastpcb.com\/de\/products\/mcu\/#Topfasts_Competitive_Edge\" >Der Wettbewerbsvorteil von Topfast:<\/a><\/li><\/ul><\/li><li class='ez-toc-page-1 ez-toc-heading-level-2'><a class=\"ez-toc-link ez-toc-heading-7\" href=\"https:\/\/www.topfastpcb.com\/de\/products\/mcu\/#Applications\" >Anwendungen<\/a><\/li><li class='ez-toc-page-1 ez-toc-heading-level-2'><a class=\"ez-toc-link ez-toc-heading-8\" href=\"https:\/\/www.topfastpcb.com\/de\/products\/mcu\/#Why_choose_Topfast\" >Warum Topfast w\u00e4hlen?<\/a><\/li><\/ul><\/nav><\/div>\n\n<p class=\"ds-markdown-paragraph\">In der sich schnell entwickelnden Elektronikindustrie von heute sind Mikrocontroller (MCUs) das Herzst\u00fcck intelligenter Ger\u00e4te, w\u00e4hrend eine hochwertige Leiterplattenbest\u00fcckung eine stabile Leistung gew\u00e4hrleistet. Als ein f\u00fchrender Leiterplattenhersteller mit<span>\u00a0<\/span><strong>17 Jahre Branchenerfahrung<\/strong>,<span>\u00a0<\/span><a href=\"https:\/\/www.topfastpcb.com\/de\/\"><strong>Topfast<\/strong><\/a><span>\u00a0<\/span>bietet<span>\u00a0<\/span><strong>MCU-Beschaffung und PCB-Best\u00fcckungsdienste aus einer Hand<\/strong>Wir helfen unseren Kunden, Risiken in der Lieferkette zu verringern, Kosten zu optimieren und die Markteinf\u00fchrung zu beschleunigen.<\/p>\n<h2><span class=\"ez-toc-section\" id=\"Topfast_MCU_Procurement\"><\/span><strong>Topfast MCU-Beschaffung<\/strong><span class=\"ez-toc-section-end\"><\/span><\/h2>\n<p class=\"ds-markdown-paragraph\">Wir haben direkte Partnerschaften mit den weltweit f\u00fchrenden MCU-Marken, die sicherstellen, dass<span>\u00a0<\/span><strong>authentische Komponenten, stabile Versorgung<\/strong>und<span>\u00a0<\/span><strong>wettbewerbsf\u00e4hige Preisgestaltung<\/strong>. Ob Sie brauchen<span>\u00a0<\/span><strong><a href=\"https:\/\/www.topfastpcb.com\/de\/products\/stm32f103c8t6-microcontroller\/\">STM32<\/a>, ESP32, PIC, NXP, TI<\/strong>oder andere beliebte Modelle, bieten wir<span>\u00a0<\/span><strong>vollst\u00e4ndige St\u00fccklistenunterst\u00fctzung<\/strong><span>\u00a0<\/span>und alternative L\u00f6sungen, um Produktionsverz\u00f6gerungen aufgrund von Engp\u00e4ssen zu vermeiden.<\/p>\n<h3><span class=\"ez-toc-section\" id=\"Key_Advantages_of_MCU_Procurement\"><\/span><strong>Die wichtigsten Vorteile der MCU-Beschaffung:<\/strong><span class=\"ez-toc-section-end\"><\/span><\/h3>\n<p class=\"ds-markdown-paragraph\"><strong>Direkte Lieferung<\/strong><span>\u00a0<\/span>- STM, NXP, Microchip, TI, Renesas und andere zugelassene Kan\u00e4le, die das Risiko von F\u00e4lschungen ausschlie\u00dfen<br \/>\n<strong>St\u00fccklisten-Optimierung<\/strong><span>\u00a0<\/span>- Expertenteam bietet kosteng\u00fcnstige Alternativen<br \/>\n<strong>R\u00fcckverfolgbarkeit der Chargen<\/strong><span>\u00a0<\/span>- Strenge Qualit\u00e4tskontrolle gew\u00e4hrleistet zuverl\u00e4ssige Beschaffung<br \/>\n<strong>Obsoleszenz-Management<\/strong><span>\u00a0<\/span>- Fr\u00fchwarnungen f\u00fcr abgek\u00fcndigte Komponenten mit Upgrade-Empfehlungen<\/p>\n<h2><img loading=\"lazy\" decoding=\"async\" src=\"https:\/\/www.topfastpcb.com\/wp-content\/uploads\/2025\/06\/mcu.jpg\" alt=\"mcu\" width=\"600\" height=\"402\" class=\"aligncenter size-full wp-image-3338\" srcset=\"https:\/\/www.topfastpcb.com\/wp-content\/uploads\/2025\/06\/mcu.jpg 600w, https:\/\/www.topfastpcb.com\/wp-content\/uploads\/2025\/06\/mcu-300x201.jpg 300w, https:\/\/www.topfastpcb.com\/wp-content\/uploads\/2025\/06\/mcu-18x12.jpg 18w\" sizes=\"auto, (max-width: 600px) 100vw, 600px\" \/><\/h2>\n<h2><span class=\"ez-toc-section\" id=\"High-Precision_MCU_PCB_Assembly\"><\/span><strong>Hochpr\u00e4zise MCU-Leiterplattenmontage<\/strong><span class=\"ez-toc-section-end\"><\/span><\/h2>\n<p class=\"ds-markdown-paragraph\">Die Leistung einer MCU h\u00e4ngt nicht nur vom Chip selbst ab, sondern auch vom Leiterplattendesign, den L\u00f6tverfahren und den Tests. Topfasts<span>\u00a0<\/span><strong>fortschrittliche SMT-Produktionslinie<\/strong><span>\u00a0<\/span>unterst\u00fctzt<span>\u00a0<\/span><strong>0,3 mm Fine-Pitch-Best\u00fcckung, BGA-R\u00f6ntgenpr\u00fcfung und AOI\/ICT-Tests<\/strong>und garantiert<span>\u00a0<\/span><strong>hohe Pr\u00e4zision und Zuverl\u00e4ssigkeit<\/strong><span>\u00a0<\/span>in der MCU-Leiterplattenmontage.<\/p>\n<h3><span class=\"ez-toc-section\" id=\"Key_Features_of_MCU_PCB_Assembly\"><\/span><strong>Hauptmerkmale der MCU <a href=\"https:\/\/www.topfastpcb.com\/de\/products\/category\/pcba\/\">Leiterplattenbest\u00fcckung<\/a>:<\/strong><span class=\"ez-toc-section-end\"><\/span><\/h3>\n<p class=\"ds-markdown-paragraph\"><strong>Pr\u00e4zise Platzierung<\/strong><span>\u00a0<\/span>- Unterst\u00fctzt QFP, LGA, BGA und andere komplexe Geh\u00e4use<br \/>\n<strong>R\u00f6ntgeninspektion<\/strong><span>\u00a0<\/span>- Garantiert fehlerfreies BGA-L\u00f6ten<br \/>\n<strong>Firmware-Vorprogrammierung<\/strong><span>\u00a0<\/span>- MCU-Flashing zur Reduzierung zus\u00e4tzlicher Schritte<br \/>\n<strong>Umfassende Pr\u00fcfung<\/strong><span>\u00a0<\/span>- AOI, Flying Probe, Funktionspr\u00fcfung zur Fehlerbeseitigung<\/p>\n<h2><span class=\"ez-toc-section\" id=\"One-Stop_MCU_PCB_Solution\"><\/span><strong>MCU + PCB-L\u00f6sung aus einer Hand<\/strong><span class=\"ez-toc-section-end\"><\/span><\/h2>\n<p class=\"ds-markdown-paragraph\">Wir sind nicht nur ein Lieferant, sondern Ihr<span>\u00a0<\/span><strong>Partner in der Elektronikfertigung<\/strong>. Topfast integriert<span>\u00a0<\/span><strong>MCU-Beschaffung, PCB-Fertigung und SMT-Best\u00fcckung<\/strong><span>\u00a0<\/span>unter einem Dach, wodurch die Koordination mit mehreren Anbietern entf\u00e4llt, die Vorlaufzeiten verk\u00fcrzt und die Kosten gesenkt werden.<\/p>\n<h3><span class=\"ez-toc-section\" id=\"Topfasts_Competitive_Edge\"><\/span><strong>Der Wettbewerbsvorteil von Topfast:<\/strong><span class=\"ez-toc-section-end\"><\/span><\/h3>\n<p class=\"ds-markdown-paragraph\">\u2714<span>\u00a0<\/span><strong>Mehr als 17 Jahre Erfahrung<\/strong><span>\u00a0<\/span>- Wir betreuen weltweit Kunden aus den Bereichen Unterhaltungselektronik, Industrieautomation, Medizintechnik, Automotive und mehr.<br \/>\n\u2714<span>\u00a0<\/span><strong>End-to-End-Kontrolle<\/strong><span>\u00a0<\/span>- Von der BOM bis zur PCBA, 100%ige Eigenproduktion sichert Qualit\u00e4t<br \/>\n\u2714<span>\u00a0<\/span><strong>Schneller Turnaround<\/strong><span>\u00a0<\/span>- Unterst\u00fctzt<span>\u00a0<\/span><strong>Prototyping + Massenproduktion<\/strong><span>\u00a0<\/span>f\u00fcr flexible Nachfrage<br \/>\n\u2714<span>\u00a0<\/span><strong>Globale Lieferkette<\/strong><span>\u00a0<\/span>- Partnerschaften mit erstklassigen Komponentenlieferanten f\u00fcr eine stabile Beschaffung<\/p>\n<h2><span class=\"ez-toc-section\" id=\"Applications\"><\/span><strong>Anwendungen<\/strong><span class=\"ez-toc-section-end\"><\/span><\/h2>\n<div class=\"markdown-table-wrapper\">\n<table>\n<thead>\n<tr>\n<th><strong>Industrie<\/strong><\/th>\n<th><strong>Typische Anwendungen<\/strong><\/th>\n<th><strong>Empfohlene MCUs<\/strong><\/th>\n<\/tr>\n<\/thead>\n<tbody>\n<tr>\n<td><strong>Unterhaltungselektronik<\/strong><\/td>\n<td>Intelligentes Zuhause, Wearables<\/td>\n<td>STM32, ESP32<\/td>\n<\/tr>\n<tr>\n<td><strong>Industrielle Automatisierung<\/strong><\/td>\n<td>Motorsteuerung, HMI-Systeme<\/td>\n<td>NXP Kinetis, TI TMS<\/td>\n<\/tr>\n<tr>\n<td><strong>Medizinische Ger\u00e4te<\/strong><\/td>\n<td>Tragbare Monitore, Insulinpumpen<\/td>\n<td>Mikrochip PIC32<\/td>\n<\/tr>\n<tr>\n<td><strong>Kfz-Elektronik<\/strong><\/td>\n<td>EV-Ladeger\u00e4te, Armaturenbretter<\/td>\n<td>Infineon AURIX, Renesas RX<\/td>\n<\/tr>\n<tr>\n<td><strong>IoT-Ger\u00e4te<\/strong><\/td>\n<td>Drahtlose Sensoren, Edge Computing<\/td>\n<td>Nordic nRF, STM32L<\/td>\n<\/tr>\n<\/tbody>\n<\/table>\n<\/div>\n<h2><span class=\"ez-toc-section\" id=\"Why_choose_Topfast\"><\/span>Warum Topfast w\u00e4hlen?<span class=\"ez-toc-section-end\"><\/span><\/h2>\n<p class=\"ds-markdown-paragraph\">Mit<span>\u00a0<\/span><strong>fortschrittliche Fertigungsanlagen, strenge Qualit\u00e4tskontrollen und eine globale Lieferkette<\/strong>Topfast liefert<span>\u00a0<\/span><strong>hochzuverl\u00e4ssige, kosteneffiziente MCU-Beschaffung und PCB-Best\u00fcckungsdienste<\/strong>. Ob f\u00fcr<span>\u00a0<\/span><strong>Prototyping oder Massenproduktion<\/strong>Wir tragen dazu bei, die Produktentwicklung zu beschleunigen und die Risiken in der Lieferkette zu mindern.<\/p>\n<p class=\"ds-markdown-paragraph\"><strong>Kontaktieren Sie uns noch heute f\u00fcr eine MCU-Beschaffung &amp; <a href=\"https:\/\/www.topfastpcb.com\/de\/contact\/\">Angebot f\u00fcr PCB-Best\u00fcckung<\/a>!<\/strong><\/p>","protected":false},"excerpt":{"rendered":"<p><span>Topfast bietet professionelle MCU-Beschaffungs- und PCB-Best\u00fcckungsdienste an und liefert STM32, ESP32, PIC und mehr mit hochpr\u00e4ziser SMT-Best\u00fcckung, R\u00f6ntgeninspektion und vollst\u00e4ndigen Tests. Mit mehr als 17 Jahren Erfahrung bieten wir eine L\u00f6sung aus einer Hand f\u00fcr eine schnelle und zuverl\u00e4ssige Produktion!<\/span><\/p>","protected":false},"featured_media":3339,"comment_status":"closed","ping_status":"closed","template":"","meta":[],"product_brand":[],"product_cat":[217],"product_tag":[289,231],"class_list":{"0":"post-3337","1":"product","2":"type-product","3":"status-publish","4":"has-post-thumbnail","6":"product_cat-electronic-components","7":"product_tag-mcu","8":"product_tag-pcb-assembly","10":"first","11":"instock","12":"shipping-taxable","13":"product-type-simple"},"yoast_head":"<!-- This site is optimized with the Yoast SEO plugin v25.1 - https:\/\/yoast.com\/wordpress\/plugins\/seo\/ -->\n<title>MCU(Microcontroller Unit) - Topfastpcb<\/title>\n<meta name=\"description\" content=\"Topfast provides professional MCU procurement &amp; PCB assembly services, including STM32\/ESP32\/PIC direct supply, high-precision SMT assembly, and testing. 17+ years of expertise, one-stop solution for quality &amp; fast delivery!\" \/>\n<meta name=\"robots\" content=\"index, follow, max-snippet:-1, max-image-preview:large, max-video-preview:-1\" \/>\n<link rel=\"canonical\" href=\"https:\/\/www.topfastpcb.com\/de\/products\/mcu\/\" \/>\n<meta property=\"og:locale\" content=\"de_DE\" \/>\n<meta property=\"og:type\" content=\"article\" \/>\n<meta property=\"og:title\" content=\"MCU(Microcontroller Unit) - Topfastpcb\" \/>\n<meta property=\"og:description\" content=\"Topfast provides professional MCU procurement &amp; PCB assembly services, including STM32\/ESP32\/PIC direct supply, high-precision SMT assembly, and testing. 17+ years of expertise, one-stop solution for quality &amp; fast delivery!\" \/>\n<meta property=\"og:url\" content=\"https:\/\/www.topfastpcb.com\/de\/products\/mcu\/\" \/>\n<meta property=\"og:site_name\" content=\"Topfastpcb\" \/>\n<meta property=\"article:modified_time\" content=\"2025-06-24T02:07:16+00:00\" \/>\n<meta property=\"og:image\" content=\"https:\/\/www.topfastpcb.com\/wp-content\/uploads\/2025\/06\/mcu3.jpg\" \/>\n\t<meta property=\"og:image:width\" content=\"750\" \/>\n\t<meta property=\"og:image:height\" content=\"750\" \/>\n\t<meta property=\"og:image:type\" content=\"image\/jpeg\" \/>\n<meta name=\"twitter:card\" content=\"summary_large_image\" \/>\n<meta name=\"twitter:label1\" content=\"Gesch\u00e4tzte Lesezeit\" \/>\n\t<meta name=\"twitter:data1\" content=\"3\u00a0Minuten\" \/>\n<script type=\"application\/ld+json\" class=\"yoast-schema-graph\">{\"@context\":\"https:\/\/schema.org\",\"@graph\":[{\"@type\":\"WebPage\",\"@id\":\"https:\/\/www.topfastpcb.com\/products\/mcu\/\",\"url\":\"https:\/\/www.topfastpcb.com\/products\/mcu\/\",\"name\":\"MCU(Microcontroller Unit) - Topfastpcb\",\"isPartOf\":{\"@id\":\"https:\/\/www.topfastpcb.com\/#website\"},\"primaryImageOfPage\":{\"@id\":\"https:\/\/www.topfastpcb.com\/products\/mcu\/#primaryimage\"},\"image\":{\"@id\":\"https:\/\/www.topfastpcb.com\/products\/mcu\/#primaryimage\"},\"thumbnailUrl\":\"https:\/\/www.topfastpcb.com\/wp-content\/uploads\/2025\/06\/mcu3.jpg\",\"datePublished\":\"2025-06-19T00:34:41+00:00\",\"dateModified\":\"2025-06-24T02:07:16+00:00\",\"description\":\"Topfast provides professional MCU procurement & PCB assembly services, including STM32\/ESP32\/PIC direct supply, high-precision SMT assembly, and testing. 17+ years of expertise, one-stop solution for quality & fast delivery!\",\"breadcrumb\":{\"@id\":\"https:\/\/www.topfastpcb.com\/products\/mcu\/#breadcrumb\"},\"inLanguage\":\"de\",\"potentialAction\":[{\"@type\":\"ReadAction\",\"target\":[\"https:\/\/www.topfastpcb.com\/products\/mcu\/\"]}]},{\"@type\":\"ImageObject\",\"inLanguage\":\"de\",\"@id\":\"https:\/\/www.topfastpcb.com\/products\/mcu\/#primaryimage\",\"url\":\"https:\/\/www.topfastpcb.com\/wp-content\/uploads\/2025\/06\/mcu3.jpg\",\"contentUrl\":\"https:\/\/www.topfastpcb.com\/wp-content\/uploads\/2025\/06\/mcu3.jpg\",\"width\":750,\"height\":750},{\"@type\":\"BreadcrumbList\",\"@id\":\"https:\/\/www.topfastpcb.com\/products\/mcu\/#breadcrumb\",\"itemListElement\":[{\"@type\":\"ListItem\",\"position\":1,\"name\":\"\u9996\u9875\",\"item\":\"https:\/\/www.topfastpcb.com\/\"},{\"@type\":\"ListItem\",\"position\":2,\"name\":\"\u5546\u5e97\",\"item\":\"https:\/\/www.topfastpcb.com\/shop\/\"},{\"@type\":\"ListItem\",\"position\":3,\"name\":\"MCU(Microcontroller Unit)\"}]},{\"@type\":\"WebSite\",\"@id\":\"https:\/\/www.topfastpcb.com\/#website\",\"url\":\"https:\/\/www.topfastpcb.com\/\",\"name\":\"Topfastpcb\",\"description\":\"Topfast Prime Choice for Global Electronics Manufacturing\",\"publisher\":{\"@id\":\"https:\/\/www.topfastpcb.com\/#organization\"},\"potentialAction\":[{\"@type\":\"SearchAction\",\"target\":{\"@type\":\"EntryPoint\",\"urlTemplate\":\"https:\/\/www.topfastpcb.com\/?s={search_term_string}\"},\"query-input\":{\"@type\":\"PropertyValueSpecification\",\"valueRequired\":true,\"valueName\":\"search_term_string\"}}],\"inLanguage\":\"de\"},{\"@type\":\"Organization\",\"@id\":\"https:\/\/www.topfastpcb.com\/#organization\",\"name\":\"Topfastpcb\",\"url\":\"https:\/\/www.topfastpcb.com\/\",\"logo\":{\"@type\":\"ImageObject\",\"inLanguage\":\"de\",\"@id\":\"https:\/\/www.topfastpcb.com\/#\/schema\/logo\/image\/\",\"url\":\"https:\/\/www.topfastpcb.com\/wp-content\/uploads\/2026\/02\/cropped-topfast-logo.png\",\"contentUrl\":\"https:\/\/www.topfastpcb.com\/wp-content\/uploads\/2026\/02\/cropped-topfast-logo.png\",\"width\":144,\"height\":56,\"caption\":\"Topfastpcb\"},\"image\":{\"@id\":\"https:\/\/www.topfastpcb.com\/#\/schema\/logo\/image\/\"}}]}<\/script>\n<!-- \/ Yoast SEO plugin. -->","yoast_head_json":{"title":"MCU(Microcontroller Unit) - Topfastpcb","description":"Topfast provides professional MCU procurement & PCB assembly services, including STM32\/ESP32\/PIC direct supply, high-precision SMT assembly, and testing. 17+ years of expertise, one-stop solution for quality & fast delivery!","robots":{"index":"index","follow":"follow","max-snippet":"max-snippet:-1","max-image-preview":"max-image-preview:large","max-video-preview":"max-video-preview:-1"},"canonical":"https:\/\/www.topfastpcb.com\/de\/products\/mcu\/","og_locale":"de_DE","og_type":"article","og_title":"MCU(Microcontroller Unit) - Topfastpcb","og_description":"Topfast provides professional MCU procurement & PCB assembly services, including STM32\/ESP32\/PIC direct supply, high-precision SMT assembly, and testing. 17+ years of expertise, one-stop solution for quality & fast delivery!","og_url":"https:\/\/www.topfastpcb.com\/de\/products\/mcu\/","og_site_name":"Topfastpcb","article_modified_time":"2025-06-24T02:07:16+00:00","og_image":[{"width":750,"height":750,"url":"https:\/\/www.topfastpcb.com\/wp-content\/uploads\/2025\/06\/mcu3.jpg","type":"image\/jpeg"}],"twitter_card":"summary_large_image","twitter_misc":{"Gesch\u00e4tzte Lesezeit":"3\u00a0Minuten"},"schema":{"@context":"https:\/\/schema.org","@graph":[{"@type":"WebPage","@id":"https:\/\/www.topfastpcb.com\/products\/mcu\/","url":"https:\/\/www.topfastpcb.com\/products\/mcu\/","name":"MCU(Microcontroller Unit) - Topfastpcb","isPartOf":{"@id":"https:\/\/www.topfastpcb.com\/#website"},"primaryImageOfPage":{"@id":"https:\/\/www.topfastpcb.com\/products\/mcu\/#primaryimage"},"image":{"@id":"https:\/\/www.topfastpcb.com\/products\/mcu\/#primaryimage"},"thumbnailUrl":"https:\/\/www.topfastpcb.com\/wp-content\/uploads\/2025\/06\/mcu3.jpg","datePublished":"2025-06-19T00:34:41+00:00","dateModified":"2025-06-24T02:07:16+00:00","description":"Topfast provides professional MCU procurement & PCB assembly services, including STM32\/ESP32\/PIC direct supply, high-precision SMT assembly, and testing. 17+ years of expertise, one-stop solution for quality & fast delivery!","breadcrumb":{"@id":"https:\/\/www.topfastpcb.com\/products\/mcu\/#breadcrumb"},"inLanguage":"de","potentialAction":[{"@type":"ReadAction","target":["https:\/\/www.topfastpcb.com\/products\/mcu\/"]}]},{"@type":"ImageObject","inLanguage":"de","@id":"https:\/\/www.topfastpcb.com\/products\/mcu\/#primaryimage","url":"https:\/\/www.topfastpcb.com\/wp-content\/uploads\/2025\/06\/mcu3.jpg","contentUrl":"https:\/\/www.topfastpcb.com\/wp-content\/uploads\/2025\/06\/mcu3.jpg","width":750,"height":750},{"@type":"BreadcrumbList","@id":"https:\/\/www.topfastpcb.com\/products\/mcu\/#breadcrumb","itemListElement":[{"@type":"ListItem","position":1,"name":"\u9996\u9875","item":"https:\/\/www.topfastpcb.com\/"},{"@type":"ListItem","position":2,"name":"\u5546\u5e97","item":"https:\/\/www.topfastpcb.com\/shop\/"},{"@type":"ListItem","position":3,"name":"MCU(Microcontroller Unit)"}]},{"@type":"WebSite","@id":"https:\/\/www.topfastpcb.com\/#website","url":"https:\/\/www.topfastpcb.com\/","name":"Topfastpcb","description":"Topfast Prime Choice for Global Electronics Manufacturing","publisher":{"@id":"https:\/\/www.topfastpcb.com\/#organization"},"potentialAction":[{"@type":"SearchAction","target":{"@type":"EntryPoint","urlTemplate":"https:\/\/www.topfastpcb.com\/?s={search_term_string}"},"query-input":{"@type":"PropertyValueSpecification","valueRequired":true,"valueName":"search_term_string"}}],"inLanguage":"de"},{"@type":"Organization","@id":"https:\/\/www.topfastpcb.com\/#organization","name":"Topfastpcb","url":"https:\/\/www.topfastpcb.com\/","logo":{"@type":"ImageObject","inLanguage":"de","@id":"https:\/\/www.topfastpcb.com\/#\/schema\/logo\/image\/","url":"https:\/\/www.topfastpcb.com\/wp-content\/uploads\/2026\/02\/cropped-topfast-logo.png","contentUrl":"https:\/\/www.topfastpcb.com\/wp-content\/uploads\/2026\/02\/cropped-topfast-logo.png","width":144,"height":56,"caption":"Topfastpcb"},"image":{"@id":"https:\/\/www.topfastpcb.com\/#\/schema\/logo\/image\/"}}]}},"_links":{"self":[{"href":"https:\/\/www.topfastpcb.com\/de\/wp-json\/wp\/v2\/product\/3337","targetHints":{"allow":["GET"]}}],"collection":[{"href":"https:\/\/www.topfastpcb.com\/de\/wp-json\/wp\/v2\/product"}],"about":[{"href":"https:\/\/www.topfastpcb.com\/de\/wp-json\/wp\/v2\/types\/product"}],"replies":[{"embeddable":true,"href":"https:\/\/www.topfastpcb.com\/de\/wp-json\/wp\/v2\/comments?post=3337"}],"wp:featuredmedia":[{"embeddable":true,"href":"https:\/\/www.topfastpcb.com\/de\/wp-json\/wp\/v2\/media\/3339"}],"wp:attachment":[{"href":"https:\/\/www.topfastpcb.com\/de\/wp-json\/wp\/v2\/media?parent=3337"}],"wp:term":[{"taxonomy":"product_brand","embeddable":true,"href":"https:\/\/www.topfastpcb.com\/de\/wp-json\/wp\/v2\/product_brand?post=3337"},{"taxonomy":"product_cat","embeddable":true,"href":"https:\/\/www.topfastpcb.com\/de\/wp-json\/wp\/v2\/product_cat?post=3337"},{"taxonomy":"product_tag","embeddable":true,"href":"https:\/\/www.topfastpcb.com\/de\/wp-json\/wp\/v2\/product_tag?post=3337"}],"curies":[{"name":"wp","href":"https:\/\/api.w.org\/{rel}","templated":true}]}}