{"id":3343,"date":"2025-06-20T08:24:32","date_gmt":"2025-06-20T00:24:32","guid":{"rendered":"https:\/\/www.topfastpcb.com\/?post_type=product&#038;p=3343"},"modified":"2025-06-24T10:05:53","modified_gmt":"2025-06-24T02:05:53","slug":"resistors","status":"publish","type":"product","link":"https:\/\/www.topfastpcb.com\/de\/products\/resistors\/","title":{"rendered":"Widerst\u00e4nde"},"content":{"rendered":"<div id=\"ez-toc-container\" class=\"ez-toc-v2_0_74 counter-hierarchy ez-toc-counter ez-toc-custom ez-toc-container-direction\">\n<div class=\"ez-toc-title-container\">\n<p class=\"ez-toc-title\" style=\"cursor:inherit\">Inhalts\u00fcbersicht<\/p>\n<span class=\"ez-toc-title-toggle\"><\/span><\/div>\n<nav><ul class='ez-toc-list ez-toc-list-level-1' ><li class='ez-toc-page-1 ez-toc-heading-level-2'><a class=\"ez-toc-link ez-toc-heading-1\" href=\"https:\/\/www.topfastpcb.com\/de\/products\/resistors\/#Definition_and_function_of_resistors\" >Definition und Funktion von Widerst\u00e4nden<\/a><\/li><li class='ez-toc-page-1 ez-toc-heading-level-2'><a class=\"ez-toc-link ez-toc-heading-2\" href=\"https:\/\/www.topfastpcb.com\/de\/products\/resistors\/#Comprehensive_Resistor_Product_Portfolio\" >Umfassendes Widerstands-Produktportfolio<\/a><ul class='ez-toc-list-level-3' ><li class='ez-toc-heading-level-3'><a class=\"ez-toc-link ez-toc-heading-3\" href=\"https:\/\/www.topfastpcb.com\/de\/products\/resistors\/#High-Precision_Metal_Film_Resistor_Series\" >Hochpr\u00e4zisions-Metallfilmwiderstandsserie<\/a><\/li><li class='ez-toc-page-1 ez-toc-heading-level-3'><a class=\"ez-toc-link ez-toc-heading-4\" href=\"https:\/\/www.topfastpcb.com\/de\/products\/resistors\/#High-Power_Wirewound_Resistor_Solutions\" >L\u00f6sungen f\u00fcr drahtgewickelte High-Power-Widerst\u00e4nde<\/a><\/li><li class='ez-toc-page-1 ez-toc-heading-level-3'><a class=\"ez-toc-link ez-toc-heading-5\" href=\"https:\/\/www.topfastpcb.com\/de\/products\/resistors\/#Complete_Surface_Mount_Resistor_SMD_Series\" >Komplette Serie oberfl\u00e4chenmontierter Widerst\u00e4nde (SMD)<\/a><\/li><li class='ez-toc-page-1 ez-toc-heading-level-3'><a class=\"ez-toc-link ez-toc-heading-6\" href=\"https:\/\/www.topfastpcb.com\/de\/products\/resistors\/#Custom_Specialty_Resistor_Services\" >Kundenspezifische Dienstleistungen f\u00fcr Spezialwiderst\u00e4nde<\/a><\/li><\/ul><\/li><li class='ez-toc-page-1 ez-toc-heading-level-2'><a class=\"ez-toc-link ez-toc-heading-7\" href=\"https:\/\/www.topfastpcb.com\/de\/products\/resistors\/#Quality_Assurance_System_Exceeding_Industry_Standards\" >Qualit\u00e4tssicherungssystem \u00fcbertrifft Industriestandards<\/a><ul class='ez-toc-list-level-3' ><li class='ez-toc-heading-level-3'><a class=\"ez-toc-link ez-toc-heading-8\" href=\"https:\/\/www.topfastpcb.com\/de\/products\/resistors\/#Raw_Material_Control\" >Kontrolle des Rohmaterials<\/a><\/li><li class='ez-toc-page-1 ez-toc-heading-level-3'><a class=\"ez-toc-link ez-toc-heading-9\" href=\"https:\/\/www.topfastpcb.com\/de\/products\/resistors\/#Advanced_Manufacturing_Processes\" >Fortgeschrittene Fertigungsprozesse<\/a><\/li><li class='ez-toc-page-1 ez-toc-heading-level-3'><a class=\"ez-toc-link ez-toc-heading-10\" href=\"https:\/\/www.topfastpcb.com\/de\/products\/resistors\/#Rigorous_Reliability_Testing\" >Strenge Zuverl\u00e4ssigkeitstests<\/a><\/li><\/ul><\/li><li class='ez-toc-page-1 ez-toc-heading-level-2'><a class=\"ez-toc-link ez-toc-heading-11\" href=\"https:\/\/www.topfastpcb.com\/de\/products\/resistors\/#Value-Added_Services_for_Customers\" >Mehrwertdienste f\u00fcr Kunden<\/a><ul class='ez-toc-list-level-3' ><li class='ez-toc-heading-level-3'><a class=\"ez-toc-link ez-toc-heading-12\" href=\"https:\/\/www.topfastpcb.com\/de\/products\/resistors\/#Technical_Support_Team\" >Team f\u00fcr technische Unterst\u00fctzung<\/a><\/li><li class='ez-toc-page-1 ez-toc-heading-level-3'><a class=\"ez-toc-link ez-toc-heading-13\" href=\"https:\/\/www.topfastpcb.com\/de\/products\/resistors\/#Rapid_Response_Mechanism\" >Mechanismus der schnellen Reaktion<\/a><\/li><li class='ez-toc-page-1 ez-toc-heading-level-3'><a class=\"ez-toc-link ez-toc-heading-14\" href=\"https:\/\/www.topfastpcb.com\/de\/products\/resistors\/#Cost_Optimization_Solutions\" >L\u00f6sungen zur Kostenoptimierung<\/a><\/li><\/ul><\/li><li class='ez-toc-page-1 ez-toc-heading-level-2'><a class=\"ez-toc-link ez-toc-heading-15\" href=\"https:\/\/www.topfastpcb.com\/de\/products\/resistors\/#Industry_Application_Cases\" >Anwendungsf\u00e4lle f\u00fcr die Industrie<\/a><ul class='ez-toc-list-level-3' ><li class='ez-toc-heading-level-3'><a class=\"ez-toc-link ez-toc-heading-16\" href=\"https:\/\/www.topfastpcb.com\/de\/products\/resistors\/#About_Topfast\" >\u00dcber Topfast<\/a><\/li><\/ul><\/li><li class='ez-toc-page-1 ez-toc-heading-level-2'><a class=\"ez-toc-link ez-toc-heading-17\" href=\"https:\/\/www.topfastpcb.com\/de\/products\/resistors\/#Why_choose_Topfast\" >Warum Topfast w\u00e4hlen?<\/a><\/li><\/ul><\/nav><\/div>\n\n<h2><span class=\"ez-toc-section\" id=\"Definition_and_function_of_resistors\"><\/span>Definition und Funktion von Widerst\u00e4nden<span class=\"ez-toc-section-end\"><\/span><\/h2>\n<p>A <a href=\"https:\/\/www.topfastpcb.com\/de\/blog\/the-resistor\/\">Widerstand<\/a> ist ein grundlegendes Bauteil in elektronischen Ger\u00e4ten, das h\u00e4ufig zur Steuerung oder Begrenzung des Stroms in einem Schaltkreis verwendet wird.Der Widerstandswert eines Widerstands bestimmt das Ausma\u00df, in dem er den Stromfluss hemmt. Nach dem Ohm'schen Gesetz (V=IR) gilt: Je h\u00f6her der Widerstandswert, desto geringer der Strom, der bei einer bestimmten Spannung flie\u00dft, wobei V die Spannung, I der Strom und R der Widerstand ist.<\/p>\n<p class=\"ds-markdown-paragraph\">Bei der Entwicklung elektronischer Schaltungen geh\u00f6ren Widerst\u00e4nde zu den wichtigsten passiven Bauteilen, deren Leistung sich direkt auf die Stabilit\u00e4t und Zuverl\u00e4ssigkeit ganzer Systeme auswirkt. Als <a href=\"https:\/\/www.topfastpcb.com\/de\/\">PCB-Herstellung<\/a> Topfast ist ein Spezialist mit 17 Jahren Berufserfahrung, der die Eigenschaften und Anwendungsszenarien verschiedener Widerst\u00e4nde genau kennt und seinen Kunden Komplettl\u00f6sungen von der Komponentenauswahl bis zur Montage bietet.<\/p>\n<h2><span class=\"ez-toc-section\" id=\"Comprehensive_Resistor_Product_Portfolio\"><\/span>Umfassendes Widerstands-Produktportfolio<span class=\"ez-toc-section-end\"><\/span><\/h2>\n<p class=\"ds-markdown-paragraph\">Topfast&#8217;s Widerstandsbestand deckt alle g\u00e4ngigen Typen ab, um die strengen Anforderungen verschiedener Anwendungen zu erf\u00fcllen:<\/p>\n<h3 class=\"ds-markdown-paragraph\"><span class=\"ez-toc-section\" id=\"High-Precision_Metal_Film_Resistor_Series\"><\/span><strong>Hochpr\u00e4zisions-Metallfilmwiderstandsserie<\/strong><span class=\"ez-toc-section-end\"><\/span><\/h3>\n<p class=\"ds-markdown-paragraph\">Hergestellt mit modernster Vakuumbeschichtungstechnologie mit Toleranzen von \u00b10,1 % und Temperaturkoeffizienten von nur 25 ppm\/\u2103.Besonders geeignet f\u00fcr medizinische Ger\u00e4te und Pr\u00e4zisionsinstrumente, die eine au\u00dfergew\u00f6hnliche Stabilit\u00e4t erfordern. Unsere Metallfilmwiderst\u00e4nde werden 100%igen Alterungstests unterzogen, um langfristige Zuverl\u00e4ssigkeit zu gew\u00e4hrleisten.<\/p>\n<h3 class=\"ds-markdown-paragraph\"><span class=\"ez-toc-section\" id=\"High-Power_Wirewound_Resistor_Solutions\"><\/span><strong>L\u00f6sungen f\u00fcr drahtgewickelte High-Power-Widerst\u00e4nde<\/strong><span class=\"ez-toc-section-end\"><\/span><\/h3>\n<p class=\"ds-markdown-paragraph\">Nennleistungen von 5W bis 300W, mit speziell legiertem Widerstandsdraht und Keramikkernen mit ausgezeichneter Hochtemperaturleistung.Sie werden erfolgreich in industriellen Frequenzumrichtern und Stromversorgungssystemen eingesetzt und weisen eine mittlere Betriebsdauer von \u00fcber 100.000 Stunden auf.<\/p>\n<h3 class=\"ds-markdown-paragraph\"><span class=\"ez-toc-section\" id=\"Complete_Surface_Mount_Resistor_SMD_Series\"><\/span><strong>Komplette Serie oberfl\u00e4chenmontierter Widerst\u00e4nde (SMD)<\/strong><span class=\"ez-toc-section-end\"><\/span><\/h3>\n<p class=\"ds-markdown-paragraph\">Wir decken alle Gr\u00f6\u00dfen von 0201 bis 2512 ab, mit Dickschicht- und D\u00fcnnschichtoptionen.Unsere SMD-Widerst\u00e4nde verf\u00fcgen \u00fcber innovative Anschlussstrukturen, die die Zuverl\u00e4ssigkeit beim L\u00f6ten um 30 % \u00fcber den Industriestandards liegen, wodurch sie sich ideal f\u00fcr Umgebungen mit hohen Vibrationen, wie z. B. in der Automobilelektronik, eignen.<\/p>\n<h3 class=\"ds-markdown-paragraph\"><span class=\"ez-toc-section\" id=\"Custom_Specialty_Resistor_Services\"><\/span><strong>Kundenspezifische Dienstleistungen f\u00fcr Spezialwiderst\u00e4nde<\/strong><span class=\"ez-toc-section-end\"><\/span><\/h3>\n<ul>\n<li>\n<p class=\"ds-markdown-paragraph\">Nicht-magnetische Widerst\u00e4nde:Spezielle Materialsysteme mit Restmagnetismus &lt; 0,01 mT, die die strengen Anforderungen f\u00fcr medizinische Bildgebungsger\u00e4te wie MRI-Systeme erf\u00fcllen<\/p>\n<\/li>\n<li>\n<p class=\"ds-markdown-paragraph\">Hochspannungswiderst\u00e4nde:Betriebsspannungen bis zu 50 kV f\u00fcr Spezialger\u00e4te wie R\u00f6ntgenger\u00e4te<\/p>\n<\/li>\n<li>\n<p class=\"ds-markdown-paragraph\">\u00dcberspannungsfeste Widerst\u00e4nde: Impulsfestigkeit, die die von Standardprodukten um das 5-fache \u00fcbertrifft<\/p>\n<\/li>\n<\/ul>\n<h2><img loading=\"lazy\" decoding=\"async\" src=\"https:\/\/www.topfastpcb.com\/wp-content\/uploads\/2025\/06\/resistors-4.jpg\" alt=\"Widerst\u00e4nde\" width=\"600\" height=\"402\" class=\"aligncenter size-full wp-image-3344\" srcset=\"https:\/\/www.topfastpcb.com\/wp-content\/uploads\/2025\/06\/resistors-4.jpg 600w, https:\/\/www.topfastpcb.com\/wp-content\/uploads\/2025\/06\/resistors-4-300x201.jpg 300w, https:\/\/www.topfastpcb.com\/wp-content\/uploads\/2025\/06\/resistors-4-18x12.jpg 18w\" sizes=\"auto, (max-width: 600px) 100vw, 600px\" \/><\/h2>\n<h2><span class=\"ez-toc-section\" id=\"Quality_Assurance_System_Exceeding_Industry_Standards\"><\/span>Qualit\u00e4tssicherungssystem \u00fcbertrifft Industriestandards<span class=\"ez-toc-section-end\"><\/span><\/h2>\n<p class=\"ds-markdown-paragraph\">Topfast hat ein umfassendes Qualit\u00e4tskontrollsystem eingef\u00fchrt:<\/p>\n<h3 class=\"ds-markdown-paragraph\"><span class=\"ez-toc-section\" id=\"Raw_Material_Control\"><\/span><strong>Kontrolle des Rohmaterials<\/strong><span class=\"ez-toc-section-end\"><\/span><\/h3>\n<p class=\"ds-markdown-paragraph\">Direkte Partnerschaften mit Spitzenlieferanten wie Vishay und Yageo, mit:<\/p>\n<ul>\n<li>\n<p class=\"ds-markdown-paragraph\">Vollst\u00e4ndige \u00dcberpr\u00fcfung der elektrischen Parameter<\/p>\n<\/li>\n<li>\n<p class=\"ds-markdown-paragraph\">Pr\u00fcfung der L\u00f6tbarkeit<\/p>\n<\/li>\n<li>\n<p class=\"ds-markdown-paragraph\">Analyse der Mikrostruktur<\/p>\n<\/li>\n<\/ul>\n<h3 class=\"ds-markdown-paragraph\"><span class=\"ez-toc-section\" id=\"Advanced_Manufacturing_Processes\"><\/span><strong>Fortgeschrittene Fertigungsprozesse<\/strong><span class=\"ez-toc-section-end\"><\/span><\/h3>\n<ul>\n<li>\n<p class=\"ds-markdown-paragraph\">Japanische Hochpr\u00e4zisionsbest\u00fcckungsger\u00e4te (\u00b125\u03bcm Genauigkeit)<\/p>\n<\/li>\n<li>\n<p class=\"ds-markdown-paragraph\">Stickstoffgesch\u00fctztes Reflow-L\u00f6ten (Oxidationsrate &lt;0,1%)<\/p>\n<\/li>\n<li>\n<p class=\"ds-markdown-paragraph\">100% <a href=\"https:\/\/www.topfastpcb.com\/de\/blog\/what-is-aoi-automated-optical-inspection\/\">automatische optische Inspektion<\/a> (AOI) Abdeckung<\/p>\n<\/li>\n<\/ul>\n<h3 class=\"ds-markdown-paragraph\"><span class=\"ez-toc-section\" id=\"Rigorous_Reliability_Testing\"><\/span><strong>Strenge Zuverl\u00e4ssigkeitstests<\/strong><span class=\"ez-toc-section-end\"><\/span><\/h3>\n<ul>\n<li>\n<p class=\"ds-markdown-paragraph\">Temperaturwechsel (-55\u2103~+125\u2103) 100 Zyklen<\/p>\n<\/li>\n<li>\n<p class=\"ds-markdown-paragraph\">85\u2103\/85%RH feuchte W\u00e4rmepr\u00fcfung f\u00fcr 1000 Stunden<\/p>\n<\/li>\n<li>\n<p class=\"ds-markdown-paragraph\">Mechanische Vibrationspr\u00fcfung (20G)<\/p>\n<\/li>\n<\/ul>\n<h2><span class=\"ez-toc-section\" id=\"Value-Added_Services_for_Customers\"><\/span>Mehrwertdienste f\u00fcr Kunden<span class=\"ez-toc-section-end\"><\/span><\/h2>\n<h3 class=\"ds-markdown-paragraph\"><span class=\"ez-toc-section\" id=\"Technical_Support_Team\"><\/span><strong>Team f\u00fcr technische Unterst\u00fctzung<\/strong><span class=\"ez-toc-section-end\"><\/span><\/h3>\n<p class=\"ds-markdown-paragraph\">FAE-Ingenieure mit mehr als 10 Jahren Erfahrung:<\/p>\n<ul>\n<li>\n<p class=\"ds-markdown-paragraph\">Optimierung des Schaltungsentwurfs<\/p>\n<\/li>\n<li>\n<p class=\"ds-markdown-paragraph\">Simulation der thermischen Analyse<\/p>\n<\/li>\n<li>\n<p class=\"ds-markdown-paragraph\">Fehlerm\u00f6glichkeitsanalyse<\/p>\n<\/li>\n<\/ul>\n<h3 class=\"ds-markdown-paragraph\"><span class=\"ez-toc-section\" id=\"Rapid_Response_Mechanism\"><\/span><strong>Mechanismus der schnellen Reaktion<\/strong><span class=\"ez-toc-section-end\"><\/span><\/h3>\n<ul>\n<li>\n<p class=\"ds-markdown-paragraph\">Musterlieferung innerhalb von 24 Stunden<\/p>\n<\/li>\n<li>\n<p class=\"ds-markdown-paragraph\">Kleinserienbestellungen in 5 Tagen<\/p>\n<\/li>\n<li>\n<p class=\"ds-markdown-paragraph\">Priorit\u00e4tskanal f\u00fcr Notauftr\u00e4ge<\/p>\n<\/li>\n<\/ul>\n<h3 class=\"ds-markdown-paragraph\"><span class=\"ez-toc-section\" id=\"Cost_Optimization_Solutions\"><\/span><strong>L\u00f6sungen zur Kostenoptimierung<\/strong><span class=\"ez-toc-section-end\"><\/span><\/h3>\n<p class=\"ds-markdown-paragraph\">Durch:<\/p>\n<ul>\n<li>\n<p class=\"ds-markdown-paragraph\">Alternative Komponentenbewertung<\/p>\n<\/li>\n<li>\n<p class=\"ds-markdown-paragraph\">Empfehlungen zur Prozessvereinfachung<\/p>\n<\/li>\n<li>\n<p class=\"ds-markdown-paragraph\">Rabatte bei Mengenabnahme<\/p>\n<\/li>\n<\/ul>\n<h2><span class=\"ez-toc-section\" id=\"Industry_Application_Cases\"><\/span>Anwendungsf\u00e4lle f\u00fcr die Industrie<span class=\"ez-toc-section-end\"><\/span><\/h2>\n<p class=\"ds-markdown-paragraph\"><strong>5G-Kommunikationsbasisstationen<\/strong><br \/>\nKundenspezifisch entwickelte Widerstandsarrays mit niedriger parasit\u00e4rer Induktivit\u00e4t verbesserten die Signalintegrit\u00e4t um 40 % und wurden erfolgreich in Millimeterwellen-Basisstations-RF-Modulen eingesetzt.<\/p>\n<p class=\"ds-markdown-paragraph\"><strong>Neue Energie-Fahrzeuge<\/strong><br \/>\nEntwicklung von 125\u2103-Hochtemperatur-Widerstandsl\u00f6sungen f\u00fcr die Automobilindustrie, die die AEC-Q200-Zertifizierung erf\u00fcllen und in Massenproduktion f\u00fcr BMS-Systeme hergestellt werden.<\/p>\n<p class=\"ds-markdown-paragraph\"><strong>Medizinische Ausr\u00fcstung<\/strong><br \/>\nBereitstellung von nichtmagnetischen Widerstandsl\u00f6sungen f\u00fcr eine internationale Marke f\u00fcr CT-Ger\u00e4te, Unterst\u00fctzung bei der FDA-Zertifizierung.<\/p>\n<h3><span class=\"ez-toc-section\" id=\"About_Topfast\"><\/span>\u00dcber Topfast<span class=\"ez-toc-section-end\"><\/span><\/h3>\n<p class=\"ds-markdown-paragraph\">Gegr\u00fcndet im Jahr 2008 mit einer 20.000\u33a1 gro\u00dfen, modernen Produktionsst\u00e4tte, die nach den Normen ISO9001\/14001\/IATF16949 zertifiziert ist.Wir bedienen mehr als 3.000 Kunden weltweit und liefern j\u00e4hrlich mehr als 500 Millionen Widerstandsbauteile.Wir bieten nicht nur Produkte, sondern auch vertrauensw\u00fcrdige L\u00f6sungen f\u00fcr die Elektronikfertigung.<\/p>\n<h2><span class=\"ez-toc-section\" id=\"Why_choose_Topfast\"><\/span>Warum Topfast w\u00e4hlen?<span class=\"ez-toc-section-end\"><\/span><\/h2>\n<p class=\"ds-markdown-paragraph\">Als professioneller PCB-Herstellungsdienstleister liefert Topfast wirklich zuverl\u00e4ssige Widerstandsl\u00f6sungen durch tiefes technisches Verst\u00e4ndnis, strenge Qualit\u00e4tskontrollsysteme und umfangreiche Anwendungserfahrung. Ob f\u00fcr Standardprodukte oder spezielle kundenspezifische Anforderungen, wir reagieren mit professionellem Engagement und effizientem Service. Sich f\u00fcr Topfast zu entscheiden bedeutet, sich f\u00fcr Seelenfrieden zu entscheiden.<\/p>","protected":false},"excerpt":{"rendered":"<p><span>Dieser Artikel beschreibt das Widerstandsproduktsystem und die technischen Vorteile von Topfast&amp;#8217, die hochpr\u00e4zise Metallfilmwiderst\u00e4nde, Hochleistungsdrahtwiderst\u00e4nde und kundenspezifische Spezialwiderst\u00e4nde umfassen. Er erl\u00e4utert die strengen Qualit\u00e4tskontrollma\u00dfnahmen und die Mehrwertdienste, die die umfassenden F\u00e4higkeiten des Unternehmens als professioneller Leiterplattenhersteller demonstrieren.<\/span><\/p>","protected":false},"featured_media":3345,"comment_status":"closed","ping_status":"closed","template":"","meta":[],"product_brand":[],"product_cat":[217],"product_tag":[290],"class_list":{"0":"post-3343","1":"product","2":"type-product","3":"status-publish","4":"has-post-thumbnail","6":"product_cat-electronic-components","7":"product_tag-resistors","9":"first","10":"instock","11":"shipping-taxable","12":"product-type-simple"},"yoast_head":"<!-- This site is optimized with the Yoast SEO plugin v25.1 - https:\/\/yoast.com\/wordpress\/plugins\/seo\/ -->\n<title>Resistors - Topfastpcb<\/title>\n<meta name=\"description\" content=\"Topfast provides professional-grade resistor solutions including metal film, wirewound, SMD resistors with strict quality control and custom development. 17 years PCB manufacturing experience serving 3000+ global clients.\" \/>\n<meta name=\"robots\" content=\"index, follow, max-snippet:-1, max-image-preview:large, max-video-preview:-1\" \/>\n<link rel=\"canonical\" href=\"https:\/\/www.topfastpcb.com\/de\/products\/resistors\/\" \/>\n<meta property=\"og:locale\" content=\"de_DE\" \/>\n<meta property=\"og:type\" content=\"article\" \/>\n<meta property=\"og:title\" content=\"Resistors - Topfastpcb\" \/>\n<meta property=\"og:description\" content=\"Topfast provides professional-grade resistor solutions including metal film, wirewound, SMD resistors with strict quality control and custom development. 17 years PCB manufacturing experience serving 3000+ global clients.\" \/>\n<meta property=\"og:url\" content=\"https:\/\/www.topfastpcb.com\/de\/products\/resistors\/\" \/>\n<meta property=\"og:site_name\" content=\"Topfastpcb\" \/>\n<meta property=\"article:modified_time\" content=\"2025-06-24T02:05:53+00:00\" \/>\n<meta property=\"og:image\" content=\"https:\/\/www.topfastpcb.com\/wp-content\/uploads\/2025\/06\/resistors-2.jpg\" \/>\n\t<meta property=\"og:image:width\" content=\"750\" \/>\n\t<meta property=\"og:image:height\" content=\"750\" \/>\n\t<meta property=\"og:image:type\" content=\"image\/jpeg\" \/>\n<meta name=\"twitter:card\" content=\"summary_large_image\" \/>\n<meta name=\"twitter:label1\" content=\"Gesch\u00e4tzte Lesezeit\" \/>\n\t<meta name=\"twitter:data1\" content=\"3\u00a0Minuten\" \/>\n<script type=\"application\/ld+json\" class=\"yoast-schema-graph\">{\"@context\":\"https:\/\/schema.org\",\"@graph\":[{\"@type\":\"WebPage\",\"@id\":\"https:\/\/www.topfastpcb.com\/products\/resistors\/\",\"url\":\"https:\/\/www.topfastpcb.com\/products\/resistors\/\",\"name\":\"Resistors - Topfastpcb\",\"isPartOf\":{\"@id\":\"https:\/\/www.topfastpcb.com\/#website\"},\"primaryImageOfPage\":{\"@id\":\"https:\/\/www.topfastpcb.com\/products\/resistors\/#primaryimage\"},\"image\":{\"@id\":\"https:\/\/www.topfastpcb.com\/products\/resistors\/#primaryimage\"},\"thumbnailUrl\":\"https:\/\/www.topfastpcb.com\/wp-content\/uploads\/2025\/06\/resistors-2.jpg\",\"datePublished\":\"2025-06-20T00:24:32+00:00\",\"dateModified\":\"2025-06-24T02:05:53+00:00\",\"description\":\"Topfast provides professional-grade resistor solutions including metal film, wirewound, SMD resistors with strict quality control and custom development. 17 years PCB manufacturing experience serving 3000+ global clients.\",\"breadcrumb\":{\"@id\":\"https:\/\/www.topfastpcb.com\/products\/resistors\/#breadcrumb\"},\"inLanguage\":\"de\",\"potentialAction\":[{\"@type\":\"ReadAction\",\"target\":[\"https:\/\/www.topfastpcb.com\/products\/resistors\/\"]}]},{\"@type\":\"ImageObject\",\"inLanguage\":\"de\",\"@id\":\"https:\/\/www.topfastpcb.com\/products\/resistors\/#primaryimage\",\"url\":\"https:\/\/www.topfastpcb.com\/wp-content\/uploads\/2025\/06\/resistors-2.jpg\",\"contentUrl\":\"https:\/\/www.topfastpcb.com\/wp-content\/uploads\/2025\/06\/resistors-2.jpg\",\"width\":750,\"height\":750},{\"@type\":\"BreadcrumbList\",\"@id\":\"https:\/\/www.topfastpcb.com\/products\/resistors\/#breadcrumb\",\"itemListElement\":[{\"@type\":\"ListItem\",\"position\":1,\"name\":\"\u9996\u9875\",\"item\":\"https:\/\/www.topfastpcb.com\/\"},{\"@type\":\"ListItem\",\"position\":2,\"name\":\"\u5546\u5e97\",\"item\":\"https:\/\/www.topfastpcb.com\/shop\/\"},{\"@type\":\"ListItem\",\"position\":3,\"name\":\"Resistors\"}]},{\"@type\":\"WebSite\",\"@id\":\"https:\/\/www.topfastpcb.com\/#website\",\"url\":\"https:\/\/www.topfastpcb.com\/\",\"name\":\"Topfastpcb\",\"description\":\"Topfast Prime Choice for Global Electronics Manufacturing\",\"publisher\":{\"@id\":\"https:\/\/www.topfastpcb.com\/#organization\"},\"potentialAction\":[{\"@type\":\"SearchAction\",\"target\":{\"@type\":\"EntryPoint\",\"urlTemplate\":\"https:\/\/www.topfastpcb.com\/?s={search_term_string}\"},\"query-input\":{\"@type\":\"PropertyValueSpecification\",\"valueRequired\":true,\"valueName\":\"search_term_string\"}}],\"inLanguage\":\"de\"},{\"@type\":\"Organization\",\"@id\":\"https:\/\/www.topfastpcb.com\/#organization\",\"name\":\"Topfastpcb\",\"url\":\"https:\/\/www.topfastpcb.com\/\",\"logo\":{\"@type\":\"ImageObject\",\"inLanguage\":\"de\",\"@id\":\"https:\/\/www.topfastpcb.com\/#\/schema\/logo\/image\/\",\"url\":\"https:\/\/www.topfastpcb.com\/wp-content\/uploads\/2026\/02\/cropped-topfast-logo.png\",\"contentUrl\":\"https:\/\/www.topfastpcb.com\/wp-content\/uploads\/2026\/02\/cropped-topfast-logo.png\",\"width\":144,\"height\":56,\"caption\":\"Topfastpcb\"},\"image\":{\"@id\":\"https:\/\/www.topfastpcb.com\/#\/schema\/logo\/image\/\"}}]}<\/script>\n<!-- \/ Yoast SEO plugin. -->","yoast_head_json":{"title":"Resistors - Topfastpcb","description":"Topfast provides professional-grade resistor solutions including metal film, wirewound, SMD resistors with strict quality control and custom development. 17 years PCB manufacturing experience serving 3000+ global clients.","robots":{"index":"index","follow":"follow","max-snippet":"max-snippet:-1","max-image-preview":"max-image-preview:large","max-video-preview":"max-video-preview:-1"},"canonical":"https:\/\/www.topfastpcb.com\/de\/products\/resistors\/","og_locale":"de_DE","og_type":"article","og_title":"Resistors - Topfastpcb","og_description":"Topfast provides professional-grade resistor solutions including metal film, wirewound, SMD resistors with strict quality control and custom development. 17 years PCB manufacturing experience serving 3000+ global clients.","og_url":"https:\/\/www.topfastpcb.com\/de\/products\/resistors\/","og_site_name":"Topfastpcb","article_modified_time":"2025-06-24T02:05:53+00:00","og_image":[{"width":750,"height":750,"url":"https:\/\/www.topfastpcb.com\/wp-content\/uploads\/2025\/06\/resistors-2.jpg","type":"image\/jpeg"}],"twitter_card":"summary_large_image","twitter_misc":{"Gesch\u00e4tzte Lesezeit":"3\u00a0Minuten"},"schema":{"@context":"https:\/\/schema.org","@graph":[{"@type":"WebPage","@id":"https:\/\/www.topfastpcb.com\/products\/resistors\/","url":"https:\/\/www.topfastpcb.com\/products\/resistors\/","name":"Resistors - Topfastpcb","isPartOf":{"@id":"https:\/\/www.topfastpcb.com\/#website"},"primaryImageOfPage":{"@id":"https:\/\/www.topfastpcb.com\/products\/resistors\/#primaryimage"},"image":{"@id":"https:\/\/www.topfastpcb.com\/products\/resistors\/#primaryimage"},"thumbnailUrl":"https:\/\/www.topfastpcb.com\/wp-content\/uploads\/2025\/06\/resistors-2.jpg","datePublished":"2025-06-20T00:24:32+00:00","dateModified":"2025-06-24T02:05:53+00:00","description":"Topfast provides professional-grade resistor solutions including metal film, wirewound, SMD resistors with strict quality control and custom development. 17 years PCB manufacturing experience serving 3000+ global clients.","breadcrumb":{"@id":"https:\/\/www.topfastpcb.com\/products\/resistors\/#breadcrumb"},"inLanguage":"de","potentialAction":[{"@type":"ReadAction","target":["https:\/\/www.topfastpcb.com\/products\/resistors\/"]}]},{"@type":"ImageObject","inLanguage":"de","@id":"https:\/\/www.topfastpcb.com\/products\/resistors\/#primaryimage","url":"https:\/\/www.topfastpcb.com\/wp-content\/uploads\/2025\/06\/resistors-2.jpg","contentUrl":"https:\/\/www.topfastpcb.com\/wp-content\/uploads\/2025\/06\/resistors-2.jpg","width":750,"height":750},{"@type":"BreadcrumbList","@id":"https:\/\/www.topfastpcb.com\/products\/resistors\/#breadcrumb","itemListElement":[{"@type":"ListItem","position":1,"name":"\u9996\u9875","item":"https:\/\/www.topfastpcb.com\/"},{"@type":"ListItem","position":2,"name":"\u5546\u5e97","item":"https:\/\/www.topfastpcb.com\/shop\/"},{"@type":"ListItem","position":3,"name":"Resistors"}]},{"@type":"WebSite","@id":"https:\/\/www.topfastpcb.com\/#website","url":"https:\/\/www.topfastpcb.com\/","name":"Topfastpcb","description":"Topfast Prime Choice for Global Electronics Manufacturing","publisher":{"@id":"https:\/\/www.topfastpcb.com\/#organization"},"potentialAction":[{"@type":"SearchAction","target":{"@type":"EntryPoint","urlTemplate":"https:\/\/www.topfastpcb.com\/?s={search_term_string}"},"query-input":{"@type":"PropertyValueSpecification","valueRequired":true,"valueName":"search_term_string"}}],"inLanguage":"de"},{"@type":"Organization","@id":"https:\/\/www.topfastpcb.com\/#organization","name":"Topfastpcb","url":"https:\/\/www.topfastpcb.com\/","logo":{"@type":"ImageObject","inLanguage":"de","@id":"https:\/\/www.topfastpcb.com\/#\/schema\/logo\/image\/","url":"https:\/\/www.topfastpcb.com\/wp-content\/uploads\/2026\/02\/cropped-topfast-logo.png","contentUrl":"https:\/\/www.topfastpcb.com\/wp-content\/uploads\/2026\/02\/cropped-topfast-logo.png","width":144,"height":56,"caption":"Topfastpcb"},"image":{"@id":"https:\/\/www.topfastpcb.com\/#\/schema\/logo\/image\/"}}]}},"_links":{"self":[{"href":"https:\/\/www.topfastpcb.com\/de\/wp-json\/wp\/v2\/product\/3343","targetHints":{"allow":["GET"]}}],"collection":[{"href":"https:\/\/www.topfastpcb.com\/de\/wp-json\/wp\/v2\/product"}],"about":[{"href":"https:\/\/www.topfastpcb.com\/de\/wp-json\/wp\/v2\/types\/product"}],"replies":[{"embeddable":true,"href":"https:\/\/www.topfastpcb.com\/de\/wp-json\/wp\/v2\/comments?post=3343"}],"wp:featuredmedia":[{"embeddable":true,"href":"https:\/\/www.topfastpcb.com\/de\/wp-json\/wp\/v2\/media\/3345"}],"wp:attachment":[{"href":"https:\/\/www.topfastpcb.com\/de\/wp-json\/wp\/v2\/media?parent=3343"}],"wp:term":[{"taxonomy":"product_brand","embeddable":true,"href":"https:\/\/www.topfastpcb.com\/de\/wp-json\/wp\/v2\/product_brand?post=3343"},{"taxonomy":"product_cat","embeddable":true,"href":"https:\/\/www.topfastpcb.com\/de\/wp-json\/wp\/v2\/product_cat?post=3343"},{"taxonomy":"product_tag","embeddable":true,"href":"https:\/\/www.topfastpcb.com\/de\/wp-json\/wp\/v2\/product_tag?post=3343"}],"curies":[{"name":"wp","href":"https:\/\/api.w.org\/{rel}","templated":true}]}}