{"id":3366,"date":"2025-06-22T08:30:25","date_gmt":"2025-06-22T00:30:25","guid":{"rendered":"https:\/\/www.topfastpcb.com\/?post_type=product&#038;p=3366"},"modified":"2025-06-24T10:02:51","modified_gmt":"2025-06-24T02:02:51","slug":"capacitor","status":"publish","type":"product","link":"https:\/\/www.topfastpcb.com\/de\/products\/capacitor\/","title":{"rendered":"Kondensator"},"content":{"rendered":"<div id=\"ez-toc-container\" class=\"ez-toc-v2_0_74 counter-hierarchy ez-toc-counter ez-toc-custom ez-toc-container-direction\">\n<div class=\"ez-toc-title-container\">\n<p class=\"ez-toc-title\" style=\"cursor:inherit\">Inhalts\u00fcbersicht<\/p>\n<span class=\"ez-toc-title-toggle\"><\/span><\/div>\n<nav><ul class='ez-toc-list ez-toc-list-level-1' ><li class='ez-toc-page-1 ez-toc-heading-level-2'><a class=\"ez-toc-link ez-toc-heading-1\" href=\"https:\/\/www.topfastpcb.com\/de\/products\/capacitor\/#What_is_a_capacitor\" >Was ist ein Kondensator?<\/a><\/li><li class='ez-toc-page-1 ez-toc-heading-level-2'><a class=\"ez-toc-link ez-toc-heading-2\" href=\"https:\/\/www.topfastpcb.com\/de\/products\/capacitor\/#The_Function_of_Capacitors\" >Die Funktion von Kondensatoren<\/a><ul class='ez-toc-list-level-3' ><li class='ez-toc-heading-level-3'><a class=\"ez-toc-link ez-toc-heading-3\" href=\"https:\/\/www.topfastpcb.com\/de\/products\/capacitor\/#1_Filtering_and_Coupling_Functions\" >1. Filter- und Kopplungsfunktionen<\/a><\/li><li class='ez-toc-page-1 ez-toc-heading-level-3'><a class=\"ez-toc-link ez-toc-heading-4\" href=\"https:\/\/www.topfastpcb.com\/de\/products\/capacitor\/#2_Decoupling_and_Bypass_Capacitors\" >2.Entkopplungs- und Bypass-Kondensatoren<\/a><\/li><li class='ez-toc-page-1 ez-toc-heading-level-3'><a class=\"ez-toc-link ez-toc-heading-5\" href=\"https:\/\/www.topfastpcb.com\/de\/products\/capacitor\/#3_Timing_Circuits\" >3.Timing-Schaltungen<\/a><\/li><\/ul><\/li><li class='ez-toc-page-1 ez-toc-heading-level-2'><a class=\"ez-toc-link ez-toc-heading-6\" href=\"https:\/\/www.topfastpcb.com\/de\/products\/capacitor\/#One-stop_solution_for_PCB_assembly\" >One-Stop-L\u00f6sung f\u00fcr die PCB-Best\u00fcckung<\/a><\/li><li class='ez-toc-page-1 ez-toc-heading-level-2'><a class=\"ez-toc-link ez-toc-heading-7\" href=\"https:\/\/www.topfastpcb.com\/de\/products\/capacitor\/#Comprehensive_Quality_Assurance_System\" >Umfassendes Qualit\u00e4tssicherungssystem<\/a><\/li><li class='ez-toc-page-1 ez-toc-heading-level-2'><a class=\"ez-toc-link ez-toc-heading-8\" href=\"https:\/\/www.topfastpcb.com\/de\/products\/capacitor\/#Why_choose_Topfast\" >Warum Topfast w\u00e4hlen?<\/a><\/li><\/ul><\/nav><\/div>\n\n<h2><span class=\"ez-toc-section\" id=\"What_is_a_capacitor\"><\/span>Was ist ein Kondensator?<span class=\"ez-toc-section-end\"><\/span><\/h2>\n<p>Ein Kondensator ist im Wesentlichen ein elektronisches Bauteil, das elektrische Ladung speichern kann. Er besteht aus zwei gegeneinander isolierten Leitern und einem dielektrischen Material dazwischen. Wenn eine Spannung an den Kondensator angelegt wird, sammeln sich positive und negative Ladungen auf den beiden Leitern, flie\u00dfen aber nicht direkt, so dass ein elektrisches Feld entsteht, das Energie speichert. Dies erm\u00f6glicht <a href=\"https:\/\/www.topfastpcb.com\/de\/blog\/how-to-test-capacitors\/\">der Kondensator<\/a> um bei Stromschwankungen einen hohen Augenblicksstrom zu liefern und einen stabilen Systembetrieb zu gew\u00e4hrleisten. Als unverzichtbares passives Bauteil in der Schaltungsentwicklung sind Kondensatoren nicht weniger wichtig als die Chips selbst. Von Smartphones bis zu Raumfahrzeugen, von medizinischen Ger\u00e4ten bis zu industriellen Steuerungssystemen sorgen Kondensatoren mit ihren einzigartigen Energiespeichereigenschaften und Signalverarbeitungsf\u00e4higkeiten f\u00fcr den stabilen Betrieb jedes elektronischen Produkts.<\/p>\n<p>Als Branchenf\u00fchrer mit 17 Jahren Erfahrung in der <a href=\"https:\/\/www.topfastpcb.com\/de\/\">PCB-Herstellung<\/a> Topfast ist sich der kritischen Rolle von Kondensatoren im Schaltungsdesign bewusst. Daher legen wir besonderen Wert auf die Auswahl und das Layout der Kondensatoren und stellen durch ein strenges Qualit\u00e4tskontrollsystem sicher, dass jeder Kondensator seine maximale Leistung erbringt. Nehmen wir den Kamerablitzschaltkreis als Beispiel: Hochwertige Elektrolytkondensatoren werden als Energiespeicher verwendet. Durch die genaue Berechnung ihrer Kapazit\u00e4t und Spannungswerte wird gen\u00fcgend Strom freigesetzt, um die Blitzr\u00f6hre im Moment des Fotografierens zu betreiben und gleichzeitig eine Besch\u00e4digung der Kondensatoren durch \u00dcberspannung zu verhindern.<\/p>\n<h2><span class=\"ez-toc-section\" id=\"The_Function_of_Capacitors\"><\/span>Die Funktion von Kondensatoren<span class=\"ez-toc-section-end\"><\/span><\/h2>\n<h3><span class=\"ez-toc-section\" id=\"1_Filtering_and_Coupling_Functions\"><\/span>1. Filter- und Kopplungsfunktionen<span class=\"ez-toc-section-end\"><\/span><\/h3>\n<p>Eine weitere bemerkenswerte Eigenschaft von Kondensatoren ist ihr unterschiedliches \"Verhalten\" gegen\u00fcber Wechsel- und Gleichstromsignalen - sie lassen Wechselstromsignale durch, w\u00e4hrend sie Gleichstromsignale blockieren.Diese Eigenschaft macht Kondensatoren zu unverzichtbaren Komponenten in der Signalverarbeitung.<br \/>\nBei der Filterung von Stromversorgungen entwerfen die Ingenieure sorgf\u00e4ltig mehrstufige Kondensator-Filternetzwerke, die in der Regel Elektrolytkondensatoren mit gro\u00dfer Kapazit\u00e4t mit Keramikkondensatoren mit kleiner Kapazit\u00e4t kombinieren.Erstere sind f\u00fcr das Herausfiltern der niederfrequenten Restwelligkeit zust\u00e4ndig, w\u00e4hrend letztere auf hochfrequentes Rauschen abzielen. Dieser \"Size-Matching\"-Ansatz bietet den Kunden eine au\u00dfergew\u00f6hnlich reine Gleichstromversorgung, die die Grundlage f\u00fcr den stabilen Betrieb vieler elektronischer High-End-Ger\u00e4te bildet.<br \/>\nIn Bezug auf die Signalkopplung kann die Technologie des mehrlagigen Leiterplattendesigns die Auswirkungen parasit\u00e4rer Parameter auf Koppelkondensatoren minimieren.Durch die pr\u00e4zise Platzierung hochwertiger Folienkondensatoren auf kritischen Signalpfaden k\u00f6nnen Wechselstromsignale verlustfrei \u00fcbertragen und gleichzeitig Gleichstromst\u00f6rungen zwischen verschiedenen Schaltungsebenen wirksam isoliert werden.<\/p>\n<h3><span class=\"ez-toc-section\" id=\"2_Decoupling_and_Bypass_Capacitors\"><\/span>2.Entkopplungs- und Bypass-Kondensatoren<span class=\"ez-toc-section-end\"><\/span><\/h3>\n<p>In digitalen Hochgeschwindigkeitsschaltungen und HF-Systemen werden Kondensatoren von passiven Komponenten zu aktiven Stabilisatoren.Wenn Chips zwischen Hochgeschwindigkeits-Betriebszust\u00e4nden wechseln, erzeugen sie einen vor\u00fcbergehenden Strombedarf. W\u00fcrde man sich allein auf die Reaktion der Stromversorgungsleitung verlassen, w\u00fcrde dies zu Spannungsschwankungen und Systeminstabilit\u00e4t f\u00fchren.<\/p>\n<p>Ein Entkopplungskondensator-Netzwerk mit sorgf\u00e4ltig berechneten Kapazit\u00e4tswerten ist in der N\u00e4he der Power-Pins jedes ICs angeordnet.Mit Hilfe der fortschrittlichen SMT-Montagetechnologie k\u00f6nnen selbst ultrakleine Keramikkondensatoren mit einer Gr\u00f6\u00dfe von nur 01005 pr\u00e4zise platziert werden.Durch die Minimierung der Leiterbahnl\u00e4nge zwischen dem Kondensator und dem Chip wird die Schleifeninduktivit\u00e4t auf das niedrigstm\u00f6gliche Niveau reduziert, wodurch sichergestellt wird, dass der Kondensator innerhalb von Nanosekunden auf die Stromanforderungen des Chips reagieren kann. Dieses Streben nach Perfektion im Detail erm\u00f6glicht es den PCB-Produkten, in Hochgeschwindigkeitsanwendungen au\u00dfergew\u00f6hnlich gut zu funktionieren.<\/p>\n<p>Bypass-Kondensatoren an kritischen Knotenpunkten in analogen Schaltungen m\u00fcssen nicht nur den Nennwert des Kondensators ber\u00fccksichtigen, sondern auch seinen \u00e4quivalenten Serienwiderstand (ESR) und seine Temperatureigenschaften.Durch ein pr\u00e4zises Bypass-Netzwerkdesign wird ein \"Rauschentladungskanal\" f\u00fcr empfindliche Schaltungsknoten bereitgestellt, der das Signal-Rausch-Verh\u00e4ltnis und die Stabilit\u00e4t des Systems erheblich verbessert.<\/p>\n<h3><span class=\"ez-toc-section\" id=\"3_Timing_Circuits\"><\/span>3.Timing-Schaltungen<span class=\"ez-toc-section-end\"><\/span><\/h3>\n<p>Wenn Kondensatoren und Widerst\u00e4nde ein RC-Netzwerk bilden, fungieren sie in der elektronischen Welt als \"Taktgeber\".Die Lade- und Entladevorg\u00e4nge von Kondensatoren weisen pr\u00e4zise zeitliche Eigenschaften auf, die in verschiedenen Takt- und Oszillationsschaltungen weit verbreitet sind.<br \/>\nTopfast verf\u00fcgt \u00fcber umfangreiche Erfahrung in der Herstellung von Leiterplatten f\u00fcr medizinische Ger\u00e4te, von denen viele extrem pr\u00e4zise Zeitschaltungen f\u00fcr Ger\u00e4te zur \u00dcberwachung von Vitalwerten erfordern.Wir verwenden Keramikkondensatoren der C0G\/NP0-Klasse mit ausgezeichneter Temperaturstabilit\u00e4t in Kombination mit Pr\u00e4zisionswiderst\u00e4nden, um RC-Timing-Netzwerke mit minimaler Temperaturdrift zu konstruieren. Durch die pr\u00e4zise Steuerung der Lade- und Entladekurven der Kondensatoren erreichen wir eine Zeitsteuerungsgenauigkeit im Millisekunden- oder sogar Mikrosekundenbereich, die den zuverl\u00e4ssigen Betrieb medizinischer Ger\u00e4te gew\u00e4hrleistet.<br \/>\nIn LED-Dimmschaltungen nutzen wir die Timing-Eigenschaften von Kondensatoren, um sanfte Helligkeits\u00fcberg\u00e4nge zu erzeugen.Durch die sorgf\u00e4ltige Auswahl von Kondensatormaterialien und die Optimierung des Schaltungslayouts vermeiden wir die \u00fcblichen \"stufenartigen\" Dimmprobleme und sorgen f\u00fcr ein angenehmes visuelles Erlebnis f\u00fcr die Benutzer.Dieser Fokus auf die Benutzererfahrung unterscheidet Topfast von gew\u00f6hnlichen PCB-Herstellern.<\/p>\n<h2><img loading=\"lazy\" decoding=\"async\" src=\"https:\/\/www.topfastpcb.com\/wp-content\/uploads\/2025\/06\/Capacitor-4.jpg\" alt=\"Kondensator\" width=\"600\" height=\"402\" class=\"aligncenter size-full wp-image-3367\" srcset=\"https:\/\/www.topfastpcb.com\/wp-content\/uploads\/2025\/06\/Capacitor-4.jpg 600w, https:\/\/www.topfastpcb.com\/wp-content\/uploads\/2025\/06\/Capacitor-4-300x201.jpg 300w, https:\/\/www.topfastpcb.com\/wp-content\/uploads\/2025\/06\/Capacitor-4-18x12.jpg 18w\" sizes=\"auto, (max-width: 600px) 100vw, 600px\" \/><\/h2>\n<h2><span class=\"ez-toc-section\" id=\"One-stop_solution_for_PCB_assembly\"><\/span>Eine L\u00f6sung aus einer Hand f\u00fcr <a href=\"https:\/\/www.topfastpcb.com\/de\/products\/category\/pcba\/\">PCB-Montage<\/a><span class=\"ez-toc-section-end\"><\/span><\/h2>\n<p>Als erfahrener Experte auf dem Gebiet der Elektronikfertigung bietet Topfast nicht nur Dienstleistungen im Bereich der Leiterplattenfertigung an, sondern hat auch ein komplettes System zur Beschaffung von Bauteilen und Kondensatoren aufgebaut. Wir unterhalten langfristige Kooperationsbeziehungen mit Top-Kondensatorherstellern wie Murata, TDK und AVX, um sicherzustellen, dass unsere Kunden echte Originalkomponenten erhalten k\u00f6nnen. Ob es sich um Standard-Keramikkondensatoren, Elektrolytkondensatoren oder Hochspannungskondensatoren und Hochtemperaturkondensatoren f\u00fcr spezielle Anwendungen handelt, wir k\u00f6nnen schnell reagieren und ma\u00dfgeschneiderte L\u00f6sungen anbieten, die Ihren Anforderungen entsprechen.<\/p>\n<p>Wenn Kunden eine St\u00fccklistenliste zur Verf\u00fcgung stellen, f\u00fchren wir eine professionelle Bauteilpr\u00fcfung durch und bieten Alternativvorschl\u00e4ge an, um Leistungsverluste aufgrund von Parameterfehlern zu vermeiden.F\u00fcr Kondensatoranwendungen in Hochfrequenzschaltungen geben wir auch Empfehlungen zur Auswahl des dielektrischen Materials, um den Kunden zu helfen, ein optimales Gleichgewicht zwischen Kosten und Leistung zu erreichen.<\/p>\n<p>Bei der Leiterplattenbest\u00fcckung, von Miniatur-SMD-Kondensatoren der Gr\u00f6\u00dfe 01005 bis hin zu gro\u00dfvolumigen Aluminium-Elektrolytkondensatoren, sorgen SMT-Ausr\u00fcstung und Wellenl\u00f6tverfahren f\u00fcr perfekte Qualit\u00e4t.Jede best\u00fcckte Leiterplatte wird einer strengen AOI- und R\u00f6ntgenpr\u00fcfung unterzogen, um sicherzustellen, dass die Polarit\u00e4t, die Position und die Schwei\u00dfqualit\u00e4t der Kondensatoren den Anforderungen voll und ganz entsprechen.<\/p>\n<h2><span class=\"ez-toc-section\" id=\"Comprehensive_Quality_Assurance_System\"><\/span>Umfassendes Qualit\u00e4tssicherungssystem<span class=\"ez-toc-section-end\"><\/span><\/h2>\n<p>Qualit\u00e4t wird nicht entdeckt, sondern gestaltet.Wir kontrollieren die Qualit\u00e4t der Kondensatoren von der Quelle an. Alle Kondensatoren, die ins Werk kommen, werden einer strengen Eingangskontrolle unterzogen, die visuelle Pr\u00fcfungen, Tests der elektrischen Parameter (LCR-Tests) und die erforderlichen R\u00f6ntgenkontrollen umfasst. Wir haben ein komplettes System zur R\u00fcckverfolgbarkeit der Chargen eingerichtet, um sicherzustellen, dass alle Qualit\u00e4tsprobleme schnell erkannt und behoben werden k\u00f6nnen.<\/p>\n<p>Wir entwickeln ma\u00dfgeschneiderte Qualit\u00e4tskontrollstrategien f\u00fcr verschiedene Anwendungsszenarien.Bei Kondensatoren in Hochfrequenzschaltungen konzentrieren wir uns auf deren Q-Faktor und ESR-Parameter; bei Leistungsfilterkondensatoren legen wir den Schwerpunkt auf Kapazit\u00e4tsgenauigkeit und Haltbarkeit.Dieser gezielte Qualit\u00e4tskontrollansatz stellt sicher, dass wir Leiterplattenprodukte liefern, die die Anwendungsanforderungen unserer Kunden wirklich erf\u00fcllen.<\/p>\n<p>Ausgestattet mit umfassender Ausr\u00fcstung f\u00fcr Zuverl\u00e4ssigkeitstests im PCB-Umwelttestlabor k\u00f6nnen wir verschiedene extreme Betriebsbedingungen simulieren, um die Leistung von Kondensatoren zu \u00fcberpr\u00fcfen.Ob es sich um Langzeitalterungstests unter hohen Temperaturen und hoher Luftfeuchtigkeit oder um Haltbarkeitstests unter mechanischen Vibrationsbedingungen handelt, Topfast bietet seinen Kunden eine zuverl\u00e4ssige und genaue Datenunterst\u00fctzung.<\/p>\n<h2><span class=\"ez-toc-section\" id=\"Why_choose_Topfast\"><\/span>Warum Topfast w\u00e4hlen?<span class=\"ez-toc-section-end\"><\/span><\/h2>\n<p>Obwohl Kondensatoren klein sind, spielen sie in elektronischen Systemen eine entscheidende Rolle.Mit 17 Jahren Branchenerfahrung hat Topfast ein umfassendes Kompetenzsystem aufgebaut, das die Auswahl von Kondensatoren, die Beschaffung, das PCB-Design, die Herstellung und die Montage umfasst. Wir liefern nicht nur Produkte, sondern bieten auch L\u00f6sungen an, die auf einem tiefen technischen Verst\u00e4ndnis basieren. Ob f\u00fcr konventionelle Unterhaltungselektronik oder hochzuverl\u00e4ssige Automobilelektronik und medizinische Ger\u00e4te, Topfast nutzt sein professionelles technisches Team, strenge Qualit\u00e4tskontrollen und umfangreiche Fertigungserfahrung, um seinen Kunden zuverl\u00e4ssige L\u00f6sungen f\u00fcr Kondensatoranwendungen zu liefern.<\/p>\n<p>In der heutigen, sich schnell entwickelnden elektronischen Technologielandschaft wird Topfast weiterhin Kondensatoren als Ausgangspunkt verwenden, sich in jedes Detail der elektronischen Fertigung vertiefen und Professionalit\u00e4t und Handwerkskunst nutzen, um einen gr\u00f6\u00dferen Wert f\u00fcr unsere Kunden zu schaffen.Wir sind davon \u00fcberzeugt, dass genau diese sorgf\u00e4ltige Beachtung dieser \"kleinen Komponenten\" die \"hohe Leistung\" von elektronischen Produkten erm\u00f6glicht.<\/p>","protected":false},"excerpt":{"rendered":"<p>Topfast ist auf die Bereitstellung von PCB-L\u00f6sungen f\u00fcr Kondensatoren spezialisiert. Mit 17 Jahren Branchenerfahrung gew\u00e4hrleisten wir h\u00f6chste Qualit\u00e4t bei der Auswahl, Beschaffung und Montage von Kondensatoren. Von Hochfrequenzschaltungen bis hin zum Powermanagement nutzen wir unser professionelles Fachwissen, um eine stabile und zuverl\u00e4ssige Grundlage f\u00fcr Ihre elektronischen Produktionsanforderungen zu schaffen.<\/p>","protected":false},"featured_media":3368,"comment_status":"closed","ping_status":"closed","template":"","meta":[],"product_brand":[],"product_cat":[217],"product_tag":[294],"class_list":{"0":"post-3366","1":"product","2":"type-product","3":"status-publish","4":"has-post-thumbnail","6":"product_cat-electronic-components","7":"product_tag-capacitor","9":"first","10":"instock","11":"shipping-taxable","12":"product-type-simple"},"yoast_head":"<!-- This site is optimized with the Yoast SEO plugin v25.1 - https:\/\/yoast.com\/wordpress\/plugins\/seo\/ -->\n<title>Capacitor - Topfastpcb<\/title>\n<meta name=\"description\" content=\"Topfast specializes in providing capacitor PCB solutions. With 17 years of industry experience, we ensure the highest quality in capacitor selection, procurement, and assembly. From high-frequency circuits to power management, we use our professional expertise to build a stable and reliable foundation for your electronic manufacturing needs.\" \/>\n<meta name=\"robots\" content=\"index, follow, max-snippet:-1, max-image-preview:large, max-video-preview:-1\" \/>\n<link rel=\"canonical\" href=\"https:\/\/www.topfastpcb.com\/de\/products\/capacitor\/\" \/>\n<meta property=\"og:locale\" content=\"de_DE\" \/>\n<meta property=\"og:type\" content=\"article\" \/>\n<meta property=\"og:title\" content=\"Capacitor - Topfastpcb\" \/>\n<meta property=\"og:description\" content=\"Topfast specializes in providing capacitor PCB solutions. With 17 years of industry experience, we ensure the highest quality in capacitor selection, procurement, and assembly. From high-frequency circuits to power management, we use our professional expertise to build a stable and reliable foundation for your electronic manufacturing needs.\" \/>\n<meta property=\"og:url\" content=\"https:\/\/www.topfastpcb.com\/de\/products\/capacitor\/\" \/>\n<meta property=\"og:site_name\" content=\"Topfastpcb\" \/>\n<meta property=\"article:modified_time\" content=\"2025-06-24T02:02:51+00:00\" \/>\n<meta property=\"og:image\" content=\"https:\/\/www.topfastpcb.com\/wp-content\/uploads\/2025\/06\/Capacitor-1.jpg\" \/>\n\t<meta property=\"og:image:width\" content=\"750\" \/>\n\t<meta property=\"og:image:height\" content=\"750\" \/>\n\t<meta property=\"og:image:type\" content=\"image\/jpeg\" \/>\n<meta name=\"twitter:card\" content=\"summary_large_image\" \/>\n<meta name=\"twitter:label1\" content=\"Gesch\u00e4tzte Lesezeit\" \/>\n\t<meta name=\"twitter:data1\" content=\"6\u00a0Minuten\" \/>\n<script type=\"application\/ld+json\" class=\"yoast-schema-graph\">{\"@context\":\"https:\/\/schema.org\",\"@graph\":[{\"@type\":\"WebPage\",\"@id\":\"https:\/\/www.topfastpcb.com\/products\/capacitor\/\",\"url\":\"https:\/\/www.topfastpcb.com\/products\/capacitor\/\",\"name\":\"Capacitor - Topfastpcb\",\"isPartOf\":{\"@id\":\"https:\/\/www.topfastpcb.com\/#website\"},\"primaryImageOfPage\":{\"@id\":\"https:\/\/www.topfastpcb.com\/products\/capacitor\/#primaryimage\"},\"image\":{\"@id\":\"https:\/\/www.topfastpcb.com\/products\/capacitor\/#primaryimage\"},\"thumbnailUrl\":\"https:\/\/www.topfastpcb.com\/wp-content\/uploads\/2025\/06\/Capacitor-1.jpg\",\"datePublished\":\"2025-06-22T00:30:25+00:00\",\"dateModified\":\"2025-06-24T02:02:51+00:00\",\"description\":\"Topfast specializes in providing capacitor PCB solutions. With 17 years of industry experience, we ensure the highest quality in capacitor selection, procurement, and assembly. From high-frequency circuits to power management, we use our professional expertise to build a stable and reliable foundation for your electronic manufacturing needs.\",\"breadcrumb\":{\"@id\":\"https:\/\/www.topfastpcb.com\/products\/capacitor\/#breadcrumb\"},\"inLanguage\":\"de\",\"potentialAction\":[{\"@type\":\"ReadAction\",\"target\":[\"https:\/\/www.topfastpcb.com\/products\/capacitor\/\"]}]},{\"@type\":\"ImageObject\",\"inLanguage\":\"de\",\"@id\":\"https:\/\/www.topfastpcb.com\/products\/capacitor\/#primaryimage\",\"url\":\"https:\/\/www.topfastpcb.com\/wp-content\/uploads\/2025\/06\/Capacitor-1.jpg\",\"contentUrl\":\"https:\/\/www.topfastpcb.com\/wp-content\/uploads\/2025\/06\/Capacitor-1.jpg\",\"width\":750,\"height\":750,\"caption\":\"Capacitor\"},{\"@type\":\"BreadcrumbList\",\"@id\":\"https:\/\/www.topfastpcb.com\/products\/capacitor\/#breadcrumb\",\"itemListElement\":[{\"@type\":\"ListItem\",\"position\":1,\"name\":\"\u9996\u9875\",\"item\":\"https:\/\/www.topfastpcb.com\/\"},{\"@type\":\"ListItem\",\"position\":2,\"name\":\"\u5546\u5e97\",\"item\":\"https:\/\/www.topfastpcb.com\/shop\/\"},{\"@type\":\"ListItem\",\"position\":3,\"name\":\"Capacitor\"}]},{\"@type\":\"WebSite\",\"@id\":\"https:\/\/www.topfastpcb.com\/#website\",\"url\":\"https:\/\/www.topfastpcb.com\/\",\"name\":\"Topfastpcb\",\"description\":\"Topfast Prime Choice for Global Electronics Manufacturing\",\"publisher\":{\"@id\":\"https:\/\/www.topfastpcb.com\/#organization\"},\"potentialAction\":[{\"@type\":\"SearchAction\",\"target\":{\"@type\":\"EntryPoint\",\"urlTemplate\":\"https:\/\/www.topfastpcb.com\/?s={search_term_string}\"},\"query-input\":{\"@type\":\"PropertyValueSpecification\",\"valueRequired\":true,\"valueName\":\"search_term_string\"}}],\"inLanguage\":\"de\"},{\"@type\":\"Organization\",\"@id\":\"https:\/\/www.topfastpcb.com\/#organization\",\"name\":\"Topfastpcb\",\"url\":\"https:\/\/www.topfastpcb.com\/\",\"logo\":{\"@type\":\"ImageObject\",\"inLanguage\":\"de\",\"@id\":\"https:\/\/www.topfastpcb.com\/#\/schema\/logo\/image\/\",\"url\":\"https:\/\/www.topfastpcb.com\/wp-content\/uploads\/2026\/02\/cropped-topfast-logo.png\",\"contentUrl\":\"https:\/\/www.topfastpcb.com\/wp-content\/uploads\/2026\/02\/cropped-topfast-logo.png\",\"width\":144,\"height\":56,\"caption\":\"Topfastpcb\"},\"image\":{\"@id\":\"https:\/\/www.topfastpcb.com\/#\/schema\/logo\/image\/\"}}]}<\/script>\n<!-- \/ Yoast SEO plugin. -->","yoast_head_json":{"title":"Capacitor - Topfastpcb","description":"Topfast specializes in providing capacitor PCB solutions. With 17 years of industry experience, we ensure the highest quality in capacitor selection, procurement, and assembly. From high-frequency circuits to power management, we use our professional expertise to build a stable and reliable foundation for your electronic manufacturing needs.","robots":{"index":"index","follow":"follow","max-snippet":"max-snippet:-1","max-image-preview":"max-image-preview:large","max-video-preview":"max-video-preview:-1"},"canonical":"https:\/\/www.topfastpcb.com\/de\/products\/capacitor\/","og_locale":"de_DE","og_type":"article","og_title":"Capacitor - Topfastpcb","og_description":"Topfast specializes in providing capacitor PCB solutions. With 17 years of industry experience, we ensure the highest quality in capacitor selection, procurement, and assembly. From high-frequency circuits to power management, we use our professional expertise to build a stable and reliable foundation for your electronic manufacturing needs.","og_url":"https:\/\/www.topfastpcb.com\/de\/products\/capacitor\/","og_site_name":"Topfastpcb","article_modified_time":"2025-06-24T02:02:51+00:00","og_image":[{"width":750,"height":750,"url":"https:\/\/www.topfastpcb.com\/wp-content\/uploads\/2025\/06\/Capacitor-1.jpg","type":"image\/jpeg"}],"twitter_card":"summary_large_image","twitter_misc":{"Gesch\u00e4tzte Lesezeit":"6\u00a0Minuten"},"schema":{"@context":"https:\/\/schema.org","@graph":[{"@type":"WebPage","@id":"https:\/\/www.topfastpcb.com\/products\/capacitor\/","url":"https:\/\/www.topfastpcb.com\/products\/capacitor\/","name":"Capacitor - Topfastpcb","isPartOf":{"@id":"https:\/\/www.topfastpcb.com\/#website"},"primaryImageOfPage":{"@id":"https:\/\/www.topfastpcb.com\/products\/capacitor\/#primaryimage"},"image":{"@id":"https:\/\/www.topfastpcb.com\/products\/capacitor\/#primaryimage"},"thumbnailUrl":"https:\/\/www.topfastpcb.com\/wp-content\/uploads\/2025\/06\/Capacitor-1.jpg","datePublished":"2025-06-22T00:30:25+00:00","dateModified":"2025-06-24T02:02:51+00:00","description":"Topfast specializes in providing capacitor PCB solutions. With 17 years of industry experience, we ensure the highest quality in capacitor selection, procurement, and assembly. From high-frequency circuits to power management, we use our professional expertise to build a stable and reliable foundation for your electronic manufacturing needs.","breadcrumb":{"@id":"https:\/\/www.topfastpcb.com\/products\/capacitor\/#breadcrumb"},"inLanguage":"de","potentialAction":[{"@type":"ReadAction","target":["https:\/\/www.topfastpcb.com\/products\/capacitor\/"]}]},{"@type":"ImageObject","inLanguage":"de","@id":"https:\/\/www.topfastpcb.com\/products\/capacitor\/#primaryimage","url":"https:\/\/www.topfastpcb.com\/wp-content\/uploads\/2025\/06\/Capacitor-1.jpg","contentUrl":"https:\/\/www.topfastpcb.com\/wp-content\/uploads\/2025\/06\/Capacitor-1.jpg","width":750,"height":750,"caption":"Capacitor"},{"@type":"BreadcrumbList","@id":"https:\/\/www.topfastpcb.com\/products\/capacitor\/#breadcrumb","itemListElement":[{"@type":"ListItem","position":1,"name":"\u9996\u9875","item":"https:\/\/www.topfastpcb.com\/"},{"@type":"ListItem","position":2,"name":"\u5546\u5e97","item":"https:\/\/www.topfastpcb.com\/shop\/"},{"@type":"ListItem","position":3,"name":"Capacitor"}]},{"@type":"WebSite","@id":"https:\/\/www.topfastpcb.com\/#website","url":"https:\/\/www.topfastpcb.com\/","name":"Topfastpcb","description":"Topfast Prime Choice for Global Electronics Manufacturing","publisher":{"@id":"https:\/\/www.topfastpcb.com\/#organization"},"potentialAction":[{"@type":"SearchAction","target":{"@type":"EntryPoint","urlTemplate":"https:\/\/www.topfastpcb.com\/?s={search_term_string}"},"query-input":{"@type":"PropertyValueSpecification","valueRequired":true,"valueName":"search_term_string"}}],"inLanguage":"de"},{"@type":"Organization","@id":"https:\/\/www.topfastpcb.com\/#organization","name":"Topfastpcb","url":"https:\/\/www.topfastpcb.com\/","logo":{"@type":"ImageObject","inLanguage":"de","@id":"https:\/\/www.topfastpcb.com\/#\/schema\/logo\/image\/","url":"https:\/\/www.topfastpcb.com\/wp-content\/uploads\/2026\/02\/cropped-topfast-logo.png","contentUrl":"https:\/\/www.topfastpcb.com\/wp-content\/uploads\/2026\/02\/cropped-topfast-logo.png","width":144,"height":56,"caption":"Topfastpcb"},"image":{"@id":"https:\/\/www.topfastpcb.com\/#\/schema\/logo\/image\/"}}]}},"_links":{"self":[{"href":"https:\/\/www.topfastpcb.com\/de\/wp-json\/wp\/v2\/product\/3366","targetHints":{"allow":["GET"]}}],"collection":[{"href":"https:\/\/www.topfastpcb.com\/de\/wp-json\/wp\/v2\/product"}],"about":[{"href":"https:\/\/www.topfastpcb.com\/de\/wp-json\/wp\/v2\/types\/product"}],"replies":[{"embeddable":true,"href":"https:\/\/www.topfastpcb.com\/de\/wp-json\/wp\/v2\/comments?post=3366"}],"wp:featuredmedia":[{"embeddable":true,"href":"https:\/\/www.topfastpcb.com\/de\/wp-json\/wp\/v2\/media\/3368"}],"wp:attachment":[{"href":"https:\/\/www.topfastpcb.com\/de\/wp-json\/wp\/v2\/media?parent=3366"}],"wp:term":[{"taxonomy":"product_brand","embeddable":true,"href":"https:\/\/www.topfastpcb.com\/de\/wp-json\/wp\/v2\/product_brand?post=3366"},{"taxonomy":"product_cat","embeddable":true,"href":"https:\/\/www.topfastpcb.com\/de\/wp-json\/wp\/v2\/product_cat?post=3366"},{"taxonomy":"product_tag","embeddable":true,"href":"https:\/\/www.topfastpcb.com\/de\/wp-json\/wp\/v2\/product_tag?post=3366"}],"curies":[{"name":"wp","href":"https:\/\/api.w.org\/{rel}","templated":true}]}}