{"id":3432,"date":"2025-06-25T08:20:21","date_gmt":"2025-06-25T00:20:21","guid":{"rendered":"https:\/\/www.topfastpcb.com\/?post_type=product&#038;p=3432"},"modified":"2025-06-24T11:51:05","modified_gmt":"2025-06-24T03:51:05","slug":"diode","status":"publish","type":"product","link":"https:\/\/www.topfastpcb.com\/de\/products\/diode\/","title":{"rendered":"Diode"},"content":{"rendered":"<div id=\"ez-toc-container\" class=\"ez-toc-v2_0_74 counter-hierarchy ez-toc-counter ez-toc-custom ez-toc-container-direction\">\n<div class=\"ez-toc-title-container\">\n<p class=\"ez-toc-title\" style=\"cursor:inherit\">Inhalts\u00fcbersicht<\/p>\n<span class=\"ez-toc-title-toggle\"><\/span><\/div>\n<nav><ul class='ez-toc-list ez-toc-list-level-1' ><li class='ez-toc-page-1 ez-toc-heading-level-2'><a class=\"ez-toc-link ez-toc-heading-1\" href=\"https:\/\/www.topfastpcb.com\/de\/products\/diode\/#The_Importance_of_Diode_Selection\" >Die Wichtigkeit der Diodenauswahl<\/a><\/li><li class='ez-toc-page-1 ez-toc-heading-level-2'><a class=\"ez-toc-link ez-toc-heading-2\" href=\"https:\/\/www.topfastpcb.com\/de\/products\/diode\/#Our_Professional_Diode_Procurement_Advantages\" >Unsere professionellen Diodenbeschaffungsvorteile<\/a><\/li><li class='ez-toc-page-1 ez-toc-heading-level-2'><a class=\"ez-toc-link ez-toc-heading-3\" href=\"https:\/\/www.topfastpcb.com\/de\/products\/diode\/#Diodes_and_PCB_manufacturing_complement_each_other\" >Dioden und Leiterplattenherstellung erg\u00e4nzen sich gegenseitig<\/a><\/li><li class='ez-toc-page-1 ez-toc-heading-level-2'><a class=\"ez-toc-link ez-toc-heading-4\" href=\"https:\/\/www.topfastpcb.com\/de\/products\/diode\/#Industry-Specific_Diode_Solutions\" >Branchenspezifische Diodenl\u00f6sungen<\/a><\/li><li class='ez-toc-page-1 ez-toc-heading-level-2'><a class=\"ez-toc-link ez-toc-heading-5\" href=\"https:\/\/www.topfastpcb.com\/de\/products\/diode\/#One-stop_solution_from_prototype_to_mass_production\" >Eine L\u00f6sung aus einer Hand vom Prototyp bis zur Massenproduktion<\/a><\/li><li class='ez-toc-page-1 ez-toc-heading-level-2'><a class=\"ez-toc-link ez-toc-heading-6\" href=\"https:\/\/www.topfastpcb.com\/de\/products\/diode\/#Why_choose_Topfast\" >Warum Topfast w\u00e4hlen?<\/a><ul class='ez-toc-list-level-3' ><li class='ez-toc-heading-level-3'><a class=\"ez-toc-link ez-toc-heading-7\" href=\"https:\/\/www.topfastpcb.com\/de\/products\/diode\/#Get_Your_Custom_Diode_Solution_Now\" >Holen Sie sich jetzt Ihre individuelle Diodenl\u00f6sung<\/a><\/li><\/ul><\/li><\/ul><\/nav><\/div>\n\n<p class=\"ds-markdown-paragraph\">Als das grundlegendste und kritischste Halbleiterbauelement werden Dioden in praktisch jedem Schaltkreis verwendet, von der einfachen Stromgleichrichtung bis zur komplexen Hochfrequenzsignalverarbeitung. Die Leistung von Dioden wirkt sich direkt auf die Zuverl\u00e4ssigkeit und Effizienz des gesamten elektronischen Systems aus. Mit 17 Jahren Erfahrung als PCB-Herstellungsexperte bietet Topfast hochwertige PCB-L\u00f6sungen aus einer Hand, um sicherzustellen, dass Ihre Entw\u00fcrfe von den Komponenten bis zu den fertigen Leiterplatten eine optimale Leistung erzielen.<\/p>\n<h2><span class=\"ez-toc-section\" id=\"The_Importance_of_Diode_Selection\"><\/span>Die Wichtigkeit der Diodenauswahl<span class=\"ez-toc-section-end\"><\/span><\/h2>\n<p class=\"ds-markdown-paragraph\">Dioden steuern den unidirektionalen Stromfluss in elektronischen Schaltungen.Die Wahl der falschen Diode kann dazu f\u00fchren, dass<\/p>\n<ul>\n<li>\n<p class=\"ds-markdown-paragraph\"><strong>Niedriger Wirkungsgrad<\/strong><span>\u00a0<\/span>(\u00fcberm\u00e4\u00dfiger Durchlassspannungsabfall bei Verwendung von Standard-Gleichrichterdioden anstelle von Schottky-Dioden)<\/p>\n<\/li>\n<li>\n<p class=\"ds-markdown-paragraph\"><strong>Instabilit\u00e4t des Systems<\/strong><span>\u00a0<\/span>(elektrostatische Sch\u00e4den aufgrund eines unzureichenden TVS-Diodenschutzes)<\/p>\n<\/li>\n<li>\n<p class=\"ds-markdown-paragraph\"><strong>Beeintr\u00e4chtigung der Signalintegrit\u00e4t<\/strong><span>\u00a0<\/span>(unsachgem\u00e4\u00dfe Auswahl von Punktkontaktdioden bei Hochfrequenzanwendungen)<\/p>\n<\/li>\n<li>\n<p class=\"ds-markdown-paragraph\"><strong>Verk\u00fcrzte Produktlebensdauer<\/strong><span>\u00a0<\/span>(instabiler Betrieb durch falsche Auswahl der Zener-Diode)<\/p>\n<\/li>\n<\/ul>\n<p class=\"ds-markdown-paragraph\">Wir haben h\u00e4ufig mit Kunden zu tun, die Hilfe f\u00fcr misslungene Leiterplattenentw\u00fcrfe suchen, wobei die Hauptursache oft auf eine falsche Diodenauswahl zur\u00fcckzuf\u00fchren ist. Ein Beispiel: Ein Hersteller von Industriesteuerungsanlagen verwendete zun\u00e4chst Standard-Gleichrichterdioden, was zu einem Wirkungsgrad des Leistungsmoduls von nur 78 % f\u00fchrte. Nach unserer professionellen Empfehlung, auf Low-VF-Schottky-Dioden umzusteigen, verbesserte sich der Wirkungsgrad auf 92 %, wobei der Temperaturanstieg um 15 \u00b0C reduziert wurde.<\/p>\n<h2><img loading=\"lazy\" decoding=\"async\" src=\"https:\/\/www.topfastpcb.com\/wp-content\/uploads\/2025\/06\/diode.jpg\" alt=\"Diode\" width=\"600\" height=\"402\" class=\"aligncenter size-full wp-image-3435\" srcset=\"https:\/\/www.topfastpcb.com\/wp-content\/uploads\/2025\/06\/diode.jpg 600w, https:\/\/www.topfastpcb.com\/wp-content\/uploads\/2025\/06\/diode-300x201.jpg 300w, https:\/\/www.topfastpcb.com\/wp-content\/uploads\/2025\/06\/diode-18x12.jpg 18w\" sizes=\"auto, (max-width: 600px) 100vw, 600px\" \/><\/h2>\n<h2><span class=\"ez-toc-section\" id=\"Our_Professional_Diode_Procurement_Advantages\"><\/span>Unsere professionellen Diodenbeschaffungsvorteile<span class=\"ez-toc-section-end\"><\/span><\/h2>\n<p class=\"ds-markdown-paragraph\">Als Anbieter von PCB-L\u00f6sungen aus einer Hand haben wir ein robustes Dioden-Lieferkettennetz aufgebaut, das Folgendes bietet:<\/p>\n<ol start=\"1\">\n<li>\n<p class=\"ds-markdown-paragraph\"><strong>Unterst\u00fctzung f\u00fcr Dioden aller Kategorien<\/strong>: \u00dcber 2000 Modelle, von einfachen PN-\u00dcbergangsdioden bis hin zu speziellen PIN-Dioden und Varactor-Dioden.<\/p>\n<\/li>\n<li>\n<p class=\"ds-markdown-paragraph\"><strong>Autorisierte Lieferantenkan\u00e4le<\/strong>: Partnerschaften mit f\u00fchrenden Marken wie ON Semiconductor, Vishay und Diodes Inc. gew\u00e4hrleisten die Authentizit\u00e4t der Komponenten.<\/p>\n<\/li>\n<li>\n<p class=\"ds-markdown-paragraph\"><strong>Technischer Abgleichsdienst<\/strong>: Unser Ingenieurteam empfiehlt Ihnen die am besten geeigneten Diodentypen f\u00fcr Ihre Anwendung (Leistung\/Signal\/Schutz).<\/p>\n<\/li>\n<li>\n<p class=\"ds-markdown-paragraph\"><strong>L\u00f6sungen zur Kostenoptimierung<\/strong>F\u00fcr die Gro\u00dfserienproduktion bieten wir alternative Modellvorschl\u00e4ge zur Senkung der St\u00fccklistenkosten ohne Leistungseinbu\u00dfen.<\/p>\n<\/li>\n<\/ol>\n<h2><span class=\"ez-toc-section\" id=\"Diodes_and_PCB_manufacturing_complement_each_other\"><\/span>Dioden und <a href=\"https:\/\/www.topfastpcb.com\/de\/\">PCB-Herstellung<\/a> sich gegenseitig erg\u00e4nzen<span class=\"ez-toc-section-end\"><\/span><\/h2>\n<p class=\"ds-markdown-paragraph\">Nach dem Kauf der Bauteile m\u00fcssen diese perfekt auf der Leiterplatte montiert werden. <a href=\"https:\/\/www.topfastpcb.com\/de\/blog\/what-is-a-pcb-design\/\">PCB-Design<\/a> ist ebenfalls sehr wichtig, da sie die Stabilit\u00e4t und Zuverl\u00e4ssigkeit des Endprodukts beeinflusst. Zu den von uns angebotenen Mehrwertdiensten geh\u00f6ren:<\/p>\n<ul>\n<li>\n<p class=\"ds-markdown-paragraph\"><strong>Analyse der thermischen Auslegung<\/strong>: Optimierung der Platzierung von Hochstrom-Gleichrichterdioden zur Vermeidung lokaler \u00dcberhitzung.<\/p>\n<\/li>\n<li>\n<p class=\"ds-markdown-paragraph\"><strong>Simulation der Signalintegrit\u00e4t<\/strong>Bewertung der Auswirkungen von Hochgeschwindigkeits-Schottky-Dioden auf die Signalqualit\u00e4t.<\/p>\n<\/li>\n<li>\n<p class=\"ds-markdown-paragraph\"><strong>ESD-Schutzl\u00f6sungen<\/strong>: Entwurf von TVS-Diodenschutznetzen f\u00fcr empfindliche Schaltungen.<\/p>\n<\/li>\n<li>\n<p class=\"ds-markdown-paragraph\"><strong>\u00dcberpr\u00fcfung der Herstellbarkeit<\/strong>Gew\u00e4hrleistung der Kompatibilit\u00e4t von Diodengeh\u00e4usen mit PCB-Prozessen.<\/p>\n<\/li>\n<\/ul>\n<p class=\"ds-markdown-paragraph\">Bei einem k\u00fcrzlich durchgef\u00fchrten Projekt im Bereich der Automobilelektronik haben wir das Diodenlayout in einer LED-Treiberschaltung neu gestaltet und so die Produktionsausbeute von 83 % auf 99,6 % verbessert.Dar\u00fcber hinaus konnte durch die Optimierung der Zener-Diodenauswahl die Genauigkeit der Spannungsregelung um 30 % erh\u00f6ht werden.<\/p>\n<h2><span class=\"ez-toc-section\" id=\"Industry-Specific_Diode_Solutions\"><\/span>Branchenspezifische Diodenl\u00f6sungen<span class=\"ez-toc-section-end\"><\/span><\/h2>\n<p class=\"ds-markdown-paragraph\">Unterschiedliche Anwendungen stellen besondere Anforderungen an die Dioden:<\/p>\n<p class=\"ds-markdown-paragraph\"><strong>Kfz-Elektronik<\/strong>:<\/p>\n<ul>\n<li>\n<p class=\"ds-markdown-paragraph\">AEC-Q101-konforme Dioden f\u00fcr die Automobilindustrie<\/p>\n<\/li>\n<li>\n<p class=\"ds-markdown-paragraph\">Hoch ersch\u00fctterungsfeste TVS-Dioden-Schutzl\u00f6sungen<\/p>\n<\/li>\n<li>\n<p class=\"ds-markdown-paragraph\">Schottky-Gleichrichterdioden f\u00fcr einen weiten Temperaturbereich (-40\u00b0C bis 150\u00b0C)<\/p>\n<\/li>\n<\/ul>\n<p class=\"ds-markdown-paragraph\"><strong>Industrielle Steuerung<\/strong>:<\/p>\n<ul>\n<li>\n<p class=\"ds-markdown-paragraph\">SCR-L\u00f6sungen (siliziumgesteuerter Gleichrichter) f\u00fcr hohe Str\u00f6me<\/p>\n<\/li>\n<li>\n<p class=\"ds-markdown-paragraph\">Optokopplerdioden mit hoher Isolationsspannung<\/p>\n<\/li>\n<li>\n<p class=\"ds-markdown-paragraph\">EMI-resistente Fast-Recovery-Dioden-Arrays<\/p>\n<\/li>\n<\/ul>\n<p class=\"ds-markdown-paragraph\"><strong>Medizinische Ger\u00e4te<\/strong>:<\/p>\n<ul>\n<li>\n<p class=\"ds-markdown-paragraph\">Pr\u00e4zisionssignaldioden mit geringem Leckstrom<\/p>\n<\/li>\n<li>\n<p class=\"ds-markdown-paragraph\">Medizinische Sicherheitskonforme Isolationsdioden<\/p>\n<\/li>\n<li>\n<p class=\"ds-markdown-paragraph\">Hochzuverl\u00e4ssige Zenerdioden f\u00fcr lebenserhaltende Ger\u00e4te<\/p>\n<\/li>\n<\/ul>\n<p class=\"ds-markdown-paragraph\"><strong>IoT-Produkte<\/strong>:<\/p>\n<ul>\n<li>\n<p class=\"ds-markdown-paragraph\">Optimierung von MOSFET-Geh\u00e4usedioden mit extrem niedrigem Stromverbrauch<\/p>\n<\/li>\n<li>\n<p class=\"ds-markdown-paragraph\">Fotodiodenl\u00f6sungen f\u00fcr Energy Harvesting<\/p>\n<\/li>\n<li>\n<p class=\"ds-markdown-paragraph\">Diodenbauteile im Miniaturgeh\u00e4use (SOD-323, usw.)<\/p>\n<\/li>\n<\/ul>\n<h2><span class=\"ez-toc-section\" id=\"One-stop_solution_from_prototype_to_mass_production\"><\/span>Eine L\u00f6sung aus einer Hand vom Prototyp bis zur Massenproduktion<span class=\"ez-toc-section-end\"><\/span><\/h2>\n<p class=\"ds-markdown-paragraph\">Wir wissen, dass die Entwicklung von Elektronik ein iterativer Prozess ist und bieten flexible Unterst\u00fctzung:<\/p>\n<ol start=\"1\">\n<li>\n<p class=\"ds-markdown-paragraph\"><strong>Prototyping-Phase<\/strong>:<\/p>\n<ul>\n<li>\n<p class=\"ds-markdown-paragraph\">Schnelle Lieferung von Dioden in Kleinserien und mehreren Varianten<\/p>\n<\/li>\n<li>\n<p class=\"ds-markdown-paragraph\">Kostenlose technische Musterpr\u00fcfung<\/p>\n<\/li>\n<li>\n<p class=\"ds-markdown-paragraph\">\u00dcberpr\u00fcfung des PCB-Designs und Beratung bei der Diodenauswahl<\/p>\n<\/li>\n<\/ul>\n<\/li>\n<li>\n<p class=\"ds-markdown-paragraph\"><strong>Pilot-Produktionsphase<\/strong>:<\/p>\n<ul>\n<li>\n<p class=\"ds-markdown-paragraph\">Risikobewertung und Sicherungsl\u00f6sungen f\u00fcr die Lieferkette<\/p>\n<\/li>\n<li>\n<p class=\"ds-markdown-paragraph\">Pr\u00fcfung der Konsistenz der Diodenparameter<\/p>\n<\/li>\n<li>\n<p class=\"ds-markdown-paragraph\">Unterst\u00fctzung bei der Entwicklung von Pr\u00fcfvorrichtungen f\u00fcr die Produktion<\/p>\n<\/li>\n<\/ul>\n<\/li>\n<li>\n<p class=\"ds-markdown-paragraph\"><strong>Phase der Massenproduktion<\/strong>:<\/p>\n<ul>\n<li>\n<p class=\"ds-markdown-paragraph\">Langfristig stabile Diodenversorgungssicherheit<\/p>\n<\/li>\n<li>\n<p class=\"ds-markdown-paragraph\">Chargenr\u00fcckverfolgbarkeit und Qualit\u00e4tsdokumentation<\/p>\n<\/li>\n<li>\n<p class=\"ds-markdown-paragraph\">Kontinuierliche Kostensenkung und alternative L\u00f6sungen<\/p>\n<\/li>\n<\/ul>\n<\/li>\n<\/ol>\n<p class=\"ds-markdown-paragraph\">Bei einem Kunden aus dem Bereich Smart Home hat sich gezeigt, dass unsere Full-Cycle-Services die Zeit f\u00fcr den \u00dcbergang vom Prototyp zur Massenproduktion um 40 % verk\u00fcrzt, diodenbedingte Qualit\u00e4tsprobleme beseitigt und die Beschaffungskosten um 22 % gesenkt haben.<\/p>\n<h2><span class=\"ez-toc-section\" id=\"Why_choose_Topfast\"><\/span>Warum w\u00e4hlen <a href=\"https:\/\/www.topfastpcb.com\/de\/about\/\">Topfast<\/a>?<span class=\"ez-toc-section-end\"><\/span><\/h2>\n<p class=\"ds-markdown-paragraph\">Im wettbewerbsintensiven Sektor der Elektronikfertigung liefern wir<span>\u00a0<\/span><strong>technologiegesteuert<\/strong><span>\u00a0<\/span>Dienstleistungen:<\/p>\n<ul>\n<li>\n<p class=\"ds-markdown-paragraph\"><strong>17 Jahre spezialisierte Erfahrung<\/strong>: Mehr als 3800 Kunden betreut, mehr als 15000 Projekte im Zusammenhang mit Dioden abgeschlossen.<\/p>\n<\/li>\n<li>\n<p class=\"ds-markdown-paragraph\"><strong>UL\/ISO9001-Zertifizierung<\/strong>: Eine strenge Qualit\u00e4tskontrolle gew\u00e4hrleistet die Zuverl\u00e4ssigkeit der Dioden.<\/p>\n<\/li>\n<li>\n<p class=\"ds-markdown-paragraph\"><strong>48-Stunden Rapid Prototyping<\/strong>: Unterst\u00fctzung bei Notf\u00e4llen, einschlie\u00dflich der Beschaffung von Dioden und der Herstellung von Leiterplatten.<\/p>\n<\/li>\n<li>\n<p class=\"ds-markdown-paragraph\"><strong>Globales Logistiknetz<\/strong>: Just-in-Time-Lieferung (JIT), um den Druck auf die Lagerbest\u00e4nde der Kunden zu verringern.<\/p>\n<\/li>\n<li>\n<p class=\"ds-markdown-paragraph\"><strong>Technik-Experten-Team<\/strong>: FAEs mit durchschnittlich 10 Jahren Branchenerfahrung bieten pers\u00f6nliche Unterst\u00fctzung an.<\/p>\n<\/li>\n<\/ul>\n<p class=\"ds-markdown-paragraph\">Wir wissen, dass eine hervorragende Leiterplattenfertigung nicht nur fortschrittliche Ausr\u00fcstung, sondern auch ein umfassendes Fachwissen \u00fcber Komponenten erfordert.Unsere gr\u00fcndliche Kenntnis der Diodeneigenschaften erm\u00f6glicht es uns, wirklich wertvolle L\u00f6sungen zu liefern, nicht nur die Herstellung von Leiterplatten.<\/p>\n<h3><span class=\"ez-toc-section\" id=\"Get_Your_Custom_Diode_Solution_Now\"><\/span><a href=\"https:\/\/www.topfastpcb.com\/de\/contact\/\">Holen Sie sich jetzt Ihre individuelle Diodenl\u00f6sung<\/a><span class=\"ez-toc-section-end\"><\/span><\/h3>\n<p class=\"ds-markdown-paragraph\">Ganz gleich, in welchem Stadium der Produktentwicklung Sie sich befinden, unser Expertenteam ist bereit, Sie zu unterst\u00fctzen.Senden Sie uns Ihre Anforderungen und erhalten Sie:<\/p>\n<ul>\n<li>\n<p class=\"ds-markdown-paragraph\">Erstvorschlag und Kostenvoranschlag innerhalb von<span>\u00a0<\/span><strong>1 Stunde<\/strong><\/p>\n<\/li>\n<li>\n<p class=\"ds-markdown-paragraph\">Feedback zur technischen Machbarkeit innerhalb<span>\u00a0<\/span><strong>4 Stunden<\/strong><\/p>\n<\/li>\n<li>\n<p class=\"ds-markdown-paragraph\">Vollst\u00e4ndiger Projektdurchf\u00fchrungsplan innerhalb<span>\u00a0<\/span><strong>24 Stunden<\/strong><\/p>\n<\/li>\n<\/ul>\n<p class=\"ds-markdown-paragraph\">Bei komplexen Projekten arrangieren wir technische Besprechungen vor Ort, um optimale Diodenanwendungen zu erkunden. Lassen Sie sich von unserem professionellen Dioden-Know-how und unserer Erfahrung in der Leiterplattenherstellung bei der Entwicklung Ihrer Elektronik beraten.<\/p>","protected":false},"excerpt":{"rendered":"<p>Da Dioden in elektronischen Schaltungen eine entscheidende Rolle spielen, bieten wir umfassende Diodenl\u00f6sungen, einschlie\u00dflich der Beschaffung verschiedener Diodentypen und PCB-Integrationsdienstleistungen. Von der Gleichrichtung \u00fcber die Spannungsregulierung bis hin zur optoelektronischen Umwandlung sorgen wir daf\u00fcr, dass Ihre elektronischen Projekte optimale Leistung und Zuverl\u00e4ssigkeit erreichen.<\/p>","protected":false},"featured_media":3436,"comment_status":"closed","ping_status":"closed","template":"","meta":[],"product_brand":[],"product_cat":[217],"product_tag":[303],"class_list":{"0":"post-3432","1":"product","2":"type-product","3":"status-publish","4":"has-post-thumbnail","6":"product_cat-electronic-components","7":"product_tag-diode","9":"first","10":"instock","11":"shipping-taxable","12":"product-type-simple"},"yoast_head":"<!-- This site is optimized with the Yoast SEO plugin v25.1 - https:\/\/yoast.com\/wordpress\/plugins\/seo\/ -->\n<title>Diode - Topfastpcb<\/title>\n<meta name=\"robots\" content=\"index, follow, max-snippet:-1, max-image-preview:large, max-video-preview:-1\" \/>\n<link rel=\"canonical\" href=\"https:\/\/www.topfastpcb.com\/de\/products\/diode\/\" \/>\n<meta property=\"og:locale\" content=\"de_DE\" \/>\n<meta property=\"og:type\" content=\"article\" \/>\n<meta property=\"og:title\" content=\"Diode - Topfastpcb\" \/>\n<meta property=\"og:description\" content=\"The critical role of diodes in electronic circuits, we provide comprehensive diode solutions, including procurement of various types of diodes and PCB integration services. From rectification, voltage regulation to optoelectronic conversion, we ensure your electronic projects achieve optimal performance and reliability.\" \/>\n<meta property=\"og:url\" content=\"https:\/\/www.topfastpcb.com\/de\/products\/diode\/\" \/>\n<meta property=\"og:site_name\" content=\"Topfastpcb\" \/>\n<meta property=\"og:image\" content=\"https:\/\/www.topfastpcb.com\/wp-content\/uploads\/2025\/06\/diode-1.jpg\" \/>\n\t<meta property=\"og:image:width\" content=\"750\" \/>\n\t<meta property=\"og:image:height\" content=\"750\" \/>\n\t<meta property=\"og:image:type\" content=\"image\/jpeg\" \/>\n<meta name=\"twitter:card\" content=\"summary_large_image\" \/>\n<meta name=\"twitter:label1\" content=\"Gesch\u00e4tzte Lesezeit\" \/>\n\t<meta name=\"twitter:data1\" content=\"4\u00a0Minuten\" \/>\n<script type=\"application\/ld+json\" class=\"yoast-schema-graph\">{\"@context\":\"https:\/\/schema.org\",\"@graph\":[{\"@type\":\"WebPage\",\"@id\":\"https:\/\/www.topfastpcb.com\/products\/diode\/\",\"url\":\"https:\/\/www.topfastpcb.com\/products\/diode\/\",\"name\":\"Diode - Topfastpcb\",\"isPartOf\":{\"@id\":\"https:\/\/www.topfastpcb.com\/#website\"},\"primaryImageOfPage\":{\"@id\":\"https:\/\/www.topfastpcb.com\/products\/diode\/#primaryimage\"},\"image\":{\"@id\":\"https:\/\/www.topfastpcb.com\/products\/diode\/#primaryimage\"},\"thumbnailUrl\":\"https:\/\/www.topfastpcb.com\/wp-content\/uploads\/2025\/06\/diode-1.jpg\",\"datePublished\":\"2025-06-25T00:20:21+00:00\",\"breadcrumb\":{\"@id\":\"https:\/\/www.topfastpcb.com\/products\/diode\/#breadcrumb\"},\"inLanguage\":\"de\",\"potentialAction\":[{\"@type\":\"ReadAction\",\"target\":[\"https:\/\/www.topfastpcb.com\/products\/diode\/\"]}]},{\"@type\":\"ImageObject\",\"inLanguage\":\"de\",\"@id\":\"https:\/\/www.topfastpcb.com\/products\/diode\/#primaryimage\",\"url\":\"https:\/\/www.topfastpcb.com\/wp-content\/uploads\/2025\/06\/diode-1.jpg\",\"contentUrl\":\"https:\/\/www.topfastpcb.com\/wp-content\/uploads\/2025\/06\/diode-1.jpg\",\"width\":750,\"height\":750,\"caption\":\"diode\"},{\"@type\":\"BreadcrumbList\",\"@id\":\"https:\/\/www.topfastpcb.com\/products\/diode\/#breadcrumb\",\"itemListElement\":[{\"@type\":\"ListItem\",\"position\":1,\"name\":\"\u9996\u9875\",\"item\":\"https:\/\/www.topfastpcb.com\/\"},{\"@type\":\"ListItem\",\"position\":2,\"name\":\"\u5546\u5e97\",\"item\":\"https:\/\/www.topfastpcb.com\/shop\/\"},{\"@type\":\"ListItem\",\"position\":3,\"name\":\"Diode\"}]},{\"@type\":\"WebSite\",\"@id\":\"https:\/\/www.topfastpcb.com\/#website\",\"url\":\"https:\/\/www.topfastpcb.com\/\",\"name\":\"Topfastpcb\",\"description\":\"Topfast Prime Choice for Global Electronics Manufacturing\",\"publisher\":{\"@id\":\"https:\/\/www.topfastpcb.com\/#organization\"},\"potentialAction\":[{\"@type\":\"SearchAction\",\"target\":{\"@type\":\"EntryPoint\",\"urlTemplate\":\"https:\/\/www.topfastpcb.com\/?s={search_term_string}\"},\"query-input\":{\"@type\":\"PropertyValueSpecification\",\"valueRequired\":true,\"valueName\":\"search_term_string\"}}],\"inLanguage\":\"de\"},{\"@type\":\"Organization\",\"@id\":\"https:\/\/www.topfastpcb.com\/#organization\",\"name\":\"Topfastpcb\",\"url\":\"https:\/\/www.topfastpcb.com\/\",\"logo\":{\"@type\":\"ImageObject\",\"inLanguage\":\"de\",\"@id\":\"https:\/\/www.topfastpcb.com\/#\/schema\/logo\/image\/\",\"url\":\"https:\/\/www.topfastpcb.com\/wp-content\/uploads\/2026\/02\/cropped-topfast-logo.png\",\"contentUrl\":\"https:\/\/www.topfastpcb.com\/wp-content\/uploads\/2026\/02\/cropped-topfast-logo.png\",\"width\":144,\"height\":56,\"caption\":\"Topfastpcb\"},\"image\":{\"@id\":\"https:\/\/www.topfastpcb.com\/#\/schema\/logo\/image\/\"}}]}<\/script>\n<!-- \/ Yoast SEO plugin. -->","yoast_head_json":{"title":"Diode - Topfastpcb","robots":{"index":"index","follow":"follow","max-snippet":"max-snippet:-1","max-image-preview":"max-image-preview:large","max-video-preview":"max-video-preview:-1"},"canonical":"https:\/\/www.topfastpcb.com\/de\/products\/diode\/","og_locale":"de_DE","og_type":"article","og_title":"Diode - Topfastpcb","og_description":"The critical role of diodes in electronic circuits, we provide comprehensive diode solutions, including procurement of various types of diodes and PCB integration services. From rectification, voltage regulation to optoelectronic conversion, we ensure your electronic projects achieve optimal performance and reliability.","og_url":"https:\/\/www.topfastpcb.com\/de\/products\/diode\/","og_site_name":"Topfastpcb","og_image":[{"width":750,"height":750,"url":"https:\/\/www.topfastpcb.com\/wp-content\/uploads\/2025\/06\/diode-1.jpg","type":"image\/jpeg"}],"twitter_card":"summary_large_image","twitter_misc":{"Gesch\u00e4tzte Lesezeit":"4\u00a0Minuten"},"schema":{"@context":"https:\/\/schema.org","@graph":[{"@type":"WebPage","@id":"https:\/\/www.topfastpcb.com\/products\/diode\/","url":"https:\/\/www.topfastpcb.com\/products\/diode\/","name":"Diode - Topfastpcb","isPartOf":{"@id":"https:\/\/www.topfastpcb.com\/#website"},"primaryImageOfPage":{"@id":"https:\/\/www.topfastpcb.com\/products\/diode\/#primaryimage"},"image":{"@id":"https:\/\/www.topfastpcb.com\/products\/diode\/#primaryimage"},"thumbnailUrl":"https:\/\/www.topfastpcb.com\/wp-content\/uploads\/2025\/06\/diode-1.jpg","datePublished":"2025-06-25T00:20:21+00:00","breadcrumb":{"@id":"https:\/\/www.topfastpcb.com\/products\/diode\/#breadcrumb"},"inLanguage":"de","potentialAction":[{"@type":"ReadAction","target":["https:\/\/www.topfastpcb.com\/products\/diode\/"]}]},{"@type":"ImageObject","inLanguage":"de","@id":"https:\/\/www.topfastpcb.com\/products\/diode\/#primaryimage","url":"https:\/\/www.topfastpcb.com\/wp-content\/uploads\/2025\/06\/diode-1.jpg","contentUrl":"https:\/\/www.topfastpcb.com\/wp-content\/uploads\/2025\/06\/diode-1.jpg","width":750,"height":750,"caption":"diode"},{"@type":"BreadcrumbList","@id":"https:\/\/www.topfastpcb.com\/products\/diode\/#breadcrumb","itemListElement":[{"@type":"ListItem","position":1,"name":"\u9996\u9875","item":"https:\/\/www.topfastpcb.com\/"},{"@type":"ListItem","position":2,"name":"\u5546\u5e97","item":"https:\/\/www.topfastpcb.com\/shop\/"},{"@type":"ListItem","position":3,"name":"Diode"}]},{"@type":"WebSite","@id":"https:\/\/www.topfastpcb.com\/#website","url":"https:\/\/www.topfastpcb.com\/","name":"Topfastpcb","description":"Topfast Prime Choice for Global Electronics Manufacturing","publisher":{"@id":"https:\/\/www.topfastpcb.com\/#organization"},"potentialAction":[{"@type":"SearchAction","target":{"@type":"EntryPoint","urlTemplate":"https:\/\/www.topfastpcb.com\/?s={search_term_string}"},"query-input":{"@type":"PropertyValueSpecification","valueRequired":true,"valueName":"search_term_string"}}],"inLanguage":"de"},{"@type":"Organization","@id":"https:\/\/www.topfastpcb.com\/#organization","name":"Topfastpcb","url":"https:\/\/www.topfastpcb.com\/","logo":{"@type":"ImageObject","inLanguage":"de","@id":"https:\/\/www.topfastpcb.com\/#\/schema\/logo\/image\/","url":"https:\/\/www.topfastpcb.com\/wp-content\/uploads\/2026\/02\/cropped-topfast-logo.png","contentUrl":"https:\/\/www.topfastpcb.com\/wp-content\/uploads\/2026\/02\/cropped-topfast-logo.png","width":144,"height":56,"caption":"Topfastpcb"},"image":{"@id":"https:\/\/www.topfastpcb.com\/#\/schema\/logo\/image\/"}}]}},"_links":{"self":[{"href":"https:\/\/www.topfastpcb.com\/de\/wp-json\/wp\/v2\/product\/3432","targetHints":{"allow":["GET"]}}],"collection":[{"href":"https:\/\/www.topfastpcb.com\/de\/wp-json\/wp\/v2\/product"}],"about":[{"href":"https:\/\/www.topfastpcb.com\/de\/wp-json\/wp\/v2\/types\/product"}],"replies":[{"embeddable":true,"href":"https:\/\/www.topfastpcb.com\/de\/wp-json\/wp\/v2\/comments?post=3432"}],"wp:featuredmedia":[{"embeddable":true,"href":"https:\/\/www.topfastpcb.com\/de\/wp-json\/wp\/v2\/media\/3436"}],"wp:attachment":[{"href":"https:\/\/www.topfastpcb.com\/de\/wp-json\/wp\/v2\/media?parent=3432"}],"wp:term":[{"taxonomy":"product_brand","embeddable":true,"href":"https:\/\/www.topfastpcb.com\/de\/wp-json\/wp\/v2\/product_brand?post=3432"},{"taxonomy":"product_cat","embeddable":true,"href":"https:\/\/www.topfastpcb.com\/de\/wp-json\/wp\/v2\/product_cat?post=3432"},{"taxonomy":"product_tag","embeddable":true,"href":"https:\/\/www.topfastpcb.com\/de\/wp-json\/wp\/v2\/product_tag?post=3432"}],"curies":[{"name":"wp","href":"https:\/\/api.w.org\/{rel}","templated":true}]}}