{"id":3468,"date":"2025-06-26T09:49:41","date_gmt":"2025-06-26T01:49:41","guid":{"rendered":"https:\/\/www.topfastpcb.com\/?post_type=product&#038;p=3468"},"modified":"2025-06-26T09:53:02","modified_gmt":"2025-06-26T01:53:02","slug":"crystal-oscillator","status":"publish","type":"product","link":"https:\/\/www.topfastpcb.com\/de\/products\/crystal-oscillator\/","title":{"rendered":"Quarzoszillator"},"content":{"rendered":"<div id=\"ez-toc-container\" class=\"ez-toc-v2_0_74 counter-hierarchy ez-toc-counter ez-toc-custom ez-toc-container-direction\">\n<div class=\"ez-toc-title-container\">\n<p class=\"ez-toc-title\" style=\"cursor:inherit\">Inhalts\u00fcbersicht<\/p>\n<span class=\"ez-toc-title-toggle\"><\/span><\/div>\n<nav><ul class='ez-toc-list ez-toc-list-level-1' ><li class='ez-toc-page-1 ez-toc-heading-level-2'><a class=\"ez-toc-link ez-toc-heading-1\" href=\"https:\/\/www.topfastpcb.com\/de\/products\/crystal-oscillator\/#Professional_Crystal_Oscillator_Procurement\" >Professionelle Beschaffung von Quarzoszillatoren<\/a><ul class='ez-toc-list-level-3' ><li class='ez-toc-heading-level-3'><a class=\"ez-toc-link ez-toc-heading-2\" href=\"https:\/\/www.topfastpcb.com\/de\/products\/crystal-oscillator\/#Why_Choose_Topfasts_Crystal_Oscillator_Procurement_Service\" >Warum Topfast&#8217; s Crystal Oscillator Procurement Service w\u00e4hlen?<\/a><\/li><li class='ez-toc-page-1 ez-toc-heading-level-3'><a class=\"ez-toc-link ez-toc-heading-3\" href=\"https:\/\/www.topfastpcb.com\/de\/products\/crystal-oscillator\/#Complete_Crystal_Oscillator_Solutions\" >Komplette L\u00f6sungen f\u00fcr Quarzoszillatoren<\/a><\/li><li class='ez-toc-page-1 ez-toc-heading-level-3'><a class=\"ez-toc-link ez-toc-heading-4\" href=\"https:\/\/www.topfastpcb.com\/de\/products\/crystal-oscillator\/#Seamless_PCB_Manufacturing_Assembly_Integration\" >Nahtlose PCB-Herstellung &amp; Integration der Montage<\/a><\/li><li class='ez-toc-page-1 ez-toc-heading-level-3'><a class=\"ez-toc-link ez-toc-heading-5\" href=\"https:\/\/www.topfastpcb.com\/de\/products\/crystal-oscillator\/#Custom_Solutions_for_Special_Requirements\" >Ma\u00dfgeschneiderte L\u00f6sungen f\u00fcr besondere Anforderungen<\/a><\/li><li class='ez-toc-page-1 ez-toc-heading-level-3'><a class=\"ez-toc-link ez-toc-heading-6\" href=\"https:\/\/www.topfastpcb.com\/de\/products\/crystal-oscillator\/#Why_Global_Clients_Choose_Topfast\" >Warum w\u00e4hlen globale Kunden Topfast?<\/a><\/li><li class='ez-toc-page-1 ez-toc-heading-level-3'><a class=\"ez-toc-link ez-toc-heading-7\" href=\"https:\/\/www.topfastpcb.com\/de\/products\/crystal-oscillator\/#Frequently_Asked_Questions\" >H\u00e4ufig gestellte Fragen<\/a><\/li><li class='ez-toc-page-1 ez-toc-heading-level-3'><a class=\"ez-toc-link ez-toc-heading-8\" href=\"https:\/\/www.topfastpcb.com\/de\/products\/crystal-oscillator\/#Launch_Your_Project_Today\" >Starten Sie Ihr Projekt noch heute<\/a><\/li><\/ul><\/li><li class='ez-toc-page-1 ez-toc-heading-level-2'><a class=\"ez-toc-link ez-toc-heading-9\" href=\"https:\/\/www.topfastpcb.com\/de\/products\/crystal-oscillator\/#About_Topfast\" >\u00dcber Topfast<\/a><\/li><\/ul><\/nav><\/div>\n\n<h2><span class=\"ez-toc-section\" id=\"Professional_Crystal_Oscillator_Procurement\"><\/span>Professionelle Beschaffung von Quarzoszillatoren<span class=\"ez-toc-section-end\"><\/span><\/h2>\n<p class=\"ds-markdown-paragraph\">Im Bereich der Elektronikfertigung sind genaue Taktsignale f\u00fcr die Produktzuverl\u00e4ssigkeit von zentraler Bedeutung. Mit 17 Jahren Branchenerfahrung ist Topfast ein Anbieter von PCB-L\u00f6sungen aus einer Hand, der End-to-End-Dienstleistungen anbietet, die von der Beschaffung hochwertiger Quarzoszillatoren bis zu kompletten <a href=\"https:\/\/www.topfastpcb.com\/de\/\">Herstellung und Montage von Leiterplatten<\/a>.<\/p>\n<h3><span class=\"ez-toc-section\" id=\"Why_Choose_Topfasts_Crystal_Oscillator_Procurement_Service\"><\/span>Warum Topfast&#8217; s Crystal Oscillator Procurement Service w\u00e4hlen?<span class=\"ez-toc-section-end\"><\/span><\/h3>\n<p class=\"ds-markdown-paragraph\">Wir unterhalten enge Partnerschaften mit globalen Top-Marken, darunter auch<\/p>\n<ul>\n<li>\n<p class=\"ds-markdown-paragraph\">Murata &#8211; Branchenf\u00fchrender Hersteller elektronischer Komponenten<\/p>\n<\/li>\n<li>\n<p class=\"ds-markdown-paragraph\">Epson &#8211; Experte f\u00fcr hochpr\u00e4zise Quarzoszillatoren<\/p>\n<\/li>\n<li>\n<p class=\"ds-markdown-paragraph\">Kyocera &#8211; Lieferant von Premium-Quarzkomponenten<\/p>\n<\/li>\n<li>\n<p class=\"ds-markdown-paragraph\">Vectron &#8211; Spezialist f\u00fcr Frequenzsteuerungsl\u00f6sungen<\/p>\n<\/li>\n<\/ul>\n<p class=\"ds-markdown-paragraph\"><strong>Unsere Vorteile:<\/strong><br \/>\nDirekte Beschaffung bei autorisierten H\u00e4ndlern, um echte Qualit\u00e4t zu gew\u00e4hrleisten<br \/>\nPr\u00e4zise Kostenvoranschl\u00e4ge innerhalb von 1 Stunde<br \/>\nProfessionelle Beratung zur St\u00fccklistenkostenoptimierung<br \/>\n24\/7-Schnellreaktionssystem<\/p>\n<blockquote>\n<p class=\"ds-markdown-paragraph\">Das Beschaffungsteam von Topfast hat uns geholfen, die Komponentenkosten um 30 % zu senken und gleichzeitig die Qualit\u00e4tsstabilit\u00e4t kritischer Quarzoszillatoren aufrechtzuerhalten&#8221; - Feedback eines Herstellers von IoT-Ger\u00e4ten<\/p>\n<\/blockquote>\n<p class=\"ds-markdown-paragraph\"><strong><a target=\"_blank\" rel=\"noopener noreferrer\" href=\"https:\/\/www.topfastpcb.com\/de\/contact\/\">Sofortiges Angebot f\u00fcr Quarzoszillator anfordern<\/a><\/strong><\/p>\n<h3><span class=\"ez-toc-section\" id=\"Complete_Crystal_Oscillator_Solutions\"><\/span>Komplette L\u00f6sungen f\u00fcr Quarzoszillatoren<span class=\"ez-toc-section-end\"><\/span><\/h3>\n<p class=\"ds-markdown-paragraph\">Welche Pr\u00e4zision Ihre Anwendung auch immer erfordert, wir bieten die passenden L\u00f6sungen:<\/p>\n<div class=\"markdown-table-wrapper\">\n<table>\n<thead>\n<tr>\n<th>Oszillator Typ<\/th>\n<th>Merkmale<\/th>\n<th>Typische Anwendungen<\/th>\n<\/tr>\n<\/thead>\n<tbody>\n<tr>\n<td>Standard XO<\/td>\n<td>Kosteng\u00fcnstige, grundlegende Pr\u00e4zision<\/td>\n<td>Unterhaltungselektronik<\/td>\n<\/tr>\n<tr>\n<td>TCXO<\/td>\n<td>Temperaturkompensiert, \u00b10,5~\u00b12,5ppm<\/td>\n<td>Industrielle Ausr\u00fcstung<\/td>\n<\/tr>\n<tr>\n<td>VCXO<\/td>\n<td>Spannungsgesteuerte einstellbare Frequenz<\/td>\n<td>Kommunikationsger\u00e4te<\/td>\n<\/tr>\n<tr>\n<td>OCXO<\/td>\n<td>Ofengesteuerte, ultrahohe Pr\u00e4zision<\/td>\n<td>Basisstationen, Milit\u00e4r<\/td>\n<\/tr>\n<tr>\n<td>MCXO<\/td>\n<td>Mikroprozessor-kompensiert<\/td>\n<td>Navigationssysteme<\/td>\n<\/tr>\n<\/tbody>\n<\/table>\n<\/div>\n<p class=\"ds-markdown-paragraph\">Unsere Ingenieure empfehlen Ihnen die am besten geeignete Quarzoszillatorl\u00f6sung auf der Grundlage Ihrer<span>\u00a0<\/span><strong>Anwendungsszenario<\/strong>,<span>\u00a0<\/span><strong>Umweltbedingungen<\/strong>und<span>\u00a0<\/span><strong>Leistungsanforderungen<\/strong>.<\/p>\n<p class=\"ds-markdown-paragraph\"><strong><a target=\"_blank\" rel=\"noopener noreferrer\" href=\"https:\/\/www.topfastpcb.com\/de\/contact\/\">Experten f\u00fcr die Auswahl von Oszillatoren konsultieren<\/a><\/strong><\/p>\n<h3><span class=\"ez-toc-section\" id=\"Seamless_PCB_Manufacturing_Assembly_Integration\"><\/span>Nahtlose PCB-Herstellung &amp; Integration der Montage<span class=\"ez-toc-section-end\"><\/span><\/h3>\n<p class=\"ds-markdown-paragraph\">Topfast ist nicht nur ein Komponentenlieferant, sondern ein<span>\u00a0<\/span><strong>Full-Service-Partner f\u00fcr die Elektronikfertigung<\/strong>. Wir bieten:<\/p>\n<ol start=\"1\">\n<li>\n<p class=\"ds-markdown-paragraph\"><strong>Design-Optimierung<\/strong>:\u00dcberpr\u00fcfen Sie Ihren PCB-Entwurf, um die richtige Anordnung der Oszillator-Pads und das thermische Design sicherzustellen.<\/p>\n<\/li>\n<li>\n<p class=\"ds-markdown-paragraph\"><strong>Analyse der Herstellbarkeit<\/strong>: Fr\u00fchzeitige Erkennung potenzieller Probleme zur Vermeidung kostspieliger Revisionen<\/p>\n<\/li>\n<li>\n<p class=\"ds-markdown-paragraph\"><strong>Pr\u00e4zisionsmontage<\/strong>: Hochpr\u00e4zise SMT-Ausr\u00fcstung f\u00fcr verschiedene Oszillatorgeh\u00e4use<\/p>\n<\/li>\n<li>\n<p class=\"ds-markdown-paragraph\"><strong>Umfassende Pr\u00fcfung<\/strong>Einschlie\u00dflich kritischer Parameter wie Frequenzmerkmale und Signalintegrit\u00e4t<\/p>\n<\/li>\n<\/ol>\n<p class=\"ds-markdown-paragraph\"><strong>Fallstudie<\/strong>Wir haben einen Kunden aus der Medizintechnik dabei unterst\u00fctzt, die Ausbeute bei der TCXO-Installation von 92 % auf 99,8 % zu steigern, was zu einer erheblichen Senkung der Produktionskosten f\u00fchrte.<\/p>\n<p class=\"ds-markdown-paragraph\"><strong><a target=\"_blank\" rel=\"noopener noreferrer\" href=\"https:\/\/www.topfastpcb.com\/de\/contact\/\">Kostenlose DFM-Analyse anfordern<\/a><\/strong><\/p>\n<h3><span class=\"ez-toc-section\" id=\"Custom_Solutions_for_Special_Requirements\"><\/span>Ma\u00dfgeschneiderte L\u00f6sungen f\u00fcr besondere Anforderungen<span class=\"ez-toc-section-end\"><\/span><\/h3>\n<p class=\"ds-markdown-paragraph\">F\u00fcr spezielle Anwendungen bieten wir:<\/p>\n<ul>\n<li>\n<p class=\"ds-markdown-paragraph\">Kundenspezifische Frequenz- und Pr\u00e4zisionsspezifikationen<\/p>\n<\/li>\n<li>\n<p class=\"ds-markdown-paragraph\">Spezielle Geh\u00e4useformen<\/p>\n<\/li>\n<li>\n<p class=\"ds-markdown-paragraph\">L\u00f6sungen f\u00fcr die Anpassungsf\u00e4higkeit an extreme Umgebungen<\/p>\n<\/li>\n<li>\n<p class=\"ds-markdown-paragraph\">Optimierte Entw\u00fcrfe mit geringem Stromverbrauch<\/p>\n<\/li>\n<\/ul>\n<p class=\"ds-markdown-paragraph\">Unser Ingenieurteam entwickelte eine Hochtemperatur-OCXO-L\u00f6sung f\u00fcr einen Kunden aus der Luft- und Raumfahrt, die eine Stabilit\u00e4t von \u00b10,01 ppm \u00fcber einen Temperaturbereich von -55\u00b0C bis 125\u00b0C gew\u00e4hrleistet.<\/p>\n<p class=\"ds-markdown-paragraph\"><strong><a target=\"_blank\" rel=\"noopener noreferrer\" href=\"https:\/\/www.topfastpcb.com\/de\/contact\/\">Erfahren Sie mehr \u00fcber Custom Services<\/a><\/strong><\/p>\n<h3><span class=\"ez-toc-section\" id=\"Why_Global_Clients_Choose_Topfast\"><\/span>Warum w\u00e4hlen globale Kunden Topfast?<span class=\"ez-toc-section-end\"><\/span><\/h3>\n<p class=\"ds-markdown-paragraph\">\u2714<span>\u00a0<\/span><strong>17 Jahre Erfahrung<\/strong><span>\u00a0<\/span>&#8211; Betreuung von mehr als 3000 Kunden in den Bereichen Unterhaltungselektronik, Industrie und Medizin<br \/>\n\u2714<span>\u00a0<\/span><strong>Schnelle Reaktion<\/strong><span>\u00a0<\/span>&#8211; Angebote innerhalb von 1 Stunde, technische Unterst\u00fctzung innerhalb von 4 Stunden, Lieferung von Prototypen innerhalb von 24 Stunden<br \/>\n\u2714<span>\u00a0<\/span><strong>Optimierung der Kosten<\/strong><span>\u00a0<\/span>&#8211; Einsparungen von 15-30% durch Gr\u00f6\u00dfenvorteile und Prozessoptimierung<br \/>\n\u2714<span>\u00a0<\/span><strong>Qualit\u00e4tssicherung<\/strong><span>\u00a0<\/span>&#8211; ISO9001 zertifiziert mit strenger Eingangskontrolle und Prozesskontrolle<br \/>\n\u2714<span>\u00a0<\/span><strong>End-to-End-Service<\/strong><span>\u00a0<\/span>&#8211; Unterst\u00fctzung vom Konzept bis zur Massenproduktion aus einer Hand<\/p>\n<blockquote>\n<p class=\"ds-markdown-paragraph\">&#8220;Der reibungslose \u00dcbergang vom Prototyp zur Massenproduktion ist der Schl\u00fcssel zum Produkterfolg. Topfast&#8217;s Service aus einer Hand erm\u00f6glicht es uns, uns auf das Kerndesign zu konzentrieren und die Herstellung zuverl\u00e4ssigen Experten anzuvertrauen.&#8221; - Smart Hardware CEO Testimonial<\/p>\n<\/blockquote>\n<h3><span class=\"ez-toc-section\" id=\"Frequently_Asked_Questions\"><\/span>H\u00e4ufig gestellte Fragen<span class=\"ez-toc-section-end\"><\/span><\/h3>\n<p class=\"ds-markdown-paragraph\"><strong>F: Welche Schl\u00fcsselparameter sollten bei der Beschaffung von Quarzoszillatoren ber\u00fccksichtigt werden?<\/strong><br \/>\nA: Frequenz, Stabilit\u00e4t, Betriebstemperaturbereich, Alterungsrate, Lastkapazit\u00e4t und Geh\u00e4usegr\u00f6\u00dfe sind am wichtigsten. Unsere Ingenieure k\u00f6nnen Ihnen helfen, Ihre Anforderungen zu analysieren.<\/p>\n<p class=\"ds-markdown-paragraph\"><strong>F: Wie kann ich sicherstellen, dass der Oszillator mit meinem PCB-Design kompatibel ist?<\/strong><br \/>\nA: Wir bieten kostenlose DFM-Checks an, um Ihre Designdateien zu \u00fcberpr\u00fcfen und Optimierungsvorschl\u00e4ge zu machen.<\/p>\n<p class=\"ds-markdown-paragraph\"><strong>F: Kann ich auch f\u00fcr kleine Bestellmengen wettbewerbsf\u00e4hige Preise erhalten?<\/strong><br \/>\nA: Ja, durch Gr\u00f6\u00dfenvorteile und eine intelligente Lagerverwaltung k\u00f6nnen wir selbst f\u00fcr kleine Chargen wettbewerbsf\u00e4hige Preise anbieten.<\/p>\n<p class=\"ds-markdown-paragraph\"><strong><a target=\"_blank\" rel=\"noopener noreferrer\" href=\"https:\/\/www.topfastpcb.com\/de\/blog\/category\/blog\/faq\/\">Mehr FAQs anzeigen<\/a><\/strong><\/p>\n<h3><span class=\"ez-toc-section\" id=\"Launch_Your_Project_Today\"><\/span>Starten Sie Ihr Projekt noch heute<span class=\"ez-toc-section-end\"><\/span><\/h3>\n<p class=\"ds-markdown-paragraph\">Ob Sie brauchen:<\/p>\n<ul>\n<li>\n<p class=\"ds-markdown-paragraph\">Schnelle Beschaffung bestimmter Oszillatormodelle<\/p>\n<\/li>\n<li>\n<p class=\"ds-markdown-paragraph\">Optimierung der bestehenden St\u00fccklistenkosten<\/p>\n<\/li>\n<li>\n<p class=\"ds-markdown-paragraph\">Entwicklung neuer Produkte, die eine hochpr\u00e4zise Zeitsteuerung erfordern<\/p>\n<\/li>\n<li>\n<p class=\"ds-markdown-paragraph\">\u00dcbergang vom Entwurf zur Massenproduktion<\/p>\n<\/li>\n<\/ul>\n<p class=\"ds-markdown-paragraph\">Topfast&#8217;s professionelles Team ist bereit, Sie zu bedienen. Senden Sie uns Ihre Anforderungen und erleben Sie den Komfort der Elektronikfertigung aus einer Hand!<\/p>\n<p class=\"ds-markdown-paragraph\"><strong><a target=\"_blank\" rel=\"noopener noreferrer\" href=\"https:\/\/www.topfastpcb.com\/de\/contact\/\">BOM f\u00fcr Angebot einreichen<\/a><\/strong><span>\u00a0<\/span><\/p>\n<h2><span class=\"ez-toc-section\" id=\"About_Topfast\"><\/span>\u00dcber Topfast<span class=\"ez-toc-section-end\"><\/span><\/h2>\n<p class=\"ds-markdown-paragraph\">Topfast wurde 2008 gegr\u00fcndet und ist ein<span>\u00a0<\/span><strong>f\u00fchrendes Unternehmen f\u00fcr PCB-Design und -Herstellung<\/strong><span>\u00a0<\/span>spezialisiert auf Rapid Prototyping und Kleinserienfertigung f\u00fcr globale Kunden. Wir investieren kontinuierlich in fortschrittliche Ausr\u00fcstung und Technologie und halten uns an unsere Philosophie: \"Der Kunde steht an erster Stelle, die Qualit\u00e4t an erster Stelle\", um Ihr vertrauensvollster Partner in der Elektronikfertigung zu werden.<\/p>\n<p class=\"ds-markdown-paragraph\">Durch die enge Zusammenarbeit mit f\u00fchrenden Komponentenherstellern stellen wir sicher, dass Sie Folgendes erhalten<span>\u00a0<\/span><strong>sowohl Qualit\u00e4ts- als auch Preisvorteile<\/strong>. Von der \u00dcberpr\u00fcfung der Unterlagen bis zur endg\u00fcltigen Lieferung begleitet das professionelle Team von Topfast&amp;#8217 Ihr Projekt w\u00e4hrend der gesamten Laufzeit.<\/p>","protected":false},"excerpt":{"rendered":"<p>Topfast bietet Ihnen Dienstleistungen aus einer Hand f\u00fcr die Beschaffung von Quarzoszillatoren und die Herstellung von Leiterplatten. Wir arbeiten mit Top-Marken zusammen, um die Qualit\u00e4t der Komponenten und Preisvorteile zu gew\u00e4hrleisten, und bieten Komplettl\u00f6sungen von der St\u00fccklistenoptimierung \u00fcber das PCB-Design bis zur Montage. Unser professionelles Ingenieurteam steht Ihnen 24 Stunden am Tag zur Verf\u00fcgung, erstellt Angebote innerhalb von 1 Stunde und bietet technischen Support innerhalb von 4 Stunden, damit Sie Ihre Produkteinf\u00fchrung beschleunigen k\u00f6nnen.<\/p>","protected":false},"featured_media":3469,"comment_status":"closed","ping_status":"closed","template":"","meta":[],"product_brand":[],"product_cat":[217],"product_tag":[308],"class_list":{"0":"post-3468","1":"product","2":"type-product","3":"status-publish","4":"has-post-thumbnail","6":"product_cat-electronic-components","7":"product_tag-crystal-oscillator","9":"first","10":"instock","11":"shipping-taxable","12":"product-type-simple"},"yoast_head":"<!-- This site is optimized with the Yoast SEO plugin v25.1 - https:\/\/yoast.com\/wordpress\/plugins\/seo\/ -->\n<title>Crystal Oscillator - Topfastpcb<\/title>\n<meta name=\"description\" content=\"Topfast provides high-quality crystal oscillator procurement and one-stop PCB manufacturing services, from component procurement to precision PCB assembly, offering you fast response and cost-optimized electronic manufacturing solutions.\" \/>\n<meta name=\"robots\" content=\"index, follow, max-snippet:-1, max-image-preview:large, max-video-preview:-1\" \/>\n<link rel=\"canonical\" href=\"https:\/\/www.topfastpcb.com\/de\/products\/crystal-oscillator\/\" \/>\n<meta property=\"og:locale\" content=\"de_DE\" \/>\n<meta property=\"og:type\" content=\"article\" \/>\n<meta property=\"og:title\" content=\"Crystal Oscillator - Topfastpcb\" \/>\n<meta property=\"og:description\" content=\"Topfast provides high-quality crystal oscillator procurement and one-stop PCB manufacturing services, from component procurement to precision PCB assembly, offering you fast response and cost-optimized electronic manufacturing solutions.\" \/>\n<meta property=\"og:url\" content=\"https:\/\/www.topfastpcb.com\/de\/products\/crystal-oscillator\/\" \/>\n<meta property=\"og:site_name\" content=\"Topfastpcb\" \/>\n<meta property=\"article:modified_time\" content=\"2025-06-26T01:53:02+00:00\" \/>\n<meta property=\"og:image\" content=\"https:\/\/www.topfastpcb.com\/wp-content\/uploads\/2025\/06\/Crystal-Oscillator-4.jpg\" \/>\n\t<meta property=\"og:image:width\" content=\"750\" \/>\n\t<meta property=\"og:image:height\" content=\"750\" \/>\n\t<meta property=\"og:image:type\" content=\"image\/jpeg\" \/>\n<meta name=\"twitter:card\" content=\"summary_large_image\" \/>\n<meta name=\"twitter:label1\" content=\"Gesch\u00e4tzte Lesezeit\" \/>\n\t<meta name=\"twitter:data1\" content=\"3\u00a0Minuten\" \/>\n<script type=\"application\/ld+json\" class=\"yoast-schema-graph\">{\"@context\":\"https:\/\/schema.org\",\"@graph\":[{\"@type\":\"WebPage\",\"@id\":\"https:\/\/www.topfastpcb.com\/products\/crystal-oscillator\/\",\"url\":\"https:\/\/www.topfastpcb.com\/products\/crystal-oscillator\/\",\"name\":\"Crystal Oscillator - Topfastpcb\",\"isPartOf\":{\"@id\":\"https:\/\/www.topfastpcb.com\/#website\"},\"primaryImageOfPage\":{\"@id\":\"https:\/\/www.topfastpcb.com\/products\/crystal-oscillator\/#primaryimage\"},\"image\":{\"@id\":\"https:\/\/www.topfastpcb.com\/products\/crystal-oscillator\/#primaryimage\"},\"thumbnailUrl\":\"https:\/\/www.topfastpcb.com\/wp-content\/uploads\/2025\/06\/Crystal-Oscillator-4.jpg\",\"datePublished\":\"2025-06-26T01:49:41+00:00\",\"dateModified\":\"2025-06-26T01:53:02+00:00\",\"description\":\"Topfast provides high-quality crystal oscillator procurement and one-stop PCB manufacturing services, from component procurement to precision PCB assembly, offering you fast response and cost-optimized electronic manufacturing solutions.\",\"breadcrumb\":{\"@id\":\"https:\/\/www.topfastpcb.com\/products\/crystal-oscillator\/#breadcrumb\"},\"inLanguage\":\"de\",\"potentialAction\":[{\"@type\":\"ReadAction\",\"target\":[\"https:\/\/www.topfastpcb.com\/products\/crystal-oscillator\/\"]}]},{\"@type\":\"ImageObject\",\"inLanguage\":\"de\",\"@id\":\"https:\/\/www.topfastpcb.com\/products\/crystal-oscillator\/#primaryimage\",\"url\":\"https:\/\/www.topfastpcb.com\/wp-content\/uploads\/2025\/06\/Crystal-Oscillator-4.jpg\",\"contentUrl\":\"https:\/\/www.topfastpcb.com\/wp-content\/uploads\/2025\/06\/Crystal-Oscillator-4.jpg\",\"width\":750,\"height\":750,\"caption\":\"Crystal Oscillator\"},{\"@type\":\"BreadcrumbList\",\"@id\":\"https:\/\/www.topfastpcb.com\/products\/crystal-oscillator\/#breadcrumb\",\"itemListElement\":[{\"@type\":\"ListItem\",\"position\":1,\"name\":\"\u9996\u9875\",\"item\":\"https:\/\/www.topfastpcb.com\/\"},{\"@type\":\"ListItem\",\"position\":2,\"name\":\"\u5546\u5e97\",\"item\":\"https:\/\/www.topfastpcb.com\/shop\/\"},{\"@type\":\"ListItem\",\"position\":3,\"name\":\"Crystal Oscillator\"}]},{\"@type\":\"WebSite\",\"@id\":\"https:\/\/www.topfastpcb.com\/#website\",\"url\":\"https:\/\/www.topfastpcb.com\/\",\"name\":\"Topfastpcb\",\"description\":\"Topfast Prime Choice for Global Electronics Manufacturing\",\"publisher\":{\"@id\":\"https:\/\/www.topfastpcb.com\/#organization\"},\"potentialAction\":[{\"@type\":\"SearchAction\",\"target\":{\"@type\":\"EntryPoint\",\"urlTemplate\":\"https:\/\/www.topfastpcb.com\/?s={search_term_string}\"},\"query-input\":{\"@type\":\"PropertyValueSpecification\",\"valueRequired\":true,\"valueName\":\"search_term_string\"}}],\"inLanguage\":\"de\"},{\"@type\":\"Organization\",\"@id\":\"https:\/\/www.topfastpcb.com\/#organization\",\"name\":\"Topfastpcb\",\"url\":\"https:\/\/www.topfastpcb.com\/\",\"logo\":{\"@type\":\"ImageObject\",\"inLanguage\":\"de\",\"@id\":\"https:\/\/www.topfastpcb.com\/#\/schema\/logo\/image\/\",\"url\":\"https:\/\/www.topfastpcb.com\/wp-content\/uploads\/2026\/02\/cropped-topfast-logo.png\",\"contentUrl\":\"https:\/\/www.topfastpcb.com\/wp-content\/uploads\/2026\/02\/cropped-topfast-logo.png\",\"width\":144,\"height\":56,\"caption\":\"Topfastpcb\"},\"image\":{\"@id\":\"https:\/\/www.topfastpcb.com\/#\/schema\/logo\/image\/\"}}]}<\/script>\n<!-- \/ Yoast SEO plugin. -->","yoast_head_json":{"title":"Crystal Oscillator - Topfastpcb","description":"Topfast provides high-quality crystal oscillator procurement and one-stop PCB manufacturing services, from component procurement to precision PCB assembly, offering you fast response and cost-optimized electronic manufacturing solutions.","robots":{"index":"index","follow":"follow","max-snippet":"max-snippet:-1","max-image-preview":"max-image-preview:large","max-video-preview":"max-video-preview:-1"},"canonical":"https:\/\/www.topfastpcb.com\/de\/products\/crystal-oscillator\/","og_locale":"de_DE","og_type":"article","og_title":"Crystal Oscillator - Topfastpcb","og_description":"Topfast provides high-quality crystal oscillator procurement and one-stop PCB manufacturing services, from component procurement to precision PCB assembly, offering you fast response and cost-optimized electronic manufacturing solutions.","og_url":"https:\/\/www.topfastpcb.com\/de\/products\/crystal-oscillator\/","og_site_name":"Topfastpcb","article_modified_time":"2025-06-26T01:53:02+00:00","og_image":[{"width":750,"height":750,"url":"https:\/\/www.topfastpcb.com\/wp-content\/uploads\/2025\/06\/Crystal-Oscillator-4.jpg","type":"image\/jpeg"}],"twitter_card":"summary_large_image","twitter_misc":{"Gesch\u00e4tzte Lesezeit":"3\u00a0Minuten"},"schema":{"@context":"https:\/\/schema.org","@graph":[{"@type":"WebPage","@id":"https:\/\/www.topfastpcb.com\/products\/crystal-oscillator\/","url":"https:\/\/www.topfastpcb.com\/products\/crystal-oscillator\/","name":"Crystal Oscillator - Topfastpcb","isPartOf":{"@id":"https:\/\/www.topfastpcb.com\/#website"},"primaryImageOfPage":{"@id":"https:\/\/www.topfastpcb.com\/products\/crystal-oscillator\/#primaryimage"},"image":{"@id":"https:\/\/www.topfastpcb.com\/products\/crystal-oscillator\/#primaryimage"},"thumbnailUrl":"https:\/\/www.topfastpcb.com\/wp-content\/uploads\/2025\/06\/Crystal-Oscillator-4.jpg","datePublished":"2025-06-26T01:49:41+00:00","dateModified":"2025-06-26T01:53:02+00:00","description":"Topfast provides high-quality crystal oscillator procurement and one-stop PCB manufacturing services, from component procurement to precision PCB assembly, offering you fast response and cost-optimized electronic manufacturing solutions.","breadcrumb":{"@id":"https:\/\/www.topfastpcb.com\/products\/crystal-oscillator\/#breadcrumb"},"inLanguage":"de","potentialAction":[{"@type":"ReadAction","target":["https:\/\/www.topfastpcb.com\/products\/crystal-oscillator\/"]}]},{"@type":"ImageObject","inLanguage":"de","@id":"https:\/\/www.topfastpcb.com\/products\/crystal-oscillator\/#primaryimage","url":"https:\/\/www.topfastpcb.com\/wp-content\/uploads\/2025\/06\/Crystal-Oscillator-4.jpg","contentUrl":"https:\/\/www.topfastpcb.com\/wp-content\/uploads\/2025\/06\/Crystal-Oscillator-4.jpg","width":750,"height":750,"caption":"Crystal Oscillator"},{"@type":"BreadcrumbList","@id":"https:\/\/www.topfastpcb.com\/products\/crystal-oscillator\/#breadcrumb","itemListElement":[{"@type":"ListItem","position":1,"name":"\u9996\u9875","item":"https:\/\/www.topfastpcb.com\/"},{"@type":"ListItem","position":2,"name":"\u5546\u5e97","item":"https:\/\/www.topfastpcb.com\/shop\/"},{"@type":"ListItem","position":3,"name":"Crystal Oscillator"}]},{"@type":"WebSite","@id":"https:\/\/www.topfastpcb.com\/#website","url":"https:\/\/www.topfastpcb.com\/","name":"Topfastpcb","description":"Topfast Prime Choice for Global Electronics Manufacturing","publisher":{"@id":"https:\/\/www.topfastpcb.com\/#organization"},"potentialAction":[{"@type":"SearchAction","target":{"@type":"EntryPoint","urlTemplate":"https:\/\/www.topfastpcb.com\/?s={search_term_string}"},"query-input":{"@type":"PropertyValueSpecification","valueRequired":true,"valueName":"search_term_string"}}],"inLanguage":"de"},{"@type":"Organization","@id":"https:\/\/www.topfastpcb.com\/#organization","name":"Topfastpcb","url":"https:\/\/www.topfastpcb.com\/","logo":{"@type":"ImageObject","inLanguage":"de","@id":"https:\/\/www.topfastpcb.com\/#\/schema\/logo\/image\/","url":"https:\/\/www.topfastpcb.com\/wp-content\/uploads\/2026\/02\/cropped-topfast-logo.png","contentUrl":"https:\/\/www.topfastpcb.com\/wp-content\/uploads\/2026\/02\/cropped-topfast-logo.png","width":144,"height":56,"caption":"Topfastpcb"},"image":{"@id":"https:\/\/www.topfastpcb.com\/#\/schema\/logo\/image\/"}}]}},"_links":{"self":[{"href":"https:\/\/www.topfastpcb.com\/de\/wp-json\/wp\/v2\/product\/3468","targetHints":{"allow":["GET"]}}],"collection":[{"href":"https:\/\/www.topfastpcb.com\/de\/wp-json\/wp\/v2\/product"}],"about":[{"href":"https:\/\/www.topfastpcb.com\/de\/wp-json\/wp\/v2\/types\/product"}],"replies":[{"embeddable":true,"href":"https:\/\/www.topfastpcb.com\/de\/wp-json\/wp\/v2\/comments?post=3468"}],"wp:featuredmedia":[{"embeddable":true,"href":"https:\/\/www.topfastpcb.com\/de\/wp-json\/wp\/v2\/media\/3469"}],"wp:attachment":[{"href":"https:\/\/www.topfastpcb.com\/de\/wp-json\/wp\/v2\/media?parent=3468"}],"wp:term":[{"taxonomy":"product_brand","embeddable":true,"href":"https:\/\/www.topfastpcb.com\/de\/wp-json\/wp\/v2\/product_brand?post=3468"},{"taxonomy":"product_cat","embeddable":true,"href":"https:\/\/www.topfastpcb.com\/de\/wp-json\/wp\/v2\/product_cat?post=3468"},{"taxonomy":"product_tag","embeddable":true,"href":"https:\/\/www.topfastpcb.com\/de\/wp-json\/wp\/v2\/product_tag?post=3468"}],"curies":[{"name":"wp","href":"https:\/\/api.w.org\/{rel}","templated":true}]}}