{"id":3473,"date":"2025-06-27T08:26:18","date_gmt":"2025-06-27T00:26:18","guid":{"rendered":"https:\/\/www.topfastpcb.com\/?post_type=product&#038;p=3473"},"modified":"2025-06-26T10:33:53","modified_gmt":"2025-06-26T02:33:53","slug":"inductor","status":"publish","type":"product","link":"https:\/\/www.topfastpcb.com\/de\/products\/inductor\/","title":{"rendered":"Induktor"},"content":{"rendered":"<div id=\"ez-toc-container\" class=\"ez-toc-v2_0_74 counter-hierarchy ez-toc-counter ez-toc-custom ez-toc-container-direction\">\n<div class=\"ez-toc-title-container\">\n<p class=\"ez-toc-title\" style=\"cursor:inherit\">Inhalts\u00fcbersicht<\/p>\n<span class=\"ez-toc-title-toggle\"><\/span><\/div>\n<nav><ul class='ez-toc-list ez-toc-list-level-1' ><li class='ez-toc-page-1 ez-toc-heading-level-2'><a class=\"ez-toc-link ez-toc-heading-1\" href=\"https:\/\/www.topfastpcb.com\/de\/products\/inductor\/#One-Stop_Inductor_Procurement_PCB_Assembly_Solutions\" >Beschaffung von Induktoren aus einer Hand &amp; L\u00f6sungen f\u00fcr die PCB-Montage<\/a><ul class='ez-toc-list-level-3' ><li class='ez-toc-heading-level-3'><a class=\"ez-toc-link ez-toc-heading-2\" href=\"https:\/\/www.topfastpcb.com\/de\/products\/inductor\/#Comprehensive_Inductor_Procurement_Services\" >Umfassende Dienstleistungen zur Beschaffung von Induktoren<\/a><\/li><li class='ez-toc-page-1 ez-toc-heading-level-3'><a class=\"ez-toc-link ez-toc-heading-3\" href=\"https:\/\/www.topfastpcb.com\/de\/products\/inductor\/#High-Precision_PCB_Assembly_Services\" >Hochpr\u00e4zise PCB-Montage Dienstleistungen<\/a><\/li><li class='ez-toc-page-1 ez-toc-heading-level-3'><a class=\"ez-toc-link ez-toc-heading-4\" href=\"https:\/\/www.topfastpcb.com\/de\/products\/inductor\/#Why_Global_Clients_Trust_TopFast\" >Warum globale Kunden TopFast vertrauen<\/a><\/li><li class='ez-toc-page-1 ez-toc-heading-level-3'><a class=\"ez-toc-link ez-toc-heading-5\" href=\"https:\/\/www.topfastpcb.com\/de\/products\/inductor\/#Industries_Served\" >Bediente Branchen<\/a><\/li><li class='ez-toc-page-1 ez-toc-heading-level-3'><a class=\"ez-toc-link ez-toc-heading-6\" href=\"https:\/\/www.topfastpcb.com\/de\/products\/inductor\/#Start_Your_Project_Today\" >Starten Sie Ihr Projekt noch heute<\/a><\/li><\/ul><\/li><\/ul><\/nav><\/div>\n\n<h2><span class=\"ez-toc-section\" id=\"One-Stop_Inductor_Procurement_PCB_Assembly_Solutions\"><\/span>Beschaffung von Induktoren aus einer Hand &amp; L\u00f6sungen f\u00fcr die PCB-Montage<span class=\"ez-toc-section-end\"><\/span><\/h2>\n<p class=\"ds-markdown-paragraph\">TopFast ist nicht nur ein Leiterplattenhersteller; wir bieten komplette L\u00f6sungen f\u00fcr die Elektronikfertigung vom Design bis zum fertigen Produkt. Von der Komponentenbeschaffung bis zur schl\u00fcsselfertigen Montage haben wir seit unserer Gr\u00fcndung im Jahr 2008 Tausenden von Unternehmen auf der ganzen Welt geholfen, ihre Ziele in der Elektronikfertigung zu erreichen.<\/p>\n<p class=\"ds-markdown-paragraph\"><strong>Warum TopFast w\u00e4hlen?<\/strong><br \/>\n\u2714 17 Jahre Erfahrung in der Herstellung von Leiterplatten und in der Montage<br \/>\n\u2714 End-to-End-Service: Von der Komponentenbeschaffung bis zur <a href=\"https:\/\/www.topfastpcb.com\/de\/products\/turnkey-pcb-assembly-services\/\">schl\u00fcsselfertige Montage<\/a><br \/>\n\u2714 Globales Lieferkettennetzwerk f\u00fcr stabile Komponentenversorgung<br \/>\n\u2714 Schnelle Reaktion: Kostenvoranschl\u00e4ge innerhalb von 1 Stunde, technische Unterst\u00fctzung rund um die Uhr<br \/>\n\u2714 100% Qualit\u00e4tskontrolle &amp; vollst\u00e4ndige R\u00fcckverfolgbarkeit<\/p>\n<p class=\"ds-markdown-paragraph\"><a target=\"_blank\" rel=\"noopener noreferrer\" href=\"https:\/\/www.topfastpcb.com\/de\/contact\/\">Jetzt ein kostenloses Angebot anfordern<\/a><\/p>\n<h3><img loading=\"lazy\" decoding=\"async\" src=\"https:\/\/www.topfastpcb.com\/wp-content\/uploads\/2025\/06\/inductor.jpg\" alt=\"Induktor\" width=\"600\" height=\"402\" class=\"aligncenter size-full wp-image-3478\" srcset=\"https:\/\/www.topfastpcb.com\/wp-content\/uploads\/2025\/06\/inductor.jpg 600w, https:\/\/www.topfastpcb.com\/wp-content\/uploads\/2025\/06\/inductor-300x201.jpg 300w, https:\/\/www.topfastpcb.com\/wp-content\/uploads\/2025\/06\/inductor-18x12.jpg 18w\" sizes=\"auto, (max-width: 600px) 100vw, 600px\" \/><\/h3>\n<h3><span class=\"ez-toc-section\" id=\"Comprehensive_Inductor_Procurement_Services\"><\/span>Umfassende Dienstleistungen zur Beschaffung von Induktoren<span class=\"ez-toc-section-end\"><\/span><\/h3>\n<p class=\"ds-markdown-paragraph\">Induktoren sind wichtige Komponenten in elektronischen Schaltungen. TopFast arbeitet mit autorisierten globalen Lieferanten zusammen, um eine breite Palette von Induktionsl\u00f6sungen anbieten zu k\u00f6nnen:<\/p>\n<ul>\n<li>\n<p class=\"ds-markdown-paragraph\"><strong>SMD-Leistungsinduktivit\u00e4ten<\/strong>: F\u00fcr kompakte Konstruktionen<\/p>\n<\/li>\n<li>\n<p class=\"ds-markdown-paragraph\"><strong>Ringkern &amp; Lampe; Ferritkerninduktoren<\/strong>: Hocheffiziente Anwendungen<\/p>\n<\/li>\n<li>\n<p class=\"ds-markdown-paragraph\"><strong>RF-Drosseln<\/strong>: Optimiert f\u00fcr drahtlose Kommunikationsleistung<\/p>\n<\/li>\n<li>\n<p class=\"ds-markdown-paragraph\"><strong>Kundenspezifische Induktoren<\/strong>: Ma\u00dfgeschneidert f\u00fcr einzigartige Designanforderungen<\/p>\n<\/li>\n<\/ul>\n<p class=\"ds-markdown-paragraph\">\u00dcber Induktivit\u00e4ten hinaus k\u00fcmmern wir uns um Ihren kompletten BOM-Beschaffungsbedarf:<\/p>\n<ul>\n<li>\n<p class=\"ds-markdown-paragraph\">Passive Komponenten (<a href=\"https:\/\/www.topfastpcb.com\/de\/products\/capacitor\/\">Kondensatoren<\/a>, <a href=\"https:\/\/www.topfastpcb.com\/de\/products\/resistors\/\">Widerst\u00e4nde<\/a>, usw.)<\/p>\n<\/li>\n<li>\n<p class=\"ds-markdown-paragraph\">Halbleiter &amp; ICs<\/p>\n<\/li>\n<li>\n<p class=\"ds-markdown-paragraph\">Kommunikationsmodule (Wi-Fi, Bluetooth, usw.)<\/p>\n<\/li>\n<li>\n<p class=\"ds-markdown-paragraph\">Stromversorgungskomponenten &amp; Steckverbinder<\/p>\n<\/li>\n<li>\n<p class=\"ds-markdown-paragraph\">Automotive &amp; spezialisierte Komponenten f\u00fcr den medizinischen Bereich<\/p>\n<\/li>\n<\/ul>\n<p class=\"ds-markdown-paragraph\"><a target=\"_blank\" rel=\"noopener noreferrer\" href=\"https:\/\/www.topfastpcb.com\/de\/products\/bill-of-materials-bom\/\">Hochladen Ihrer St\u00fcckliste zur Optimierung<\/a><\/p>\n<h3><span class=\"ez-toc-section\" id=\"High-Precision_PCB_Assembly_Services\"><\/span>Hochpr\u00e4zise PCB-Montage Dienstleistungen<span class=\"ez-toc-section-end\"><\/span><\/h3>\n<p class=\"ds-markdown-paragraph\">Die PCB-Best\u00fcckung von TopFast gew\u00e4hrleistet eine einwandfreie Ausf\u00fchrung von induktionsintensiven Designs:<\/p>\n<ul>\n<li>\n<p class=\"ds-markdown-paragraph\">Automatisierte SMD-Induktionsbest\u00fcckung (\u00b10,025 mm Genauigkeit)<\/p>\n<\/li>\n<li>\n<p class=\"ds-markdown-paragraph\">Montage in gemischter Technologie (SMT + THT)<\/p>\n<\/li>\n<li>\n<p class=\"ds-markdown-paragraph\">Spezialisiertes L\u00f6ten f\u00fcr Hochstrominduktoren<\/p>\n<\/li>\n<li>\n<p class=\"ds-markdown-paragraph\">Konforme Beschichtung &amp; Verguss f\u00fcr raue Umgebungen<\/p>\n<\/li>\n<li>\n<p class=\"ds-markdown-paragraph\">End-to-End-Unterst\u00fctzung vom Prototyping bis zur Massenproduktion<\/p>\n<\/li>\n<\/ul>\n<p class=\"ds-markdown-paragraph\">Wir sind auf komplexe PCBA-Projekte mit Hunderten von Komponenten spezialisiert und garantieren eine pr\u00e4zise Platzierung.<\/p>\n<p class=\"ds-markdown-paragraph\"><a target=\"_blank\" rel=\"noopener noreferrer\" href=\"https:\/\/www.topfastpcb.com\/de\/products\/category\/pcba\/\">Entdecken Sie unsere PCBA-F\u00e4higkeiten<\/a><\/p>\n<h3><span class=\"ez-toc-section\" id=\"Why_Global_Clients_Trust_TopFast\"><\/span>Warum globale Kunden TopFast vertrauen<span class=\"ez-toc-section-end\"><\/span><\/h3>\n<ol start=\"1\">\n<li>\n<p class=\"ds-markdown-paragraph\"><strong>Vorteile der Lieferkette<\/strong>: Direkte Partnerschaften mit Top-Marken garantieren Qualit\u00e4t &amp; Kosteneffizienz<\/p>\n<\/li>\n<li>\n<p class=\"ds-markdown-paragraph\"><strong>Technische Unterst\u00fctzung<\/strong>: Kostenlose \u00dcberpr\u00fcfung und Optimierung von Designdateien durch Experten<\/p>\n<\/li>\n<li>\n<p class=\"ds-markdown-paragraph\"><strong>Schneller Turnaround<\/strong>1-3 Tage f\u00fcr die Beschaffung von Komponenten, Beschleunigung der Markteinf\u00fchrungszeit<\/p>\n<\/li>\n<li>\n<p class=\"ds-markdown-paragraph\"><strong>Qualit\u00e4tssicherung<\/strong>ISO-zertifiziertes Werk mit strengen Qualit\u00e4tskontrollverfahren<\/p>\n<\/li>\n<\/ol>\n<p class=\"ds-markdown-paragraph\"><em>TopFast hat unsere St\u00fccklistenkosten um 15 % und die Vorlaufzeiten um 30 % reduziert.Das Team von TopFast versteht wirklich unsere Bed\u00fcrfnisse.&#8221;<\/em><span>\u00a0<\/span>- Internationaler IoT-Ger\u00e4tehersteller<\/p>\n<h3><span class=\"ez-toc-section\" id=\"Industries_Served\"><\/span>Bediente Branchen<span class=\"ez-toc-section-end\"><\/span><\/h3>\n<p class=\"ds-markdown-paragraph\">Unsere L\u00f6sungen erm\u00f6glichen Anwendungen in:<\/p>\n<ul>\n<li>\n<p class=\"ds-markdown-paragraph\">Energieumwandlungssysteme (SMPS, DC-DC, usw.)<\/p>\n<\/li>\n<li>\n<p class=\"ds-markdown-paragraph\">Drahtlose Kommunikationsger\u00e4te<\/p>\n<\/li>\n<li>\n<p class=\"ds-markdown-paragraph\">Industrielle Kontrollsysteme<\/p>\n<\/li>\n<li>\n<p class=\"ds-markdown-paragraph\">Medizinische Elektronik<\/p>\n<\/li>\n<li>\n<p class=\"ds-markdown-paragraph\">Kfz-Elektronik<\/p>\n<\/li>\n<li>\n<p class=\"ds-markdown-paragraph\">Smart Home &amp; IoT-Produkte<\/p>\n<\/li>\n<\/ul>\n<h3><span class=\"ez-toc-section\" id=\"Start_Your_Project_Today\"><\/span>Starten Sie Ihr Projekt noch heute<span class=\"ez-toc-section-end\"><\/span><\/h3>\n<p class=\"ds-markdown-paragraph\">Nur 3 einfache Schritte:<\/p>\n<ol start=\"1\">\n<li>\n<p class=\"ds-markdown-paragraph\">Laden Sie Ihre Gerber- und BOM-Dateien hoch.<\/p>\n<\/li>\n<li>\n<p class=\"ds-markdown-paragraph\">Erhalten Sie eine fachkundige Beratung zur Optimierung &amp; ein Angebot<\/p>\n<\/li>\n<li>\n<p class=\"ds-markdown-paragraph\">Best\u00e4tigen Sie Ihre Bestellung - wir erledigen den Rest<\/p>\n<\/li>\n<\/ol>\n<p class=\"ds-markdown-paragraph\">\ud83d\udce7 E-Mail: <a href=\"https:\/\/mailto:op@topfastpcb.com\/\" target=\"_blank\" rel=\"noopener noreferrer\">op@topfastpcb.com<\/a><br \/>\n\ud83d\udcde Telefon: +86 139 2957 6863<br \/>\n\ud83d\udd52 24\/7 Kundenbetreuung<\/p>\n<p class=\"ds-markdown-paragraph\"><a target=\"_blank\" rel=\"noopener noreferrer\" href=\"https:\/\/www.topfastpcb.com\/de\/contact\/\">Hochladen von Dateien f\u00fcr ein 1-st\u00fcndiges Angebot<\/a><\/p>","protected":false},"excerpt":{"rendered":"<p>TopFast bietet seinen Kunden weltweit ein umfassendes Dienstleistungsangebot, das von der Beschaffung von Induktoren bis zur schl\u00fcsselfertigen Leiterplattenmontage reicht.Wir arbeiten mit f\u00fchrenden Marken zusammen, um Ihre St\u00fccklistenkosten zu optimieren, eine schnelle Lieferung zu gew\u00e4hrleisten und eine 100%ige R\u00fcckverfolgbarkeit der Qualit\u00e4t zu garantieren. Ganz gleich, ob Sie SMD-Leistungsinduktivit\u00e4ten, HF-Drosseln oder komplexe PCBA ben\u00f6tigen, wir k\u00f6nnen Sie professionell unterst\u00fctzen.<\/p>","protected":false},"featured_media":3474,"comment_status":"closed","ping_status":"closed","template":"","meta":[],"product_brand":[],"product_cat":[217],"product_tag":[309],"class_list":{"0":"post-3473","1":"product","2":"type-product","3":"status-publish","4":"has-post-thumbnail","6":"product_cat-electronic-components","7":"product_tag-inductor","9":"first","10":"instock","11":"shipping-taxable","12":"product-type-simple"},"yoast_head":"<!-- This site is optimized with the Yoast SEO plugin v25.1 - https:\/\/yoast.com\/wordpress\/plugins\/seo\/ -->\n<title>Inductor - Topfastpcb<\/title>\n<meta name=\"description\" content=\"TopFast provides one-stop PCB manufacturing and inductor procurement services, including complete BOM component procurement, precision PCB assembly, and global supply chain support. Quick quotes and 24-hour response.\" \/>\n<meta name=\"robots\" content=\"index, follow, max-snippet:-1, max-image-preview:large, max-video-preview:-1\" \/>\n<link rel=\"canonical\" href=\"https:\/\/www.topfastpcb.com\/de\/products\/inductor\/\" \/>\n<meta property=\"og:locale\" content=\"de_DE\" \/>\n<meta property=\"og:type\" content=\"article\" \/>\n<meta property=\"og:title\" content=\"Inductor - Topfastpcb\" \/>\n<meta property=\"og:description\" content=\"TopFast provides one-stop PCB manufacturing and inductor procurement services, including complete BOM component procurement, precision PCB assembly, and global supply chain support. Quick quotes and 24-hour response.\" \/>\n<meta property=\"og:url\" content=\"https:\/\/www.topfastpcb.com\/de\/products\/inductor\/\" \/>\n<meta property=\"og:site_name\" content=\"Topfastpcb\" \/>\n<meta property=\"og:image\" content=\"https:\/\/www.topfastpcb.com\/wp-content\/uploads\/2025\/06\/inductor-1.jpg\" \/>\n\t<meta property=\"og:image:width\" content=\"750\" \/>\n\t<meta property=\"og:image:height\" content=\"750\" \/>\n\t<meta property=\"og:image:type\" content=\"image\/jpeg\" \/>\n<meta name=\"twitter:card\" content=\"summary_large_image\" \/>\n<meta name=\"twitter:label1\" content=\"Gesch\u00e4tzte Lesezeit\" \/>\n\t<meta name=\"twitter:data1\" content=\"3\u00a0Minuten\" \/>\n<script type=\"application\/ld+json\" class=\"yoast-schema-graph\">{\"@context\":\"https:\/\/schema.org\",\"@graph\":[{\"@type\":\"WebPage\",\"@id\":\"https:\/\/www.topfastpcb.com\/products\/inductor\/\",\"url\":\"https:\/\/www.topfastpcb.com\/products\/inductor\/\",\"name\":\"Inductor - Topfastpcb\",\"isPartOf\":{\"@id\":\"https:\/\/www.topfastpcb.com\/#website\"},\"primaryImageOfPage\":{\"@id\":\"https:\/\/www.topfastpcb.com\/products\/inductor\/#primaryimage\"},\"image\":{\"@id\":\"https:\/\/www.topfastpcb.com\/products\/inductor\/#primaryimage\"},\"thumbnailUrl\":\"https:\/\/www.topfastpcb.com\/wp-content\/uploads\/2025\/06\/inductor-1.jpg\",\"datePublished\":\"2025-06-27T00:26:18+00:00\",\"description\":\"TopFast provides one-stop PCB manufacturing and inductor procurement services, including complete BOM component procurement, precision PCB assembly, and global supply chain support. Quick quotes and 24-hour response.\",\"breadcrumb\":{\"@id\":\"https:\/\/www.topfastpcb.com\/products\/inductor\/#breadcrumb\"},\"inLanguage\":\"de\",\"potentialAction\":[{\"@type\":\"ReadAction\",\"target\":[\"https:\/\/www.topfastpcb.com\/products\/inductor\/\"]}]},{\"@type\":\"ImageObject\",\"inLanguage\":\"de\",\"@id\":\"https:\/\/www.topfastpcb.com\/products\/inductor\/#primaryimage\",\"url\":\"https:\/\/www.topfastpcb.com\/wp-content\/uploads\/2025\/06\/inductor-1.jpg\",\"contentUrl\":\"https:\/\/www.topfastpcb.com\/wp-content\/uploads\/2025\/06\/inductor-1.jpg\",\"width\":750,\"height\":750,\"caption\":\"inductor\"},{\"@type\":\"BreadcrumbList\",\"@id\":\"https:\/\/www.topfastpcb.com\/products\/inductor\/#breadcrumb\",\"itemListElement\":[{\"@type\":\"ListItem\",\"position\":1,\"name\":\"\u9996\u9875\",\"item\":\"https:\/\/www.topfastpcb.com\/\"},{\"@type\":\"ListItem\",\"position\":2,\"name\":\"\u5546\u5e97\",\"item\":\"https:\/\/www.topfastpcb.com\/shop\/\"},{\"@type\":\"ListItem\",\"position\":3,\"name\":\"Inductor\"}]},{\"@type\":\"WebSite\",\"@id\":\"https:\/\/www.topfastpcb.com\/#website\",\"url\":\"https:\/\/www.topfastpcb.com\/\",\"name\":\"Topfastpcb\",\"description\":\"Topfast Prime Choice for Global Electronics Manufacturing\",\"publisher\":{\"@id\":\"https:\/\/www.topfastpcb.com\/#organization\"},\"potentialAction\":[{\"@type\":\"SearchAction\",\"target\":{\"@type\":\"EntryPoint\",\"urlTemplate\":\"https:\/\/www.topfastpcb.com\/?s={search_term_string}\"},\"query-input\":{\"@type\":\"PropertyValueSpecification\",\"valueRequired\":true,\"valueName\":\"search_term_string\"}}],\"inLanguage\":\"de\"},{\"@type\":\"Organization\",\"@id\":\"https:\/\/www.topfastpcb.com\/#organization\",\"name\":\"Topfastpcb\",\"url\":\"https:\/\/www.topfastpcb.com\/\",\"logo\":{\"@type\":\"ImageObject\",\"inLanguage\":\"de\",\"@id\":\"https:\/\/www.topfastpcb.com\/#\/schema\/logo\/image\/\",\"url\":\"https:\/\/www.topfastpcb.com\/wp-content\/uploads\/2026\/02\/cropped-topfast-logo.png\",\"contentUrl\":\"https:\/\/www.topfastpcb.com\/wp-content\/uploads\/2026\/02\/cropped-topfast-logo.png\",\"width\":144,\"height\":56,\"caption\":\"Topfastpcb\"},\"image\":{\"@id\":\"https:\/\/www.topfastpcb.com\/#\/schema\/logo\/image\/\"}}]}<\/script>\n<!-- \/ Yoast SEO plugin. -->","yoast_head_json":{"title":"Inductor - Topfastpcb","description":"TopFast provides one-stop PCB manufacturing and inductor procurement services, including complete BOM component procurement, precision PCB assembly, and global supply chain support. Quick quotes and 24-hour response.","robots":{"index":"index","follow":"follow","max-snippet":"max-snippet:-1","max-image-preview":"max-image-preview:large","max-video-preview":"max-video-preview:-1"},"canonical":"https:\/\/www.topfastpcb.com\/de\/products\/inductor\/","og_locale":"de_DE","og_type":"article","og_title":"Inductor - Topfastpcb","og_description":"TopFast provides one-stop PCB manufacturing and inductor procurement services, including complete BOM component procurement, precision PCB assembly, and global supply chain support. Quick quotes and 24-hour response.","og_url":"https:\/\/www.topfastpcb.com\/de\/products\/inductor\/","og_site_name":"Topfastpcb","og_image":[{"width":750,"height":750,"url":"https:\/\/www.topfastpcb.com\/wp-content\/uploads\/2025\/06\/inductor-1.jpg","type":"image\/jpeg"}],"twitter_card":"summary_large_image","twitter_misc":{"Gesch\u00e4tzte Lesezeit":"3\u00a0Minuten"},"schema":{"@context":"https:\/\/schema.org","@graph":[{"@type":"WebPage","@id":"https:\/\/www.topfastpcb.com\/products\/inductor\/","url":"https:\/\/www.topfastpcb.com\/products\/inductor\/","name":"Inductor - Topfastpcb","isPartOf":{"@id":"https:\/\/www.topfastpcb.com\/#website"},"primaryImageOfPage":{"@id":"https:\/\/www.topfastpcb.com\/products\/inductor\/#primaryimage"},"image":{"@id":"https:\/\/www.topfastpcb.com\/products\/inductor\/#primaryimage"},"thumbnailUrl":"https:\/\/www.topfastpcb.com\/wp-content\/uploads\/2025\/06\/inductor-1.jpg","datePublished":"2025-06-27T00:26:18+00:00","description":"TopFast provides one-stop PCB manufacturing and inductor procurement services, including complete BOM component procurement, precision PCB assembly, and global supply chain support. Quick quotes and 24-hour response.","breadcrumb":{"@id":"https:\/\/www.topfastpcb.com\/products\/inductor\/#breadcrumb"},"inLanguage":"de","potentialAction":[{"@type":"ReadAction","target":["https:\/\/www.topfastpcb.com\/products\/inductor\/"]}]},{"@type":"ImageObject","inLanguage":"de","@id":"https:\/\/www.topfastpcb.com\/products\/inductor\/#primaryimage","url":"https:\/\/www.topfastpcb.com\/wp-content\/uploads\/2025\/06\/inductor-1.jpg","contentUrl":"https:\/\/www.topfastpcb.com\/wp-content\/uploads\/2025\/06\/inductor-1.jpg","width":750,"height":750,"caption":"inductor"},{"@type":"BreadcrumbList","@id":"https:\/\/www.topfastpcb.com\/products\/inductor\/#breadcrumb","itemListElement":[{"@type":"ListItem","position":1,"name":"\u9996\u9875","item":"https:\/\/www.topfastpcb.com\/"},{"@type":"ListItem","position":2,"name":"\u5546\u5e97","item":"https:\/\/www.topfastpcb.com\/shop\/"},{"@type":"ListItem","position":3,"name":"Inductor"}]},{"@type":"WebSite","@id":"https:\/\/www.topfastpcb.com\/#website","url":"https:\/\/www.topfastpcb.com\/","name":"Topfastpcb","description":"Topfast Prime Choice for Global Electronics Manufacturing","publisher":{"@id":"https:\/\/www.topfastpcb.com\/#organization"},"potentialAction":[{"@type":"SearchAction","target":{"@type":"EntryPoint","urlTemplate":"https:\/\/www.topfastpcb.com\/?s={search_term_string}"},"query-input":{"@type":"PropertyValueSpecification","valueRequired":true,"valueName":"search_term_string"}}],"inLanguage":"de"},{"@type":"Organization","@id":"https:\/\/www.topfastpcb.com\/#organization","name":"Topfastpcb","url":"https:\/\/www.topfastpcb.com\/","logo":{"@type":"ImageObject","inLanguage":"de","@id":"https:\/\/www.topfastpcb.com\/#\/schema\/logo\/image\/","url":"https:\/\/www.topfastpcb.com\/wp-content\/uploads\/2026\/02\/cropped-topfast-logo.png","contentUrl":"https:\/\/www.topfastpcb.com\/wp-content\/uploads\/2026\/02\/cropped-topfast-logo.png","width":144,"height":56,"caption":"Topfastpcb"},"image":{"@id":"https:\/\/www.topfastpcb.com\/#\/schema\/logo\/image\/"}}]}},"_links":{"self":[{"href":"https:\/\/www.topfastpcb.com\/de\/wp-json\/wp\/v2\/product\/3473","targetHints":{"allow":["GET"]}}],"collection":[{"href":"https:\/\/www.topfastpcb.com\/de\/wp-json\/wp\/v2\/product"}],"about":[{"href":"https:\/\/www.topfastpcb.com\/de\/wp-json\/wp\/v2\/types\/product"}],"replies":[{"embeddable":true,"href":"https:\/\/www.topfastpcb.com\/de\/wp-json\/wp\/v2\/comments?post=3473"}],"wp:featuredmedia":[{"embeddable":true,"href":"https:\/\/www.topfastpcb.com\/de\/wp-json\/wp\/v2\/media\/3474"}],"wp:attachment":[{"href":"https:\/\/www.topfastpcb.com\/de\/wp-json\/wp\/v2\/media?parent=3473"}],"wp:term":[{"taxonomy":"product_brand","embeddable":true,"href":"https:\/\/www.topfastpcb.com\/de\/wp-json\/wp\/v2\/product_brand?post=3473"},{"taxonomy":"product_cat","embeddable":true,"href":"https:\/\/www.topfastpcb.com\/de\/wp-json\/wp\/v2\/product_cat?post=3473"},{"taxonomy":"product_tag","embeddable":true,"href":"https:\/\/www.topfastpcb.com\/de\/wp-json\/wp\/v2\/product_tag?post=3473"}],"curies":[{"name":"wp","href":"https:\/\/api.w.org\/{rel}","templated":true}]}}