{"id":1361,"date":"2025-04-02T13:01:23","date_gmt":"2025-04-02T13:01:23","guid":{"rendered":"http:\/\/topfastpcbb.ru\/?page_id=1361"},"modified":"2025-12-09T21:06:46","modified_gmt":"2025-12-09T13:06:46","slug":"terms-of-service","status":"publish","type":"page","link":"https:\/\/www.topfastpcb.com\/es\/terms-of-service\/","title":{"rendered":"CONDICIONES DEL SERVICIO"},"content":{"rendered":"<h2 class=\"wp-block-heading\">CONDICIONES DEL SERVICIO<\/h2><p>Al acceder a nuestro sitio web, comprar productos y\/o personalizar piezas, usted se convierte en nuestro \"Usuario\" y acepta quedar vinculado por las siguientes Condiciones de servicio (incluidos los t\u00e9rminos, condiciones y pol\u00edticas adicionales proporcionados a trav\u00e9s de hiperv\u00ednculos). Estas Condiciones de servicio se aplican a todos los Usuarios, incluidos los visitantes, proveedores, clientes, comerciantes y colaboradores de contenidos.<\/p><p>Aceptaci\u00f3n de las condiciones<\/p><p>Lea atentamente las Condiciones del servicio antes de acceder o utilizar este sitio web. El acceso o uso de este sitio web implica la aceptaci\u00f3n de estas condiciones. Si no est\u00e1 de acuerdo con todos los t\u00e9rminos, no utilice este sitio ni sus servicios. Si estos t\u00e9rminos constituyen una oferta, su aceptaci\u00f3n se limita a estos t\u00e9rminos.<\/p><p><strong>Nuevas funciones y condiciones de servicio<\/strong><\/p><p>Cualquier nueva funci\u00f3n o herramienta que se a\u00f1ada al sitio tambi\u00e9n estar\u00e1 sujeta a las Condiciones del servicio. En esta p\u00e1gina se mostrar\u00e1 la versi\u00f3n m\u00e1s actualizada de las Condiciones del servicio. Nos reservamos el derecho a actualizar, modificar o sustituir cualquier parte de las Condiciones del servicio en cualquier momento. Le rogamos que las consulte peri\u00f3dicamente para asegurarse de que conoce los \u00faltimos cambios. El uso continuado del Sitio tras la publicaci\u00f3n de cualquier cambio constituye su aceptaci\u00f3n de dichos cambios.<\/p>","protected":false},"excerpt":{"rendered":"<p>CONDICIONES DE SERVICIO Al acceder a nuestro sitio web, comprar productos y\/o personalizar piezas, usted se convierte en nuestro \"Usuario\" y acepta quedar vinculado por las siguientes Condiciones de Servicio (incluidos los t\u00e9rminos, condiciones y pol\u00edticas adicionales proporcionados a trav\u00e9s de hiperv\u00ednculos). Estas Condiciones de servicio se aplican a todos los usuarios, incluidos los visitantes, proveedores, clientes, comerciantes y colaboradores de contenidos. Aceptaci\u00f3n de las Condiciones [&hellip;]<\/p>","protected":false},"author":1,"featured_media":0,"parent":0,"menu_order":0,"comment_status":"closed","ping_status":"closed","template":"page-templates\/terms-of-service.php","meta":{"footnotes":""},"class_list":["post-1361","page","type-page","status-publish","hentry"],"yoast_head":"<!-- This site is optimized with the Yoast SEO plugin v25.1 - https:\/\/yoast.com\/wordpress\/plugins\/seo\/ -->\n<title>Terms of Service-Topfast<\/title>\n<meta name=\"description\" content=\"By accessing our website, purchasing products and\/or customizing parts, you become our \u201cUser\u201d and agree to be bound by the following Terms of Service (including additional terms, conditions, and policies provided via hyperlink).\" \/>\n<meta name=\"robots\" content=\"index, follow, max-snippet:-1, max-image-preview:large, max-video-preview:-1\" \/>\n<link rel=\"canonical\" href=\"https:\/\/www.topfastpcb.com\/es\/terms-of-service\/\" \/>\n<meta property=\"og:locale\" content=\"es_ES\" \/>\n<meta property=\"og:type\" content=\"article\" \/>\n<meta property=\"og:title\" content=\"Terms of Service-Topfast\" \/>\n<meta property=\"og:description\" content=\"By accessing our website, purchasing products and\/or customizing parts, you become our \u201cUser\u201d and agree to be bound by the following Terms of Service (including additional terms, conditions, and policies provided via hyperlink).\" \/>\n<meta property=\"og:url\" content=\"https:\/\/www.topfastpcb.com\/es\/terms-of-service\/\" \/>\n<meta property=\"og:site_name\" content=\"Topfastpcb\" \/>\n<meta property=\"article:modified_time\" content=\"2025-12-09T13:06:46+00:00\" \/>\n<meta name=\"twitter:card\" content=\"summary_large_image\" \/>\n<meta name=\"twitter:label1\" content=\"Tiempo de lectura\" \/>\n\t<meta name=\"twitter:data1\" content=\"2 minutos\" \/>\n<script type=\"application\/ld+json\" class=\"yoast-schema-graph\">{\"@context\":\"https:\/\/schema.org\",\"@graph\":[{\"@type\":\"WebPage\",\"@id\":\"https:\/\/www.topfastpcb.com\/terms-of-service\/\",\"url\":\"https:\/\/www.topfastpcb.com\/terms-of-service\/\",\"name\":\"Terms of Service-Topfast\",\"isPartOf\":{\"@id\":\"https:\/\/www.topfastpcb.com\/#website\"},\"datePublished\":\"2025-04-02T13:01:23+00:00\",\"dateModified\":\"2025-12-09T13:06:46+00:00\",\"description\":\"By accessing our website, purchasing products and\/or customizing parts, you become our \u201cUser\u201d and agree to be bound by the following Terms of Service (including additional terms, conditions, and policies provided via hyperlink).\",\"breadcrumb\":{\"@id\":\"https:\/\/www.topfastpcb.com\/terms-of-service\/#breadcrumb\"},\"inLanguage\":\"es\",\"potentialAction\":[{\"@type\":\"ReadAction\",\"target\":[\"https:\/\/www.topfastpcb.com\/terms-of-service\/\"]}]},{\"@type\":\"BreadcrumbList\",\"@id\":\"https:\/\/www.topfastpcb.com\/terms-of-service\/#breadcrumb\",\"itemListElement\":[{\"@type\":\"ListItem\",\"position\":1,\"name\":\"\u9996\u9875\",\"item\":\"https:\/\/www.topfastpcb.com\/\"},{\"@type\":\"ListItem\",\"position\":2,\"name\":\"TERMS OF SERVICE\"}]},{\"@type\":\"WebSite\",\"@id\":\"https:\/\/www.topfastpcb.com\/#website\",\"url\":\"https:\/\/www.topfastpcb.com\/\",\"name\":\"Topfastpcb\",\"description\":\"Topfast Prime Choice for Global Electronics Manufacturing\",\"publisher\":{\"@id\":\"https:\/\/www.topfastpcb.com\/#organization\"},\"potentialAction\":[{\"@type\":\"SearchAction\",\"target\":{\"@type\":\"EntryPoint\",\"urlTemplate\":\"https:\/\/www.topfastpcb.com\/?s={search_term_string}\"},\"query-input\":{\"@type\":\"PropertyValueSpecification\",\"valueRequired\":true,\"valueName\":\"search_term_string\"}}],\"inLanguage\":\"es\"},{\"@type\":\"Organization\",\"@id\":\"https:\/\/www.topfastpcb.com\/#organization\",\"name\":\"Topfastpcb\",\"url\":\"https:\/\/www.topfastpcb.com\/\",\"logo\":{\"@type\":\"ImageObject\",\"inLanguage\":\"es\",\"@id\":\"https:\/\/www.topfastpcb.com\/#\/schema\/logo\/image\/\",\"url\":\"https:\/\/www.topfastpcb.com\/wp-content\/uploads\/2026\/02\/cropped-topfast-logo.png\",\"contentUrl\":\"https:\/\/www.topfastpcb.com\/wp-content\/uploads\/2026\/02\/cropped-topfast-logo.png\",\"width\":144,\"height\":56,\"caption\":\"Topfastpcb\"},\"image\":{\"@id\":\"https:\/\/www.topfastpcb.com\/#\/schema\/logo\/image\/\"}}]}<\/script>\n<!-- \/ Yoast SEO plugin. -->","yoast_head_json":{"title":"Terms of Service-Topfast","description":"By accessing our website, purchasing products and\/or customizing parts, you become our \u201cUser\u201d and agree to be bound by the following Terms of Service (including additional terms, conditions, and policies provided via hyperlink).","robots":{"index":"index","follow":"follow","max-snippet":"max-snippet:-1","max-image-preview":"max-image-preview:large","max-video-preview":"max-video-preview:-1"},"canonical":"https:\/\/www.topfastpcb.com\/es\/terms-of-service\/","og_locale":"es_ES","og_type":"article","og_title":"Terms of Service-Topfast","og_description":"By accessing our website, purchasing products and\/or customizing parts, you become our \u201cUser\u201d and agree to be bound by the following Terms of Service (including additional terms, conditions, and policies provided via hyperlink).","og_url":"https:\/\/www.topfastpcb.com\/es\/terms-of-service\/","og_site_name":"Topfastpcb","article_modified_time":"2025-12-09T13:06:46+00:00","twitter_card":"summary_large_image","twitter_misc":{"Tiempo de lectura":"2 minutos"},"schema":{"@context":"https:\/\/schema.org","@graph":[{"@type":"WebPage","@id":"https:\/\/www.topfastpcb.com\/terms-of-service\/","url":"https:\/\/www.topfastpcb.com\/terms-of-service\/","name":"Terms of Service-Topfast","isPartOf":{"@id":"https:\/\/www.topfastpcb.com\/#website"},"datePublished":"2025-04-02T13:01:23+00:00","dateModified":"2025-12-09T13:06:46+00:00","description":"By accessing our website, purchasing products and\/or customizing parts, you become our \u201cUser\u201d and agree to be bound by the following Terms of Service (including additional terms, conditions, and policies provided via hyperlink).","breadcrumb":{"@id":"https:\/\/www.topfastpcb.com\/terms-of-service\/#breadcrumb"},"inLanguage":"es","potentialAction":[{"@type":"ReadAction","target":["https:\/\/www.topfastpcb.com\/terms-of-service\/"]}]},{"@type":"BreadcrumbList","@id":"https:\/\/www.topfastpcb.com\/terms-of-service\/#breadcrumb","itemListElement":[{"@type":"ListItem","position":1,"name":"\u9996\u9875","item":"https:\/\/www.topfastpcb.com\/"},{"@type":"ListItem","position":2,"name":"TERMS OF SERVICE"}]},{"@type":"WebSite","@id":"https:\/\/www.topfastpcb.com\/#website","url":"https:\/\/www.topfastpcb.com\/","name":"Topfastpcb","description":"Topfast Prime Choice for Global Electronics Manufacturing","publisher":{"@id":"https:\/\/www.topfastpcb.com\/#organization"},"potentialAction":[{"@type":"SearchAction","target":{"@type":"EntryPoint","urlTemplate":"https:\/\/www.topfastpcb.com\/?s={search_term_string}"},"query-input":{"@type":"PropertyValueSpecification","valueRequired":true,"valueName":"search_term_string"}}],"inLanguage":"es"},{"@type":"Organization","@id":"https:\/\/www.topfastpcb.com\/#organization","name":"Topfastpcb","url":"https:\/\/www.topfastpcb.com\/","logo":{"@type":"ImageObject","inLanguage":"es","@id":"https:\/\/www.topfastpcb.com\/#\/schema\/logo\/image\/","url":"https:\/\/www.topfastpcb.com\/wp-content\/uploads\/2026\/02\/cropped-topfast-logo.png","contentUrl":"https:\/\/www.topfastpcb.com\/wp-content\/uploads\/2026\/02\/cropped-topfast-logo.png","width":144,"height":56,"caption":"Topfastpcb"},"image":{"@id":"https:\/\/www.topfastpcb.com\/#\/schema\/logo\/image\/"}}]}},"_links":{"self":[{"href":"https:\/\/www.topfastpcb.com\/es\/wp-json\/wp\/v2\/pages\/1361","targetHints":{"allow":["GET"]}}],"collection":[{"href":"https:\/\/www.topfastpcb.com\/es\/wp-json\/wp\/v2\/pages"}],"about":[{"href":"https:\/\/www.topfastpcb.com\/es\/wp-json\/wp\/v2\/types\/page"}],"author":[{"embeddable":true,"href":"https:\/\/www.topfastpcb.com\/es\/wp-json\/wp\/v2\/users\/1"}],"replies":[{"embeddable":true,"href":"https:\/\/www.topfastpcb.com\/es\/wp-json\/wp\/v2\/comments?post=1361"}],"version-history":[{"count":1,"href":"https:\/\/www.topfastpcb.com\/es\/wp-json\/wp\/v2\/pages\/1361\/revisions"}],"predecessor-version":[{"id":1901,"href":"https:\/\/www.topfastpcb.com\/es\/wp-json\/wp\/v2\/pages\/1361\/revisions\/1901"}],"wp:attachment":[{"href":"https:\/\/www.topfastpcb.com\/es\/wp-json\/wp\/v2\/media?parent=1361"}],"curies":[{"name":"wp","href":"https:\/\/api.w.org\/{rel}","templated":true}]}}