{"id":3,"date":"2025-03-26T11:47:51","date_gmt":"2025-03-26T11:47:51","guid":{"rendered":"http:\/\/topfastpcbb.ru\/?page_id=3"},"modified":"2025-12-09T20:47:30","modified_gmt":"2025-12-09T12:47:30","slug":"privacy-policy","status":"publish","type":"page","link":"https:\/\/www.topfastpcb.com\/es\/privacy-policy\/","title":{"rendered":"Pol\u00edtica de privacidad"},"content":{"rendered":"<p>Este sitio concede gran importancia a la pol\u00edtica de privacidad del usuario, y cumple estrictamente las leyes y reglamentos pertinentes. Antes de seguir utilizando los servicios de este sitio, lea esta pol\u00edtica de privacidad. Si contin\u00faa utilizando nuestros servicios, significa que ha le\u00eddo y comprendido en su totalidad el contenido de este acuerdo.<br>Este sitio respeta y protege la privacidad de todos los usuarios de este servicio. Con el fin de proporcionarle un servicio m\u00e1s preciso y personalizado, el Sitio utilizar\u00e1 y divulgar\u00e1 su informaci\u00f3n personal de acuerdo con esta Pol\u00edtica de Privacidad. Salvo que se disponga lo contrario en la presente Pol\u00edtica de Privacidad, el Sitio no revelar\u00e1 ni facilitar\u00e1 esta informaci\u00f3n a terceros sin su autorizaci\u00f3n previa. El Sitio puede actualizar esta Pol\u00edtica de Privacidad de vez en cuando. Se considera que usted acepta esta Pol\u00edtica de Privacidad en su totalidad cuando acepta nuestro Acuerdo de Uso del Servicio. Esta Pol\u00edtica de Privacidad es parte integrante de nuestro Acuerdo de Uso del Servicio.<\/p><ol class=\"wp-block-list\"><li><strong>\u00c1mbito de aplicaci\u00f3n<\/strong><br>a) Cuando usted se registra para obtener una cuenta en este sitio web, proporciona su informaci\u00f3n personal de registro de acuerdo con los requisitos de este sitio web;<br>b) Cuando usted utiliza los servicios de red del sitio web o visita las p\u00e1ginas web del sitio web, el sitio web recibe y registra autom\u00e1ticamente informaci\u00f3n sobre su navegador y su ordenador, incluidos, entre otros, su direcci\u00f3n IP, tipo de navegador, idioma, fecha y hora de acceso, caracter\u00edsticas de hardware y software de informaci\u00f3n y registros de las p\u00e1ginas web que usted necesita; c) El sitio web le notificar\u00e1 cualquier cambio en su direcci\u00f3n IP, tipo de navegador, idioma, fecha y hora de acceso, y la informaci\u00f3n que usted necesita. registros de p\u00e1ginas web demandadas, etc;<br>c) datos personales de los usuarios obtenidos por este sitio web de socios comerciales a trav\u00e9s de medios l\u00edcitos.<br>d) Este sitio proh\u00edbe estrictamente a los usuarios publicar informaci\u00f3n censurable, como desnudos, pornograf\u00eda, blasfemia, etc. Revisaremos el contenido de la publicaci\u00f3n y, una vez detectada la informaci\u00f3n censurable, se inhabilitar\u00e1n todos los privilegios del usuario.<br>Usted entiende y acepta que la siguiente informaci\u00f3n no se aplica a esta pol\u00edtica de privacidad:<br>a) la informaci\u00f3n sobre palabras clave que introduzca cuando utilice los servicios de b\u00fasqueda que ofrece nuestra plataforma;<br>b) este sitio recopila la informaci\u00f3n y los datos pertinentes facilitados por usted, incluidos, entre otros, la participaci\u00f3n en actividades, la informaci\u00f3n sobre transacciones y los detalles de evaluaci\u00f3n;<br>c) violaci\u00f3n de las leyes o normas y el sitio se ha tomado en contra de usted.<\/li><\/ol><ol start=\"2\" class=\"wp-block-list\"><li><strong>Uso de la informaci\u00f3n<\/strong><br>a) Este sitio no proporcionar\u00e1, vender\u00e1, alquilar\u00e1, compartir\u00e1 o intercambiar\u00e1 su informaci\u00f3n personal con terceros no relacionados, a menos que haya obtenido su permiso previo, o el tercero y este sitio (incluidos los afiliados de este sitio) para proporcionar servicios para usted de forma individual o conjunta, y despu\u00e9s de la finalizaci\u00f3n del servicio, se les prohibir\u00e1 el acceso a la informaci\u00f3n, incluyendo toda la informaci\u00f3n a la que tuvieron acceso.<br>b) Este sitio tampoco permite que terceros recopilen, editen, vendan o difundan su informaci\u00f3n personal por ning\u00fan medio sin compensaci\u00f3n. Si alg\u00fan usuario de la plataforma de este sitio incurre en las actividades mencionadas, este sitio tiene derecho a rescindir el contrato de servicio con el usuario inmediatamente despu\u00e9s de descubrirlo.<br>c) Con el fin de servir a los usuarios, el Sitio puede utilizar su informaci\u00f3n personal para proporcionarle informaci\u00f3n de su inter\u00e9s, incluyendo pero no limitado a enviarle informaci\u00f3n sobre productos y servicios, o compartir informaci\u00f3n con nuestros socios para que puedan enviarle informaci\u00f3n sobre sus productos y servicios (esto \u00faltimo requiere su consentimiento previo).<\/li>\n\n<li><strong>Divulgaci\u00f3n de informaci\u00f3n<\/strong><br>En las siguientes circunstancias, este sitio web revelar\u00e1 su informaci\u00f3n personal, en su totalidad o en parte, de acuerdo con sus deseos personales o las disposiciones de la ley:<br>a) a un tercero con su consentimiento previo;<br>b) para proporcionarle los productos y servicios que necesita, este sitio web debe compartir su informaci\u00f3n personal con terceros;<br>c) de conformidad con las disposiciones pertinentes de la ley, o a petici\u00f3n de los \u00f3rganos administrativos o judiciales, a un tercero o instituciones administrativas, judiciales;<br>d) Si infringe las leyes y normativas pertinentes o el acuerdo de servicio o las normas pertinentes de este sitio web;<br>e) Si usted es un demandante de derechos de propiedad intelectual con derecho a ello y ha presentado una demanda, este sitio web la revelar\u00e1 al demandado de acuerdo con la solicitud de \u00e9ste, con el fin de que las dos partes traten la posible disputa sobre los derechos;<br>f) En una determinada transacci\u00f3n creada en la plataforma de este sitio web, si alguna de las partes de la transacci\u00f3n cumple o cumple parcialmente las obligaciones de la transacci\u00f3n y presenta la informaci\u00f3n cumple parcialmente las obligaciones de la transacci\u00f3n y presenta una solicitud de divulgaci\u00f3n de informaci\u00f3n, este sitio tiene derecho a decidir proporcionar al usuario la informaci\u00f3n de contacto de la otra parte de la transacci\u00f3n y otra informaci\u00f3n necesaria, con el fin de facilitar la finalizaci\u00f3n de la transacci\u00f3n o la resoluci\u00f3n de disputas.<br>g) Otras divulgaciones que este sitio web considere apropiadas de acuerdo con las leyes, reglamentos o pol\u00edticas del sitio web.<\/li>\n\n<li><strong>Almacenamiento e intercambio de informaci\u00f3n<\/strong><br>La informaci\u00f3n y los materiales sobre usted recopilados por este sitio web se almacenar\u00e1n en los servidores de este sitio web y (o) de sus filiales, y esta informaci\u00f3n y materiales podr\u00e1n transmitirse al pa\u00eds o regi\u00f3n donde usted se encuentre o fuera del lugar donde este sitio web recopila la informaci\u00f3n y los materiales, y se podr\u00e1 acceder a ellos, almacenarlos y mostrarlos fuera del pa\u00eds.<\/li>\n\n<li><strong>Uso de cookies<\/strong><br>a) Si no ha rechazado las cookies, instalaremos o accederemos a nuestro sitio web en su ordenador para que pueda iniciar sesi\u00f3n o utilizar los servicios o funciones de nuestra plataforma que dependen de las cookies. El uso de cookies nos permite ofrecerle servicios m\u00e1s pensados y personalizados, incluidos los servicios promocionales.<br>b) Usted tiene derecho a aceptar o rechazar las cookies. puede rechazar las cookies modificando la configuraci\u00f3n de su navegador. sin embargo, si decide rechazar las cookies, es posible que no pueda iniciar sesi\u00f3n o utilizar nuestros servicios web o funciones que dependen de las cookies.<br>c) Esta pol\u00edtica se aplicar\u00e1 a la informaci\u00f3n obtenida a trav\u00e9s de las cookies establecidas por este sitio web.<\/li>\n\n<li><strong>Seguridad de la informaci\u00f3n<\/strong><br>a) La cuenta de este sitio web tiene funci\u00f3n de protecci\u00f3n de seguridad, por favor, mantenga su nombre de usuario y contrase\u00f1a de informaci\u00f3n correctamente. Este sitio ser\u00e1 encriptada a trav\u00e9s de la contrase\u00f1a de usuario y otras medidas de seguridad para garantizar que su informaci\u00f3n no se pierde, no abusar o alterar. A pesar de las medidas de seguridad antes mencionadas, tenga en cuenta que no hay \"medidas de seguridad perfectas\" en la red de informaci\u00f3n.<br>b) Al utilizar los servicios de red del sitio para transacciones en l\u00ednea, inevitablemente tendr\u00e1 que revelar su informaci\u00f3n personal a la contraparte o posible contraparte, como informaci\u00f3n de contacto o direcci\u00f3n postal. Por favor, proteja su informaci\u00f3n personal adecuadamente y proporci\u00f3nela a otros s\u00f3lo cuando sea necesario. Si descubre que se ha filtrado su informaci\u00f3n personal, especialmente nuestro nombre de usuario y contrase\u00f1a, p\u00f3ngase en contacto inmediatamente con nuestro servicio de atenci\u00f3n al cliente para que podamos tomar las medidas oportunas.<\/li><\/ol>","protected":false},"excerpt":{"rendered":"<p>Este sitio concede gran importancia a la pol\u00edtica de privacidad del usuario, y cumple estrictamente las leyes y reglamentos pertinentes. Antes de continuar utilizando los servicios de este sitio, lea esta pol\u00edtica de privacidad. Si contin\u00faa utilizando nuestros servicios, significa que usted ha le\u00eddo y entendido completamente todo el contenido de este acuerdo.Este [&hellip;]<\/p>","protected":false},"author":1,"featured_media":0,"parent":0,"menu_order":0,"comment_status":"closed","ping_status":"closed","template":"page-templates\/privacy-policy.php","meta":{"footnotes":""},"class_list":["post-3","page","type-page","status-publish","hentry"],"yoast_head":"<!-- This site is optimized with the Yoast SEO plugin v25.1 - https:\/\/yoast.com\/wordpress\/plugins\/seo\/ -->\n<title>Privacy Policy-Topfast<\/title>\n<meta name=\"description\" content=\"This site attaches great importance to the user&#039;s privacy policy, and strictly abide by relevant laws and regulations. Before you continue to use the services of this site, please read this privacy policy.\" \/>\n<meta name=\"robots\" content=\"index, follow, max-snippet:-1, max-image-preview:large, max-video-preview:-1\" \/>\n<link rel=\"canonical\" href=\"https:\/\/www.topfastpcb.com\/es\/privacy-policy\/\" \/>\n<meta property=\"og:locale\" content=\"es_ES\" \/>\n<meta property=\"og:type\" content=\"article\" \/>\n<meta property=\"og:title\" content=\"Privacy Policy-Topfast\" \/>\n<meta property=\"og:description\" content=\"This site attaches great importance to the user&#039;s privacy policy, and strictly abide by relevant laws and regulations. Before you continue to use the services of this site, please read this privacy policy.\" \/>\n<meta property=\"og:url\" content=\"https:\/\/www.topfastpcb.com\/es\/privacy-policy\/\" \/>\n<meta property=\"og:site_name\" content=\"Topfastpcb\" \/>\n<meta property=\"article:modified_time\" content=\"2025-12-09T12:47:30+00:00\" \/>\n<meta name=\"twitter:card\" content=\"summary_large_image\" \/>\n<meta name=\"twitter:label1\" content=\"Tiempo de lectura\" \/>\n\t<meta name=\"twitter:data1\" content=\"7 minutos\" \/>\n<script type=\"application\/ld+json\" class=\"yoast-schema-graph\">{\"@context\":\"https:\/\/schema.org\",\"@graph\":[{\"@type\":\"WebPage\",\"@id\":\"https:\/\/www.topfastpcb.com\/privacy-policy\/\",\"url\":\"https:\/\/www.topfastpcb.com\/privacy-policy\/\",\"name\":\"Privacy Policy-Topfast\",\"isPartOf\":{\"@id\":\"https:\/\/www.topfastpcb.com\/#website\"},\"datePublished\":\"2025-03-26T11:47:51+00:00\",\"dateModified\":\"2025-12-09T12:47:30+00:00\",\"description\":\"This site attaches great importance to the user's privacy policy, and strictly abide by relevant laws and regulations. Before you continue to use the services of this site, please read this privacy policy.\",\"breadcrumb\":{\"@id\":\"https:\/\/www.topfastpcb.com\/privacy-policy\/#breadcrumb\"},\"inLanguage\":\"es\",\"potentialAction\":[{\"@type\":\"ReadAction\",\"target\":[\"https:\/\/www.topfastpcb.com\/privacy-policy\/\"]}]},{\"@type\":\"BreadcrumbList\",\"@id\":\"https:\/\/www.topfastpcb.com\/privacy-policy\/#breadcrumb\",\"itemListElement\":[{\"@type\":\"ListItem\",\"position\":1,\"name\":\"\u9996\u9875\",\"item\":\"https:\/\/www.topfastpcb.com\/\"},{\"@type\":\"ListItem\",\"position\":2,\"name\":\"Privacy Policy\"}]},{\"@type\":\"WebSite\",\"@id\":\"https:\/\/www.topfastpcb.com\/#website\",\"url\":\"https:\/\/www.topfastpcb.com\/\",\"name\":\"Topfastpcb\",\"description\":\"Topfast Prime Choice for Global Electronics Manufacturing\",\"publisher\":{\"@id\":\"https:\/\/www.topfastpcb.com\/#organization\"},\"potentialAction\":[{\"@type\":\"SearchAction\",\"target\":{\"@type\":\"EntryPoint\",\"urlTemplate\":\"https:\/\/www.topfastpcb.com\/?s={search_term_string}\"},\"query-input\":{\"@type\":\"PropertyValueSpecification\",\"valueRequired\":true,\"valueName\":\"search_term_string\"}}],\"inLanguage\":\"es\"},{\"@type\":\"Organization\",\"@id\":\"https:\/\/www.topfastpcb.com\/#organization\",\"name\":\"Topfastpcb\",\"url\":\"https:\/\/www.topfastpcb.com\/\",\"logo\":{\"@type\":\"ImageObject\",\"inLanguage\":\"es\",\"@id\":\"https:\/\/www.topfastpcb.com\/#\/schema\/logo\/image\/\",\"url\":\"https:\/\/www.topfastpcb.com\/wp-content\/uploads\/2026\/02\/cropped-topfast-logo.png\",\"contentUrl\":\"https:\/\/www.topfastpcb.com\/wp-content\/uploads\/2026\/02\/cropped-topfast-logo.png\",\"width\":144,\"height\":56,\"caption\":\"Topfastpcb\"},\"image\":{\"@id\":\"https:\/\/www.topfastpcb.com\/#\/schema\/logo\/image\/\"}}]}<\/script>\n<!-- \/ Yoast SEO plugin. -->","yoast_head_json":{"title":"Privacy Policy-Topfast","description":"This site attaches great importance to the user's privacy policy, and strictly abide by relevant laws and regulations. Before you continue to use the services of this site, please read this privacy policy.","robots":{"index":"index","follow":"follow","max-snippet":"max-snippet:-1","max-image-preview":"max-image-preview:large","max-video-preview":"max-video-preview:-1"},"canonical":"https:\/\/www.topfastpcb.com\/es\/privacy-policy\/","og_locale":"es_ES","og_type":"article","og_title":"Privacy Policy-Topfast","og_description":"This site attaches great importance to the user's privacy policy, and strictly abide by relevant laws and regulations. Before you continue to use the services of this site, please read this privacy policy.","og_url":"https:\/\/www.topfastpcb.com\/es\/privacy-policy\/","og_site_name":"Topfastpcb","article_modified_time":"2025-12-09T12:47:30+00:00","twitter_card":"summary_large_image","twitter_misc":{"Tiempo de lectura":"7 minutos"},"schema":{"@context":"https:\/\/schema.org","@graph":[{"@type":"WebPage","@id":"https:\/\/www.topfastpcb.com\/privacy-policy\/","url":"https:\/\/www.topfastpcb.com\/privacy-policy\/","name":"Privacy Policy-Topfast","isPartOf":{"@id":"https:\/\/www.topfastpcb.com\/#website"},"datePublished":"2025-03-26T11:47:51+00:00","dateModified":"2025-12-09T12:47:30+00:00","description":"This site attaches great importance to the user's privacy policy, and strictly abide by relevant laws and regulations. Before you continue to use the services of this site, please read this privacy policy.","breadcrumb":{"@id":"https:\/\/www.topfastpcb.com\/privacy-policy\/#breadcrumb"},"inLanguage":"es","potentialAction":[{"@type":"ReadAction","target":["https:\/\/www.topfastpcb.com\/privacy-policy\/"]}]},{"@type":"BreadcrumbList","@id":"https:\/\/www.topfastpcb.com\/privacy-policy\/#breadcrumb","itemListElement":[{"@type":"ListItem","position":1,"name":"\u9996\u9875","item":"https:\/\/www.topfastpcb.com\/"},{"@type":"ListItem","position":2,"name":"Privacy Policy"}]},{"@type":"WebSite","@id":"https:\/\/www.topfastpcb.com\/#website","url":"https:\/\/www.topfastpcb.com\/","name":"Topfastpcb","description":"Topfast Prime Choice for Global Electronics Manufacturing","publisher":{"@id":"https:\/\/www.topfastpcb.com\/#organization"},"potentialAction":[{"@type":"SearchAction","target":{"@type":"EntryPoint","urlTemplate":"https:\/\/www.topfastpcb.com\/?s={search_term_string}"},"query-input":{"@type":"PropertyValueSpecification","valueRequired":true,"valueName":"search_term_string"}}],"inLanguage":"es"},{"@type":"Organization","@id":"https:\/\/www.topfastpcb.com\/#organization","name":"Topfastpcb","url":"https:\/\/www.topfastpcb.com\/","logo":{"@type":"ImageObject","inLanguage":"es","@id":"https:\/\/www.topfastpcb.com\/#\/schema\/logo\/image\/","url":"https:\/\/www.topfastpcb.com\/wp-content\/uploads\/2026\/02\/cropped-topfast-logo.png","contentUrl":"https:\/\/www.topfastpcb.com\/wp-content\/uploads\/2026\/02\/cropped-topfast-logo.png","width":144,"height":56,"caption":"Topfastpcb"},"image":{"@id":"https:\/\/www.topfastpcb.com\/#\/schema\/logo\/image\/"}}]}},"_links":{"self":[{"href":"https:\/\/www.topfastpcb.com\/es\/wp-json\/wp\/v2\/pages\/3","targetHints":{"allow":["GET"]}}],"collection":[{"href":"https:\/\/www.topfastpcb.com\/es\/wp-json\/wp\/v2\/pages"}],"about":[{"href":"https:\/\/www.topfastpcb.com\/es\/wp-json\/wp\/v2\/types\/page"}],"author":[{"embeddable":true,"href":"https:\/\/www.topfastpcb.com\/es\/wp-json\/wp\/v2\/users\/1"}],"replies":[{"embeddable":true,"href":"https:\/\/www.topfastpcb.com\/es\/wp-json\/wp\/v2\/comments?post=3"}],"version-history":[{"count":1,"href":"https:\/\/www.topfastpcb.com\/es\/wp-json\/wp\/v2\/pages\/3\/revisions"}],"predecessor-version":[{"id":1897,"href":"https:\/\/www.topfastpcb.com\/es\/wp-json\/wp\/v2\/pages\/3\/revisions\/1897"}],"wp:attachment":[{"href":"https:\/\/www.topfastpcb.com\/es\/wp-json\/wp\/v2\/media?parent=3"}],"curies":[{"name":"wp","href":"https:\/\/api.w.org\/{rel}","templated":true}]}}