{"id":794,"date":"2025-04-14T08:41:43","date_gmt":"2025-04-14T08:41:43","guid":{"rendered":"http:\/\/topfastpcbb.ru\/?page_id=794"},"modified":"2025-12-09T21:16:41","modified_gmt":"2025-12-09T13:16:41","slug":"return-and-exchange-process","status":"publish","type":"page","link":"https:\/\/www.topfastpcb.com\/es\/return-and-exchange-process\/","title":{"rendered":"Proceso de devoluci\u00f3n y cambio"},"content":{"rendered":"<p>Con el fin de mejorar el sistema post-venta, y esforzarse para que los consumidores est\u00e9n m\u00e1s satisfechos, la empresa ha puesto en marcha un sistema de devoluci\u00f3n y cambio, los clientes que cumplan las condiciones de devoluci\u00f3n y cambio y est\u00e9n autorizados a devolver y cambiar mercanc\u00edas, por favor, apliquen las siguientes condiciones (excepto para el sistema de devoluci\u00f3n y cambio previsto para productos especiales):<\/p><h4>1. Objetos de devoluci\u00f3n y cambio:<\/h4><p>Cualquier cliente que adquiera productos de la Empresa, independientemente del modo de entrega y de la forma de pago, puede devolverlos y cambiarlos de conformidad con lo dispuesto en la normativa.<\/p><h4>2. Condiciones de devoluci\u00f3n y cambio:<\/h4><p>1) Productos con problemas de calidad (la Empresa no se hace responsable de los problemas de calidad causados por motivos propios).<\/p><p>2) Los productos devueltos deben cumplir las siguientes condiciones b\u00e1sicas:<\/p><p><strong>Las mercanc\u00edas no est\u00e1n contaminadas<\/strong><\/p><p>El embalaje de la mercanc\u00eda est\u00e1 completo (incluido el embalaje interno y externo), y la mercanc\u00eda debe ser nueva, sin usar, en su estado original, conforme al estado en que se encontraba cuando recibi\u00f3 la mercanc\u00eda, y no afecta a las ventas secundarias;<\/p><p>Devuelve tambi\u00e9n la caja original de la mercanc\u00eda y el paquete de entrega, as\u00ed como todos los accesorios, etiquetas, documentos de env\u00edo, certificaci\u00f3n del producto, manuales, facturas (si las hubiera) y todos los obsequios (si los hubiera).<\/p><h4>3\u3001Tramitaci\u00f3n de devoluciones<\/h4><p>Una vez que la Empresa reciba su mercanc\u00eda devuelta dentro del plazo especificado, le reembolsar\u00e1 el importe que haya pagado por la mercanc\u00eda de acuerdo con la ley tras confirmar que la mercanc\u00eda y los accesorios (si los hubiera) est\u00e1n intactos, y que las etiquetas, facturas y regalos (si los hubiera) est\u00e1n completos.<\/p><h3>4\u3001Devoluciones y cambios Nota:<\/h3><p>Si la mercanc\u00eda devuelta no cumple las condiciones de esta pol\u00edtica de devoluciones, nuestra empresa no aceptar\u00e1 su devoluci\u00f3n o cambio, y no podr\u00e1 realizar el reembolso.<\/p><p>Si no devuelve la factura, los accesorios o los regalos (en su caso), nuestra empresa tiene derecho a deducir el impuesto de la factura, los accesorios o los regalos del importe que haya pagado por el precio de mercado.<\/p><p>Si no devuelve la factura, el accesorio o el art\u00edculo de cortes\u00eda de su pedido, pero la Empresa no ha deducido el impuesto de la factura, el precio de mercado del accesorio o del art\u00edculo de cortes\u00eda, o no le ha pedido que devuelva dicho art\u00edculo o material, no se considerar\u00e1 como una renuncia del derecho de la Empresa a hacer las reclamaciones pertinentes.<\/p><p>Los clientes pueden llamar al tel\u00e9fono de atenci\u00f3n posventa de la empresa para realizar consultas.<\/p>","protected":false},"excerpt":{"rendered":"<p>Con el fin de mejorar el sistema de post-venta, y se esfuerzan por hacer que los consumidores m\u00e1s satisfechos, la empresa ha puesto en marcha un sistema de devoluci\u00f3n y cambio, los clientes que cumplan las condiciones para la devoluci\u00f3n y el cambio y est\u00e1n autorizados a devolver y cambiar las mercanc\u00edas, por favor aplique los siguientes t\u00e9rminos (excepto para el sistema de devoluci\u00f3n y cambio de otro modo previsto [&hellip;]<\/p>","protected":false},"author":1,"featured_media":0,"parent":0,"menu_order":0,"comment_status":"closed","ping_status":"closed","template":"page-templates\/return-and-exchange-process.php","meta":{"footnotes":""},"class_list":["post-794","page","type-page","status-publish","hentry"],"yoast_head":"<!-- This site is optimized with the Yoast SEO plugin v25.1 - https:\/\/yoast.com\/wordpress\/plugins\/seo\/ -->\n<title>Return and Exchange Process-Topfast<\/title>\n<meta name=\"description\" content=\"In order to improve the after-sales system and strive to make consumers more satisfied, the company has implemented a return and exchange system, which meets the conditions for return and exchange and is authorized to return and exchange the goods to the customer.\" \/>\n<meta name=\"robots\" content=\"index, follow, max-snippet:-1, max-image-preview:large, max-video-preview:-1\" \/>\n<link rel=\"canonical\" href=\"https:\/\/www.topfastpcb.com\/es\/return-and-exchange-process\/\" \/>\n<meta property=\"og:locale\" content=\"es_ES\" \/>\n<meta property=\"og:type\" content=\"article\" \/>\n<meta property=\"og:title\" content=\"Return and Exchange Process-Topfast\" \/>\n<meta property=\"og:description\" content=\"In order to improve the after-sales system and strive to make consumers more satisfied, the company has implemented a return and exchange system, which meets the conditions for return and exchange and is authorized to return and exchange the goods to the customer.\" \/>\n<meta property=\"og:url\" content=\"https:\/\/www.topfastpcb.com\/es\/return-and-exchange-process\/\" \/>\n<meta property=\"og:site_name\" content=\"Topfastpcb\" \/>\n<meta property=\"article:modified_time\" content=\"2025-12-09T13:16:41+00:00\" \/>\n<meta name=\"twitter:card\" content=\"summary_large_image\" \/>\n<meta name=\"twitter:label1\" content=\"Tiempo de lectura\" \/>\n\t<meta name=\"twitter:data1\" content=\"3 minutos\" \/>\n<script type=\"application\/ld+json\" class=\"yoast-schema-graph\">{\"@context\":\"https:\/\/schema.org\",\"@graph\":[{\"@type\":\"WebPage\",\"@id\":\"https:\/\/www.topfastpcb.com\/return-and-exchange-process\/\",\"url\":\"https:\/\/www.topfastpcb.com\/return-and-exchange-process\/\",\"name\":\"Return and Exchange Process-Topfast\",\"isPartOf\":{\"@id\":\"https:\/\/www.topfastpcb.com\/#website\"},\"datePublished\":\"2025-04-14T08:41:43+00:00\",\"dateModified\":\"2025-12-09T13:16:41+00:00\",\"description\":\"In order to improve the after-sales system and strive to make consumers more satisfied, the company has implemented a return and exchange system, which meets the conditions for return and exchange and is authorized to return and exchange the goods to the customer.\",\"breadcrumb\":{\"@id\":\"https:\/\/www.topfastpcb.com\/return-and-exchange-process\/#breadcrumb\"},\"inLanguage\":\"es\",\"potentialAction\":[{\"@type\":\"ReadAction\",\"target\":[\"https:\/\/www.topfastpcb.com\/return-and-exchange-process\/\"]}]},{\"@type\":\"BreadcrumbList\",\"@id\":\"https:\/\/www.topfastpcb.com\/return-and-exchange-process\/#breadcrumb\",\"itemListElement\":[{\"@type\":\"ListItem\",\"position\":1,\"name\":\"\u9996\u9875\",\"item\":\"https:\/\/www.topfastpcb.com\/\"},{\"@type\":\"ListItem\",\"position\":2,\"name\":\"Return and Exchange Process\"}]},{\"@type\":\"WebSite\",\"@id\":\"https:\/\/www.topfastpcb.com\/#website\",\"url\":\"https:\/\/www.topfastpcb.com\/\",\"name\":\"Topfastpcb\",\"description\":\"Topfast Prime Choice for Global Electronics Manufacturing\",\"publisher\":{\"@id\":\"https:\/\/www.topfastpcb.com\/#organization\"},\"potentialAction\":[{\"@type\":\"SearchAction\",\"target\":{\"@type\":\"EntryPoint\",\"urlTemplate\":\"https:\/\/www.topfastpcb.com\/?s={search_term_string}\"},\"query-input\":{\"@type\":\"PropertyValueSpecification\",\"valueRequired\":true,\"valueName\":\"search_term_string\"}}],\"inLanguage\":\"es\"},{\"@type\":\"Organization\",\"@id\":\"https:\/\/www.topfastpcb.com\/#organization\",\"name\":\"Topfastpcb\",\"url\":\"https:\/\/www.topfastpcb.com\/\",\"logo\":{\"@type\":\"ImageObject\",\"inLanguage\":\"es\",\"@id\":\"https:\/\/www.topfastpcb.com\/#\/schema\/logo\/image\/\",\"url\":\"https:\/\/www.topfastpcb.com\/wp-content\/uploads\/2026\/02\/cropped-topfast-logo.png\",\"contentUrl\":\"https:\/\/www.topfastpcb.com\/wp-content\/uploads\/2026\/02\/cropped-topfast-logo.png\",\"width\":144,\"height\":56,\"caption\":\"Topfastpcb\"},\"image\":{\"@id\":\"https:\/\/www.topfastpcb.com\/#\/schema\/logo\/image\/\"}}]}<\/script>\n<!-- \/ Yoast SEO plugin. -->","yoast_head_json":{"title":"Return and Exchange Process-Topfast","description":"In order to improve the after-sales system and strive to make consumers more satisfied, the company has implemented a return and exchange system, which meets the conditions for return and exchange and is authorized to return and exchange the goods to the customer.","robots":{"index":"index","follow":"follow","max-snippet":"max-snippet:-1","max-image-preview":"max-image-preview:large","max-video-preview":"max-video-preview:-1"},"canonical":"https:\/\/www.topfastpcb.com\/es\/return-and-exchange-process\/","og_locale":"es_ES","og_type":"article","og_title":"Return and Exchange Process-Topfast","og_description":"In order to improve the after-sales system and strive to make consumers more satisfied, the company has implemented a return and exchange system, which meets the conditions for return and exchange and is authorized to return and exchange the goods to the customer.","og_url":"https:\/\/www.topfastpcb.com\/es\/return-and-exchange-process\/","og_site_name":"Topfastpcb","article_modified_time":"2025-12-09T13:16:41+00:00","twitter_card":"summary_large_image","twitter_misc":{"Tiempo de lectura":"3 minutos"},"schema":{"@context":"https:\/\/schema.org","@graph":[{"@type":"WebPage","@id":"https:\/\/www.topfastpcb.com\/return-and-exchange-process\/","url":"https:\/\/www.topfastpcb.com\/return-and-exchange-process\/","name":"Return and Exchange Process-Topfast","isPartOf":{"@id":"https:\/\/www.topfastpcb.com\/#website"},"datePublished":"2025-04-14T08:41:43+00:00","dateModified":"2025-12-09T13:16:41+00:00","description":"In order to improve the after-sales system and strive to make consumers more satisfied, the company has implemented a return and exchange system, which meets the conditions for return and exchange and is authorized to return and exchange the goods to the customer.","breadcrumb":{"@id":"https:\/\/www.topfastpcb.com\/return-and-exchange-process\/#breadcrumb"},"inLanguage":"es","potentialAction":[{"@type":"ReadAction","target":["https:\/\/www.topfastpcb.com\/return-and-exchange-process\/"]}]},{"@type":"BreadcrumbList","@id":"https:\/\/www.topfastpcb.com\/return-and-exchange-process\/#breadcrumb","itemListElement":[{"@type":"ListItem","position":1,"name":"\u9996\u9875","item":"https:\/\/www.topfastpcb.com\/"},{"@type":"ListItem","position":2,"name":"Return and Exchange Process"}]},{"@type":"WebSite","@id":"https:\/\/www.topfastpcb.com\/#website","url":"https:\/\/www.topfastpcb.com\/","name":"Topfastpcb","description":"Topfast Prime Choice for Global Electronics Manufacturing","publisher":{"@id":"https:\/\/www.topfastpcb.com\/#organization"},"potentialAction":[{"@type":"SearchAction","target":{"@type":"EntryPoint","urlTemplate":"https:\/\/www.topfastpcb.com\/?s={search_term_string}"},"query-input":{"@type":"PropertyValueSpecification","valueRequired":true,"valueName":"search_term_string"}}],"inLanguage":"es"},{"@type":"Organization","@id":"https:\/\/www.topfastpcb.com\/#organization","name":"Topfastpcb","url":"https:\/\/www.topfastpcb.com\/","logo":{"@type":"ImageObject","inLanguage":"es","@id":"https:\/\/www.topfastpcb.com\/#\/schema\/logo\/image\/","url":"https:\/\/www.topfastpcb.com\/wp-content\/uploads\/2026\/02\/cropped-topfast-logo.png","contentUrl":"https:\/\/www.topfastpcb.com\/wp-content\/uploads\/2026\/02\/cropped-topfast-logo.png","width":144,"height":56,"caption":"Topfastpcb"},"image":{"@id":"https:\/\/www.topfastpcb.com\/#\/schema\/logo\/image\/"}}]}},"_links":{"self":[{"href":"https:\/\/www.topfastpcb.com\/es\/wp-json\/wp\/v2\/pages\/794","targetHints":{"allow":["GET"]}}],"collection":[{"href":"https:\/\/www.topfastpcb.com\/es\/wp-json\/wp\/v2\/pages"}],"about":[{"href":"https:\/\/www.topfastpcb.com\/es\/wp-json\/wp\/v2\/types\/page"}],"author":[{"embeddable":true,"href":"https:\/\/www.topfastpcb.com\/es\/wp-json\/wp\/v2\/users\/1"}],"replies":[{"embeddable":true,"href":"https:\/\/www.topfastpcb.com\/es\/wp-json\/wp\/v2\/comments?post=794"}],"version-history":[{"count":2,"href":"https:\/\/www.topfastpcb.com\/es\/wp-json\/wp\/v2\/pages\/794\/revisions"}],"predecessor-version":[{"id":1891,"href":"https:\/\/www.topfastpcb.com\/es\/wp-json\/wp\/v2\/pages\/794\/revisions\/1891"}],"wp:attachment":[{"href":"https:\/\/www.topfastpcb.com\/es\/wp-json\/wp\/v2\/media?parent=794"}],"curies":[{"name":"wp","href":"https:\/\/api.w.org\/{rel}","templated":true}]}}