{"id":2230,"date":"2025-04-26T16:44:10","date_gmt":"2025-04-26T08:14:10","guid":{"rendered":"http:\/\/topfastpcbb.ru\/?post_type=product&#038;p=2230"},"modified":"2025-05-06T16:02:55","modified_gmt":"2025-05-06T07:32:55","slug":"4-layer-rigid-flex-pcb","status":"publish","type":"product","link":"https:\/\/www.topfastpcb.com\/es\/products\/4-layer-rigid-flex-pcb\/","title":{"rendered":"PCB flexible r\u00edgido de 4 capas"},"content":{"rendered":"<p><span style=\"vertical-align: inherit;\"><span style=\"vertical-align: inherit;\"><div id=\"ez-toc-container\" class=\"ez-toc-v2_0_74 counter-hierarchy ez-toc-counter ez-toc-custom ez-toc-container-direction\">\n<div class=\"ez-toc-title-container\">\n<p class=\"ez-toc-title\" style=\"cursor:inherit\">Tabla de contenidos<\/p>\n<span class=\"ez-toc-title-toggle\"><\/span><\/div>\n<nav><ul class='ez-toc-list ez-toc-list-level-1' ><li class='ez-toc-page-1 ez-toc-heading-level-2'><a class=\"ez-toc-link ez-toc-heading-1\" href=\"https:\/\/www.topfastpcb.com\/es\/products\/4-layer-rigid-flex-pcb\/#Core_advantages_of_four-layer_boards\" >Principales ventajas de los tableros de cuatro capas<\/a><\/li><li class='ez-toc-page-1 ez-toc-heading-level-2'><a class=\"ez-toc-link ez-toc-heading-2\" href=\"https:\/\/www.topfastpcb.com\/es\/products\/4-layer-rigid-flex-pcb\/#Key_Considerations_for_Rigid-Flex_PCB_Designs\" >Consideraciones clave para dise\u00f1os de PCB r\u00edgidos-flexibles<\/a><ul class='ez-toc-list-level-3' ><li class='ez-toc-heading-level-3'><a class=\"ez-toc-link ez-toc-heading-3\" href=\"https:\/\/www.topfastpcb.com\/es\/products\/4-layer-rigid-flex-pcb\/#1_Optimize_Functional_Partitioning\" >1. Optimizar la partici\u00f3n funcional<\/a><\/li><li class='ez-toc-page-1 ez-toc-heading-level-3'><a class=\"ez-toc-link ez-toc-heading-4\" href=\"https:\/\/www.topfastpcb.com\/es\/products\/4-layer-rigid-flex-pcb\/#2_Advanced_Materials_and_Processes\" >2. Materiales y procesos avanzados<\/a><\/li><li class='ez-toc-page-1 ez-toc-heading-level-3'><a class=\"ez-toc-link ez-toc-heading-5\" href=\"https:\/\/www.topfastpcb.com\/es\/products\/4-layer-rigid-flex-pcb\/#3_Multi-physics_field_simulation\" >3. Simulaci\u00f3n de campo multif\u00edsica<\/a><\/li><li class='ez-toc-page-1 ez-toc-heading-level-3'><a class=\"ez-toc-link ez-toc-heading-6\" href=\"https:\/\/www.topfastpcb.com\/es\/products\/4-layer-rigid-flex-pcb\/#4_Modular_System_Architecture\" >4. Arquitectura de sistema modular<\/a><\/li><\/ul><\/li><li class='ez-toc-page-1 ez-toc-heading-level-2'><a class=\"ez-toc-link ez-toc-heading-7\" href=\"https:\/\/www.topfastpcb.com\/es\/products\/4-layer-rigid-flex-pcb\/#Application_Scenarios\" >Escenarios de aplicaci\u00f3n<\/a><\/li><li class='ez-toc-page-1 ez-toc-heading-level-2'><a class=\"ez-toc-link ez-toc-heading-8\" href=\"https:\/\/www.topfastpcb.com\/es\/products\/4-layer-rigid-flex-pcb\/#Why_choose_us\" >\u00bfPor qu\u00e9 elegirnos?<\/a><\/li><\/ul><\/nav><\/div>\n<\/span><\/span><\/p>\n<p>El PCB r\u00edgido-flexible de cuatro capas es un dise\u00f1o de placa de circuito que combina las caracter\u00edsticas de las placas de circuito r\u00edgidas y flexibles para mayor flexibilidad y alta confiabilidad. Por lo general, consta de una estructura de cuatro capas, que incluye una capa superior, una capa inferior, una capa de potencia y una capa de tierra, y es adecuado para dispositivos electr\u00f3nicos complejos que necesitan cumplir con los requisitos de transmisi\u00f3n de se\u00f1al y energ\u00eda.<\/p>\n<p><strong>Consta de las siguientes cuatro capas funcionales b\u00e1sicas<\/strong><\/p>\n<p>Capa superior (capa de componentes): se utiliza para montar y soldar componentes electr\u00f3nicos;<br \/>\nCapa interna 1 (capa de se\u00f1al): transporta principalmente la alineaci\u00f3n de la se\u00f1al a alta velocidad;<br \/>\nCapa interna 2 (capa de suministro de energ\u00eda): dedicada a la distribuci\u00f3n de energ\u00eda y la red de suministro de energ\u00eda;<br \/>\nCapa inferior (capa de se\u00f1al\/soldadura): funciones de alineaci\u00f3n de se\u00f1al y soldadura.<\/p>\n<h2><span class=\"ez-toc-section\" id=\"Core_advantages_of_four-layer_boards\"><\/span>Principales ventajas de los tableros de cuatro capas<span class=\"ez-toc-section-end\"><\/span><\/h2>\n<p>Cableado de alta densidad: reduce el \u00e1rea de la placa y mejora la utilizaci\u00f3n del espacio.<br \/>\nIntegridad de la se\u00f1al: optimiza la transmisi\u00f3n de se\u00f1ales de alta frecuencia y reduce las interferencias.<br \/>\nFlexibilidad mec\u00e1nica: Se adapta a los requisitos de flexi\u00f3n y plegado.<br \/>\nRentabilidad: Reduce los costos generales de fabricaci\u00f3n en dise\u00f1os complejos.<br \/>\nEn comparaci\u00f3n con las placas tradicionales de una y dos caras, las placas de circuito impreso de cuatro capas ofrecen tres ventajas significativas:<br \/>\nLa utilizaci\u00f3n del espacio se incrementa en m\u00e1s del 40%, lo que permite dise\u00f1os de circuitos de mayor densidad.<br \/>\nUn 60% menos de impedancia de potencia y un 50% menos de interferencia de ruido a trav\u00e9s de un dise\u00f1o de capa de potencia especializado;<br \/>\nPara el dise\u00f1o de circuitos de alta velocidad por encima de 100 MHz, la integridad de la se\u00f1al mejora significativamente.<\/p>\n<p><img loading=\"lazy\" decoding=\"async\" src=\"https:\/\/www.topfastpcb.com\/wp-content\/uploads\/2025\/04\/rigid-flexible-pcb2.jpg\" alt=\"Placa de uni\u00f3n r\u00edgida y flexible\" width=\"750\" height=\"750\" class=\"aligncenter wp-image-2231 size-full\" srcset=\"https:\/\/www.topfastpcb.com\/wp-content\/uploads\/2025\/04\/rigid-flexible-pcb2.jpg 750w, https:\/\/www.topfastpcb.com\/wp-content\/uploads\/2025\/04\/rigid-flexible-pcb2-300x300.jpg 300w, https:\/\/www.topfastpcb.com\/wp-content\/uploads\/2025\/04\/rigid-flexible-pcb2-150x150.jpg 150w, https:\/\/www.topfastpcb.com\/wp-content\/uploads\/2025\/04\/rigid-flexible-pcb2-600x600.jpg 600w, https:\/\/www.topfastpcb.com\/wp-content\/uploads\/2025\/04\/rigid-flexible-pcb2-100x100.jpg 100w\" sizes=\"auto, (max-width: 750px) 100vw, 750px\" \/><\/p>\n<h2><span class=\"ez-toc-section\" id=\"Key_Considerations_for_Rigid-Flex_PCB_Designs\"><\/span>Consideraciones clave para <a href=\"https:\/\/www.topfastpcb.com\/es\/products\/category\/rigid-flex-pcb\/\">Placa de circuito impreso r\u00edgida-flexible<\/a> Dise\u00f1os y dise\u00f1os<span class=\"ez-toc-section-end\"><\/span><\/h2>\n<h3><span class=\"ez-toc-section\" id=\"1_Optimize_Functional_Partitioning\"><\/span>1. Optimizar la partici\u00f3n funcional<span class=\"ez-toc-section-end\"><\/span><\/h3>\n<p>Los m\u00f3dulos de procesamiento de se\u00f1ales de alta frecuencia se concentran en la secci\u00f3n r\u00edgida para garantizar la integridad de la se\u00f1al<br \/>\nEl \u00e1rea de interconexi\u00f3n flexible proporciona adaptaci\u00f3n espacial 3D con capacidad de flexi\u00f3n din\u00e1mica de \u00b115\u00b0<br \/>\nAplicaciones t\u00edpicas: articulaciones de dispositivos port\u00e1tiles, articulaciones rob\u00f3ticas<\/p>\n<h3><span class=\"ez-toc-section\" id=\"2_Advanced_Materials_and_Processes\"><\/span>2. Materiales y procesos avanzados<span class=\"ez-toc-section-end\"><\/span><\/h3>\n<p>Sustrato flexible: Pol\u00edmero de cristal l\u00edquido (LCP), \u03b5r=2.9@10GHz<br \/>\nProceso clave:<br \/>\nPerforaci\u00f3n l\u00e1ser de microv\u00edas (\u226450 \u03bcm de di\u00e1metro)<br \/>\nIntegraci\u00f3n de condensadores integrados (densidad 3 veces mayor)<br \/>\nTrazas conductoras impresas en 3D (ancho\/espaciado de l\u00ednea de 30\/30 \u03bcm)<\/p>\n<h3><span class=\"ez-toc-section\" id=\"3_Multi-physics_field_simulation\"><\/span>3. Simulaci\u00f3n de campo multif\u00edsica<span class=\"ez-toc-section-end\"><\/span><\/h3>\n<p>Simulaci\u00f3n electromagn\u00e9tica: an\u00e1lisis de onda completa HFSS (precisi\u00f3n de 0,01 dB)<br \/>\nSimulaci\u00f3n mec\u00e1nica: Ensayo de fatiga por flexi\u00f3n ANSYS (&gt;100k ciclos)<br \/>\nSimulaci\u00f3n t\u00e9rmica: an\u00e1lisis CFD de Flotherm (control de gradiente de \u00b12 \u00b0C)<\/p>\n<h3><span class=\"ez-toc-section\" id=\"4_Modular_System_Architecture\"><\/span>4. Arquitectura de sistema modular<span class=\"ez-toc-section-end\"><\/span><\/h3>\n<table class=\"has-fixed-layout\">\n<thead>\n<tr>\n<th class=\"wp-block-table__cell-content\">\n<div role=\"textbox\" aria-multiline=\"true\" aria-label=\"Texto de la celda de encabezado\" contenteditable=\"true\" class=\"block-editor-rich-text__editable rich-text\">Par\u00e1metro<\/div>\n<\/th>\n<th class=\"wp-block-table__cell-content\">\n<div role=\"textbox\" aria-multiline=\"true\" aria-label=\"Texto de la celda de encabezado\" contenteditable=\"true\" class=\"block-editor-rich-text__editable rich-text\">Dise\u00f1o convencional<\/div>\n<\/th>\n<th class=\"wp-block-table__cell-content\">\n<div role=\"textbox\" aria-multiline=\"true\" aria-label=\"Texto de la celda de encabezado\" contenteditable=\"true\" class=\"block-editor-rich-text__editable rich-text\">Dise\u00f1o r\u00edgido-flexible<\/div>\n<\/th>\n<\/tr>\n<\/thead>\n<tbody>\n<tr>\n<td class=\"wp-block-table__cell-content\">\n<div role=\"textbox\" aria-multiline=\"true\" aria-label=\"Texto de la celda del cuerpo\" contenteditable=\"true\" class=\"block-editor-rich-text__editable rich-text\">volumen<\/div>\n<\/td>\n<td class=\"wp-block-table__cell-content\">\n<div role=\"textbox\" aria-multiline=\"true\" aria-label=\"Texto de la celda del cuerpo\" contenteditable=\"true\" class=\"block-editor-rich-text__editable rich-text\">100% (L\u00ednea de base)<\/div>\n<\/td>\n<td class=\"wp-block-table__cell-content\">\n<div role=\"textbox\" aria-multiline=\"true\" aria-label=\"Texto de la celda del cuerpo\" contenteditable=\"true\" class=\"block-editor-rich-text__editable rich-text\">60-70%<\/div>\n<\/td>\n<\/tr>\n<tr>\n<td class=\"wp-block-table__cell-content\">\n<div role=\"textbox\" aria-multiline=\"true\" aria-label=\"Texto de la celda del cuerpo\" contenteditable=\"true\" class=\"block-editor-rich-text__editable rich-text\">Fiabilidad<\/div>\n<\/td>\n<td class=\"wp-block-table__cell-content\">\n<div role=\"textbox\" aria-multiline=\"true\" aria-label=\"Texto de la celda del cuerpo\" contenteditable=\"true\" class=\"block-editor-rich-text__editable rich-text\">1x<\/div>\n<\/td>\n<td class=\"wp-block-table__cell-content\">\n<div role=\"textbox\" aria-multiline=\"true\" aria-label=\"Texto de la celda del cuerpo\" contenteditable=\"true\" class=\"block-editor-rich-text__editable rich-text\">Mejora de 3 a 5 veces<\/div>\n<\/td>\n<\/tr>\n<tr>\n<td class=\"wp-block-table__cell-content\">\n<div role=\"textbox\" aria-multiline=\"true\" aria-label=\"Texto de la celda del cuerpo\" contenteditable=\"true\" class=\"block-editor-rich-text__editable rich-text\">Ciclo de revisi\u00f3n<\/div>\n<\/td>\n<td class=\"wp-block-table__cell-content\">\n<div role=\"textbox\" aria-multiline=\"true\" aria-label=\"Texto de la celda del cuerpo\" contenteditable=\"true\" class=\"block-editor-rich-text__editable rich-text\">4-6 semanas<\/div>\n<\/td>\n<td class=\"wp-block-table__cell-content\">\n<div role=\"textbox\" aria-multiline=\"true\" aria-label=\"Texto de la celda del cuerpo\" contenteditable=\"true\" class=\"block-editor-rich-text__editable rich-text\">1-2 semanas<\/div>\n<\/td>\n<\/tr>\n<\/tbody>\n<\/table>\n<p><strong>Componentes principales<\/strong><br \/>\n\u00c1rea r\u00edgida: procesador\/memoria (componentes de alta densidad)<br \/>\n\u00c1rea flexible: interconexiones de topolog\u00eda de conexi\u00f3n en cadena<\/p>\n<p><strong>Certificaci\u00f3n y Validaci\u00f3n<\/strong><br \/>\n40% de reducci\u00f3n de peso<br \/>\nReducci\u00f3n del 80% en la tasa de fallas en entornos de vibraci\u00f3n<br \/>\nObligatorio: \u22653 iteraciones de simulaci\u00f3n Cumplimiento de JIS C5016<\/p>\n<h2><span class=\"ez-toc-section\" id=\"Application_Scenarios\"><\/span>Escenarios de aplicaci\u00f3n<span class=\"ez-toc-section-end\"><\/span><\/h2>\n<p>Las placas de circuito flexible de doble cara se utilizan en una variedad de aplicaciones donde se requiere flexibilidad y confiabilidad, que incluyen, entre otras:<br \/>\nElectr\u00f3nica de consumo: Conectores flexibles en dispositivos como tel\u00e9fonos inteligentes y tabletas.<br \/>\nElectr\u00f3nica automotriz: Las placas de circuito flexible de doble cara proporcionan una mejor resistencia a la flexi\u00f3n y la vibraci\u00f3n en una variedad de sensores y controladores dentro de los autom\u00f3viles.<br \/>\nControles industriales: En equipos de automatizaci\u00f3n y rob\u00f3tica, las placas de circuito flexible de doble cara pueden acomodar movimientos mec\u00e1nicos complejos y limitaciones de espacio.<\/p>\n<p><img loading=\"lazy\" decoding=\"async\" src=\"https:\/\/www.topfastpcb.com\/wp-content\/uploads\/2025\/04\/Application.jpg\" alt=\"aplicaciones\" width=\"797\" height=\"897\" class=\"aligncenter wp-image-1934 size-full\" srcset=\"https:\/\/www.topfastpcb.com\/wp-content\/uploads\/2025\/04\/Application.jpg 797w, https:\/\/www.topfastpcb.com\/wp-content\/uploads\/2025\/04\/Application-267x300.jpg 267w, https:\/\/www.topfastpcb.com\/wp-content\/uploads\/2025\/04\/Application-768x864.jpg 768w, https:\/\/www.topfastpcb.com\/wp-content\/uploads\/2025\/04\/Application-600x675.jpg 600w\" sizes=\"auto, (max-width: 797px) 100vw, 797px\" \/><\/p>\n<h2><span class=\"ez-toc-section\" id=\"Why_choose_us\"><\/span>\u00bfPor qu\u00e9 elegirnos?<span class=\"ez-toc-section-end\"><\/span><\/h2>\n<p>Nos hemos especializado en el campo de PCB durante m\u00e1s de 20 a\u00f1os y tenemos una certificaci\u00f3n de sistema de gesti\u00f3n de calidad ISO9001, RoHS, certificaci\u00f3n del sistema de gesti\u00f3n ambiental ISO14001, certificaci\u00f3n del sistema de gesti\u00f3n de calidad automotriz TS16949 y otras certificaciones.<\/p>\n<p><a href=\"https:\/\/www.topfastpcb.com\/es\/about\/\">TOPFAST<\/a> es un proveedor profesional de PCB. Estamos comprometidos a proporcionar placas PCB r\u00edgidas y flexibles de la m\u00e1s alta calidad a los precios m\u00e1s competitivos. Nuestra plataforma tiene la mejor reputaci\u00f3n en Google. Contamos con equipos avanzados y un equipo t\u00e9cnico profesional para garantizar la entrega a tiempo de productos de calidad.<\/p>\n<p>Para PCB r\u00edgido-flexibles, nos especializamos en:<\/p>\n<p>Una placa de circuito impreso r\u00edgida y flexible multicapa, tambi\u00e9n conocida como placa de circuito impreso r\u00edgida y flexible de doble cara, es una combinaci\u00f3n de una placa flexible y una placa r\u00edgida, un tipo de placa de circuito en la que una capa delgada de material flexible se combina con una capa de respaldo r\u00edgida, que luego se presiona para formar un solo componente.<\/p>\n<p>&nbsp;<\/p>","protected":false},"excerpt":{"rendered":"<p>La placa de circuito PCB r\u00edgida-flexible de 4 capas es un dise\u00f1o de placa de circuito que combina las caracter\u00edsticas de las placas de circuito r\u00edgidas y flexibles para mayor flexibilidad y alta confiabilidad.<\/p>","protected":false},"featured_media":2232,"comment_status":"open","ping_status":"closed","template":"","meta":[],"product_brand":[],"product_cat":[114],"product_tag":[204,203,199],"class_list":{"0":"post-2230","1":"product","2":"type-product","3":"status-publish","4":"has-post-thumbnail","6":"product_cat-rigid-flex-pcb","7":"product_tag-4-layer-pcb","8":"product_tag-4-layer-rigid-flex-pcb","9":"product_tag-rigid-flex-pcb","11":"first","12":"instock","13":"shipping-taxable","14":"product-type-simple"},"yoast_head":"<!-- This site is optimized with the Yoast SEO plugin v25.1 - https:\/\/yoast.com\/wordpress\/plugins\/seo\/ -->\n<title>4 Layer Rigid Flex PCB - Topfastpcb<\/title>\n<meta name=\"description\" content=\"The 4-layer rigid-flex PCB circuit board is a circuit board design that combines the features of rigid and flexible circuit boards for flexibility and high reliability.\" \/>\n<meta name=\"robots\" content=\"index, follow, max-snippet:-1, max-image-preview:large, max-video-preview:-1\" \/>\n<link rel=\"canonical\" href=\"https:\/\/www.topfastpcb.com\/es\/products\/4-layer-rigid-flex-pcb\/\" \/>\n<meta property=\"og:locale\" content=\"es_ES\" \/>\n<meta property=\"og:type\" content=\"article\" \/>\n<meta property=\"og:title\" content=\"4 Layer Rigid Flex PCB - Topfastpcb\" \/>\n<meta property=\"og:description\" content=\"The 4-layer rigid-flex PCB circuit board is a circuit board design that combines the features of rigid and flexible circuit boards for flexibility and high reliability.\" \/>\n<meta property=\"og:url\" content=\"https:\/\/www.topfastpcb.com\/es\/products\/4-layer-rigid-flex-pcb\/\" \/>\n<meta property=\"og:site_name\" content=\"Topfastpcb\" \/>\n<meta property=\"article:modified_time\" content=\"2025-05-06T07:32:55+00:00\" \/>\n<meta property=\"og:image\" content=\"https:\/\/www.topfastpcb.com\/wp-content\/uploads\/2025\/04\/rigid-flexible-pcb8.jpg\" \/>\n\t<meta property=\"og:image:width\" content=\"750\" \/>\n\t<meta property=\"og:image:height\" content=\"750\" \/>\n\t<meta property=\"og:image:type\" content=\"image\/jpeg\" \/>\n<meta name=\"twitter:card\" content=\"summary_large_image\" \/>\n<meta name=\"twitter:label1\" content=\"Tiempo de lectura\" \/>\n\t<meta name=\"twitter:data1\" content=\"4 minutos\" \/>\n<script type=\"application\/ld+json\" class=\"yoast-schema-graph\">{\"@context\":\"https:\/\/schema.org\",\"@graph\":[{\"@type\":\"WebPage\",\"@id\":\"https:\/\/www.topfastpcb.com\/products\/4-layer-rigid-flex-pcb\/\",\"url\":\"https:\/\/www.topfastpcb.com\/products\/4-layer-rigid-flex-pcb\/\",\"name\":\"4 Layer Rigid Flex PCB - Topfastpcb\",\"isPartOf\":{\"@id\":\"https:\/\/www.topfastpcb.com\/#website\"},\"primaryImageOfPage\":{\"@id\":\"https:\/\/www.topfastpcb.com\/products\/4-layer-rigid-flex-pcb\/#primaryimage\"},\"image\":{\"@id\":\"https:\/\/www.topfastpcb.com\/products\/4-layer-rigid-flex-pcb\/#primaryimage\"},\"thumbnailUrl\":\"https:\/\/www.topfastpcb.com\/wp-content\/uploads\/2025\/04\/rigid-flexible-pcb8.jpg\",\"datePublished\":\"2025-04-26T08:14:10+00:00\",\"dateModified\":\"2025-05-06T07:32:55+00:00\",\"description\":\"The 4-layer rigid-flex PCB circuit board is a circuit board design that combines the features of rigid and flexible circuit boards for flexibility and high reliability.\",\"breadcrumb\":{\"@id\":\"https:\/\/www.topfastpcb.com\/products\/4-layer-rigid-flex-pcb\/#breadcrumb\"},\"inLanguage\":\"es\",\"potentialAction\":[{\"@type\":\"ReadAction\",\"target\":[\"https:\/\/www.topfastpcb.com\/products\/4-layer-rigid-flex-pcb\/\"]}]},{\"@type\":\"ImageObject\",\"inLanguage\":\"es\",\"@id\":\"https:\/\/www.topfastpcb.com\/products\/4-layer-rigid-flex-pcb\/#primaryimage\",\"url\":\"https:\/\/www.topfastpcb.com\/wp-content\/uploads\/2025\/04\/rigid-flexible-pcb8.jpg\",\"contentUrl\":\"https:\/\/www.topfastpcb.com\/wp-content\/uploads\/2025\/04\/rigid-flexible-pcb8.jpg\",\"width\":750,\"height\":750,\"caption\":\"rigid-flexible pcb\"},{\"@type\":\"BreadcrumbList\",\"@id\":\"https:\/\/www.topfastpcb.com\/products\/4-layer-rigid-flex-pcb\/#breadcrumb\",\"itemListElement\":[{\"@type\":\"ListItem\",\"position\":1,\"name\":\"\u9996\u9875\",\"item\":\"https:\/\/www.topfastpcb.com\/\"},{\"@type\":\"ListItem\",\"position\":2,\"name\":\"\u5546\u5e97\",\"item\":\"https:\/\/www.topfastpcb.com\/shop\/\"},{\"@type\":\"ListItem\",\"position\":3,\"name\":\"4 Layer Rigid Flex PCB\"}]},{\"@type\":\"WebSite\",\"@id\":\"https:\/\/www.topfastpcb.com\/#website\",\"url\":\"https:\/\/www.topfastpcb.com\/\",\"name\":\"Topfastpcb\",\"description\":\"Topfast Prime Choice for Global Electronics Manufacturing\",\"publisher\":{\"@id\":\"https:\/\/www.topfastpcb.com\/#organization\"},\"potentialAction\":[{\"@type\":\"SearchAction\",\"target\":{\"@type\":\"EntryPoint\",\"urlTemplate\":\"https:\/\/www.topfastpcb.com\/?s={search_term_string}\"},\"query-input\":{\"@type\":\"PropertyValueSpecification\",\"valueRequired\":true,\"valueName\":\"search_term_string\"}}],\"inLanguage\":\"es\"},{\"@type\":\"Organization\",\"@id\":\"https:\/\/www.topfastpcb.com\/#organization\",\"name\":\"Topfastpcb\",\"url\":\"https:\/\/www.topfastpcb.com\/\",\"logo\":{\"@type\":\"ImageObject\",\"inLanguage\":\"es\",\"@id\":\"https:\/\/www.topfastpcb.com\/#\/schema\/logo\/image\/\",\"url\":\"https:\/\/www.topfastpcb.com\/wp-content\/uploads\/2026\/02\/cropped-topfast-logo.png\",\"contentUrl\":\"https:\/\/www.topfastpcb.com\/wp-content\/uploads\/2026\/02\/cropped-topfast-logo.png\",\"width\":144,\"height\":56,\"caption\":\"Topfastpcb\"},\"image\":{\"@id\":\"https:\/\/www.topfastpcb.com\/#\/schema\/logo\/image\/\"}}]}<\/script>\n<!-- \/ Yoast SEO plugin. -->","yoast_head_json":{"title":"4 Layer Rigid Flex PCB - Topfastpcb","description":"The 4-layer rigid-flex PCB circuit board is a circuit board design that combines the features of rigid and flexible circuit boards for flexibility and high reliability.","robots":{"index":"index","follow":"follow","max-snippet":"max-snippet:-1","max-image-preview":"max-image-preview:large","max-video-preview":"max-video-preview:-1"},"canonical":"https:\/\/www.topfastpcb.com\/es\/products\/4-layer-rigid-flex-pcb\/","og_locale":"es_ES","og_type":"article","og_title":"4 Layer Rigid Flex PCB - Topfastpcb","og_description":"The 4-layer rigid-flex PCB circuit board is a circuit board design that combines the features of rigid and flexible circuit boards for flexibility and high reliability.","og_url":"https:\/\/www.topfastpcb.com\/es\/products\/4-layer-rigid-flex-pcb\/","og_site_name":"Topfastpcb","article_modified_time":"2025-05-06T07:32:55+00:00","og_image":[{"width":750,"height":750,"url":"https:\/\/www.topfastpcb.com\/wp-content\/uploads\/2025\/04\/rigid-flexible-pcb8.jpg","type":"image\/jpeg"}],"twitter_card":"summary_large_image","twitter_misc":{"Tiempo de lectura":"4 minutos"},"schema":{"@context":"https:\/\/schema.org","@graph":[{"@type":"WebPage","@id":"https:\/\/www.topfastpcb.com\/products\/4-layer-rigid-flex-pcb\/","url":"https:\/\/www.topfastpcb.com\/products\/4-layer-rigid-flex-pcb\/","name":"4 Layer Rigid Flex PCB - Topfastpcb","isPartOf":{"@id":"https:\/\/www.topfastpcb.com\/#website"},"primaryImageOfPage":{"@id":"https:\/\/www.topfastpcb.com\/products\/4-layer-rigid-flex-pcb\/#primaryimage"},"image":{"@id":"https:\/\/www.topfastpcb.com\/products\/4-layer-rigid-flex-pcb\/#primaryimage"},"thumbnailUrl":"https:\/\/www.topfastpcb.com\/wp-content\/uploads\/2025\/04\/rigid-flexible-pcb8.jpg","datePublished":"2025-04-26T08:14:10+00:00","dateModified":"2025-05-06T07:32:55+00:00","description":"The 4-layer rigid-flex PCB circuit board is a circuit board design that combines the features of rigid and flexible circuit boards for flexibility and high reliability.","breadcrumb":{"@id":"https:\/\/www.topfastpcb.com\/products\/4-layer-rigid-flex-pcb\/#breadcrumb"},"inLanguage":"es","potentialAction":[{"@type":"ReadAction","target":["https:\/\/www.topfastpcb.com\/products\/4-layer-rigid-flex-pcb\/"]}]},{"@type":"ImageObject","inLanguage":"es","@id":"https:\/\/www.topfastpcb.com\/products\/4-layer-rigid-flex-pcb\/#primaryimage","url":"https:\/\/www.topfastpcb.com\/wp-content\/uploads\/2025\/04\/rigid-flexible-pcb8.jpg","contentUrl":"https:\/\/www.topfastpcb.com\/wp-content\/uploads\/2025\/04\/rigid-flexible-pcb8.jpg","width":750,"height":750,"caption":"rigid-flexible pcb"},{"@type":"BreadcrumbList","@id":"https:\/\/www.topfastpcb.com\/products\/4-layer-rigid-flex-pcb\/#breadcrumb","itemListElement":[{"@type":"ListItem","position":1,"name":"\u9996\u9875","item":"https:\/\/www.topfastpcb.com\/"},{"@type":"ListItem","position":2,"name":"\u5546\u5e97","item":"https:\/\/www.topfastpcb.com\/shop\/"},{"@type":"ListItem","position":3,"name":"4 Layer Rigid Flex PCB"}]},{"@type":"WebSite","@id":"https:\/\/www.topfastpcb.com\/#website","url":"https:\/\/www.topfastpcb.com\/","name":"Topfastpcb","description":"Topfast Prime Choice for Global Electronics Manufacturing","publisher":{"@id":"https:\/\/www.topfastpcb.com\/#organization"},"potentialAction":[{"@type":"SearchAction","target":{"@type":"EntryPoint","urlTemplate":"https:\/\/www.topfastpcb.com\/?s={search_term_string}"},"query-input":{"@type":"PropertyValueSpecification","valueRequired":true,"valueName":"search_term_string"}}],"inLanguage":"es"},{"@type":"Organization","@id":"https:\/\/www.topfastpcb.com\/#organization","name":"Topfastpcb","url":"https:\/\/www.topfastpcb.com\/","logo":{"@type":"ImageObject","inLanguage":"es","@id":"https:\/\/www.topfastpcb.com\/#\/schema\/logo\/image\/","url":"https:\/\/www.topfastpcb.com\/wp-content\/uploads\/2026\/02\/cropped-topfast-logo.png","contentUrl":"https:\/\/www.topfastpcb.com\/wp-content\/uploads\/2026\/02\/cropped-topfast-logo.png","width":144,"height":56,"caption":"Topfastpcb"},"image":{"@id":"https:\/\/www.topfastpcb.com\/#\/schema\/logo\/image\/"}}]}},"_links":{"self":[{"href":"https:\/\/www.topfastpcb.com\/es\/wp-json\/wp\/v2\/product\/2230","targetHints":{"allow":["GET"]}}],"collection":[{"href":"https:\/\/www.topfastpcb.com\/es\/wp-json\/wp\/v2\/product"}],"about":[{"href":"https:\/\/www.topfastpcb.com\/es\/wp-json\/wp\/v2\/types\/product"}],"replies":[{"embeddable":true,"href":"https:\/\/www.topfastpcb.com\/es\/wp-json\/wp\/v2\/comments?post=2230"}],"wp:featuredmedia":[{"embeddable":true,"href":"https:\/\/www.topfastpcb.com\/es\/wp-json\/wp\/v2\/media\/2232"}],"wp:attachment":[{"href":"https:\/\/www.topfastpcb.com\/es\/wp-json\/wp\/v2\/media?parent=2230"}],"wp:term":[{"taxonomy":"product_brand","embeddable":true,"href":"https:\/\/www.topfastpcb.com\/es\/wp-json\/wp\/v2\/product_brand?post=2230"},{"taxonomy":"product_cat","embeddable":true,"href":"https:\/\/www.topfastpcb.com\/es\/wp-json\/wp\/v2\/product_cat?post=2230"},{"taxonomy":"product_tag","embeddable":true,"href":"https:\/\/www.topfastpcb.com\/es\/wp-json\/wp\/v2\/product_tag?post=2230"}],"curies":[{"name":"wp","href":"https:\/\/api.w.org\/{rel}","templated":true}]}}