{"id":2264,"date":"2025-04-26T18:25:34","date_gmt":"2025-04-26T09:55:34","guid":{"rendered":"http:\/\/topfastpcbb.ru\/?post_type=product&#038;p=2264"},"modified":"2025-05-06T16:29:15","modified_gmt":"2025-05-06T07:59:15","slug":"pcba-for-medical-industry","status":"publish","type":"product","link":"https:\/\/www.topfastpcb.com\/es\/products\/pcba-for-medical-industry\/","title":{"rendered":"PCBA para la industria m\u00e9dica"},"content":{"rendered":"<h2>PCBA para la industria m\u00e9dica<\/h2>\n<p>PCBA (<a href=\"https:\/\/www.topfastpcb.com\/es\/products\/category\/pcba\/\">Ensamblaje de placa de circuito impreso<\/a>) es un proceso que consiste en montar componentes electr\u00f3nicos en una placa de circuito impreso (PCB) y soldarlos en su lugar para crear un dispositivo electr\u00f3nico funcional. En la industria m\u00e9dica, el PCBA se utiliza para fabricar una amplia gama de dispositivos m\u00e9dicos, incluidos equipos de diagn\u00f3stico, dispositivos de monitoreo e instrumentos quir\u00fargicos.<br \/>\nPor lo general, se requiere que los dispositivos m\u00e9dicos que usan PCBA cumplan con estrictos est\u00e1ndares regulatorios para garantizar su seguridad y efectividad. Como resultado, el proceso de PCBA para dispositivos m\u00e9dicos debe controlarse cuidadosamente para garantizar que el producto terminado cumpla con estos est\u00e1ndares. Esto puede implicar el uso de materiales especializados, como pl\u00e1sticos y metales biocompatibles, y la implementaci\u00f3n de estrictas medidas de control de calidad.<br \/>\nEl uso de PCBA en la industria m\u00e9dica permite la creaci\u00f3n de dispositivos altamente precisos y confiables que son esenciales para el diagn\u00f3stico, tratamiento y seguimiento de pacientes. Tambi\u00e9n permite el desarrollo de tecnolog\u00edas m\u00e9dicas nuevas e innovadoras que pueden mejorar los resultados de los pacientes y la calidad de la atenci\u00f3n. Si est\u00e1 interesado en nuestro ensamblaje de PCB, no dude en contactarnos.<\/p>\n<h2>Ventajas<\/h2>\n<p>Aqu\u00ed hay varias ventajas de usar PCBA en la industria m\u00e9dica:<br \/>\n1. Precisi\u00f3n: PCBA permite la creaci\u00f3n de dispositivos m\u00e9dicos altamente precisos y precisos, lo cual es esencial para muchas aplicaciones de diagn\u00f3stico y monitoreo.<br \/>\n2. Confiabilidad: El proceso de PCBA est\u00e1 dise\u00f1ado para crear dispositivos m\u00e9dicos duraderos y confiables que puedan soportar las demandas del entorno de atenci\u00f3n m\u00e9dica.<br \/>\n3. Personalizaci\u00f3n: PCBA se puede personalizar para satisfacer las necesidades y requisitos espec\u00edficos de diferentes aplicaciones m\u00e9dicas. Esto permite a los fabricantes crear dispositivos que se adaptan a las necesidades \u00fanicas de la industria de la salud.<br \/>\n4. Rentabilidad: El uso de PCBA puede ayudar a reducir el costo total de la fabricaci\u00f3n de dispositivos m\u00e9dicos al permitir el uso de procesos automatizados y componentes est\u00e1ndar.<br \/>\n5. Velocidad de producci\u00f3n: El proceso de PCBA se puede completar con relativa rapidez, lo que permite a los fabricantes satisfacer la alta demanda de dispositivos m\u00e9dicos a tiempo.<br \/>\nMejora de la atenci\u00f3n al paciente: Al crear dispositivos m\u00e9dicos fiables y precisos, el PCBA ayuda a mejorar la atenci\u00f3n al paciente y los resultados. Esto puede conducir a una mejor satisfacci\u00f3n del paciente y a una mejor calidad general de la atenci\u00f3n sanitaria.<\/p>\n<p><img loading=\"lazy\" decoding=\"async\" src=\"https:\/\/www.topfastpcb.com\/wp-content\/uploads\/2025\/04\/pcba27.jpg\" alt=\"PCBA m\u00e9dico\" width=\"750\" height=\"750\" class=\"aligncenter wp-image-2265 size-full\" srcset=\"https:\/\/www.topfastpcb.com\/wp-content\/uploads\/2025\/04\/pcba27.jpg 750w, https:\/\/www.topfastpcb.com\/wp-content\/uploads\/2025\/04\/pcba27-300x300.jpg 300w, https:\/\/www.topfastpcb.com\/wp-content\/uploads\/2025\/04\/pcba27-150x150.jpg 150w, https:\/\/www.topfastpcb.com\/wp-content\/uploads\/2025\/04\/pcba27-600x600.jpg 600w, https:\/\/www.topfastpcb.com\/wp-content\/uploads\/2025\/04\/pcba27-100x100.jpg 100w\" sizes=\"auto, (max-width: 750px) 100vw, 750px\" \/><\/p>\n<h2>Elementos b\u00e1sicos de los sistemas de calidad<\/h2>\n<ol start=\"1\">\n<li>\n<p class=\"ds-markdown-paragraph\"><strong>Triple Sistema de Certificaci\u00f3n<\/strong><\/p>\n<ul>\n<li>\n<p class=\"ds-markdown-paragraph\">ISO 13485 Gesti\u00f3n de la Calidad<\/p>\n<\/li>\n<li>\n<p class=\"ds-markdown-paragraph\">FDA 21 CFR Parte 820<\/p>\n<\/li>\n<li>\n<p class=\"ds-markdown-paragraph\">Normas de seguridad IEC 60601-1<\/p>\n<\/li>\n<\/ul>\n<\/li>\n<li>\n<p class=\"ds-markdown-paragraph\"><strong>Aspectos destacados del control de procesos<\/strong><\/p>\n<ul>\n<li style=\"list-style-type: none;\">\n<ul>\n<li>\n<p class=\"ds-markdown-paragraph\">Clase de sala limpia: 1000<\/p>\n<\/li>\n<li>\n<p class=\"ds-markdown-paragraph\">Inspecci\u00f3n de juntas de soldadura: radiograf\u00eda AOI 3D<\/p>\n<\/li>\n<li>\n<p class=\"ds-markdown-paragraph\">Trazabilidad: Sistema de seguimiento de c\u00f3digos de barras<\/p>\n<\/li>\n<\/ul>\n<\/li>\n<\/ul>\n<\/li>\n<\/ol>\n<h2>Desaf\u00edos t\u00e9cnicos clave y soluciones<\/h2>\n<div class=\"markdown-table-wrapper\">\n<table>\n<thead>\n<tr>\n<th>Tipo de desaf\u00edo<\/th>\n<th>Soluci\u00f3n t\u00e9cnica<\/th>\n<th>M\u00e9tricas de rendimiento<\/th>\n<\/tr>\n<\/thead>\n<tbody>\n<tr>\n<td>Resistencia a la esterilizaci\u00f3n<\/td>\n<td>Materiales especiales de encapsulaci\u00f3n<\/td>\n<td>Soporta 200 ciclos de autoclave<\/td>\n<\/tr>\n<tr>\n<td>Control EMI<\/td>\n<td>Estructuras de blindaje multicapa<\/td>\n<td>Reducci\u00f3n de radiaci\u00f3n de 60 dB<\/td>\n<\/tr>\n<tr>\n<td>Fiabilidad a largo plazo<\/td>\n<td>Proceso de uni\u00f3n de oro<\/td>\n<td>MTBF &gt;100.000 horas<\/td>\n<\/tr>\n<tr>\n<td>Biocompatibilidad<\/td>\n<td>Recubrimiento de parileno<\/td>\n<td>Cumple con la norma ISO 10993-5<\/td>\n<\/tr>\n<\/tbody>\n<\/table>\n<\/div>\n<h2>Requisitos de rendimiento para aplicaciones t\u00edpicas<\/h2>\n<ol start=\"1\">\n<li>\n<p class=\"ds-markdown-paragraph\"><strong>Dispositivos implantables<\/strong><\/p>\n<ul>\n<li>\n<p class=\"ds-markdown-paragraph\">Vida \u00fatil \u226510 a\u00f1os<\/p>\n<\/li>\n<li>\n<p class=\"ds-markdown-paragraph\">Corriente de fuga &lt;10\u03bcA<\/p>\n<\/li>\n<\/ul>\n<\/li>\n<li>\n<p class=\"ds-markdown-paragraph\"><strong>Equipos de imagen<\/strong><\/p>\n<ul>\n<li>\n<p class=\"ds-markdown-paragraph\">Velocidad de transferencia de datos \u2265 40 Gbps<\/p>\n<\/li>\n<li>\n<p class=\"ds-markdown-paragraph\">Capacidad antiinterferentes: 100 V\/m<\/p>\n<\/li>\n<\/ul>\n<\/li>\n<li>\n<p class=\"ds-markdown-paragraph\"><strong>Dispositivos de emergencia<\/strong><\/p>\n<ul>\n<li>\n<p class=\"ds-markdown-paragraph\">Tiempo de inicio &lt;0,5 segundos<\/p>\n<\/li>\n<li>\n<p class=\"ds-markdown-paragraph\">Resistencia a las vibraciones: 5 Grms<\/p>\n<\/li>\n<\/ul>\n<\/li>\n<\/ol>\n<h3>7 criterios clave para la selecci\u00f3n de proveedores<\/h3>\n<ol start=\"1\">\n<li>\n<p class=\"ds-markdown-paragraph\">Certificaci\u00f3n de producci\u00f3n de dispositivos m\u00e9dicos de clase III<\/p>\n<\/li>\n<li>\n<p class=\"ds-markdown-paragraph\">Cadena de suministro de componentes de grado m\u00e9dico<\/p>\n<\/li>\n<li>\n<p class=\"ds-markdown-paragraph\">\u00c1rea de sala limpia \u22651000\u33a1<\/p>\n<\/li>\n<li>\n<p class=\"ds-markdown-paragraph\">Configuraci\u00f3n del laboratorio de an\u00e1lisis de fallos<\/p>\n<\/li>\n<li>\n<p class=\"ds-markdown-paragraph\">Sistema de control de cambio de producto<\/p>\n<\/li>\n<li>\n<p class=\"ds-markdown-paragraph\">Capacidad de pruebas de envejecimiento a largo plazo<\/p>\n<\/li>\n<li>\n<p class=\"ds-markdown-paragraph\">Experiencia de colaboraci\u00f3n cl\u00ednica<\/p>\n<\/li>\n<\/ol>\n<ul>\n<li>\n<p class=\"ds-markdown-paragraph\"><strong>Capacidades del proceso<\/strong><br \/>\n? 01005 Colocaci\u00f3n de componentes<br \/>\n? BGA de paso fino de 50 \u03bcm<br \/>\n? Procesos de tableros r\u00edgidos-flexibles<\/p>\n<\/li>\n<li>\n<p class=\"ds-markdown-paragraph\"><strong>Sistemas de inspecci\u00f3n<\/strong><br \/>\n? Cobertura del 100% de las pruebas de sondas voladoras<br \/>\n? Inspecci\u00f3n por rayos X 3D<br \/>\n? Pruebas de contaminaci\u00f3n i\u00f3nica<\/p>\n<\/li>\n<li>\n<p class=\"ds-markdown-paragraph\"><strong>Procesos Especiales<\/strong><br \/>\n? Recubrimientos biocompatibles<br \/>\n? Envases est\u00e9riles<br \/>\n? Recubrimiento de conformaci\u00f3n<\/p>\n<\/li>\n<\/ul>\n<h2>Recomendaciones de implementaci\u00f3n<\/h2>\n<ol start=\"1\">\n<li>\n<p class=\"ds-markdown-paragraph\">Realizar an\u00e1lisis FMEA durante la fase de dise\u00f1o<\/p>\n<\/li>\n<li>\n<p class=\"ds-markdown-paragraph\">Establecer modelos de crecimiento de la confiabilidad<\/p>\n<\/li>\n<li>\n<p class=\"ds-markdown-paragraph\">Implementar sistemas de verificaci\u00f3n V&amp;V<\/p>\n<\/li>\n<li>\n<p class=\"ds-markdown-paragraph\">Mejorar los procesos de gesti\u00f3n del cambio<\/p>\n<\/li>\n<\/ol>\n<p class=\"ds-markdown-paragraph\"><strong>Perspectivas futuras<\/strong>Con los avances en las interfaces cerebro-computadora y la nanorob\u00f3tica, los PCB m\u00e9dicos evolucionar\u00e1n hacia direcciones innovadoras como matrices de electrodos neuronales y circuitos biodegradables, lo que exige una mayor precisi\u00f3n de ensamblaje. Se aconseja a los fabricantes que inviertan en tecnolog\u00edas de empaquetamiento a nivel molecular y circuitos autorreparables.<\/p>\n<p>&nbsp;<\/p>\n<p>&nbsp;<\/p>\n<p>&nbsp;<\/p>","protected":false},"excerpt":{"rendered":"<p>Por lo general, se requiere que los dispositivos m\u00e9dicos que usan PCBA cumplan con estrictos est\u00e1ndares regulatorios para garantizar su seguridad y efectividad.<\/p>","protected":false},"featured_media":2269,"comment_status":"open","ping_status":"closed","template":"","meta":[],"product_brand":[],"product_cat":[116],"product_tag":[210,207,209],"class_list":{"0":"post-2264","1":"product","2":"type-product","3":"status-publish","4":"has-post-thumbnail","6":"product_cat-pcba","7":"product_tag-medical-pcba","8":"product_tag-pcba","9":"product_tag-pcba-for-medical","11":"first","12":"instock","13":"shipping-taxable","14":"product-type-simple"},"yoast_head":"<!-- This site is optimized with the Yoast SEO plugin v25.1 - https:\/\/yoast.com\/wordpress\/plugins\/seo\/ -->\n<title>PCBA For Medical Industry - Topfastpcb<\/title>\n<meta name=\"description\" content=\"Medical devices that use PCBA are typically required to meet strict regulatory standards to ensure their safety and effectiveness.\" \/>\n<meta name=\"robots\" content=\"index, follow, max-snippet:-1, max-image-preview:large, max-video-preview:-1\" \/>\n<link rel=\"canonical\" href=\"https:\/\/www.topfastpcb.com\/es\/products\/pcba-for-medical-industry\/\" \/>\n<meta property=\"og:locale\" content=\"es_ES\" \/>\n<meta property=\"og:type\" content=\"article\" \/>\n<meta property=\"og:title\" content=\"PCBA For Medical Industry - Topfastpcb\" \/>\n<meta property=\"og:description\" content=\"Medical devices that use PCBA are typically required to meet strict regulatory standards to ensure their safety and effectiveness.\" \/>\n<meta property=\"og:url\" content=\"https:\/\/www.topfastpcb.com\/es\/products\/pcba-for-medical-industry\/\" \/>\n<meta property=\"og:site_name\" content=\"Topfastpcb\" \/>\n<meta property=\"article:modified_time\" content=\"2025-05-06T07:59:15+00:00\" \/>\n<meta property=\"og:image\" content=\"https:\/\/www.topfastpcb.com\/wp-content\/uploads\/2025\/04\/pcba13.jpg\" \/>\n\t<meta property=\"og:image:width\" content=\"750\" \/>\n\t<meta property=\"og:image:height\" content=\"750\" \/>\n\t<meta property=\"og:image:type\" content=\"image\/jpeg\" \/>\n<meta name=\"twitter:card\" content=\"summary_large_image\" \/>\n<meta name=\"twitter:label1\" content=\"Tiempo de lectura\" \/>\n\t<meta name=\"twitter:data1\" content=\"4 minutos\" \/>\n<script type=\"application\/ld+json\" class=\"yoast-schema-graph\">{\"@context\":\"https:\/\/schema.org\",\"@graph\":[{\"@type\":\"WebPage\",\"@id\":\"https:\/\/www.topfastpcb.com\/products\/pcba-for-medical-industry\/\",\"url\":\"https:\/\/www.topfastpcb.com\/products\/pcba-for-medical-industry\/\",\"name\":\"PCBA For Medical Industry - Topfastpcb\",\"isPartOf\":{\"@id\":\"https:\/\/www.topfastpcb.com\/#website\"},\"primaryImageOfPage\":{\"@id\":\"https:\/\/www.topfastpcb.com\/products\/pcba-for-medical-industry\/#primaryimage\"},\"image\":{\"@id\":\"https:\/\/www.topfastpcb.com\/products\/pcba-for-medical-industry\/#primaryimage\"},\"thumbnailUrl\":\"https:\/\/www.topfastpcb.com\/wp-content\/uploads\/2025\/04\/pcba13.jpg\",\"datePublished\":\"2025-04-26T09:55:34+00:00\",\"dateModified\":\"2025-05-06T07:59:15+00:00\",\"description\":\"Medical devices that use PCBA are typically required to meet strict regulatory standards to ensure their safety and effectiveness.\",\"breadcrumb\":{\"@id\":\"https:\/\/www.topfastpcb.com\/products\/pcba-for-medical-industry\/#breadcrumb\"},\"inLanguage\":\"es\",\"potentialAction\":[{\"@type\":\"ReadAction\",\"target\":[\"https:\/\/www.topfastpcb.com\/products\/pcba-for-medical-industry\/\"]}]},{\"@type\":\"ImageObject\",\"inLanguage\":\"es\",\"@id\":\"https:\/\/www.topfastpcb.com\/products\/pcba-for-medical-industry\/#primaryimage\",\"url\":\"https:\/\/www.topfastpcb.com\/wp-content\/uploads\/2025\/04\/pcba13.jpg\",\"contentUrl\":\"https:\/\/www.topfastpcb.com\/wp-content\/uploads\/2025\/04\/pcba13.jpg\",\"width\":750,\"height\":750},{\"@type\":\"BreadcrumbList\",\"@id\":\"https:\/\/www.topfastpcb.com\/products\/pcba-for-medical-industry\/#breadcrumb\",\"itemListElement\":[{\"@type\":\"ListItem\",\"position\":1,\"name\":\"\u9996\u9875\",\"item\":\"https:\/\/www.topfastpcb.com\/\"},{\"@type\":\"ListItem\",\"position\":2,\"name\":\"\u5546\u5e97\",\"item\":\"https:\/\/www.topfastpcb.com\/shop\/\"},{\"@type\":\"ListItem\",\"position\":3,\"name\":\"PCBA For Medical Industry\"}]},{\"@type\":\"WebSite\",\"@id\":\"https:\/\/www.topfastpcb.com\/#website\",\"url\":\"https:\/\/www.topfastpcb.com\/\",\"name\":\"Topfastpcb\",\"description\":\"Topfast Prime Choice for Global Electronics Manufacturing\",\"publisher\":{\"@id\":\"https:\/\/www.topfastpcb.com\/#organization\"},\"potentialAction\":[{\"@type\":\"SearchAction\",\"target\":{\"@type\":\"EntryPoint\",\"urlTemplate\":\"https:\/\/www.topfastpcb.com\/?s={search_term_string}\"},\"query-input\":{\"@type\":\"PropertyValueSpecification\",\"valueRequired\":true,\"valueName\":\"search_term_string\"}}],\"inLanguage\":\"es\"},{\"@type\":\"Organization\",\"@id\":\"https:\/\/www.topfastpcb.com\/#organization\",\"name\":\"Topfastpcb\",\"url\":\"https:\/\/www.topfastpcb.com\/\",\"logo\":{\"@type\":\"ImageObject\",\"inLanguage\":\"es\",\"@id\":\"https:\/\/www.topfastpcb.com\/#\/schema\/logo\/image\/\",\"url\":\"https:\/\/www.topfastpcb.com\/wp-content\/uploads\/2026\/02\/cropped-topfast-logo.png\",\"contentUrl\":\"https:\/\/www.topfastpcb.com\/wp-content\/uploads\/2026\/02\/cropped-topfast-logo.png\",\"width\":144,\"height\":56,\"caption\":\"Topfastpcb\"},\"image\":{\"@id\":\"https:\/\/www.topfastpcb.com\/#\/schema\/logo\/image\/\"}}]}<\/script>\n<!-- \/ Yoast SEO plugin. -->","yoast_head_json":{"title":"PCBA For Medical Industry - Topfastpcb","description":"Medical devices that use PCBA are typically required to meet strict regulatory standards to ensure their safety and effectiveness.","robots":{"index":"index","follow":"follow","max-snippet":"max-snippet:-1","max-image-preview":"max-image-preview:large","max-video-preview":"max-video-preview:-1"},"canonical":"https:\/\/www.topfastpcb.com\/es\/products\/pcba-for-medical-industry\/","og_locale":"es_ES","og_type":"article","og_title":"PCBA For Medical Industry - Topfastpcb","og_description":"Medical devices that use PCBA are typically required to meet strict regulatory standards to ensure their safety and effectiveness.","og_url":"https:\/\/www.topfastpcb.com\/es\/products\/pcba-for-medical-industry\/","og_site_name":"Topfastpcb","article_modified_time":"2025-05-06T07:59:15+00:00","og_image":[{"width":750,"height":750,"url":"https:\/\/www.topfastpcb.com\/wp-content\/uploads\/2025\/04\/pcba13.jpg","type":"image\/jpeg"}],"twitter_card":"summary_large_image","twitter_misc":{"Tiempo de lectura":"4 minutos"},"schema":{"@context":"https:\/\/schema.org","@graph":[{"@type":"WebPage","@id":"https:\/\/www.topfastpcb.com\/products\/pcba-for-medical-industry\/","url":"https:\/\/www.topfastpcb.com\/products\/pcba-for-medical-industry\/","name":"PCBA For Medical Industry - Topfastpcb","isPartOf":{"@id":"https:\/\/www.topfastpcb.com\/#website"},"primaryImageOfPage":{"@id":"https:\/\/www.topfastpcb.com\/products\/pcba-for-medical-industry\/#primaryimage"},"image":{"@id":"https:\/\/www.topfastpcb.com\/products\/pcba-for-medical-industry\/#primaryimage"},"thumbnailUrl":"https:\/\/www.topfastpcb.com\/wp-content\/uploads\/2025\/04\/pcba13.jpg","datePublished":"2025-04-26T09:55:34+00:00","dateModified":"2025-05-06T07:59:15+00:00","description":"Medical devices that use PCBA are typically required to meet strict regulatory standards to ensure their safety and effectiveness.","breadcrumb":{"@id":"https:\/\/www.topfastpcb.com\/products\/pcba-for-medical-industry\/#breadcrumb"},"inLanguage":"es","potentialAction":[{"@type":"ReadAction","target":["https:\/\/www.topfastpcb.com\/products\/pcba-for-medical-industry\/"]}]},{"@type":"ImageObject","inLanguage":"es","@id":"https:\/\/www.topfastpcb.com\/products\/pcba-for-medical-industry\/#primaryimage","url":"https:\/\/www.topfastpcb.com\/wp-content\/uploads\/2025\/04\/pcba13.jpg","contentUrl":"https:\/\/www.topfastpcb.com\/wp-content\/uploads\/2025\/04\/pcba13.jpg","width":750,"height":750},{"@type":"BreadcrumbList","@id":"https:\/\/www.topfastpcb.com\/products\/pcba-for-medical-industry\/#breadcrumb","itemListElement":[{"@type":"ListItem","position":1,"name":"\u9996\u9875","item":"https:\/\/www.topfastpcb.com\/"},{"@type":"ListItem","position":2,"name":"\u5546\u5e97","item":"https:\/\/www.topfastpcb.com\/shop\/"},{"@type":"ListItem","position":3,"name":"PCBA For Medical Industry"}]},{"@type":"WebSite","@id":"https:\/\/www.topfastpcb.com\/#website","url":"https:\/\/www.topfastpcb.com\/","name":"Topfastpcb","description":"Topfast Prime Choice for Global Electronics Manufacturing","publisher":{"@id":"https:\/\/www.topfastpcb.com\/#organization"},"potentialAction":[{"@type":"SearchAction","target":{"@type":"EntryPoint","urlTemplate":"https:\/\/www.topfastpcb.com\/?s={search_term_string}"},"query-input":{"@type":"PropertyValueSpecification","valueRequired":true,"valueName":"search_term_string"}}],"inLanguage":"es"},{"@type":"Organization","@id":"https:\/\/www.topfastpcb.com\/#organization","name":"Topfastpcb","url":"https:\/\/www.topfastpcb.com\/","logo":{"@type":"ImageObject","inLanguage":"es","@id":"https:\/\/www.topfastpcb.com\/#\/schema\/logo\/image\/","url":"https:\/\/www.topfastpcb.com\/wp-content\/uploads\/2026\/02\/cropped-topfast-logo.png","contentUrl":"https:\/\/www.topfastpcb.com\/wp-content\/uploads\/2026\/02\/cropped-topfast-logo.png","width":144,"height":56,"caption":"Topfastpcb"},"image":{"@id":"https:\/\/www.topfastpcb.com\/#\/schema\/logo\/image\/"}}]}},"_links":{"self":[{"href":"https:\/\/www.topfastpcb.com\/es\/wp-json\/wp\/v2\/product\/2264","targetHints":{"allow":["GET"]}}],"collection":[{"href":"https:\/\/www.topfastpcb.com\/es\/wp-json\/wp\/v2\/product"}],"about":[{"href":"https:\/\/www.topfastpcb.com\/es\/wp-json\/wp\/v2\/types\/product"}],"replies":[{"embeddable":true,"href":"https:\/\/www.topfastpcb.com\/es\/wp-json\/wp\/v2\/comments?post=2264"}],"wp:featuredmedia":[{"embeddable":true,"href":"https:\/\/www.topfastpcb.com\/es\/wp-json\/wp\/v2\/media\/2269"}],"wp:attachment":[{"href":"https:\/\/www.topfastpcb.com\/es\/wp-json\/wp\/v2\/media?parent=2264"}],"wp:term":[{"taxonomy":"product_brand","embeddable":true,"href":"https:\/\/www.topfastpcb.com\/es\/wp-json\/wp\/v2\/product_brand?post=2264"},{"taxonomy":"product_cat","embeddable":true,"href":"https:\/\/www.topfastpcb.com\/es\/wp-json\/wp\/v2\/product_cat?post=2264"},{"taxonomy":"product_tag","embeddable":true,"href":"https:\/\/www.topfastpcb.com\/es\/wp-json\/wp\/v2\/product_tag?post=2264"}],"curies":[{"name":"wp","href":"https:\/\/api.w.org\/{rel}","templated":true}]}}