{"id":2798,"date":"2025-05-24T15:54:13","date_gmt":"2025-05-24T07:54:13","guid":{"rendered":"https:\/\/www.topfastpcb.com\/?post_type=product&#038;p=2798"},"modified":"2025-05-24T15:56:13","modified_gmt":"2025-05-24T07:56:13","slug":"communication-pcb-assembly","status":"publish","type":"product","link":"https:\/\/www.topfastpcb.com\/es\/products\/communication-pcb-assembly\/","title":{"rendered":"Comunicaci\u00f3n Montaje PCB"},"content":{"rendered":"<div id=\"ez-toc-container\" class=\"ez-toc-v2_0_74 counter-hierarchy ez-toc-counter ez-toc-custom ez-toc-container-direction\">\n<div class=\"ez-toc-title-container\">\n<p class=\"ez-toc-title\" style=\"cursor:inherit\">Tabla de contenidos<\/p>\n<span class=\"ez-toc-title-toggle\"><\/span><\/div>\n<nav><ul class='ez-toc-list ez-toc-list-level-1' ><li class='ez-toc-page-1 ez-toc-heading-level-2'><a class=\"ez-toc-link ez-toc-heading-1\" href=\"https:\/\/www.topfastpcb.com\/es\/products\/communication-pcb-assembly\/#Overview_of_Communication_PCB_Assembly_Products\" >Visi\u00f3n general de los productos de montaje de PCB de comunicaci\u00f3n<\/a><\/li><li class='ez-toc-page-1 ez-toc-heading-level-2'><a class=\"ez-toc-link ez-toc-heading-2\" href=\"https:\/\/www.topfastpcb.com\/es\/products\/communication-pcb-assembly\/#Core_Advantages_of_Our_Communication_PCB_Assembly\" >Principales ventajas de nuestro ensamblaje de PCB de comunicaciones<\/a><ul class='ez-toc-list-level-3' ><li class='ez-toc-heading-level-3'><a class=\"ez-toc-link ez-toc-heading-3\" href=\"https:\/\/www.topfastpcb.com\/es\/products\/communication-pcb-assembly\/#Professional_Technical_Team_Advanced_Manufacturing_Capabilities\" >Equipo t\u00e9cnico profesional y capacidad de fabricaci\u00f3n avanzada<\/a><\/li><li class='ez-toc-page-1 ez-toc-heading-level-3'><a class=\"ez-toc-link ez-toc-heading-4\" href=\"https:\/\/www.topfastpcb.com\/es\/products\/communication-pcb-assembly\/#Comprehensive_One-Stop_Service\" >Servicio integral de ventanilla \u00fanica<\/a><\/li><\/ul><\/li><li class='ez-toc-page-1 ez-toc-heading-level-2'><a class=\"ez-toc-link ez-toc-heading-5\" href=\"https:\/\/www.topfastpcb.com\/es\/products\/communication-pcb-assembly\/#Key_Technical_Features_of_Communication_PCB_Assembly\" >Caracter\u00edsticas t\u00e9cnicas clave del ensamblaje de PCB de comunicaci\u00f3n<\/a><ul class='ez-toc-list-level-3' ><li class='ez-toc-heading-level-3'><a class=\"ez-toc-link ez-toc-heading-6\" href=\"https:\/\/www.topfastpcb.com\/es\/products\/communication-pcb-assembly\/#Superior_High-Frequency_Performance\" >Rendimiento superior en altas frecuencias<\/a><\/li><li class='ez-toc-page-1 ez-toc-heading-level-3'><a class=\"ez-toc-link ez-toc-heading-7\" href=\"https:\/\/www.topfastpcb.com\/es\/products\/communication-pcb-assembly\/#Reliable_Signal_Integrity\" >Integridad de la se\u00f1al fiable<\/a><\/li><li class='ez-toc-page-1 ez-toc-heading-level-3'><a class=\"ez-toc-link ez-toc-heading-8\" href=\"https:\/\/www.topfastpcb.com\/es\/products\/communication-pcb-assembly\/#Robust_Thermal_Management\" >Gesti\u00f3n t\u00e9rmica robusta<\/a><\/li><li class='ez-toc-page-1 ez-toc-heading-level-3'><a class=\"ez-toc-link ez-toc-heading-9\" href=\"https:\/\/www.topfastpcb.com\/es\/products\/communication-pcb-assembly\/#Applications_of_Communication_PCB_Assembly\" >Aplicaciones del ensamblaje de PCB de comunicaci\u00f3n<\/a><\/li><\/ul><\/li><li class='ez-toc-page-1 ez-toc-heading-level-2'><a class=\"ez-toc-link ez-toc-heading-10\" href=\"https:\/\/www.topfastpcb.com\/es\/products\/communication-pcb-assembly\/#Custom_Communication_PCB_Assembly_Services\" >Servicios de montaje de PCB de comunicaci\u00f3n personalizados<\/a><\/li><li class='ez-toc-page-1 ez-toc-heading-level-2'><a class=\"ez-toc-link ez-toc-heading-11\" href=\"https:\/\/www.topfastpcb.com\/es\/products\/communication-pcb-assembly\/#Quality_Assurance_After-Sales_Support\" >Garant\u00eda de calidad y asistencia posventa<\/a><\/li><li class='ez-toc-page-1 ez-toc-heading-level-2'><a class=\"ez-toc-link ez-toc-heading-12\" href=\"https:\/\/www.topfastpcb.com\/es\/products\/communication-pcb-assembly\/#Why_Choose_Our_Communication_PCB_Assembly_Solutions\" >\u00bfPor qu\u00e9 elegir nuestras soluciones de montaje de PCB de comunicaci\u00f3n?<\/a><\/li><\/ul><\/nav><\/div>\n\n<p>Como proveedor l\u00edder de soluciones integrales para el ensamblaje de PCB de comunicaciones, nos especializamos en servicios integrales de fabricaci\u00f3n, desde el dise\u00f1o hasta la producci\u00f3n. Nuestros productos de montaje de PCB de comunicaci\u00f3n son ampliamente utilizados en equipos de comunicaci\u00f3n 4G\/5G, conmutadores de red, routers y varios m\u00f3dulos de comunicaci\u00f3n inteligentes, sirviendo como componentes b\u00e1sicos en la infraestructura de telecomunicaciones moderna.<\/p>\n<h2><span class=\"ez-toc-section\" id=\"Overview_of_Communication_PCB_Assembly_Products\"><\/span>Visi\u00f3n general de los productos de montaje de PCB de comunicaci\u00f3n<span class=\"ez-toc-section-end\"><\/span><\/h2>\n<p>Nuestros conjuntos de PCB de comunicaci\u00f3n de 16 capas se fabrican con materiales FR-4 de alta calidad y procesos avanzados, lo que proporciona un excelente rendimiento de alta frecuencia e integridad de la se\u00f1al para cumplir los estrictos requisitos de las aplicaciones de gama alta, como los m\u00f3dulos AI Android. Cada producto se somete a las pruebas electr\u00f3nicas 100% para garantizar los m\u00e1s altos est\u00e1ndares de fiabilidad antes de su entrega.<\/p>\n<h2><span class=\"ez-toc-section\" id=\"Core_Advantages_of_Our_Communication_PCB_Assembly\"><\/span>Principales ventajas de nuestra comunicaci\u00f3n <a href=\"https:\/\/www.topfastpcb.com\/es\/products\/category\/pcba\/\">Ensamblaje de PCB<\/a><span class=\"ez-toc-section-end\"><\/span><\/h2>\n<h3><span class=\"ez-toc-section\" id=\"Professional_Technical_Team_Advanced_Manufacturing_Capabilities\"><\/span>Equipo t\u00e9cnico profesional y capacidad de fabricaci\u00f3n avanzada<span class=\"ez-toc-section-end\"><\/span><\/h3>\n<p>Contamos con un experimentado equipo de ingenieros de dise\u00f1o de PCB de comunicaciones y modernas l\u00edneas de producci\u00f3n capaces de gestionar diversas necesidades de montaje de PCB de comunicaciones, desde simples placas de una sola capa hasta complejos dise\u00f1os multicapa. Nuestros puntos fuertes t\u00e9cnicos incluyen:<\/p>\n<p><strong>Experiencia en dise\u00f1o de alta frecuencia:<\/strong> Dominio del dise\u00f1o de circuitos en la banda de microondas (700 MHz-5 GHz) para un rendimiento \u00f3ptimo de los dispositivos 5G.<br \/>\n<strong>Mecanizado de precisi\u00f3n:<\/strong> Apertura m\u00ednima de **0,2 mm**, ancho\/espacio de traza de **4-6 mil**, compatible con interconexiones de alta densidad.<br \/>\n<strong>M\u00faltiples acabados de superficie:<\/strong> Las opciones incluyen **HASL (sin plomo), ENIG (oro de inmersi\u00f3n), OSP y plata de inmersi\u00f3n**.<br \/>\n<strong>Estricto control de calidad:<\/strong> Control de calidad de todo el proceso, desde las materias primas hasta los productos acabados.<\/p>\n<h3><span class=\"ez-toc-section\" id=\"Comprehensive_One-Stop_Service\"><\/span>Servicio integral de ventanilla \u00fanica<span class=\"ez-toc-section-end\"><\/span><\/h3>\n<p>Ofrecemos un verdadero <a href=\"https:\/\/www.topfastpcb.com\/es\/\">soluci\u00f3n integral<\/a> para el montaje de placas de circuito impreso de comunicaciones, cubriendo:<\/p>\n<p>1. Apoyo al dise\u00f1o: Dise\u00f1o esquem\u00e1tico, disposici\u00f3n de PCB y an\u00e1lisis de integridad de la se\u00f1al adaptados a las necesidades del cliente.<br \/>\n2. Fabricaci\u00f3n flexible: De la creaci\u00f3n r\u00e1pida de prototipos a la producci\u00f3n a gran escala.<br \/>\n3. Selecci\u00f3n de materiales: FR-4 est\u00e1ndar a materiales de alta frecuencia como Rogers y Taconic.<br \/>\n4. Servicios completos de montaje: SMT, THT y pruebas de sistema completo.<br \/>\n5. Log\u00edstica mundial: Embalaje seguro y env\u00edo a todo el mundo para una entrega puntual.<\/p>\n<h2><img loading=\"lazy\" decoding=\"async\" src=\"https:\/\/www.topfastpcb.com\/wp-content\/uploads\/2025\/05\/Communication-PCB-Assembly.jpg\" alt=\"Comunicaci\u00f3n Montaje PCB\" width=\"600\" height=\"402\" class=\"aligncenter size-full wp-image-2799\" srcset=\"https:\/\/www.topfastpcb.com\/wp-content\/uploads\/2025\/05\/Communication-PCB-Assembly.jpg 600w, https:\/\/www.topfastpcb.com\/wp-content\/uploads\/2025\/05\/Communication-PCB-Assembly-300x201.jpg 300w, https:\/\/www.topfastpcb.com\/wp-content\/uploads\/2025\/05\/Communication-PCB-Assembly-18x12.jpg 18w\" sizes=\"auto, (max-width: 600px) 100vw, 600px\" \/><\/h2>\n<h2><span class=\"ez-toc-section\" id=\"Key_Technical_Features_of_Communication_PCB_Assembly\"><\/span>Caracter\u00edsticas t\u00e9cnicas clave del ensamblaje de PCB de comunicaci\u00f3n<span class=\"ez-toc-section-end\"><\/span><\/h2>\n<h3><span class=\"ez-toc-section\" id=\"Superior_High-Frequency_Performance\"><\/span>Rendimiento superior en altas frecuencias<span class=\"ez-toc-section-end\"><\/span><\/h3>\n<p>Nuestros productos utilizan dise\u00f1os y materiales especializados para garantizar unas caracter\u00edsticas de alta frecuencia excepcionales:<br \/>\nLaminados de bajas p\u00e9rdidas (por ejemplo, Rogers serie RO4000).<br \/>\nControl preciso de la impedancia (tolerancia \u00b15%).<br \/>\nDise\u00f1o de apilamiento optimizado para minimizar la diafon\u00eda.<br \/>\nBlindaje EMI avanzado para reducir las interferencias de radiofrecuencia.<\/p>\n<h3><span class=\"ez-toc-section\" id=\"Reliable_Signal_Integrity\"><\/span>Integridad de la se\u00f1al fiable<span class=\"ez-toc-section-end\"><\/span><\/h3>\n<p>Para aplicaciones de comunicaci\u00f3n de alta velocidad, destacamos:<br \/>\nEstricta coincidencia de longitud de traza (\u00b150ps de desviaci\u00f3n).<br \/>\nDise\u00f1o optimizado de PDN (Power Delivery Network).<br \/>\nT\u00e9cnicas de enrutamiento de pares diferenciales.<br \/>\nEstrategias integrales de plano de tierra.<\/p>\n<h3><span class=\"ez-toc-section\" id=\"Robust_Thermal_Management\"><\/span>Gesti\u00f3n t\u00e9rmica robusta<span class=\"ez-toc-section-end\"><\/span><\/h3>\n<p>Para dispositivos de comunicaci\u00f3n de alta potencia, nuestras soluciones de montaje de placas de circuito impreso ofrecen:<br \/>\nMateriales de alta conductividad t\u00e9rmica.<br \/>\nUbicaci\u00f3n optimizada de los componentes para disipar el calor.<br \/>\nMatrices de v\u00edas t\u00e9rmicas.<br \/>\nComponentes resistentes a altas temperaturas.<\/p>\n<h3><span class=\"ez-toc-section\" id=\"Applications_of_Communication_PCB_Assembly\"><\/span>Aplicaciones del ensamblaje de PCB de comunicaci\u00f3n<span class=\"ez-toc-section-end\"><\/span><\/h3>\n<p>Nuestros productos se utilizan ampliamente en diversos dispositivos de comunicaci\u00f3n:<\/p>\n<p>1. Sistemas de comunicaci\u00f3n inal\u00e1mbrica: Estaciones base 5G, small cells, equipos de transmisi\u00f3n por microondas.<br \/>\n2. Infraestructura de red: Enrutadores centrales, conmutadores de borde, dispositivos ONU\/OLT.<br \/>\n3. Dispositivos terminales: Smartphones, CPEs, m\u00f3dulos de comunicaci\u00f3n IoT.<br \/>\n4. Equipos de comunicaci\u00f3n especializados: Radios militares, comunicaci\u00f3n de aviaci\u00f3n, sistemas mar\u00edtimos.<\/p>\n<h2><span class=\"ez-toc-section\" id=\"Custom_Communication_PCB_Assembly_Services\"><\/span>Servicios de montaje de PCB de comunicaci\u00f3n personalizados<span class=\"ez-toc-section-end\"><\/span><\/h2>\n<p>Comprendemos las necesidades espec\u00edficas de las distintas aplicaciones de comunicaci\u00f3n y ofrecemos una personalizaci\u00f3n completa:<\/p>\n<p>Selecci\u00f3n del material: Recomendar el mejor sustrato en funci\u00f3n de la frecuencia y las condiciones ambientales.<br \/>\nPersonalizaci\u00f3n de capas: Opciones flexibles desde **una capa hasta m\u00e1s de 20 capas**.<br \/>\nProcesos especiales: Placas h\u00edbridas, cobre pesado, PCB r\u00edgido-flexible.<br \/>\nApoyo a la certificaci\u00f3n: Asistencia con **CE, FCC y otras certificaciones del sector**.<\/p>\n<h2><span class=\"ez-toc-section\" id=\"Quality_Assurance_After-Sales_Support\"><\/span>Garant\u00eda de calidad y asistencia posventa<span class=\"ez-toc-section-end\"><\/span><\/h2>\n<p>Garantizamos la m\u00e1xima calidad en los montajes de placas de circuito impreso para comunicaciones:<\/p>\n<p>Cobertura de pruebas el\u00e9ctricas 100%.<br \/>\nCumplimiento de las normas IPC-A-600 Clase 3.<br \/>\nPruebas exhaustivas de fiabilidad (ciclos t\u00e9rmicos, pruebas de vibraci\u00f3n).<br \/>\nAsistencia t\u00e9cnica dedicada para consultas de dise\u00f1o y an\u00e1lisis de fallos.<br \/>\nRespuesta r\u00e1pida a las necesidades de los clientes con mejoras continuas de los procesos.<\/p>\n<h2><span class=\"ez-toc-section\" id=\"Why_Choose_Our_Communication_PCB_Assembly_Solutions\"><\/span>\u00bfPor qu\u00e9 elegir nuestras soluciones de montaje de PCB de comunicaci\u00f3n?<span class=\"ez-toc-section-end\"><\/span><\/h2>\n<p>Como proveedor profesional de ensamblaje de placas de circuito impreso para comunicaciones, nuestros elementos diferenciadores clave incluyen:<\/p>\n<p>1. Experiencia en el sector: M\u00e1s de 10 a\u00f1os especializado en placas de circuito impreso de comunicaciones.<br \/>\n2. Liderazgo t\u00e9cnico: I+D continua en placas de circuito impreso de alta frecuencia y velocidad.<br \/>\n3. Modelo de servicio flexible: Transici\u00f3n fluida de los prototipos a la producci\u00f3n en serie.<br \/>\n4. 4. Precios competitivos: Cadena de suministro optimizada para la eficiencia de costes.<br \/>\n5. Entrega fiable: 95 %+ tasa de entrega a tiempo.<\/p>\n<p>Tanto si est\u00e1 desarrollando dispositivos 5G de nueva generaci\u00f3n como actualizando productos de comunicaci\u00f3n existentes, nuestras soluciones de ensamblaje de PCB de comunicaci\u00f3n ofrecen asistencia experta. P\u00f3ngase en contacto con nosotros para obtener m\u00e1s informaci\u00f3n y asesoramiento t\u00e9cnico.<\/p>\n<p>&nbsp;<\/p>","protected":false},"excerpt":{"rendered":"<p>Proveedor profesional de servicios integrales de montaje de PCB de comunicaciones especializado en placas de circuito 4G\/5G de alta frecuencia y alto rendimiento. PCB FR-4 de 6 capas, tama\u00f1o de orificio m\u00ednimo de 0,2 mm, acabados ENIG\/plata de inmersi\u00f3n y pruebas electr\u00f3nicas 100%. Soluciones personalizadas, entrega r\u00e1pida: su socio de confianza para PCB de comunicaciones.<\/p>","protected":false},"featured_media":2800,"comment_status":"closed","ping_status":"closed","template":"","meta":[],"product_brand":[],"product_cat":[116],"product_tag":[255,231],"class_list":{"0":"post-2798","1":"product","2":"type-product","3":"status-publish","4":"has-post-thumbnail","6":"product_cat-pcba","7":"product_tag-communication-pcb-assembly","8":"product_tag-pcb-assembly","10":"first","11":"instock","12":"shipping-taxable","13":"product-type-simple"},"yoast_head":"<!-- This site is optimized with the Yoast SEO plugin v25.1 - https:\/\/yoast.com\/wordpress\/plugins\/seo\/ -->\n<title>Communication PCB Assembly - Topfastpcb<\/title>\n<meta name=\"description\" content=\"Professional communication PCB assembly one-stop service provider specializing in high-frequency, high-performance 4G\/5G circuit boards. Features 6-layer FR-4 PCBs, 0.2mm min. hole size, ENIG\/Immersion Silver finishes, and 100% electronic testing. Custom solutions, fast delivery\u2014your trusted communication PCB partner.\" \/>\n<meta name=\"robots\" content=\"index, follow, max-snippet:-1, max-image-preview:large, max-video-preview:-1\" \/>\n<link rel=\"canonical\" href=\"https:\/\/www.topfastpcb.com\/es\/products\/communication-pcb-assembly\/\" \/>\n<meta property=\"og:locale\" content=\"es_ES\" \/>\n<meta property=\"og:type\" content=\"article\" \/>\n<meta property=\"og:title\" content=\"Communication PCB Assembly - Topfastpcb\" \/>\n<meta property=\"og:description\" content=\"Professional communication PCB assembly one-stop service provider specializing in high-frequency, high-performance 4G\/5G circuit boards. Features 6-layer FR-4 PCBs, 0.2mm min. hole size, ENIG\/Immersion Silver finishes, and 100% electronic testing. Custom solutions, fast delivery\u2014your trusted communication PCB partner.\" \/>\n<meta property=\"og:url\" content=\"https:\/\/www.topfastpcb.com\/es\/products\/communication-pcb-assembly\/\" \/>\n<meta property=\"og:site_name\" content=\"Topfastpcb\" \/>\n<meta property=\"article:modified_time\" content=\"2025-05-24T07:56:13+00:00\" \/>\n<meta property=\"og:image\" content=\"https:\/\/www.topfastpcb.com\/wp-content\/uploads\/2025\/05\/pcba-3.jpg\" \/>\n\t<meta property=\"og:image:width\" content=\"750\" \/>\n\t<meta property=\"og:image:height\" content=\"750\" \/>\n\t<meta property=\"og:image:type\" content=\"image\/jpeg\" \/>\n<meta name=\"twitter:card\" content=\"summary_large_image\" \/>\n<meta name=\"twitter:label1\" content=\"Tiempo de lectura\" \/>\n\t<meta name=\"twitter:data1\" content=\"4 minutos\" \/>\n<script type=\"application\/ld+json\" class=\"yoast-schema-graph\">{\"@context\":\"https:\/\/schema.org\",\"@graph\":[{\"@type\":\"WebPage\",\"@id\":\"https:\/\/www.topfastpcb.com\/products\/communication-pcb-assembly\/\",\"url\":\"https:\/\/www.topfastpcb.com\/products\/communication-pcb-assembly\/\",\"name\":\"Communication PCB Assembly - Topfastpcb\",\"isPartOf\":{\"@id\":\"https:\/\/www.topfastpcb.com\/#website\"},\"primaryImageOfPage\":{\"@id\":\"https:\/\/www.topfastpcb.com\/products\/communication-pcb-assembly\/#primaryimage\"},\"image\":{\"@id\":\"https:\/\/www.topfastpcb.com\/products\/communication-pcb-assembly\/#primaryimage\"},\"thumbnailUrl\":\"https:\/\/www.topfastpcb.com\/wp-content\/uploads\/2025\/05\/pcba-3.jpg\",\"datePublished\":\"2025-05-24T07:54:13+00:00\",\"dateModified\":\"2025-05-24T07:56:13+00:00\",\"description\":\"Professional communication PCB assembly one-stop service provider specializing in high-frequency, high-performance 4G\/5G circuit boards. Features 6-layer FR-4 PCBs, 0.2mm min. hole size, ENIG\/Immersion Silver finishes, and 100% electronic testing. Custom solutions, fast delivery\u2014your trusted communication PCB partner.\",\"breadcrumb\":{\"@id\":\"https:\/\/www.topfastpcb.com\/products\/communication-pcb-assembly\/#breadcrumb\"},\"inLanguage\":\"es\",\"potentialAction\":[{\"@type\":\"ReadAction\",\"target\":[\"https:\/\/www.topfastpcb.com\/products\/communication-pcb-assembly\/\"]}]},{\"@type\":\"ImageObject\",\"inLanguage\":\"es\",\"@id\":\"https:\/\/www.topfastpcb.com\/products\/communication-pcb-assembly\/#primaryimage\",\"url\":\"https:\/\/www.topfastpcb.com\/wp-content\/uploads\/2025\/05\/pcba-3.jpg\",\"contentUrl\":\"https:\/\/www.topfastpcb.com\/wp-content\/uploads\/2025\/05\/pcba-3.jpg\",\"width\":750,\"height\":750},{\"@type\":\"BreadcrumbList\",\"@id\":\"https:\/\/www.topfastpcb.com\/products\/communication-pcb-assembly\/#breadcrumb\",\"itemListElement\":[{\"@type\":\"ListItem\",\"position\":1,\"name\":\"\u9996\u9875\",\"item\":\"https:\/\/www.topfastpcb.com\/\"},{\"@type\":\"ListItem\",\"position\":2,\"name\":\"\u5546\u5e97\",\"item\":\"https:\/\/www.topfastpcb.com\/shop\/\"},{\"@type\":\"ListItem\",\"position\":3,\"name\":\"Communication PCB Assembly\"}]},{\"@type\":\"WebSite\",\"@id\":\"https:\/\/www.topfastpcb.com\/#website\",\"url\":\"https:\/\/www.topfastpcb.com\/\",\"name\":\"Topfastpcb\",\"description\":\"Topfast Prime Choice for Global Electronics Manufacturing\",\"publisher\":{\"@id\":\"https:\/\/www.topfastpcb.com\/#organization\"},\"potentialAction\":[{\"@type\":\"SearchAction\",\"target\":{\"@type\":\"EntryPoint\",\"urlTemplate\":\"https:\/\/www.topfastpcb.com\/?s={search_term_string}\"},\"query-input\":{\"@type\":\"PropertyValueSpecification\",\"valueRequired\":true,\"valueName\":\"search_term_string\"}}],\"inLanguage\":\"es\"},{\"@type\":\"Organization\",\"@id\":\"https:\/\/www.topfastpcb.com\/#organization\",\"name\":\"Topfastpcb\",\"url\":\"https:\/\/www.topfastpcb.com\/\",\"logo\":{\"@type\":\"ImageObject\",\"inLanguage\":\"es\",\"@id\":\"https:\/\/www.topfastpcb.com\/#\/schema\/logo\/image\/\",\"url\":\"https:\/\/www.topfastpcb.com\/wp-content\/uploads\/2026\/02\/cropped-topfast-logo.png\",\"contentUrl\":\"https:\/\/www.topfastpcb.com\/wp-content\/uploads\/2026\/02\/cropped-topfast-logo.png\",\"width\":144,\"height\":56,\"caption\":\"Topfastpcb\"},\"image\":{\"@id\":\"https:\/\/www.topfastpcb.com\/#\/schema\/logo\/image\/\"}}]}<\/script>\n<!-- \/ Yoast SEO plugin. -->","yoast_head_json":{"title":"Communication PCB Assembly - Topfastpcb","description":"Professional communication PCB assembly one-stop service provider specializing in high-frequency, high-performance 4G\/5G circuit boards. Features 6-layer FR-4 PCBs, 0.2mm min. hole size, ENIG\/Immersion Silver finishes, and 100% electronic testing. Custom solutions, fast delivery\u2014your trusted communication PCB partner.","robots":{"index":"index","follow":"follow","max-snippet":"max-snippet:-1","max-image-preview":"max-image-preview:large","max-video-preview":"max-video-preview:-1"},"canonical":"https:\/\/www.topfastpcb.com\/es\/products\/communication-pcb-assembly\/","og_locale":"es_ES","og_type":"article","og_title":"Communication PCB Assembly - Topfastpcb","og_description":"Professional communication PCB assembly one-stop service provider specializing in high-frequency, high-performance 4G\/5G circuit boards. Features 6-layer FR-4 PCBs, 0.2mm min. hole size, ENIG\/Immersion Silver finishes, and 100% electronic testing. Custom solutions, fast delivery\u2014your trusted communication PCB partner.","og_url":"https:\/\/www.topfastpcb.com\/es\/products\/communication-pcb-assembly\/","og_site_name":"Topfastpcb","article_modified_time":"2025-05-24T07:56:13+00:00","og_image":[{"width":750,"height":750,"url":"https:\/\/www.topfastpcb.com\/wp-content\/uploads\/2025\/05\/pcba-3.jpg","type":"image\/jpeg"}],"twitter_card":"summary_large_image","twitter_misc":{"Tiempo de lectura":"4 minutos"},"schema":{"@context":"https:\/\/schema.org","@graph":[{"@type":"WebPage","@id":"https:\/\/www.topfastpcb.com\/products\/communication-pcb-assembly\/","url":"https:\/\/www.topfastpcb.com\/products\/communication-pcb-assembly\/","name":"Communication PCB Assembly - Topfastpcb","isPartOf":{"@id":"https:\/\/www.topfastpcb.com\/#website"},"primaryImageOfPage":{"@id":"https:\/\/www.topfastpcb.com\/products\/communication-pcb-assembly\/#primaryimage"},"image":{"@id":"https:\/\/www.topfastpcb.com\/products\/communication-pcb-assembly\/#primaryimage"},"thumbnailUrl":"https:\/\/www.topfastpcb.com\/wp-content\/uploads\/2025\/05\/pcba-3.jpg","datePublished":"2025-05-24T07:54:13+00:00","dateModified":"2025-05-24T07:56:13+00:00","description":"Professional communication PCB assembly one-stop service provider specializing in high-frequency, high-performance 4G\/5G circuit boards. Features 6-layer FR-4 PCBs, 0.2mm min. hole size, ENIG\/Immersion Silver finishes, and 100% electronic testing. Custom solutions, fast delivery\u2014your trusted communication PCB partner.","breadcrumb":{"@id":"https:\/\/www.topfastpcb.com\/products\/communication-pcb-assembly\/#breadcrumb"},"inLanguage":"es","potentialAction":[{"@type":"ReadAction","target":["https:\/\/www.topfastpcb.com\/products\/communication-pcb-assembly\/"]}]},{"@type":"ImageObject","inLanguage":"es","@id":"https:\/\/www.topfastpcb.com\/products\/communication-pcb-assembly\/#primaryimage","url":"https:\/\/www.topfastpcb.com\/wp-content\/uploads\/2025\/05\/pcba-3.jpg","contentUrl":"https:\/\/www.topfastpcb.com\/wp-content\/uploads\/2025\/05\/pcba-3.jpg","width":750,"height":750},{"@type":"BreadcrumbList","@id":"https:\/\/www.topfastpcb.com\/products\/communication-pcb-assembly\/#breadcrumb","itemListElement":[{"@type":"ListItem","position":1,"name":"\u9996\u9875","item":"https:\/\/www.topfastpcb.com\/"},{"@type":"ListItem","position":2,"name":"\u5546\u5e97","item":"https:\/\/www.topfastpcb.com\/shop\/"},{"@type":"ListItem","position":3,"name":"Communication PCB Assembly"}]},{"@type":"WebSite","@id":"https:\/\/www.topfastpcb.com\/#website","url":"https:\/\/www.topfastpcb.com\/","name":"Topfastpcb","description":"Topfast Prime Choice for Global Electronics Manufacturing","publisher":{"@id":"https:\/\/www.topfastpcb.com\/#organization"},"potentialAction":[{"@type":"SearchAction","target":{"@type":"EntryPoint","urlTemplate":"https:\/\/www.topfastpcb.com\/?s={search_term_string}"},"query-input":{"@type":"PropertyValueSpecification","valueRequired":true,"valueName":"search_term_string"}}],"inLanguage":"es"},{"@type":"Organization","@id":"https:\/\/www.topfastpcb.com\/#organization","name":"Topfastpcb","url":"https:\/\/www.topfastpcb.com\/","logo":{"@type":"ImageObject","inLanguage":"es","@id":"https:\/\/www.topfastpcb.com\/#\/schema\/logo\/image\/","url":"https:\/\/www.topfastpcb.com\/wp-content\/uploads\/2026\/02\/cropped-topfast-logo.png","contentUrl":"https:\/\/www.topfastpcb.com\/wp-content\/uploads\/2026\/02\/cropped-topfast-logo.png","width":144,"height":56,"caption":"Topfastpcb"},"image":{"@id":"https:\/\/www.topfastpcb.com\/#\/schema\/logo\/image\/"}}]}},"_links":{"self":[{"href":"https:\/\/www.topfastpcb.com\/es\/wp-json\/wp\/v2\/product\/2798","targetHints":{"allow":["GET"]}}],"collection":[{"href":"https:\/\/www.topfastpcb.com\/es\/wp-json\/wp\/v2\/product"}],"about":[{"href":"https:\/\/www.topfastpcb.com\/es\/wp-json\/wp\/v2\/types\/product"}],"replies":[{"embeddable":true,"href":"https:\/\/www.topfastpcb.com\/es\/wp-json\/wp\/v2\/comments?post=2798"}],"wp:featuredmedia":[{"embeddable":true,"href":"https:\/\/www.topfastpcb.com\/es\/wp-json\/wp\/v2\/media\/2800"}],"wp:attachment":[{"href":"https:\/\/www.topfastpcb.com\/es\/wp-json\/wp\/v2\/media?parent=2798"}],"wp:term":[{"taxonomy":"product_brand","embeddable":true,"href":"https:\/\/www.topfastpcb.com\/es\/wp-json\/wp\/v2\/product_brand?post=2798"},{"taxonomy":"product_cat","embeddable":true,"href":"https:\/\/www.topfastpcb.com\/es\/wp-json\/wp\/v2\/product_cat?post=2798"},{"taxonomy":"product_tag","embeddable":true,"href":"https:\/\/www.topfastpcb.com\/es\/wp-json\/wp\/v2\/product_tag?post=2798"}],"curies":[{"name":"wp","href":"https:\/\/api.w.org\/{rel}","templated":true}]}}