{"id":2981,"date":"2025-05-30T10:38:29","date_gmt":"2025-05-30T02:38:29","guid":{"rendered":"https:\/\/www.topfastpcb.com\/?post_type=product&#038;p=2981"},"modified":"2025-05-30T10:38:29","modified_gmt":"2025-05-30T02:38:29","slug":"automotive-pcb-assembly","status":"publish","type":"product","link":"https:\/\/www.topfastpcb.com\/es\/products\/automotive-pcb-assembly\/","title":{"rendered":"Montaje de PCB para automoci\u00f3n"},"content":{"rendered":"<p>Con 17 a\u00f1os de profunda experiencia en el sector de las placas de circuito impreso, <a href=\"https:\/\/www.topfastpcb.com\/es\/\">Topfast<\/a> entiende los retos exclusivos de la fabricaci\u00f3n de PCBA para electr\u00f3nica de automoci\u00f3n. Desde ECU para motores hasta sistemas de conducci\u00f3n aut\u00f3noma, proporcionamos soluciones de circuitos altamente fiables para marcas de automoci\u00f3n de todo el mundo, garantizando que sus dise\u00f1os de electr\u00f3nica de automoci\u00f3n est\u00e9n libres de preocupaciones.<\/p>\n<div id=\"ez-toc-container\" class=\"ez-toc-v2_0_74 counter-hierarchy ez-toc-counter ez-toc-custom ez-toc-container-direction\">\n<div class=\"ez-toc-title-container\">\n<p class=\"ez-toc-title\" style=\"cursor:inherit\">Tabla de contenidos<\/p>\n<span class=\"ez-toc-title-toggle\"><\/span><\/div>\n<nav><ul class='ez-toc-list ez-toc-list-level-1' ><li class='ez-toc-page-1 ez-toc-heading-level-2'><a class=\"ez-toc-link ez-toc-heading-1\" href=\"https:\/\/www.topfastpcb.com\/es\/products\/automotive-pcb-assembly\/#Why_Do_Global_Automakers_Choose_Topfast\" >\u00bfPor qu\u00e9 los fabricantes de autom\u00f3viles de todo el mundo eligen Topfast?<\/a><\/li><li class='ez-toc-page-1 ez-toc-heading-level-2'><a class=\"ez-toc-link ez-toc-heading-2\" href=\"https:\/\/www.topfastpcb.com\/es\/products\/automotive-pcb-assembly\/#Our_Automotive_Electronics_Manufacturing_Advantages\" >Nuestras ventajas en la fabricaci\u00f3n de electr\u00f3nica de automoci\u00f3n<\/a><ul class='ez-toc-list-level-3' ><li class='ez-toc-heading-level-3'><a class=\"ez-toc-link ez-toc-heading-3\" href=\"https:\/\/www.topfastpcb.com\/es\/products\/automotive-pcb-assembly\/#1_Production_Lines_Specifically_Designed_for_Automotive_Electronics\" >1. L\u00edneas de producci\u00f3n dise\u00f1adas espec\u00edficamente para electr\u00f3nica de automoci\u00f3n<\/a><\/li><li class='ez-toc-page-1 ez-toc-heading-level-3'><a class=\"ez-toc-link ez-toc-heading-4\" href=\"https:\/\/www.topfastpcb.com\/es\/products\/automotive-pcb-assembly\/#2_Quality_Standards_Exceeding_Industry_Requirements\" >2. Normas de calidad que superan los requisitos del sector<\/a><\/li><li class='ez-toc-page-1 ez-toc-heading-level-3'><a class=\"ez-toc-link ez-toc-heading-5\" href=\"https:\/\/www.topfastpcb.com\/es\/products\/automotive-pcb-assembly\/#3_Solving_Special_Challenges_in_Automotive_Electronics\" >3. Resolver retos especiales en la electr\u00f3nica del autom\u00f3vil<\/a><\/li><\/ul><\/li><li class='ez-toc-page-1 ez-toc-heading-level-2'><a class=\"ez-toc-link ez-toc-heading-6\" href=\"https:\/\/www.topfastpcb.com\/es\/products\/automotive-pcb-assembly\/#Automotive_Electronics_Success_Stories\" >\u00c9xitos de la electr\u00f3nica de automoci\u00f3n<\/a><\/li><li class='ez-toc-page-1 ez-toc-heading-level-2'><a class=\"ez-toc-link ez-toc-heading-7\" href=\"https:\/\/www.topfastpcb.com\/es\/products\/automotive-pcb-assembly\/#Exclusive_Automotive_Electronics_Service_Packages\" >Paquetes exclusivos de servicios de electr\u00f3nica del autom\u00f3vil<\/a><\/li><\/ul><\/nav><\/div>\n\n<h2><span class=\"ez-toc-section\" id=\"Why_Do_Global_Automakers_Choose_Topfast\"><\/span>\u00bfPor qu\u00e9 los fabricantes de autom\u00f3viles de todo el mundo eligen Topfast?<span class=\"ez-toc-section-end\"><\/span><\/h2>\n<p><strong>17 a\u00f1os de experiencia en la fabricaci\u00f3n de autom\u00f3viles:<\/strong> Desde nuestra fundaci\u00f3n en 2008, hemos suministrado servicios de PCBA a marcas de automoci\u00f3n, incluida Mitsubishi, y hemos producido m\u00e1s de 2 millones de metros cuadrados de placas de circuitos de calidad automovil\u00edstica. El a\u00f1o pasado, el sistema de infoentretenimiento de uno de nuestros clientes <a href=\"https:\/\/www.topfastpcb.com\/es\/products\/category\/pcba\/\">PCBA<\/a> logr\u00f3 una tasa de defectos de cero PPM (partes por mill\u00f3n).<\/p>\n<p><strong>Aut\u00e9ntica soluci\u00f3n electr\u00f3nica integral para el autom\u00f3vil<\/strong><br \/>\n<strong>Consulta sobre dise\u00f1o<\/strong>: Un equipo t\u00e9cnico con m\u00e1s de 20 a\u00f1os de experiencia ayuda a evitar errores de dise\u00f1o<br \/>\n<strong>Selecci\u00f3n de materiales<\/strong>: Utilice \u00fanicamente materiales para automoci\u00f3n conformes con la norma AEC-Q200.<br \/>\n<strong>Fabricaci\u00f3n de precisi\u00f3n<\/strong>: Precisi\u00f3n de control del circuito de \u00b125\u03bcm<br \/>\n<strong>Pruebas rigurosas<\/strong>: 100% cumple las normas IPC-6012DA Clase 3<\/p>\n<p><img loading=\"lazy\" decoding=\"async\" src=\"https:\/\/www.topfastpcb.com\/wp-content\/uploads\/2025\/05\/Automotive-PCB-Assembly.jpg\" alt=\"Montaje de PCB para automoci\u00f3n\" width=\"600\" height=\"402\" class=\"aligncenter size-full wp-image-2982\" srcset=\"https:\/\/www.topfastpcb.com\/wp-content\/uploads\/2025\/05\/Automotive-PCB-Assembly.jpg 600w, https:\/\/www.topfastpcb.com\/wp-content\/uploads\/2025\/05\/Automotive-PCB-Assembly-300x201.jpg 300w, https:\/\/www.topfastpcb.com\/wp-content\/uploads\/2025\/05\/Automotive-PCB-Assembly-18x12.jpg 18w\" sizes=\"auto, (max-width: 600px) 100vw, 600px\" \/><\/p>\n<h2><span class=\"ez-toc-section\" id=\"Our_Automotive_Electronics_Manufacturing_Advantages\"><\/span>Nuestras ventajas en la fabricaci\u00f3n de electr\u00f3nica de automoci\u00f3n<span class=\"ez-toc-section-end\"><\/span><\/h2>\n<h3><span class=\"ez-toc-section\" id=\"1_Production_Lines_Specifically_Designed_for_Automotive_Electronics\"><\/span>1. L\u00edneas de producci\u00f3n dise\u00f1adas espec\u00edficamente para electr\u00f3nica de automoci\u00f3n<span class=\"ez-toc-section-end\"><\/span><\/h3>\n<p>En nuestras modernas instalaciones de 20.000 metros cuadrados, hemos equipado:<br \/>\n<strong>Taladradoras l\u00e1ser<\/strong>: Para el procesamiento de microv\u00edas en placas HDI de automoci\u00f3n (m\u00ednimo 50\u03bcm).<br \/>\n<strong>Taponadoras de resina al vac\u00edo<\/strong>: Garantiza la fiabilidad de las placas de cobre grueso sometidas a choques t\u00e9rmicos<br \/>\n<strong>Combo de inspecci\u00f3n 3D AOI+AXI<\/strong>: Detecta el 99,99% de los defectos de soldadura<\/p>\n<p><strong>Capacidad mensual:<\/strong><br \/>\n100.000\u33a1 PCB (incluidas placas de alta frecuencia, de cobre grueso y otras placas especiales)<br \/>\n60 millones de soldaduras SMT (m\u00e1quinas de colocaci\u00f3n de alta velocidad YAMAHA con una precisi\u00f3n de \u00b115\u03bcm).<\/p>\n<h3><span class=\"ez-toc-section\" id=\"2_Quality_Standards_Exceeding_Industry_Requirements\"><\/span>2. Normas de calidad que superan los requisitos del sector<span class=\"ez-toc-section-end\"><\/span><\/h3>\n<p>Adem\u00e1s de cumplir las normas ISO 9001 e IATF 16949, hemos establecido un exclusivo \"Sistema de triple garant\u00eda para electr\u00f3nica de automoci\u00f3n\":<br \/>\n<strong>1. Control del material entrante<\/strong>: Asociaciones directas con TI, NXP y otros fabricantes de equipos originales para evitar riesgos de falsificaci\u00f3n.<br \/>\n<strong>2. Control de procesos<\/strong>: 38 puntos cr\u00edticos de control con supervisi\u00f3n en tiempo real<br \/>\n<strong>3. Pruebas finales<\/strong>: Incluye simulaciones de ciclos t\u00e9rmicos de -40\u2103~125\u2103, vibraciones mec\u00e1nicas y otros entornos reales de veh\u00edculos.<\/p>\n<h3><span class=\"ez-toc-section\" id=\"3_Solving_Special_Challenges_in_Automotive_Electronics\"><\/span>3. Resolver retos especiales en la electr\u00f3nica del autom\u00f3vil<span class=\"ez-toc-section-end\"><\/span><\/h3>\n<p>Ofrecemos soluciones expertas para sus principales preocupaciones:<br \/>\n<strong>Gesti\u00f3n t\u00e9rmica:<\/strong> Mediante un dise\u00f1o optimizado por simulaci\u00f3n, se redujo la temperatura en un 22\u2103 para el m\u00f3dulo ECU de un cliente.<br \/>\n<strong>Integridad de la se\u00f1al:<\/strong> Tolerancia de control de impedancia \u00b17% (mejor que la norma industrial \u00b110%)<br \/>\n<strong>Fiabilidad a largo plazo:<\/strong> El proceso de revestimiento conforme supera una prueba de niebla salina de 1.000 horas<\/p>\n<p><img loading=\"lazy\" decoding=\"async\" src=\"https:\/\/www.topfastpcb.com\/wp-content\/uploads\/2025\/05\/Automotive-PCB-Assembly-1.jpg\" alt=\"Montaje de PCB para automoci\u00f3n\" width=\"600\" height=\"402\" class=\"aligncenter size-full wp-image-2983\" srcset=\"https:\/\/www.topfastpcb.com\/wp-content\/uploads\/2025\/05\/Automotive-PCB-Assembly-1.jpg 600w, https:\/\/www.topfastpcb.com\/wp-content\/uploads\/2025\/05\/Automotive-PCB-Assembly-1-300x201.jpg 300w, https:\/\/www.topfastpcb.com\/wp-content\/uploads\/2025\/05\/Automotive-PCB-Assembly-1-18x12.jpg 18w\" sizes=\"auto, (max-width: 600px) 100vw, 600px\" \/><\/p>\n<h2><span class=\"ez-toc-section\" id=\"Automotive_Electronics_Success_Stories\"><\/span>\u00c9xitos de la electr\u00f3nica de automoci\u00f3n<span class=\"ez-toc-section-end\"><\/span><\/h2>\n<p><strong>Caso 1<\/strong>: Sistema EV BMS<br \/>\nReto: placa de cobre de 6 capas de grosor (3 onzas) + complejos requisitos de disipaci\u00f3n t\u00e9rmica<br \/>\nSoluci\u00f3n: V\u00edas t\u00e9rmicas + tecnolog\u00eda de bloques de cobre embebidos<br \/>\nResultado: Cero fallos tras 3 a\u00f1os de producci\u00f3n en serie<\/p>\n<p><strong>Caso 2<\/strong>: Controlador de dominio de conducci\u00f3n aut\u00f3noma<br \/>\nReto: placa HDI de 20 capas + paso BGA de 0,3 mm<br \/>\nSoluci\u00f3n: Perforaci\u00f3n l\u00e1ser + dise\u00f1o de impedancia escalonada<br \/>\nResultado: El rendimiento aument\u00f3 a 99.2%<\/p>\n<p><strong>C\u00f3mo garantizamos \"alta calidad + entrega r\u00e1pida\"<\/strong><\/p>\n<p><strong>1. Integraci\u00f3n vertical<\/strong>: Control total interno desde la producci\u00f3n de placas de circuito impreso hasta el montaje SMT<br \/>\n<strong>2. Sistema de almac\u00e9n inteligente<\/strong>: Amplias existencias de componentes comunes de automoci\u00f3n<br \/>\n<strong>3. Sistema de respuesta r\u00e1pida:<\/strong><br \/>\nPresupuesto de 1 hora<br \/>\nLa entrega de muestras m\u00e1s r\u00e1pida en 3 d\u00edas<br \/>\nAtenci\u00f3n al cliente 24 horas al d\u00eda, 7 d\u00edas a la semana<\/p>\n<p>Entre nuestros clientes se encuentran empresas exigentes con la calidad como DJI y Hikvision, que eligen Topfast por una sencilla raz\u00f3n <strong>deje que los profesionales se ocupen del trabajo profesional<\/strong>.<\/p>\n<p><img loading=\"lazy\" decoding=\"async\" src=\"https:\/\/www.topfastpcb.com\/wp-content\/uploads\/2025\/05\/Automotive-PCB-Assembly-2.jpg\" alt=\"Montaje de PCB para automoci\u00f3n\" width=\"600\" height=\"402\" class=\"aligncenter size-full wp-image-2984\" srcset=\"https:\/\/www.topfastpcb.com\/wp-content\/uploads\/2025\/05\/Automotive-PCB-Assembly-2.jpg 600w, https:\/\/www.topfastpcb.com\/wp-content\/uploads\/2025\/05\/Automotive-PCB-Assembly-2-300x201.jpg 300w, https:\/\/www.topfastpcb.com\/wp-content\/uploads\/2025\/05\/Automotive-PCB-Assembly-2-18x12.jpg 18w\" sizes=\"auto, (max-width: 600px) 100vw, 600px\" \/><\/p>\n<h2><span class=\"ez-toc-section\" id=\"Exclusive_Automotive_Electronics_Service_Packages\"><\/span>Paquetes exclusivos de servicios de electr\u00f3nica del autom\u00f3vil<span class=\"ez-toc-section-end\"><\/span><\/h2>\n<p>Opciones flexibles para diferentes necesidades:<br \/>\n<strong>Servicio r\u00e1pido<\/strong>: Entrega en 3-5 d\u00edas (ideal para verificaci\u00f3n de I+D)<br \/>\n<strong>Servicio de producci\u00f3n en serie<\/strong>: Capacidad para un mill\u00f3n de unidades (admite entregas JIT)<br \/>\n<strong>Servicio llave en mano<\/strong>: Soluci\u00f3n completa desde el dise\u00f1o\u2192PCB\u2192SMT\u2192pruebas<\/p>\n<p><strong>Ofertas especiales para nuevas consultas<\/strong><br \/>\nAn\u00e1lisis DFM gratuito<br \/>\n5% de descuento en el primer pedido<br \/>\nGestor de cuentas dedicado durante todo el proyecto<\/p>\n<p>&nbsp;<\/p>\n<p>El equipo de Topfast consiste en mas de 1.000 profesionales, incluyendo el personal tecnico superior 30%. Entendemos los requisitos de seguridad extremos de la electr\u00f3nica automotriz, raz\u00f3n por la cual nos adherimos a la filosof\u00eda de que \"la calidad no se inspecciona, se construye.\"<\/p>\n<p><strong>P\u00f3ngase en contacto con nuestro experto en electr\u00f3nica del autom\u00f3vil tam en cualquier momento<\/strong> - \u00a1deje que nuestros 17 a\u00f1os de experiencia especializada salvaguarden su proyecto!<\/p>\n<p><a href=\"https:\/\/www.topfastpcb.com\/es\/contact\/\">Obtenga ahora su presupuesto personalizado<\/a><\/p>","protected":false},"excerpt":{"rendered":"<p><span>Como especialista en PCBA de automoci\u00f3n con 17 a\u00f1os de experiencia, Topfast ofrece soluciones de circuitos de alta fiabilidad para los fabricantes de autom\u00f3viles globales. Nuestras instalaciones modernas de 20,000\u33a1 cuentan con perforaci\u00f3n l\u00e1ser y equipo 3D AOI, con una capacidad mensual de 100,000\u33a1 PCBs y 60 millones de puntos SMT. Certificados bajo IATF 16949 con nuestro \"Sistema de Aseguramiento Triple\" patentado, garantizamos el cumplimiento 100% IPC-6012DA Clase 3. Este art\u00edculo detalla nuestras soluciones de gesti\u00f3n t\u00e9rmica e integridad de la se\u00f1al, con casos de \u00e9xito que incluyen sistemas EV BMS y controladores de dominio de conducci\u00f3n aut\u00f3noma. Ofreciendo servicios de extremo a extremo de la consulta de dise\u00f1o a la producci\u00f3n en masa, Topfast proporciona cotizaciones de 1 hora y entrega de prototipos en 3 d\u00edas - su socio de PCBA automotriz de confianza.<\/span><\/p>","protected":false},"featured_media":2985,"comment_status":"closed","ping_status":"closed","template":"","meta":[],"product_brand":[],"product_cat":[116],"product_tag":[267,231],"class_list":{"0":"post-2981","1":"product","2":"type-product","3":"status-publish","4":"has-post-thumbnail","6":"product_cat-pcba","7":"product_tag-automotive-pcb-assembly","8":"product_tag-pcb-assembly","10":"first","11":"instock","12":"shipping-taxable","13":"product-type-simple"},"yoast_head":"<!-- This site is optimized with the Yoast SEO plugin v25.1 - https:\/\/yoast.com\/wordpress\/plugins\/seo\/ -->\n<title>Automotive PCB Assembly - Topfastpcb<\/title>\n<meta name=\"description\" content=\"Topfast - 17-year automotive PCBA manufacturing expert providing automotive-grade PCB design, production &amp; assembly. IATF 16949 certified with 100,000\u33a1 monthly capacity. 1-hour quick quote, 3-day prototype delivery for global automakers.\" \/>\n<meta name=\"robots\" content=\"index, follow, max-snippet:-1, max-image-preview:large, max-video-preview:-1\" \/>\n<link rel=\"canonical\" href=\"https:\/\/www.topfastpcb.com\/es\/products\/automotive-pcb-assembly\/\" \/>\n<meta property=\"og:locale\" content=\"es_ES\" \/>\n<meta property=\"og:type\" content=\"article\" \/>\n<meta property=\"og:title\" content=\"Automotive PCB Assembly - Topfastpcb\" \/>\n<meta property=\"og:description\" content=\"Topfast - 17-year automotive PCBA manufacturing expert providing automotive-grade PCB design, production &amp; assembly. IATF 16949 certified with 100,000\u33a1 monthly capacity. 1-hour quick quote, 3-day prototype delivery for global automakers.\" \/>\n<meta property=\"og:url\" content=\"https:\/\/www.topfastpcb.com\/es\/products\/automotive-pcb-assembly\/\" \/>\n<meta property=\"og:site_name\" content=\"Topfastpcb\" \/>\n<meta property=\"og:image\" content=\"https:\/\/www.topfastpcb.com\/wp-content\/uploads\/2025\/05\/pcba19.jpg\" \/>\n\t<meta property=\"og:image:width\" content=\"750\" \/>\n\t<meta property=\"og:image:height\" content=\"750\" \/>\n\t<meta property=\"og:image:type\" content=\"image\/jpeg\" \/>\n<meta name=\"twitter:card\" content=\"summary_large_image\" \/>\n<meta name=\"twitter:label1\" content=\"Tiempo de lectura\" \/>\n\t<meta name=\"twitter:data1\" content=\"4 minutos\" \/>\n<script type=\"application\/ld+json\" class=\"yoast-schema-graph\">{\"@context\":\"https:\/\/schema.org\",\"@graph\":[{\"@type\":\"WebPage\",\"@id\":\"https:\/\/www.topfastpcb.com\/products\/automotive-pcb-assembly\/\",\"url\":\"https:\/\/www.topfastpcb.com\/products\/automotive-pcb-assembly\/\",\"name\":\"Automotive PCB Assembly - Topfastpcb\",\"isPartOf\":{\"@id\":\"https:\/\/www.topfastpcb.com\/#website\"},\"primaryImageOfPage\":{\"@id\":\"https:\/\/www.topfastpcb.com\/products\/automotive-pcb-assembly\/#primaryimage\"},\"image\":{\"@id\":\"https:\/\/www.topfastpcb.com\/products\/automotive-pcb-assembly\/#primaryimage\"},\"thumbnailUrl\":\"https:\/\/www.topfastpcb.com\/wp-content\/uploads\/2025\/05\/pcba19.jpg\",\"datePublished\":\"2025-05-30T02:38:29+00:00\",\"description\":\"Topfast - 17-year automotive PCBA manufacturing expert providing automotive-grade PCB design, production & assembly. IATF 16949 certified with 100,000\u33a1 monthly capacity. 1-hour quick quote, 3-day prototype delivery for global automakers.\",\"breadcrumb\":{\"@id\":\"https:\/\/www.topfastpcb.com\/products\/automotive-pcb-assembly\/#breadcrumb\"},\"inLanguage\":\"es\",\"potentialAction\":[{\"@type\":\"ReadAction\",\"target\":[\"https:\/\/www.topfastpcb.com\/products\/automotive-pcb-assembly\/\"]}]},{\"@type\":\"ImageObject\",\"inLanguage\":\"es\",\"@id\":\"https:\/\/www.topfastpcb.com\/products\/automotive-pcb-assembly\/#primaryimage\",\"url\":\"https:\/\/www.topfastpcb.com\/wp-content\/uploads\/2025\/05\/pcba19.jpg\",\"contentUrl\":\"https:\/\/www.topfastpcb.com\/wp-content\/uploads\/2025\/05\/pcba19.jpg\",\"width\":750,\"height\":750,\"caption\":\"Automotive PCB Assembly\"},{\"@type\":\"BreadcrumbList\",\"@id\":\"https:\/\/www.topfastpcb.com\/products\/automotive-pcb-assembly\/#breadcrumb\",\"itemListElement\":[{\"@type\":\"ListItem\",\"position\":1,\"name\":\"\u9996\u9875\",\"item\":\"https:\/\/www.topfastpcb.com\/\"},{\"@type\":\"ListItem\",\"position\":2,\"name\":\"\u5546\u5e97\",\"item\":\"https:\/\/www.topfastpcb.com\/shop\/\"},{\"@type\":\"ListItem\",\"position\":3,\"name\":\"Automotive PCB Assembly\"}]},{\"@type\":\"WebSite\",\"@id\":\"https:\/\/www.topfastpcb.com\/#website\",\"url\":\"https:\/\/www.topfastpcb.com\/\",\"name\":\"Topfastpcb\",\"description\":\"Topfast Prime Choice for Global Electronics Manufacturing\",\"publisher\":{\"@id\":\"https:\/\/www.topfastpcb.com\/#organization\"},\"potentialAction\":[{\"@type\":\"SearchAction\",\"target\":{\"@type\":\"EntryPoint\",\"urlTemplate\":\"https:\/\/www.topfastpcb.com\/?s={search_term_string}\"},\"query-input\":{\"@type\":\"PropertyValueSpecification\",\"valueRequired\":true,\"valueName\":\"search_term_string\"}}],\"inLanguage\":\"es\"},{\"@type\":\"Organization\",\"@id\":\"https:\/\/www.topfastpcb.com\/#organization\",\"name\":\"Topfastpcb\",\"url\":\"https:\/\/www.topfastpcb.com\/\",\"logo\":{\"@type\":\"ImageObject\",\"inLanguage\":\"es\",\"@id\":\"https:\/\/www.topfastpcb.com\/#\/schema\/logo\/image\/\",\"url\":\"https:\/\/www.topfastpcb.com\/wp-content\/uploads\/2026\/02\/cropped-topfast-logo.png\",\"contentUrl\":\"https:\/\/www.topfastpcb.com\/wp-content\/uploads\/2026\/02\/cropped-topfast-logo.png\",\"width\":144,\"height\":56,\"caption\":\"Topfastpcb\"},\"image\":{\"@id\":\"https:\/\/www.topfastpcb.com\/#\/schema\/logo\/image\/\"}}]}<\/script>\n<!-- \/ Yoast SEO plugin. -->","yoast_head_json":{"title":"Automotive PCB Assembly - Topfastpcb","description":"Topfast - 17-year automotive PCBA manufacturing expert providing automotive-grade PCB design, production & assembly. IATF 16949 certified with 100,000\u33a1 monthly capacity. 1-hour quick quote, 3-day prototype delivery for global automakers.","robots":{"index":"index","follow":"follow","max-snippet":"max-snippet:-1","max-image-preview":"max-image-preview:large","max-video-preview":"max-video-preview:-1"},"canonical":"https:\/\/www.topfastpcb.com\/es\/products\/automotive-pcb-assembly\/","og_locale":"es_ES","og_type":"article","og_title":"Automotive PCB Assembly - Topfastpcb","og_description":"Topfast - 17-year automotive PCBA manufacturing expert providing automotive-grade PCB design, production & assembly. IATF 16949 certified with 100,000\u33a1 monthly capacity. 1-hour quick quote, 3-day prototype delivery for global automakers.","og_url":"https:\/\/www.topfastpcb.com\/es\/products\/automotive-pcb-assembly\/","og_site_name":"Topfastpcb","og_image":[{"width":750,"height":750,"url":"https:\/\/www.topfastpcb.com\/wp-content\/uploads\/2025\/05\/pcba19.jpg","type":"image\/jpeg"}],"twitter_card":"summary_large_image","twitter_misc":{"Tiempo de lectura":"4 minutos"},"schema":{"@context":"https:\/\/schema.org","@graph":[{"@type":"WebPage","@id":"https:\/\/www.topfastpcb.com\/products\/automotive-pcb-assembly\/","url":"https:\/\/www.topfastpcb.com\/products\/automotive-pcb-assembly\/","name":"Automotive PCB Assembly - Topfastpcb","isPartOf":{"@id":"https:\/\/www.topfastpcb.com\/#website"},"primaryImageOfPage":{"@id":"https:\/\/www.topfastpcb.com\/products\/automotive-pcb-assembly\/#primaryimage"},"image":{"@id":"https:\/\/www.topfastpcb.com\/products\/automotive-pcb-assembly\/#primaryimage"},"thumbnailUrl":"https:\/\/www.topfastpcb.com\/wp-content\/uploads\/2025\/05\/pcba19.jpg","datePublished":"2025-05-30T02:38:29+00:00","description":"Topfast - 17-year automotive PCBA manufacturing expert providing automotive-grade PCB design, production & assembly. IATF 16949 certified with 100,000\u33a1 monthly capacity. 1-hour quick quote, 3-day prototype delivery for global automakers.","breadcrumb":{"@id":"https:\/\/www.topfastpcb.com\/products\/automotive-pcb-assembly\/#breadcrumb"},"inLanguage":"es","potentialAction":[{"@type":"ReadAction","target":["https:\/\/www.topfastpcb.com\/products\/automotive-pcb-assembly\/"]}]},{"@type":"ImageObject","inLanguage":"es","@id":"https:\/\/www.topfastpcb.com\/products\/automotive-pcb-assembly\/#primaryimage","url":"https:\/\/www.topfastpcb.com\/wp-content\/uploads\/2025\/05\/pcba19.jpg","contentUrl":"https:\/\/www.topfastpcb.com\/wp-content\/uploads\/2025\/05\/pcba19.jpg","width":750,"height":750,"caption":"Automotive PCB Assembly"},{"@type":"BreadcrumbList","@id":"https:\/\/www.topfastpcb.com\/products\/automotive-pcb-assembly\/#breadcrumb","itemListElement":[{"@type":"ListItem","position":1,"name":"\u9996\u9875","item":"https:\/\/www.topfastpcb.com\/"},{"@type":"ListItem","position":2,"name":"\u5546\u5e97","item":"https:\/\/www.topfastpcb.com\/shop\/"},{"@type":"ListItem","position":3,"name":"Automotive PCB Assembly"}]},{"@type":"WebSite","@id":"https:\/\/www.topfastpcb.com\/#website","url":"https:\/\/www.topfastpcb.com\/","name":"Topfastpcb","description":"Topfast Prime Choice for Global Electronics Manufacturing","publisher":{"@id":"https:\/\/www.topfastpcb.com\/#organization"},"potentialAction":[{"@type":"SearchAction","target":{"@type":"EntryPoint","urlTemplate":"https:\/\/www.topfastpcb.com\/?s={search_term_string}"},"query-input":{"@type":"PropertyValueSpecification","valueRequired":true,"valueName":"search_term_string"}}],"inLanguage":"es"},{"@type":"Organization","@id":"https:\/\/www.topfastpcb.com\/#organization","name":"Topfastpcb","url":"https:\/\/www.topfastpcb.com\/","logo":{"@type":"ImageObject","inLanguage":"es","@id":"https:\/\/www.topfastpcb.com\/#\/schema\/logo\/image\/","url":"https:\/\/www.topfastpcb.com\/wp-content\/uploads\/2026\/02\/cropped-topfast-logo.png","contentUrl":"https:\/\/www.topfastpcb.com\/wp-content\/uploads\/2026\/02\/cropped-topfast-logo.png","width":144,"height":56,"caption":"Topfastpcb"},"image":{"@id":"https:\/\/www.topfastpcb.com\/#\/schema\/logo\/image\/"}}]}},"_links":{"self":[{"href":"https:\/\/www.topfastpcb.com\/es\/wp-json\/wp\/v2\/product\/2981","targetHints":{"allow":["GET"]}}],"collection":[{"href":"https:\/\/www.topfastpcb.com\/es\/wp-json\/wp\/v2\/product"}],"about":[{"href":"https:\/\/www.topfastpcb.com\/es\/wp-json\/wp\/v2\/types\/product"}],"replies":[{"embeddable":true,"href":"https:\/\/www.topfastpcb.com\/es\/wp-json\/wp\/v2\/comments?post=2981"}],"wp:featuredmedia":[{"embeddable":true,"href":"https:\/\/www.topfastpcb.com\/es\/wp-json\/wp\/v2\/media\/2985"}],"wp:attachment":[{"href":"https:\/\/www.topfastpcb.com\/es\/wp-json\/wp\/v2\/media?parent=2981"}],"wp:term":[{"taxonomy":"product_brand","embeddable":true,"href":"https:\/\/www.topfastpcb.com\/es\/wp-json\/wp\/v2\/product_brand?post=2981"},{"taxonomy":"product_cat","embeddable":true,"href":"https:\/\/www.topfastpcb.com\/es\/wp-json\/wp\/v2\/product_cat?post=2981"},{"taxonomy":"product_tag","embeddable":true,"href":"https:\/\/www.topfastpcb.com\/es\/wp-json\/wp\/v2\/product_tag?post=2981"}],"curies":[{"name":"wp","href":"https:\/\/api.w.org\/{rel}","templated":true}]}}