{"id":3324,"date":"2025-06-17T10:39:32","date_gmt":"2025-06-17T02:39:32","guid":{"rendered":"https:\/\/www.topfastpcb.com\/?post_type=product&#038;p=3324"},"modified":"2025-06-24T10:07:44","modified_gmt":"2025-06-24T02:07:44","slug":"single-sided-flexible-pcb","status":"publish","type":"product","link":"https:\/\/www.topfastpcb.com\/es\/products\/single-sided-flexible-pcb\/","title":{"rendered":"Placa de circuito impreso flexible de una cara"},"content":{"rendered":"<div id=\"ez-toc-container\" class=\"ez-toc-v2_0_74 counter-hierarchy ez-toc-counter ez-toc-custom ez-toc-container-direction\">\n<div class=\"ez-toc-title-container\">\n<p class=\"ez-toc-title\" style=\"cursor:inherit\">Tabla de contenidos<\/p>\n<span class=\"ez-toc-title-toggle\"><\/span><\/div>\n<nav><ul class='ez-toc-list ez-toc-list-level-1' ><li class='ez-toc-page-1 ez-toc-heading-level-2'><a class=\"ez-toc-link ez-toc-heading-1\" href=\"https:\/\/www.topfastpcb.com\/es\/products\/single-sided-flexible-pcb\/#Definition_of_single-sided_flexible_PCB\" >Definici\u00f3n de placa de circuito impreso flexible de una cara<\/a><\/li><li class='ez-toc-page-1 ez-toc-heading-level-2'><a class=\"ez-toc-link ez-toc-heading-2\" href=\"https:\/\/www.topfastpcb.com\/es\/products\/single-sided-flexible-pcb\/#Product_Advantages\" >Ventajas del producto<\/a><\/li><li class='ez-toc-page-1 ez-toc-heading-level-2'><a class=\"ez-toc-link ez-toc-heading-3\" href=\"https:\/\/www.topfastpcb.com\/es\/products\/single-sided-flexible-pcb\/#Technical_Specifications\" >Especificaciones t\u00e9cnicas<\/a><\/li><li class='ez-toc-page-1 ez-toc-heading-level-2'><a class=\"ez-toc-link ez-toc-heading-4\" href=\"https:\/\/www.topfastpcb.com\/es\/products\/single-sided-flexible-pcb\/#Applications\" >Aplicaciones<\/a><\/li><li class='ez-toc-page-1 ez-toc-heading-level-2'><a class=\"ez-toc-link ez-toc-heading-5\" href=\"https:\/\/www.topfastpcb.com\/es\/products\/single-sided-flexible-pcb\/#Manufacturing_Capabilities\" >Capacidad de fabricaci\u00f3n<\/a><\/li><li class='ez-toc-page-1 ez-toc-heading-level-2'><a class=\"ez-toc-link ez-toc-heading-6\" href=\"https:\/\/www.topfastpcb.com\/es\/products\/single-sided-flexible-pcb\/#Additional_Services\" >Servicios adicionales<\/a><\/li><li class='ez-toc-page-1 ez-toc-heading-level-2'><a class=\"ez-toc-link ez-toc-heading-7\" href=\"https:\/\/www.topfastpcb.com\/es\/products\/single-sided-flexible-pcb\/#Why_choose_Topfast\" >\u00bfPor qu\u00e9 elegir Topfast?<\/a><\/li><\/ul><\/nav><\/div>\n\n<h2><span class=\"ez-toc-section\" id=\"Definition_of_single-sided_flexible_PCB\"><\/span>Definici\u00f3n de placa de circuito impreso flexible de una cara<span class=\"ez-toc-section-end\"><\/span><\/h2>\n<p>Como l\u00edder en la fabricaci\u00f3n de PCB flexibles, Topfast aprovecha 17 a\u00f1os de experiencia en la industria para proporcionar alta calidad de una sola cara. <a href=\"https:\/\/www.topfastpcb.com\/es\/products\/category\/flexible-pcb\/\">placa de circuito flexible<\/a> soluciones. Nuestras placas de circuito impreso flexibles de una cara est\u00e1n fabricadas con materiales de poliimida de primera calidad y ofrecen un excelente rendimiento de flexi\u00f3n y fiabilidad para aplicaciones de electr\u00f3nica de consumo, dispositivos m\u00e9dicos, electr\u00f3nica de automoci\u00f3n, etc.<\/p>\n<h2><span class=\"ez-toc-section\" id=\"Product_Advantages\"><\/span>Ventajas del producto<span class=\"ez-toc-section-end\"><\/span><\/h2>\n<p>Las placas de circuito impreso flexibles de una cara de Topfast ofrecen las siguientes ventajas clave:<\/p>\n<p><strong>Ultrafino y ligero<\/strong>: Espesor tan bajo como 0,1 mm, con un peso de s\u00f3lo 1\/3 del tradicional <a href=\"https:\/\/www.topfastpcb.com\/es\/products\/category\/rigid-pcb\/\">PCB r\u00edgidos<\/a><br \/>\n<strong>Flexibilidad superior<\/strong>: Utiliza sustratos de poliimida DuPont o Panasonic de alta calidad, con un radio de curvatura de tan s\u00f3lo 3 mm.<br \/>\n<strong>Alta fiabilidad<\/strong>: Probado durante m\u00e1s de 200.000 ciclos de flexi\u00f3n, lo que garantiza un rendimiento estable a largo plazo<br \/>\n<strong>Resistencia a altas temperaturas<\/strong>: Soporta temperaturas extremas de -60\u00b0C a 260\u00b0C<br \/>\n<strong>Ahorro de espacio<\/strong>: Se adapta a dise\u00f1os 3D complejos, reduciendo el tama\u00f1o del dispositivo<\/p>\n<h2><span class=\"ez-toc-section\" id=\"Technical_Specifications\"><\/span>Especificaciones t\u00e9cnicas<span class=\"ez-toc-section-end\"><\/span><\/h2>\n<table>\n<thead>\n<tr>\n<th>Par\u00e1metro<\/th>\n<th>Especificaci\u00f3n<\/th>\n<\/tr>\n<\/thead>\n<tbody>\n<tr>\n<td>Espesor del sustrato<\/td>\n<td>12,5\u03bcm-50\u03bcm<\/td>\n<\/tr>\n<tr>\n<td>Espesor de la l\u00e1mina de cobre<\/td>\n<td>12\u03bcm-35\u03bcm<\/td>\n<\/tr>\n<tr>\n<td>M\u00edn. Ancho de l\u00ednea\/espacio<\/td>\n<td>50\u03bcm\/50\u03bcm<\/td>\n<\/tr>\n<tr>\n<td>M\u00edn. Tama\u00f1o del agujero<\/td>\n<td>0,1 mm<\/td>\n<\/tr>\n<tr>\n<td>Acabado superficial<\/td>\n<td>ENIG, OSP, Plata qu\u00edmica<\/td>\n<\/tr>\n<tr>\n<td>Radio de curvatura<\/td>\n<td>Din\u00e1mico: 10\u00d7 grosor del tablero; Est\u00e1tico: 3\u00d7 grosor del tablero<\/td>\n<\/tr>\n<\/tbody>\n<\/table>\n<h2><span class=\"ez-toc-section\" id=\"Applications\"><\/span>Aplicaciones<span class=\"ez-toc-section-end\"><\/span><\/h2>\n<p>Las placas de circuito impreso flexibles de una cara de Topfast se utilizan ampliamente en:<\/p>\n<p>1. <strong>Electr\u00f3nica de consumo<\/strong>: Conexiones internas en smartphones, tabletas y wearables<br \/>\n2. <strong>Dispositivos m\u00e9dicos<\/strong>: Monitores port\u00e1tiles, endoscopios y otras conexiones electr\u00f3nicas m\u00e9dicas<br \/>\n3. <strong>Electr\u00f3nica automotriz<\/strong>: C\u00e1maras a bordo, sensores y conexiones del sistema de iluminaci\u00f3n<br \/>\n4. <strong>Control industrial<\/strong>: Interconexiones flexibles para equipos de rob\u00f3tica y automatizaci\u00f3n<br \/>\n5. <strong>Militar y aeroespacial<\/strong>: Conexiones para avi\u00f3nica con limitaciones de espacio<\/p>\n<h3><img loading=\"lazy\" decoding=\"async\" src=\"https:\/\/www.topfastpcb.com\/wp-content\/uploads\/2025\/06\/Flexible-PCB-12.jpg\" alt=\"Placa de circuito impreso flexible\" width=\"800\" height=\"800\" class=\"aligncenter size-full wp-image-3330\" srcset=\"https:\/\/www.topfastpcb.com\/wp-content\/uploads\/2025\/06\/Flexible-PCB-12.jpg 800w, https:\/\/www.topfastpcb.com\/wp-content\/uploads\/2025\/06\/Flexible-PCB-12-300x300.jpg 300w, https:\/\/www.topfastpcb.com\/wp-content\/uploads\/2025\/06\/Flexible-PCB-12-150x150.jpg 150w, https:\/\/www.topfastpcb.com\/wp-content\/uploads\/2025\/06\/Flexible-PCB-12-768x768.jpg 768w, https:\/\/www.topfastpcb.com\/wp-content\/uploads\/2025\/06\/Flexible-PCB-12-12x12.jpg 12w, https:\/\/www.topfastpcb.com\/wp-content\/uploads\/2025\/06\/Flexible-PCB-12-600x600.jpg 600w, https:\/\/www.topfastpcb.com\/wp-content\/uploads\/2025\/06\/Flexible-PCB-12-100x100.jpg 100w\" sizes=\"auto, (max-width: 800px) 100vw, 800px\" \/><\/h3>\n<h2><span class=\"ez-toc-section\" id=\"Manufacturing_Capabilities\"><\/span>Capacidad de fabricaci\u00f3n<span class=\"ez-toc-section-end\"><\/span><\/h2>\n<p>Topfast cuenta con unas modernas instalaciones de producci\u00f3n de 20.000 m2 con m\u00e1s de 1.000 t\u00e9cnicos cualificados, equipados con:<\/p>\n<p>Taladrado l\u00e1ser de alta precisi\u00f3n (tama\u00f1o m\u00edn. del orificio: 0,1 mm)<br \/>\n<a href=\"https:\/\/www.topfastpcb.com\/es\/blog\/what-is-aoi-automated-optical-inspection\/\">Inspecci\u00f3n \u00f3ptica automatizada<\/a> (AOI)<br \/>\nComprobadores de sonda volante para la verificaci\u00f3n del rendimiento el\u00e9ctrico del 100%<br \/>\nInspecci\u00f3n por rayos X para garantizar la calidad interna<br \/>\nEquipo de laminaci\u00f3n al vac\u00edo para una fuerte uni\u00f3n entre capas<\/p>\n<p>Cumplimos estrictamente las normas de gesti\u00f3n de calidad ISO 9001 y controlamos todo el proceso, desde la adquisici\u00f3n de materias primas hasta la entrega del producto final, para garantizar la m\u00e1xima calidad.<\/p>\n<h2><span class=\"ez-toc-section\" id=\"Additional_Services\"><\/span>Servicios adicionales<span class=\"ez-toc-section-end\"><\/span><\/h2>\n<p>M\u00e1s all\u00e1 de los PCB flexibles de una sola cara, Topfast tambi\u00e9n proporciona:<\/p>\n<p><strong>Placas de circuito impreso flexibles de doble cara<\/strong>: Para necesidades de interconexi\u00f3n de mayor densidad<br \/>\n<strong>Placas de circuito impreso flexibles multicapa<\/strong>: Soluciones de circuitos flexibles complejos de 4-10 capas<br \/>\n<strong>Placas de circuito impreso r\u00edgidas y flexibles<\/strong>: Dise\u00f1os h\u00edbridos que combinan ventajas r\u00edgidas y flexibles<br \/>\n<strong>Creaci\u00f3n r\u00e1pida de prototipos<\/strong>: Muestras r\u00e1pidas en tan s\u00f3lo 24 horas<br \/>\n<strong>An\u00e1lisis DFM<\/strong>: Evaluaci\u00f3n profesional del dise\u00f1o para la fabricaci\u00f3n<br \/>\n<strong>Asistencia t\u00e9cnica<\/strong>: Asistencia personalizada de expertos en ingenier\u00eda<\/p>\n<h2><span class=\"ez-toc-section\" id=\"Why_choose_Topfast\"><\/span>\u00bfPor qu\u00e9 elegir Topfast?<span class=\"ez-toc-section-end\"><\/span><\/h2>\n<p>Con 17 a\u00f1os de experiencia en la fabricaci\u00f3n de PCB flexible, Topfast se compromete a ofrecer soluciones de circuito flexible de una sola cara de alta calidad. Nuestro equipo avanzado, el control de calidad estricto, y la experiencia extensa de la industria aseguran que cada PCB flexible encuentre los est\u00e1ndares m\u00e1s altos de funcionamiento y fiabilidad. Ya sea para la creaci\u00f3n de prototipos o la producci\u00f3n en masa, Topfast proporciona los productos y servicios de PCB flexibles m\u00e1s competitivos. Contacte con nosotros para m\u00e1s detalles del producto y soporte t\u00e9cnico.<\/p>","protected":false},"excerpt":{"rendered":"<p>Este art\u00edculo presenta los productos profesionales de PCB flexible de una cara de Topfast, destacando sus ventajas, especificaciones t\u00e9cnicas, aplicaciones y capacidades de fabricaci\u00f3n. Se hace hincapi\u00e9 en el dise\u00f1o ultra-delgado, alta fiabilidad y resistencia a la temperatura, mientras que tambi\u00e9n cubre los servicios de PCB flexible de doble cara y multicapa.<\/p>","protected":false},"featured_media":3326,"comment_status":"closed","ping_status":"closed","template":"","meta":[],"product_brand":[],"product_cat":[96],"product_tag":[288,103],"class_list":{"0":"post-3324","1":"product","2":"type-product","3":"status-publish","4":"has-post-thumbnail","6":"product_cat-flexible-pcb","7":"product_tag-flex-pcb","8":"product_tag-flexible-pcb","10":"first","11":"instock","12":"shipping-taxable","13":"product-type-simple"},"yoast_head":"<!-- This site is optimized with the Yoast SEO plugin v25.1 - https:\/\/yoast.com\/wordpress\/plugins\/seo\/ -->\n<title>Single-Sided Flexible PCB - Topfastpcb<\/title>\n<meta name=\"description\" content=\"Topfast specializes in high-quality single-sided flexible PCBs, with 17 years of experience. Made from premium polyimide materials, they are ultra-thin, lightweight, and highly flexible, ideal for consumer electronics, medical devices, and automotive applications.\" \/>\n<meta name=\"robots\" content=\"index, follow, max-snippet:-1, max-image-preview:large, max-video-preview:-1\" \/>\n<link rel=\"canonical\" href=\"https:\/\/www.topfastpcb.com\/es\/products\/single-sided-flexible-pcb\/\" \/>\n<meta property=\"og:locale\" content=\"es_ES\" \/>\n<meta property=\"og:type\" content=\"article\" \/>\n<meta property=\"og:title\" content=\"Single-Sided Flexible PCB - Topfastpcb\" \/>\n<meta property=\"og:description\" content=\"Topfast specializes in high-quality single-sided flexible PCBs, with 17 years of experience. Made from premium polyimide materials, they are ultra-thin, lightweight, and highly flexible, ideal for consumer electronics, medical devices, and automotive applications.\" \/>\n<meta property=\"og:url\" content=\"https:\/\/www.topfastpcb.com\/es\/products\/single-sided-flexible-pcb\/\" \/>\n<meta property=\"og:site_name\" content=\"Topfastpcb\" \/>\n<meta property=\"article:modified_time\" content=\"2025-06-24T02:07:44+00:00\" \/>\n<meta property=\"og:image\" content=\"https:\/\/www.topfastpcb.com\/wp-content\/uploads\/2025\/06\/Flexible-PCB-13.jpg\" \/>\n\t<meta property=\"og:image:width\" content=\"800\" \/>\n\t<meta property=\"og:image:height\" content=\"800\" \/>\n\t<meta property=\"og:image:type\" content=\"image\/jpeg\" \/>\n<meta name=\"twitter:card\" content=\"summary_large_image\" \/>\n<meta name=\"twitter:label1\" content=\"Tiempo de lectura\" \/>\n\t<meta name=\"twitter:data1\" content=\"3 minutos\" \/>\n<script type=\"application\/ld+json\" class=\"yoast-schema-graph\">{\"@context\":\"https:\/\/schema.org\",\"@graph\":[{\"@type\":\"WebPage\",\"@id\":\"https:\/\/www.topfastpcb.com\/products\/single-sided-flexible-pcb\/\",\"url\":\"https:\/\/www.topfastpcb.com\/products\/single-sided-flexible-pcb\/\",\"name\":\"Single-Sided Flexible PCB - Topfastpcb\",\"isPartOf\":{\"@id\":\"https:\/\/www.topfastpcb.com\/#website\"},\"primaryImageOfPage\":{\"@id\":\"https:\/\/www.topfastpcb.com\/products\/single-sided-flexible-pcb\/#primaryimage\"},\"image\":{\"@id\":\"https:\/\/www.topfastpcb.com\/products\/single-sided-flexible-pcb\/#primaryimage\"},\"thumbnailUrl\":\"https:\/\/www.topfastpcb.com\/wp-content\/uploads\/2025\/06\/Flexible-PCB-13.jpg\",\"datePublished\":\"2025-06-17T02:39:32+00:00\",\"dateModified\":\"2025-06-24T02:07:44+00:00\",\"description\":\"Topfast specializes in high-quality single-sided flexible PCBs, with 17 years of experience. Made from premium polyimide materials, they are ultra-thin, lightweight, and highly flexible, ideal for consumer electronics, medical devices, and automotive applications.\",\"breadcrumb\":{\"@id\":\"https:\/\/www.topfastpcb.com\/products\/single-sided-flexible-pcb\/#breadcrumb\"},\"inLanguage\":\"es\",\"potentialAction\":[{\"@type\":\"ReadAction\",\"target\":[\"https:\/\/www.topfastpcb.com\/products\/single-sided-flexible-pcb\/\"]}]},{\"@type\":\"ImageObject\",\"inLanguage\":\"es\",\"@id\":\"https:\/\/www.topfastpcb.com\/products\/single-sided-flexible-pcb\/#primaryimage\",\"url\":\"https:\/\/www.topfastpcb.com\/wp-content\/uploads\/2025\/06\/Flexible-PCB-13.jpg\",\"contentUrl\":\"https:\/\/www.topfastpcb.com\/wp-content\/uploads\/2025\/06\/Flexible-PCB-13.jpg\",\"width\":800,\"height\":800,\"caption\":\"Single-Sided Flexible PCB\"},{\"@type\":\"BreadcrumbList\",\"@id\":\"https:\/\/www.topfastpcb.com\/products\/single-sided-flexible-pcb\/#breadcrumb\",\"itemListElement\":[{\"@type\":\"ListItem\",\"position\":1,\"name\":\"\u9996\u9875\",\"item\":\"https:\/\/www.topfastpcb.com\/\"},{\"@type\":\"ListItem\",\"position\":2,\"name\":\"\u5546\u5e97\",\"item\":\"https:\/\/www.topfastpcb.com\/shop\/\"},{\"@type\":\"ListItem\",\"position\":3,\"name\":\"Single-Sided Flexible PCB\"}]},{\"@type\":\"WebSite\",\"@id\":\"https:\/\/www.topfastpcb.com\/#website\",\"url\":\"https:\/\/www.topfastpcb.com\/\",\"name\":\"Topfastpcb\",\"description\":\"Topfast Prime Choice for Global Electronics Manufacturing\",\"publisher\":{\"@id\":\"https:\/\/www.topfastpcb.com\/#organization\"},\"potentialAction\":[{\"@type\":\"SearchAction\",\"target\":{\"@type\":\"EntryPoint\",\"urlTemplate\":\"https:\/\/www.topfastpcb.com\/?s={search_term_string}\"},\"query-input\":{\"@type\":\"PropertyValueSpecification\",\"valueRequired\":true,\"valueName\":\"search_term_string\"}}],\"inLanguage\":\"es\"},{\"@type\":\"Organization\",\"@id\":\"https:\/\/www.topfastpcb.com\/#organization\",\"name\":\"Topfastpcb\",\"url\":\"https:\/\/www.topfastpcb.com\/\",\"logo\":{\"@type\":\"ImageObject\",\"inLanguage\":\"es\",\"@id\":\"https:\/\/www.topfastpcb.com\/#\/schema\/logo\/image\/\",\"url\":\"https:\/\/www.topfastpcb.com\/wp-content\/uploads\/2026\/02\/cropped-topfast-logo.png\",\"contentUrl\":\"https:\/\/www.topfastpcb.com\/wp-content\/uploads\/2026\/02\/cropped-topfast-logo.png\",\"width\":144,\"height\":56,\"caption\":\"Topfastpcb\"},\"image\":{\"@id\":\"https:\/\/www.topfastpcb.com\/#\/schema\/logo\/image\/\"}}]}<\/script>\n<!-- \/ Yoast SEO plugin. -->","yoast_head_json":{"title":"Single-Sided Flexible PCB - Topfastpcb","description":"Topfast specializes in high-quality single-sided flexible PCBs, with 17 years of experience. Made from premium polyimide materials, they are ultra-thin, lightweight, and highly flexible, ideal for consumer electronics, medical devices, and automotive applications.","robots":{"index":"index","follow":"follow","max-snippet":"max-snippet:-1","max-image-preview":"max-image-preview:large","max-video-preview":"max-video-preview:-1"},"canonical":"https:\/\/www.topfastpcb.com\/es\/products\/single-sided-flexible-pcb\/","og_locale":"es_ES","og_type":"article","og_title":"Single-Sided Flexible PCB - Topfastpcb","og_description":"Topfast specializes in high-quality single-sided flexible PCBs, with 17 years of experience. Made from premium polyimide materials, they are ultra-thin, lightweight, and highly flexible, ideal for consumer electronics, medical devices, and automotive applications.","og_url":"https:\/\/www.topfastpcb.com\/es\/products\/single-sided-flexible-pcb\/","og_site_name":"Topfastpcb","article_modified_time":"2025-06-24T02:07:44+00:00","og_image":[{"width":800,"height":800,"url":"https:\/\/www.topfastpcb.com\/wp-content\/uploads\/2025\/06\/Flexible-PCB-13.jpg","type":"image\/jpeg"}],"twitter_card":"summary_large_image","twitter_misc":{"Tiempo de lectura":"3 minutos"},"schema":{"@context":"https:\/\/schema.org","@graph":[{"@type":"WebPage","@id":"https:\/\/www.topfastpcb.com\/products\/single-sided-flexible-pcb\/","url":"https:\/\/www.topfastpcb.com\/products\/single-sided-flexible-pcb\/","name":"Single-Sided Flexible PCB - Topfastpcb","isPartOf":{"@id":"https:\/\/www.topfastpcb.com\/#website"},"primaryImageOfPage":{"@id":"https:\/\/www.topfastpcb.com\/products\/single-sided-flexible-pcb\/#primaryimage"},"image":{"@id":"https:\/\/www.topfastpcb.com\/products\/single-sided-flexible-pcb\/#primaryimage"},"thumbnailUrl":"https:\/\/www.topfastpcb.com\/wp-content\/uploads\/2025\/06\/Flexible-PCB-13.jpg","datePublished":"2025-06-17T02:39:32+00:00","dateModified":"2025-06-24T02:07:44+00:00","description":"Topfast specializes in high-quality single-sided flexible PCBs, with 17 years of experience. Made from premium polyimide materials, they are ultra-thin, lightweight, and highly flexible, ideal for consumer electronics, medical devices, and automotive applications.","breadcrumb":{"@id":"https:\/\/www.topfastpcb.com\/products\/single-sided-flexible-pcb\/#breadcrumb"},"inLanguage":"es","potentialAction":[{"@type":"ReadAction","target":["https:\/\/www.topfastpcb.com\/products\/single-sided-flexible-pcb\/"]}]},{"@type":"ImageObject","inLanguage":"es","@id":"https:\/\/www.topfastpcb.com\/products\/single-sided-flexible-pcb\/#primaryimage","url":"https:\/\/www.topfastpcb.com\/wp-content\/uploads\/2025\/06\/Flexible-PCB-13.jpg","contentUrl":"https:\/\/www.topfastpcb.com\/wp-content\/uploads\/2025\/06\/Flexible-PCB-13.jpg","width":800,"height":800,"caption":"Single-Sided Flexible PCB"},{"@type":"BreadcrumbList","@id":"https:\/\/www.topfastpcb.com\/products\/single-sided-flexible-pcb\/#breadcrumb","itemListElement":[{"@type":"ListItem","position":1,"name":"\u9996\u9875","item":"https:\/\/www.topfastpcb.com\/"},{"@type":"ListItem","position":2,"name":"\u5546\u5e97","item":"https:\/\/www.topfastpcb.com\/shop\/"},{"@type":"ListItem","position":3,"name":"Single-Sided Flexible PCB"}]},{"@type":"WebSite","@id":"https:\/\/www.topfastpcb.com\/#website","url":"https:\/\/www.topfastpcb.com\/","name":"Topfastpcb","description":"Topfast Prime Choice for Global Electronics Manufacturing","publisher":{"@id":"https:\/\/www.topfastpcb.com\/#organization"},"potentialAction":[{"@type":"SearchAction","target":{"@type":"EntryPoint","urlTemplate":"https:\/\/www.topfastpcb.com\/?s={search_term_string}"},"query-input":{"@type":"PropertyValueSpecification","valueRequired":true,"valueName":"search_term_string"}}],"inLanguage":"es"},{"@type":"Organization","@id":"https:\/\/www.topfastpcb.com\/#organization","name":"Topfastpcb","url":"https:\/\/www.topfastpcb.com\/","logo":{"@type":"ImageObject","inLanguage":"es","@id":"https:\/\/www.topfastpcb.com\/#\/schema\/logo\/image\/","url":"https:\/\/www.topfastpcb.com\/wp-content\/uploads\/2026\/02\/cropped-topfast-logo.png","contentUrl":"https:\/\/www.topfastpcb.com\/wp-content\/uploads\/2026\/02\/cropped-topfast-logo.png","width":144,"height":56,"caption":"Topfastpcb"},"image":{"@id":"https:\/\/www.topfastpcb.com\/#\/schema\/logo\/image\/"}}]}},"_links":{"self":[{"href":"https:\/\/www.topfastpcb.com\/es\/wp-json\/wp\/v2\/product\/3324","targetHints":{"allow":["GET"]}}],"collection":[{"href":"https:\/\/www.topfastpcb.com\/es\/wp-json\/wp\/v2\/product"}],"about":[{"href":"https:\/\/www.topfastpcb.com\/es\/wp-json\/wp\/v2\/types\/product"}],"replies":[{"embeddable":true,"href":"https:\/\/www.topfastpcb.com\/es\/wp-json\/wp\/v2\/comments?post=3324"}],"wp:featuredmedia":[{"embeddable":true,"href":"https:\/\/www.topfastpcb.com\/es\/wp-json\/wp\/v2\/media\/3326"}],"wp:attachment":[{"href":"https:\/\/www.topfastpcb.com\/es\/wp-json\/wp\/v2\/media?parent=3324"}],"wp:term":[{"taxonomy":"product_brand","embeddable":true,"href":"https:\/\/www.topfastpcb.com\/es\/wp-json\/wp\/v2\/product_brand?post=3324"},{"taxonomy":"product_cat","embeddable":true,"href":"https:\/\/www.topfastpcb.com\/es\/wp-json\/wp\/v2\/product_cat?post=3324"},{"taxonomy":"product_tag","embeddable":true,"href":"https:\/\/www.topfastpcb.com\/es\/wp-json\/wp\/v2\/product_tag?post=3324"}],"curies":[{"name":"wp","href":"https:\/\/api.w.org\/{rel}","templated":true}]}}