{"id":3337,"date":"2025-06-19T08:34:41","date_gmt":"2025-06-19T00:34:41","guid":{"rendered":"https:\/\/www.topfastpcb.com\/?post_type=product&#038;p=3337"},"modified":"2025-06-24T10:07:16","modified_gmt":"2025-06-24T02:07:16","slug":"mcu","status":"publish","type":"product","link":"https:\/\/www.topfastpcb.com\/es\/products\/mcu\/","title":{"rendered":"MCU (unidad de microcontrolador)"},"content":{"rendered":"<div id=\"ez-toc-container\" class=\"ez-toc-v2_0_74 counter-hierarchy ez-toc-counter ez-toc-custom ez-toc-container-direction\">\n<div class=\"ez-toc-title-container\">\n<p class=\"ez-toc-title\" style=\"cursor:inherit\">Tabla de contenidos<\/p>\n<span class=\"ez-toc-title-toggle\"><\/span><\/div>\n<nav><ul class='ez-toc-list ez-toc-list-level-1' ><li class='ez-toc-page-1 ez-toc-heading-level-2'><a class=\"ez-toc-link ez-toc-heading-1\" href=\"https:\/\/www.topfastpcb.com\/es\/products\/mcu\/#Topfast_MCU_Procurement\" >Adquisici\u00f3n de MCU Topfast<\/a><ul class='ez-toc-list-level-3' ><li class='ez-toc-heading-level-3'><a class=\"ez-toc-link ez-toc-heading-2\" href=\"https:\/\/www.topfastpcb.com\/es\/products\/mcu\/#Key_Advantages_of_MCU_Procurement\" >Principales ventajas de la adquisici\u00f3n de MCU:<\/a><\/li><\/ul><\/li><li class='ez-toc-page-1 ez-toc-heading-level-2'><a class=\"ez-toc-link ez-toc-heading-3\" href=\"https:\/\/www.topfastpcb.com\/es\/products\/mcu\/#High-Precision_MCU_PCB_Assembly\" >Montaje de PCB de MCU de alta precisi\u00f3n<\/a><ul class='ez-toc-list-level-3' ><li class='ez-toc-heading-level-3'><a class=\"ez-toc-link ez-toc-heading-4\" href=\"https:\/\/www.topfastpcb.com\/es\/products\/mcu\/#Key_Features_of_MCU_PCB_Assembly\" >Caracter\u00edsticas principales de MCU PCB Assembly:<\/a><\/li><\/ul><\/li><li class='ez-toc-page-1 ez-toc-heading-level-2'><a class=\"ez-toc-link ez-toc-heading-5\" href=\"https:\/\/www.topfastpcb.com\/es\/products\/mcu\/#One-Stop_MCU_PCB_Solution\" >Soluci\u00f3n integral MCU + PCB<\/a><ul class='ez-toc-list-level-3' ><li class='ez-toc-heading-level-3'><a class=\"ez-toc-link ez-toc-heading-6\" href=\"https:\/\/www.topfastpcb.com\/es\/products\/mcu\/#Topfasts_Competitive_Edge\" >La ventaja competitiva de Topfast:<\/a><\/li><\/ul><\/li><li class='ez-toc-page-1 ez-toc-heading-level-2'><a class=\"ez-toc-link ez-toc-heading-7\" href=\"https:\/\/www.topfastpcb.com\/es\/products\/mcu\/#Applications\" >Aplicaciones<\/a><\/li><li class='ez-toc-page-1 ez-toc-heading-level-2'><a class=\"ez-toc-link ez-toc-heading-8\" href=\"https:\/\/www.topfastpcb.com\/es\/products\/mcu\/#Why_choose_Topfast\" >\u00bfPor qu\u00e9 elegir Topfast?<\/a><\/li><\/ul><\/nav><\/div>\n\n<p class=\"ds-markdown-paragraph\">En la industria electr\u00f3nica actual, en r\u00e1pida evoluci\u00f3n, los microcontroladores (MCU) son el n\u00facleo de los dispositivos inteligentes, mientras que el montaje de PCB de alta calidad garantiza un rendimiento estable. Como fabricante l\u00edder de PCB con<span>\u00a0<\/span><strong>17 a\u00f1os de experiencia en el sector<\/strong>,<span>\u00a0<\/span><a href=\"https:\/\/www.topfastpcb.com\/es\/\"><strong>Topfast<\/strong><\/a><span>\u00a0<\/span>proporciona<span>\u00a0<\/span><strong>servicios integrales de adquisici\u00f3n de MCU y montaje de PCB<\/strong>ayudando a los clientes a reducir los riesgos de la cadena de suministro, optimizar los costes y acelerar la comercializaci\u00f3n.<\/p>\n<h2><span class=\"ez-toc-section\" id=\"Topfast_MCU_Procurement\"><\/span><strong>Adquisici\u00f3n de MCU Topfast<\/strong><span class=\"ez-toc-section-end\"><\/span><\/h2>\n<p class=\"ds-markdown-paragraph\">Tenemos asociaciones directas con las principales marcas mundiales de MCU, lo que garantiza<span>\u00a0<\/span><strong>componentes aut\u00e9nticos, suministro estable<\/strong>Y,<span>\u00a0<\/span><strong>precios competitivos<\/strong>. Tanto si necesita<span>\u00a0<\/span><strong><a href=\"https:\/\/www.topfastpcb.com\/es\/products\/stm32f103c8t6-microcontroller\/\">STM32<\/a>ESP32, PIC, NXP, TI<\/strong>u otros modelos populares, ofrecemos<span>\u00a0<\/span><strong>soporte completo de la lista de materiales<\/strong><span>\u00a0<\/span>y soluciones alternativas para evitar retrasos en la producci\u00f3n debidos a la escasez.<\/p>\n<h3><span class=\"ez-toc-section\" id=\"Key_Advantages_of_MCU_Procurement\"><\/span><strong>Principales ventajas de la adquisici\u00f3n de MCU:<\/strong><span class=\"ez-toc-section-end\"><\/span><\/h3>\n<p class=\"ds-markdown-paragraph\"><strong>Suministro directo<\/strong><span>\u00a0<\/span>- STM, NXP, Microchip, TI, Renesas y otros canales autorizados, eliminando los riesgos de falsificaci\u00f3n.<br \/>\n<strong>Optimizaci\u00f3n de la lista de materiales<\/strong><span>\u00a0<\/span>- Un equipo de expertos ofrece alternativas rentables<br \/>\n<strong>Trazabilidad de los lotes<\/strong><span>\u00a0<\/span>- Un estricto control de calidad garantiza un abastecimiento fiable<br \/>\n<strong>Gesti\u00f3n de la obsolescencia<\/strong><span>\u00a0<\/span>- Alertas tempranas para componentes descatalogados con recomendaciones de actualizaci\u00f3n<\/p>\n<h2><img loading=\"lazy\" decoding=\"async\" src=\"https:\/\/www.topfastpcb.com\/wp-content\/uploads\/2025\/06\/mcu.jpg\" alt=\"mcu\" width=\"600\" height=\"402\" class=\"aligncenter size-full wp-image-3338\" srcset=\"https:\/\/www.topfastpcb.com\/wp-content\/uploads\/2025\/06\/mcu.jpg 600w, https:\/\/www.topfastpcb.com\/wp-content\/uploads\/2025\/06\/mcu-300x201.jpg 300w, https:\/\/www.topfastpcb.com\/wp-content\/uploads\/2025\/06\/mcu-18x12.jpg 18w\" sizes=\"auto, (max-width: 600px) 100vw, 600px\" \/><\/h2>\n<h2><span class=\"ez-toc-section\" id=\"High-Precision_MCU_PCB_Assembly\"><\/span><strong>Montaje de PCB de MCU de alta precisi\u00f3n<\/strong><span class=\"ez-toc-section-end\"><\/span><\/h2>\n<p class=\"ds-markdown-paragraph\">El rendimiento de la MCU no s\u00f3lo depende del propio chip, sino tambi\u00e9n del dise\u00f1o de la placa de circuito impreso, los procesos de soldadura y las pruebas. Topfast<span>\u00a0<\/span><strong>avanzada l\u00ednea de producci\u00f3n SMT<\/strong><span>\u00a0<\/span>admite<span>\u00a0<\/span><strong>Colocaci\u00f3n de paso fino de 0,3 mm, inspecci\u00f3n por rayos X de BGA y pruebas AOI\/ICT<\/strong>garantizando<span>\u00a0<\/span><strong>alta precisi\u00f3n y fiabilidad<\/strong><span>\u00a0<\/span>en el montaje de PCB de MCU.<\/p>\n<h3><span class=\"ez-toc-section\" id=\"Key_Features_of_MCU_PCB_Assembly\"><\/span><strong>Caracter\u00edsticas principales de la MCU <a href=\"https:\/\/www.topfastpcb.com\/es\/products\/category\/pcba\/\">Ensamblaje de PCB<\/a>:<\/strong><span class=\"ez-toc-section-end\"><\/span><\/h3>\n<p class=\"ds-markdown-paragraph\"><strong>Colocaci\u00f3n de precisi\u00f3n<\/strong><span>\u00a0<\/span>- Admite QFP, LGA, BGA y otros encapsulados complejos<br \/>\n<strong>Inspecci\u00f3n por rayos X<\/strong><span>\u00a0<\/span>- Garantiza una soldadura BGA sin defectos<br \/>\n<strong>Preprogramaci\u00f3n del firmware<\/strong><span>\u00a0<\/span>- Flasheo de la MCU para reducir pasos adicionales<br \/>\n<strong>Pruebas exhaustivas<\/strong><span>\u00a0<\/span>- AOI, sonda volante, pruebas funcionales para eliminar defectos<\/p>\n<h2><span class=\"ez-toc-section\" id=\"One-Stop_MCU_PCB_Solution\"><\/span><strong>Soluci\u00f3n integral MCU + PCB<\/strong><span class=\"ez-toc-section-end\"><\/span><\/h2>\n<p class=\"ds-markdown-paragraph\">No somos s\u00f3lo un proveedor, sino su<span>\u00a0<\/span><strong>socio fabricante de electr\u00f3nica<\/strong>. Topfast integra<span>\u00a0<\/span><strong>Adquisici\u00f3n de MCU, fabricaci\u00f3n de PCB y montaje SMT<\/strong><span>\u00a0<\/span>bajo un mismo techo, lo que elimina la coordinaci\u00f3n entre varios proveedores, reduce los plazos de entrega y disminuye los costes.<\/p>\n<h3><span class=\"ez-toc-section\" id=\"Topfasts_Competitive_Edge\"><\/span><strong>La ventaja competitiva de Topfast:<\/strong><span class=\"ez-toc-section-end\"><\/span><\/h3>\n<p class=\"ds-markdown-paragraph\">\u2714<span>\u00a0<\/span><strong>M\u00e1s de 17 a\u00f1os de experiencia<\/strong><span>\u00a0<\/span>- Prestamos servicios a clientes de todo el mundo en los sectores de la electr\u00f3nica de consumo, la automatizaci\u00f3n industrial, la medicina y la automoci\u00f3n, entre otros.<br \/>\n\u2714<span>\u00a0<\/span><strong>Control de extremo a extremo<\/strong><span>\u00a0<\/span>- Desde la lista de materiales hasta el PCBA, la producci\u00f3n interna de 100% garantiza la calidad<br \/>\n\u2714<span>\u00a0<\/span><strong>Entrega r\u00e1pida<\/strong><span>\u00a0<\/span>- Soportes<span>\u00a0<\/span><strong>creaci\u00f3n de prototipos + producci\u00f3n en serie<\/strong><span>\u00a0<\/span>para una demanda flexible<br \/>\n\u2714<span>\u00a0<\/span><strong>Cadena mundial de suministro<\/strong><span>\u00a0<\/span>- Asociaciones con proveedores de componentes de primer nivel para un abastecimiento estable<\/p>\n<h2><span class=\"ez-toc-section\" id=\"Applications\"><\/span><strong>Aplicaciones<\/strong><span class=\"ez-toc-section-end\"><\/span><\/h2>\n<div class=\"markdown-table-wrapper\">\n<table>\n<thead>\n<tr>\n<th><strong>Industria<\/strong><\/th>\n<th><strong>Aplicaciones t\u00edpicas<\/strong><\/th>\n<th><strong>MCU recomendados<\/strong><\/th>\n<\/tr>\n<\/thead>\n<tbody>\n<tr>\n<td><strong>Electr\u00f3nica de consumo<\/strong><\/td>\n<td>Hogar inteligente, wearables<\/td>\n<td>STM32, ESP32<\/td>\n<\/tr>\n<tr>\n<td><strong>Automatizaci\u00f3n industrial<\/strong><\/td>\n<td>Control de motores, sistemas HMI<\/td>\n<td>NXP Kinetis, TI TMS<\/td>\n<\/tr>\n<tr>\n<td><strong>Dispositivos m\u00e9dicos<\/strong><\/td>\n<td>Monitores port\u00e1tiles, bombas de insulina<\/td>\n<td>Microchip PIC32<\/td>\n<\/tr>\n<tr>\n<td><strong>Electr\u00f3nica automotriz<\/strong><\/td>\n<td>Cargadores de VE, cuadros de mandos<\/td>\n<td>Infineon AURIX, Renesas RX<\/td>\n<\/tr>\n<tr>\n<td><strong>Dispositivos IoT<\/strong><\/td>\n<td>Sensores inal\u00e1mbricos, computaci\u00f3n de borde<\/td>\n<td>Nordic nRF, STM32L<\/td>\n<\/tr>\n<\/tbody>\n<\/table>\n<\/div>\n<h2><span class=\"ez-toc-section\" id=\"Why_choose_Topfast\"><\/span>\u00bfPor qu\u00e9 elegir Topfast?<span class=\"ez-toc-section-end\"><\/span><\/h2>\n<p class=\"ds-markdown-paragraph\">Con<span>\u00a0<\/span><strong>avanzados equipos de fabricaci\u00f3n, un estricto control de calidad y una cadena de suministro mundial<\/strong>Topfast ofrece<span>\u00a0<\/span><strong>servicios de adquisici\u00f3n de MCU y montaje de PCB rentables y de alta fiabilidad<\/strong>. Ya sea para<span>\u00a0<\/span><strong>creaci\u00f3n de prototipos o producci\u00f3n en serie<\/strong>Ayudamos a acelerar el desarrollo de productos y a mitigar los riesgos de la cadena de suministro.<\/p>\n<p class=\"ds-markdown-paragraph\"><strong>P\u00f3ngase en contacto con nosotros hoy mismo para una adquisici\u00f3n de MCU &amp; <a href=\"https:\/\/www.topfastpcb.com\/es\/contact\/\">Presupuesto de montaje de PCB<\/a>!<\/strong><\/p>","protected":false},"excerpt":{"rendered":"<p><span>Topfast ofrece servicios profesionales de adquisici\u00f3n de MCU y montaje de PCB, suministrando STM32, ESP32, PIC, y m\u00e1s con montaje SMT de alta precisi\u00f3n, inspecci\u00f3n de rayos X, y pruebas completas. Con m\u00e1s de 17 a\u00f1os de experiencia, ofrecemos una soluci\u00f3n integral para una producci\u00f3n r\u00e1pida y fiable.<\/span><\/p>","protected":false},"featured_media":3339,"comment_status":"closed","ping_status":"closed","template":"","meta":[],"product_brand":[],"product_cat":[217],"product_tag":[289,231],"class_list":{"0":"post-3337","1":"product","2":"type-product","3":"status-publish","4":"has-post-thumbnail","6":"product_cat-electronic-components","7":"product_tag-mcu","8":"product_tag-pcb-assembly","10":"first","11":"instock","12":"shipping-taxable","13":"product-type-simple"},"yoast_head":"<!-- This site is optimized with the Yoast SEO plugin v25.1 - https:\/\/yoast.com\/wordpress\/plugins\/seo\/ -->\n<title>MCU(Microcontroller Unit) - Topfastpcb<\/title>\n<meta name=\"description\" content=\"Topfast provides professional MCU procurement &amp; PCB assembly services, including STM32\/ESP32\/PIC direct supply, high-precision SMT assembly, and testing. 17+ years of expertise, one-stop solution for quality &amp; fast delivery!\" \/>\n<meta name=\"robots\" content=\"index, follow, max-snippet:-1, max-image-preview:large, max-video-preview:-1\" \/>\n<link rel=\"canonical\" href=\"https:\/\/www.topfastpcb.com\/es\/products\/mcu\/\" \/>\n<meta property=\"og:locale\" content=\"es_ES\" \/>\n<meta property=\"og:type\" content=\"article\" \/>\n<meta property=\"og:title\" content=\"MCU(Microcontroller Unit) - Topfastpcb\" \/>\n<meta property=\"og:description\" content=\"Topfast provides professional MCU procurement &amp; PCB assembly services, including STM32\/ESP32\/PIC direct supply, high-precision SMT assembly, and testing. 17+ years of expertise, one-stop solution for quality &amp; fast delivery!\" \/>\n<meta property=\"og:url\" content=\"https:\/\/www.topfastpcb.com\/es\/products\/mcu\/\" \/>\n<meta property=\"og:site_name\" content=\"Topfastpcb\" \/>\n<meta property=\"article:modified_time\" content=\"2025-06-24T02:07:16+00:00\" \/>\n<meta property=\"og:image\" content=\"https:\/\/www.topfastpcb.com\/wp-content\/uploads\/2025\/06\/mcu3.jpg\" \/>\n\t<meta property=\"og:image:width\" content=\"750\" \/>\n\t<meta property=\"og:image:height\" content=\"750\" \/>\n\t<meta property=\"og:image:type\" content=\"image\/jpeg\" \/>\n<meta name=\"twitter:card\" content=\"summary_large_image\" \/>\n<meta name=\"twitter:label1\" content=\"Tiempo de lectura\" \/>\n\t<meta name=\"twitter:data1\" content=\"3 minutos\" \/>\n<script type=\"application\/ld+json\" class=\"yoast-schema-graph\">{\"@context\":\"https:\/\/schema.org\",\"@graph\":[{\"@type\":\"WebPage\",\"@id\":\"https:\/\/www.topfastpcb.com\/products\/mcu\/\",\"url\":\"https:\/\/www.topfastpcb.com\/products\/mcu\/\",\"name\":\"MCU(Microcontroller Unit) - Topfastpcb\",\"isPartOf\":{\"@id\":\"https:\/\/www.topfastpcb.com\/#website\"},\"primaryImageOfPage\":{\"@id\":\"https:\/\/www.topfastpcb.com\/products\/mcu\/#primaryimage\"},\"image\":{\"@id\":\"https:\/\/www.topfastpcb.com\/products\/mcu\/#primaryimage\"},\"thumbnailUrl\":\"https:\/\/www.topfastpcb.com\/wp-content\/uploads\/2025\/06\/mcu3.jpg\",\"datePublished\":\"2025-06-19T00:34:41+00:00\",\"dateModified\":\"2025-06-24T02:07:16+00:00\",\"description\":\"Topfast provides professional MCU procurement & PCB assembly services, including STM32\/ESP32\/PIC direct supply, high-precision SMT assembly, and testing. 17+ years of expertise, one-stop solution for quality & fast delivery!\",\"breadcrumb\":{\"@id\":\"https:\/\/www.topfastpcb.com\/products\/mcu\/#breadcrumb\"},\"inLanguage\":\"es\",\"potentialAction\":[{\"@type\":\"ReadAction\",\"target\":[\"https:\/\/www.topfastpcb.com\/products\/mcu\/\"]}]},{\"@type\":\"ImageObject\",\"inLanguage\":\"es\",\"@id\":\"https:\/\/www.topfastpcb.com\/products\/mcu\/#primaryimage\",\"url\":\"https:\/\/www.topfastpcb.com\/wp-content\/uploads\/2025\/06\/mcu3.jpg\",\"contentUrl\":\"https:\/\/www.topfastpcb.com\/wp-content\/uploads\/2025\/06\/mcu3.jpg\",\"width\":750,\"height\":750},{\"@type\":\"BreadcrumbList\",\"@id\":\"https:\/\/www.topfastpcb.com\/products\/mcu\/#breadcrumb\",\"itemListElement\":[{\"@type\":\"ListItem\",\"position\":1,\"name\":\"\u9996\u9875\",\"item\":\"https:\/\/www.topfastpcb.com\/\"},{\"@type\":\"ListItem\",\"position\":2,\"name\":\"\u5546\u5e97\",\"item\":\"https:\/\/www.topfastpcb.com\/shop\/\"},{\"@type\":\"ListItem\",\"position\":3,\"name\":\"MCU(Microcontroller Unit)\"}]},{\"@type\":\"WebSite\",\"@id\":\"https:\/\/www.topfastpcb.com\/#website\",\"url\":\"https:\/\/www.topfastpcb.com\/\",\"name\":\"Topfastpcb\",\"description\":\"Topfast Prime Choice for Global Electronics Manufacturing\",\"publisher\":{\"@id\":\"https:\/\/www.topfastpcb.com\/#organization\"},\"potentialAction\":[{\"@type\":\"SearchAction\",\"target\":{\"@type\":\"EntryPoint\",\"urlTemplate\":\"https:\/\/www.topfastpcb.com\/?s={search_term_string}\"},\"query-input\":{\"@type\":\"PropertyValueSpecification\",\"valueRequired\":true,\"valueName\":\"search_term_string\"}}],\"inLanguage\":\"es\"},{\"@type\":\"Organization\",\"@id\":\"https:\/\/www.topfastpcb.com\/#organization\",\"name\":\"Topfastpcb\",\"url\":\"https:\/\/www.topfastpcb.com\/\",\"logo\":{\"@type\":\"ImageObject\",\"inLanguage\":\"es\",\"@id\":\"https:\/\/www.topfastpcb.com\/#\/schema\/logo\/image\/\",\"url\":\"https:\/\/www.topfastpcb.com\/wp-content\/uploads\/2026\/02\/cropped-topfast-logo.png\",\"contentUrl\":\"https:\/\/www.topfastpcb.com\/wp-content\/uploads\/2026\/02\/cropped-topfast-logo.png\",\"width\":144,\"height\":56,\"caption\":\"Topfastpcb\"},\"image\":{\"@id\":\"https:\/\/www.topfastpcb.com\/#\/schema\/logo\/image\/\"}}]}<\/script>\n<!-- \/ Yoast SEO plugin. -->","yoast_head_json":{"title":"MCU(Microcontroller Unit) - Topfastpcb","description":"Topfast provides professional MCU procurement & PCB assembly services, including STM32\/ESP32\/PIC direct supply, high-precision SMT assembly, and testing. 17+ years of expertise, one-stop solution for quality & fast delivery!","robots":{"index":"index","follow":"follow","max-snippet":"max-snippet:-1","max-image-preview":"max-image-preview:large","max-video-preview":"max-video-preview:-1"},"canonical":"https:\/\/www.topfastpcb.com\/es\/products\/mcu\/","og_locale":"es_ES","og_type":"article","og_title":"MCU(Microcontroller Unit) - Topfastpcb","og_description":"Topfast provides professional MCU procurement & PCB assembly services, including STM32\/ESP32\/PIC direct supply, high-precision SMT assembly, and testing. 17+ years of expertise, one-stop solution for quality & fast delivery!","og_url":"https:\/\/www.topfastpcb.com\/es\/products\/mcu\/","og_site_name":"Topfastpcb","article_modified_time":"2025-06-24T02:07:16+00:00","og_image":[{"width":750,"height":750,"url":"https:\/\/www.topfastpcb.com\/wp-content\/uploads\/2025\/06\/mcu3.jpg","type":"image\/jpeg"}],"twitter_card":"summary_large_image","twitter_misc":{"Tiempo de lectura":"3 minutos"},"schema":{"@context":"https:\/\/schema.org","@graph":[{"@type":"WebPage","@id":"https:\/\/www.topfastpcb.com\/products\/mcu\/","url":"https:\/\/www.topfastpcb.com\/products\/mcu\/","name":"MCU(Microcontroller Unit) - Topfastpcb","isPartOf":{"@id":"https:\/\/www.topfastpcb.com\/#website"},"primaryImageOfPage":{"@id":"https:\/\/www.topfastpcb.com\/products\/mcu\/#primaryimage"},"image":{"@id":"https:\/\/www.topfastpcb.com\/products\/mcu\/#primaryimage"},"thumbnailUrl":"https:\/\/www.topfastpcb.com\/wp-content\/uploads\/2025\/06\/mcu3.jpg","datePublished":"2025-06-19T00:34:41+00:00","dateModified":"2025-06-24T02:07:16+00:00","description":"Topfast provides professional MCU procurement & PCB assembly services, including STM32\/ESP32\/PIC direct supply, high-precision SMT assembly, and testing. 17+ years of expertise, one-stop solution for quality & fast delivery!","breadcrumb":{"@id":"https:\/\/www.topfastpcb.com\/products\/mcu\/#breadcrumb"},"inLanguage":"es","potentialAction":[{"@type":"ReadAction","target":["https:\/\/www.topfastpcb.com\/products\/mcu\/"]}]},{"@type":"ImageObject","inLanguage":"es","@id":"https:\/\/www.topfastpcb.com\/products\/mcu\/#primaryimage","url":"https:\/\/www.topfastpcb.com\/wp-content\/uploads\/2025\/06\/mcu3.jpg","contentUrl":"https:\/\/www.topfastpcb.com\/wp-content\/uploads\/2025\/06\/mcu3.jpg","width":750,"height":750},{"@type":"BreadcrumbList","@id":"https:\/\/www.topfastpcb.com\/products\/mcu\/#breadcrumb","itemListElement":[{"@type":"ListItem","position":1,"name":"\u9996\u9875","item":"https:\/\/www.topfastpcb.com\/"},{"@type":"ListItem","position":2,"name":"\u5546\u5e97","item":"https:\/\/www.topfastpcb.com\/shop\/"},{"@type":"ListItem","position":3,"name":"MCU(Microcontroller Unit)"}]},{"@type":"WebSite","@id":"https:\/\/www.topfastpcb.com\/#website","url":"https:\/\/www.topfastpcb.com\/","name":"Topfastpcb","description":"Topfast Prime Choice for Global Electronics Manufacturing","publisher":{"@id":"https:\/\/www.topfastpcb.com\/#organization"},"potentialAction":[{"@type":"SearchAction","target":{"@type":"EntryPoint","urlTemplate":"https:\/\/www.topfastpcb.com\/?s={search_term_string}"},"query-input":{"@type":"PropertyValueSpecification","valueRequired":true,"valueName":"search_term_string"}}],"inLanguage":"es"},{"@type":"Organization","@id":"https:\/\/www.topfastpcb.com\/#organization","name":"Topfastpcb","url":"https:\/\/www.topfastpcb.com\/","logo":{"@type":"ImageObject","inLanguage":"es","@id":"https:\/\/www.topfastpcb.com\/#\/schema\/logo\/image\/","url":"https:\/\/www.topfastpcb.com\/wp-content\/uploads\/2026\/02\/cropped-topfast-logo.png","contentUrl":"https:\/\/www.topfastpcb.com\/wp-content\/uploads\/2026\/02\/cropped-topfast-logo.png","width":144,"height":56,"caption":"Topfastpcb"},"image":{"@id":"https:\/\/www.topfastpcb.com\/#\/schema\/logo\/image\/"}}]}},"_links":{"self":[{"href":"https:\/\/www.topfastpcb.com\/es\/wp-json\/wp\/v2\/product\/3337","targetHints":{"allow":["GET"]}}],"collection":[{"href":"https:\/\/www.topfastpcb.com\/es\/wp-json\/wp\/v2\/product"}],"about":[{"href":"https:\/\/www.topfastpcb.com\/es\/wp-json\/wp\/v2\/types\/product"}],"replies":[{"embeddable":true,"href":"https:\/\/www.topfastpcb.com\/es\/wp-json\/wp\/v2\/comments?post=3337"}],"wp:featuredmedia":[{"embeddable":true,"href":"https:\/\/www.topfastpcb.com\/es\/wp-json\/wp\/v2\/media\/3339"}],"wp:attachment":[{"href":"https:\/\/www.topfastpcb.com\/es\/wp-json\/wp\/v2\/media?parent=3337"}],"wp:term":[{"taxonomy":"product_brand","embeddable":true,"href":"https:\/\/www.topfastpcb.com\/es\/wp-json\/wp\/v2\/product_brand?post=3337"},{"taxonomy":"product_cat","embeddable":true,"href":"https:\/\/www.topfastpcb.com\/es\/wp-json\/wp\/v2\/product_cat?post=3337"},{"taxonomy":"product_tag","embeddable":true,"href":"https:\/\/www.topfastpcb.com\/es\/wp-json\/wp\/v2\/product_tag?post=3337"}],"curies":[{"name":"wp","href":"https:\/\/api.w.org\/{rel}","templated":true}]}}