{"id":3349,"date":"2025-06-21T08:35:11","date_gmt":"2025-06-21T00:35:11","guid":{"rendered":"https:\/\/www.topfastpcb.com\/?post_type=product&#038;p=3349"},"modified":"2025-06-24T10:03:28","modified_gmt":"2025-06-24T02:03:28","slug":"turnkey-pcb-assembly-services","status":"publish","type":"product","link":"https:\/\/www.topfastpcb.com\/es\/products\/turnkey-pcb-assembly-services\/","title":{"rendered":"Servicios de montaje de PCB llave en mano"},"content":{"rendered":"<div id=\"ez-toc-container\" class=\"ez-toc-v2_0_74 counter-hierarchy ez-toc-counter ez-toc-custom ez-toc-container-direction\">\n<div class=\"ez-toc-title-container\">\n<p class=\"ez-toc-title\" style=\"cursor:inherit\">Tabla de contenidos<\/p>\n<span class=\"ez-toc-title-toggle\"><\/span><\/div>\n<nav><ul class='ez-toc-list ez-toc-list-level-1' ><li class='ez-toc-page-1 ez-toc-heading-level-2'><a class=\"ez-toc-link ez-toc-heading-1\" href=\"https:\/\/www.topfastpcb.com\/es\/products\/turnkey-pcb-assembly-services\/#Topfasts_Professional_Turnkey_PCB_Assembly_Services\" >Servicios profesionales de montaje de PCB llave en mano de Topfast?<\/a><ul class='ez-toc-list-level-3' ><li class='ez-toc-heading-level-3'><a class=\"ez-toc-link ez-toc-heading-2\" href=\"https:\/\/www.topfastpcb.com\/es\/products\/turnkey-pcb-assembly-services\/#End-to-End_Complete_Solution\" >Soluci\u00f3n completa de extremo a extremo<\/a><\/li><li class='ez-toc-page-1 ez-toc-heading-level-3'><a class=\"ez-toc-link ez-toc-heading-3\" href=\"https:\/\/www.topfastpcb.com\/es\/products\/turnkey-pcb-assembly-services\/#Rigorous_Quality_Assurance_System\" >Riguroso sistema de garant\u00eda de calidad<\/a><\/li><\/ul><\/li><li class='ez-toc-page-1 ez-toc-heading-level-2'><a class=\"ez-toc-link ez-toc-heading-4\" href=\"https:\/\/www.topfastpcb.com\/es\/products\/turnkey-pcb-assembly-services\/#Core_Advantages_of_Topfasts_Turnkey_Services\" >Principales ventajas de los servicios llave en mano de Topfast<\/a><ul class='ez-toc-list-level-3' ><li class='ez-toc-heading-level-3'><a class=\"ez-toc-link ez-toc-heading-5\" href=\"https:\/\/www.topfastpcb.com\/es\/products\/turnkey-pcb-assembly-services\/#Significantly_Reducing_Operational_Complexity_for_Clients\" >Reducci\u00f3n significativa de la complejidad operativa para los clientes<\/a><\/li><li class='ez-toc-page-1 ez-toc-heading-level-3'><a class=\"ez-toc-link ez-toc-heading-6\" href=\"https:\/\/www.topfastpcb.com\/es\/products\/turnkey-pcb-assembly-services\/#Flexible_Support_for_Various_Production_Needs\" >Soporte flexible para diversas necesidades de producci\u00f3n<\/a><\/li><li class='ez-toc-page-1 ez-toc-heading-level-3'><a class=\"ez-toc-link ez-toc-heading-7\" href=\"https:\/\/www.topfastpcb.com\/es\/products\/turnkey-pcb-assembly-services\/#Cost_Optimization_Risk_Control\" >Optimizaci\u00f3n de costes y control de riesgos<\/a><\/li><\/ul><\/li><li class='ez-toc-page-1 ez-toc-heading-level-2'><a class=\"ez-toc-link ez-toc-heading-8\" href=\"https:\/\/www.topfastpcb.com\/es\/products\/turnkey-pcb-assembly-services\/#Industry-Leading_Technical_Capabilities\" >Capacidades t\u00e9cnicas l\u00edderes del sector<\/a><\/li><li class='ez-toc-page-1 ez-toc-heading-level-2'><a class=\"ez-toc-link ez-toc-heading-9\" href=\"https:\/\/www.topfastpcb.com\/es\/products\/turnkey-pcb-assembly-services\/#Why_Global_Clients_Trust_Topfast\" >Por qu\u00e9 los clientes de todo el mundo conf\u00edan en Topfast<\/a><\/li><\/ul><\/nav><\/div>\n\n<p class=\"ds-markdown-paragraph\">En el acelerado panorama actual de desarrollo electr\u00f3nico, cada paso desde el dise\u00f1o conceptual hasta la producci\u00f3n en masa es cr\u00edtico. Como proveedor l\u00edder de soluciones de PCB con 17 a\u00f1os de experiencia en la industria, Topfast ofrece soluciones profesionales llave en mano. <a href=\"https:\/\/www.topfastpcb.com\/es\/products\/category\/pcba\/\">Servicios de montaje de PCB<\/a>ayudando a clientes de todo el mundo a transformar eficazmente dise\u00f1os innovadores en productos fiables y acortando considerablemente los plazos de comercializaci\u00f3n.<\/p>\n<h2><span class=\"ez-toc-section\" id=\"Topfasts_Professional_Turnkey_PCB_Assembly_Services\"><\/span>Servicios profesionales de montaje de PCB llave en mano de Topfast?<span class=\"ez-toc-section-end\"><\/span><\/h2>\n<h3><span class=\"ez-toc-section\" id=\"End-to-End_Complete_Solution\"><\/span>Soluci\u00f3n completa de extremo a extremo<span class=\"ez-toc-section-end\"><\/span><\/h3>\n<p class=\"ds-markdown-paragraph\">A diferencia de los fabricantes de PCB ordinarios, Topfast proporciona un servicio completo de cadena de valor desde la revisi\u00f3n del dise\u00f1o hasta la entrega final. Cuando elige nuestro servicio llave en mano, se beneficia de:<\/p>\n<ul>\n<li>\n<p class=\"ds-markdown-paragraph\"><strong>Soporte profesional de ingenier\u00eda DFM<\/strong>: Nuestro equipo t\u00e9cnico lleva a cabo un an\u00e1lisis exhaustivo del dise\u00f1o para la fabricaci\u00f3n (DFM) de los archivos Gerber y la lista de materiales al inicio del proyecto, lo que permite identificar posibles problemas desde el principio y ofrecer sugerencias de optimizaci\u00f3n para evitar costosas repeticiones posteriores.<\/p>\n<\/li>\n<li>\n<p class=\"ds-markdown-paragraph\"><strong>Fabricaci\u00f3n de placas de circuito impreso de alta calidad<\/strong>: Nuestra f\u00e1brica de 20.000 metros cuadrados est\u00e1 equipada con equipos avanzados como taladradoras l\u00e1ser y l\u00edneas de metalizado de agujeros pasantes VCP, capaces de producir placas r\u00edgidas, placas flexibles, placas r\u00edgido-flexibles, placas HDI, placas RF y m\u00e1s para satisfacer las diversas necesidades de la industria.<\/p>\n<\/li>\n<li>\n<p class=\"ds-markdown-paragraph\"><strong>Cadena de suministro de componentes fiable<\/strong>: Gracias a nuestra estrecha colaboraci\u00f3n con fabricantes de marcas de primer nivel, garantizamos la calidad de los componentes al tiempo que ofrecemos los precios m\u00e1s competitivos. Nuestra red mundial de proveedores puede responder r\u00e1pidamente a las distintas necesidades de componentes.<\/p>\n<\/li>\n<li>\n<p class=\"ds-markdown-paragraph\"><strong>Procesos de montaje de precisi\u00f3n<\/strong>: Utilizando tecnolog\u00edas de ensamblaje avanzadas como SMT, THT, retrabajo BGA y soldadura selectiva, junto con m\u00e1quinas de colocaci\u00f3n de alta precisi\u00f3n y t\u00e9cnicas de soldadura profesionales para garantizar que cada junta de soldadura cumpla las normas IPC-A-610.<\/p>\n<\/li>\n<\/ul>\n<h3><span class=\"ez-toc-section\" id=\"Rigorous_Quality_Assurance_System\"><\/span>Riguroso sistema de garant\u00eda de calidad<span class=\"ez-toc-section-end\"><\/span><\/h3>\n<p class=\"ds-markdown-paragraph\">Como un ISO 9001, ISO 13485, y fabricante profesional UL-certificado, Topfast implementa el control de calidad a traves de todo el proceso de produccion:<\/p>\n<ul>\n<li>\n<p class=\"ds-markdown-paragraph\"><strong>100% Pruebas el\u00e9ctricas<\/strong>: Todas las placas desnudas se someten a pruebas de sonda volante o fijaci\u00f3n para garantizar la conectividad de los circuitos.<\/p>\n<\/li>\n<li>\n<p class=\"ds-markdown-paragraph\"><strong>M\u00faltiples m\u00e9todos de inspecci\u00f3n<\/strong>: Combinaci\u00f3n de inspecci\u00f3n \u00f3ptica automatizada AOI, inspecci\u00f3n por rayos X (para BGAs\/juntas de soldadura ocultas) y pruebas funcionales para un control de calidad completo de PCBAs.<\/p>\n<\/li>\n<li>\n<p class=\"ds-markdown-paragraph\"><strong>Control ESD estricto<\/strong>: Aplicaci\u00f3n de medidas completas de protecci\u00f3n electrost\u00e1tica en el entorno de producci\u00f3n para evitar da\u00f1os en los componentes sensibles.<\/p>\n<\/li>\n<li>\n<p class=\"ds-markdown-paragraph\"><strong>Limpieza y envasado<\/strong>: Limpieza profesional tras el montaje y embalaje antiest\u00e1tico para garantizar un transporte seguro<\/p>\n<\/li>\n<\/ul>\n<h2><img loading=\"lazy\" decoding=\"async\" src=\"https:\/\/www.topfastpcb.com\/wp-content\/uploads\/2025\/06\/pcba1.jpg\" alt=\"Ensamblaje de PCB\" width=\"600\" height=\"402\" class=\"aligncenter size-full wp-image-3350\" srcset=\"https:\/\/www.topfastpcb.com\/wp-content\/uploads\/2025\/06\/pcba1.jpg 600w, https:\/\/www.topfastpcb.com\/wp-content\/uploads\/2025\/06\/pcba1-300x201.jpg 300w, https:\/\/www.topfastpcb.com\/wp-content\/uploads\/2025\/06\/pcba1-18x12.jpg 18w\" sizes=\"auto, (max-width: 600px) 100vw, 600px\" \/><\/h2>\n<h2><span class=\"ez-toc-section\" id=\"Core_Advantages_of_Topfasts_Turnkey_Services\"><\/span>Principales ventajas de los servicios llave en mano de Topfast<span class=\"ez-toc-section-end\"><\/span><\/h2>\n<h3><span class=\"ez-toc-section\" id=\"Significantly_Reducing_Operational_Complexity_for_Clients\"><\/span>Reducci\u00f3n significativa de la complejidad operativa para los clientes<span class=\"ez-toc-section-end\"><\/span><\/h3>\n<p class=\"ds-markdown-paragraph\">En los modelos tradicionales, los clientes tienen que coordinarse por separado con <a href=\"https:\/\/www.topfastpcb.com\/es\/products\/\">Fabricantes de PCB<\/a>Los proveedores de componentes y las f\u00e1bricas de ensamblaje, lo que se traduce en elevados costes de comunicaci\u00f3n y posibles errores. El servicio integral de Topfast significa que s\u00f3lo tiene que trabajar con un equipo profesional para completar todos los pasos, desde el dise\u00f1o hasta el producto acabado, lo que reduce enormemente las cargas de gesti\u00f3n.<\/p>\n<p class=\"ds-markdown-paragraph\">Nuestros datos muestran que los clientes que utilizan servicios llave en mano ahorran una media de m\u00e1s de 30% en tiempo de proyecto, lo que lo hace especialmente adecuado para empresas de nueva creaci\u00f3n o PYME con recursos limitados para sacar productos al mercado r\u00e1pidamente.<\/p>\n<h3><span class=\"ez-toc-section\" id=\"Flexible_Support_for_Various_Production_Needs\"><\/span>Soporte flexible para diversas necesidades de producci\u00f3n<span class=\"ez-toc-section-end\"><\/span><\/h3>\n<p class=\"ds-markdown-paragraph\">Tanto si necesita:<\/p>\n<ul>\n<li>\n<p class=\"ds-markdown-paragraph\"><strong>5-10 piezas para prototipado r\u00e1pido<\/strong><\/p>\n<\/li>\n<li>\n<p class=\"ds-markdown-paragraph\"><strong>50-1000 piezas para producci\u00f3n piloto de lotes peque\u00f1os<\/strong><\/p>\n<\/li>\n<li>\n<p class=\"ds-markdown-paragraph\"><strong>Decenas de miles de piezas para la producci\u00f3n en serie<\/strong><\/p>\n<\/li>\n<\/ul>\n<p class=\"ds-markdown-paragraph\">Topfast puede ofrecer soluciones a medida. Entendemos las diferentes necesidades en las distintas fases de desarrollo del producto y hemos establecido un sistema de producci\u00f3n flexible para ayudar a nuestros clientes desde la creaci\u00f3n de prototipos hasta la producci\u00f3n en serie.<\/p>\n<h3><span class=\"ez-toc-section\" id=\"Cost_Optimization_Risk_Control\"><\/span>Optimizaci\u00f3n de costes y control de riesgos<span class=\"ez-toc-section-end\"><\/span><\/h3>\n<p class=\"ds-markdown-paragraph\">Aprovechando las econom\u00edas de escala en adquisiciones y una experiencia madura en ingenier\u00eda, ofrecemos a los clientes:<\/p>\n<ul>\n<li>\n<p class=\"ds-markdown-paragraph\"><strong>An\u00e1lisis del coste de la lista de materiales<\/strong>: El equipo profesional revisa las listas de materiales y sugiere alternativas equivalentes para reducir costes<\/p>\n<\/li>\n<li>\n<p class=\"ds-markdown-paragraph\"><strong>Identificaci\u00f3n precoz del riesgo<\/strong>: El an\u00e1lisis DFM identifica por adelantado los defectos de dise\u00f1o, evitando costosas modificaciones en las \u00faltimas fases.<\/p>\n<\/li>\n<li>\n<p class=\"ds-markdown-paragraph\"><strong>Precios transparentes<\/strong>: Sin gastos ocultos, con la estructura de precios m\u00e1s competitiva del mercado<\/p>\n<\/li>\n<\/ul>\n<h2><span class=\"ez-toc-section\" id=\"Industry-Leading_Technical_Capabilities\"><\/span>Capacidades t\u00e9cnicas l\u00edderes del sector<span class=\"ez-toc-section-end\"><\/span><\/h2>\n<p class=\"ds-markdown-paragraph\">Topfast invierte continuamente en innovaci\u00f3n tecnol\u00f3gica, con nuestra f\u00e1brica equipada con:<\/p>\n<ul>\n<li>\n<p class=\"ds-markdown-paragraph\"><strong>Equipos de perforaci\u00f3n l\u00e1ser de alta precisi\u00f3n<\/strong>: Apoyo al procesamiento de microv\u00edas para los requisitos de las placas de IDH<\/p>\n<\/li>\n<li>\n<p class=\"ds-markdown-paragraph\"><strong>Sistemas de inspecci\u00f3n AOI por v\u00eda ciega<\/strong>: Garantizar la fiabilidad de las conexiones internas en placas multicapa<\/p>\n<\/li>\n<li>\n<p class=\"ds-markdown-paragraph\"><strong>L\u00edneas de producci\u00f3n de molienda de cer\u00e1mica<\/strong>: Tratamiento de superficies de alta precisi\u00f3n<\/p>\n<\/li>\n<li>\n<p class=\"ds-markdown-paragraph\"><strong>Taponadoras de resina al vac\u00edo<\/strong>: Mejora de la estabilidad estructural del tablero<\/p>\n<\/li>\n<\/ul>\n<p class=\"ds-markdown-paragraph\">Nuestro equipo t\u00e9cnico est\u00e1 formado por ingenieros experimentados capaces de manejar complejos dise\u00f1os de placas de circuito impreso, incluidos circuitos de RF de alta frecuencia, placas de interconexi\u00f3n de alta densidad (HDI) y placas de alimentaci\u00f3n de cobre grueso para aplicaciones especializadas.<\/p>\n<h2><span class=\"ez-toc-section\" id=\"Why_Global_Clients_Trust_Topfast\"><\/span>Por qu\u00e9 los clientes de todo el mundo conf\u00edan en Topfast<span class=\"ez-toc-section-end\"><\/span><\/h2>\n<p class=\"ds-markdown-paragraph\">Elegir un socio de montaje de PCB no es s\u00f3lo cuesti\u00f3n de costes, sino de calidad del producto y \u00e9xito del proyecto. Con 17 a\u00f1os de experiencia profesional, un s\u00f3lido sistema de calidad y una filosof\u00eda de servicio orientada al cliente, Topfast se ha convertido en el proveedor preferido de numerosas marcas internacionales.<\/p>\n<p class=\"ds-markdown-paragraph\">Entendemos que cada proyecto de PCB es portador de las visiones innovadoras de nuestros clientes, por lo que nos adherimos a una filosof\u00eda central de \"la calidad es lo primero\". A traves de un meticuloso control de procesos y metodos tecnicos avanzados, nos aseguramos de que cada placa de circuito impreso entregada cumpla o supere las expectativas. Desde dispositivos medicos a controles industriales, electronica de consumo a la electronica del automovil, los servicios llave en mano de Topfast han apoyado con exito cientos de productos a traves de la produccion en masa.<\/p>\n<p class=\"ds-markdown-paragraph\">Si est\u00e1 buscando soluciones de montaje de PCB fiables, eficientes y rentables, el equipo profesional de Topfast est\u00e1 listo para ayudarle. Si\u00e9ntase libre de enviar sus archivos de dise\u00f1o y lista de materiales para un <a href=\"https:\/\/www.topfastpcb.com\/es\/contact\/\">presupuesto instant\u00e1neo<\/a>y perm\u00edtanos ayudarle a convertir r\u00e1pidamente sus ideas en productos listos para el mercado.<\/p>","protected":false},"excerpt":{"rendered":"<p><span>Este art\u00edculo detalla las principales ventajas de los servicios profesionales de montaje de PCB llave en mano de Topfast, incluyendo soluciones de extremo a extremo, estricto control de calidad, soporte de producci\u00f3n flexible y capacidades de optimizaci\u00f3n de costes, mostrando su experiencia t\u00e9cnica y valor de servicio como proveedor de PCB l\u00edder en la industria para ayudar a los clientes a lograr una fabricaci\u00f3n eficiente de la electr\u00f3nica.<\/span><\/p>","protected":false},"featured_media":3351,"comment_status":"closed","ping_status":"closed","template":"","meta":[],"product_brand":[],"product_cat":[116],"product_tag":[231,207,291],"class_list":{"0":"post-3349","1":"product","2":"type-product","3":"status-publish","4":"has-post-thumbnail","6":"product_cat-pcba","7":"product_tag-pcb-assembly","8":"product_tag-pcba","9":"product_tag-turnkey-pcb-assembly","11":"first","12":"instock","13":"shipping-taxable","14":"product-type-simple"},"yoast_head":"<!-- This site is optimized with the Yoast SEO plugin v25.1 - https:\/\/yoast.com\/wordpress\/plugins\/seo\/ -->\n<title>Turnkey PCB Assembly Services - Topfastpcb<\/title>\n<meta name=\"description\" content=\"Topfast provides professional turnkey PCB assembly services with 17 years of experience in one-stop PCB fabrication, component procurement, precision assembly, and testing. ISO-certified quality system supports from prototyping to mass production, helping global clients accelerate product launches.\" \/>\n<meta name=\"robots\" content=\"index, follow, max-snippet:-1, max-image-preview:large, max-video-preview:-1\" \/>\n<link rel=\"canonical\" href=\"https:\/\/www.topfastpcb.com\/es\/products\/turnkey-pcb-assembly-services\/\" \/>\n<meta property=\"og:locale\" content=\"es_ES\" \/>\n<meta property=\"og:type\" content=\"article\" \/>\n<meta property=\"og:title\" content=\"Turnkey PCB Assembly Services - Topfastpcb\" \/>\n<meta property=\"og:description\" content=\"Topfast provides professional turnkey PCB assembly services with 17 years of experience in one-stop PCB fabrication, component procurement, precision assembly, and testing. ISO-certified quality system supports from prototyping to mass production, helping global clients accelerate product launches.\" \/>\n<meta property=\"og:url\" content=\"https:\/\/www.topfastpcb.com\/es\/products\/turnkey-pcb-assembly-services\/\" \/>\n<meta property=\"og:site_name\" content=\"Topfastpcb\" \/>\n<meta property=\"article:modified_time\" content=\"2025-06-24T02:03:28+00:00\" \/>\n<meta property=\"og:image\" content=\"https:\/\/www.topfastpcb.com\/wp-content\/uploads\/2025\/06\/pcba13.jpg\" \/>\n\t<meta property=\"og:image:width\" content=\"750\" \/>\n\t<meta property=\"og:image:height\" content=\"750\" \/>\n\t<meta property=\"og:image:type\" content=\"image\/jpeg\" \/>\n<meta name=\"twitter:card\" content=\"summary_large_image\" \/>\n<meta name=\"twitter:label1\" content=\"Tiempo de lectura\" \/>\n\t<meta name=\"twitter:data1\" content=\"4 minutos\" \/>\n<script type=\"application\/ld+json\" class=\"yoast-schema-graph\">{\"@context\":\"https:\/\/schema.org\",\"@graph\":[{\"@type\":\"WebPage\",\"@id\":\"https:\/\/www.topfastpcb.com\/products\/turnkey-pcb-assembly-services\/\",\"url\":\"https:\/\/www.topfastpcb.com\/products\/turnkey-pcb-assembly-services\/\",\"name\":\"Turnkey PCB Assembly Services - Topfastpcb\",\"isPartOf\":{\"@id\":\"https:\/\/www.topfastpcb.com\/#website\"},\"primaryImageOfPage\":{\"@id\":\"https:\/\/www.topfastpcb.com\/products\/turnkey-pcb-assembly-services\/#primaryimage\"},\"image\":{\"@id\":\"https:\/\/www.topfastpcb.com\/products\/turnkey-pcb-assembly-services\/#primaryimage\"},\"thumbnailUrl\":\"https:\/\/www.topfastpcb.com\/wp-content\/uploads\/2025\/06\/pcba13.jpg\",\"datePublished\":\"2025-06-21T00:35:11+00:00\",\"dateModified\":\"2025-06-24T02:03:28+00:00\",\"description\":\"Topfast provides professional turnkey PCB assembly services with 17 years of experience in one-stop PCB fabrication, component procurement, precision assembly, and testing. ISO-certified quality system supports from prototyping to mass production, helping global clients accelerate product launches.\",\"breadcrumb\":{\"@id\":\"https:\/\/www.topfastpcb.com\/products\/turnkey-pcb-assembly-services\/#breadcrumb\"},\"inLanguage\":\"es\",\"potentialAction\":[{\"@type\":\"ReadAction\",\"target\":[\"https:\/\/www.topfastpcb.com\/products\/turnkey-pcb-assembly-services\/\"]}]},{\"@type\":\"ImageObject\",\"inLanguage\":\"es\",\"@id\":\"https:\/\/www.topfastpcb.com\/products\/turnkey-pcb-assembly-services\/#primaryimage\",\"url\":\"https:\/\/www.topfastpcb.com\/wp-content\/uploads\/2025\/06\/pcba13.jpg\",\"contentUrl\":\"https:\/\/www.topfastpcb.com\/wp-content\/uploads\/2025\/06\/pcba13.jpg\",\"width\":750,\"height\":750,\"caption\":\"Turnkey PCB Assembly\"},{\"@type\":\"BreadcrumbList\",\"@id\":\"https:\/\/www.topfastpcb.com\/products\/turnkey-pcb-assembly-services\/#breadcrumb\",\"itemListElement\":[{\"@type\":\"ListItem\",\"position\":1,\"name\":\"\u9996\u9875\",\"item\":\"https:\/\/www.topfastpcb.com\/\"},{\"@type\":\"ListItem\",\"position\":2,\"name\":\"\u5546\u5e97\",\"item\":\"https:\/\/www.topfastpcb.com\/shop\/\"},{\"@type\":\"ListItem\",\"position\":3,\"name\":\"Turnkey PCB Assembly Services\"}]},{\"@type\":\"WebSite\",\"@id\":\"https:\/\/www.topfastpcb.com\/#website\",\"url\":\"https:\/\/www.topfastpcb.com\/\",\"name\":\"Topfastpcb\",\"description\":\"Topfast Prime Choice for Global Electronics Manufacturing\",\"publisher\":{\"@id\":\"https:\/\/www.topfastpcb.com\/#organization\"},\"potentialAction\":[{\"@type\":\"SearchAction\",\"target\":{\"@type\":\"EntryPoint\",\"urlTemplate\":\"https:\/\/www.topfastpcb.com\/?s={search_term_string}\"},\"query-input\":{\"@type\":\"PropertyValueSpecification\",\"valueRequired\":true,\"valueName\":\"search_term_string\"}}],\"inLanguage\":\"es\"},{\"@type\":\"Organization\",\"@id\":\"https:\/\/www.topfastpcb.com\/#organization\",\"name\":\"Topfastpcb\",\"url\":\"https:\/\/www.topfastpcb.com\/\",\"logo\":{\"@type\":\"ImageObject\",\"inLanguage\":\"es\",\"@id\":\"https:\/\/www.topfastpcb.com\/#\/schema\/logo\/image\/\",\"url\":\"https:\/\/www.topfastpcb.com\/wp-content\/uploads\/2026\/02\/cropped-topfast-logo.png\",\"contentUrl\":\"https:\/\/www.topfastpcb.com\/wp-content\/uploads\/2026\/02\/cropped-topfast-logo.png\",\"width\":144,\"height\":56,\"caption\":\"Topfastpcb\"},\"image\":{\"@id\":\"https:\/\/www.topfastpcb.com\/#\/schema\/logo\/image\/\"}}]}<\/script>\n<!-- \/ Yoast SEO plugin. -->","yoast_head_json":{"title":"Turnkey PCB Assembly Services - Topfastpcb","description":"Topfast provides professional turnkey PCB assembly services with 17 years of experience in one-stop PCB fabrication, component procurement, precision assembly, and testing. ISO-certified quality system supports from prototyping to mass production, helping global clients accelerate product launches.","robots":{"index":"index","follow":"follow","max-snippet":"max-snippet:-1","max-image-preview":"max-image-preview:large","max-video-preview":"max-video-preview:-1"},"canonical":"https:\/\/www.topfastpcb.com\/es\/products\/turnkey-pcb-assembly-services\/","og_locale":"es_ES","og_type":"article","og_title":"Turnkey PCB Assembly Services - Topfastpcb","og_description":"Topfast provides professional turnkey PCB assembly services with 17 years of experience in one-stop PCB fabrication, component procurement, precision assembly, and testing. ISO-certified quality system supports from prototyping to mass production, helping global clients accelerate product launches.","og_url":"https:\/\/www.topfastpcb.com\/es\/products\/turnkey-pcb-assembly-services\/","og_site_name":"Topfastpcb","article_modified_time":"2025-06-24T02:03:28+00:00","og_image":[{"width":750,"height":750,"url":"https:\/\/www.topfastpcb.com\/wp-content\/uploads\/2025\/06\/pcba13.jpg","type":"image\/jpeg"}],"twitter_card":"summary_large_image","twitter_misc":{"Tiempo de lectura":"4 minutos"},"schema":{"@context":"https:\/\/schema.org","@graph":[{"@type":"WebPage","@id":"https:\/\/www.topfastpcb.com\/products\/turnkey-pcb-assembly-services\/","url":"https:\/\/www.topfastpcb.com\/products\/turnkey-pcb-assembly-services\/","name":"Turnkey PCB Assembly Services - Topfastpcb","isPartOf":{"@id":"https:\/\/www.topfastpcb.com\/#website"},"primaryImageOfPage":{"@id":"https:\/\/www.topfastpcb.com\/products\/turnkey-pcb-assembly-services\/#primaryimage"},"image":{"@id":"https:\/\/www.topfastpcb.com\/products\/turnkey-pcb-assembly-services\/#primaryimage"},"thumbnailUrl":"https:\/\/www.topfastpcb.com\/wp-content\/uploads\/2025\/06\/pcba13.jpg","datePublished":"2025-06-21T00:35:11+00:00","dateModified":"2025-06-24T02:03:28+00:00","description":"Topfast provides professional turnkey PCB assembly services with 17 years of experience in one-stop PCB fabrication, component procurement, precision assembly, and testing. ISO-certified quality system supports from prototyping to mass production, helping global clients accelerate product launches.","breadcrumb":{"@id":"https:\/\/www.topfastpcb.com\/products\/turnkey-pcb-assembly-services\/#breadcrumb"},"inLanguage":"es","potentialAction":[{"@type":"ReadAction","target":["https:\/\/www.topfastpcb.com\/products\/turnkey-pcb-assembly-services\/"]}]},{"@type":"ImageObject","inLanguage":"es","@id":"https:\/\/www.topfastpcb.com\/products\/turnkey-pcb-assembly-services\/#primaryimage","url":"https:\/\/www.topfastpcb.com\/wp-content\/uploads\/2025\/06\/pcba13.jpg","contentUrl":"https:\/\/www.topfastpcb.com\/wp-content\/uploads\/2025\/06\/pcba13.jpg","width":750,"height":750,"caption":"Turnkey PCB Assembly"},{"@type":"BreadcrumbList","@id":"https:\/\/www.topfastpcb.com\/products\/turnkey-pcb-assembly-services\/#breadcrumb","itemListElement":[{"@type":"ListItem","position":1,"name":"\u9996\u9875","item":"https:\/\/www.topfastpcb.com\/"},{"@type":"ListItem","position":2,"name":"\u5546\u5e97","item":"https:\/\/www.topfastpcb.com\/shop\/"},{"@type":"ListItem","position":3,"name":"Turnkey PCB Assembly Services"}]},{"@type":"WebSite","@id":"https:\/\/www.topfastpcb.com\/#website","url":"https:\/\/www.topfastpcb.com\/","name":"Topfastpcb","description":"Topfast Prime Choice for Global Electronics Manufacturing","publisher":{"@id":"https:\/\/www.topfastpcb.com\/#organization"},"potentialAction":[{"@type":"SearchAction","target":{"@type":"EntryPoint","urlTemplate":"https:\/\/www.topfastpcb.com\/?s={search_term_string}"},"query-input":{"@type":"PropertyValueSpecification","valueRequired":true,"valueName":"search_term_string"}}],"inLanguage":"es"},{"@type":"Organization","@id":"https:\/\/www.topfastpcb.com\/#organization","name":"Topfastpcb","url":"https:\/\/www.topfastpcb.com\/","logo":{"@type":"ImageObject","inLanguage":"es","@id":"https:\/\/www.topfastpcb.com\/#\/schema\/logo\/image\/","url":"https:\/\/www.topfastpcb.com\/wp-content\/uploads\/2026\/02\/cropped-topfast-logo.png","contentUrl":"https:\/\/www.topfastpcb.com\/wp-content\/uploads\/2026\/02\/cropped-topfast-logo.png","width":144,"height":56,"caption":"Topfastpcb"},"image":{"@id":"https:\/\/www.topfastpcb.com\/#\/schema\/logo\/image\/"}}]}},"_links":{"self":[{"href":"https:\/\/www.topfastpcb.com\/es\/wp-json\/wp\/v2\/product\/3349","targetHints":{"allow":["GET"]}}],"collection":[{"href":"https:\/\/www.topfastpcb.com\/es\/wp-json\/wp\/v2\/product"}],"about":[{"href":"https:\/\/www.topfastpcb.com\/es\/wp-json\/wp\/v2\/types\/product"}],"replies":[{"embeddable":true,"href":"https:\/\/www.topfastpcb.com\/es\/wp-json\/wp\/v2\/comments?post=3349"}],"wp:featuredmedia":[{"embeddable":true,"href":"https:\/\/www.topfastpcb.com\/es\/wp-json\/wp\/v2\/media\/3351"}],"wp:attachment":[{"href":"https:\/\/www.topfastpcb.com\/es\/wp-json\/wp\/v2\/media?parent=3349"}],"wp:term":[{"taxonomy":"product_brand","embeddable":true,"href":"https:\/\/www.topfastpcb.com\/es\/wp-json\/wp\/v2\/product_brand?post=3349"},{"taxonomy":"product_cat","embeddable":true,"href":"https:\/\/www.topfastpcb.com\/es\/wp-json\/wp\/v2\/product_cat?post=3349"},{"taxonomy":"product_tag","embeddable":true,"href":"https:\/\/www.topfastpcb.com\/es\/wp-json\/wp\/v2\/product_tag?post=3349"}],"curies":[{"name":"wp","href":"https:\/\/api.w.org\/{rel}","templated":true}]}}