{"id":3432,"date":"2025-06-25T08:20:21","date_gmt":"2025-06-25T00:20:21","guid":{"rendered":"https:\/\/www.topfastpcb.com\/?post_type=product&#038;p=3432"},"modified":"2025-06-24T11:51:05","modified_gmt":"2025-06-24T03:51:05","slug":"diode","status":"publish","type":"product","link":"https:\/\/www.topfastpcb.com\/es\/products\/diode\/","title":{"rendered":"Diodo"},"content":{"rendered":"<div id=\"ez-toc-container\" class=\"ez-toc-v2_0_74 counter-hierarchy ez-toc-counter ez-toc-custom ez-toc-container-direction\">\n<div class=\"ez-toc-title-container\">\n<p class=\"ez-toc-title\" style=\"cursor:inherit\">Tabla de contenidos<\/p>\n<span class=\"ez-toc-title-toggle\"><\/span><\/div>\n<nav><ul class='ez-toc-list ez-toc-list-level-1' ><li class='ez-toc-page-1 ez-toc-heading-level-2'><a class=\"ez-toc-link ez-toc-heading-1\" href=\"https:\/\/www.topfastpcb.com\/es\/products\/diode\/#The_Importance_of_Diode_Selection\" >La importancia de la selecci\u00f3n de diodos<\/a><\/li><li class='ez-toc-page-1 ez-toc-heading-level-2'><a class=\"ez-toc-link ez-toc-heading-2\" href=\"https:\/\/www.topfastpcb.com\/es\/products\/diode\/#Our_Professional_Diode_Procurement_Advantages\" >Nuestras ventajas profesionales en la adquisici\u00f3n de diodos<\/a><\/li><li class='ez-toc-page-1 ez-toc-heading-level-2'><a class=\"ez-toc-link ez-toc-heading-3\" href=\"https:\/\/www.topfastpcb.com\/es\/products\/diode\/#Diodes_and_PCB_manufacturing_complement_each_other\" >Los diodos y la fabricaci\u00f3n de placas de circuito impreso se complementan<\/a><\/li><li class='ez-toc-page-1 ez-toc-heading-level-2'><a class=\"ez-toc-link ez-toc-heading-4\" href=\"https:\/\/www.topfastpcb.com\/es\/products\/diode\/#Industry-Specific_Diode_Solutions\" >Soluciones de diodos espec\u00edficas para el sector<\/a><\/li><li class='ez-toc-page-1 ez-toc-heading-level-2'><a class=\"ez-toc-link ez-toc-heading-5\" href=\"https:\/\/www.topfastpcb.com\/es\/products\/diode\/#One-stop_solution_from_prototype_to_mass_production\" >Soluci\u00f3n integral desde el prototipo hasta la producci\u00f3n en serie<\/a><\/li><li class='ez-toc-page-1 ez-toc-heading-level-2'><a class=\"ez-toc-link ez-toc-heading-6\" href=\"https:\/\/www.topfastpcb.com\/es\/products\/diode\/#Why_choose_Topfast\" >\u00bfPor qu\u00e9 elegir Topfast?<\/a><ul class='ez-toc-list-level-3' ><li class='ez-toc-heading-level-3'><a class=\"ez-toc-link ez-toc-heading-7\" href=\"https:\/\/www.topfastpcb.com\/es\/products\/diode\/#Get_Your_Custom_Diode_Solution_Now\" >Obtenga ya su soluci\u00f3n de diodos personalizada<\/a><\/li><\/ul><\/li><\/ul><\/nav><\/div>\n\n<p class=\"ds-markdown-paragraph\">Al ser el componente semiconductor m\u00e1s fundamental y cr\u00edtico, los diodos se utilizan en pr\u00e1cticamente todos los circuitos, desde la simple rectificaci\u00f3n de potencia hasta el complejo procesamiento de se\u00f1ales de alta frecuencia. El rendimiento de los diodos afecta directamente a la fiabilidad y eficacia de todo el sistema electr\u00f3nico. Con 17 a\u00f1os de experiencia como experto en fabricaci\u00f3n de PCB, Topfast ofrece soluciones de PCB de alta calidad y de una sola parada para asegurar que sus dise\u00f1os alcancen un rendimiento \u00f3ptimo desde los componentes hasta las placas terminadas.<\/p>\n<h2><span class=\"ez-toc-section\" id=\"The_Importance_of_Diode_Selection\"><\/span>La importancia de la selecci\u00f3n de diodos<span class=\"ez-toc-section-end\"><\/span><\/h2>\n<p class=\"ds-markdown-paragraph\">Los diodos controlan el flujo unidireccional de corriente en los circuitos electr\u00f3nicos.Elegir el diodo equivocado puede provocar<\/p>\n<ul>\n<li>\n<p class=\"ds-markdown-paragraph\"><strong>Baja eficiencia energ\u00e9tica<\/strong><span>\u00a0<\/span>(excesiva ca\u00edda de tensi\u00f3n directa al utilizar diodos rectificadores est\u00e1ndar en lugar de diodos Schottky)<\/p>\n<\/li>\n<li>\n<p class=\"ds-markdown-paragraph\"><strong>Inestabilidad del sistema<\/strong><span>\u00a0<\/span>(da\u00f1os electrost\u00e1ticos debidos a una protecci\u00f3n inadecuada del diodo TVS)<\/p>\n<\/li>\n<li>\n<p class=\"ds-markdown-paragraph\"><strong>Degradaci\u00f3n de la integridad de la se\u00f1al<\/strong><span>\u00a0<\/span>(selecci\u00f3n incorrecta del diodo de punto de contacto en aplicaciones de alta frecuencia)<\/p>\n<\/li>\n<li>\n<p class=\"ds-markdown-paragraph\"><strong>Reducci\u00f3n de la vida \u00fatil del producto<\/strong><span>\u00a0<\/span>(funcionamiento inestable por selecci\u00f3n incorrecta del diodo Zener)<\/p>\n<\/li>\n<\/ul>\n<p class=\"ds-markdown-paragraph\">A menudo nos encontramos con clientes que buscan ayuda por fallos en el dise\u00f1o de placas de circuito impreso, cuya causa principal suele estar en una selecci\u00f3n incorrecta de diodos. Por ejemplo, un fabricante de equipos de control industrial utiliz\u00f3 inicialmente diodos rectificadores est\u00e1ndar, lo que dio como resultado una eficiencia del m\u00f3dulo de potencia de s\u00f3lo el 78%. Tras nuestra recomendaci\u00f3n profesional de cambiar a diodos Schottky de bajo VF, la eficiencia mejor\u00f3 hasta el 92%, con una reducci\u00f3n de 15 \u00b0C en el aumento de temperatura.<\/p>\n<h2><img loading=\"lazy\" decoding=\"async\" src=\"https:\/\/www.topfastpcb.com\/wp-content\/uploads\/2025\/06\/diode.jpg\" alt=\"diodo\" width=\"600\" height=\"402\" class=\"aligncenter size-full wp-image-3435\" srcset=\"https:\/\/www.topfastpcb.com\/wp-content\/uploads\/2025\/06\/diode.jpg 600w, https:\/\/www.topfastpcb.com\/wp-content\/uploads\/2025\/06\/diode-300x201.jpg 300w, https:\/\/www.topfastpcb.com\/wp-content\/uploads\/2025\/06\/diode-18x12.jpg 18w\" sizes=\"auto, (max-width: 600px) 100vw, 600px\" \/><\/h2>\n<h2><span class=\"ez-toc-section\" id=\"Our_Professional_Diode_Procurement_Advantages\"><\/span>Nuestras ventajas profesionales en la adquisici\u00f3n de diodos<span class=\"ez-toc-section-end\"><\/span><\/h2>\n<p class=\"ds-markdown-paragraph\">Como proveedor integral de soluciones de PCB, hemos creado una s\u00f3lida red de cadena de suministro de diodos, que ofrece:<\/p>\n<ol start=\"1\">\n<li>\n<p class=\"ds-markdown-paragraph\"><strong>Soporte de diodos de categor\u00eda completa<\/strong>: M\u00e1s de 2000 modelos, desde diodos de uni\u00f3n PN b\u00e1sicos hasta diodos PIN y diodos varactor especializados.<\/p>\n<\/li>\n<li>\n<p class=\"ds-markdown-paragraph\"><strong>Canales de proveedores autorizados<\/strong>: Las asociaciones con marcas l\u00edderes como ON Semiconductor, Vishay y Diodes Inc. garantizan la autenticidad de los componentes.<\/p>\n<\/li>\n<li>\n<p class=\"ds-markdown-paragraph\"><strong>Servicio de correspondencia t\u00e9cnica<\/strong>: Nuestro equipo de ingenieros le recomienda los tipos de diodos m\u00e1s adecuados en funci\u00f3n de su aplicaci\u00f3n (potencia\/se\u00f1al\/protecci\u00f3n).<\/p>\n<\/li>\n<li>\n<p class=\"ds-markdown-paragraph\"><strong>Soluciones de optimizaci\u00f3n de costes<\/strong>Para la producci\u00f3n de grandes vol\u00famenes, ofrecemos sugerencias de modelos alternativos para reducir los costes de la lista de materiales sin comprometer el rendimiento.<\/p>\n<\/li>\n<\/ol>\n<h2><span class=\"ez-toc-section\" id=\"Diodes_and_PCB_manufacturing_complement_each_other\"><\/span>Diodos y <a href=\"https:\/\/www.topfastpcb.com\/es\/\">Fabricaci\u00f3n de PCB<\/a> se complementan<span class=\"ez-toc-section-end\"><\/span><\/h2>\n<p class=\"ds-markdown-paragraph\">Una vez adquiridos los componentes, hay que montarlos perfectamente en la placa de circuito impreso. <a href=\"https:\/\/www.topfastpcb.com\/es\/blog\/what-is-a-pcb-design\/\">Dise\u00f1o de PCB<\/a> tambi\u00e9n es muy importante, ya que afecta a la estabilidad y fiabilidad del producto acabado. Los servicios de valor a\u00f1adido que ofrecemos incluyen:<\/p>\n<ul>\n<li>\n<p class=\"ds-markdown-paragraph\"><strong>An\u00e1lisis de dise\u00f1o t\u00e9rmico<\/strong>: Optimizaci\u00f3n de la colocaci\u00f3n del diodo rectificador de alta corriente para evitar el sobrecalentamiento localizado.<\/p>\n<\/li>\n<li>\n<p class=\"ds-markdown-paragraph\"><strong>Simulaci\u00f3n de integridad de se\u00f1al<\/strong>Evaluaci\u00f3n del impacto de los diodos Schottky de alta velocidad en la calidad de la se\u00f1al.<\/p>\n<\/li>\n<li>\n<p class=\"ds-markdown-paragraph\"><strong>Soluciones de protecci\u00f3n ESD<\/strong>: Dise\u00f1o de redes de protecci\u00f3n de diodos TVS para circuitos sensibles.<\/p>\n<\/li>\n<li>\n<p class=\"ds-markdown-paragraph\"><strong>Revisi\u00f3n de la fabricabilidad<\/strong>Garantizar la compatibilidad del embalaje de los diodos con los procesos de las placas de circuito impreso.<\/p>\n<\/li>\n<\/ul>\n<p class=\"ds-markdown-paragraph\">En un reciente proyecto de electr\u00f3nica del autom\u00f3vil, redise\u00f1amos la disposici\u00f3n de los diodos en un circuito de controladores LED, mejorando el rendimiento de producci\u00f3n del 83% al 99,6%.Adem\u00e1s, al optimizar la selecci\u00f3n de diodos Zener, la precisi\u00f3n de la regulaci\u00f3n de tensi\u00f3n aument\u00f3 un 30%.<\/p>\n<h2><span class=\"ez-toc-section\" id=\"Industry-Specific_Diode_Solutions\"><\/span>Soluciones de diodos espec\u00edficas para el sector<span class=\"ez-toc-section-end\"><\/span><\/h2>\n<p class=\"ds-markdown-paragraph\">Las distintas aplicaciones exigen requisitos de diodos \u00fanicos:<\/p>\n<p class=\"ds-markdown-paragraph\"><strong>Electr\u00f3nica automotriz<\/strong>:<\/p>\n<ul>\n<li>\n<p class=\"ds-markdown-paragraph\">Diodos para automoci\u00f3n conformes con AEC-Q101<\/p>\n<\/li>\n<li>\n<p class=\"ds-markdown-paragraph\">Soluciones de protecci\u00f3n de diodos TVS resistentes a altas vibraciones<\/p>\n<\/li>\n<li>\n<p class=\"ds-markdown-paragraph\">Diodos rectificadores Schottky de amplio rango de temperatura (-40\u00b0C a 150\u00b0C)<\/p>\n<\/li>\n<\/ul>\n<p class=\"ds-markdown-paragraph\"><strong>Control industrial<\/strong>:<\/p>\n<ul>\n<li>\n<p class=\"ds-markdown-paragraph\">Soluciones SCR (rectificador controlado por silicio) de alta corriente<\/p>\n<\/li>\n<li>\n<p class=\"ds-markdown-paragraph\">Diodos optoacopladores de alta tensi\u00f3n de aislamiento<\/p>\n<\/li>\n<li>\n<p class=\"ds-markdown-paragraph\">Conjuntos de diodos de recuperaci\u00f3n r\u00e1pida resistentes a la EMI<\/p>\n<\/li>\n<\/ul>\n<p class=\"ds-markdown-paragraph\"><strong>Dispositivos m\u00e9dicos<\/strong>:<\/p>\n<ul>\n<li>\n<p class=\"ds-markdown-paragraph\">Diodos de se\u00f1al de precisi\u00f3n de baja fuga<\/p>\n<\/li>\n<li>\n<p class=\"ds-markdown-paragraph\">Diodos de aislamiento compatibles con la seguridad m\u00e9dica<\/p>\n<\/li>\n<li>\n<p class=\"ds-markdown-paragraph\">Diodos Zener de alta fiabilidad para equipos de soporte vital<\/p>\n<\/li>\n<\/ul>\n<p class=\"ds-markdown-paragraph\"><strong>Productos IoT<\/strong>:<\/p>\n<ul>\n<li>\n<p class=\"ds-markdown-paragraph\">Optimizaci\u00f3n del diodo de cuerpo del MOSFET de potencia ultrabaja<\/p>\n<\/li>\n<li>\n<p class=\"ds-markdown-paragraph\">Soluciones de fotodiodos para la captaci\u00f3n de energ\u00eda<\/p>\n<\/li>\n<li>\n<p class=\"ds-markdown-paragraph\">Componentes de diodos en envase miniatura (SOD-323, etc.)<\/p>\n<\/li>\n<\/ul>\n<h2><span class=\"ez-toc-section\" id=\"One-stop_solution_from_prototype_to_mass_production\"><\/span>Soluci\u00f3n integral desde el prototipo hasta la producci\u00f3n en serie<span class=\"ez-toc-section-end\"><\/span><\/h2>\n<p class=\"ds-markdown-paragraph\">Entendemos que el desarrollo electr\u00f3nico es un proceso iterativo, por lo que ofrecemos un apoyo flexible:<\/p>\n<ol start=\"1\">\n<li>\n<p class=\"ds-markdown-paragraph\"><strong>Fase de creaci\u00f3n de prototipos<\/strong>:<\/p>\n<ul>\n<li>\n<p class=\"ds-markdown-paragraph\">Suministro r\u00e1pido de lotes peque\u00f1os de diodos de m\u00faltiples variedades<\/p>\n<\/li>\n<li>\n<p class=\"ds-markdown-paragraph\">Ensayos de muestras de ingenier\u00eda gratuitos<\/p>\n<\/li>\n<li>\n<p class=\"ds-markdown-paragraph\">Revisi\u00f3n del dise\u00f1o de la placa de circuito impreso y asesoramiento para la selecci\u00f3n de diodos<\/p>\n<\/li>\n<\/ul>\n<\/li>\n<li>\n<p class=\"ds-markdown-paragraph\"><strong>Fase de producci\u00f3n piloto<\/strong>:<\/p>\n<ul>\n<li>\n<p class=\"ds-markdown-paragraph\">Evaluaci\u00f3n de riesgos en la cadena de suministro y soluciones de seguridad<\/p>\n<\/li>\n<li>\n<p class=\"ds-markdown-paragraph\">Pruebas de coherencia de los par\u00e1metros de los diodos<\/p>\n<\/li>\n<li>\n<p class=\"ds-markdown-paragraph\">Apoyo al desarrollo de bancos de pruebas de producci\u00f3n<\/p>\n<\/li>\n<\/ul>\n<\/li>\n<li>\n<p class=\"ds-markdown-paragraph\"><strong>Fase de producci\u00f3n en serie<\/strong>:<\/p>\n<ul>\n<li>\n<p class=\"ds-markdown-paragraph\">Garant\u00eda de suministro de diodos estable a largo plazo<\/p>\n<\/li>\n<li>\n<p class=\"ds-markdown-paragraph\">Trazabilidad de los lotes y documentaci\u00f3n de calidad<\/p>\n<\/li>\n<li>\n<p class=\"ds-markdown-paragraph\">Reducci\u00f3n continua de costes y soluciones alternativas<\/p>\n<\/li>\n<\/ul>\n<\/li>\n<\/ol>\n<p class=\"ds-markdown-paragraph\">El caso de un cliente de hogares inteligentes demostr\u00f3 que nuestros servicios de ciclo completo redujeron el tiempo de transici\u00f3n de su producto desde el prototipo hasta la producci\u00f3n en serie en un 40%, eliminaron los problemas de calidad relacionados con los diodos y redujeron los costes de adquisici\u00f3n en un 22%.<\/p>\n<h2><span class=\"ez-toc-section\" id=\"Why_choose_Topfast\"><\/span>\u00bfPor qu\u00e9 elegir <a href=\"https:\/\/www.topfastpcb.com\/es\/about\/\">Topfast<\/a>?<span class=\"ez-toc-section-end\"><\/span><\/h2>\n<p class=\"ds-markdown-paragraph\">En el competitivo sector de la fabricaci\u00f3n electr\u00f3nica, ofrecemos<span>\u00a0<\/span><strong>impulsado por la tecnolog\u00eda<\/strong><span>\u00a0<\/span>servicios:<\/p>\n<ul>\n<li>\n<p class=\"ds-markdown-paragraph\"><strong>17 a\u00f1os de experiencia especializada<\/strong>: Atendi\u00f3 a m\u00e1s de 3800 clientes y realiz\u00f3 m\u00e1s de 15000 proyectos relacionados con diodos.<\/p>\n<\/li>\n<li>\n<p class=\"ds-markdown-paragraph\"><strong>Certificaci\u00f3n UL\/ISO9001<\/strong>: Un estricto control de calidad garantiza la fiabilidad de los diodos.<\/p>\n<\/li>\n<li>\n<p class=\"ds-markdown-paragraph\"><strong>Prototipos r\u00e1pidos en 48 horas<\/strong>: Apoyo de emergencia al proyecto, incluida la adquisici\u00f3n de diodos y la fabricaci\u00f3n de placas de circuito impreso.<\/p>\n<\/li>\n<li>\n<p class=\"ds-markdown-paragraph\"><strong>Red Log\u00edstica Mundial<\/strong>: Entrega justo a tiempo (JIT) para reducir la presi\u00f3n de los inventarios de los clientes.<\/p>\n<\/li>\n<li>\n<p class=\"ds-markdown-paragraph\"><strong>Equipo de expertos en ingenier\u00eda<\/strong>: Los FAE, con una media de 10 a\u00f1os de experiencia en el sector, ofrecen apoyo personalizado.<\/p>\n<\/li>\n<\/ul>\n<p class=\"ds-markdown-paragraph\">Somos conscientes de que para fabricar placas de circuito impreso excepcionales no s\u00f3lo se necesitan equipos avanzados, sino tambi\u00e9n un profundo conocimiento de los componentes.Nuestro profundo conocimiento de las caracter\u00edsticas de los diodos nos permite ofrecer soluciones realmente valiosas, no solo la fabricaci\u00f3n de placas de circuitos.<\/p>\n<h3><span class=\"ez-toc-section\" id=\"Get_Your_Custom_Diode_Solution_Now\"><\/span><a href=\"https:\/\/www.topfastpcb.com\/es\/contact\/\">Obtenga ya su soluci\u00f3n de diodos personalizada<\/a><span class=\"ez-toc-section-end\"><\/span><\/h3>\n<p class=\"ds-markdown-paragraph\">Sea cual sea la fase de desarrollo de su producto, nuestro equipo de expertos est\u00e1 preparado para ayudarle.Env\u00ede sus requisitos y reciba:<\/p>\n<ul>\n<li>\n<p class=\"ds-markdown-paragraph\">Propuesta inicial y presupuesto en<span>\u00a0<\/span><strong>1 hora<\/strong><\/p>\n<\/li>\n<li>\n<p class=\"ds-markdown-paragraph\">Comentarios sobre la viabilidad de la ingenier\u00eda<span>\u00a0<\/span><strong>4 horas<\/strong><\/p>\n<\/li>\n<li>\n<p class=\"ds-markdown-paragraph\">Plan completo de ejecuci\u00f3n del proyecto en<span>\u00a0<\/span><strong>24 horas<\/strong><\/p>\n<\/li>\n<\/ul>\n<p class=\"ds-markdown-paragraph\">Para proyectos complejos, organizamos reuniones t\u00e9cnicas in situ para explorar las aplicaciones \u00f3ptimas de los diodos. Deje que nuestros conocimientos profesionales sobre diodos y nuestra experiencia en fabricaci\u00f3n de placas de circuito impreso salvaguarden sus dise\u00f1os electr\u00f3nicos.<\/p>","protected":false},"excerpt":{"rendered":"<p>Dado el papel fundamental de los diodos en los circuitos electr\u00f3nicos, ofrecemos soluciones integrales de diodos, que incluyen la adquisici\u00f3n de varios tipos de diodos y servicios de integraci\u00f3n de placas de circuito impreso. Desde rectificaci\u00f3n y regulaci\u00f3n de tensi\u00f3n hasta conversi\u00f3n optoelectr\u00f3nica, garantizamos que sus proyectos electr\u00f3nicos alcancen un rendimiento y una fiabilidad \u00f3ptimos.<\/p>","protected":false},"featured_media":3436,"comment_status":"closed","ping_status":"closed","template":"","meta":[],"product_brand":[],"product_cat":[217],"product_tag":[303],"class_list":{"0":"post-3432","1":"product","2":"type-product","3":"status-publish","4":"has-post-thumbnail","6":"product_cat-electronic-components","7":"product_tag-diode","9":"first","10":"instock","11":"shipping-taxable","12":"product-type-simple"},"yoast_head":"<!-- This site is optimized with the Yoast SEO plugin v25.1 - https:\/\/yoast.com\/wordpress\/plugins\/seo\/ -->\n<title>Diode - Topfastpcb<\/title>\n<meta name=\"robots\" content=\"index, follow, max-snippet:-1, max-image-preview:large, max-video-preview:-1\" \/>\n<link rel=\"canonical\" href=\"https:\/\/www.topfastpcb.com\/es\/products\/diode\/\" \/>\n<meta property=\"og:locale\" content=\"es_ES\" \/>\n<meta property=\"og:type\" content=\"article\" \/>\n<meta property=\"og:title\" content=\"Diode - Topfastpcb\" \/>\n<meta property=\"og:description\" content=\"The critical role of diodes in electronic circuits, we provide comprehensive diode solutions, including procurement of various types of diodes and PCB integration services. From rectification, voltage regulation to optoelectronic conversion, we ensure your electronic projects achieve optimal performance and reliability.\" \/>\n<meta property=\"og:url\" content=\"https:\/\/www.topfastpcb.com\/es\/products\/diode\/\" \/>\n<meta property=\"og:site_name\" content=\"Topfastpcb\" \/>\n<meta property=\"og:image\" content=\"https:\/\/www.topfastpcb.com\/wp-content\/uploads\/2025\/06\/diode-1.jpg\" \/>\n\t<meta property=\"og:image:width\" content=\"750\" \/>\n\t<meta property=\"og:image:height\" content=\"750\" \/>\n\t<meta property=\"og:image:type\" content=\"image\/jpeg\" \/>\n<meta name=\"twitter:card\" content=\"summary_large_image\" \/>\n<meta name=\"twitter:label1\" content=\"Tiempo de lectura\" \/>\n\t<meta name=\"twitter:data1\" content=\"4 minutos\" \/>\n<script type=\"application\/ld+json\" class=\"yoast-schema-graph\">{\"@context\":\"https:\/\/schema.org\",\"@graph\":[{\"@type\":\"WebPage\",\"@id\":\"https:\/\/www.topfastpcb.com\/products\/diode\/\",\"url\":\"https:\/\/www.topfastpcb.com\/products\/diode\/\",\"name\":\"Diode - Topfastpcb\",\"isPartOf\":{\"@id\":\"https:\/\/www.topfastpcb.com\/#website\"},\"primaryImageOfPage\":{\"@id\":\"https:\/\/www.topfastpcb.com\/products\/diode\/#primaryimage\"},\"image\":{\"@id\":\"https:\/\/www.topfastpcb.com\/products\/diode\/#primaryimage\"},\"thumbnailUrl\":\"https:\/\/www.topfastpcb.com\/wp-content\/uploads\/2025\/06\/diode-1.jpg\",\"datePublished\":\"2025-06-25T00:20:21+00:00\",\"breadcrumb\":{\"@id\":\"https:\/\/www.topfastpcb.com\/products\/diode\/#breadcrumb\"},\"inLanguage\":\"es\",\"potentialAction\":[{\"@type\":\"ReadAction\",\"target\":[\"https:\/\/www.topfastpcb.com\/products\/diode\/\"]}]},{\"@type\":\"ImageObject\",\"inLanguage\":\"es\",\"@id\":\"https:\/\/www.topfastpcb.com\/products\/diode\/#primaryimage\",\"url\":\"https:\/\/www.topfastpcb.com\/wp-content\/uploads\/2025\/06\/diode-1.jpg\",\"contentUrl\":\"https:\/\/www.topfastpcb.com\/wp-content\/uploads\/2025\/06\/diode-1.jpg\",\"width\":750,\"height\":750,\"caption\":\"diode\"},{\"@type\":\"BreadcrumbList\",\"@id\":\"https:\/\/www.topfastpcb.com\/products\/diode\/#breadcrumb\",\"itemListElement\":[{\"@type\":\"ListItem\",\"position\":1,\"name\":\"\u9996\u9875\",\"item\":\"https:\/\/www.topfastpcb.com\/\"},{\"@type\":\"ListItem\",\"position\":2,\"name\":\"\u5546\u5e97\",\"item\":\"https:\/\/www.topfastpcb.com\/shop\/\"},{\"@type\":\"ListItem\",\"position\":3,\"name\":\"Diode\"}]},{\"@type\":\"WebSite\",\"@id\":\"https:\/\/www.topfastpcb.com\/#website\",\"url\":\"https:\/\/www.topfastpcb.com\/\",\"name\":\"Topfastpcb\",\"description\":\"Topfast Prime Choice for Global Electronics Manufacturing\",\"publisher\":{\"@id\":\"https:\/\/www.topfastpcb.com\/#organization\"},\"potentialAction\":[{\"@type\":\"SearchAction\",\"target\":{\"@type\":\"EntryPoint\",\"urlTemplate\":\"https:\/\/www.topfastpcb.com\/?s={search_term_string}\"},\"query-input\":{\"@type\":\"PropertyValueSpecification\",\"valueRequired\":true,\"valueName\":\"search_term_string\"}}],\"inLanguage\":\"es\"},{\"@type\":\"Organization\",\"@id\":\"https:\/\/www.topfastpcb.com\/#organization\",\"name\":\"Topfastpcb\",\"url\":\"https:\/\/www.topfastpcb.com\/\",\"logo\":{\"@type\":\"ImageObject\",\"inLanguage\":\"es\",\"@id\":\"https:\/\/www.topfastpcb.com\/#\/schema\/logo\/image\/\",\"url\":\"https:\/\/www.topfastpcb.com\/wp-content\/uploads\/2026\/02\/cropped-topfast-logo.png\",\"contentUrl\":\"https:\/\/www.topfastpcb.com\/wp-content\/uploads\/2026\/02\/cropped-topfast-logo.png\",\"width\":144,\"height\":56,\"caption\":\"Topfastpcb\"},\"image\":{\"@id\":\"https:\/\/www.topfastpcb.com\/#\/schema\/logo\/image\/\"}}]}<\/script>\n<!-- \/ Yoast SEO plugin. -->","yoast_head_json":{"title":"Diode - Topfastpcb","robots":{"index":"index","follow":"follow","max-snippet":"max-snippet:-1","max-image-preview":"max-image-preview:large","max-video-preview":"max-video-preview:-1"},"canonical":"https:\/\/www.topfastpcb.com\/es\/products\/diode\/","og_locale":"es_ES","og_type":"article","og_title":"Diode - Topfastpcb","og_description":"The critical role of diodes in electronic circuits, we provide comprehensive diode solutions, including procurement of various types of diodes and PCB integration services. From rectification, voltage regulation to optoelectronic conversion, we ensure your electronic projects achieve optimal performance and reliability.","og_url":"https:\/\/www.topfastpcb.com\/es\/products\/diode\/","og_site_name":"Topfastpcb","og_image":[{"width":750,"height":750,"url":"https:\/\/www.topfastpcb.com\/wp-content\/uploads\/2025\/06\/diode-1.jpg","type":"image\/jpeg"}],"twitter_card":"summary_large_image","twitter_misc":{"Tiempo de lectura":"4 minutos"},"schema":{"@context":"https:\/\/schema.org","@graph":[{"@type":"WebPage","@id":"https:\/\/www.topfastpcb.com\/products\/diode\/","url":"https:\/\/www.topfastpcb.com\/products\/diode\/","name":"Diode - Topfastpcb","isPartOf":{"@id":"https:\/\/www.topfastpcb.com\/#website"},"primaryImageOfPage":{"@id":"https:\/\/www.topfastpcb.com\/products\/diode\/#primaryimage"},"image":{"@id":"https:\/\/www.topfastpcb.com\/products\/diode\/#primaryimage"},"thumbnailUrl":"https:\/\/www.topfastpcb.com\/wp-content\/uploads\/2025\/06\/diode-1.jpg","datePublished":"2025-06-25T00:20:21+00:00","breadcrumb":{"@id":"https:\/\/www.topfastpcb.com\/products\/diode\/#breadcrumb"},"inLanguage":"es","potentialAction":[{"@type":"ReadAction","target":["https:\/\/www.topfastpcb.com\/products\/diode\/"]}]},{"@type":"ImageObject","inLanguage":"es","@id":"https:\/\/www.topfastpcb.com\/products\/diode\/#primaryimage","url":"https:\/\/www.topfastpcb.com\/wp-content\/uploads\/2025\/06\/diode-1.jpg","contentUrl":"https:\/\/www.topfastpcb.com\/wp-content\/uploads\/2025\/06\/diode-1.jpg","width":750,"height":750,"caption":"diode"},{"@type":"BreadcrumbList","@id":"https:\/\/www.topfastpcb.com\/products\/diode\/#breadcrumb","itemListElement":[{"@type":"ListItem","position":1,"name":"\u9996\u9875","item":"https:\/\/www.topfastpcb.com\/"},{"@type":"ListItem","position":2,"name":"\u5546\u5e97","item":"https:\/\/www.topfastpcb.com\/shop\/"},{"@type":"ListItem","position":3,"name":"Diode"}]},{"@type":"WebSite","@id":"https:\/\/www.topfastpcb.com\/#website","url":"https:\/\/www.topfastpcb.com\/","name":"Topfastpcb","description":"Topfast Prime Choice for Global Electronics Manufacturing","publisher":{"@id":"https:\/\/www.topfastpcb.com\/#organization"},"potentialAction":[{"@type":"SearchAction","target":{"@type":"EntryPoint","urlTemplate":"https:\/\/www.topfastpcb.com\/?s={search_term_string}"},"query-input":{"@type":"PropertyValueSpecification","valueRequired":true,"valueName":"search_term_string"}}],"inLanguage":"es"},{"@type":"Organization","@id":"https:\/\/www.topfastpcb.com\/#organization","name":"Topfastpcb","url":"https:\/\/www.topfastpcb.com\/","logo":{"@type":"ImageObject","inLanguage":"es","@id":"https:\/\/www.topfastpcb.com\/#\/schema\/logo\/image\/","url":"https:\/\/www.topfastpcb.com\/wp-content\/uploads\/2026\/02\/cropped-topfast-logo.png","contentUrl":"https:\/\/www.topfastpcb.com\/wp-content\/uploads\/2026\/02\/cropped-topfast-logo.png","width":144,"height":56,"caption":"Topfastpcb"},"image":{"@id":"https:\/\/www.topfastpcb.com\/#\/schema\/logo\/image\/"}}]}},"_links":{"self":[{"href":"https:\/\/www.topfastpcb.com\/es\/wp-json\/wp\/v2\/product\/3432","targetHints":{"allow":["GET"]}}],"collection":[{"href":"https:\/\/www.topfastpcb.com\/es\/wp-json\/wp\/v2\/product"}],"about":[{"href":"https:\/\/www.topfastpcb.com\/es\/wp-json\/wp\/v2\/types\/product"}],"replies":[{"embeddable":true,"href":"https:\/\/www.topfastpcb.com\/es\/wp-json\/wp\/v2\/comments?post=3432"}],"wp:featuredmedia":[{"embeddable":true,"href":"https:\/\/www.topfastpcb.com\/es\/wp-json\/wp\/v2\/media\/3436"}],"wp:attachment":[{"href":"https:\/\/www.topfastpcb.com\/es\/wp-json\/wp\/v2\/media?parent=3432"}],"wp:term":[{"taxonomy":"product_brand","embeddable":true,"href":"https:\/\/www.topfastpcb.com\/es\/wp-json\/wp\/v2\/product_brand?post=3432"},{"taxonomy":"product_cat","embeddable":true,"href":"https:\/\/www.topfastpcb.com\/es\/wp-json\/wp\/v2\/product_cat?post=3432"},{"taxonomy":"product_tag","embeddable":true,"href":"https:\/\/www.topfastpcb.com\/es\/wp-json\/wp\/v2\/product_tag?post=3432"}],"curies":[{"name":"wp","href":"https:\/\/api.w.org\/{rel}","templated":true}]}}