{"id":3468,"date":"2025-06-26T09:49:41","date_gmt":"2025-06-26T01:49:41","guid":{"rendered":"https:\/\/www.topfastpcb.com\/?post_type=product&#038;p=3468"},"modified":"2025-06-26T09:53:02","modified_gmt":"2025-06-26T01:53:02","slug":"crystal-oscillator","status":"publish","type":"product","link":"https:\/\/www.topfastpcb.com\/es\/products\/crystal-oscillator\/","title":{"rendered":"Oscilador de cristal"},"content":{"rendered":"<div id=\"ez-toc-container\" class=\"ez-toc-v2_0_74 counter-hierarchy ez-toc-counter ez-toc-custom ez-toc-container-direction\">\n<div class=\"ez-toc-title-container\">\n<p class=\"ez-toc-title\" style=\"cursor:inherit\">Tabla de contenidos<\/p>\n<span class=\"ez-toc-title-toggle\"><\/span><\/div>\n<nav><ul class='ez-toc-list ez-toc-list-level-1' ><li class='ez-toc-page-1 ez-toc-heading-level-2'><a class=\"ez-toc-link ez-toc-heading-1\" href=\"https:\/\/www.topfastpcb.com\/es\/products\/crystal-oscillator\/#Professional_Crystal_Oscillator_Procurement\" >Adquisici\u00f3n de osciladores de cristal profesionales<\/a><ul class='ez-toc-list-level-3' ><li class='ez-toc-heading-level-3'><a class=\"ez-toc-link ez-toc-heading-2\" href=\"https:\/\/www.topfastpcb.com\/es\/products\/crystal-oscillator\/#Why_Choose_Topfasts_Crystal_Oscillator_Procurement_Service\" >\u00bfPor qu\u00e9 elegir el servicio de adquisici\u00f3n de osciladores de cristal de Topfast?<\/a><\/li><li class='ez-toc-page-1 ez-toc-heading-level-3'><a class=\"ez-toc-link ez-toc-heading-3\" href=\"https:\/\/www.topfastpcb.com\/es\/products\/crystal-oscillator\/#Complete_Crystal_Oscillator_Solutions\" >Soluciones completas de osciladores de cristal<\/a><\/li><li class='ez-toc-page-1 ez-toc-heading-level-3'><a class=\"ez-toc-link ez-toc-heading-4\" href=\"https:\/\/www.topfastpcb.com\/es\/products\/crystal-oscillator\/#Seamless_PCB_Manufacturing_Assembly_Integration\" >Fabricaci\u00f3n de placas de circuito impreso sin fisuras e integraci\u00f3n del montaje<\/a><\/li><li class='ez-toc-page-1 ez-toc-heading-level-3'><a class=\"ez-toc-link ez-toc-heading-5\" href=\"https:\/\/www.topfastpcb.com\/es\/products\/crystal-oscillator\/#Custom_Solutions_for_Special_Requirements\" >Soluciones a medida para requisitos especiales<\/a><\/li><li class='ez-toc-page-1 ez-toc-heading-level-3'><a class=\"ez-toc-link ez-toc-heading-6\" href=\"https:\/\/www.topfastpcb.com\/es\/products\/crystal-oscillator\/#Why_Global_Clients_Choose_Topfast\" >\u00bfPor qu\u00e9 los clientes de todo el mundo eligen Topfast?<\/a><\/li><li class='ez-toc-page-1 ez-toc-heading-level-3'><a class=\"ez-toc-link ez-toc-heading-7\" href=\"https:\/\/www.topfastpcb.com\/es\/products\/crystal-oscillator\/#Frequently_Asked_Questions\" >Preguntas frecuentes<\/a><\/li><li class='ez-toc-page-1 ez-toc-heading-level-3'><a class=\"ez-toc-link ez-toc-heading-8\" href=\"https:\/\/www.topfastpcb.com\/es\/products\/crystal-oscillator\/#Launch_Your_Project_Today\" >Lance su proyecto hoy mismo<\/a><\/li><\/ul><\/li><li class='ez-toc-page-1 ez-toc-heading-level-2'><a class=\"ez-toc-link ez-toc-heading-9\" href=\"https:\/\/www.topfastpcb.com\/es\/products\/crystal-oscillator\/#About_Topfast\" >Acerca de Topfast<\/a><\/li><\/ul><\/nav><\/div>\n\n<h2><span class=\"ez-toc-section\" id=\"Professional_Crystal_Oscillator_Procurement\"><\/span>Adquisici\u00f3n de osciladores de cristal profesionales<span class=\"ez-toc-section-end\"><\/span><\/h2>\n<p class=\"ds-markdown-paragraph\">En el campo de la fabricaci\u00f3n electr\u00f3nica, las se\u00f1ales de reloj precisas son fundamentales para la fiabilidad del producto. Con 17 a\u00f1os de experiencia en la industria, Topfast es un proveedor de soluciones de PCB de ventanilla \u00fanica que ofrece servicios de extremo a extremo que van desde la adquisici\u00f3n de osciladores de cristal de alta calidad para completar... <a href=\"https:\/\/www.topfastpcb.com\/es\/\">Fabricaci\u00f3n y montaje de placas de circuito impreso<\/a>.<\/p>\n<h3><span class=\"ez-toc-section\" id=\"Why_Choose_Topfasts_Crystal_Oscillator_Procurement_Service\"><\/span>\u00bfPor qu\u00e9 elegir el servicio de adquisici\u00f3n de osciladores de cristal de Topfast?<span class=\"ez-toc-section-end\"><\/span><\/h3>\n<p class=\"ds-markdown-paragraph\">Mantenemos profundas colaboraciones con marcas mundiales de primer nivel, como:<\/p>\n<ul>\n<li>\n<p class=\"ds-markdown-paragraph\">Murata &#8211; Fabricante de componentes electr\u00f3nicos l\u00edder del sector<\/p>\n<\/li>\n<li>\n<p class=\"ds-markdown-paragraph\">Epson &#8211; Experto en osciladores de cristal de alta precisi\u00f3n<\/p>\n<\/li>\n<li>\n<p class=\"ds-markdown-paragraph\">Kyocera &#8211; Proveedor premium de componentes de cuarzo<\/p>\n<\/li>\n<li>\n<p class=\"ds-markdown-paragraph\">Vectron &#8211; Especialista en soluciones de control de frecuencia<\/p>\n<\/li>\n<\/ul>\n<p class=\"ds-markdown-paragraph\"><strong>Nuestras ventajas:<\/strong><br \/>\nAdquisici\u00f3n directa a distribuidores autorizados, lo que garantiza una calidad genuina<br \/>\nPresupuestos precisos en 1 hora<br \/>\nAsesoramiento profesional para optimizar los costes de la lista de materiales<br \/>\nSistema de respuesta r\u00e1pida 24\/7<\/p>\n<blockquote>\n<p class=\"ds-markdown-paragraph\">&#8220;El equipo de adquisiciones de Topfast&amp;#8217 nos ayud\u00f3 a reducir los costes de los componentes en un 30%, manteniendo al mismo tiempo la estabilidad de la calidad de los osciladores de cristal cr\u00edticos.&#8221; - Comentarios de un fabricante de dispositivos IoT<\/p>\n<\/blockquote>\n<p class=\"ds-markdown-paragraph\"><strong><a target=\"_blank\" rel=\"noopener noreferrer\" href=\"https:\/\/www.topfastpcb.com\/es\/contact\/\">Obtener presupuesto instant\u00e1neo de oscilador de cristal<\/a><\/strong><\/p>\n<h3><span class=\"ez-toc-section\" id=\"Complete_Crystal_Oscillator_Solutions\"><\/span>Soluciones completas de osciladores de cristal<span class=\"ez-toc-section-end\"><\/span><\/h3>\n<p class=\"ds-markdown-paragraph\">Sea cual sea la precisi\u00f3n que requiera su aplicaci\u00f3n, le ofrecemos soluciones a la medida:<\/p>\n<div class=\"markdown-table-wrapper\">\n<table>\n<thead>\n<tr>\n<th>Tipo de oscilador<\/th>\n<th>Caracter\u00edsticas<\/th>\n<th>Aplicaciones t\u00edpicas<\/th>\n<\/tr>\n<\/thead>\n<tbody>\n<tr>\n<td>XO est\u00e1ndar<\/td>\n<td>Precisi\u00f3n b\u00e1sica y rentable<\/td>\n<td>Electr\u00f3nica de consumo<\/td>\n<\/tr>\n<tr>\n<td>TCXO<\/td>\n<td>Temperatura compensada, \u00b10,5~\u00b12,5ppm<\/td>\n<td>Equipamiento Industrial<\/td>\n<\/tr>\n<tr>\n<td>VCXO<\/td>\n<td>Frecuencia ajustable controlada por tensi\u00f3n<\/td>\n<td>Dispositivos de comunicaci\u00f3n<\/td>\n<\/tr>\n<tr>\n<td>OCXO<\/td>\n<td>Precisi\u00f3n ultra alta controlada por horno<\/td>\n<td>Estaciones base, militares<\/td>\n<\/tr>\n<tr>\n<td>MCXO<\/td>\n<td>Microprocesador compensado<\/td>\n<td>Sistemas de navegaci\u00f3n<\/td>\n<\/tr>\n<\/tbody>\n<\/table>\n<\/div>\n<p class=\"ds-markdown-paragraph\">Nuestros ingenieros le recomendar\u00e1n la soluci\u00f3n de oscilador de cristal m\u00e1s adecuada a sus necesidades.<span>\u00a0<\/span><strong>escenario de aplicaci\u00f3n<\/strong>,<span>\u00a0<\/span><strong>condiciones ambientales<\/strong>Y,<span>\u00a0<\/span><strong>requisitos de rendimiento<\/strong>.<\/p>\n<p class=\"ds-markdown-paragraph\"><strong><a target=\"_blank\" rel=\"noopener noreferrer\" href=\"https:\/\/www.topfastpcb.com\/es\/contact\/\">Consulte a los expertos para elegir el oscilador<\/a><\/strong><\/p>\n<h3><span class=\"ez-toc-section\" id=\"Seamless_PCB_Manufacturing_Assembly_Integration\"><\/span>Fabricaci\u00f3n de placas de circuito impreso sin fisuras e integraci\u00f3n del montaje<span class=\"ez-toc-section-end\"><\/span><\/h3>\n<p class=\"ds-markdown-paragraph\">Topfast no es s\u00f3lo un proveedor de componentes, sino un<span>\u00a0<\/span><strong>socio de servicios integrales de fabricaci\u00f3n electr\u00f3nica<\/strong>. Proporcionamos:<\/p>\n<ol start=\"1\">\n<li>\n<p class=\"ds-markdown-paragraph\"><strong>Optimizaci\u00f3n del dise\u00f1o<\/strong>:Revise el dise\u00f1o de la placa de circuito impreso para garantizar una disposici\u00f3n adecuada de las almohadillas del oscilador y el dise\u00f1o t\u00e9rmico.<\/p>\n<\/li>\n<li>\n<p class=\"ds-markdown-paragraph\"><strong>An\u00e1lisis de fabricabilidad<\/strong>: Detecte posibles problemas a tiempo para evitar costosas revisiones.<\/p>\n<\/li>\n<li>\n<p class=\"ds-markdown-paragraph\"><strong>Montaje de precisi\u00f3n<\/strong>: El equipo SMT de alta precisi\u00f3n maneja varios paquetes de osciladores<\/p>\n<\/li>\n<li>\n<p class=\"ds-markdown-paragraph\"><strong>Pruebas exhaustivas<\/strong>Incluidos par\u00e1metros cr\u00edticos como las caracter\u00edsticas de frecuencia y la integridad de la se\u00f1al.<\/p>\n<\/li>\n<\/ol>\n<p class=\"ds-markdown-paragraph\"><strong>Estudio de caso<\/strong>Ayudamos a un cliente de dispositivos m\u00e9dicos a mejorar el rendimiento de la instalaci\u00f3n de TCXO del 92% al 99,8%, lo que se tradujo en una importante reducci\u00f3n de los costes de producci\u00f3n.<\/p>\n<p class=\"ds-markdown-paragraph\"><strong><a target=\"_blank\" rel=\"noopener noreferrer\" href=\"https:\/\/www.topfastpcb.com\/es\/contact\/\">Solicitar an\u00e1lisis DFM gratuito<\/a><\/strong><\/p>\n<h3><span class=\"ez-toc-section\" id=\"Custom_Solutions_for_Special_Requirements\"><\/span>Soluciones a medida para requisitos especiales<span class=\"ez-toc-section-end\"><\/span><\/h3>\n<p class=\"ds-markdown-paragraph\">Para aplicaciones especializadas, ofrecemos:<\/p>\n<ul>\n<li>\n<p class=\"ds-markdown-paragraph\">Especificaciones personalizadas de frecuencia y precisi\u00f3n<\/p>\n<\/li>\n<li>\n<p class=\"ds-markdown-paragraph\">Dise\u00f1os de envases especiales<\/p>\n<\/li>\n<li>\n<p class=\"ds-markdown-paragraph\">Soluciones de adaptabilidad a entornos extremos<\/p>\n<\/li>\n<li>\n<p class=\"ds-markdown-paragraph\">Dise\u00f1os de optimizaci\u00f3n de bajo consumo<\/p>\n<\/li>\n<\/ul>\n<p class=\"ds-markdown-paragraph\">Nuestro equipo de ingenieros desarroll\u00f3 una soluci\u00f3n OCXO de alta temperatura para un cliente del sector aeroespacial, manteniendo una estabilidad de \u00b10,01 ppm en un rango de temperaturas de -55\u00b0C a 125\u00b0C.<\/p>\n<p class=\"ds-markdown-paragraph\"><strong><a target=\"_blank\" rel=\"noopener noreferrer\" href=\"https:\/\/www.topfastpcb.com\/es\/contact\/\">M\u00e1s informaci\u00f3n sobre servicios personalizados<\/a><\/strong><\/p>\n<h3><span class=\"ez-toc-section\" id=\"Why_Global_Clients_Choose_Topfast\"><\/span>\u00bfPor qu\u00e9 los clientes de todo el mundo eligen Topfast?<span class=\"ez-toc-section-end\"><\/span><\/h3>\n<p class=\"ds-markdown-paragraph\">\u2714<span>\u00a0<\/span><strong>17 a\u00f1os de experiencia<\/strong><span>\u00a0<\/span>&#8211; M\u00e1s de 3.000 clientes en los sectores de la electr\u00f3nica de consumo, la industria y la medicina.<br \/>\n\u2714<span>\u00a0<\/span><strong>Respuesta r\u00e1pida<\/strong><span>\u00a0<\/span>&#8211; Presupuestos en 1 hora, asistencia t\u00e9cnica en 4 horas, entrega de prototipos en 24 horas<br \/>\n\u2714<span>\u00a0<\/span><strong>Optimizaci\u00f3n de costes<\/strong><span>\u00a0<\/span>&#8211; Ahorre entre un 15 y un 30% gracias a las econom\u00edas de escala y la optimizaci\u00f3n de procesos<br \/>\n\u2714<span>\u00a0<\/span><strong>Garant\u00eda de calidad<\/strong><span>\u00a0<\/span>&#8211; Certificaci\u00f3n ISO9001 con estrictas inspecciones de entrada y control de procesos<br \/>\n\u2714<span>\u00a0<\/span><strong>Servicio integral<\/strong><span>\u00a0<\/span>&#8211; Asistencia integral desde el concepto hasta la producci\u00f3n en serie<\/p>\n<blockquote>\n<p class=\"ds-markdown-paragraph\">&#8220;La transici\u00f3n fluida del prototipo a la producci\u00f3n en serie es clave para el \u00e9xito del producto. El servicio integral de Topfast nos permite centrarnos en el dise\u00f1o principal y confiar la fabricaci\u00f3n a expertos de confianza.<\/p>\n<\/blockquote>\n<h3><span class=\"ez-toc-section\" id=\"Frequently_Asked_Questions\"><\/span>Preguntas frecuentes<span class=\"ez-toc-section-end\"><\/span><\/h3>\n<p class=\"ds-markdown-paragraph\"><strong>P: \u00bfQu\u00e9 par\u00e1metros clave deben tenerse en cuenta al adquirir osciladores de cristal?<\/strong><br \/>\nR: La frecuencia, la estabilidad, el rango de temperatura de funcionamiento, el \u00edndice de envejecimiento, la capacitancia de carga y el tama\u00f1o del encapsulado son los factores m\u00e1s cr\u00edticos. Nuestros ingenieros pueden ayudarle a analizar sus requisitos.<\/p>\n<p class=\"ds-markdown-paragraph\"><strong>P: \u00bfC\u00f3mo puedo garantizar la compatibilidad del oscilador con mi dise\u00f1o de placa de circuito impreso?<\/strong><br \/>\nR: Ofrecemos comprobaciones DFM gratuitas para revisar sus archivos de dise\u00f1o y ofrecer sugerencias de optimizaci\u00f3n.<\/p>\n<p class=\"ds-markdown-paragraph\"><strong>P: \u00bfLos pedidos de peque\u00f1o volumen tambi\u00e9n pueden obtener precios competitivos?<\/strong><br \/>\nR: S\u00ed, gracias a las econom\u00edas de escala y a una gesti\u00f3n inteligente del inventario, ofrecemos precios competitivos incluso para lotes peque\u00f1os.<\/p>\n<p class=\"ds-markdown-paragraph\"><strong><a target=\"_blank\" rel=\"noopener noreferrer\" href=\"https:\/\/www.topfastpcb.com\/es\/blog\/category\/blog\/faq\/\">Ver m\u00e1s preguntas frecuentes<\/a><\/strong><\/p>\n<h3><span class=\"ez-toc-section\" id=\"Launch_Your_Project_Today\"><\/span>Lance su proyecto hoy mismo<span class=\"ez-toc-section-end\"><\/span><\/h3>\n<p class=\"ds-markdown-paragraph\">Tanto si necesita:<\/p>\n<ul>\n<li>\n<p class=\"ds-markdown-paragraph\">Adquisici\u00f3n r\u00e1pida de modelos espec\u00edficos de osciladores<\/p>\n<\/li>\n<li>\n<p class=\"ds-markdown-paragraph\">Optimizaci\u00f3n de los costes de las listas de materiales existentes<\/p>\n<\/li>\n<li>\n<p class=\"ds-markdown-paragraph\">Desarrollo de nuevos productos que requieren una sincronizaci\u00f3n de alta precisi\u00f3n<\/p>\n<\/li>\n<li>\n<p class=\"ds-markdown-paragraph\">Transici\u00f3n del dise\u00f1o a la producci\u00f3n en serie<\/p>\n<\/li>\n<\/ul>\n<p class=\"ds-markdown-paragraph\">El equipo profesional de Topfast&amp;#8217 est\u00e1 listo para servirle. Env\u00edenos sus requisitos y experimente la comodidad de la fabricaci\u00f3n electr\u00f3nica integral.<\/p>\n<p class=\"ds-markdown-paragraph\"><strong><a target=\"_blank\" rel=\"noopener noreferrer\" href=\"https:\/\/www.topfastpcb.com\/es\/contact\/\">Enviar lista de materiales para presupuesto<\/a><\/strong><span>\u00a0<\/span><\/p>\n<h2><span class=\"ez-toc-section\" id=\"About_Topfast\"><\/span>Acerca de Topfast<span class=\"ez-toc-section-end\"><\/span><\/h2>\n<p class=\"ds-markdown-paragraph\">Creada en 2008, Topfast es una<span>\u00a0<\/span><strong>empresa l\u00edder en dise\u00f1o y fabricaci\u00f3n de placas de circuito impreso<\/strong><span>\u00a0<\/span>especializada en la creaci\u00f3n r\u00e1pida de prototipos y la producci\u00f3n de lotes peque\u00f1os para clientes de todo el mundo. Invertimos continuamente en equipos y tecnolog\u00eda avanzados, adhiri\u00e9ndonos a nuestra filosof\u00eda de \"el cliente primero, la calidad primero\" para convertirnos en su socio de fabricaci\u00f3n de productos electr\u00f3nicos de mayor confianza.<\/p>\n<p class=\"ds-markdown-paragraph\">Gracias a nuestra estrecha colaboraci\u00f3n con los principales fabricantes de componentes, le garantizamos que recibir\u00e1<span>\u00a0<\/span><strong>ventajas tanto de calidad como de precio<\/strong>. Desde la revisi\u00f3n del expediente hasta la entrega final, el equipo profesional de Topfast&amp;#8217 acompa\u00f1ar\u00e1 su proyecto en todo momento.<\/p>","protected":false},"excerpt":{"rendered":"<p>Topfast le proporciona servicios de ventanilla \u00fanica para la adquisici\u00f3n de oscilador de cristal y la fabricaci\u00f3n de PCB. Cooperamos con las mejores marcas para garantizar la calidad de los componentes y las ventajas de precio, y proporcionar soluciones completas de optimizaci\u00f3n de la lista de materiales, dise\u00f1o de PCB para el montaje. Nuestro equipo de ingenieria profesional responde 24 horas al dia, proporciona cotizaciones dentro de 1 hora, y ofrece soporte de ingenieria dentro de 4 horas para ayudarle a acelerar el lanzamiento de su producto.<\/p>","protected":false},"featured_media":3469,"comment_status":"closed","ping_status":"closed","template":"","meta":[],"product_brand":[],"product_cat":[217],"product_tag":[308],"class_list":{"0":"post-3468","1":"product","2":"type-product","3":"status-publish","4":"has-post-thumbnail","6":"product_cat-electronic-components","7":"product_tag-crystal-oscillator","9":"first","10":"instock","11":"shipping-taxable","12":"product-type-simple"},"yoast_head":"<!-- This site is optimized with the Yoast SEO plugin v25.1 - https:\/\/yoast.com\/wordpress\/plugins\/seo\/ -->\n<title>Crystal Oscillator - Topfastpcb<\/title>\n<meta name=\"description\" content=\"Topfast provides high-quality crystal oscillator procurement and one-stop PCB manufacturing services, from component procurement to precision PCB assembly, offering you fast response and cost-optimized electronic manufacturing solutions.\" \/>\n<meta name=\"robots\" content=\"index, follow, max-snippet:-1, max-image-preview:large, max-video-preview:-1\" \/>\n<link rel=\"canonical\" href=\"https:\/\/www.topfastpcb.com\/es\/products\/crystal-oscillator\/\" \/>\n<meta property=\"og:locale\" content=\"es_ES\" \/>\n<meta property=\"og:type\" content=\"article\" \/>\n<meta property=\"og:title\" content=\"Crystal Oscillator - Topfastpcb\" \/>\n<meta property=\"og:description\" content=\"Topfast provides high-quality crystal oscillator procurement and one-stop PCB manufacturing services, from component procurement to precision PCB assembly, offering you fast response and cost-optimized electronic manufacturing solutions.\" \/>\n<meta property=\"og:url\" content=\"https:\/\/www.topfastpcb.com\/es\/products\/crystal-oscillator\/\" \/>\n<meta property=\"og:site_name\" content=\"Topfastpcb\" \/>\n<meta property=\"article:modified_time\" content=\"2025-06-26T01:53:02+00:00\" \/>\n<meta property=\"og:image\" content=\"https:\/\/www.topfastpcb.com\/wp-content\/uploads\/2025\/06\/Crystal-Oscillator-4.jpg\" \/>\n\t<meta property=\"og:image:width\" content=\"750\" \/>\n\t<meta property=\"og:image:height\" content=\"750\" \/>\n\t<meta property=\"og:image:type\" content=\"image\/jpeg\" \/>\n<meta name=\"twitter:card\" content=\"summary_large_image\" \/>\n<meta name=\"twitter:label1\" content=\"Tiempo de lectura\" \/>\n\t<meta name=\"twitter:data1\" content=\"3 minutos\" \/>\n<script type=\"application\/ld+json\" class=\"yoast-schema-graph\">{\"@context\":\"https:\/\/schema.org\",\"@graph\":[{\"@type\":\"WebPage\",\"@id\":\"https:\/\/www.topfastpcb.com\/products\/crystal-oscillator\/\",\"url\":\"https:\/\/www.topfastpcb.com\/products\/crystal-oscillator\/\",\"name\":\"Crystal Oscillator - Topfastpcb\",\"isPartOf\":{\"@id\":\"https:\/\/www.topfastpcb.com\/#website\"},\"primaryImageOfPage\":{\"@id\":\"https:\/\/www.topfastpcb.com\/products\/crystal-oscillator\/#primaryimage\"},\"image\":{\"@id\":\"https:\/\/www.topfastpcb.com\/products\/crystal-oscillator\/#primaryimage\"},\"thumbnailUrl\":\"https:\/\/www.topfastpcb.com\/wp-content\/uploads\/2025\/06\/Crystal-Oscillator-4.jpg\",\"datePublished\":\"2025-06-26T01:49:41+00:00\",\"dateModified\":\"2025-06-26T01:53:02+00:00\",\"description\":\"Topfast provides high-quality crystal oscillator procurement and one-stop PCB manufacturing services, from component procurement to precision PCB assembly, offering you fast response and cost-optimized electronic manufacturing solutions.\",\"breadcrumb\":{\"@id\":\"https:\/\/www.topfastpcb.com\/products\/crystal-oscillator\/#breadcrumb\"},\"inLanguage\":\"es\",\"potentialAction\":[{\"@type\":\"ReadAction\",\"target\":[\"https:\/\/www.topfastpcb.com\/products\/crystal-oscillator\/\"]}]},{\"@type\":\"ImageObject\",\"inLanguage\":\"es\",\"@id\":\"https:\/\/www.topfastpcb.com\/products\/crystal-oscillator\/#primaryimage\",\"url\":\"https:\/\/www.topfastpcb.com\/wp-content\/uploads\/2025\/06\/Crystal-Oscillator-4.jpg\",\"contentUrl\":\"https:\/\/www.topfastpcb.com\/wp-content\/uploads\/2025\/06\/Crystal-Oscillator-4.jpg\",\"width\":750,\"height\":750,\"caption\":\"Crystal Oscillator\"},{\"@type\":\"BreadcrumbList\",\"@id\":\"https:\/\/www.topfastpcb.com\/products\/crystal-oscillator\/#breadcrumb\",\"itemListElement\":[{\"@type\":\"ListItem\",\"position\":1,\"name\":\"\u9996\u9875\",\"item\":\"https:\/\/www.topfastpcb.com\/\"},{\"@type\":\"ListItem\",\"position\":2,\"name\":\"\u5546\u5e97\",\"item\":\"https:\/\/www.topfastpcb.com\/shop\/\"},{\"@type\":\"ListItem\",\"position\":3,\"name\":\"Crystal Oscillator\"}]},{\"@type\":\"WebSite\",\"@id\":\"https:\/\/www.topfastpcb.com\/#website\",\"url\":\"https:\/\/www.topfastpcb.com\/\",\"name\":\"Topfastpcb\",\"description\":\"Topfast Prime Choice for Global Electronics Manufacturing\",\"publisher\":{\"@id\":\"https:\/\/www.topfastpcb.com\/#organization\"},\"potentialAction\":[{\"@type\":\"SearchAction\",\"target\":{\"@type\":\"EntryPoint\",\"urlTemplate\":\"https:\/\/www.topfastpcb.com\/?s={search_term_string}\"},\"query-input\":{\"@type\":\"PropertyValueSpecification\",\"valueRequired\":true,\"valueName\":\"search_term_string\"}}],\"inLanguage\":\"es\"},{\"@type\":\"Organization\",\"@id\":\"https:\/\/www.topfastpcb.com\/#organization\",\"name\":\"Topfastpcb\",\"url\":\"https:\/\/www.topfastpcb.com\/\",\"logo\":{\"@type\":\"ImageObject\",\"inLanguage\":\"es\",\"@id\":\"https:\/\/www.topfastpcb.com\/#\/schema\/logo\/image\/\",\"url\":\"https:\/\/www.topfastpcb.com\/wp-content\/uploads\/2026\/02\/cropped-topfast-logo.png\",\"contentUrl\":\"https:\/\/www.topfastpcb.com\/wp-content\/uploads\/2026\/02\/cropped-topfast-logo.png\",\"width\":144,\"height\":56,\"caption\":\"Topfastpcb\"},\"image\":{\"@id\":\"https:\/\/www.topfastpcb.com\/#\/schema\/logo\/image\/\"}}]}<\/script>\n<!-- \/ Yoast SEO plugin. -->","yoast_head_json":{"title":"Crystal Oscillator - Topfastpcb","description":"Topfast provides high-quality crystal oscillator procurement and one-stop PCB manufacturing services, from component procurement to precision PCB assembly, offering you fast response and cost-optimized electronic manufacturing solutions.","robots":{"index":"index","follow":"follow","max-snippet":"max-snippet:-1","max-image-preview":"max-image-preview:large","max-video-preview":"max-video-preview:-1"},"canonical":"https:\/\/www.topfastpcb.com\/es\/products\/crystal-oscillator\/","og_locale":"es_ES","og_type":"article","og_title":"Crystal Oscillator - Topfastpcb","og_description":"Topfast provides high-quality crystal oscillator procurement and one-stop PCB manufacturing services, from component procurement to precision PCB assembly, offering you fast response and cost-optimized electronic manufacturing solutions.","og_url":"https:\/\/www.topfastpcb.com\/es\/products\/crystal-oscillator\/","og_site_name":"Topfastpcb","article_modified_time":"2025-06-26T01:53:02+00:00","og_image":[{"width":750,"height":750,"url":"https:\/\/www.topfastpcb.com\/wp-content\/uploads\/2025\/06\/Crystal-Oscillator-4.jpg","type":"image\/jpeg"}],"twitter_card":"summary_large_image","twitter_misc":{"Tiempo de lectura":"3 minutos"},"schema":{"@context":"https:\/\/schema.org","@graph":[{"@type":"WebPage","@id":"https:\/\/www.topfastpcb.com\/products\/crystal-oscillator\/","url":"https:\/\/www.topfastpcb.com\/products\/crystal-oscillator\/","name":"Crystal Oscillator - Topfastpcb","isPartOf":{"@id":"https:\/\/www.topfastpcb.com\/#website"},"primaryImageOfPage":{"@id":"https:\/\/www.topfastpcb.com\/products\/crystal-oscillator\/#primaryimage"},"image":{"@id":"https:\/\/www.topfastpcb.com\/products\/crystal-oscillator\/#primaryimage"},"thumbnailUrl":"https:\/\/www.topfastpcb.com\/wp-content\/uploads\/2025\/06\/Crystal-Oscillator-4.jpg","datePublished":"2025-06-26T01:49:41+00:00","dateModified":"2025-06-26T01:53:02+00:00","description":"Topfast provides high-quality crystal oscillator procurement and one-stop PCB manufacturing services, from component procurement to precision PCB assembly, offering you fast response and cost-optimized electronic manufacturing solutions.","breadcrumb":{"@id":"https:\/\/www.topfastpcb.com\/products\/crystal-oscillator\/#breadcrumb"},"inLanguage":"es","potentialAction":[{"@type":"ReadAction","target":["https:\/\/www.topfastpcb.com\/products\/crystal-oscillator\/"]}]},{"@type":"ImageObject","inLanguage":"es","@id":"https:\/\/www.topfastpcb.com\/products\/crystal-oscillator\/#primaryimage","url":"https:\/\/www.topfastpcb.com\/wp-content\/uploads\/2025\/06\/Crystal-Oscillator-4.jpg","contentUrl":"https:\/\/www.topfastpcb.com\/wp-content\/uploads\/2025\/06\/Crystal-Oscillator-4.jpg","width":750,"height":750,"caption":"Crystal Oscillator"},{"@type":"BreadcrumbList","@id":"https:\/\/www.topfastpcb.com\/products\/crystal-oscillator\/#breadcrumb","itemListElement":[{"@type":"ListItem","position":1,"name":"\u9996\u9875","item":"https:\/\/www.topfastpcb.com\/"},{"@type":"ListItem","position":2,"name":"\u5546\u5e97","item":"https:\/\/www.topfastpcb.com\/shop\/"},{"@type":"ListItem","position":3,"name":"Crystal Oscillator"}]},{"@type":"WebSite","@id":"https:\/\/www.topfastpcb.com\/#website","url":"https:\/\/www.topfastpcb.com\/","name":"Topfastpcb","description":"Topfast Prime Choice for Global Electronics Manufacturing","publisher":{"@id":"https:\/\/www.topfastpcb.com\/#organization"},"potentialAction":[{"@type":"SearchAction","target":{"@type":"EntryPoint","urlTemplate":"https:\/\/www.topfastpcb.com\/?s={search_term_string}"},"query-input":{"@type":"PropertyValueSpecification","valueRequired":true,"valueName":"search_term_string"}}],"inLanguage":"es"},{"@type":"Organization","@id":"https:\/\/www.topfastpcb.com\/#organization","name":"Topfastpcb","url":"https:\/\/www.topfastpcb.com\/","logo":{"@type":"ImageObject","inLanguage":"es","@id":"https:\/\/www.topfastpcb.com\/#\/schema\/logo\/image\/","url":"https:\/\/www.topfastpcb.com\/wp-content\/uploads\/2026\/02\/cropped-topfast-logo.png","contentUrl":"https:\/\/www.topfastpcb.com\/wp-content\/uploads\/2026\/02\/cropped-topfast-logo.png","width":144,"height":56,"caption":"Topfastpcb"},"image":{"@id":"https:\/\/www.topfastpcb.com\/#\/schema\/logo\/image\/"}}]}},"_links":{"self":[{"href":"https:\/\/www.topfastpcb.com\/es\/wp-json\/wp\/v2\/product\/3468","targetHints":{"allow":["GET"]}}],"collection":[{"href":"https:\/\/www.topfastpcb.com\/es\/wp-json\/wp\/v2\/product"}],"about":[{"href":"https:\/\/www.topfastpcb.com\/es\/wp-json\/wp\/v2\/types\/product"}],"replies":[{"embeddable":true,"href":"https:\/\/www.topfastpcb.com\/es\/wp-json\/wp\/v2\/comments?post=3468"}],"wp:featuredmedia":[{"embeddable":true,"href":"https:\/\/www.topfastpcb.com\/es\/wp-json\/wp\/v2\/media\/3469"}],"wp:attachment":[{"href":"https:\/\/www.topfastpcb.com\/es\/wp-json\/wp\/v2\/media?parent=3468"}],"wp:term":[{"taxonomy":"product_brand","embeddable":true,"href":"https:\/\/www.topfastpcb.com\/es\/wp-json\/wp\/v2\/product_brand?post=3468"},{"taxonomy":"product_cat","embeddable":true,"href":"https:\/\/www.topfastpcb.com\/es\/wp-json\/wp\/v2\/product_cat?post=3468"},{"taxonomy":"product_tag","embeddable":true,"href":"https:\/\/www.topfastpcb.com\/es\/wp-json\/wp\/v2\/product_tag?post=3468"}],"curies":[{"name":"wp","href":"https:\/\/api.w.org\/{rel}","templated":true}]}}