{"id":3492,"date":"2025-06-29T08:33:35","date_gmt":"2025-06-29T00:33:35","guid":{"rendered":"https:\/\/www.topfastpcb.com\/?post_type=product&#038;p=3492"},"modified":"2025-06-27T15:28:15","modified_gmt":"2025-06-27T07:28:15","slug":"integrated-circuits","status":"publish","type":"product","link":"https:\/\/www.topfastpcb.com\/es\/products\/integrated-circuits\/","title":{"rendered":"Circuitos integrados (CI)"},"content":{"rendered":"<div id=\"ez-toc-container\" class=\"ez-toc-v2_0_74 counter-hierarchy ez-toc-counter ez-toc-custom ez-toc-container-direction\">\n<div class=\"ez-toc-title-container\">\n<p class=\"ez-toc-title\" style=\"cursor:inherit\">Tabla de contenidos<\/p>\n<span class=\"ez-toc-title-toggle\"><\/span><\/div>\n<nav><ul class='ez-toc-list ez-toc-list-level-1' ><li class='ez-toc-page-1 ez-toc-heading-level-2'><a class=\"ez-toc-link ez-toc-heading-1\" href=\"https:\/\/www.topfastpcb.com\/es\/products\/integrated-circuits\/#The_Importance_of_Integrated_Circuits_ICs\" >La importancia de los circuitos integrados (CI)<\/a><ul class='ez-toc-list-level-3' ><li class='ez-toc-heading-level-3'><a class=\"ez-toc-link ez-toc-heading-2\" href=\"https:\/\/www.topfastpcb.com\/es\/products\/integrated-circuits\/#Why_Choose_ICs\" >\u00bfPor qu\u00e9 elegir CI?<\/a><\/li><\/ul><\/li><li class='ez-toc-page-1 ez-toc-heading-level-2'><a class=\"ez-toc-link ez-toc-heading-3\" href=\"https:\/\/www.topfastpcb.com\/es\/products\/integrated-circuits\/#Integrated_Circuit_IC_Category\" >Categor\u00eda de circuitos integrados (CI)<\/a><ul class='ez-toc-list-level-3' ><li class='ez-toc-heading-level-3'><a class=\"ez-toc-link ez-toc-heading-4\" href=\"https:\/\/www.topfastpcb.com\/es\/products\/integrated-circuits\/#1_Functional_Structure_Classification\" >1. Clasificaci\u00f3n de las estructuras funcionales<\/a><\/li><li class='ez-toc-page-1 ez-toc-heading-level-3'><a class=\"ez-toc-link ez-toc-heading-5\" href=\"https:\/\/www.topfastpcb.com\/es\/products\/integrated-circuits\/#2_Integration_Levels\" >2.Niveles de integraci\u00f3n<\/a><\/li><\/ul><\/li><li class='ez-toc-page-1 ez-toc-heading-level-2'><a class=\"ez-toc-link ez-toc-heading-6\" href=\"https:\/\/www.topfastpcb.com\/es\/products\/integrated-circuits\/#Topfasts_One-Stop_PCB_Solutions\" >Soluciones integrales de PCB de Topfast<\/a><ul class='ez-toc-list-level-3' ><li class='ez-toc-heading-level-3'><a class=\"ez-toc-link ez-toc-heading-7\" href=\"https:\/\/www.topfastpcb.com\/es\/products\/integrated-circuits\/#Why_Global_Clients_Choose_Topfast\" >\u00bfPor qu\u00e9 los clientes de todo el mundo eligen Topfast?<\/a><\/li><li class='ez-toc-page-1 ez-toc-heading-level-3'><a class=\"ez-toc-link ez-toc-heading-8\" href=\"https:\/\/www.topfastpcb.com\/es\/products\/integrated-circuits\/#From_IC_to_Final_Product\" >Del CI al producto final<\/a><\/li><li class='ez-toc-page-1 ez-toc-heading-level-3'><a class=\"ez-toc-link ez-toc-heading-9\" href=\"https:\/\/www.topfastpcb.com\/es\/products\/integrated-circuits\/#Get_Your_Custom_IC_Solution\" >Obtenga su soluci\u00f3n de CI personalizada<\/a><\/li><\/ul><\/li><\/ul><\/nav><\/div>\n\n<h2><span class=\"ez-toc-section\" id=\"The_Importance_of_Integrated_Circuits_ICs\"><\/span>La importancia de los circuitos integrados (CI)<span class=\"ez-toc-section-end\"><\/span><\/h2>\n<p class=\"ds-markdown-paragraph\">Los circuitos integrados (CI) son dispositivos microelectr\u00f3nicos que integran transistores, resistencias, condensadores y otros componentes en diminutos chips semiconductores mediante avanzados procesos de fabricaci\u00f3n. Este avance ha revolucionado la electr\u00f3nica, permitiendo la miniaturizaci\u00f3n, el bajo consumo y la funcionalidad inteligente. En Topfast, nos especializamos en la sinergia entre los circuitos integrados y el dise\u00f1o de PCB, ofreciendo soluciones completas desde el chip hasta la placa de circuito.<\/p>\n<h3 class=\"ds-markdown-paragraph\"><span class=\"ez-toc-section\" id=\"Why_Choose_ICs\"><\/span><strong>\u00bfPor qu\u00e9 elegir CI?<\/strong><span class=\"ez-toc-section-end\"><\/span><\/h3>\n<ul>\n<li>\n<p class=\"ds-markdown-paragraph\">Tama\u00f1o reducido miles de veces, con un peso significativamente menor<\/p>\n<\/li>\n<li>\n<p class=\"ds-markdown-paragraph\">Mayor fiabilidad, con una reducci\u00f3n del \u00edndice de fallos superior al 90%.<\/p>\n<\/li>\n<li>\n<p class=\"ds-markdown-paragraph\">Menor consumo de energ\u00eda, mejorando la eficiencia en m\u00e1s de un 50% en comparaci\u00f3n con los circuitos tradicionales.<\/p>\n<\/li>\n<li>\n<p class=\"ds-markdown-paragraph\">Producci\u00f3n rentable, ideal para la fabricaci\u00f3n en serie<\/p>\n<\/li>\n<\/ul>\n<p class=\"ds-markdown-paragraph\"><a target=\"_blank\" rel=\"noopener noreferrer\" href=\"https:\/\/www.topfastpcb.com\/es\/contact\/\">Obtenga una soluci\u00f3n de dise\u00f1o de integraci\u00f3n de CI gratuita \u2192<\/a><\/p>\n<h2><span class=\"ez-toc-section\" id=\"Integrated_Circuit_IC_Category\"><\/span>Categor\u00eda de circuitos integrados (CI)<span class=\"ez-toc-section-end\"><\/span><\/h2>\n<h3><span class=\"ez-toc-section\" id=\"1_Functional_Structure_Classification\"><\/span>1. Clasificaci\u00f3n de las estructuras funcionales<span class=\"ez-toc-section-end\"><\/span><\/h3>\n<ul>\n<li>\n<p class=\"ds-markdown-paragraph\"><strong>Circuitos integrados anal\u00f3gicos<\/strong>: Procesa se\u00f1ales continuas para amplificaci\u00f3n de audio, sensores, etc.<\/p>\n<\/li>\n<li>\n<p class=\"ds-markdown-paragraph\"><strong>Circuitos integrados digitales<\/strong>Manejan se\u00f1ales discretas y forman el n\u00facleo de las CPU y la memoria<\/p>\n<\/li>\n<li>\n<p class=\"ds-markdown-paragraph\"><strong>Circuitos integrados de se\u00f1al mixta<\/strong>: Combinar ambos, como los convertidores AD\/DA<\/p>\n<\/li>\n<\/ul>\n<h3><span class=\"ez-toc-section\" id=\"2_Integration_Levels\"><\/span>2.Niveles de integraci\u00f3n<span class=\"ez-toc-section-end\"><\/span><\/h3>\n<p class=\"ds-markdown-paragraph\">Desde SSIC (Small-Scale) a GSIC (Giga-Scale), el equipo de ingenier\u00eda de Topfast le ayuda a encontrar el CI adecuado a sus necesidades:<\/p>\n<div class=\"markdown-table-wrapper\">\n<table>\n<thead>\n<tr>\n<th>tipo<\/th>\n<th>Recuento de componentes<\/th>\n<th>Aplicaciones t\u00edpicas<\/th>\n<\/tr>\n<\/thead>\n<tbody>\n<tr>\n<td>SSIC<\/td>\n<td>&lt;100<\/td>\n<td>Circuitos l\u00f3gicos sencillos<\/td>\n<\/tr>\n<tr>\n<td>MSIC<\/td>\n<td>100-1k<\/td>\n<td>Calculadoras, temporizadores<\/td>\n<\/tr>\n<tr>\n<td>LSIC<\/td>\n<td>1k-10k<\/td>\n<td>Primeros microprocesadores<\/td>\n<\/tr>\n<tr>\n<td>VLSIC<\/td>\n<td>10k-100k<\/td>\n<td>N\u00facleos de CPU modernos<\/td>\n<\/tr>\n<tr>\n<td>ULSIC<\/td>\n<td>100k-1M<\/td>\n<td>GPU de gama alta<\/td>\n<\/tr>\n<tr>\n<td>GSIC<\/td>\n<td>1M<\/td>\n<td>Chips de superordenador<\/td>\n<\/tr>\n<\/tbody>\n<\/table>\n<\/div>\n<h2><img loading=\"lazy\" decoding=\"async\" src=\"https:\/\/www.topfastpcb.com\/wp-content\/uploads\/2025\/06\/ic.jpg\" alt=\"ic\" width=\"600\" height=\"402\" class=\"aligncenter size-full wp-image-3493\" srcset=\"https:\/\/www.topfastpcb.com\/wp-content\/uploads\/2025\/06\/ic.jpg 600w, https:\/\/www.topfastpcb.com\/wp-content\/uploads\/2025\/06\/ic-300x201.jpg 300w, https:\/\/www.topfastpcb.com\/wp-content\/uploads\/2025\/06\/ic-18x12.jpg 18w\" sizes=\"auto, (max-width: 600px) 100vw, 600px\" \/><\/h2>\n<h2><span class=\"ez-toc-section\" id=\"Topfasts_One-Stop_PCB_Solutions\"><\/span>Soluciones integrales de PCB de Topfast<span class=\"ez-toc-section-end\"><\/span><\/h2>\n<p class=\"ds-markdown-paragraph\">Con 17 a\u00f1os de experiencia en la fabricaci\u00f3n de PCB, Topfast ofrece:<\/p>\n<p class=\"ds-markdown-paragraph\"><strong>Servicios b\u00e1sicos:<\/strong><\/p>\n<ul>\n<li>\n<p class=\"ds-markdown-paragraph\"><a href=\"https:\/\/www.topfastpcb.com\/es\/products\/hdi-pcb\/\"><strong>Placas de IDH<\/strong><\/a>: 3mil\/3mil ancho\/espacio de l\u00ednea<\/p>\n<\/li>\n<li>\n<p class=\"ds-markdown-paragraph\"><strong><a href=\"https:\/\/www.topfastpcb.com\/es\/products\/high-frequency-pcb-board\/\">Alta frecuencia<\/a> &amp; <a href=\"https:\/\/www.topfastpcb.com\/es\/products\/high-speed-pcb\/\">Tarjetas de alta velocidad<\/a><\/strong>: Ideal para comunicaciones 5G\/6G<\/p>\n<\/li>\n<li>\n<p class=\"ds-markdown-paragraph\"><a href=\"https:\/\/www.topfastpcb.com\/es\/products\/category\/rigid-flex-pcb\/\"><strong>Tableros Flex-R\u00edgidos<\/strong><\/a>: Perfecto para dispositivos complejos<\/p>\n<\/li>\n<li>\n<p class=\"ds-markdown-paragraph\"><strong>Tableros de cobre pesados<\/strong>: Admite aplicaciones de alta corriente (hasta 20 oz)<\/p>\n<\/li>\n<\/ul>\n<p class=\"ds-markdown-paragraph\"><strong>Garant\u00eda de calidad:<\/strong><\/p>\n<ul>\n<li>\n<p class=\"ds-markdown-paragraph\">Certificaci\u00f3n UL, conformidad ISO9001<\/p>\n<\/li>\n<li>\n<p class=\"ds-markdown-paragraph\">100% de pruebas con sonda volante<\/p>\n<\/li>\n<li>\n<p class=\"ds-markdown-paragraph\">Normas IPC-A-600 Clase 2\/3<\/p>\n<\/li>\n<li>\n<p class=\"ds-markdown-paragraph\">Inspecci\u00f3n AOI avanzada<\/p>\n<\/li>\n<\/ul>\n<p class=\"ds-markdown-paragraph\"><a target=\"_blank\" rel=\"noopener noreferrer\" href=\"https:\/\/www.topfastpcb.com\/es\/contact\/\">Obtenga un presupuesto instant\u00e1neo de fabricaci\u00f3n de PCB \u2192<\/a><\/p>\n<h3><span class=\"ez-toc-section\" id=\"Why_Global_Clients_Choose_Topfast\"><\/span>\u00bfPor qu\u00e9 los clientes de todo el mundo eligen Topfast?<span class=\"ez-toc-section-end\"><\/span><\/h3>\n<ol start=\"1\">\n<li>\n<p class=\"ds-markdown-paragraph\"><strong>Ventajas de la cadena de suministro<\/strong>:<\/p>\n<ul>\n<li>\n<p class=\"ds-markdown-paragraph\">Asociaciones con grandes marcas como TI y NXP<\/p>\n<\/li>\n<li>\n<p class=\"ds-markdown-paragraph\">Optimizaci\u00f3n del coste de la lista de materiales, con un ahorro del 15 % en componentes.<\/p>\n<\/li>\n<li>\n<p class=\"ds-markdown-paragraph\">Red mundial de abastecimiento para un suministro estable<\/p>\n<\/li>\n<\/ul>\n<\/li>\n<li>\n<p class=\"ds-markdown-paragraph\"><strong>Asistencia t\u00e9cnica<\/strong>:<\/p>\n<ul>\n<li>\n<p class=\"ds-markdown-paragraph\">Presupuestos r\u00e1pidos en 1 hora<\/p>\n<\/li>\n<li>\n<p class=\"ds-markdown-paragraph\">Evaluaciones de ingenier\u00eda de 4 horas<\/p>\n<\/li>\n<li>\n<p class=\"ds-markdown-paragraph\">Servicio multiling\u00fce de atenci\u00f3n al cliente 24 horas al d\u00eda, 7 d\u00edas a la semana<\/p>\n<\/li>\n<li>\n<p class=\"ds-markdown-paragraph\">An\u00e1lisis DFM gratuito<\/p>\n<\/li>\n<\/ul>\n<\/li>\n<li>\n<p class=\"ds-markdown-paragraph\"><strong>Entrega r\u00e1pida<\/strong>:<\/p>\n<ul>\n<li>\n<p class=\"ds-markdown-paragraph\">Prototipos en 24 horas<\/p>\n<\/li>\n<li>\n<p class=\"ds-markdown-paragraph\">Peque\u00f1os lotes entregados en 5-7 d\u00edas<\/p>\n<\/li>\n<li>\n<p class=\"ds-markdown-paragraph\">Log\u00edstica fiable para entregas puntuales<\/p>\n<\/li>\n<\/ul>\n<\/li>\n<\/ol>\n<p class=\"ds-markdown-paragraph\"><em>Topfast aceler\u00f3 el lanzamiento de nuestro producto. Las optimizaciones de su equipo de ingenier\u00eda redujeron nuestros costes de PCB en un 22%&#8221;<\/em><span>\u00a0<\/span>- Cliente internacional de productos sanitarios<\/p>\n<h3><span class=\"ez-toc-section\" id=\"From_IC_to_Final_Product\"><\/span>Del CI al producto final<span class=\"ez-toc-section-end\"><\/span><\/h3>\n<ol start=\"1\">\n<li>\n<p class=\"ds-markdown-paragraph\"><strong>Consulta sobre dise\u00f1o<\/strong>:<\/p>\n<ul>\n<li>\n<p class=\"ds-markdown-paragraph\">Revisiones de dise\u00f1o gratuitas<\/p>\n<\/li>\n<li>\n<p class=\"ds-markdown-paragraph\">An\u00e1lisis de la integridad de la se\u00f1al<\/p>\n<\/li>\n<li>\n<p class=\"ds-markdown-paragraph\">Optimizaci\u00f3n de la gesti\u00f3n t\u00e9rmica<\/p>\n<\/li>\n<\/ul>\n<\/li>\n<li>\n<p class=\"ds-markdown-paragraph\"><strong>Fabricaci\u00f3n<\/strong>:<\/p>\n<ul>\n<li>\n<p class=\"ds-markdown-paragraph\">Placas de circuito impreso multicapa de alta precisi\u00f3n (hasta 40 capas)<\/p>\n<\/li>\n<li>\n<p class=\"ds-markdown-paragraph\">01005 montaje de componentes ultrapeque\u00f1os<\/p>\n<\/li>\n<li>\n<p class=\"ds-markdown-paragraph\">Inspecci\u00f3n de pasta de soldadura 3D SPI<\/p>\n<\/li>\n<\/ul>\n<\/li>\n<li>\n<p class=\"ds-markdown-paragraph\"><strong>Pruebas y certificaci\u00f3n<\/strong>:<\/p>\n<ul>\n<li>\n<p class=\"ds-markdown-paragraph\">Pruebas funcionales (FCT)<\/p>\n<\/li>\n<li>\n<p class=\"ds-markdown-paragraph\">Evaluaci\u00f3n del estr\u00e9s ambiental (ESS)<\/p>\n<\/li>\n<li>\n<p class=\"ds-markdown-paragraph\">Conformidad CE\/FCC<\/p>\n<\/li>\n<\/ul>\n<\/li>\n<\/ol>\n<h3><span class=\"ez-toc-section\" id=\"Get_Your_Custom_IC_Solution\"><\/span><a href=\"https:\/\/www.topfastpcb.com\/es\/contact\/\">Obtenga su soluci\u00f3n de CI personalizada<\/a><span class=\"ez-toc-section-end\"><\/span><\/h3>\n<p class=\"ds-markdown-paragraph\">Tanto si necesita:<\/p>\n<ul>\n<li>\n<p class=\"ds-markdown-paragraph\">Placas de circuito impreso para la integraci\u00f3n de circuitos integrados complejos<\/p>\n<\/li>\n<li>\n<p class=\"ds-markdown-paragraph\">Soporte de dise\u00f1o de alta frecuencia\/alta velocidad<\/p>\n<\/li>\n<li>\n<p class=\"ds-markdown-paragraph\">Creaci\u00f3n r\u00e1pida de prototipos para lotes peque\u00f1os<\/p>\n<\/li>\n<li>\n<p class=\"ds-markdown-paragraph\">Optimizaci\u00f3n de la producci\u00f3n en serie<\/p>\n<\/li>\n<\/ul>\n<p class=\"ds-markdown-paragraph\">El equipo de expertos de Topfast est\u00e1 preparado para ayudarle:<br \/>\n\u2713 Evaluaci\u00f3n t\u00e9cnica gratuita<br \/>\n\u2713 Soluciones que ahorran costes<br \/>\nCreaci\u00f3n r\u00e1pida de prototipos<br \/>\n\u2713 Apoyo a la producci\u00f3n en serie<\/p>\n<p class=\"ds-markdown-paragraph\"><strong>Oferta por tiempo limitado<\/strong>: Las 20 primeras consultas reciben un an\u00e1lisis DFM gratuito + un descuento de 100 $ para nuevos clientes.<\/p>\n<p class=\"ds-markdown-paragraph\"><a target=\"_blank\" rel=\"noopener noreferrer\" href=\"https:\/\/www.topfastpcb.com\/es\/contact\/\">Reclama tu oferta exclusiva \u2192<\/a><\/p>","protected":false},"excerpt":{"rendered":"<p>Entendiendo los principios de trabajo, clasificaci\u00f3n y aplicaciones de los circuitos integrados (IC), Topfast aprovecha sus 17 a\u00f1os de experiencia como fabricante profesional de PCB para proporcionar soluciones integrales desde el dise\u00f1o hasta la producci\u00f3n, ayudando a los clientes a lograr una r\u00e1pida producci\u00f3n de productos electr\u00f3nicos de alta calidad.<\/p>","protected":false},"featured_media":3494,"comment_status":"closed","ping_status":"closed","template":"","meta":[],"product_brand":[],"product_cat":[217],"product_tag":[312,313],"class_list":{"0":"post-3492","1":"product","2":"type-product","3":"status-publish","4":"has-post-thumbnail","6":"product_cat-electronic-components","7":"product_tag-ic","8":"product_tag-integrated-circuits","10":"first","11":"instock","12":"shipping-taxable","13":"product-type-simple"},"yoast_head":"<!-- This site is optimized with the Yoast SEO plugin v25.1 - https:\/\/yoast.com\/wordpress\/plugins\/seo\/ -->\n<title>Integrated Circuits (ICs) - Topfastpcb<\/title>\n<meta name=\"description\" content=\"Topfast provides 17 years of professional PCB manufacturing and assembly services, offering a one-stop solution from integrated circuit (IC) design to production.\" \/>\n<meta name=\"robots\" content=\"index, follow, max-snippet:-1, max-image-preview:large, max-video-preview:-1\" \/>\n<link rel=\"canonical\" href=\"https:\/\/www.topfastpcb.com\/es\/products\/integrated-circuits\/\" \/>\n<meta property=\"og:locale\" content=\"es_ES\" \/>\n<meta property=\"og:type\" content=\"article\" \/>\n<meta property=\"og:title\" content=\"Integrated Circuits (ICs) - Topfastpcb\" \/>\n<meta property=\"og:description\" content=\"Topfast provides 17 years of professional PCB manufacturing and assembly services, offering a one-stop solution from integrated circuit (IC) design to production.\" \/>\n<meta property=\"og:url\" content=\"https:\/\/www.topfastpcb.com\/es\/products\/integrated-circuits\/\" \/>\n<meta property=\"og:site_name\" content=\"Topfastpcb\" \/>\n<meta property=\"og:image\" content=\"https:\/\/www.topfastpcb.com\/wp-content\/uploads\/2025\/06\/ic-4.jpg\" \/>\n\t<meta property=\"og:image:width\" content=\"750\" \/>\n\t<meta property=\"og:image:height\" content=\"750\" \/>\n\t<meta property=\"og:image:type\" content=\"image\/jpeg\" \/>\n<meta name=\"twitter:card\" content=\"summary_large_image\" \/>\n<meta name=\"twitter:label1\" content=\"Tiempo de lectura\" \/>\n\t<meta name=\"twitter:data1\" content=\"3 minutos\" \/>\n<script type=\"application\/ld+json\" class=\"yoast-schema-graph\">{\"@context\":\"https:\/\/schema.org\",\"@graph\":[{\"@type\":\"WebPage\",\"@id\":\"https:\/\/www.topfastpcb.com\/products\/integrated-circuits\/\",\"url\":\"https:\/\/www.topfastpcb.com\/products\/integrated-circuits\/\",\"name\":\"Integrated Circuits (ICs) - Topfastpcb\",\"isPartOf\":{\"@id\":\"https:\/\/www.topfastpcb.com\/#website\"},\"primaryImageOfPage\":{\"@id\":\"https:\/\/www.topfastpcb.com\/products\/integrated-circuits\/#primaryimage\"},\"image\":{\"@id\":\"https:\/\/www.topfastpcb.com\/products\/integrated-circuits\/#primaryimage\"},\"thumbnailUrl\":\"https:\/\/www.topfastpcb.com\/wp-content\/uploads\/2025\/06\/ic-4.jpg\",\"datePublished\":\"2025-06-29T00:33:35+00:00\",\"description\":\"Topfast provides 17 years of professional PCB manufacturing and assembly services, offering a one-stop solution from integrated circuit (IC) design to production.\",\"breadcrumb\":{\"@id\":\"https:\/\/www.topfastpcb.com\/products\/integrated-circuits\/#breadcrumb\"},\"inLanguage\":\"es\",\"potentialAction\":[{\"@type\":\"ReadAction\",\"target\":[\"https:\/\/www.topfastpcb.com\/products\/integrated-circuits\/\"]}]},{\"@type\":\"ImageObject\",\"inLanguage\":\"es\",\"@id\":\"https:\/\/www.topfastpcb.com\/products\/integrated-circuits\/#primaryimage\",\"url\":\"https:\/\/www.topfastpcb.com\/wp-content\/uploads\/2025\/06\/ic-4.jpg\",\"contentUrl\":\"https:\/\/www.topfastpcb.com\/wp-content\/uploads\/2025\/06\/ic-4.jpg\",\"width\":750,\"height\":750,\"caption\":\"Integrated Circuits\"},{\"@type\":\"BreadcrumbList\",\"@id\":\"https:\/\/www.topfastpcb.com\/products\/integrated-circuits\/#breadcrumb\",\"itemListElement\":[{\"@type\":\"ListItem\",\"position\":1,\"name\":\"\u9996\u9875\",\"item\":\"https:\/\/www.topfastpcb.com\/\"},{\"@type\":\"ListItem\",\"position\":2,\"name\":\"\u5546\u5e97\",\"item\":\"https:\/\/www.topfastpcb.com\/shop\/\"},{\"@type\":\"ListItem\",\"position\":3,\"name\":\"Integrated Circuits (ICs)\"}]},{\"@type\":\"WebSite\",\"@id\":\"https:\/\/www.topfastpcb.com\/#website\",\"url\":\"https:\/\/www.topfastpcb.com\/\",\"name\":\"Topfastpcb\",\"description\":\"Topfast Prime Choice for Global Electronics Manufacturing\",\"publisher\":{\"@id\":\"https:\/\/www.topfastpcb.com\/#organization\"},\"potentialAction\":[{\"@type\":\"SearchAction\",\"target\":{\"@type\":\"EntryPoint\",\"urlTemplate\":\"https:\/\/www.topfastpcb.com\/?s={search_term_string}\"},\"query-input\":{\"@type\":\"PropertyValueSpecification\",\"valueRequired\":true,\"valueName\":\"search_term_string\"}}],\"inLanguage\":\"es\"},{\"@type\":\"Organization\",\"@id\":\"https:\/\/www.topfastpcb.com\/#organization\",\"name\":\"Topfastpcb\",\"url\":\"https:\/\/www.topfastpcb.com\/\",\"logo\":{\"@type\":\"ImageObject\",\"inLanguage\":\"es\",\"@id\":\"https:\/\/www.topfastpcb.com\/#\/schema\/logo\/image\/\",\"url\":\"https:\/\/www.topfastpcb.com\/wp-content\/uploads\/2026\/02\/cropped-topfast-logo.png\",\"contentUrl\":\"https:\/\/www.topfastpcb.com\/wp-content\/uploads\/2026\/02\/cropped-topfast-logo.png\",\"width\":144,\"height\":56,\"caption\":\"Topfastpcb\"},\"image\":{\"@id\":\"https:\/\/www.topfastpcb.com\/#\/schema\/logo\/image\/\"}}]}<\/script>\n<!-- \/ Yoast SEO plugin. -->","yoast_head_json":{"title":"Integrated Circuits (ICs) - Topfastpcb","description":"Topfast provides 17 years of professional PCB manufacturing and assembly services, offering a one-stop solution from integrated circuit (IC) design to production.","robots":{"index":"index","follow":"follow","max-snippet":"max-snippet:-1","max-image-preview":"max-image-preview:large","max-video-preview":"max-video-preview:-1"},"canonical":"https:\/\/www.topfastpcb.com\/es\/products\/integrated-circuits\/","og_locale":"es_ES","og_type":"article","og_title":"Integrated Circuits (ICs) - Topfastpcb","og_description":"Topfast provides 17 years of professional PCB manufacturing and assembly services, offering a one-stop solution from integrated circuit (IC) design to production.","og_url":"https:\/\/www.topfastpcb.com\/es\/products\/integrated-circuits\/","og_site_name":"Topfastpcb","og_image":[{"width":750,"height":750,"url":"https:\/\/www.topfastpcb.com\/wp-content\/uploads\/2025\/06\/ic-4.jpg","type":"image\/jpeg"}],"twitter_card":"summary_large_image","twitter_misc":{"Tiempo de lectura":"3 minutos"},"schema":{"@context":"https:\/\/schema.org","@graph":[{"@type":"WebPage","@id":"https:\/\/www.topfastpcb.com\/products\/integrated-circuits\/","url":"https:\/\/www.topfastpcb.com\/products\/integrated-circuits\/","name":"Integrated Circuits (ICs) - Topfastpcb","isPartOf":{"@id":"https:\/\/www.topfastpcb.com\/#website"},"primaryImageOfPage":{"@id":"https:\/\/www.topfastpcb.com\/products\/integrated-circuits\/#primaryimage"},"image":{"@id":"https:\/\/www.topfastpcb.com\/products\/integrated-circuits\/#primaryimage"},"thumbnailUrl":"https:\/\/www.topfastpcb.com\/wp-content\/uploads\/2025\/06\/ic-4.jpg","datePublished":"2025-06-29T00:33:35+00:00","description":"Topfast provides 17 years of professional PCB manufacturing and assembly services, offering a one-stop solution from integrated circuit (IC) design to production.","breadcrumb":{"@id":"https:\/\/www.topfastpcb.com\/products\/integrated-circuits\/#breadcrumb"},"inLanguage":"es","potentialAction":[{"@type":"ReadAction","target":["https:\/\/www.topfastpcb.com\/products\/integrated-circuits\/"]}]},{"@type":"ImageObject","inLanguage":"es","@id":"https:\/\/www.topfastpcb.com\/products\/integrated-circuits\/#primaryimage","url":"https:\/\/www.topfastpcb.com\/wp-content\/uploads\/2025\/06\/ic-4.jpg","contentUrl":"https:\/\/www.topfastpcb.com\/wp-content\/uploads\/2025\/06\/ic-4.jpg","width":750,"height":750,"caption":"Integrated Circuits"},{"@type":"BreadcrumbList","@id":"https:\/\/www.topfastpcb.com\/products\/integrated-circuits\/#breadcrumb","itemListElement":[{"@type":"ListItem","position":1,"name":"\u9996\u9875","item":"https:\/\/www.topfastpcb.com\/"},{"@type":"ListItem","position":2,"name":"\u5546\u5e97","item":"https:\/\/www.topfastpcb.com\/shop\/"},{"@type":"ListItem","position":3,"name":"Integrated Circuits (ICs)"}]},{"@type":"WebSite","@id":"https:\/\/www.topfastpcb.com\/#website","url":"https:\/\/www.topfastpcb.com\/","name":"Topfastpcb","description":"Topfast Prime Choice for Global Electronics Manufacturing","publisher":{"@id":"https:\/\/www.topfastpcb.com\/#organization"},"potentialAction":[{"@type":"SearchAction","target":{"@type":"EntryPoint","urlTemplate":"https:\/\/www.topfastpcb.com\/?s={search_term_string}"},"query-input":{"@type":"PropertyValueSpecification","valueRequired":true,"valueName":"search_term_string"}}],"inLanguage":"es"},{"@type":"Organization","@id":"https:\/\/www.topfastpcb.com\/#organization","name":"Topfastpcb","url":"https:\/\/www.topfastpcb.com\/","logo":{"@type":"ImageObject","inLanguage":"es","@id":"https:\/\/www.topfastpcb.com\/#\/schema\/logo\/image\/","url":"https:\/\/www.topfastpcb.com\/wp-content\/uploads\/2026\/02\/cropped-topfast-logo.png","contentUrl":"https:\/\/www.topfastpcb.com\/wp-content\/uploads\/2026\/02\/cropped-topfast-logo.png","width":144,"height":56,"caption":"Topfastpcb"},"image":{"@id":"https:\/\/www.topfastpcb.com\/#\/schema\/logo\/image\/"}}]}},"_links":{"self":[{"href":"https:\/\/www.topfastpcb.com\/es\/wp-json\/wp\/v2\/product\/3492","targetHints":{"allow":["GET"]}}],"collection":[{"href":"https:\/\/www.topfastpcb.com\/es\/wp-json\/wp\/v2\/product"}],"about":[{"href":"https:\/\/www.topfastpcb.com\/es\/wp-json\/wp\/v2\/types\/product"}],"replies":[{"embeddable":true,"href":"https:\/\/www.topfastpcb.com\/es\/wp-json\/wp\/v2\/comments?post=3492"}],"wp:featuredmedia":[{"embeddable":true,"href":"https:\/\/www.topfastpcb.com\/es\/wp-json\/wp\/v2\/media\/3494"}],"wp:attachment":[{"href":"https:\/\/www.topfastpcb.com\/es\/wp-json\/wp\/v2\/media?parent=3492"}],"wp:term":[{"taxonomy":"product_brand","embeddable":true,"href":"https:\/\/www.topfastpcb.com\/es\/wp-json\/wp\/v2\/product_brand?post=3492"},{"taxonomy":"product_cat","embeddable":true,"href":"https:\/\/www.topfastpcb.com\/es\/wp-json\/wp\/v2\/product_cat?post=3492"},{"taxonomy":"product_tag","embeddable":true,"href":"https:\/\/www.topfastpcb.com\/es\/wp-json\/wp\/v2\/product_tag?post=3492"}],"curies":[{"name":"wp","href":"https:\/\/api.w.org\/{rel}","templated":true}]}}