{"id":3,"date":"2025-03-26T11:47:51","date_gmt":"2025-03-26T11:47:51","guid":{"rendered":"http:\/\/topfastpcbb.ru\/?page_id=3"},"modified":"2025-12-09T20:47:30","modified_gmt":"2025-12-09T12:47:30","slug":"privacy-policy","status":"publish","type":"page","link":"https:\/\/www.topfastpcb.com\/fi\/privacy-policy\/","title":{"rendered":"Tietosuojak\u00e4yt\u00e4nt\u00f6"},"content":{"rendered":"<p>T\u00e4m\u00e4 sivusto pit\u00e4\u00e4 eritt\u00e4in t\u00e4rke\u00e4n\u00e4 k\u00e4ytt\u00e4j\u00e4n tietosuojak\u00e4yt\u00e4nt\u00f6\u00e4 ja noudattaa tiukasti asiaa koskevia lakeja ja asetuksia.Ennen kuin jatkat t\u00e4m\u00e4n sivuston palvelujen k\u00e4ytt\u00f6\u00e4, lue t\u00e4m\u00e4 tietosuojak\u00e4yt\u00e4nt\u00f6.Jos jatkat palveluidemme k\u00e4ytt\u00f6\u00e4, se tarkoittaa, ett\u00e4 olet lukenut ja ymm\u00e4rt\u00e4nyt t\u00e4m\u00e4n sopimuksen koko sis\u00e4ll\u00f6n.<br>T\u00e4m\u00e4 sivusto kunnioittaa ja suojelee kaikkien t\u00e4m\u00e4n palvelun k\u00e4ytt\u00e4jien yksityisyytt\u00e4. Tarjotakseen sinulle tarkempaa ja yksil\u00f6llisemp\u00e4\u00e4 palvelua sivusto k\u00e4ytt\u00e4\u00e4 ja luovuttaa henkil\u00f6tietojasi t\u00e4m\u00e4n tietosuojak\u00e4yt\u00e4nn\u00f6n mukaisesti. Ellei t\u00e4ss\u00e4 tietosuojak\u00e4yt\u00e4nn\u00f6ss\u00e4 toisin m\u00e4\u00e4r\u00e4t\u00e4, Sivusto ei luovuta tai anna n\u00e4it\u00e4 tietoja kolmansille osapuolille ilman ennakkolupaa. Sivusto voi ajoittain p\u00e4ivitt\u00e4\u00e4 t\u00e4t\u00e4 tietosuojak\u00e4yt\u00e4nt\u00f6\u00e4. Sinun katsotaan hyv\u00e4ksyneen t\u00e4m\u00e4n tietosuojak\u00e4yt\u00e4nn\u00f6n kokonaisuudessaan, kun hyv\u00e4ksyt palvelun k\u00e4ytt\u00f6sopimuksen. T\u00e4m\u00e4 tietosuojak\u00e4yt\u00e4nt\u00f6 on erottamaton osa Palvelun k\u00e4ytt\u00f6sopimustamme.<\/p><ol class=\"wp-block-list\"><li><strong>Soveltamisala<\/strong><br>a) Kun rekister\u00f6idyt tilille t\u00e4ll\u00e4 verkkosivustolla, annat henkil\u00f6kohtaiset rekister\u00f6intitietosi t\u00e4m\u00e4n verkkosivuston vaatimusten mukaisesti;<br>b) Kun k\u00e4yt\u00e4t verkkosivuston verkkopalveluja tai vierailet verkkosivuston verkkosivuilla, verkkosivusto vastaanottaa ja tallentaa automaattisesti tietoja selaimestasi ja tietokoneestasi, mukaan lukien, mutta ei rajoittuen IP-osoitteeseesi, selaimen tyyppiin, kieleen, k\u00e4ytt\u00f6p\u00e4iv\u00e4m\u00e4\u00e4r\u00e4\u00e4n ja -aikaan, laitteiston ja ohjelmiston ominaisuuksiin ja tietueisiin tarvitsemistasi verkkosivuista; c) Verkkosivusto ilmoittaa sinulle kaikista muutoksista IP-osoitteessasi, selaimen tyypiss\u00e4, kieless\u00e4, k\u00e4ytt\u00f6p\u00e4iv\u00e4m\u00e4\u00e4r\u00e4\u00e4n ja -aikaan ja tarvitsemistasi tiedoista. vaativat verkkosivun tallenteita jne;<br>c) k\u00e4ytt\u00e4jien henkil\u00f6tiedot, jotka t\u00e4m\u00e4 verkkosivusto on saanut liikekumppaneilta laillisin keinoin.<br>d) T\u00e4m\u00e4 sivusto kielt\u00e4\u00e4 k\u00e4ytt\u00e4ji\u00e4 ehdottomasti l\u00e4hett\u00e4m\u00e4st\u00e4 paheksuttavaa tietoa, kuten alastomuutta, pornografiaa, jumalanpilkkaa jne. Tarkistamme julkaisun sis\u00e4ll\u00f6n, ja kun paheksuttavaa tietoa l\u00f6ytyy, kaikki k\u00e4ytt\u00e4j\u00e4n oikeudet poistetaan k\u00e4yt\u00f6st\u00e4.<br>Ymm\u00e4rr\u00e4t ja hyv\u00e4ksyt, ett\u00e4 seuraavat tiedot eiv\u00e4t koske t\u00e4t\u00e4 tietosuojak\u00e4yt\u00e4nt\u00f6\u00e4:<br>a) avainsanatiedot, jotka annat, kun k\u00e4yt\u00e4t alustamme tarjoamia hakupalveluja;<br>b) t\u00e4m\u00e4 sivusto ker\u00e4\u00e4 asiaankuuluvia tietoja ja tietoja, jotka olet luovuttanut, mukaan lukien, mutta ei rajoittuen, osallistuminen aktiviteetteihin, tapahtumatiedot ja arviointitiedot;<br>c) lakien tai s\u00e4\u00e4nt\u00f6jen rikkominen ja sivusto on ryhtynyt toimiin sinua vastaan.<\/li><\/ol><ol start=\"2\" class=\"wp-block-list\"><li><strong>Tietojen k\u00e4ytt\u00f6<\/strong><br>a) T\u00e4m\u00e4 sivusto ei anna, myy, vuokraa, jaa tai vaihda henkil\u00f6kohtaisia tietojasi mihink\u00e4\u00e4n etuyhteydett\u00f6m\u00e4\u00e4n kolmanteen osapuoleen, ellet ole saanut ennakkolupaa, tai kolmas osapuoli ja t\u00e4m\u00e4 sivusto (mukaan lukien t\u00e4m\u00e4n sivuston tyt\u00e4ryhti\u00f6t) tarjota palveluja sinulle yksitt\u00e4in tai yhdess\u00e4, ja palvelun p\u00e4\u00e4ttymisen j\u00e4lkeen heit\u00e4 kiellet\u00e4\u00e4n p\u00e4\u00e4sem\u00e4st\u00e4 k\u00e4siksi tietoihin, mukaan lukien kaikki tiedot, joihin heill\u00e4 oli p\u00e4\u00e4sy.<br>b) T\u00e4m\u00e4 sivusto ei my\u00f6sk\u00e4\u00e4n salli mink\u00e4\u00e4n kolmannen osapuolen ker\u00e4t\u00e4, muokata, myyd\u00e4 tai levitt\u00e4\u00e4 henkil\u00f6kohtaisia tietojasi mill\u00e4\u00e4n tavoin ilman korvausta. Jos t\u00e4m\u00e4n sivuston alustan k\u00e4ytt\u00e4j\u00e4 syyllistyy edell\u00e4 mainittuun toimintaan, t\u00e4ll\u00e4 sivustolla on oikeus irtisanoa palvelusopimus k\u00e4ytt\u00e4j\u00e4n kanssa v\u00e4litt\u00f6m\u00e4sti sen havaitsemisen j\u00e4lkeen.<br>c) K\u00e4ytt\u00e4jien palvelemiseksi Sivusto voi k\u00e4ytt\u00e4\u00e4 henkil\u00f6tietojasi tarjotakseen sinulle sinua kiinnostavia tietoja, mukaan lukien, mutta ei rajoittuen, tietojen l\u00e4hett\u00e4minen sinulle tuotteista ja palveluista tai tietojen jakaminen yhteisty\u00f6kumppaneidemme kanssa, jotta he voivat l\u00e4hett\u00e4\u00e4 sinulle tietoja tuotteistaan ja palveluistaan (j\u00e4lkimm\u00e4inen edellytt\u00e4\u00e4 sinun ennakkosuostumustasi).<\/li>\n\n<li><strong>Tietojen julkistaminen<\/strong><br>Seuraavissa tilanteissa t\u00e4m\u00e4 verkkosivusto luovuttaa henkil\u00f6tietojasi kokonaan tai osittain henkil\u00f6kohtaisten toiveidesi tai lain s\u00e4\u00e4nn\u00f6sten mukaisesti:<br>a) kolmannelle osapuolelle etuk\u00e4teen antamallasi suostumuksella;<br>b) jotta t\u00e4m\u00e4 verkkosivusto voi tarjota sinulle tarvitsemiasi tuotteita ja palveluja, sen on jaettava henkil\u00f6tietojasi kolmannen osapuolen kanssa;<br>c) asiaa koskevien lain s\u00e4\u00e4nn\u00f6sten mukaisesti tai hallinto- tai oikeusviranomaisten pyynn\u00f6st\u00e4 kolmannelle osapuolelle tai hallinto- tai oikeusviranomaisille;<br>d) Jos rikot asiaankuuluvia lakeja ja asetuksia tai palvelusopimusta tai t\u00e4m\u00e4n verkkosivuston asiaankuuluvia s\u00e4\u00e4nt\u00f6j\u00e4, on tarpeen paljastaa se kolmannelle osapuolelle;<br>e) Jos olet oikeutettu immateriaalioikeuksia koskevan valituksen tekij\u00e4 ja olet tehnyt valituksen, t\u00e4m\u00e4 verkkosivusto luovuttaa sen vastaajalle vastaajan pyynn\u00f6n mukaisesti, jotta osapuolet voivat k\u00e4sitell\u00e4 mahdollista kiistaa oikeuksista;<br>f) Tietyss\u00e4 liiketoimessa, joka on luotu t\u00e4m\u00e4n verkkosivuston alustalla, jos jokin liiketoimen osapuolista t\u00e4ytt\u00e4\u00e4 tai osittain t\u00e4ytt\u00e4\u00e4 liiketoimen velvoitteet ja toimittaa tiedot osittain t\u00e4ytt\u00e4\u00e4 liiketoimen velvoitteet ja esitt\u00e4\u00e4 tietojen luovuttamista koskevan pyynn\u00f6n, t\u00e4ll\u00e4 sivustolla on oikeus p\u00e4\u00e4tt\u00e4\u00e4 antaa k\u00e4ytt\u00e4j\u00e4lle liiketoimen toisen osapuolen yhteystiedot ja muut tarvittavat tiedot liiketoimen loppuunsaattamisen helpottamiseksi tai riitojen ratkaisemiseksi.<br>g) muut tiedot, jotka t\u00e4m\u00e4 verkkosivusto katsoo tarpeellisiksi lakien, asetusten tai verkkosivuston k\u00e4yt\u00e4nt\u00f6jen mukaisesti.<\/li>\n\n<li><strong>Tietojen varastointi ja vaihto<\/strong><br>T\u00e4m\u00e4n verkkosivuston ker\u00e4\u00e4m\u00e4t sinua koskevat tiedot ja materiaalit tallennetaan t\u00e4m\u00e4n verkkosivuston ja (tai) sen tyt\u00e4ryhti\u00f6iden palvelimille, ja n\u00e4m\u00e4 tiedot ja materiaalit voidaan siirt\u00e4\u00e4 maahan tai alueelle, jossa olet, tai sen paikan ulkopuolelle, jossa t\u00e4m\u00e4 verkkosivusto ker\u00e4\u00e4 tiedot ja materiaalit, ja niit\u00e4 voidaan k\u00e4ytt\u00e4\u00e4, tallentaa ja n\u00e4ytt\u00e4\u00e4 kyseisen maan ulkopuolella.<\/li>\n\n<li><strong>Ev\u00e4steiden k\u00e4ytt\u00f6<\/strong><br>a) Jos et ole hyl\u00e4nnyt ev\u00e4steit\u00e4, asetamme verkkosivustomme tietokoneellesi tai k\u00e4yt\u00e4mme sit\u00e4, jotta voit kirjautua sis\u00e4\u00e4n tai k\u00e4ytt\u00e4\u00e4 ev\u00e4steisiin perustuvia palveluitamme tai alustamme ominaisuuksia. Ev\u00e4steiden k\u00e4yt\u00f6n ansiosta voimme tarjota sinulle harkitumpia ja yksil\u00f6llisempi\u00e4 palveluita, mukaan lukien myynninedist\u00e4mispalvelut.<br>b) Sinulla on oikeus valita ev\u00e4steiden hyv\u00e4ksyminen tai hylk\u00e4\u00e4minen. voit hyl\u00e4t\u00e4 ev\u00e4steet muuttamalla selaimesi asetuksia. jos kuitenkin p\u00e4\u00e4t\u00e4t hyl\u00e4t\u00e4 ev\u00e4steet, et ehk\u00e4 pysty kirjautumaan sis\u00e4\u00e4n tai k\u00e4ytt\u00e4m\u00e4\u00e4n verkkopalveluitamme tai ev\u00e4steisiin tukeutuvia ominaisuuksia.<br>c) T\u00e4t\u00e4 k\u00e4yt\u00e4nt\u00f6\u00e4 sovelletaan t\u00e4m\u00e4n verkkosivuston asettamien ev\u00e4steiden avulla saatuihin tietoihin.<\/li>\n\n<li><strong>Tietoturva<\/strong><br>a) T\u00e4m\u00e4n verkkosivuston tilill\u00e4 on turvasuojaustoiminto, pid\u00e4 k\u00e4ytt\u00e4j\u00e4tunnuksesi ja salasanatietosi oikein.T\u00e4m\u00e4 sivusto salataan k\u00e4ytt\u00e4j\u00e4n salasanan ja muiden turvatoimien avulla sen varmistamiseksi, ett\u00e4 tietojasi ei menetet\u00e4, v\u00e4\u00e4rink\u00e4ytet\u00e4 tai muuteta.Huolimatta edell\u00e4 mainituista turvatoimista, ota huomioon, ett\u00e4 tietoverkossa ei ole \"t\u00e4ydellisi\u00e4 turvatoimia\".<br>b) Kun k\u00e4yt\u00e4t sivuston verkkopalveluja verkkokaupoissa, sinun on v\u00e4ist\u00e4m\u00e4tt\u00e4 luovutettava henkil\u00f6kohtaisia tietojasi vastapuolelle tai mahdolliselle vastapuolelle, kuten yhteystietoja tai postiosoitteita.Suojaa henkil\u00f6tietosi asianmukaisesti ja anna niit\u00e4 muille vain tarvittaessa. Jos huomaat, ett\u00e4 henkil\u00f6kohtaisia tietojasi, erityisesti k\u00e4ytt\u00e4j\u00e4tunnusta ja salasanaa, on vuotanut, ota v\u00e4litt\u00f6m\u00e4sti yhteytt\u00e4 asiakaspalveluumme, jotta voimme ryhty\u00e4 asianmukaisiin toimenpiteisiin.<\/li><\/ol>","protected":false},"excerpt":{"rendered":"<p>T\u00e4m\u00e4 sivusto pit\u00e4\u00e4 eritt\u00e4in t\u00e4rke\u00e4n\u00e4 k\u00e4ytt\u00e4j\u00e4n tietosuojak\u00e4yt\u00e4nt\u00f6\u00e4 ja noudattaa tiukasti asiaa koskevia lakeja ja asetuksia. Ennen kuin jatkat t\u00e4m\u00e4n sivuston palvelujen k\u00e4ytt\u00f6\u00e4, lue t\u00e4m\u00e4 tietosuojak\u00e4yt\u00e4nt\u00f6. Jos jatkat palveluidemme k\u00e4ytt\u00f6\u00e4, se tarkoittaa, ett\u00e4 olet lukenut ja ymm\u00e4rt\u00e4nyt t\u00e4m\u00e4n sopimuksen koko sis\u00e4ll\u00f6n.T\u00e4m\u00e4 [&hellip;]<\/p>","protected":false},"author":1,"featured_media":0,"parent":0,"menu_order":0,"comment_status":"closed","ping_status":"closed","template":"page-templates\/privacy-policy.php","meta":{"footnotes":""},"class_list":["post-3","page","type-page","status-publish","hentry"],"yoast_head":"<!-- This site is optimized with the Yoast SEO plugin v25.1 - https:\/\/yoast.com\/wordpress\/plugins\/seo\/ -->\n<title>Privacy Policy-Topfast<\/title>\n<meta name=\"description\" content=\"This site attaches great importance to the user&#039;s privacy policy, and strictly abide by relevant laws and regulations. Before you continue to use the services of this site, please read this privacy policy.\" \/>\n<meta name=\"robots\" content=\"index, follow, max-snippet:-1, max-image-preview:large, max-video-preview:-1\" \/>\n<link rel=\"canonical\" href=\"https:\/\/www.topfastpcb.com\/fi\/privacy-policy\/\" \/>\n<meta property=\"og:locale\" content=\"fi_FI\" \/>\n<meta property=\"og:type\" content=\"article\" \/>\n<meta property=\"og:title\" content=\"Privacy Policy-Topfast\" \/>\n<meta property=\"og:description\" content=\"This site attaches great importance to the user&#039;s privacy policy, and strictly abide by relevant laws and regulations. Before you continue to use the services of this site, please read this privacy policy.\" \/>\n<meta property=\"og:url\" content=\"https:\/\/www.topfastpcb.com\/fi\/privacy-policy\/\" \/>\n<meta property=\"og:site_name\" content=\"Topfastpcb\" \/>\n<meta property=\"article:modified_time\" content=\"2025-12-09T12:47:30+00:00\" \/>\n<meta name=\"twitter:card\" content=\"summary_large_image\" \/>\n<meta name=\"twitter:label1\" content=\"Arvioitu lukuaika\" \/>\n\t<meta name=\"twitter:data1\" content=\"7 minuuttia\" \/>\n<script type=\"application\/ld+json\" class=\"yoast-schema-graph\">{\"@context\":\"https:\/\/schema.org\",\"@graph\":[{\"@type\":\"WebPage\",\"@id\":\"https:\/\/www.topfastpcb.com\/privacy-policy\/\",\"url\":\"https:\/\/www.topfastpcb.com\/privacy-policy\/\",\"name\":\"Privacy Policy-Topfast\",\"isPartOf\":{\"@id\":\"https:\/\/www.topfastpcb.com\/#website\"},\"datePublished\":\"2025-03-26T11:47:51+00:00\",\"dateModified\":\"2025-12-09T12:47:30+00:00\",\"description\":\"This site attaches great importance to the user's privacy policy, and strictly abide by relevant laws and regulations. Before you continue to use the services of this site, please read this privacy policy.\",\"breadcrumb\":{\"@id\":\"https:\/\/www.topfastpcb.com\/privacy-policy\/#breadcrumb\"},\"inLanguage\":\"fi\",\"potentialAction\":[{\"@type\":\"ReadAction\",\"target\":[\"https:\/\/www.topfastpcb.com\/privacy-policy\/\"]}]},{\"@type\":\"BreadcrumbList\",\"@id\":\"https:\/\/www.topfastpcb.com\/privacy-policy\/#breadcrumb\",\"itemListElement\":[{\"@type\":\"ListItem\",\"position\":1,\"name\":\"\u9996\u9875\",\"item\":\"https:\/\/www.topfastpcb.com\/\"},{\"@type\":\"ListItem\",\"position\":2,\"name\":\"Privacy Policy\"}]},{\"@type\":\"WebSite\",\"@id\":\"https:\/\/www.topfastpcb.com\/#website\",\"url\":\"https:\/\/www.topfastpcb.com\/\",\"name\":\"Topfastpcb\",\"description\":\"Topfast Prime Choice for Global Electronics Manufacturing\",\"publisher\":{\"@id\":\"https:\/\/www.topfastpcb.com\/#organization\"},\"potentialAction\":[{\"@type\":\"SearchAction\",\"target\":{\"@type\":\"EntryPoint\",\"urlTemplate\":\"https:\/\/www.topfastpcb.com\/?s={search_term_string}\"},\"query-input\":{\"@type\":\"PropertyValueSpecification\",\"valueRequired\":true,\"valueName\":\"search_term_string\"}}],\"inLanguage\":\"fi\"},{\"@type\":\"Organization\",\"@id\":\"https:\/\/www.topfastpcb.com\/#organization\",\"name\":\"Topfastpcb\",\"url\":\"https:\/\/www.topfastpcb.com\/\",\"logo\":{\"@type\":\"ImageObject\",\"inLanguage\":\"fi\",\"@id\":\"https:\/\/www.topfastpcb.com\/#\/schema\/logo\/image\/\",\"url\":\"https:\/\/www.topfastpcb.com\/wp-content\/uploads\/2026\/02\/cropped-topfast-logo.png\",\"contentUrl\":\"https:\/\/www.topfastpcb.com\/wp-content\/uploads\/2026\/02\/cropped-topfast-logo.png\",\"width\":144,\"height\":56,\"caption\":\"Topfastpcb\"},\"image\":{\"@id\":\"https:\/\/www.topfastpcb.com\/#\/schema\/logo\/image\/\"}}]}<\/script>\n<!-- \/ Yoast SEO plugin. -->","yoast_head_json":{"title":"Privacy Policy-Topfast","description":"This site attaches great importance to the user's privacy policy, and strictly abide by relevant laws and regulations. Before you continue to use the services of this site, please read this privacy policy.","robots":{"index":"index","follow":"follow","max-snippet":"max-snippet:-1","max-image-preview":"max-image-preview:large","max-video-preview":"max-video-preview:-1"},"canonical":"https:\/\/www.topfastpcb.com\/fi\/privacy-policy\/","og_locale":"fi_FI","og_type":"article","og_title":"Privacy Policy-Topfast","og_description":"This site attaches great importance to the user's privacy policy, and strictly abide by relevant laws and regulations. Before you continue to use the services of this site, please read this privacy policy.","og_url":"https:\/\/www.topfastpcb.com\/fi\/privacy-policy\/","og_site_name":"Topfastpcb","article_modified_time":"2025-12-09T12:47:30+00:00","twitter_card":"summary_large_image","twitter_misc":{"Arvioitu lukuaika":"7 minuuttia"},"schema":{"@context":"https:\/\/schema.org","@graph":[{"@type":"WebPage","@id":"https:\/\/www.topfastpcb.com\/privacy-policy\/","url":"https:\/\/www.topfastpcb.com\/privacy-policy\/","name":"Privacy Policy-Topfast","isPartOf":{"@id":"https:\/\/www.topfastpcb.com\/#website"},"datePublished":"2025-03-26T11:47:51+00:00","dateModified":"2025-12-09T12:47:30+00:00","description":"This site attaches great importance to the user's privacy policy, and strictly abide by relevant laws and regulations. Before you continue to use the services of this site, please read this privacy policy.","breadcrumb":{"@id":"https:\/\/www.topfastpcb.com\/privacy-policy\/#breadcrumb"},"inLanguage":"fi","potentialAction":[{"@type":"ReadAction","target":["https:\/\/www.topfastpcb.com\/privacy-policy\/"]}]},{"@type":"BreadcrumbList","@id":"https:\/\/www.topfastpcb.com\/privacy-policy\/#breadcrumb","itemListElement":[{"@type":"ListItem","position":1,"name":"\u9996\u9875","item":"https:\/\/www.topfastpcb.com\/"},{"@type":"ListItem","position":2,"name":"Privacy Policy"}]},{"@type":"WebSite","@id":"https:\/\/www.topfastpcb.com\/#website","url":"https:\/\/www.topfastpcb.com\/","name":"Topfastpcb","description":"Topfast Prime Choice for Global Electronics Manufacturing","publisher":{"@id":"https:\/\/www.topfastpcb.com\/#organization"},"potentialAction":[{"@type":"SearchAction","target":{"@type":"EntryPoint","urlTemplate":"https:\/\/www.topfastpcb.com\/?s={search_term_string}"},"query-input":{"@type":"PropertyValueSpecification","valueRequired":true,"valueName":"search_term_string"}}],"inLanguage":"fi"},{"@type":"Organization","@id":"https:\/\/www.topfastpcb.com\/#organization","name":"Topfastpcb","url":"https:\/\/www.topfastpcb.com\/","logo":{"@type":"ImageObject","inLanguage":"fi","@id":"https:\/\/www.topfastpcb.com\/#\/schema\/logo\/image\/","url":"https:\/\/www.topfastpcb.com\/wp-content\/uploads\/2026\/02\/cropped-topfast-logo.png","contentUrl":"https:\/\/www.topfastpcb.com\/wp-content\/uploads\/2026\/02\/cropped-topfast-logo.png","width":144,"height":56,"caption":"Topfastpcb"},"image":{"@id":"https:\/\/www.topfastpcb.com\/#\/schema\/logo\/image\/"}}]}},"_links":{"self":[{"href":"https:\/\/www.topfastpcb.com\/fi\/wp-json\/wp\/v2\/pages\/3","targetHints":{"allow":["GET"]}}],"collection":[{"href":"https:\/\/www.topfastpcb.com\/fi\/wp-json\/wp\/v2\/pages"}],"about":[{"href":"https:\/\/www.topfastpcb.com\/fi\/wp-json\/wp\/v2\/types\/page"}],"author":[{"embeddable":true,"href":"https:\/\/www.topfastpcb.com\/fi\/wp-json\/wp\/v2\/users\/1"}],"replies":[{"embeddable":true,"href":"https:\/\/www.topfastpcb.com\/fi\/wp-json\/wp\/v2\/comments?post=3"}],"version-history":[{"count":1,"href":"https:\/\/www.topfastpcb.com\/fi\/wp-json\/wp\/v2\/pages\/3\/revisions"}],"predecessor-version":[{"id":1897,"href":"https:\/\/www.topfastpcb.com\/fi\/wp-json\/wp\/v2\/pages\/3\/revisions\/1897"}],"wp:attachment":[{"href":"https:\/\/www.topfastpcb.com\/fi\/wp-json\/wp\/v2\/media?parent=3"}],"curies":[{"name":"wp","href":"https:\/\/api.w.org\/{rel}","templated":true}]}}