{"id":365,"date":"2025-03-28T03:04:19","date_gmt":"2025-03-28T03:04:19","guid":{"rendered":"http:\/\/topfastpcbb.ru\/about-two\/"},"modified":"2025-12-03T11:56:55","modified_gmt":"2025-12-03T03:56:55","slug":"about","status":"publish","type":"page","link":"https:\/\/www.topfastpcb.com\/fi\/about\/","title":{"rendered":"Tietoja"},"content":{"rendered":"<h2>Ole nopeampi, ole parempi - Topfast<\/h2>\n<p>        <img decoding=\"async\" src=\"https:\/\/www.topfastpcb.com\/wp-content\/uploads\/2025\/04\/4%E6%9C%8817%E6%97%A51-%E5%B0%81%E9%9D%A2-1.jpg\" alt=\"Topfast Electronicsin tuotantolaitos\"><br \/>\n        Vuonna 2008 perustettu Topfast on maailmanlaajuisen elektroniikan valmistuksen ensisijainen valinta. Johtavana piirilevyjen valmistajana, jolla on 17 vuoden kokemus suunnittelusta, valmistuksesta ja kokoonpanosta, olemme erikoistuneet nopeaan prototyyppien valmistukseen ja piensarjatuotantoon.<br \/>\n          Ty\u00f6llist\u00e4mme yli <strong>1 000 ammattilaista<\/strong> meid\u00e4n <strong>30 000 m\u00b2:n laitos<\/strong>, joka palvelee maailmanlaajuisia innovaattoreita, kuten Huawei, Xiaomi, Rakuten, Thales Group, Mitsubishi, DJI UAV ja Hikvision.<br \/>\n        Topfast on saavuttanut markkinoilla tunnustusta poikkeuksellisesta laadusta ja oikea-aikaisesta toimituksesta. Keskitymme asiakastyytyv\u00e4isyyteen luotettavana piirilevykumppanina, joka on sitoutunut \"korkeaan laatuun\" ja \"nopeaan toimitukseen\".<\/p>\n<h3>Asiantuntemuksemme<\/h3>\n<p>          HDI-levyt<br \/>\n          Paksut kuparilevyt<br \/>\n          Taustalevyt<br \/>\n          Puolijohdetestilevyt<br \/>\n          Suurtaajuuslevyt<br \/>\n          Suurnopeuslevyt<br \/>\n          J\u00e4ykk\u00e4-Flex-levyt<br \/>\n        <!-- Inquiry Buttons Section --><br \/>\n          <a href=\"#\" rel=\"nofollow\">Pyyd\u00e4 tarjous<\/a><br \/>\n          <a href=\"#\" rel=\"nofollow\">Tekninen kysely<\/a><br \/>\n            17+<br \/>\n            Kokemusvuodet<br \/>\n            1K+<br \/>\n            Ty\u00f6ntekij\u00e4t<br \/>\n            30K<br \/>\n            Neli\u00f6metri\u00e4<br \/>\n            100%<br \/>\n            Sertifioitu<\/p>\n<h3>Globaalit asiakkaat<\/h3>\n<p>          Huawei<br \/>\n          Xiaomi<br \/>\n          Rakuten<br \/>\n          Thales-konserni<br \/>\n          Mitsubishi<br \/>\n          DJI UAV<br \/>\n          Hikvision<br \/>\n          IoT-johtajat<\/p>\n<h3>Sertifikaatit<\/h3>\n<p>        Kaikki tuotteet t\u00e4ytt\u00e4v\u00e4t IPC-standardit ja ovat UL-, ROHS- ja ISO9001-sertifioituja.<\/p>\n<h3>Sovellukset<\/h3>\n<p>        Viestint\u00e4, l\u00e4\u00e4kint\u00e4laitteet, teollisuuden ohjaus, virtal\u00e4hteet, kulutuselektroniikka, ilmailu- ja avaruusala, autoteollisuus<br \/>\n        <!-- Additional Inquiry Button --><br \/>\n          <a href=\"#\" rel=\"nofollow\">Pyyd\u00e4 ilmaisia n\u00e4ytteit\u00e4<\/a><\/p>\n<h3>Sitoumuksemme<\/h3>\n<p>Noudatamme periaatetta \"asiakas ensin, laatu ensin\", ja vanhemmat teknikot (yli 20 vuoden kokemus) tarjoavat suunnittelukonsultointia ja teknist\u00e4 tukea. Investoimme jatkuvasti uusiin laitteisiin ja teknologiaan varmistaaksemme piirilevyjen laadun.<\/p>\n<p>        <a href=\"#\" rel=\"nofollow\">Katso valmiuksiamme<\/a><br \/>\n          Teht\u00e4v\u00e4<\/p>\n<p>Saavutamme ty\u00f6ntekij\u00f6it\u00e4, liikutamme asiakkaita ja autamme kiinalaista \u00e4lyk\u00e4st\u00e4 valmistusta ymp\u00e4ri maailmaa.<\/p>\n<p>          Visio<\/p>\n<p>Tule satavuotiaaksi \u00e4lykk\u00e4\u00e4n elektroniikan teknologiayritykseksi, jolla on tyytyv\u00e4isi\u00e4 ty\u00f6ntekij\u00f6it\u00e4 ja arvostettuja asiakkaita.<\/p>\n<p>          Keskeiset arvot<\/p>\n<p>Asiakas ensin -teknologia Johtajuus Pyrkimys rehellisyyteen ja vastavuoroisuuteen.<\/p>\n<h2>Kaikki tuotteet<\/h2>\n<h6>Tarjota PCB ja PCBA prototyyppi ja kokoonpanolevy<\/h6>\n<p>        <!-- \u4ea7\u54c1\u98791 --><br \/>\n          <a href=\"https:\/\/www.topfastpcb.com\/fi\/products\/high-speed-pcb\/\"><\/p>\n<h3>High Speed PCB<\/h3>\n<p>          <\/a><br \/>\n        <!-- \u4ea7\u54c1\u98792 --><br \/>\n          <a href=\"https:\/\/www.topfastpcb.com\/fi\/products\/deep-ultraviolet-duv-purifier-pcbs\/\"><\/p>\n<h3>Keraaminen piirilevy<\/h3>\n<p>          <\/a><br \/>\n        <!-- \u4ea7\u54c1\u98793 --><br \/>\n          <a href=\"https:\/\/www.topfastpcb.com\/fi\/products\/double-sided-flexible-pcb\/\"><\/p>\n<h3>Joustava piirilevy<\/h3>\n<p>          <\/a><br \/>\n        <!-- \u4ea7\u54c1\u98794 --><br \/>\n          <a href=\"https:\/\/www.topfastpcb.com\/fi\/products\/consumer-electronics-pcba\/\"><\/p>\n<h3>Viihde-elektroniikan PCBA<\/h3>\n<p>          <\/a><br \/>\n        <!-- \u4ea7\u54c1\u98795 --><br \/>\n          <a href=\"https:\/\/www.topfastpcb.com\/fi\/products\/metal-stiffener-rigid-flex-pcb\/\"><\/p>\n<h3>J\u00e4ykk\u00e4-joustava piirilevy<\/h3>\n<p>          <\/a><br \/>\n        <!-- \u4ea7\u54c1\u98796 --><br \/>\n          <a href=\"https:\/\/www.topfastpcb.com\/fi\/products\/pcba-for-medical-industry\/\"><\/p>\n<h3>L\u00e4\u00e4ketieteellinen PCBA<\/h3>\n<p>          <\/a><br \/>\n        <!-- \u4ea7\u54c1\u98797 --><br \/>\n          <a href=\"https:\/\/www.topfastpcb.com\/fi\/products\/high-tg-rigid-pcb\/\"><\/p>\n<h3>Korkea TG j\u00e4ykk\u00e4 PCB<\/h3>\n<p>          <\/a><\/p>\n<style>\n\/* \u4ea7\u54c1\u5c55\u793a\u533a\u6837\u5f0f *\/\n.tf-products-section {\n  padding: 60px 0;\n  position: relative;\n}\n.tf-products-header {\n  text-align: center;\n  margin-bottom: 40px;\n  padding: 0 20px;\n}\n.tf-main-title {\n  font-size: 48px;\n  color: #2e7d32;\n  margin: 0 0 15px;\n  font-weight: 700;\n  letter-spacing: -1px;\n}\n.tf-subtitle {\n  font-size: 18px;\n  color: #546e7a;\n  margin: 0;\n  font-weight: 400;\n}\n\/* \u4ea7\u54c1\u8f6e\u64ad\u6837\u5f0f *\/\n.tf-products-carousel {\n  position: relative;\n  max-width: 1470px;\n  margin: 0 auto;\n  padding: 0 40px;\n}\n.tf-carousel-container {\n  overflow: hidden;\n  position: relative;\n}\n.tf-carousel-track {\n  display: flex;\n  gap: 30px;\n  transition: transform 0.5s ease;\n  padding: 10px 0;\n}\n.tf-product-card {\n  flex: 0 0 calc(20% - 24px);\n  min-width: 280px; \/* \u589e\u5927\u5361\u7247\u5bbd\u5ea6 *\/\n  border-radius: 8px;\n  overflow: hidden;\n  transition: all 0.3s ease;\n  position: relative;\n  background: #fff;\n  \/* \u79fb\u9664\u9634\u5f71\u6548\u679c *\/\n}\n.tf-product-card:hover {\n  transform: translateY(-5px);\n}\n.tf-product-image {\n  height: 280px; \/* \u589e\u5927\u56fe\u7247\u9ad8\u5ea6 *\/\n  background-size: cover;\n  background-position: center;\n  position: relative;\n}\n.tf-product-overlay {\n  position: absolute;\n  bottom: 0;\n  left: 0;\n  right: 0;\n  background: linear-gradient(to top, rgba(0,0,0,0.8), transparent);\n  padding: 20px;\n  color: white;\n}\n.tf-product-title {\n  margin: 0;\n  font-size: 18px;\n  font-weight: 600;\n  color: #fff;\n  text-shadow: 0 1px 3px rgba(0,0,0,0.3);\n}\n\/* \u54cd\u5e94\u5f0f\u8bbe\u8ba1 *\/\n@media (max-width: 1200px) {\n  .tf-product-card {\n    flex: 0 0 calc(25% - 23px);\n  }\n}\n@media (max-width: 992px) {\n  .tf-main-title {\n    font-size: 36px;\n  }\n  .tf-product-card {\n    flex: 0 0 calc(33.333% - 20px);\n  }\n}\n@media (max-width: 768px) {\n  .tf-products-section {\n    padding: 40px 0;\n  }\n  .tf-products-carousel {\n    padding: 0 20px;\n  }\n  .tf-product-card {\n    flex: 0 0 calc(50% - 15px);\n  }\n  .tf-product-image {\n    height: 240px; \/* \u8c03\u6574\u79fb\u52a8\u7aef\u56fe\u7247\u9ad8\u5ea6 *\/\n  }\n}\n@media (max-width: 576px) {\n  .tf-main-title {\n    font-size: 28px;\n  }\n  .tf-subtitle {\n    font-size: 16px;\n  }\n  .tf-product-card {\n    flex: 0 0 100%;\n    max-width: 320px;\n    margin: 0 auto;\n  }\n  .tf-carousel-track {\n    gap: 20px;\n  }\n  .tf-product-image {\n    height: 260px; \/* \u8fdb\u4e00\u6b65\u8c03\u6574\u79fb\u52a8\u7aef\u56fe\u7247\u9ad8\u5ea6 *\/\n  }\n}\n<\/style>\n<h2>FAQ<\/h2>\n<p>      <!-- \u7b2c\u4e00\u5217FAQ --><br \/>\n            +<\/p>\n<h3>Mit\u00e4 TopFast tekee?<\/h3>\n<p>TopFast tarjoaa korkealaatuisia, ajallaan toimitettavia PCB- ja PCBA-levyj\u00e4 sek\u00e4 yhden luukun PCB-valmistusta, kokoonpanoa ja hankintaa erikoistuneilta maailmanlaajuisilta toimittajilta.<\/p>\n<p>            +<\/p>\n<h3>Mik\u00e4 on toimitusaikasi?<\/h3>\n<p>Nopein mahdollinen toimitusaika on 12 tuntia. 1 tunnin nopea tarjous. 4 tunnin nopea suunnittelu. T\u00e4m\u00e4 riippuu tuotteen vaatimuksista ja m\u00e4\u00e4r\u00e4st\u00e4. Lis\u00e4ksi toimitusaika sis\u00e4ltyy tarjoukseenne.<\/p>\n<p>            +<\/p>\n<h3>Tarjoatteko ilmaisia n\u00e4ytteit\u00e4?<\/h3>\n<p>Emme tarjoa ilmaisia piirilevyj\u00e4, jos haluat tarkistaa laadun ennen massatuotantoa, on parempi l\u00e4hett\u00e4\u00e4 prototyyppitilaus. Kun olet tarkistanut laatumme, voit helposti tilata mink\u00e4 tahansa tarvitsemasi m\u00e4\u00e4r\u00e4n.<\/p>\n<p>            +<\/p>\n<h3>Ent\u00e4 toimituskulut?<\/h3>\n<p>Pienille paketeille suosittelemme k\u00e4ytt\u00e4m\u00e4\u00e4n pikakuriiripalvelua (esim. DHL, UPS, FedEx ja EMS ovelta ovelle -palvelu!). T\u00e4m\u00e4 on nopein mutta my\u00f6s kallein tapa. Suurille paketeille merirahti on paras ratkaisu. Voimme antaa tarkat toimitushinnat vain, jos tied\u00e4mme m\u00e4\u00e4r\u00e4n, painon ja toimitustavan yksityiskohdat.<\/p>\n<p>      <!-- \u7b2c\u4e8c\u5217FAQ --><br \/>\n            +<\/p>\n<h3>Miten tilaan?<\/h3>\n<p>Verkossa:Verkkosivustollamme.S\u00e4hk\u00f6posti:L\u00e4het\u00e4 s\u00e4hk\u00f6postia osoitteeseen \u5411Sales@topfastpcb.com ja ilmoita seuraavat tiedot: nimi, yritys, osoite, puhelinnumero, s\u00e4hk\u00f6postiosoite, tuotenumero, m\u00e4\u00e4r\u00e4, tuotteen kesto ja kaikki muut tiedot, jotka haluat jakaa kanssamme. Liit\u00e4 mukaan gerber-tiedosto.<\/p>\n<p>Puhelin:Jos sinulla on kysytt\u00e4v\u00e4\u00e4, voit soittaa meille numeroon +86-13929576863.<\/p>\n<p>            +<\/p>\n<h3>Miss\u00e4 valmistatte piirilevynne?<\/h3>\n<p>Maailmanlaajuisena PCB-valmistajana tehtaamme sijaitsevat Guangzhoussa, Kiinassa ja Shenzheniss\u00e4, Kiinassa, hy\u00f6dynt\u00e4en kunkin alueen etuja tarjotaksemme sinulle parhaan palvelun.<\/p>\n<p>            +<\/p>\n<h3>Olen valmis tekem\u00e4\u00e4n suuren tilauksen, mutta minun on ensin testattava laatunne.Sopiiko se?<\/h3>\n<p>Toki. Voit tehd\u00e4 ensin prototyyppitilauksen.K\u00e4yt\u00e4 mit\u00e4 tahansa vaihtoehtoa laadun tarkistamiseen ja ilmoita sitten meille, jos haluat jatkaa massatuotantoa.<\/p>\n<p>            +<\/p>\n<h3>Hintanne ovat niin alhaiset, miten varmistatte erinomaisen laadun?<\/h3>\n<p>1.Otamme jatkuvasti k\u00e4ytt\u00f6\u00f6n uusia laitteita ja teknologiaa.2 K\u00e4yt\u00e4mme korkealaatuisia materiaaleja varmistaaksemme levyt.3 Meill\u00e4 on yli 25 kokenutta johtajaa ja teknikkoa, jotka ovat osallistuneet piirilevytuotantoon yli 20 vuoden ajan ja joilla on runsaasti kokemusta tuotannonhallinnasta ja ammattimaisesta piirilevytaidosta. Yleiskustannuksemme ovat eritt\u00e4in alhaiset, koska meill\u00e4 on tehokas suoramyyntikanava. Jokainen maksamasi penni on korkeinta laatua!<\/p>\n<style>\n\/* FAQ\u90e8\u5206\u6574\u4f53\u6837\u5f0f *\/\n.topfast-faq-section {\n  padding: 80px 0;\n  font-family: 'Poppins', Arial, sans-serif;\n}\n.topfast-faq-container {\n  max-width: 1470px;\n  margin: 0 auto;\n  padding: 0 20px;\n}\n.topfast-faq-main-title {\n  text-align: center;\n  font-size: 42px;\n  color: #2e7d32;\n  margin-bottom: 50px;\n  font-weight: 700;\n  position: relative;\n}\n.topfast-faq-main-title:after {\n  content: '';\n  display: block;\n  width: 80px;\n  height: 4px;\n  background: #4caf50;\n  margin: 15px auto 0;\n}\n.topfast-faq-columns {\n  display: flex;\n  gap: 40px;\n}\n.topfast-faq-column {\n  flex: 1;\n}\n\/* FAQ\u9879\u6837\u5f0f *\/\n.topfast-faq-item {\n  margin-bottom: 20px;\n  border-radius: 8px;\n  overflow: hidden;\n  box-shadow: 0 3px 15px rgba(0,0,0,0.05);\n  transition: all 0.3s ease;\n}\n.topfast-faq-item:hover {\n  box-shadow: 0 5px 25px rgba(0,0,0,0.1);\n}\n.topfast-faq-question {\n  background: #fff;\n  padding: 20px 25px;\n  cursor: pointer;\n  display: flex;\n  align-items: center;\n  transition: all 0.3s ease;\n}\n.topfast-faq-question:hover {\n  background: #f1f8e9;\n}\n.topfast-faq-question h3 {\n  margin: 0;\n  font-size: 18px;\n  font-weight: 600;\n  color: #333;\n  flex: 1;\n}\n.topfast-faq-icon {\n  display: inline-block;\n  width: 24px;\n  height: 24px;\n  background: #4caf50;\n  color: white;\n  border-radius: 50%;\n  text-align: center;\n  line-height: 24px;\n  margin-right: 15px;\n  font-size: 18px;\n  font-weight: bold;\n  transition: all 0.3s ease;\n}\n.topfast-faq-item.active .topfast-faq-icon {\n  transform: rotate(45deg);\n  background: #2e7d32;\n}\n.topfast-faq-answer {\n  background: #fff;\n  padding: 0 25px;\n  max-height: 0;\n  overflow: hidden;\n  transition: all 0.3s ease;\n}\n.topfast-faq-item.active .topfast-faq-answer {\n  padding: 0 25px 20px;\n  max-height: 500px;\n}\n.topfast-faq-answer p {\n  margin: 15px 0 0;\n  color: #555;\n  line-height: 1.6;\n}\n\/* \u54cd\u5e94\u5f0f\u8bbe\u8ba1 *\/\n@media (max-width: 992px) {\n  .topfast-faq-columns {\n    flex-direction: column;\n    gap: 20px;\n  }\n  .topfast-faq-main-title {\n    font-size: 36px;\n  }\n}\n@media (max-width: 768px) {\n  .topfast-faq-section {\n    padding: 60px 0;\n  }\n  .topfast-faq-main-title {\n    font-size: 30px;\n    margin-bottom: 30px;\n  }\n  .topfast-faq-question {\n    padding: 15px 20px;\n  }\n  .topfast-faq-question h3 {\n    font-size: 16px;\n  }\n  .topfast-faq-icon {\n    width: 20px;\n    height: 20px;\n    line-height: 20px;\n    font-size: 16px;\n    margin-right: 12px;\n  }\n}\n<\/style>","protected":false},"excerpt":{"rendered":"<p>Ole nopeampi, ole parempi\u2013 Topfast Vuonna 2008 perustettu Topfast on ensisijainen valinta globaalille elektroniikkateollisuudelle.Johtavana piirilevyjen valmistajana, jolla on 17 vuodenkokemus suunnittelusta, valmistuksestaja kokoonpanosta, olemme erikoistuneet nopeaanprototyyppien valmistukseen ja pienerien tuotantoon. Ty\u00f6llist\u00e4mme yli 1000 ammattilaista 30 000 m\u00b2:ntiloissamme ja palvelemme globaaleja innovaattoreita, kuten [\u2026]<\/p>","protected":false},"author":1,"featured_media":0,"parent":0,"menu_order":0,"comment_status":"closed","ping_status":"closed","template":"page-templates\/about.php","meta":{"footnotes":""},"class_list":["post-365","page","type-page","status-publish","hentry"],"yoast_head":"<!-- This site is optimized with the Yoast SEO plugin v25.1 - https:\/\/yoast.com\/wordpress\/plugins\/seo\/ -->\n<title>Specialized PCB Manufacturer-Topfast<\/title>\n<meta name=\"description\" content=\"Topfast Prime Choice for Global Electronics Manufacturing. We are a professional and reliable one-stop printed circuit board solution provider specializing in PCB rapid prototyping and low-volume products.\" \/>\n<meta name=\"robots\" content=\"index, follow, max-snippet:-1, max-image-preview:large, max-video-preview:-1\" \/>\n<link rel=\"canonical\" href=\"https:\/\/www.topfastpcb.com\/fi\/about\/\" \/>\n<meta property=\"og:locale\" content=\"fi_FI\" \/>\n<meta property=\"og:type\" content=\"article\" \/>\n<meta property=\"og:title\" content=\"Specialized PCB Manufacturer-Topfast\" \/>\n<meta property=\"og:description\" content=\"Topfast Prime Choice for Global Electronics Manufacturing. We are a professional and reliable one-stop printed circuit board solution provider specializing in PCB rapid prototyping and low-volume products.\" \/>\n<meta property=\"og:url\" content=\"https:\/\/www.topfastpcb.com\/fi\/about\/\" \/>\n<meta property=\"og:site_name\" content=\"Topfastpcb\" \/>\n<meta property=\"article:modified_time\" content=\"2025-12-03T03:56:55+00:00\" \/>\n<meta property=\"og:image\" content=\"https:\/\/www.topfastpcb.com\/wp-content\/uploads\/2025\/04\/4%E6%9C%8817%E6%97%A51-%E5%B0%81%E9%9D%A2-1.jpg\" \/>\n<meta name=\"twitter:card\" content=\"summary_large_image\" \/>\n<meta name=\"twitter:label1\" content=\"Arvioitu lukuaika\" \/>\n\t<meta name=\"twitter:data1\" content=\"3 minuuttia\" \/>\n<script type=\"application\/ld+json\" class=\"yoast-schema-graph\">{\"@context\":\"https:\/\/schema.org\",\"@graph\":[{\"@type\":\"WebPage\",\"@id\":\"https:\/\/www.topfastpcb.com\/about\/\",\"url\":\"https:\/\/www.topfastpcb.com\/about\/\",\"name\":\"Specialized PCB Manufacturer-Topfast\",\"isPartOf\":{\"@id\":\"https:\/\/www.topfastpcb.com\/#website\"},\"primaryImageOfPage\":{\"@id\":\"https:\/\/www.topfastpcb.com\/about\/#primaryimage\"},\"image\":{\"@id\":\"https:\/\/www.topfastpcb.com\/about\/#primaryimage\"},\"thumbnailUrl\":\"https:\/\/www.topfastpcb.com\/wp-content\/uploads\/2025\/04\/4%E6%9C%8817%E6%97%A51-%E5%B0%81%E9%9D%A2-1.jpg\",\"datePublished\":\"2025-03-28T03:04:19+00:00\",\"dateModified\":\"2025-12-03T03:56:55+00:00\",\"description\":\"Topfast Prime Choice for Global Electronics Manufacturing. We are a professional and reliable one-stop printed circuit board solution provider specializing in PCB rapid prototyping and low-volume products.\",\"breadcrumb\":{\"@id\":\"https:\/\/www.topfastpcb.com\/about\/#breadcrumb\"},\"inLanguage\":\"fi\",\"potentialAction\":[{\"@type\":\"ReadAction\",\"target\":[\"https:\/\/www.topfastpcb.com\/about\/\"]}]},{\"@type\":\"ImageObject\",\"inLanguage\":\"fi\",\"@id\":\"https:\/\/www.topfastpcb.com\/about\/#primaryimage\",\"url\":\"https:\/\/www.topfastpcb.com\/wp-content\/uploads\/2025\/04\/4%E6%9C%8817%E6%97%A51-%E5%B0%81%E9%9D%A2-1.jpg\",\"contentUrl\":\"https:\/\/www.topfastpcb.com\/wp-content\/uploads\/2025\/04\/4%E6%9C%8817%E6%97%A51-%E5%B0%81%E9%9D%A2-1.jpg\"},{\"@type\":\"BreadcrumbList\",\"@id\":\"https:\/\/www.topfastpcb.com\/about\/#breadcrumb\",\"itemListElement\":[{\"@type\":\"ListItem\",\"position\":1,\"name\":\"\u9996\u9875\",\"item\":\"https:\/\/www.topfastpcb.com\/\"},{\"@type\":\"ListItem\",\"position\":2,\"name\":\"About\"}]},{\"@type\":\"WebSite\",\"@id\":\"https:\/\/www.topfastpcb.com\/#website\",\"url\":\"https:\/\/www.topfastpcb.com\/\",\"name\":\"Topfastpcb\",\"description\":\"Topfast Prime Choice for Global Electronics Manufacturing\",\"publisher\":{\"@id\":\"https:\/\/www.topfastpcb.com\/#organization\"},\"potentialAction\":[{\"@type\":\"SearchAction\",\"target\":{\"@type\":\"EntryPoint\",\"urlTemplate\":\"https:\/\/www.topfastpcb.com\/?s={search_term_string}\"},\"query-input\":{\"@type\":\"PropertyValueSpecification\",\"valueRequired\":true,\"valueName\":\"search_term_string\"}}],\"inLanguage\":\"fi\"},{\"@type\":\"Organization\",\"@id\":\"https:\/\/www.topfastpcb.com\/#organization\",\"name\":\"Topfastpcb\",\"url\":\"https:\/\/www.topfastpcb.com\/\",\"logo\":{\"@type\":\"ImageObject\",\"inLanguage\":\"fi\",\"@id\":\"https:\/\/www.topfastpcb.com\/#\/schema\/logo\/image\/\",\"url\":\"https:\/\/www.topfastpcb.com\/wp-content\/uploads\/2026\/02\/cropped-topfast-logo.png\",\"contentUrl\":\"https:\/\/www.topfastpcb.com\/wp-content\/uploads\/2026\/02\/cropped-topfast-logo.png\",\"width\":144,\"height\":56,\"caption\":\"Topfastpcb\"},\"image\":{\"@id\":\"https:\/\/www.topfastpcb.com\/#\/schema\/logo\/image\/\"}}]}<\/script>\n<!-- \/ Yoast SEO plugin. -->","yoast_head_json":{"title":"Specialized PCB Manufacturer-Topfast","description":"Topfast Prime Choice for Global Electronics Manufacturing. We are a professional and reliable one-stop printed circuit board solution provider specializing in PCB rapid prototyping and low-volume products.","robots":{"index":"index","follow":"follow","max-snippet":"max-snippet:-1","max-image-preview":"max-image-preview:large","max-video-preview":"max-video-preview:-1"},"canonical":"https:\/\/www.topfastpcb.com\/fi\/about\/","og_locale":"fi_FI","og_type":"article","og_title":"Specialized PCB Manufacturer-Topfast","og_description":"Topfast Prime Choice for Global Electronics Manufacturing. We are a professional and reliable one-stop printed circuit board solution provider specializing in PCB rapid prototyping and low-volume products.","og_url":"https:\/\/www.topfastpcb.com\/fi\/about\/","og_site_name":"Topfastpcb","article_modified_time":"2025-12-03T03:56:55+00:00","og_image":[{"url":"https:\/\/www.topfastpcb.com\/wp-content\/uploads\/2025\/04\/4%E6%9C%8817%E6%97%A51-%E5%B0%81%E9%9D%A2-1.jpg","type":"","width":"","height":""}],"twitter_card":"summary_large_image","twitter_misc":{"Arvioitu lukuaika":"3 minuuttia"},"schema":{"@context":"https:\/\/schema.org","@graph":[{"@type":"WebPage","@id":"https:\/\/www.topfastpcb.com\/about\/","url":"https:\/\/www.topfastpcb.com\/about\/","name":"Specialized PCB Manufacturer-Topfast","isPartOf":{"@id":"https:\/\/www.topfastpcb.com\/#website"},"primaryImageOfPage":{"@id":"https:\/\/www.topfastpcb.com\/about\/#primaryimage"},"image":{"@id":"https:\/\/www.topfastpcb.com\/about\/#primaryimage"},"thumbnailUrl":"https:\/\/www.topfastpcb.com\/wp-content\/uploads\/2025\/04\/4%E6%9C%8817%E6%97%A51-%E5%B0%81%E9%9D%A2-1.jpg","datePublished":"2025-03-28T03:04:19+00:00","dateModified":"2025-12-03T03:56:55+00:00","description":"Topfast Prime Choice for Global Electronics Manufacturing. We are a professional and reliable one-stop printed circuit board solution provider specializing in PCB rapid prototyping and low-volume products.","breadcrumb":{"@id":"https:\/\/www.topfastpcb.com\/about\/#breadcrumb"},"inLanguage":"fi","potentialAction":[{"@type":"ReadAction","target":["https:\/\/www.topfastpcb.com\/about\/"]}]},{"@type":"ImageObject","inLanguage":"fi","@id":"https:\/\/www.topfastpcb.com\/about\/#primaryimage","url":"https:\/\/www.topfastpcb.com\/wp-content\/uploads\/2025\/04\/4%E6%9C%8817%E6%97%A51-%E5%B0%81%E9%9D%A2-1.jpg","contentUrl":"https:\/\/www.topfastpcb.com\/wp-content\/uploads\/2025\/04\/4%E6%9C%8817%E6%97%A51-%E5%B0%81%E9%9D%A2-1.jpg"},{"@type":"BreadcrumbList","@id":"https:\/\/www.topfastpcb.com\/about\/#breadcrumb","itemListElement":[{"@type":"ListItem","position":1,"name":"\u9996\u9875","item":"https:\/\/www.topfastpcb.com\/"},{"@type":"ListItem","position":2,"name":"About"}]},{"@type":"WebSite","@id":"https:\/\/www.topfastpcb.com\/#website","url":"https:\/\/www.topfastpcb.com\/","name":"Topfastpcb","description":"Topfast Prime Choice for Global Electronics Manufacturing","publisher":{"@id":"https:\/\/www.topfastpcb.com\/#organization"},"potentialAction":[{"@type":"SearchAction","target":{"@type":"EntryPoint","urlTemplate":"https:\/\/www.topfastpcb.com\/?s={search_term_string}"},"query-input":{"@type":"PropertyValueSpecification","valueRequired":true,"valueName":"search_term_string"}}],"inLanguage":"fi"},{"@type":"Organization","@id":"https:\/\/www.topfastpcb.com\/#organization","name":"Topfastpcb","url":"https:\/\/www.topfastpcb.com\/","logo":{"@type":"ImageObject","inLanguage":"fi","@id":"https:\/\/www.topfastpcb.com\/#\/schema\/logo\/image\/","url":"https:\/\/www.topfastpcb.com\/wp-content\/uploads\/2026\/02\/cropped-topfast-logo.png","contentUrl":"https:\/\/www.topfastpcb.com\/wp-content\/uploads\/2026\/02\/cropped-topfast-logo.png","width":144,"height":56,"caption":"Topfastpcb"},"image":{"@id":"https:\/\/www.topfastpcb.com\/#\/schema\/logo\/image\/"}}]}},"_links":{"self":[{"href":"https:\/\/www.topfastpcb.com\/fi\/wp-json\/wp\/v2\/pages\/365","targetHints":{"allow":["GET"]}}],"collection":[{"href":"https:\/\/www.topfastpcb.com\/fi\/wp-json\/wp\/v2\/pages"}],"about":[{"href":"https:\/\/www.topfastpcb.com\/fi\/wp-json\/wp\/v2\/types\/page"}],"author":[{"embeddable":true,"href":"https:\/\/www.topfastpcb.com\/fi\/wp-json\/wp\/v2\/users\/1"}],"replies":[{"embeddable":true,"href":"https:\/\/www.topfastpcb.com\/fi\/wp-json\/wp\/v2\/comments?post=365"}],"version-history":[{"count":87,"href":"https:\/\/www.topfastpcb.com\/fi\/wp-json\/wp\/v2\/pages\/365\/revisions"}],"predecessor-version":[{"id":3941,"href":"https:\/\/www.topfastpcb.com\/fi\/wp-json\/wp\/v2\/pages\/365\/revisions\/3941"}],"wp:attachment":[{"href":"https:\/\/www.topfastpcb.com\/fi\/wp-json\/wp\/v2\/media?parent=365"}],"curies":[{"name":"wp","href":"https:\/\/api.w.org\/{rel}","templated":true}]}}