{"id":2057,"date":"2025-04-17T17:03:19","date_gmt":"2025-04-17T09:03:19","guid":{"rendered":"http:\/\/topfastpcbb.ru\/?post_type=product&#038;p=2057"},"modified":"2025-05-06T15:56:52","modified_gmt":"2025-05-06T07:26:52","slug":"deep-ultraviolet-duv-purifier-pcbs","status":"publish","type":"product","link":"https:\/\/www.topfastpcb.com\/fi\/products\/deep-ultraviolet-duv-purifier-pcbs\/","title":{"rendered":"Deep Ultraviolet (DUV) -puhdistin PCB:t"},"content":{"rendered":"<div id=\"ez-toc-container\" class=\"ez-toc-v2_0_74 counter-hierarchy ez-toc-counter ez-toc-custom ez-toc-container-direction\">\n<div class=\"ez-toc-title-container\">\n<p class=\"ez-toc-title\" style=\"cursor:inherit\">Sis\u00e4llysluettelo<\/p>\n<span class=\"ez-toc-title-toggle\"><\/span><\/div>\n<nav><ul class='ez-toc-list ez-toc-list-level-1' ><li class='ez-toc-page-1 ez-toc-heading-level-3'><a class=\"ez-toc-link ez-toc-heading-1\" href=\"https:\/\/www.topfastpcb.com\/fi\/products\/deep-ultraviolet-duv-purifier-pcbs\/#Introduction_to_DUV_Purifier_PCBs\" >Johdanto DUV Purifier PCBsessDesign Guidelines:<\/a><\/li><li class='ez-toc-page-1 ez-toc-heading-level-3'><a class=\"ez-toc-link ez-toc-heading-2\" href=\"https:\/\/www.topfastpcb.com\/fi\/products\/deep-ultraviolet-duv-purifier-pcbs\/#Key_Features_of_DUV_Purifier_PCBs\" >DUV Purifier PCBsessin t\u00e4rkeimm\u00e4t ominaisuudet Suunnitteluohjeet:<\/a><\/li><li class='ez-toc-page-1 ez-toc-heading-level-3'><a class=\"ez-toc-link ez-toc-heading-3\" href=\"https:\/\/www.topfastpcb.com\/fi\/products\/deep-ultraviolet-duv-purifier-pcbs\/#Types_of_Ceramic_PCBs\" >Keraamisen PCB:n tyypit Suunnitteluohjeet:<\/a><\/li><li class='ez-toc-page-1 ez-toc-heading-level-3'><a class=\"ez-toc-link ez-toc-heading-4\" href=\"https:\/\/www.topfastpcb.com\/fi\/products\/deep-ultraviolet-duv-purifier-pcbs\/#3_Critical_Design_Considerations\" >3. Kriittiset suunnittelun\u00e4k\u00f6kohdatSuunnitteluohjeet:<\/a><\/li><li class='ez-toc-page-1 ez-toc-heading-level-3'><a class=\"ez-toc-link ez-toc-heading-5\" href=\"https:\/\/www.topfastpcb.com\/fi\/products\/deep-ultraviolet-duv-purifier-pcbs\/#4_Applications\" >4.SovelluksetessSuunnitteluohjeet:<\/a><\/li><\/ul><\/nav><\/div>\n\n<p><span>Keraamiset piirilevyt ovat korkean suorituskyvyn piirilevyj\u00e4, joissa k\u00e4ytet\u00e4\u00e4n keraamisia materiaaleja, kuten asessDesign Guidelines: <\/span>alumiinioksidi (Al\u2082O\u2083), alumiininitridi (AlN) ja berylliumoksidi (BeO) erist\u00e4vin\u00e4 alustoina. Verrattuna perinteisiin FR-4- tai metalliydinpiirilevyihin keraamiset piirilevyt tarjoavat erinomaisen l\u00e4mm\u00f6njohtavuuden, erinomaisen s\u00e4hk\u00f6isen eristyksen, alhaisen l\u00e4mp\u00f6laajenemiskertoimen (CTE) ja erinomaisen mekaanisen lujuuden:<span>, mik\u00e4 tekee niist\u00e4 ihanteellisia suuritehoisiin, suurtaajuisiin ja korkean l\u00e4mp\u00f6tilan sovelluksiin.essSuunnitteluohjeet:<\/span><\/p>\n<h3><span class=\"ez-toc-section\" id=\"Introduction_to_DUV_Purifier_PCBs\"><\/span>Johdanto DUV Purifier PCBsessDesign Guidelines:<span class=\"ez-toc-section-end\"><\/span><\/h3>\n<p>Deep Ultraviolet (DUV) -puhdistimen piirilevyt ovat erikoistuneita piirilevyj\u00e4, jotka on suunniteltu sy\u00f6tt\u00e4m\u00e4\u00e4n virtaa ja ohjaamaan suunnittelua ilman suunnitteluohjeita:<span>\u00a0<\/span>200-280 nm:n UV-C-valoj\u00e4rjestelm\u00e4t, joiden on tieteellisesti todistettu tuhoavan 99,9 % bakteereista, viruksista ja taudinaiheuttajista. N\u00e4ihin piirilevyihin on integroitu tehokkaita ohjaimia, antureita ja ohjauspiirej\u00e4, jotka varmistavat turvallisen ja tehokkaan desinfioinnin l\u00e4\u00e4ketieteellisiss\u00e4, teollisissa ja kuluttajasovelluksissa.essSuunnitteluohjeet:<\/p>\n<h3><span class=\"ez-toc-section\" id=\"Key_Features_of_DUV_Purifier_PCBs\"><\/span>DUV Purifier PCBsessin t\u00e4rkeimm\u00e4t ominaisuudet Suunnitteluohjeet:<span class=\"ez-toc-section-end\"><\/span><\/h3>\n<p>High-Voltage UV-C Driver Circuits - Tarkkuusohjattu virransy\u00f6tt\u00f6 elohopeah\u00f6yry- tai UVC-LED-lampuille.essSuunnitteluohjeet:<br \/>\nKehittynyt l\u00e4mm\u00f6nhallinta - Keraamiset tai metalliytimelliset substraatit, jotka haihduttavat l\u00e4mp\u00f6\u00e4 suuritehoisista UV-s\u00e4teilij\u00f6ist\u00e4.essSuunnitteluohjeet:<br \/>\nTurvallisuus &amp; Valvontaj\u00e4rjestelm\u00e4t - Liiketunnistimet, ajastimet ja vikasietoinen poiskytkent\u00e4 ihmisten altistumisen est\u00e4miseksi.essSuunnitteluohjeet:<br \/>\nEMI\/RFI-suojaus - Est\u00e4\u00e4 h\u00e4iri\u00f6t herkkien l\u00e4\u00e4ketieteellisten\/tietoliikennelaitteiden kanssa.essSuunnitteluohjeet:<br \/>\nKorroosionkest\u00e4v\u00e4t materiaalit - Suojattu UV-C-aallonpituuksien tuottamilta otsonin (O\u2083) sivutuotteilta.essSuunnitteluohjeet:<\/p>\n<h3><span class=\"ez-toc-section\" id=\"Types_of_Ceramic_PCBs\"><\/span>Tyypit <a href=\"https:\/\/www.topfastpcb.com\/fi\/products\/category\/ceramic-pcb\/\">Keraamiset PCBsessSuunnitteluohjeet:<\/a><span class=\"ez-toc-section-end\"><\/span><\/h3>\n<table>\n<thead>\n<tr>\n<th>Tyyppi<\/th>\n<th>Materiaali<\/th>\n<th>T\u00e4rkeimm\u00e4t ominaisuudet<\/th>\n<th>Tyypilliset sovellukset<\/th>\n<\/tr>\n<\/thead>\n<tbody>\n<tr>\n<td><strong>Alumiinioksidi (Al\u2082O\u2083)essSuunnitteluohjeet:<\/strong><\/td>\n<td>96%\/99% Al\u2082O\u2083essDesign Guidelines:<\/td>\n<td>Kustannustehokas, kyps\u00e4 tekniikka (~24 W\/mK)essSuunnitteluohjeet:<\/td>\n<td>Viihde-elektroniikka, LED-valaisimetSuunnitteluohjeet:<\/td>\n<\/tr>\n<tr>\n<td><strong>Alumiininitridi (AlN) essSuunnitteluohjeet:<\/strong><\/td>\n<td>AlNessSuunnitteluohjeet:<\/td>\n<td>Eritt\u00e4in korkea l\u00e4mm\u00f6njohtavuus (170-230 W\/mK)essSuunnitteluohjeet:<\/td>\n<td>Suuritehoiset puolijohteet, LiDARessSuunnitteluohjeet:<\/td>\n<\/tr>\n<tr>\n<td><strong>Berylliumoksidi (BeO)essSuunnitteluohjeet:<\/strong><\/td>\n<td>BeOessDesign-ohjeet:<\/td>\n<td>\u00c4\u00e4rimm\u00e4inen l\u00e4mm\u00f6njohtavuus (~330 W\/mK)essSuunnitteluohjeet:<\/td>\n<td>Ilmailu- ja avaruusala, armeija (rajoitettu myrkyllisyyden vuoksi)essSuunnitteluohjeet:<\/td>\n<\/tr>\n<tr>\n<td><strong>LTCC\/HTCCessSuunnitteluohjeet:<\/strong><\/td>\n<td>Monikerroksinen keramiikkaSuunnitteluohjeet:<\/td>\n<td>Integroidut passiiviset komponentit, 3D-johdotussuunnitteluohjeet:<\/td>\n<td>RF-moduulit, anturitSuunnitteluohjeet:<\/td>\n<\/tr>\n<\/tbody>\n<\/table>\n<p><img loading=\"lazy\" decoding=\"async\" src=\"https:\/\/www.topfastpcb.com\/wp-content\/uploads\/2025\/04\/Ceramic-PCB.jpg\" alt=\"\" width=\"672\" height=\"503\" class=\"aligncenter wp-image-2059 size-full\" srcset=\"https:\/\/www.topfastpcb.com\/wp-content\/uploads\/2025\/04\/Ceramic-PCB.jpg 672w, https:\/\/www.topfastpcb.com\/wp-content\/uploads\/2025\/04\/Ceramic-PCB-300x225.jpg 300w, https:\/\/www.topfastpcb.com\/wp-content\/uploads\/2025\/04\/Ceramic-PCB-600x449.jpg 600w\" sizes=\"auto, (max-width: 672px) 100vw, 672px\" \/><\/p>\n<p style=\"text-align: center;\">Deep Ultraviolet purifier PCB Property ParameteressDesign Guidelines:<\/p>\n<table>\n<tbody>\n<tr>\n<td width=\"811\" valign=\"top\"><span>keraamisen materiaalin paksuus\u00a0\u00a0<\/span><\/td>\n<td width=\"811\" valign=\"top\"><span>0.38\/0.50mm<\/span><\/td>\n<\/tr>\n<tr>\n<td width=\"811\" valign=\"top\"><strong><span>L\u00e4hetyksen pituus- ja leveysmitat<\/span><\/strong><\/td>\n<td width=\"811\" valign=\"top\"><span>109.2*54.5mm<\/span><\/td>\n<\/tr>\n<tr>\n<td width=\"811\" valign=\"top\"><strong><span>Aukon koko\u00a0\u00a0<\/span><\/strong><\/td>\n<td width=\"811\" valign=\"top\"><span>\u22650.07mm<\/span><\/td>\n<\/tr>\n<tr>\n<td width=\"811\" valign=\"top\"><strong><span>Reikien et\u00e4isyys toisistaan\u00a0\u00a0<\/span><\/strong><\/td>\n<td width=\"811\" valign=\"top\"><span>\u22650.25mm<\/span><\/td>\n<\/tr>\n<tr>\n<td width=\"811\" valign=\"top\"><strong><span>Viivan leveys<\/span><\/strong><\/td>\n<td width=\"811\" valign=\"top\"><span>\u22650.15mm<\/span><\/td>\n<\/tr>\n<tr>\n<td width=\"811\" valign=\"top\"><strong><span>Kanavan leveys\u00a0\u00a0<\/span><\/strong><\/td>\n<td width=\"811\" valign=\"top\"><span>\u22650.11mm<\/span><\/td>\n<\/tr>\n<tr>\n<td width=\"811\" valign=\"top\"><strong><span>DAMSin leveys\u00a0\u00a0<\/span><\/strong><\/td>\n<td width=\"811\" valign=\"top\"><span>0.2mm<\/span><\/td>\n<\/tr>\n<tr>\n<td width=\"811\" valign=\"top\"><strong><span>Padon korkeuden ymp\u00e4rill\u00e4\u00a0\u00a0<\/span><\/strong><\/td>\n<td width=\"811\" valign=\"top\"><span>0.6mm<\/span><\/td>\n<\/tr>\n<tr>\n<td width=\"811\" valign=\"top\"><strong><span>Vastushitsaustyyppi<\/span><\/strong><\/td>\n<td width=\"811\" valign=\"top\">Vihre\u00e4, valkoinen, musta<\/td>\n<\/tr>\n<tr>\n<td valign=\"top\" colspan=\"1\" rowspan=\"1\"><span><strong>Hakemus<\/strong><\/span><\/td>\n<td valign=\"top\" colspan=\"1\" rowspan=\"1\"><span>ilmanpuhdistin, ilmastointilaite, j\u00e4\u00e4kaappi, desinfiointikaappi, sairaalan hoitajaSuunnitteluohjeet:<\/span><\/td>\n<\/tr>\n<tr>\n<td valign=\"top\" colspan=\"1\" rowspan=\"1\"><span><strong>Materiaali<\/strong><\/span><\/td>\n<td valign=\"top\" colspan=\"1\" rowspan=\"1\">3DPCessSuunnitteluohjeet:<\/td>\n<\/tr>\n<\/tbody>\n<\/table>\n<p>Topfast on valmistaja, joka keskittyy PCB- ja PCBA-valmistukseen yli 20 vuoden ajan. Meill\u00e4 on erinomainen r &amp; amp; d-tiimi 28 henkil\u00f6\u00e4. Voimme auttaa sinua yhden luukun palvelulla. Tuemme sinua koko prosessissa toimintojen tutkimuksesta ja kehityksest\u00e4, tuotteen PCB-suunnittelukeskustelusta, PCB-valmistuksesta, komponenttien hankinnasta PCB-kokoonpanoon. essDesign Guidelines:<\/p>\n<p>Yrityksemme tarjoaa PCB-teollisuuden ratkaisuja asiakkaille malleja ja pieni\u00e4 m\u00e4\u00e4ri\u00e4.Laadukkaiden ja oikea-aikaisten tuotteiden toimituksen ansiosta voitimme markkinoiden laajan suosion.Keskitymme jatkossakin asiakastyytyv\u00e4isyyteen sek\u00e4 &#8220;korkea laatu&#8221; ja &#8220;nopea toimitus&#8221;, ja yrityksest\u00e4 tulee asiakkaiden luottamuksen arvoinen elektroniikkapiirien palveluntarjoaja.Tehtaamme tuottaa p\u00e4\u00e4asiassa tavallisia kaksipuolisia piirilevyj\u00e4, essDesign Guidelines: <a href=\"https:\/\/www.topfastpcb.com\/fi\/products\/multilayer-flexible-pcb\/\">monikerroksinen PCBessSuunnitteluohjeet:<\/a> piirilevyt, HDI-piirilevyt, metallipohjaiset piirilevyt ja keraamiset piirilevyt. puolijohdepiirilevyt, j\u00e4yk\u00e4t joustavat piirilevyt ja joustavat piirilevyt.essSuunnitteluohjeet:<\/p>\n<p><img loading=\"lazy\" decoding=\"async\" src=\"https:\/\/www.topfastpcb.com\/wp-content\/uploads\/2025\/04\/619f389627688.png\" alt=\"\" width=\"750\" height=\"802\" class=\"aligncenter wp-image-2060 size-full\" srcset=\"https:\/\/www.topfastpcb.com\/wp-content\/uploads\/2025\/04\/619f389627688.png 750w, https:\/\/www.topfastpcb.com\/wp-content\/uploads\/2025\/04\/619f389627688-281x300.png 281w, https:\/\/www.topfastpcb.com\/wp-content\/uploads\/2025\/04\/619f389627688-600x642.png 600w\" sizes=\"auto, (max-width: 750px) 100vw, 750px\" \/><\/p>\n<h3><span class=\"ez-toc-section\" id=\"3_Critical_Design_Considerations\"><\/span>3. Kriittiset suunnittelun\u00e4k\u00f6kohdatSuunnitteluohjeet:<span class=\"ez-toc-section-end\"><\/span><\/h3>\n<ul>\n<li><strong>Aallonpituuskohtainen hy\u00f6tysuhdeSuunnitteluohjeet:<\/strong>: Optimoitu 265 nm:lle (DNA:n\/RNA:n tuhoutumishuippu).essSuunnitteluohjeet:<\/li>\n<li><strong>Optinen integraatioessSuunnitteluohjeet:<\/strong>: Yhteensopiva kvartsiputkien tai heijastavien alumiinikoteloiden kanssa.essSuunnitteluohjeet:<\/li>\n<li><strong>Vaatimustenmukaisuusstandardit<\/strong>IEC 62471 (UV-turvallisuus), UL 8800 (it\u00e4miskykyiset j\u00e4rjestelm\u00e4t).essSuunnitteluohjeet:<\/li>\n<li><strong>ElinkaarioptimointiessSuunnitteluohjeet:<\/strong>: Lievent\u00e4\u00e4 UV-LEDien hajoamista vakiovirtaajureilla.essSuunnitteluohjeet:<\/li>\n<\/ul>\n<h3><span class=\"ez-toc-section\" id=\"4_Applications\"><\/span>4.SovelluksetessSuunnitteluohjeet:<span class=\"ez-toc-section-end\"><\/span><\/h3>\n<ul>\n<li><strong>Medical SterilizationessSuunnitteluohjeet:<\/strong>: essSuunnitteluohjeet:<\/li>\n<li><strong>Veden\/ilman puhdistusessSuunnitteluohjeet:<\/strong>: essSuunnitteluohjeet:<\/li>\n<li><strong>KuluttajalaitteetessSuunnitteluohjeet:<\/strong>: Kannettavat UV-desinfiointilaitteet puhelimille, naamareille ja pinnoille.essSuunnitteluohjeet:<\/li>\n<li><strong>Elintarvikkeiden turvallisuutta koskevat suunnitteluohjeet:<\/strong>: essDesign Guidelines:<img loading=\"lazy\" decoding=\"async\" src=\"https:\/\/www.topfastpcb.com\/wp-content\/uploads\/2025\/04\/Application.jpg\" alt=\"Hakemus\" width=\"797\" height=\"897\" class=\"aligncenter wp-image-1934 size-full\" srcset=\"https:\/\/www.topfastpcb.com\/wp-content\/uploads\/2025\/04\/Application.jpg 797w, https:\/\/www.topfastpcb.com\/wp-content\/uploads\/2025\/04\/Application-267x300.jpg 267w, https:\/\/www.topfastpcb.com\/wp-content\/uploads\/2025\/04\/Application-768x864.jpg 768w, https:\/\/www.topfastpcb.com\/wp-content\/uploads\/2025\/04\/Application-600x675.jpg 600w\" sizes=\"auto, (max-width: 797px) 100vw, 797px\" \/><\/li>\n<\/ul>","protected":false},"excerpt":{"rendered":"<p><span>Deep Ultraviolet (DUV) -puhdistimen piirilevyt ovat erikoistuneita piirilevyj\u00e4, jotka on suunniteltu sy\u00f6tt\u00e4m\u00e4\u00e4n virtaa ja ohjaamaan suunnittelua ilman suunnitteluohjeita:\u00a0<\/span><strong>UV-C-desinfiointij\u00e4rjestelm\u00e4tSuunnitteluohjeet:<\/strong><span>\u00a0(200-280 nm), joka eliminoi tehokkaasti taudinaiheuttajia l\u00e4\u00e4ketieteellisiss\u00e4, teollisissa ja kuluttajasovelluksissa. N\u00e4iss\u00e4 PCB-piirilevyiss\u00e4 onessSuunnitteluohjeet:\u00a0<\/span><strong>korkeaj\u00e4nniteohjaimet, l\u00e4mm\u00f6nhallinta ja turvamekanismitsuunnitteluohjeet:<\/strong><span> varmistetaan luotettava sterilointi kansainv\u00e4listen standardien mukaisesti.essSuunnitteluohjeet:<\/span><\/p>","protected":false},"featured_media":2058,"comment_status":"open","ping_status":"closed","template":"","meta":[],"product_brand":[],"product_cat":[115],"product_tag":[201,200],"class_list":{"0":"post-2057","1":"product","2":"type-product","3":"status-publish","4":"has-post-thumbnail","6":"product_cat-ceramic-pcb","7":"product_tag-ceramic-pcb","8":"product_tag-purifier-pcbs","10":"first","11":"instock","12":"shipping-taxable","13":"product-type-simple"},"yoast_head":"<!-- This site is optimized with the Yoast SEO plugin v25.1 - https:\/\/yoast.com\/wordpress\/plugins\/seo\/ -->\n<title>Deep Ultraviolet (DUV) purifier PCBs - Topfastpcb<\/title>\n<meta name=\"description\" content=\"Discover how Deep Ultraviolet (DUV) Purifier PCBs enable advanced disinfection with UV-C technology. Learn about high-efficiency drivers, safety features, and applications in medical, water, and air purification. Explore next-gen germicidal solutions!\" \/>\n<meta name=\"robots\" content=\"index, follow, max-snippet:-1, max-image-preview:large, max-video-preview:-1\" \/>\n<link rel=\"canonical\" href=\"https:\/\/www.topfastpcb.com\/fi\/products\/deep-ultraviolet-duv-purifier-pcbs\/\" \/>\n<meta property=\"og:locale\" content=\"fi_FI\" \/>\n<meta property=\"og:type\" content=\"article\" \/>\n<meta property=\"og:title\" content=\"Deep Ultraviolet (DUV) purifier PCBs - Topfastpcb\" \/>\n<meta property=\"og:description\" content=\"Discover how Deep Ultraviolet (DUV) Purifier PCBs enable advanced disinfection with UV-C technology. Learn about high-efficiency drivers, safety features, and applications in medical, water, and air purification. Explore next-gen germicidal solutions!\" \/>\n<meta property=\"og:url\" content=\"https:\/\/www.topfastpcb.com\/fi\/products\/deep-ultraviolet-duv-purifier-pcbs\/\" \/>\n<meta property=\"og:site_name\" content=\"Topfastpcb\" \/>\n<meta property=\"article:modified_time\" content=\"2025-05-06T07:26:52+00:00\" \/>\n<meta property=\"og:image\" content=\"https:\/\/www.topfastpcb.com\/wp-content\/uploads\/2025\/04\/Deep-Ultraviolet-purifier-PCB.jpg\" \/>\n\t<meta property=\"og:image:width\" content=\"800\" \/>\n\t<meta property=\"og:image:height\" content=\"800\" \/>\n\t<meta property=\"og:image:type\" content=\"image\/jpeg\" \/>\n<meta name=\"twitter:card\" content=\"summary_large_image\" \/>\n<meta name=\"twitter:label1\" content=\"Arvioitu lukuaika\" \/>\n\t<meta name=\"twitter:data1\" content=\"4 minuuttia\" \/>\n<script type=\"application\/ld+json\" class=\"yoast-schema-graph\">{\"@context\":\"https:\/\/schema.org\",\"@graph\":[{\"@type\":\"WebPage\",\"@id\":\"https:\/\/www.topfastpcb.com\/products\/deep-ultraviolet-duv-purifier-pcbs\/\",\"url\":\"https:\/\/www.topfastpcb.com\/products\/deep-ultraviolet-duv-purifier-pcbs\/\",\"name\":\"Deep Ultraviolet (DUV) purifier PCBs - Topfastpcb\",\"isPartOf\":{\"@id\":\"https:\/\/www.topfastpcb.com\/#website\"},\"primaryImageOfPage\":{\"@id\":\"https:\/\/www.topfastpcb.com\/products\/deep-ultraviolet-duv-purifier-pcbs\/#primaryimage\"},\"image\":{\"@id\":\"https:\/\/www.topfastpcb.com\/products\/deep-ultraviolet-duv-purifier-pcbs\/#primaryimage\"},\"thumbnailUrl\":\"https:\/\/www.topfastpcb.com\/wp-content\/uploads\/2025\/04\/Deep-Ultraviolet-purifier-PCB.jpg\",\"datePublished\":\"2025-04-17T09:03:19+00:00\",\"dateModified\":\"2025-05-06T07:26:52+00:00\",\"description\":\"Discover how Deep Ultraviolet (DUV) Purifier PCBs enable advanced disinfection with UV-C technology. Learn about high-efficiency drivers, safety features, and applications in medical, water, and air purification. Explore next-gen germicidal solutions!\",\"breadcrumb\":{\"@id\":\"https:\/\/www.topfastpcb.com\/products\/deep-ultraviolet-duv-purifier-pcbs\/#breadcrumb\"},\"inLanguage\":\"fi\",\"potentialAction\":[{\"@type\":\"ReadAction\",\"target\":[\"https:\/\/www.topfastpcb.com\/products\/deep-ultraviolet-duv-purifier-pcbs\/\"]}]},{\"@type\":\"ImageObject\",\"inLanguage\":\"fi\",\"@id\":\"https:\/\/www.topfastpcb.com\/products\/deep-ultraviolet-duv-purifier-pcbs\/#primaryimage\",\"url\":\"https:\/\/www.topfastpcb.com\/wp-content\/uploads\/2025\/04\/Deep-Ultraviolet-purifier-PCB.jpg\",\"contentUrl\":\"https:\/\/www.topfastpcb.com\/wp-content\/uploads\/2025\/04\/Deep-Ultraviolet-purifier-PCB.jpg\",\"width\":800,\"height\":800},{\"@type\":\"BreadcrumbList\",\"@id\":\"https:\/\/www.topfastpcb.com\/products\/deep-ultraviolet-duv-purifier-pcbs\/#breadcrumb\",\"itemListElement\":[{\"@type\":\"ListItem\",\"position\":1,\"name\":\"\u9996\u9875\",\"item\":\"https:\/\/www.topfastpcb.com\/\"},{\"@type\":\"ListItem\",\"position\":2,\"name\":\"\u5546\u5e97\",\"item\":\"https:\/\/www.topfastpcb.com\/shop\/\"},{\"@type\":\"ListItem\",\"position\":3,\"name\":\"Deep Ultraviolet (DUV) purifier PCBs\"}]},{\"@type\":\"WebSite\",\"@id\":\"https:\/\/www.topfastpcb.com\/#website\",\"url\":\"https:\/\/www.topfastpcb.com\/\",\"name\":\"Topfastpcb\",\"description\":\"Topfast Prime Choice for Global Electronics Manufacturing\",\"publisher\":{\"@id\":\"https:\/\/www.topfastpcb.com\/#organization\"},\"potentialAction\":[{\"@type\":\"SearchAction\",\"target\":{\"@type\":\"EntryPoint\",\"urlTemplate\":\"https:\/\/www.topfastpcb.com\/?s={search_term_string}\"},\"query-input\":{\"@type\":\"PropertyValueSpecification\",\"valueRequired\":true,\"valueName\":\"search_term_string\"}}],\"inLanguage\":\"fi\"},{\"@type\":\"Organization\",\"@id\":\"https:\/\/www.topfastpcb.com\/#organization\",\"name\":\"Topfastpcb\",\"url\":\"https:\/\/www.topfastpcb.com\/\",\"logo\":{\"@type\":\"ImageObject\",\"inLanguage\":\"fi\",\"@id\":\"https:\/\/www.topfastpcb.com\/#\/schema\/logo\/image\/\",\"url\":\"https:\/\/www.topfastpcb.com\/wp-content\/uploads\/2026\/02\/cropped-topfast-logo.png\",\"contentUrl\":\"https:\/\/www.topfastpcb.com\/wp-content\/uploads\/2026\/02\/cropped-topfast-logo.png\",\"width\":144,\"height\":56,\"caption\":\"Topfastpcb\"},\"image\":{\"@id\":\"https:\/\/www.topfastpcb.com\/#\/schema\/logo\/image\/\"}}]}<\/script>\n<!-- \/ Yoast SEO plugin. -->","yoast_head_json":{"title":"Deep Ultraviolet (DUV) purifier PCBs - Topfastpcb","description":"Discover how Deep Ultraviolet (DUV) Purifier PCBs enable advanced disinfection with UV-C technology. Learn about high-efficiency drivers, safety features, and applications in medical, water, and air purification. Explore next-gen germicidal solutions!","robots":{"index":"index","follow":"follow","max-snippet":"max-snippet:-1","max-image-preview":"max-image-preview:large","max-video-preview":"max-video-preview:-1"},"canonical":"https:\/\/www.topfastpcb.com\/fi\/products\/deep-ultraviolet-duv-purifier-pcbs\/","og_locale":"fi_FI","og_type":"article","og_title":"Deep Ultraviolet (DUV) purifier PCBs - Topfastpcb","og_description":"Discover how Deep Ultraviolet (DUV) Purifier PCBs enable advanced disinfection with UV-C technology. Learn about high-efficiency drivers, safety features, and applications in medical, water, and air purification. Explore next-gen germicidal solutions!","og_url":"https:\/\/www.topfastpcb.com\/fi\/products\/deep-ultraviolet-duv-purifier-pcbs\/","og_site_name":"Topfastpcb","article_modified_time":"2025-05-06T07:26:52+00:00","og_image":[{"width":800,"height":800,"url":"https:\/\/www.topfastpcb.com\/wp-content\/uploads\/2025\/04\/Deep-Ultraviolet-purifier-PCB.jpg","type":"image\/jpeg"}],"twitter_card":"summary_large_image","twitter_misc":{"Arvioitu lukuaika":"4 minuuttia"},"schema":{"@context":"https:\/\/schema.org","@graph":[{"@type":"WebPage","@id":"https:\/\/www.topfastpcb.com\/products\/deep-ultraviolet-duv-purifier-pcbs\/","url":"https:\/\/www.topfastpcb.com\/products\/deep-ultraviolet-duv-purifier-pcbs\/","name":"Deep Ultraviolet (DUV) purifier PCBs - Topfastpcb","isPartOf":{"@id":"https:\/\/www.topfastpcb.com\/#website"},"primaryImageOfPage":{"@id":"https:\/\/www.topfastpcb.com\/products\/deep-ultraviolet-duv-purifier-pcbs\/#primaryimage"},"image":{"@id":"https:\/\/www.topfastpcb.com\/products\/deep-ultraviolet-duv-purifier-pcbs\/#primaryimage"},"thumbnailUrl":"https:\/\/www.topfastpcb.com\/wp-content\/uploads\/2025\/04\/Deep-Ultraviolet-purifier-PCB.jpg","datePublished":"2025-04-17T09:03:19+00:00","dateModified":"2025-05-06T07:26:52+00:00","description":"Discover how Deep Ultraviolet (DUV) Purifier PCBs enable advanced disinfection with UV-C technology. Learn about high-efficiency drivers, safety features, and applications in medical, water, and air purification. Explore next-gen germicidal solutions!","breadcrumb":{"@id":"https:\/\/www.topfastpcb.com\/products\/deep-ultraviolet-duv-purifier-pcbs\/#breadcrumb"},"inLanguage":"fi","potentialAction":[{"@type":"ReadAction","target":["https:\/\/www.topfastpcb.com\/products\/deep-ultraviolet-duv-purifier-pcbs\/"]}]},{"@type":"ImageObject","inLanguage":"fi","@id":"https:\/\/www.topfastpcb.com\/products\/deep-ultraviolet-duv-purifier-pcbs\/#primaryimage","url":"https:\/\/www.topfastpcb.com\/wp-content\/uploads\/2025\/04\/Deep-Ultraviolet-purifier-PCB.jpg","contentUrl":"https:\/\/www.topfastpcb.com\/wp-content\/uploads\/2025\/04\/Deep-Ultraviolet-purifier-PCB.jpg","width":800,"height":800},{"@type":"BreadcrumbList","@id":"https:\/\/www.topfastpcb.com\/products\/deep-ultraviolet-duv-purifier-pcbs\/#breadcrumb","itemListElement":[{"@type":"ListItem","position":1,"name":"\u9996\u9875","item":"https:\/\/www.topfastpcb.com\/"},{"@type":"ListItem","position":2,"name":"\u5546\u5e97","item":"https:\/\/www.topfastpcb.com\/shop\/"},{"@type":"ListItem","position":3,"name":"Deep Ultraviolet (DUV) purifier PCBs"}]},{"@type":"WebSite","@id":"https:\/\/www.topfastpcb.com\/#website","url":"https:\/\/www.topfastpcb.com\/","name":"Topfastpcb","description":"Topfast Prime Choice for Global Electronics Manufacturing","publisher":{"@id":"https:\/\/www.topfastpcb.com\/#organization"},"potentialAction":[{"@type":"SearchAction","target":{"@type":"EntryPoint","urlTemplate":"https:\/\/www.topfastpcb.com\/?s={search_term_string}"},"query-input":{"@type":"PropertyValueSpecification","valueRequired":true,"valueName":"search_term_string"}}],"inLanguage":"fi"},{"@type":"Organization","@id":"https:\/\/www.topfastpcb.com\/#organization","name":"Topfastpcb","url":"https:\/\/www.topfastpcb.com\/","logo":{"@type":"ImageObject","inLanguage":"fi","@id":"https:\/\/www.topfastpcb.com\/#\/schema\/logo\/image\/","url":"https:\/\/www.topfastpcb.com\/wp-content\/uploads\/2026\/02\/cropped-topfast-logo.png","contentUrl":"https:\/\/www.topfastpcb.com\/wp-content\/uploads\/2026\/02\/cropped-topfast-logo.png","width":144,"height":56,"caption":"Topfastpcb"},"image":{"@id":"https:\/\/www.topfastpcb.com\/#\/schema\/logo\/image\/"}}]}},"_links":{"self":[{"href":"https:\/\/www.topfastpcb.com\/fi\/wp-json\/wp\/v2\/product\/2057","targetHints":{"allow":["GET"]}}],"collection":[{"href":"https:\/\/www.topfastpcb.com\/fi\/wp-json\/wp\/v2\/product"}],"about":[{"href":"https:\/\/www.topfastpcb.com\/fi\/wp-json\/wp\/v2\/types\/product"}],"replies":[{"embeddable":true,"href":"https:\/\/www.topfastpcb.com\/fi\/wp-json\/wp\/v2\/comments?post=2057"}],"wp:featuredmedia":[{"embeddable":true,"href":"https:\/\/www.topfastpcb.com\/fi\/wp-json\/wp\/v2\/media\/2058"}],"wp:attachment":[{"href":"https:\/\/www.topfastpcb.com\/fi\/wp-json\/wp\/v2\/media?parent=2057"}],"wp:term":[{"taxonomy":"product_brand","embeddable":true,"href":"https:\/\/www.topfastpcb.com\/fi\/wp-json\/wp\/v2\/product_brand?post=2057"},{"taxonomy":"product_cat","embeddable":true,"href":"https:\/\/www.topfastpcb.com\/fi\/wp-json\/wp\/v2\/product_cat?post=2057"},{"taxonomy":"product_tag","embeddable":true,"href":"https:\/\/www.topfastpcb.com\/fi\/wp-json\/wp\/v2\/product_tag?post=2057"}],"curies":[{"name":"wp","href":"https:\/\/api.w.org\/{rel}","templated":true}]}}