{"id":2257,"date":"2025-04-26T18:00:10","date_gmt":"2025-04-26T09:30:10","guid":{"rendered":"http:\/\/topfastpcbb.ru\/?post_type=product&#038;p=2257"},"modified":"2025-05-06T16:28:04","modified_gmt":"2025-05-06T07:58:04","slug":"consumer-electronics-pcba","status":"publish","type":"product","link":"https:\/\/www.topfastpcb.com\/fi\/products\/consumer-electronics-pcba\/","title":{"rendered":"Viihde-elektroniikan PCBA"},"content":{"rendered":"<div id=\"ez-toc-container\" class=\"ez-toc-v2_0_74 counter-hierarchy ez-toc-counter ez-toc-custom ez-toc-container-direction\">\n<div class=\"ez-toc-title-container\">\n<p class=\"ez-toc-title\" style=\"cursor:inherit\">Sis\u00e4llysluettelo<\/p>\n<span class=\"ez-toc-title-toggle\"><\/span><\/div>\n<nav><ul class='ez-toc-list ez-toc-list-level-1' ><li class='ez-toc-page-1 ez-toc-heading-level-2'><a class=\"ez-toc-link ez-toc-heading-1\" href=\"https:\/\/www.topfastpcb.com\/fi\/products\/consumer-electronics-pcba\/#PCB_Assembly_capability\" >PCB-kokoonpanovalmiudet<\/a><\/li><li class='ez-toc-page-1 ez-toc-heading-level-2'><a class=\"ez-toc-link ez-toc-heading-2\" href=\"https:\/\/www.topfastpcb.com\/fi\/products\/consumer-electronics-pcba\/#Advantages_of_our_PCBA_processing\" >PCBA-k\u00e4sittelyn edut<\/a><\/li><li class='ez-toc-page-1 ez-toc-heading-level-2'><a class=\"ez-toc-link ez-toc-heading-3\" href=\"https:\/\/www.topfastpcb.com\/fi\/products\/consumer-electronics-pcba\/#Why_choose_us\" >Miksi valita meid\u00e4t?<\/a><\/li><\/ul><\/nav><\/div>\n\n<p>PCBA on juottaa elektroniset komponentit piirilevylle piirilevyn toiminnan ja tuotteen suorituskyvyn toteuttamiseksi. T\u00e4h\u00e4n prosessiin kuuluu useita linkkej\u00e4: komponenttien hankinta, piirilevytuotanto, SMT-sirujen (pinta-asennustekniikka) k\u00e4sittely, DIP (dual in-line package) -liit\u00e4nt\u00e4prosessi, PCBA-testaus ja valmiin tuotteen kokoonpano jne.<\/p>\n<table data-sort=\"sortDisabled\">\n<tbody>\n<tr>\n<td valign=\"top\" rowspan=\"1\" colspan=\"2\">\n<h2 style=\"text-align: center;\"><span class=\"ez-toc-section\" id=\"PCB_Assembly_capability\"><\/span><span><strong><a href=\"https:\/\/www.topfastpcb.com\/fi\/products\/category\/pcba\/\">PCB-kokoonpano<\/a> valmiudet<\/strong><\/span><span class=\"ez-toc-section-end\"><\/span><\/h2>\n<\/td>\n<\/tr>\n<tr>\n<td width=\"505\" valign=\"middle\" align=\"left\">Kohde<\/td>\n<td width=\"505\" valign=\"top\">Toimintakyky<\/td>\n<\/tr>\n<tr>\n<td width=\"505\" valign=\"middle\" rowspan=\"7\" colspan=\"1\" align=\"left\">Edut<\/td>\n<td width=\"505\" valign=\"top\"><span>&#8212;- Ammattimainen pinta-asennus ja l\u00e4pijuottotekniikka<\/span><\/td>\n<\/tr>\n<tr>\n<td width=\"505\" valign=\"top\"><span>&#8212; - Erilaisia kokoja, kuten 1206, 0805, 0603 komponentit SMT-tekniikkaan<\/span><\/td>\n<\/tr>\n<tr>\n<td valign=\"top\" colspan=\"1\" rowspan=\"1\"><span>&#8212;-ICT (piiritestaus), FCT (toiminnallinen piiritestaus)\u00a0<\/span><\/td>\n<\/tr>\n<tr>\n<td valign=\"top\" colspan=\"1\" rowspan=\"1\"><span>&#8212; -PCB-kokoonpano UL, CE, FCC, Rohs-hyv\u00e4ksynt\u00e4<\/span><\/td>\n<\/tr>\n<tr>\n<td valign=\"top\" colspan=\"1\" rowspan=\"1\"><span>&#8212;-Typpikaasun reflow-juottotekniikka SMT:lle.<\/span><\/td>\n<\/tr>\n<tr>\n<td valign=\"top\" colspan=\"1\" rowspan=\"1\"><span>&amp; # 8212; - Korkean standardin SMT &amp; amp; Juote kokoonpanolinja<\/span><\/td>\n<\/tr>\n<tr>\n<td valign=\"top\" colspan=\"1\" rowspan=\"1\"><span>&#8212; Suuri tiheys yhteenliitetyn levyn sijoittelutekniikan kapasiteetti.<\/span><\/td>\n<\/tr>\n<tr>\n<td valign=\"middle\" colspan=\"1\" rowspan=\"7\" align=\"left\">Komponentit<\/td>\n<td valign=\"top\" colspan=\"1\" rowspan=\"1\"><span>Passiivinen 0201-kokoon asti<\/span><\/td>\n<\/tr>\n<tr>\n<td valign=\"top\" colspan=\"1\" rowspan=\"1\"><span>BGA ja VFBGA<\/span><\/td>\n<\/tr>\n<tr>\n<td valign=\"top\" colspan=\"1\" rowspan=\"1\"><span>Lyijytt\u00f6m\u00e4t sirunkantajat\/CSP<\/span><\/td>\n<\/tr>\n<tr>\n<td valign=\"top\" colspan=\"1\" rowspan=\"1\"><span>Kaksipuolinen SMT-kokoonpano<\/span><\/td>\n<\/tr>\n<tr>\n<td valign=\"top\" colspan=\"1\" rowspan=\"1\"><span>Hieno jako 0,8 millimetriin<\/span><\/td>\n<\/tr>\n<tr>\n<td valign=\"top\" colspan=\"1\" rowspan=\"1\"><span>BGA:n korjaus ja uudelleenpalautus<\/span><\/td>\n<\/tr>\n<tr>\n<td width=\"505\" valign=\"top\"><span>Osien irrottaminen ja vaihtaminen<\/span><\/td>\n<\/tr>\n<tr>\n<td width=\"505\" valign=\"middle\" rowspan=\"3\" colspan=\"1\" align=\"left\">M\u00e4\u00e4r\u00e4<\/td>\n<td width=\"505\" valign=\"top\"><span>Prototyyppien ja pienen volyymin PCB-kokoonpano,<\/span><\/td>\n<\/tr>\n<tr>\n<td width=\"505\" valign=\"top\"><span>1 laudasta 250:een tai jopa 1000:een lautaan<\/span><\/td>\n<\/tr>\n<tr>\n<td width=\"505\" valign=\"top\"><span>ja pcba r\u00e4\u00e4t\u00e4l\u00f6ityj\u00e4<\/span><\/td>\n<\/tr>\n<tr>\n<td width=\"505\" valign=\"middle\" align=\"left\">Kokoonpanon tyyppi<\/td>\n<td width=\"505\" valign=\"top\">SMT, l\u00e4pireik\u00e4<\/td>\n<\/tr>\n<tr>\n<td valign=\"middle\" colspan=\"1\" rowspan=\"1\" align=\"left\">Juotostyyppi<\/td>\n<td valign=\"top\" colspan=\"1\" rowspan=\"1\">Vesiliukoinen juotospasta, lyijytetty ja lyijyt\u00f6n<\/td>\n<\/tr>\n<tr>\n<td valign=\"middle\" colspan=\"1\" rowspan=\"2\" align=\"left\">Paljaan levyn koko<\/td>\n<td valign=\"top\" colspan=\"1\" rowspan=\"1\"><span>Pienin: 0,25 * 0,25 tuumaa<\/span><\/td>\n<\/tr>\n<tr>\n<td valign=\"top\" colspan=\"1\" rowspan=\"1\"><span>Suurin: 20*20 tuumaa<\/span><\/td>\n<\/tr>\n<tr>\n<td valign=\"middle\" colspan=\"1\" rowspan=\"1\" align=\"left\">Tiedoston muotoilu<\/td>\n<td valign=\"top\" colspan=\"1\" rowspan=\"1\"><span>Gerber-tiedostot, Pick-N-Place-tiedosto, materiaaliluettelo<\/span><\/td>\n<\/tr>\n<tr>\n<td valign=\"middle\" colspan=\"1\" rowspan=\"1\" align=\"left\">Palvelun tyyppi<\/td>\n<td valign=\"top\" colspan=\"1\" rowspan=\"1\"><span>Avaimet k\u00e4teen, osittain avaimet k\u00e4teen tai l\u00e4hetyksen\u00e4<\/span><\/td>\n<\/tr>\n<tr>\n<td valign=\"middle\" colspan=\"1\" rowspan=\"1\" align=\"left\">Komponenttipakkaukset<\/td>\n<td valign=\"top\" colspan=\"1\" rowspan=\"1\">Leikatut nauhat, putket, rullat, irtonaiset osat<\/td>\n<\/tr>\n<tr>\n<td valign=\"middle\" colspan=\"1\" rowspan=\"1\" align=\"left\">K\u00e4\u00e4ntymisaika<\/td>\n<td valign=\"top\" colspan=\"1\" rowspan=\"1\">Saman p\u00e4iv\u00e4n palvelusta 15 p\u00e4iv\u00e4n palveluun.<\/td>\n<\/tr>\n<tr>\n<td valign=\"middle\" colspan=\"1\" rowspan=\"1\" align=\"left\">Testaus<\/td>\n<td valign=\"top\" colspan=\"1\" rowspan=\"1\">Lent\u00e4v\u00e4 koetin testi, r\u00f6ntgentarkastus AOI-testi.<\/td>\n<\/tr>\n<tr>\n<td width=\"505\" valign=\"middle\" align=\"left\">PCB-kokoonpanoprosessi<\/td>\n<td width=\"505\" valign=\"top\"><span>Poraaminen&#8212;-altistuminen<\/span><\/td>\n<\/tr>\n<\/tbody>\n<\/table>\n<p><img loading=\"lazy\" decoding=\"async\" src=\"https:\/\/www.topfastpcb.com\/wp-content\/uploads\/2025\/04\/pcba29.jpg\" alt=\"pcba\" width=\"750\" height=\"750\" class=\"aligncenter size-full wp-image-2381\" srcset=\"https:\/\/www.topfastpcb.com\/wp-content\/uploads\/2025\/04\/pcba29.jpg 750w, https:\/\/www.topfastpcb.com\/wp-content\/uploads\/2025\/04\/pcba29-300x300.jpg 300w, https:\/\/www.topfastpcb.com\/wp-content\/uploads\/2025\/04\/pcba29-150x150.jpg 150w, https:\/\/www.topfastpcb.com\/wp-content\/uploads\/2025\/04\/pcba29-600x600.jpg 600w, https:\/\/www.topfastpcb.com\/wp-content\/uploads\/2025\/04\/pcba29-100x100.jpg 100w\" sizes=\"auto, (max-width: 750px) 100vw, 750px\" \/><\/p>\n<h2><span class=\"ez-toc-section\" id=\"Advantages_of_our_PCBA_processing\"><\/span>PCBA-k\u00e4sittelyn edut<span class=\"ez-toc-section-end\"><\/span><\/h2>\n<p><a href=\"https:\/\/www.topfastpcb.com\/fi\/products\/category\/flexible-pcb\/\">Joustava<\/a> mukautukset asiakkaiden tarpeiden mukaan, yksil\u00f6llisten tarpeiden t\u00e4ytt\u00e4minen ja nopea reagointi markkinoiden muutoksiin.<br \/>\nHyv\u00e4ksy automatisoidut laitteet, kuten laskuri, aaltojuotoskone jne., tuotannon tehokkuuden ja tarkkuuden parantamiseksi ja ty\u00f6voimakustannusten v\u00e4hent\u00e4miseksi.<br \/>\nTuotteen laadun reaaliaikainen seuranta kehittyneiden tekniikoiden, kuten automaattisen optisen tarkastuksen (AOI) ja r\u00f6ntgentarkastuksen avulla saantotason varmistamiseksi.<\/p>\n<p>Laadukas PCB-kokoonpano: 4-kerroksinen PCB-kokoonpano, ruiskutettu kolminkertaisella maalilla, jolla on hyv\u00e4 kest\u00e4vyys korkeissa ja matalissa l\u00e4mp\u00f6tiloissa.<br \/>\nTehokas PCB-kokoonpano: k\u00e4ytt\u00e4m\u00e4ll\u00e4 kehittynytt\u00e4 nopeaa SMT-konetta.Kokoonpano voidaan suorittaa aikaisintaan yhdess\u00e4 p\u00e4iv\u00e4ss\u00e4.<br \/>\nLED PCB-kokoonpano 2 kerrosta LED PCB-kokoonpano, k\u00e4ytt\u00e4en korkealaatuista IC-juotosta.T\u00e4ydellinen puhdas SMT.<br \/>\nKorkean tarkkuuden PCB-kokoonpano:PCB-kokoonpanon tarkkuus on jopa +\/-50um. Suurin tarkkuus on \u00b130um.<\/p>\n<p>&nbsp;<\/p>\n<h2><span class=\"ez-toc-section\" id=\"Why_choose_us\"><\/span><strong><span>Miksi valita meid\u00e4t?<\/span><\/strong><span class=\"ez-toc-section-end\"><\/span><\/h2>\n<p><span>1.Yhden luukun PCB PCBA-palvelu<\/span><\/p>\n<p><span>Voimme auttaa sinua yhden luukun palvelulla.Tuemme sinua koko prosessissa toimintojen tutkimuksesta ja kehityksest\u00e4, tuotesuunnittelukeskustelusta, piirilevyjen valmistuksesta, komponenttien hankinnasta piirilevyjen kokoonpanoon.<\/span><\/p>\n<p><span>2.Kehittyneet laitteet<\/span><\/p>\n<p><span>Laitteita on yli 385, ja ne tuodaan p\u00e4\u00e4asiassa Saksasta, Japanista ja Taiwanista.Kuten LDl automaattinen valotuskone, automaattinen pinnoituslinja, laserporauskone, automaattinen testauskone, automaattinen V-leikkauskone ja muut kehittyneet laitteet.<\/span><\/p>\n<p><span>3.Kehittynyt teknologia<br \/>\n<\/span><\/p>\n<p><span>T&amp;K- ja tuotekehitystiimiss\u00e4mme on yli 28 ty\u00f6ntekij\u00e4\u00e4, mukaan lukien 2 tohtoriopiskelijaa ja 8 maisteriopiskelijaa.Voimme tehd\u00e4 3 3-vaiheista HDI-piirilevy\u00e4, joissa on 0,4 mm: n rei\u00e4t. Teknologia on alan johtavassa asemassa.<\/span><\/p>\n<p><span>4.Ylivoimainen palvelu<\/span><\/p>\n<p><span>7 * 24 tunnin online-palvelu!Meill\u00e4 on ammattitaitoinen palvelutiimi, joka seuraa koko prosessia avainasiakkaiden ja t\u00e4rkeimpien tilausten osalta. Meill\u00e4 on my\u00f6s ammattimainen asiakasp\u00e4\u00e4llikk\u00f6 kullekin asiakkaalle, jotta voimme vastata asiakkaiden erilaisiin vaatimuksiin.<\/span><\/p>","protected":false},"excerpt":{"rendered":"<p>Joustavat mukautukset asiakkaiden tarpeiden mukaan, jotta voidaan vastata yksil\u00f6llisiin tarpeisiin ja reagoida nopeasti markkinoiden muutoksiin.<\/p>","protected":false},"featured_media":2263,"comment_status":"open","ping_status":"closed","template":"","meta":[],"product_brand":[],"product_cat":[116],"product_tag":[208,206,207],"class_list":{"0":"post-2257","1":"product","2":"type-product","3":"status-publish","4":"has-post-thumbnail","6":"product_cat-pcba","7":"product_tag-consumer-electronics-pcba","8":"product_tag-electronics-pcba","9":"product_tag-pcba","11":"first","12":"instock","13":"shipping-taxable","14":"product-type-simple"},"yoast_head":"<!-- This site is optimized with the Yoast SEO plugin v25.1 - https:\/\/yoast.com\/wordpress\/plugins\/seo\/ -->\n<title>Consumer Electronics PCBA - Topfastpcb<\/title>\n<meta name=\"description\" content=\"Flexible adjustments according to customer needs, to meet personalized needs, and rapid response to market changes.\" \/>\n<meta name=\"robots\" content=\"index, follow, max-snippet:-1, max-image-preview:large, max-video-preview:-1\" \/>\n<link rel=\"canonical\" href=\"https:\/\/www.topfastpcb.com\/fi\/products\/consumer-electronics-pcba\/\" \/>\n<meta property=\"og:locale\" content=\"fi_FI\" \/>\n<meta property=\"og:type\" content=\"article\" \/>\n<meta property=\"og:title\" content=\"Consumer Electronics PCBA - Topfastpcb\" \/>\n<meta property=\"og:description\" content=\"Flexible adjustments according to customer needs, to meet personalized needs, and rapid response to market changes.\" \/>\n<meta property=\"og:url\" content=\"https:\/\/www.topfastpcb.com\/fi\/products\/consumer-electronics-pcba\/\" \/>\n<meta property=\"og:site_name\" content=\"Topfastpcb\" \/>\n<meta property=\"article:modified_time\" content=\"2025-05-06T07:58:04+00:00\" \/>\n<meta property=\"og:image\" content=\"https:\/\/www.topfastpcb.com\/wp-content\/uploads\/2025\/04\/pcba23.jpg\" \/>\n\t<meta property=\"og:image:width\" content=\"750\" \/>\n\t<meta property=\"og:image:height\" content=\"750\" \/>\n\t<meta property=\"og:image:type\" content=\"image\/jpeg\" \/>\n<meta name=\"twitter:card\" content=\"summary_large_image\" \/>\n<meta name=\"twitter:label1\" content=\"Arvioitu lukuaika\" \/>\n\t<meta name=\"twitter:data1\" content=\"3 minuuttia\" \/>\n<script type=\"application\/ld+json\" class=\"yoast-schema-graph\">{\"@context\":\"https:\/\/schema.org\",\"@graph\":[{\"@type\":\"WebPage\",\"@id\":\"https:\/\/www.topfastpcb.com\/products\/consumer-electronics-pcba\/\",\"url\":\"https:\/\/www.topfastpcb.com\/products\/consumer-electronics-pcba\/\",\"name\":\"Consumer Electronics PCBA - Topfastpcb\",\"isPartOf\":{\"@id\":\"https:\/\/www.topfastpcb.com\/#website\"},\"primaryImageOfPage\":{\"@id\":\"https:\/\/www.topfastpcb.com\/products\/consumer-electronics-pcba\/#primaryimage\"},\"image\":{\"@id\":\"https:\/\/www.topfastpcb.com\/products\/consumer-electronics-pcba\/#primaryimage\"},\"thumbnailUrl\":\"https:\/\/www.topfastpcb.com\/wp-content\/uploads\/2025\/04\/pcba23.jpg\",\"datePublished\":\"2025-04-26T09:30:10+00:00\",\"dateModified\":\"2025-05-06T07:58:04+00:00\",\"description\":\"Flexible adjustments according to customer needs, to meet personalized needs, and rapid response to market changes.\",\"breadcrumb\":{\"@id\":\"https:\/\/www.topfastpcb.com\/products\/consumer-electronics-pcba\/#breadcrumb\"},\"inLanguage\":\"fi\",\"potentialAction\":[{\"@type\":\"ReadAction\",\"target\":[\"https:\/\/www.topfastpcb.com\/products\/consumer-electronics-pcba\/\"]}]},{\"@type\":\"ImageObject\",\"inLanguage\":\"fi\",\"@id\":\"https:\/\/www.topfastpcb.com\/products\/consumer-electronics-pcba\/#primaryimage\",\"url\":\"https:\/\/www.topfastpcb.com\/wp-content\/uploads\/2025\/04\/pcba23.jpg\",\"contentUrl\":\"https:\/\/www.topfastpcb.com\/wp-content\/uploads\/2025\/04\/pcba23.jpg\",\"width\":750,\"height\":750},{\"@type\":\"BreadcrumbList\",\"@id\":\"https:\/\/www.topfastpcb.com\/products\/consumer-electronics-pcba\/#breadcrumb\",\"itemListElement\":[{\"@type\":\"ListItem\",\"position\":1,\"name\":\"\u9996\u9875\",\"item\":\"https:\/\/www.topfastpcb.com\/\"},{\"@type\":\"ListItem\",\"position\":2,\"name\":\"\u5546\u5e97\",\"item\":\"https:\/\/www.topfastpcb.com\/shop\/\"},{\"@type\":\"ListItem\",\"position\":3,\"name\":\"Consumer Electronics PCBA\"}]},{\"@type\":\"WebSite\",\"@id\":\"https:\/\/www.topfastpcb.com\/#website\",\"url\":\"https:\/\/www.topfastpcb.com\/\",\"name\":\"Topfastpcb\",\"description\":\"Topfast Prime Choice for Global Electronics Manufacturing\",\"publisher\":{\"@id\":\"https:\/\/www.topfastpcb.com\/#organization\"},\"potentialAction\":[{\"@type\":\"SearchAction\",\"target\":{\"@type\":\"EntryPoint\",\"urlTemplate\":\"https:\/\/www.topfastpcb.com\/?s={search_term_string}\"},\"query-input\":{\"@type\":\"PropertyValueSpecification\",\"valueRequired\":true,\"valueName\":\"search_term_string\"}}],\"inLanguage\":\"fi\"},{\"@type\":\"Organization\",\"@id\":\"https:\/\/www.topfastpcb.com\/#organization\",\"name\":\"Topfastpcb\",\"url\":\"https:\/\/www.topfastpcb.com\/\",\"logo\":{\"@type\":\"ImageObject\",\"inLanguage\":\"fi\",\"@id\":\"https:\/\/www.topfastpcb.com\/#\/schema\/logo\/image\/\",\"url\":\"https:\/\/www.topfastpcb.com\/wp-content\/uploads\/2026\/02\/cropped-topfast-logo.png\",\"contentUrl\":\"https:\/\/www.topfastpcb.com\/wp-content\/uploads\/2026\/02\/cropped-topfast-logo.png\",\"width\":144,\"height\":56,\"caption\":\"Topfastpcb\"},\"image\":{\"@id\":\"https:\/\/www.topfastpcb.com\/#\/schema\/logo\/image\/\"}}]}<\/script>\n<!-- \/ Yoast SEO plugin. -->","yoast_head_json":{"title":"Consumer Electronics PCBA - Topfastpcb","description":"Flexible adjustments according to customer needs, to meet personalized needs, and rapid response to market changes.","robots":{"index":"index","follow":"follow","max-snippet":"max-snippet:-1","max-image-preview":"max-image-preview:large","max-video-preview":"max-video-preview:-1"},"canonical":"https:\/\/www.topfastpcb.com\/fi\/products\/consumer-electronics-pcba\/","og_locale":"fi_FI","og_type":"article","og_title":"Consumer Electronics PCBA - Topfastpcb","og_description":"Flexible adjustments according to customer needs, to meet personalized needs, and rapid response to market changes.","og_url":"https:\/\/www.topfastpcb.com\/fi\/products\/consumer-electronics-pcba\/","og_site_name":"Topfastpcb","article_modified_time":"2025-05-06T07:58:04+00:00","og_image":[{"width":750,"height":750,"url":"https:\/\/www.topfastpcb.com\/wp-content\/uploads\/2025\/04\/pcba23.jpg","type":"image\/jpeg"}],"twitter_card":"summary_large_image","twitter_misc":{"Arvioitu lukuaika":"3 minuuttia"},"schema":{"@context":"https:\/\/schema.org","@graph":[{"@type":"WebPage","@id":"https:\/\/www.topfastpcb.com\/products\/consumer-electronics-pcba\/","url":"https:\/\/www.topfastpcb.com\/products\/consumer-electronics-pcba\/","name":"Consumer Electronics PCBA - Topfastpcb","isPartOf":{"@id":"https:\/\/www.topfastpcb.com\/#website"},"primaryImageOfPage":{"@id":"https:\/\/www.topfastpcb.com\/products\/consumer-electronics-pcba\/#primaryimage"},"image":{"@id":"https:\/\/www.topfastpcb.com\/products\/consumer-electronics-pcba\/#primaryimage"},"thumbnailUrl":"https:\/\/www.topfastpcb.com\/wp-content\/uploads\/2025\/04\/pcba23.jpg","datePublished":"2025-04-26T09:30:10+00:00","dateModified":"2025-05-06T07:58:04+00:00","description":"Flexible adjustments according to customer needs, to meet personalized needs, and rapid response to market changes.","breadcrumb":{"@id":"https:\/\/www.topfastpcb.com\/products\/consumer-electronics-pcba\/#breadcrumb"},"inLanguage":"fi","potentialAction":[{"@type":"ReadAction","target":["https:\/\/www.topfastpcb.com\/products\/consumer-electronics-pcba\/"]}]},{"@type":"ImageObject","inLanguage":"fi","@id":"https:\/\/www.topfastpcb.com\/products\/consumer-electronics-pcba\/#primaryimage","url":"https:\/\/www.topfastpcb.com\/wp-content\/uploads\/2025\/04\/pcba23.jpg","contentUrl":"https:\/\/www.topfastpcb.com\/wp-content\/uploads\/2025\/04\/pcba23.jpg","width":750,"height":750},{"@type":"BreadcrumbList","@id":"https:\/\/www.topfastpcb.com\/products\/consumer-electronics-pcba\/#breadcrumb","itemListElement":[{"@type":"ListItem","position":1,"name":"\u9996\u9875","item":"https:\/\/www.topfastpcb.com\/"},{"@type":"ListItem","position":2,"name":"\u5546\u5e97","item":"https:\/\/www.topfastpcb.com\/shop\/"},{"@type":"ListItem","position":3,"name":"Consumer Electronics PCBA"}]},{"@type":"WebSite","@id":"https:\/\/www.topfastpcb.com\/#website","url":"https:\/\/www.topfastpcb.com\/","name":"Topfastpcb","description":"Topfast Prime Choice for Global Electronics Manufacturing","publisher":{"@id":"https:\/\/www.topfastpcb.com\/#organization"},"potentialAction":[{"@type":"SearchAction","target":{"@type":"EntryPoint","urlTemplate":"https:\/\/www.topfastpcb.com\/?s={search_term_string}"},"query-input":{"@type":"PropertyValueSpecification","valueRequired":true,"valueName":"search_term_string"}}],"inLanguage":"fi"},{"@type":"Organization","@id":"https:\/\/www.topfastpcb.com\/#organization","name":"Topfastpcb","url":"https:\/\/www.topfastpcb.com\/","logo":{"@type":"ImageObject","inLanguage":"fi","@id":"https:\/\/www.topfastpcb.com\/#\/schema\/logo\/image\/","url":"https:\/\/www.topfastpcb.com\/wp-content\/uploads\/2026\/02\/cropped-topfast-logo.png","contentUrl":"https:\/\/www.topfastpcb.com\/wp-content\/uploads\/2026\/02\/cropped-topfast-logo.png","width":144,"height":56,"caption":"Topfastpcb"},"image":{"@id":"https:\/\/www.topfastpcb.com\/#\/schema\/logo\/image\/"}}]}},"_links":{"self":[{"href":"https:\/\/www.topfastpcb.com\/fi\/wp-json\/wp\/v2\/product\/2257","targetHints":{"allow":["GET"]}}],"collection":[{"href":"https:\/\/www.topfastpcb.com\/fi\/wp-json\/wp\/v2\/product"}],"about":[{"href":"https:\/\/www.topfastpcb.com\/fi\/wp-json\/wp\/v2\/types\/product"}],"replies":[{"embeddable":true,"href":"https:\/\/www.topfastpcb.com\/fi\/wp-json\/wp\/v2\/comments?post=2257"}],"wp:featuredmedia":[{"embeddable":true,"href":"https:\/\/www.topfastpcb.com\/fi\/wp-json\/wp\/v2\/media\/2263"}],"wp:attachment":[{"href":"https:\/\/www.topfastpcb.com\/fi\/wp-json\/wp\/v2\/media?parent=2257"}],"wp:term":[{"taxonomy":"product_brand","embeddable":true,"href":"https:\/\/www.topfastpcb.com\/fi\/wp-json\/wp\/v2\/product_brand?post=2257"},{"taxonomy":"product_cat","embeddable":true,"href":"https:\/\/www.topfastpcb.com\/fi\/wp-json\/wp\/v2\/product_cat?post=2257"},{"taxonomy":"product_tag","embeddable":true,"href":"https:\/\/www.topfastpcb.com\/fi\/wp-json\/wp\/v2\/product_tag?post=2257"}],"curies":[{"name":"wp","href":"https:\/\/api.w.org\/{rel}","templated":true}]}}