{"id":2264,"date":"2025-04-26T18:25:34","date_gmt":"2025-04-26T09:55:34","guid":{"rendered":"http:\/\/topfastpcbb.ru\/?post_type=product&#038;p=2264"},"modified":"2025-05-06T16:29:15","modified_gmt":"2025-05-06T07:59:15","slug":"pcba-for-medical-industry","status":"publish","type":"product","link":"https:\/\/www.topfastpcb.com\/fi\/products\/pcba-for-medical-industry\/","title":{"rendered":"PCBA l\u00e4\u00e4keteollisuudelle"},"content":{"rendered":"<h2>PCBA l\u00e4\u00e4keteollisuudelle<\/h2>\n<p>PCBA (<a href=\"https:\/\/www.topfastpcb.com\/fi\/products\/category\/pcba\/\">Painetun piirilevyn kokoonpano<\/a>) on prosessi, jossa elektroniset komponentit asennetaan painetulle piirilevylle (PCB) ja juotetaan paikoilleen toimivan elektronisen laitteen luomiseksi. L\u00e4\u00e4ketieteellisess\u00e4 teollisuudessa PCBA:ta k\u00e4ytet\u00e4\u00e4n monenlaisten l\u00e4\u00e4kinn\u00e4llisten laitteiden, kuten diagnostiikkalaitteiden, valvontalaitteiden ja kirurgisten instrumenttien valmistukseen.<br \/>\nPCBA:ta k\u00e4ytt\u00e4vien l\u00e4\u00e4kinn\u00e4llisten laitteiden on yleens\u00e4 t\u00e4ytett\u00e4v\u00e4 tiukat s\u00e4\u00e4ntelystandardit niiden turvallisuuden ja tehokkuuden varmistamiseksi.T\u00e4m\u00e4n vuoksi l\u00e4\u00e4kinn\u00e4llisten laitteiden PCBA-prosessia on valvottava huolellisesti, jotta varmistetaan, ett\u00e4 lopputuote t\u00e4ytt\u00e4\u00e4 n\u00e4m\u00e4 standardit. T\u00e4m\u00e4 voi edellytt\u00e4\u00e4 erikoismateriaalien, kuten bioyhteensopivien muovien ja metallien, k\u00e4ytt\u00f6\u00e4 ja tiukkojen laadunvalvontatoimenpiteiden toteuttamista.<br \/>\nPCBA:n k\u00e4ytt\u00f6 l\u00e4\u00e4keteollisuudessa mahdollistaa eritt\u00e4in tarkkojen ja luotettavien laitteiden luomisen, jotka ovat v\u00e4ltt\u00e4m\u00e4tt\u00f6mi\u00e4 potilaiden diagnosoinnissa, hoidossa ja seurannassa.Se mahdollistaa my\u00f6s sellaisten uusien ja innovatiivisten l\u00e4\u00e4ketieteellisten teknologioiden kehitt\u00e4misen, jotka voivat parantaa potilaiden hoitotuloksia ja hoidon laatua.Jos olet kiinnostunut PCB-kokoonpanostamme, ota rohkeasti yhteytt\u00e4 meihin.<\/p>\n<h2>Edut<\/h2>\n<p>Seuraavassa on useita etuja PCBA:n k\u00e4yt\u00f6st\u00e4 l\u00e4\u00e4keteollisuudessa:<br \/>\n1. Tarkkuus: PCBA mahdollistaa eritt\u00e4in tarkkojen ja t\u00e4sm\u00e4llisten l\u00e4\u00e4kinn\u00e4llisten laitteiden luomisen, mik\u00e4 on v\u00e4ltt\u00e4m\u00e4t\u00f6nt\u00e4 monissa diagnostiikka- ja valvontasovelluksissa.<br \/>\n2.Luotettavuus:PCBA-prosessi on suunniteltu luomaan kest\u00e4vi\u00e4 ja luotettavia l\u00e4\u00e4kinn\u00e4llisi\u00e4 laitteita, jotka kest\u00e4v\u00e4t terveydenhuoltoymp\u00e4rist\u00f6n vaatimukset.<br \/>\n3.Mukauttaminen:PCBA voidaan r\u00e4\u00e4t\u00e4l\u00f6id\u00e4 vastaamaan eri l\u00e4\u00e4ketieteellisten sovellusten erityistarpeita ja -vaatimuksia. N\u00e4in valmistajat voivat luoda laitteita, jotka on r\u00e4\u00e4t\u00e4l\u00f6ity terveydenhuoltoalan ainutlaatuisiin tarpeisiin.<br \/>\n4.Kustannustehokkuus:PCBA:n k\u00e4ytt\u00f6 voi auttaa alentamaan l\u00e4\u00e4kinn\u00e4llisten laitteiden valmistuksen kokonaiskustannuksia, koska se mahdollistaa automatisoitujen prosessien ja vakiokomponenttien k\u00e4yt\u00f6n.<br \/>\n5.Tuotannon nopeus:PCBA-prosessi voidaan saattaa p\u00e4\u00e4t\u00f6kseen suhteellisen nopeasti, jolloin valmistajat voivat vastata ajoissa l\u00e4\u00e4kinn\u00e4llisten laitteiden suureen kysynt\u00e4\u00e4n.<br \/>\nParempi potilaan hoito:PCBA auttaa parantamaan potilaiden hoitoa ja hoitotuloksia luomalla luotettavia ja tarkkoja l\u00e4\u00e4kinn\u00e4llisi\u00e4 laitteita.T\u00e4m\u00e4 voi johtaa parempaan potilastyytyv\u00e4isyyteen ja yleiseen terveydenhuollon laatuun.<\/p>\n<p><img loading=\"lazy\" decoding=\"async\" src=\"https:\/\/www.topfastpcb.com\/wp-content\/uploads\/2025\/04\/pcba27.jpg\" alt=\"L\u00e4\u00e4ketieteellinen PCBA\" width=\"750\" height=\"750\" class=\"aligncenter wp-image-2265 size-full\" srcset=\"https:\/\/www.topfastpcb.com\/wp-content\/uploads\/2025\/04\/pcba27.jpg 750w, https:\/\/www.topfastpcb.com\/wp-content\/uploads\/2025\/04\/pcba27-300x300.jpg 300w, https:\/\/www.topfastpcb.com\/wp-content\/uploads\/2025\/04\/pcba27-150x150.jpg 150w, https:\/\/www.topfastpcb.com\/wp-content\/uploads\/2025\/04\/pcba27-600x600.jpg 600w, https:\/\/www.topfastpcb.com\/wp-content\/uploads\/2025\/04\/pcba27-100x100.jpg 100w\" sizes=\"auto, (max-width: 750px) 100vw, 750px\" \/><\/p>\n<h2>Laatuj\u00e4rjestelmien keskeiset osat<\/h2>\n<ol start=\"1\">\n<li>\n<p class=\"ds-markdown-paragraph\"><strong>Kolminkertainen sertifiointij\u00e4rjestelm\u00e4<\/strong><\/p>\n<ul>\n<li>\n<p class=\"ds-markdown-paragraph\">ISO 13485 laadunhallinta<\/p>\n<\/li>\n<li>\n<p class=\"ds-markdown-paragraph\">FDA 21 CFR osa 820<\/p>\n<\/li>\n<li>\n<p class=\"ds-markdown-paragraph\">IEC 60601-1 Turvallisuusstandardit<\/p>\n<\/li>\n<\/ul>\n<\/li>\n<li>\n<p class=\"ds-markdown-paragraph\"><strong>Prosessinvalvonnan kohokohdat<\/strong><\/p>\n<ul>\n<li style=\"list-style-type: none;\">\n<ul>\n<li>\n<p class=\"ds-markdown-paragraph\">Puhdastilaluokka: 1000<\/p>\n<\/li>\n<li>\n<p class=\"ds-markdown-paragraph\">Juotosliitosten tarkastus:3D AOI + r\u00f6ntgen<\/p>\n<\/li>\n<li>\n<p class=\"ds-markdown-paragraph\">J\u00e4ljitett\u00e4vyys:Viivakoodiseurantaj\u00e4rjestelm\u00e4<\/p>\n<\/li>\n<\/ul>\n<\/li>\n<\/ul>\n<\/li>\n<\/ol>\n<h2>T\u00e4rkeimm\u00e4t tekniset haasteet ja ratkaisut<\/h2>\n<div class=\"markdown-table-wrapper\">\n<table>\n<thead>\n<tr>\n<th>Haasteen tyyppi<\/th>\n<th>Tekninen ratkaisu<\/th>\n<th>Suorituskykymittarit<\/th>\n<\/tr>\n<\/thead>\n<tbody>\n<tr>\n<td>Sterilointikest\u00e4vyys<\/td>\n<td>Erityiset kapselointimateriaalit<\/td>\n<td>Kest\u00e4\u00e4 200 autoklaavisykli\u00e4<\/td>\n<\/tr>\n<tr>\n<td>EMI-ohjaus<\/td>\n<td>Monikerroksiset suojarakenteet<\/td>\n<td>60dB s\u00e4teilyn v\u00e4hennys<\/td>\n<\/tr>\n<tr>\n<td>Pitk\u00e4n aikav\u00e4lin luotettavuus<\/td>\n<td>Kullan liimausprosessi<\/td>\n<td>MTBF &gt;100,000 tuntia<\/td>\n<\/tr>\n<tr>\n<td>Biologinen yhteensopivuus<\/td>\n<td>Paryleenipinnoite<\/td>\n<td>ISO 10993-5 -standardin mukainen<\/td>\n<\/tr>\n<\/tbody>\n<\/table>\n<\/div>\n<h2>Tyypillisten sovellusten suorituskykyvaatimukset<\/h2>\n<ol start=\"1\">\n<li>\n<p class=\"ds-markdown-paragraph\"><strong>Istutettavat laitteet<\/strong><\/p>\n<ul>\n<li>\n<p class=\"ds-markdown-paragraph\">K\u00e4ytt\u00f6ik\u00e4 \u226510 vuotta<\/p>\n<\/li>\n<li>\n<p class=\"ds-markdown-paragraph\">Vuotovirta &lt; 10\u03bcA<\/p>\n<\/li>\n<\/ul>\n<\/li>\n<li>\n<p class=\"ds-markdown-paragraph\"><strong>Kuvantamislaitteet<\/strong><\/p>\n<ul>\n<li>\n<p class=\"ds-markdown-paragraph\">Tiedonsiirtonopeus \u2265 40 Gbps<\/p>\n<\/li>\n<li>\n<p class=\"ds-markdown-paragraph\">H\u00e4iri\u00f6nestokyky 100V\/m<\/p>\n<\/li>\n<\/ul>\n<\/li>\n<li>\n<p class=\"ds-markdown-paragraph\"><strong>H\u00e4t\u00e4laitteet<\/strong><\/p>\n<ul>\n<li>\n<p class=\"ds-markdown-paragraph\">K\u00e4ynnistysaika &lt;0,5 sekuntia<\/p>\n<\/li>\n<li>\n<p class=\"ds-markdown-paragraph\">T\u00e4rin\u00e4nkest\u00e4vyys 5 Grms<\/p>\n<\/li>\n<\/ul>\n<\/li>\n<\/ol>\n<h3>7 T\u00e4rkeimm\u00e4t toimittajan valintaperusteet<\/h3>\n<ol start=\"1\">\n<li>\n<p class=\"ds-markdown-paragraph\">Luokan III l\u00e4\u00e4kinn\u00e4llisten laitteiden tuotannon sertifiointi<\/p>\n<\/li>\n<li>\n<p class=\"ds-markdown-paragraph\">L\u00e4\u00e4ketieteellisten komponenttien toimitusketju<\/p>\n<\/li>\n<li>\n<p class=\"ds-markdown-paragraph\">Puhdastilan pinta-ala \u22651000\u33a1<\/p>\n<\/li>\n<li>\n<p class=\"ds-markdown-paragraph\">Vika-analyysin laboratoriokokoonpano<\/p>\n<\/li>\n<li>\n<p class=\"ds-markdown-paragraph\">Tuotemuutosten valvontaj\u00e4rjestelm\u00e4<\/p>\n<\/li>\n<li>\n<p class=\"ds-markdown-paragraph\">Pitk\u00e4n aikav\u00e4lin ik\u00e4\u00e4ntymistestausvalmius<\/p>\n<\/li>\n<li>\n<p class=\"ds-markdown-paragraph\">Kokemus kliinisest\u00e4 yhteisty\u00f6st\u00e4<\/p>\n<\/li>\n<\/ol>\n<ul>\n<li>\n<p class=\"ds-markdown-paragraph\"><strong>Prosessikyvyt<\/strong><br \/>\n\u2713 01005 komponenttien sijoittaminen<br \/>\n\u2713 50\u03bcm hienojakoinen BGA BGA<br \/>\n\u2713 J\u00e4yk\u00e4n ja joustavan levyn prosessit<\/p>\n<\/li>\n<li>\n<p class=\"ds-markdown-paragraph\"><strong>Tarkastusj\u00e4rjestelm\u00e4t<\/strong><br \/>\n\u2713 100 % lent\u00e4v\u00e4n koettimen testin kattavuus<br \/>\n\u2713 3D-r\u00f6ntgentarkastus<br \/>\n\u2713 Ionisen saastumisen testaus<\/p>\n<\/li>\n<li>\n<p class=\"ds-markdown-paragraph\"><strong>Erityisprosessit<\/strong><br \/>\n\u2713 Bioyhteensopivat pinnoitteet<br \/>\n\u2713 Steriilit pakkaukset<br \/>\n\u2713 Conformal coating<\/p>\n<\/li>\n<\/ul>\n<h2>T\u00e4yt\u00e4nt\u00f6\u00f6npanosuositukset<\/h2>\n<ol start=\"1\">\n<li>\n<p class=\"ds-markdown-paragraph\">FMEA-analyysin tekeminen suunnitteluvaiheessa<\/p>\n<\/li>\n<li>\n<p class=\"ds-markdown-paragraph\">Luotettavuuden kasvumallien laatiminen<\/p>\n<\/li>\n<li>\n<p class=\"ds-markdown-paragraph\">V&amp;V-tarkastusj\u00e4rjestelmien k\u00e4ytt\u00f6\u00f6notto<\/p>\n<\/li>\n<li>\n<p class=\"ds-markdown-paragraph\">Parannetaan muutoksenhallintaprosesseja<\/p>\n<\/li>\n<\/ol>\n<p class=\"ds-markdown-paragraph\"><strong>Tulevaisuuden n\u00e4kym\u00e4t<\/strong>: Aivo-tietokoneliit\u00e4nt\u00f6jen ja nanorobotiikan kehittymisen my\u00f6t\u00e4 l\u00e4\u00e4ketieteelliset piirilevyt kehittyv\u00e4t kohti innovatiivisia suuntia, kuten hermoelektrodirakenteita ja biohajoavia piirej\u00e4, jotka vaativat suurempaa kokoonpanotarkkuutta. Valmistajia kehotetaan investoimaan molekyylitason pakkauksiin ja itsest\u00e4\u00e4n paraneviin piiritekniikoihin.<\/p>\n<p>&nbsp;<\/p>\n<p>&nbsp;<\/p>\n<p>&nbsp;<\/p>","protected":false},"excerpt":{"rendered":"<p>PCBA:ta k\u00e4ytt\u00e4vien l\u00e4\u00e4kinn\u00e4llisten laitteiden on yleens\u00e4 t\u00e4ytett\u00e4v\u00e4 tiukat s\u00e4\u00e4ntelystandardit niiden turvallisuuden ja tehokkuuden varmistamiseksi.<\/p>","protected":false},"featured_media":2269,"comment_status":"open","ping_status":"closed","template":"","meta":[],"product_brand":[],"product_cat":[116],"product_tag":[210,207,209],"class_list":{"0":"post-2264","1":"product","2":"type-product","3":"status-publish","4":"has-post-thumbnail","6":"product_cat-pcba","7":"product_tag-medical-pcba","8":"product_tag-pcba","9":"product_tag-pcba-for-medical","11":"first","12":"instock","13":"shipping-taxable","14":"product-type-simple"},"yoast_head":"<!-- This site is optimized with the Yoast SEO plugin v25.1 - https:\/\/yoast.com\/wordpress\/plugins\/seo\/ -->\n<title>PCBA For Medical Industry - Topfastpcb<\/title>\n<meta name=\"description\" content=\"Medical devices that use PCBA are typically required to meet strict regulatory standards to ensure their safety and effectiveness.\" \/>\n<meta name=\"robots\" content=\"index, follow, max-snippet:-1, max-image-preview:large, max-video-preview:-1\" \/>\n<link rel=\"canonical\" href=\"https:\/\/www.topfastpcb.com\/fi\/products\/pcba-for-medical-industry\/\" \/>\n<meta property=\"og:locale\" content=\"fi_FI\" \/>\n<meta property=\"og:type\" content=\"article\" \/>\n<meta property=\"og:title\" content=\"PCBA For Medical Industry - Topfastpcb\" \/>\n<meta property=\"og:description\" content=\"Medical devices that use PCBA are typically required to meet strict regulatory standards to ensure their safety and effectiveness.\" \/>\n<meta property=\"og:url\" content=\"https:\/\/www.topfastpcb.com\/fi\/products\/pcba-for-medical-industry\/\" \/>\n<meta property=\"og:site_name\" content=\"Topfastpcb\" \/>\n<meta property=\"article:modified_time\" content=\"2025-05-06T07:59:15+00:00\" \/>\n<meta property=\"og:image\" content=\"https:\/\/www.topfastpcb.com\/wp-content\/uploads\/2025\/04\/pcba13.jpg\" \/>\n\t<meta property=\"og:image:width\" content=\"750\" \/>\n\t<meta property=\"og:image:height\" content=\"750\" \/>\n\t<meta property=\"og:image:type\" content=\"image\/jpeg\" \/>\n<meta name=\"twitter:card\" content=\"summary_large_image\" \/>\n<meta name=\"twitter:label1\" content=\"Arvioitu lukuaika\" \/>\n\t<meta name=\"twitter:data1\" content=\"4 minuuttia\" \/>\n<script type=\"application\/ld+json\" class=\"yoast-schema-graph\">{\"@context\":\"https:\/\/schema.org\",\"@graph\":[{\"@type\":\"WebPage\",\"@id\":\"https:\/\/www.topfastpcb.com\/products\/pcba-for-medical-industry\/\",\"url\":\"https:\/\/www.topfastpcb.com\/products\/pcba-for-medical-industry\/\",\"name\":\"PCBA For Medical Industry - Topfastpcb\",\"isPartOf\":{\"@id\":\"https:\/\/www.topfastpcb.com\/#website\"},\"primaryImageOfPage\":{\"@id\":\"https:\/\/www.topfastpcb.com\/products\/pcba-for-medical-industry\/#primaryimage\"},\"image\":{\"@id\":\"https:\/\/www.topfastpcb.com\/products\/pcba-for-medical-industry\/#primaryimage\"},\"thumbnailUrl\":\"https:\/\/www.topfastpcb.com\/wp-content\/uploads\/2025\/04\/pcba13.jpg\",\"datePublished\":\"2025-04-26T09:55:34+00:00\",\"dateModified\":\"2025-05-06T07:59:15+00:00\",\"description\":\"Medical devices that use PCBA are typically required to meet strict regulatory standards to ensure their safety and effectiveness.\",\"breadcrumb\":{\"@id\":\"https:\/\/www.topfastpcb.com\/products\/pcba-for-medical-industry\/#breadcrumb\"},\"inLanguage\":\"fi\",\"potentialAction\":[{\"@type\":\"ReadAction\",\"target\":[\"https:\/\/www.topfastpcb.com\/products\/pcba-for-medical-industry\/\"]}]},{\"@type\":\"ImageObject\",\"inLanguage\":\"fi\",\"@id\":\"https:\/\/www.topfastpcb.com\/products\/pcba-for-medical-industry\/#primaryimage\",\"url\":\"https:\/\/www.topfastpcb.com\/wp-content\/uploads\/2025\/04\/pcba13.jpg\",\"contentUrl\":\"https:\/\/www.topfastpcb.com\/wp-content\/uploads\/2025\/04\/pcba13.jpg\",\"width\":750,\"height\":750},{\"@type\":\"BreadcrumbList\",\"@id\":\"https:\/\/www.topfastpcb.com\/products\/pcba-for-medical-industry\/#breadcrumb\",\"itemListElement\":[{\"@type\":\"ListItem\",\"position\":1,\"name\":\"\u9996\u9875\",\"item\":\"https:\/\/www.topfastpcb.com\/\"},{\"@type\":\"ListItem\",\"position\":2,\"name\":\"\u5546\u5e97\",\"item\":\"https:\/\/www.topfastpcb.com\/shop\/\"},{\"@type\":\"ListItem\",\"position\":3,\"name\":\"PCBA For Medical Industry\"}]},{\"@type\":\"WebSite\",\"@id\":\"https:\/\/www.topfastpcb.com\/#website\",\"url\":\"https:\/\/www.topfastpcb.com\/\",\"name\":\"Topfastpcb\",\"description\":\"Topfast Prime Choice for Global Electronics Manufacturing\",\"publisher\":{\"@id\":\"https:\/\/www.topfastpcb.com\/#organization\"},\"potentialAction\":[{\"@type\":\"SearchAction\",\"target\":{\"@type\":\"EntryPoint\",\"urlTemplate\":\"https:\/\/www.topfastpcb.com\/?s={search_term_string}\"},\"query-input\":{\"@type\":\"PropertyValueSpecification\",\"valueRequired\":true,\"valueName\":\"search_term_string\"}}],\"inLanguage\":\"fi\"},{\"@type\":\"Organization\",\"@id\":\"https:\/\/www.topfastpcb.com\/#organization\",\"name\":\"Topfastpcb\",\"url\":\"https:\/\/www.topfastpcb.com\/\",\"logo\":{\"@type\":\"ImageObject\",\"inLanguage\":\"fi\",\"@id\":\"https:\/\/www.topfastpcb.com\/#\/schema\/logo\/image\/\",\"url\":\"https:\/\/www.topfastpcb.com\/wp-content\/uploads\/2026\/02\/cropped-topfast-logo.png\",\"contentUrl\":\"https:\/\/www.topfastpcb.com\/wp-content\/uploads\/2026\/02\/cropped-topfast-logo.png\",\"width\":144,\"height\":56,\"caption\":\"Topfastpcb\"},\"image\":{\"@id\":\"https:\/\/www.topfastpcb.com\/#\/schema\/logo\/image\/\"}}]}<\/script>\n<!-- \/ Yoast SEO plugin. -->","yoast_head_json":{"title":"PCBA For Medical Industry - Topfastpcb","description":"Medical devices that use PCBA are typically required to meet strict regulatory standards to ensure their safety and effectiveness.","robots":{"index":"index","follow":"follow","max-snippet":"max-snippet:-1","max-image-preview":"max-image-preview:large","max-video-preview":"max-video-preview:-1"},"canonical":"https:\/\/www.topfastpcb.com\/fi\/products\/pcba-for-medical-industry\/","og_locale":"fi_FI","og_type":"article","og_title":"PCBA For Medical Industry - Topfastpcb","og_description":"Medical devices that use PCBA are typically required to meet strict regulatory standards to ensure their safety and effectiveness.","og_url":"https:\/\/www.topfastpcb.com\/fi\/products\/pcba-for-medical-industry\/","og_site_name":"Topfastpcb","article_modified_time":"2025-05-06T07:59:15+00:00","og_image":[{"width":750,"height":750,"url":"https:\/\/www.topfastpcb.com\/wp-content\/uploads\/2025\/04\/pcba13.jpg","type":"image\/jpeg"}],"twitter_card":"summary_large_image","twitter_misc":{"Arvioitu lukuaika":"4 minuuttia"},"schema":{"@context":"https:\/\/schema.org","@graph":[{"@type":"WebPage","@id":"https:\/\/www.topfastpcb.com\/products\/pcba-for-medical-industry\/","url":"https:\/\/www.topfastpcb.com\/products\/pcba-for-medical-industry\/","name":"PCBA For Medical Industry - Topfastpcb","isPartOf":{"@id":"https:\/\/www.topfastpcb.com\/#website"},"primaryImageOfPage":{"@id":"https:\/\/www.topfastpcb.com\/products\/pcba-for-medical-industry\/#primaryimage"},"image":{"@id":"https:\/\/www.topfastpcb.com\/products\/pcba-for-medical-industry\/#primaryimage"},"thumbnailUrl":"https:\/\/www.topfastpcb.com\/wp-content\/uploads\/2025\/04\/pcba13.jpg","datePublished":"2025-04-26T09:55:34+00:00","dateModified":"2025-05-06T07:59:15+00:00","description":"Medical devices that use PCBA are typically required to meet strict regulatory standards to ensure their safety and effectiveness.","breadcrumb":{"@id":"https:\/\/www.topfastpcb.com\/products\/pcba-for-medical-industry\/#breadcrumb"},"inLanguage":"fi","potentialAction":[{"@type":"ReadAction","target":["https:\/\/www.topfastpcb.com\/products\/pcba-for-medical-industry\/"]}]},{"@type":"ImageObject","inLanguage":"fi","@id":"https:\/\/www.topfastpcb.com\/products\/pcba-for-medical-industry\/#primaryimage","url":"https:\/\/www.topfastpcb.com\/wp-content\/uploads\/2025\/04\/pcba13.jpg","contentUrl":"https:\/\/www.topfastpcb.com\/wp-content\/uploads\/2025\/04\/pcba13.jpg","width":750,"height":750},{"@type":"BreadcrumbList","@id":"https:\/\/www.topfastpcb.com\/products\/pcba-for-medical-industry\/#breadcrumb","itemListElement":[{"@type":"ListItem","position":1,"name":"\u9996\u9875","item":"https:\/\/www.topfastpcb.com\/"},{"@type":"ListItem","position":2,"name":"\u5546\u5e97","item":"https:\/\/www.topfastpcb.com\/shop\/"},{"@type":"ListItem","position":3,"name":"PCBA For Medical Industry"}]},{"@type":"WebSite","@id":"https:\/\/www.topfastpcb.com\/#website","url":"https:\/\/www.topfastpcb.com\/","name":"Topfastpcb","description":"Topfast Prime Choice for Global Electronics Manufacturing","publisher":{"@id":"https:\/\/www.topfastpcb.com\/#organization"},"potentialAction":[{"@type":"SearchAction","target":{"@type":"EntryPoint","urlTemplate":"https:\/\/www.topfastpcb.com\/?s={search_term_string}"},"query-input":{"@type":"PropertyValueSpecification","valueRequired":true,"valueName":"search_term_string"}}],"inLanguage":"fi"},{"@type":"Organization","@id":"https:\/\/www.topfastpcb.com\/#organization","name":"Topfastpcb","url":"https:\/\/www.topfastpcb.com\/","logo":{"@type":"ImageObject","inLanguage":"fi","@id":"https:\/\/www.topfastpcb.com\/#\/schema\/logo\/image\/","url":"https:\/\/www.topfastpcb.com\/wp-content\/uploads\/2026\/02\/cropped-topfast-logo.png","contentUrl":"https:\/\/www.topfastpcb.com\/wp-content\/uploads\/2026\/02\/cropped-topfast-logo.png","width":144,"height":56,"caption":"Topfastpcb"},"image":{"@id":"https:\/\/www.topfastpcb.com\/#\/schema\/logo\/image\/"}}]}},"_links":{"self":[{"href":"https:\/\/www.topfastpcb.com\/fi\/wp-json\/wp\/v2\/product\/2264","targetHints":{"allow":["GET"]}}],"collection":[{"href":"https:\/\/www.topfastpcb.com\/fi\/wp-json\/wp\/v2\/product"}],"about":[{"href":"https:\/\/www.topfastpcb.com\/fi\/wp-json\/wp\/v2\/types\/product"}],"replies":[{"embeddable":true,"href":"https:\/\/www.topfastpcb.com\/fi\/wp-json\/wp\/v2\/comments?post=2264"}],"wp:featuredmedia":[{"embeddable":true,"href":"https:\/\/www.topfastpcb.com\/fi\/wp-json\/wp\/v2\/media\/2269"}],"wp:attachment":[{"href":"https:\/\/www.topfastpcb.com\/fi\/wp-json\/wp\/v2\/media?parent=2264"}],"wp:term":[{"taxonomy":"product_brand","embeddable":true,"href":"https:\/\/www.topfastpcb.com\/fi\/wp-json\/wp\/v2\/product_brand?post=2264"},{"taxonomy":"product_cat","embeddable":true,"href":"https:\/\/www.topfastpcb.com\/fi\/wp-json\/wp\/v2\/product_cat?post=2264"},{"taxonomy":"product_tag","embeddable":true,"href":"https:\/\/www.topfastpcb.com\/fi\/wp-json\/wp\/v2\/product_tag?post=2264"}],"curies":[{"name":"wp","href":"https:\/\/api.w.org\/{rel}","templated":true}]}}