{"id":2469,"date":"2025-05-12T16:35:40","date_gmt":"2025-05-12T08:35:40","guid":{"rendered":"https:\/\/www.topfastpcb.com\/?post_type=product&#038;p=2469"},"modified":"2025-05-12T18:07:54","modified_gmt":"2025-05-12T10:07:54","slug":"aerospace-pcb-assembly","status":"publish","type":"product","link":"https:\/\/www.topfastpcb.com\/fi\/products\/aerospace-pcb-assembly\/","title":{"rendered":"Ilmailu- ja avaruusalan PCB-kokoonpano"},"content":{"rendered":"<div id=\"ez-toc-container\" class=\"ez-toc-v2_0_74 counter-hierarchy ez-toc-counter ez-toc-custom ez-toc-container-direction\">\n<div class=\"ez-toc-title-container\">\n<p class=\"ez-toc-title\" style=\"cursor:inherit\">Sis\u00e4llysluettelo<\/p>\n<span class=\"ez-toc-title-toggle\"><\/span><\/div>\n<nav><ul class='ez-toc-list ez-toc-list-level-1' ><li class='ez-toc-page-1 ez-toc-heading-level-2'><a class=\"ez-toc-link ez-toc-heading-1\" href=\"https:\/\/www.topfastpcb.com\/fi\/products\/aerospace-pcb-assembly\/#PCBA_Basic_Guidelines\" >PCBA:n perusohjeet<\/a><ul class='ez-toc-list-level-3' ><li class='ez-toc-heading-level-3'><a class=\"ez-toc-link ez-toc-heading-2\" href=\"https:\/\/www.topfastpcb.com\/fi\/products\/aerospace-pcb-assembly\/#1PCB_substrate\" >1.PCB-alusta<\/a><\/li><li class='ez-toc-page-1 ez-toc-heading-level-3'><a class=\"ez-toc-link ez-toc-heading-3\" href=\"https:\/\/www.topfastpcb.com\/fi\/products\/aerospace-pcb-assembly\/#2Component_selection\" >2.Komponentin valinta<\/a><\/li><li class='ez-toc-page-1 ez-toc-heading-level-3'><a class=\"ez-toc-link ez-toc-heading-4\" href=\"https:\/\/www.topfastpcb.com\/fi\/products\/aerospace-pcb-assembly\/#3Special_Processes\" >3.Erityisprosessit<\/a><\/li><li class='ez-toc-page-1 ez-toc-heading-level-3'><a class=\"ez-toc-link ez-toc-heading-5\" href=\"https:\/\/www.topfastpcb.com\/fi\/products\/aerospace-pcb-assembly\/#4Supply_Chain_Management\" >4.Supply Chain Management<\/a><\/li><\/ul><\/li><li class='ez-toc-page-1 ez-toc-heading-level-2'><a class=\"ez-toc-link ez-toc-heading-6\" href=\"https:\/\/www.topfastpcb.com\/fi\/products\/aerospace-pcb-assembly\/#Aerospace_PCBA_soldering_process\" >Ilmailu- ja avaruusalan PCBA-juotosprosessi<\/a><ul class='ez-toc-list-level-3' ><li class='ez-toc-heading-level-3'><a class=\"ez-toc-link ez-toc-heading-7\" href=\"https:\/\/www.topfastpcb.com\/fi\/products\/aerospace-pcb-assembly\/#_1Soldering_Process\" >\u00a01.Soldering prosessi<\/a><\/li><li class='ez-toc-page-1 ez-toc-heading-level-3'><a class=\"ez-toc-link ez-toc-heading-8\" href=\"https:\/\/www.topfastpcb.com\/fi\/products\/aerospace-pcb-assembly\/#2Aviation-grade_circuit_board_processing\" >2.Aviation-luokan piirilevyjen k\u00e4sittely<\/a><\/li><li class='ez-toc-page-1 ez-toc-heading-level-3'><a class=\"ez-toc-link ez-toc-heading-9\" href=\"https:\/\/www.topfastpcb.com\/fi\/products\/aerospace-pcb-assembly\/#3Quality_Control\" >3.Laadunvalvonta<\/a><\/li><li class='ez-toc-page-1 ez-toc-heading-level-3'><a class=\"ez-toc-link ez-toc-heading-10\" href=\"https:\/\/www.topfastpcb.com\/fi\/products\/aerospace-pcb-assembly\/#4S_pecial_Process\" >4.Erityisprosessi<\/a><\/li><\/ul><\/li><li class='ez-toc-page-1 ez-toc-heading-level-2'><a class=\"ez-toc-link ez-toc-heading-11\" href=\"https:\/\/www.topfastpcb.com\/fi\/products\/aerospace-pcb-assembly\/#Rigorous_product_testing\" >Tiukka tuotetestaus<\/a><\/li><\/ul><\/nav><\/div>\n\n<p>Ilmailu- ja avaruusteollisuudessa piirilevyjen (PCBA) materiaalien ja komponenttien valinta ei ole sattuman kauppaa. Kuvittele, ett\u00e4 n\u00e4iden elektroniikkalaitteiden on k\u00e4yt\u00e4v\u00e4 l\u00e4pi raketin laukaisussa esiintyv\u00e4 voimakas t\u00e4rin\u00e4, \u00e4\u00e4rimm\u00e4iset l\u00e4mp\u00f6tilanvaihtelut avaruudessa ja voimakas s\u00e4teily-ymp\u00e4rist\u00f6; tavalliset materiaalit eiv\u00e4t yksinkertaisesti kest\u00e4 t\u00e4t\u00e4 \"kidutusta\".<\/p>\n<h2><img loading=\"lazy\" decoding=\"async\" src=\"https:\/\/www.topfastpcb.com\/wp-content\/uploads\/2025\/05\/pcba.jpg\" alt=\"Ilmailu- ja avaruusalan PCB-kokoonpano\" width=\"750\" height=\"750\" class=\"aligncenter size-full wp-image-2470\" srcset=\"https:\/\/www.topfastpcb.com\/wp-content\/uploads\/2025\/05\/pcba.jpg 750w, https:\/\/www.topfastpcb.com\/wp-content\/uploads\/2025\/05\/pcba-300x300.jpg 300w, https:\/\/www.topfastpcb.com\/wp-content\/uploads\/2025\/05\/pcba-150x150.jpg 150w, https:\/\/www.topfastpcb.com\/wp-content\/uploads\/2025\/05\/pcba-600x600.jpg 600w, https:\/\/www.topfastpcb.com\/wp-content\/uploads\/2025\/05\/pcba-100x100.jpg 100w\" sizes=\"auto, (max-width: 750px) 100vw, 750px\" \/><\/h2>\n<h2><span class=\"ez-toc-section\" id=\"PCBA_Basic_Guidelines\"><\/span>PCBA:n perusohjeet<span class=\"ez-toc-section-end\"><\/span><\/h2>\n<h3><span class=\"ez-toc-section\" id=\"1PCB_substrate\"><\/span>1.PCB-alusta<span class=\"ez-toc-section-end\"><\/span><\/h3>\n<p>Ilmailu- ja avaruuspiirilevyjen substraatin on t\u00e4ytett\u00e4v\u00e4 nelj\u00e4 timanttistandardia:<br \/>\nKorkean l\u00e4mp\u00f6tilan kest\u00e4vyys: kest\u00e4\u00e4 \u00e4\u00e4rimm\u00e4ist\u00e4 kylmyytt\u00e4 ja toistuvan kidutuksen kuumuutta.<br \/>\nKorroosionkest\u00e4vyys: kaikenlainen s\u00e4teily ja kemikaalit avaruudessa eiv\u00e4t voi vahingoittaa sit\u00e4 v\u00e4h\u00e4nk\u00e4\u00e4n.<br \/>\nHyv\u00e4 eristys: signaalinsiirron on oltava vakaata ja luotettavaa.<br \/>\nTukeva ja kest\u00e4v\u00e4: se ei voi rikkoutua edes voimakkaasta t\u00e4rin\u00e4st\u00e4 laukaisun aikana.<br \/>\nYleisesti k\u00e4ytettyj\u00e4 \"avaruusluokan\" materiaaleja ovat muun muassa:<br \/>\nPolyimidi (PI): se on kuin piirilevyjen \"luodinkest\u00e4v\u00e4 liivi\" ja kest\u00e4\u00e4 erityisen hyvin korkeita l\u00e4mp\u00f6tiloja.<br \/>\nSyanoakrylaatti (CE): tasapainoinen \"huippusuorittaja\".<br \/>\nKeraaminen substraatti: \"j\u00e4\u00e4hdytysasiantuntijan\" ensiluokkainen l\u00e4mm\u00f6nsiirtokyky.<\/p>\n<h3><span class=\"ez-toc-section\" id=\"2Component_selection\"><\/span>2.Komponentin valinta<span class=\"ez-toc-section-end\"><\/span><\/h3>\n<p><strong>1. siru (IC) miten valita?<\/strong><br \/>\nTunnusta sertifiointi: QML-V\/QML-Q-sertifiointi on \"ty\u00f6lupa\".<br \/>\nS\u00e4teilynestosuunnittelu: kosmisilla s\u00e4teill\u00e4 pit\u00e4isi olla \"kultainen kellonaamari\".<br \/>\n\u00c4l\u00e4 etsi uusinta vaan vakainta: 65 nm tai kypsempi prosessi on luotettavampi<br \/>\n<strong>2.Passiiviset komponentit<\/strong><br \/>\nKondensaattorit:Keraamisten kondensaattoreiden tulisi olla COG\/NPO-tyyppisi\u00e4.<br \/>\nVastukset: kalvovastukset ovat ensimm\u00e4inen valinta, metallikalvovastuksilla on paras suorituskyky.<br \/>\nInduktorit: ferriittisyd\u00e4n- tai ilmasyd\u00e4ninduktorit ovat luotettavimpia.<br \/>\n<strong>3. Liittimet<\/strong><br \/>\nVakio:MIL-DTL-38999\/32139 on perusvaatimus.<br \/>\nKullattu:Kontaktit on pinnoitettava v\u00e4hint\u00e4\u00e4n 50 mikrotuumalla kultaa.<br \/>\nKaksoisvakuutus: siin\u00e4 on oltava toissijainen lukitusmekanismi.<\/p>\n<h3><span class=\"ez-toc-section\" id=\"3Special_Processes\"><\/span>3.Erityisprosessit<span class=\"ez-toc-section-end\"><\/span><\/h3>\n<p><strong>Kapselointitekniikka<\/strong><br \/>\nKeraaminen pakkaus on ensimm\u00e4inen valinta, joka on kuin sirun \"avaruuspuku\".<br \/>\nMuovipakkausten on oltava armeijan sertifioimia<br \/>\nBGA-koteloita ei tulisi k\u00e4ytt\u00e4\u00e4, ellei niit\u00e4 ole erityisesti vahvistettu.<br \/>\nJuottaminen<br \/>\nPerinteiset korkean Pb-pitoisuuden juotokset (Sn63Pb37) ovat edelleen vallitsevia.<br \/>\nJos k\u00e4ytet\u00e4\u00e4n lyijyt\u00f6nt\u00e4 prosessia, tarvitaan lis\u00e4tarkastus.<br \/>\nR\u00f6ntgenkuvaus \"tarkastus\" juottamisen j\u00e4lkeen, jotta voidaan varmistaa, ettei \"sis\u00e4isi\u00e4 vammoja\" ole.<br \/>\n<strong>Suojak\u00e4sittelyt<\/strong><br \/>\nPinnoitteiden on oltava sotilasstandardin MIL-I-46058 mukaisia.<br \/>\nParyleenipinnoitteet ovat tehokkaimpia<br \/>\nP\u00e4\u00e4llysteen paksuus olisi s\u00e4\u00e4dett\u00e4v\u00e4 hiuksen paksuuden rajoissa.<\/p>\n<h3><span class=\"ez-toc-section\" id=\"4Supply_Chain_Management\"><\/span>4.Supply Chain Management<span class=\"ez-toc-section-end\"><\/span><\/h3>\n<p><strong>Ostokanava<\/strong><br \/>\nOta tavaroita vain alkuper\u00e4iselt\u00e4 tehtaalta tai valtuutetuilta j\u00e4lleenmyyjilt\u00e4.<br \/>\nVastustaa v\u00e4\u00e4rennettyj\u00e4 komponentteja<br \/>\nJokaisella komponentilla pit\u00e4isi olla \"henkil\u00f6kortti\", jotta koko prosessi voidaan j\u00e4ljitt\u00e4\u00e4.<br \/>\n<strong>Laadun tarkastus<\/strong><br \/>\n100-prosenttinen saapuvien materiaalien tarkastus, ket\u00e4\u00e4n ei voida j\u00e4tt\u00e4\u00e4 pois.<br \/>\nSatunnaisotantaan perustuva purkamistestaus, v\u00e4hint\u00e4\u00e4n 10 %.<br \/>\nKiihdytetty ik\u00e4\u00e4ntymistesti k\u00e4ytt\u00f6i\u00e4n ennustamiseksi<br \/>\nMuutosten hallinta<br \/>\nKaikki muutokset on tarkistettava uudelleen<br \/>\nKomponenttien vaihtaminen vastaa uudelleensertifiointia.<br \/>\nKaikki muutostiedot on s\u00e4ilytett\u00e4v\u00e4 t\u00e4ydellisesti<\/p>\n<h2><img loading=\"lazy\" decoding=\"async\" src=\"https:\/\/www.topfastpcb.com\/wp-content\/uploads\/2025\/05\/Aerospace-PCB-Assembly\u200b-4.jpg\" alt=\"Ilmailu- ja avaruusalan PCB-kokoonpano-4\" width=\"600\" height=\"402\" class=\"aligncenter size-full wp-image-2475\" srcset=\"https:\/\/www.topfastpcb.com\/wp-content\/uploads\/2025\/05\/Aerospace-PCB-Assembly\u200b-4.jpg 600w, https:\/\/www.topfastpcb.com\/wp-content\/uploads\/2025\/05\/Aerospace-PCB-Assembly\u200b-4-300x201.jpg 300w\" sizes=\"auto, (max-width: 600px) 100vw, 600px\" \/><\/h2>\n<h2><span class=\"ez-toc-section\" id=\"Aerospace_PCBA_soldering_process\"><\/span>Ilmailu- ja avaruusala <a href=\"https:\/\/www.topfastpcb.com\/fi\/products\/category\/pcba\/\">PCBA<\/a> juotosprosessi<span class=\"ez-toc-section-end\"><\/span><\/h2>\n<h3><span class=\"ez-toc-section\" id=\"_1Soldering_Process\"><\/span>\u00a01.Soldering prosessi<span class=\"ez-toc-section-end\"><\/span><\/h3>\n<p>Ilmailu- ja avaruusteollisuudessa ep\u00e4p\u00e4tev\u00e4 juotosliitos voi olla koko teht\u00e4v\u00e4n akilleen kantap\u00e4\u00e4. Koska laitteet joutuvat kokemaan toistuvaa \"kidutusta\" \u00e4\u00e4rimm\u00e4isest\u00e4 kylmyydest\u00e4 \u00e4\u00e4rimm\u00e4iseen kuumuuteen, hitsausprosessin on oltava idioottivarma.<br \/>\n<strong>1.Hitsausprosessi: kolme suurta timanttia<\/strong><br \/>\nAaltojuottaminen: soveltuu suuren volyymin l\u00e4pireik\u00e4isten komponenttien hitsaukseen, kuten vuoristorata, jossa piirilevy kulkee sulan juotteen l\u00e4pi.<br \/>\nReflow-juottaminen (valtavirtavalinta): tarkka \"paikallinen l\u00e4mmitys\"-tekniikka, joka soveltuu erityisesti sirukomponenteille.<br \/>\nValikoiva aaltojuottaminen: \"Precision spot solotting\" -tekniikka erityisi\u00e4 juotosliitoksia varten.<br \/>\n<strong>2.Reflow-prosessi<\/strong><br \/>\nL\u00e4mp\u00f6tilaprofiilit ovat avainasemassa: kuten kakun leipomisessa, liian korkea l\u00e4mp\u00f6tila polttaa, liian matala l\u00e4mp\u00f6tila ei kypsenn\u00e4 sit\u00e4.<br \/>\nParametrien r\u00e4\u00e4t\u00e4l\u00f6inti: erilaiset materiaalit ja komponentit vaativat erilaisia \"kypsennysratkaisuja\".<br \/>\nJuotospastan valinta: valita erityinen kaava aerospace-luokkaa varten, tavallinen juotospasta ei yksinkertaisesti voi kuljettaa avaruusymp\u00e4rist\u00f6\u00e4.<\/p>\n<h3><span class=\"ez-toc-section\" id=\"2Aviation-grade_circuit_board_processing\"><\/span>2.Aviation-luokan piirilevyjen k\u00e4sittely<span class=\"ez-toc-section-end\"><\/span><\/h3>\n<p><strong>1. Tarkkuusohjaus: mikrotason perimm\u00e4inen pyrkimys<\/strong><br \/>\nLaserpaikannus: tarkkuus \u00b1 5 mikronia (vastaa 1\/10 hiusta).<br \/>\nOptinen kohdistus: Kulmavirhe alle 0,001 astetta (tarkempi kuin kompassi)<br \/>\nPintak\u00e4sittely: kuparifolion sileys verrattavissa peiliin (Ra\u22640,3\u03bcm).<br \/>\n<strong>2. Luotettavuuden todentaminen: Avaruusymp\u00e4rist\u00f6\u00e4 kovemmat testit<\/strong><br \/>\nL\u00e4mp\u00f6tilan kidutustesti: -65 \u2103 - 150 \u2103 toistuvasti heitetty 1000 kertaa.<br \/>\nT\u00e4rin\u00e4testi: simuloidaan raketin laukaisun voimakasta t\u00e4rin\u00e4\u00e4.<br \/>\nTyhji\u00f6testi: 10\u2076 torr tyhji\u00f6 \u00e4\u00e4rimm\u00e4isess\u00e4 testiss\u00e4.<br \/>\nIk\u00e4\u00e4ntymistesti: 85 \u2103 \/ 85 % kosteus jatkuvassa \"saunassa\" 1000 tunnin ajan.<\/p>\n<h3><span class=\"ez-toc-section\" id=\"3Quality_Control\"><\/span>3.Laadunvalvonta<span class=\"ez-toc-section-end\"><\/span><\/h3>\n<p>Prosessin seuranta: jokaisen keskeisen parametrin reaaliaikainen seuranta kuin l\u00e4\u00e4k\u00e4rintarkastus.<br \/>\nJ\u00e4ljitett\u00e4vyysj\u00e4rjestelm\u00e4: jokaisella levyll\u00e4 on \"henkil\u00f6kortti\", ja koko prosessi voidaan j\u00e4ljitt\u00e4\u00e4.<br \/>\nSertifiointistandardit: t\u00e4ytt\u00e4v\u00e4t tiukimmat ilmailun laatustandardit (AS9100D jne.).<\/p>\n<h3><span class=\"ez-toc-section\" id=\"4S_pecial_Process\"><\/span>4.Erityisprosessi<span class=\"ez-toc-section-end\"><\/span><\/h3>\n<p>Mikrohuokoinen k\u00e4sittely: Hiusviivaa ohuemmat rei\u00e4t laserilla (\u00b110\u03bcm tarkkuus).<br \/>\nKorkeataajuussignaalien k\u00e4sittely: impedanssin s\u00e4\u00e4t\u00f6 \u00b13 %:n tarkkuudella (verrattavissa laboratoriolaitteisiin).<br \/>\nKolmivaiheinen tarkastus: itsetarkastus + tarkastus + lopputarkastus, jotta varmistetaan, ett\u00e4 mit\u00e4\u00e4n ei menetet\u00e4.<\/p>\n<p>## Aerospace PCBA:n pintak\u00e4sittelyt<br \/>\nAvaruusymp\u00e4rist\u00f6ss\u00e4 piirilevyihin kohdistuu paljon suurempia haasteita kuin maanp\u00e4\u00e4llisiss\u00e4 sovelluksissa. Luotettavan pitk\u00e4aikaisen toiminnan varmistamiseksi on k\u00e4ytett\u00e4v\u00e4 erityisi\u00e4 \"suojapukuja\":<br \/>\n<strong>1.Metallin suojakerros (korroosionestok\u00e4sittely)<\/strong><br \/>\nElectroless nickel\/impregnated gold (ENIG): se on kuin virtapiirien \"kultainen panssari\", joka suojaa ruosteelta ja takaa hyv\u00e4n johtavuuden.<br \/>\nS\u00e4hk\u00f6suojattu nikkeli\/kultapinnoitus (ENEPIG): kehittyneempi \"komposiittipanssari\", joka soveltuu erityisesti korkeisiin luotettavuusvaatimuksiin.<br \/>\nOminaisuudet: hapettumisenesto, korroosionkest\u00e4vyys, jotta liittimen kosketus pysyy uudenveroisena.<br \/>\n<strong>2.Organic suojakerros (monipuolinen suojaus)<\/strong><br \/>\nPolyimidipinnoite (PI): ilmailu- ja avaruusluokan \"suojavaatetus\", korkean l\u00e4mp\u00f6tilan kest\u00e4vyys v\u00e4hint\u00e4\u00e4n 300 \u2103:iin asti.<br \/>\nSilikonipussitus: herk\u00e4t piirit kuluvat \"t\u00e4rin\u00e4nestoilmatyyny\", puskuri mekaaniset iskut.<br \/>\nVaikutus: kosteudenkest\u00e4v\u00e4, iskunkest\u00e4v\u00e4, s\u00e4teilynkest\u00e4v\u00e4, kolminkertainen suojaus yhdess\u00e4 vaiheessa.<\/p>\n<h2><span class=\"ez-toc-section\" id=\"Rigorous_product_testing\"><\/span>Tiukka tuotetestaus<span class=\"ez-toc-section-end\"><\/span><\/h2>\n<p><strong>1. Ymp\u00e4rist\u00f6\u00f6n sopeutuvuustestaus<\/strong><br \/>\nL\u00e4mp\u00f6tilan kest\u00e4vyyskilpailu:<br \/>\nKorkean ja matalan l\u00e4mp\u00f6tilan sykli (-65 \u2103 ~ 150 \u2103 toistuva heitto)<br \/>\nL\u00e4mp\u00f6tilasokki (\u00e4\u00e4rimm\u00e4isten l\u00e4mp\u00f6tilojen hetkellinen vaihtuminen)<br \/>\nMekaaninen lujuuskoe:<br \/>\nT\u00e4rin\u00e4testi (simuloidaan raketin laukaisun voimakasta t\u00e4rin\u00e4\u00e4).<br \/>\nIskutesti (1500G kiihtyvyysisku)<br \/>\n<strong>2. S\u00e4hk\u00f6isen suorituskyvyn todentaminen<\/strong><br \/>\nLent\u00e4v\u00e4 neulatesti: kuin \"mestari akupunkturisti\", joka havaitsee tarkasti jokaisen solmun.<br \/>\nTestitelineen todentaminen: Kattava \"fyysinen tarkastus\", jolla varmistetaan, ett\u00e4 kaikki toiminnot ovat normaalit.<br \/>\nSignaalin eheys: korkeataajuussignaalin siirron laadun analysointi<br \/>\n<strong>3. Kiihtyv\u00e4 ik\u00e4\u00e4ntymistesti<\/strong><br \/>\nEl\u00e4m\u00e4n ennuste:Nopeutettu vanheneminen korkeassa l\u00e4mp\u00f6tilassa ja korkeassa kosteudessa.<br \/>\nJatkuva seuranta: tallenna suorituskykyparametrien suuntaus.<br \/>\nVika-analyysi: K\u00e4yt\u00e4 elektronimikroskooppia mahdollisten vikojen selvitt\u00e4miseen.<\/p>\n<p>Yhteenvetona voidaan todeta, ett\u00e4 ilmailu- ja avaruusteollisuuden PCBA:n erityiset prosessivaatimukset heijastuvat muun muassa materiaalin valintaan, hitsausprosessiin, pintak\u00e4sittelyyn, suojatoimenpiteisiin ja testien todentamiseen.Vain noudattamalla tiukasti n\u00e4it\u00e4 vaatimuksia ja toteuttamalla jatkuvasti teknisi\u00e4 innovaatioita ja prosessien parantamista voimme valmistaa PCBA-tuotteita, jotka t\u00e4ytt\u00e4v\u00e4t ilmailu- ja avaruusalan tarpeet.<\/p>","protected":false},"excerpt":{"rendered":"<p>Ilmailu- ja avaruusalan PCBA:n erityisvaatimuksiin kuuluvat materiaalivalinnat vaativiin ymp\u00e4rist\u00f6ihin, tarkkuusjuotosprosessit, pintasuojak\u00e4sittelyt ja luotettavuustestausstandardit.<\/p>","protected":false},"featured_media":2471,"comment_status":"open","ping_status":"closed","template":"","meta":[],"product_brand":[],"product_cat":[116],"product_tag":[230,231],"class_list":{"0":"post-2469","1":"product","2":"type-product","3":"status-publish","4":"has-post-thumbnail","6":"product_cat-pcba","7":"product_tag-aerospace-pcb-assembly","8":"product_tag-pcb-assembly","10":"first","11":"instock","12":"shipping-taxable","13":"product-type-simple"},"yoast_head":"<!-- This site is optimized with the Yoast SEO plugin v25.1 - https:\/\/yoast.com\/wordpress\/plugins\/seo\/ -->\n<title>Aerospace PCB Assembly\u200b - Topfastpcb<\/title>\n<meta name=\"description\" content=\"The special requirements of aerospace PCBAs include material selection for harsh environments, precision soldering processes, surface protection treatments and reliability testing standards.\" \/>\n<meta name=\"robots\" content=\"index, follow, max-snippet:-1, max-image-preview:large, max-video-preview:-1\" \/>\n<link rel=\"canonical\" href=\"https:\/\/www.topfastpcb.com\/fi\/products\/aerospace-pcb-assembly\/\" \/>\n<meta property=\"og:locale\" content=\"fi_FI\" \/>\n<meta property=\"og:type\" content=\"article\" \/>\n<meta property=\"og:title\" content=\"Aerospace PCB Assembly\u200b - Topfastpcb\" \/>\n<meta property=\"og:description\" content=\"The special requirements of aerospace PCBAs include material selection for harsh environments, precision soldering processes, surface protection treatments and reliability testing standards.\" \/>\n<meta property=\"og:url\" content=\"https:\/\/www.topfastpcb.com\/fi\/products\/aerospace-pcb-assembly\/\" \/>\n<meta property=\"og:site_name\" content=\"Topfastpcb\" \/>\n<meta property=\"article:modified_time\" content=\"2025-05-12T10:07:54+00:00\" \/>\n<meta property=\"og:image\" content=\"https:\/\/www.topfastpcb.com\/wp-content\/uploads\/2025\/05\/pcba18.jpg\" \/>\n\t<meta property=\"og:image:width\" content=\"750\" \/>\n\t<meta property=\"og:image:height\" content=\"750\" \/>\n\t<meta property=\"og:image:type\" content=\"image\/jpeg\" \/>\n<meta name=\"twitter:card\" content=\"summary_large_image\" \/>\n<meta name=\"twitter:label1\" content=\"Arvioitu lukuaika\" \/>\n\t<meta name=\"twitter:data1\" content=\"6 minuuttia\" \/>\n<script type=\"application\/ld+json\" class=\"yoast-schema-graph\">{\"@context\":\"https:\/\/schema.org\",\"@graph\":[{\"@type\":\"WebPage\",\"@id\":\"https:\/\/www.topfastpcb.com\/products\/aerospace-pcb-assembly\/\",\"url\":\"https:\/\/www.topfastpcb.com\/products\/aerospace-pcb-assembly\/\",\"name\":\"Aerospace PCB Assembly\u200b - Topfastpcb\",\"isPartOf\":{\"@id\":\"https:\/\/www.topfastpcb.com\/#website\"},\"primaryImageOfPage\":{\"@id\":\"https:\/\/www.topfastpcb.com\/products\/aerospace-pcb-assembly\/#primaryimage\"},\"image\":{\"@id\":\"https:\/\/www.topfastpcb.com\/products\/aerospace-pcb-assembly\/#primaryimage\"},\"thumbnailUrl\":\"https:\/\/www.topfastpcb.com\/wp-content\/uploads\/2025\/05\/pcba18.jpg\",\"datePublished\":\"2025-05-12T08:35:40+00:00\",\"dateModified\":\"2025-05-12T10:07:54+00:00\",\"description\":\"The special requirements of aerospace PCBAs include material selection for harsh environments, precision soldering processes, surface protection treatments and reliability testing standards.\",\"breadcrumb\":{\"@id\":\"https:\/\/www.topfastpcb.com\/products\/aerospace-pcb-assembly\/#breadcrumb\"},\"inLanguage\":\"fi\",\"potentialAction\":[{\"@type\":\"ReadAction\",\"target\":[\"https:\/\/www.topfastpcb.com\/products\/aerospace-pcb-assembly\/\"]}]},{\"@type\":\"ImageObject\",\"inLanguage\":\"fi\",\"@id\":\"https:\/\/www.topfastpcb.com\/products\/aerospace-pcb-assembly\/#primaryimage\",\"url\":\"https:\/\/www.topfastpcb.com\/wp-content\/uploads\/2025\/05\/pcba18.jpg\",\"contentUrl\":\"https:\/\/www.topfastpcb.com\/wp-content\/uploads\/2025\/05\/pcba18.jpg\",\"width\":750,\"height\":750,\"caption\":\"Aerospace PCB Assembly\u200b\"},{\"@type\":\"BreadcrumbList\",\"@id\":\"https:\/\/www.topfastpcb.com\/products\/aerospace-pcb-assembly\/#breadcrumb\",\"itemListElement\":[{\"@type\":\"ListItem\",\"position\":1,\"name\":\"\u9996\u9875\",\"item\":\"https:\/\/www.topfastpcb.com\/\"},{\"@type\":\"ListItem\",\"position\":2,\"name\":\"\u5546\u5e97\",\"item\":\"https:\/\/www.topfastpcb.com\/shop\/\"},{\"@type\":\"ListItem\",\"position\":3,\"name\":\"Aerospace PCB Assembly\u200b\"}]},{\"@type\":\"WebSite\",\"@id\":\"https:\/\/www.topfastpcb.com\/#website\",\"url\":\"https:\/\/www.topfastpcb.com\/\",\"name\":\"Topfastpcb\",\"description\":\"Topfast Prime Choice for Global Electronics Manufacturing\",\"publisher\":{\"@id\":\"https:\/\/www.topfastpcb.com\/#organization\"},\"potentialAction\":[{\"@type\":\"SearchAction\",\"target\":{\"@type\":\"EntryPoint\",\"urlTemplate\":\"https:\/\/www.topfastpcb.com\/?s={search_term_string}\"},\"query-input\":{\"@type\":\"PropertyValueSpecification\",\"valueRequired\":true,\"valueName\":\"search_term_string\"}}],\"inLanguage\":\"fi\"},{\"@type\":\"Organization\",\"@id\":\"https:\/\/www.topfastpcb.com\/#organization\",\"name\":\"Topfastpcb\",\"url\":\"https:\/\/www.topfastpcb.com\/\",\"logo\":{\"@type\":\"ImageObject\",\"inLanguage\":\"fi\",\"@id\":\"https:\/\/www.topfastpcb.com\/#\/schema\/logo\/image\/\",\"url\":\"https:\/\/www.topfastpcb.com\/wp-content\/uploads\/2026\/02\/cropped-topfast-logo.png\",\"contentUrl\":\"https:\/\/www.topfastpcb.com\/wp-content\/uploads\/2026\/02\/cropped-topfast-logo.png\",\"width\":144,\"height\":56,\"caption\":\"Topfastpcb\"},\"image\":{\"@id\":\"https:\/\/www.topfastpcb.com\/#\/schema\/logo\/image\/\"}}]}<\/script>\n<!-- \/ Yoast SEO plugin. -->","yoast_head_json":{"title":"Aerospace PCB Assembly\u200b - Topfastpcb","description":"The special requirements of aerospace PCBAs include material selection for harsh environments, precision soldering processes, surface protection treatments and reliability testing standards.","robots":{"index":"index","follow":"follow","max-snippet":"max-snippet:-1","max-image-preview":"max-image-preview:large","max-video-preview":"max-video-preview:-1"},"canonical":"https:\/\/www.topfastpcb.com\/fi\/products\/aerospace-pcb-assembly\/","og_locale":"fi_FI","og_type":"article","og_title":"Aerospace PCB Assembly\u200b - Topfastpcb","og_description":"The special requirements of aerospace PCBAs include material selection for harsh environments, precision soldering processes, surface protection treatments and reliability testing standards.","og_url":"https:\/\/www.topfastpcb.com\/fi\/products\/aerospace-pcb-assembly\/","og_site_name":"Topfastpcb","article_modified_time":"2025-05-12T10:07:54+00:00","og_image":[{"width":750,"height":750,"url":"https:\/\/www.topfastpcb.com\/wp-content\/uploads\/2025\/05\/pcba18.jpg","type":"image\/jpeg"}],"twitter_card":"summary_large_image","twitter_misc":{"Arvioitu lukuaika":"6 minuuttia"},"schema":{"@context":"https:\/\/schema.org","@graph":[{"@type":"WebPage","@id":"https:\/\/www.topfastpcb.com\/products\/aerospace-pcb-assembly\/","url":"https:\/\/www.topfastpcb.com\/products\/aerospace-pcb-assembly\/","name":"Aerospace PCB Assembly\u200b - Topfastpcb","isPartOf":{"@id":"https:\/\/www.topfastpcb.com\/#website"},"primaryImageOfPage":{"@id":"https:\/\/www.topfastpcb.com\/products\/aerospace-pcb-assembly\/#primaryimage"},"image":{"@id":"https:\/\/www.topfastpcb.com\/products\/aerospace-pcb-assembly\/#primaryimage"},"thumbnailUrl":"https:\/\/www.topfastpcb.com\/wp-content\/uploads\/2025\/05\/pcba18.jpg","datePublished":"2025-05-12T08:35:40+00:00","dateModified":"2025-05-12T10:07:54+00:00","description":"The special requirements of aerospace PCBAs include material selection for harsh environments, precision soldering processes, surface protection treatments and reliability testing standards.","breadcrumb":{"@id":"https:\/\/www.topfastpcb.com\/products\/aerospace-pcb-assembly\/#breadcrumb"},"inLanguage":"fi","potentialAction":[{"@type":"ReadAction","target":["https:\/\/www.topfastpcb.com\/products\/aerospace-pcb-assembly\/"]}]},{"@type":"ImageObject","inLanguage":"fi","@id":"https:\/\/www.topfastpcb.com\/products\/aerospace-pcb-assembly\/#primaryimage","url":"https:\/\/www.topfastpcb.com\/wp-content\/uploads\/2025\/05\/pcba18.jpg","contentUrl":"https:\/\/www.topfastpcb.com\/wp-content\/uploads\/2025\/05\/pcba18.jpg","width":750,"height":750,"caption":"Aerospace PCB Assembly\u200b"},{"@type":"BreadcrumbList","@id":"https:\/\/www.topfastpcb.com\/products\/aerospace-pcb-assembly\/#breadcrumb","itemListElement":[{"@type":"ListItem","position":1,"name":"\u9996\u9875","item":"https:\/\/www.topfastpcb.com\/"},{"@type":"ListItem","position":2,"name":"\u5546\u5e97","item":"https:\/\/www.topfastpcb.com\/shop\/"},{"@type":"ListItem","position":3,"name":"Aerospace PCB Assembly\u200b"}]},{"@type":"WebSite","@id":"https:\/\/www.topfastpcb.com\/#website","url":"https:\/\/www.topfastpcb.com\/","name":"Topfastpcb","description":"Topfast Prime Choice for Global Electronics Manufacturing","publisher":{"@id":"https:\/\/www.topfastpcb.com\/#organization"},"potentialAction":[{"@type":"SearchAction","target":{"@type":"EntryPoint","urlTemplate":"https:\/\/www.topfastpcb.com\/?s={search_term_string}"},"query-input":{"@type":"PropertyValueSpecification","valueRequired":true,"valueName":"search_term_string"}}],"inLanguage":"fi"},{"@type":"Organization","@id":"https:\/\/www.topfastpcb.com\/#organization","name":"Topfastpcb","url":"https:\/\/www.topfastpcb.com\/","logo":{"@type":"ImageObject","inLanguage":"fi","@id":"https:\/\/www.topfastpcb.com\/#\/schema\/logo\/image\/","url":"https:\/\/www.topfastpcb.com\/wp-content\/uploads\/2026\/02\/cropped-topfast-logo.png","contentUrl":"https:\/\/www.topfastpcb.com\/wp-content\/uploads\/2026\/02\/cropped-topfast-logo.png","width":144,"height":56,"caption":"Topfastpcb"},"image":{"@id":"https:\/\/www.topfastpcb.com\/#\/schema\/logo\/image\/"}}]}},"_links":{"self":[{"href":"https:\/\/www.topfastpcb.com\/fi\/wp-json\/wp\/v2\/product\/2469","targetHints":{"allow":["GET"]}}],"collection":[{"href":"https:\/\/www.topfastpcb.com\/fi\/wp-json\/wp\/v2\/product"}],"about":[{"href":"https:\/\/www.topfastpcb.com\/fi\/wp-json\/wp\/v2\/types\/product"}],"replies":[{"embeddable":true,"href":"https:\/\/www.topfastpcb.com\/fi\/wp-json\/wp\/v2\/comments?post=2469"}],"wp:featuredmedia":[{"embeddable":true,"href":"https:\/\/www.topfastpcb.com\/fi\/wp-json\/wp\/v2\/media\/2471"}],"wp:attachment":[{"href":"https:\/\/www.topfastpcb.com\/fi\/wp-json\/wp\/v2\/media?parent=2469"}],"wp:term":[{"taxonomy":"product_brand","embeddable":true,"href":"https:\/\/www.topfastpcb.com\/fi\/wp-json\/wp\/v2\/product_brand?post=2469"},{"taxonomy":"product_cat","embeddable":true,"href":"https:\/\/www.topfastpcb.com\/fi\/wp-json\/wp\/v2\/product_cat?post=2469"},{"taxonomy":"product_tag","embeddable":true,"href":"https:\/\/www.topfastpcb.com\/fi\/wp-json\/wp\/v2\/product_tag?post=2469"}],"curies":[{"name":"wp","href":"https:\/\/api.w.org\/{rel}","templated":true}]}}