{"id":2798,"date":"2025-05-24T15:54:13","date_gmt":"2025-05-24T07:54:13","guid":{"rendered":"https:\/\/www.topfastpcb.com\/?post_type=product&#038;p=2798"},"modified":"2025-05-24T15:56:13","modified_gmt":"2025-05-24T07:56:13","slug":"communication-pcb-assembly","status":"publish","type":"product","link":"https:\/\/www.topfastpcb.com\/fi\/products\/communication-pcb-assembly\/","title":{"rendered":"Viestint\u00e4 PCB-kokoonpano"},"content":{"rendered":"<div id=\"ez-toc-container\" class=\"ez-toc-v2_0_74 counter-hierarchy ez-toc-counter ez-toc-custom ez-toc-container-direction\">\n<div class=\"ez-toc-title-container\">\n<p class=\"ez-toc-title\" style=\"cursor:inherit\">Sis\u00e4llysluettelo<\/p>\n<span class=\"ez-toc-title-toggle\"><\/span><\/div>\n<nav><ul class='ez-toc-list ez-toc-list-level-1' ><li class='ez-toc-page-1 ez-toc-heading-level-2'><a class=\"ez-toc-link ez-toc-heading-1\" href=\"https:\/\/www.topfastpcb.com\/fi\/products\/communication-pcb-assembly\/#Overview_of_Communication_PCB_Assembly_Products\" >Yleiskatsaus viestinn\u00e4n PCB-kokoonpanotuotteisiin<\/a><\/li><li class='ez-toc-page-1 ez-toc-heading-level-2'><a class=\"ez-toc-link ez-toc-heading-2\" href=\"https:\/\/www.topfastpcb.com\/fi\/products\/communication-pcb-assembly\/#Core_Advantages_of_Our_Communication_PCB_Assembly\" >Viestinn\u00e4n PCB-kokoonpanon keskeiset edut<\/a><ul class='ez-toc-list-level-3' ><li class='ez-toc-heading-level-3'><a class=\"ez-toc-link ez-toc-heading-3\" href=\"https:\/\/www.topfastpcb.com\/fi\/products\/communication-pcb-assembly\/#Professional_Technical_Team_Advanced_Manufacturing_Capabilities\" >Ammattitaitoinen tekninen tiimi &amp;; Kehittynyt tuotantokapasiteetti<\/a><\/li><li class='ez-toc-page-1 ez-toc-heading-level-3'><a class=\"ez-toc-link ez-toc-heading-4\" href=\"https:\/\/www.topfastpcb.com\/fi\/products\/communication-pcb-assembly\/#Comprehensive_One-Stop_Service\" >Kattava keskitetty palvelu<\/a><\/li><\/ul><\/li><li class='ez-toc-page-1 ez-toc-heading-level-2'><a class=\"ez-toc-link ez-toc-heading-5\" href=\"https:\/\/www.topfastpcb.com\/fi\/products\/communication-pcb-assembly\/#Key_Technical_Features_of_Communication_PCB_Assembly\" >Viestinn\u00e4n PCB-kokoonpanon t\u00e4rkeimm\u00e4t tekniset ominaisuudet<\/a><ul class='ez-toc-list-level-3' ><li class='ez-toc-heading-level-3'><a class=\"ez-toc-link ez-toc-heading-6\" href=\"https:\/\/www.topfastpcb.com\/fi\/products\/communication-pcb-assembly\/#Superior_High-Frequency_Performance\" >Ylivoimainen korkeiden taajuuksien suorituskyky<\/a><\/li><li class='ez-toc-page-1 ez-toc-heading-level-3'><a class=\"ez-toc-link ez-toc-heading-7\" href=\"https:\/\/www.topfastpcb.com\/fi\/products\/communication-pcb-assembly\/#Reliable_Signal_Integrity\" >Luotettava signaalin eheys<\/a><\/li><li class='ez-toc-page-1 ez-toc-heading-level-3'><a class=\"ez-toc-link ez-toc-heading-8\" href=\"https:\/\/www.topfastpcb.com\/fi\/products\/communication-pcb-assembly\/#Robust_Thermal_Management\" >Vankka l\u00e4mm\u00f6nhallinta<\/a><\/li><li class='ez-toc-page-1 ez-toc-heading-level-3'><a class=\"ez-toc-link ez-toc-heading-9\" href=\"https:\/\/www.topfastpcb.com\/fi\/products\/communication-pcb-assembly\/#Applications_of_Communication_PCB_Assembly\" >Viestinn\u00e4n PCB-kokoonpanon sovellukset<\/a><\/li><\/ul><\/li><li class='ez-toc-page-1 ez-toc-heading-level-2'><a class=\"ez-toc-link ez-toc-heading-10\" href=\"https:\/\/www.topfastpcb.com\/fi\/products\/communication-pcb-assembly\/#Custom_Communication_PCB_Assembly_Services\" >Mukautetun viestinn\u00e4n PCB-kokoonpanopalvelut<\/a><\/li><li class='ez-toc-page-1 ez-toc-heading-level-2'><a class=\"ez-toc-link ez-toc-heading-11\" href=\"https:\/\/www.topfastpcb.com\/fi\/products\/communication-pcb-assembly\/#Quality_Assurance_After-Sales_Support\" >Laadunvarmistus &amp; Myynnin j\u00e4lkeinen tuki<\/a><\/li><li class='ez-toc-page-1 ez-toc-heading-level-2'><a class=\"ez-toc-link ez-toc-heading-12\" href=\"https:\/\/www.topfastpcb.com\/fi\/products\/communication-pcb-assembly\/#Why_Choose_Our_Communication_PCB_Assembly_Solutions\" >Miksi valita Communication PCB Assembly -ratkaisumme?<\/a><\/li><\/ul><\/nav><\/div>\n\n<p>Johtavana yhden luukun ratkaisun tarjoajana viestint\u00e4piirilevyjen kokoonpanossa olemme erikoistuneet kattaviin valmistuspalveluihin suunnittelusta tuotantoon. Viestint\u00e4piirilevyjen kokoonpanotuotteitamme k\u00e4ytet\u00e4\u00e4n laajalti 4G \/ 5G-viestint\u00e4laitteissa, verkkokytkimiss\u00e4, reitittimiss\u00e4 ja erilaisissa \u00e4lykk\u00e4iss\u00e4 viestint\u00e4moduuleissa, jotka toimivat nykyaikaisen tietoliikenneinfrastruktuurin keskeisin\u00e4 komponentteina.<\/p>\n<h2><span class=\"ez-toc-section\" id=\"Overview_of_Communication_PCB_Assembly_Products\"><\/span>Yleiskatsaus viestinn\u00e4n PCB-kokoonpanotuotteisiin<span class=\"ez-toc-section-end\"><\/span><\/h2>\n<p>16-kerroksiset viestint\u00e4piirilevykokoonpanot valmistetaan korkealaatuisilla FR-4-materiaaleilla ja edistyksellisill\u00e4 prosesseilla, jotka tarjoavat erinomaisen suurtaajuussuorituskyvyn ja signaalin eheyden huippuluokan sovellusten, kuten AI Android -moduulien, tiukkojen vaatimusten t\u00e4ytt\u00e4miseksi.Jokaiselle tuotteelle tehd\u00e4\u00e4n 100-prosenttinen elektroninen testaus korkeimpien luotettavuusstandardien varmistamiseksi ennen toimitusta.<\/p>\n<h2><span class=\"ez-toc-section\" id=\"Core_Advantages_of_Our_Communication_PCB_Assembly\"><\/span>Viestint\u00e4mme keskeiset edut <a href=\"https:\/\/www.topfastpcb.com\/fi\/products\/category\/pcba\/\">PCB-kokoonpano<\/a><span class=\"ez-toc-section-end\"><\/span><\/h2>\n<h3><span class=\"ez-toc-section\" id=\"Professional_Technical_Team_Advanced_Manufacturing_Capabilities\"><\/span>Ammattitaitoinen tekninen tiimi &amp;; Kehittynyt tuotantokapasiteetti<span class=\"ez-toc-section-end\"><\/span><\/h3>\n<p>Meill\u00e4 on kokenut viestint\u00e4piirilevyjen suunnitteluinsin\u00f6\u00f6rien tiimi ja nykyaikaiset tuotantolinjat, jotka pystyv\u00e4t k\u00e4sittelem\u00e4\u00e4n erilaisia viestint\u00e4piirilevyjen kokoonpanotarpeita yksinkertaisista yksikerroksisista levyist\u00e4 monimutkaisiin monikerroksisiin malleihin. Teknisiin vahvuuksiimme kuuluvat:<\/p>\n<p><strong>Suurtaajuussuunnittelun asiantuntemus:<\/strong> Osaat mikroaaltokaistan (700MHz-5GHz) piirisuunnittelun 5G-laitteen optimaalisen suorituskyvyn varmistamiseksi.<br \/>\n<strong>Tarkkuuskoneistus:<\/strong> Pienin aukko **0,2 mm**, j\u00e4ljen leveys\/v\u00e4li **4-6 mil**, tukee tiheit\u00e4 liit\u00e4nt\u00f6j\u00e4.<br \/>\n<strong>Useita pintak\u00e4sittelyj\u00e4:<\/strong> Vaihtoehtoina ovat **HASL (lyijyt\u00f6n), ENIG (upotuskulta), OSP ja upotushopea**.<br \/>\n<strong>Tiukka laadunvalvonta:<\/strong> Koko prosessin kattava laadunvalvonta raaka-aineista valmiisiin tuotteisiin.<\/p>\n<h3><span class=\"ez-toc-section\" id=\"Comprehensive_One-Stop_Service\"><\/span>Kattava keskitetty palvelu<span class=\"ez-toc-section-end\"><\/span><\/h3>\n<p>Tarjoamme todellisen <a href=\"https:\/\/www.topfastpcb.com\/fi\/\">yhden luukun ratkaisu<\/a> viestinn\u00e4n PCB-kokoonpanoon, joka kattaa:<\/p>\n<p>1. Suunnittelutuki: Asiakkaan tarpeiden mukaan r\u00e4\u00e4t\u00e4l\u00f6ity kaaviosuunnittelu, piirilevyjen asettelu ja signaalin eheyden analysointi.<br \/>\n2.Joustava valmistus:Nopeasta prototyyppien valmistuksesta laajamittaiseen tuotantoon.<br \/>\n3.Materiaalin valinta:Vakiomateriaalit FR-4:st\u00e4 Rogersin ja Taconicin kaltaisiin korkeataajuusmateriaaleihin.<br \/>\n4.T\u00e4ydelliset kokoonpanopalvelut:SMT, THT ja koko j\u00e4rjestelm\u00e4n testaus.<br \/>\n5.Maailmanlaajuinen logistiikka:Turvallista pakkaamista ja maailmanlaajuista toimitusta varten oikea-aikaista toimitusta varten.<\/p>\n<h2><img loading=\"lazy\" decoding=\"async\" src=\"https:\/\/www.topfastpcb.com\/wp-content\/uploads\/2025\/05\/Communication-PCB-Assembly.jpg\" alt=\"Viestint\u00e4 PCB-kokoonpano\" width=\"600\" height=\"402\" class=\"aligncenter size-full wp-image-2799\" srcset=\"https:\/\/www.topfastpcb.com\/wp-content\/uploads\/2025\/05\/Communication-PCB-Assembly.jpg 600w, https:\/\/www.topfastpcb.com\/wp-content\/uploads\/2025\/05\/Communication-PCB-Assembly-300x201.jpg 300w, https:\/\/www.topfastpcb.com\/wp-content\/uploads\/2025\/05\/Communication-PCB-Assembly-18x12.jpg 18w\" sizes=\"auto, (max-width: 600px) 100vw, 600px\" \/><\/h2>\n<h2><span class=\"ez-toc-section\" id=\"Key_Technical_Features_of_Communication_PCB_Assembly\"><\/span>Viestinn\u00e4n PCB-kokoonpanon t\u00e4rkeimm\u00e4t tekniset ominaisuudet<span class=\"ez-toc-section-end\"><\/span><\/h2>\n<h3><span class=\"ez-toc-section\" id=\"Superior_High-Frequency_Performance\"><\/span>Ylivoimainen korkeiden taajuuksien suorituskyky<span class=\"ez-toc-section-end\"><\/span><\/h3>\n<p>Tuotteissamme k\u00e4ytet\u00e4\u00e4n erikoismalleja ja -materiaaleja, joilla varmistetaan erinomaiset korkeataajuusominaisuudet:<br \/>\nV\u00e4h\u00e4h\u00e4vi\u00f6iset laminaatit (esim. Rogers RO4000-sarja).<br \/>\nTarkka impedanssin s\u00e4\u00e4t\u00f6 (\u00b15 % toleranssi).<br \/>\nOptimoitu stack-up-suunnittelu ristikk\u00e4is\u00e4\u00e4nen minimoimiseksi.<br \/>\nKehittynyt EMI-suojaus v\u00e4hent\u00e4\u00e4 RF-h\u00e4iri\u00f6it\u00e4.<\/p>\n<h3><span class=\"ez-toc-section\" id=\"Reliable_Signal_Integrity\"><\/span>Luotettava signaalin eheys<span class=\"ez-toc-section-end\"><\/span><\/h3>\n<p>Korostamme nopeiden viestint\u00e4sovellusten osalta:<br \/>\nTiukka j\u00e4ljityspituuden sovittaminen (\u00b150ps vinous).<br \/>\nOptimoitu PDN-suunnittelu (Power Delivery Network).<br \/>\nDifferentiaaliset parireititysmenetelm\u00e4t.<br \/>\nKattavat maatason strategiat.<\/p>\n<h3><span class=\"ez-toc-section\" id=\"Robust_Thermal_Management\"><\/span>Vankka l\u00e4mm\u00f6nhallinta<span class=\"ez-toc-section-end\"><\/span><\/h3>\n<p>Suuritehoisille viestint\u00e4laitteille PCB-kokoonpanoratkaisumme tarjoavat:<br \/>\nKorkean l\u00e4mm\u00f6njohtavuuden materiaalit.<br \/>\nOptimoitu komponenttien sijoittelu l\u00e4mm\u00f6ntuottoa varten.<br \/>\nL\u00e4mp\u00f6kaapelit.<br \/>\nKorkean l\u00e4mp\u00f6tilan kest\u00e4v\u00e4t komponentit.<\/p>\n<h3><span class=\"ez-toc-section\" id=\"Applications_of_Communication_PCB_Assembly\"><\/span>Viestinn\u00e4n PCB-kokoonpanon sovellukset<span class=\"ez-toc-section-end\"><\/span><\/h3>\n<p>Tuotteitamme k\u00e4ytet\u00e4\u00e4n laajalti erilaisissa viestint\u00e4laitteissa:<\/p>\n<p>1. Langattomat viestint\u00e4j\u00e4rjestelm\u00e4t: 5G-tukiasemat, pienet solut, mikroaaltol\u00e4hetyslaitteet.<br \/>\n2.Verkkoinfrastruktuuri:Ydinreitittimet, reunakytkimet, ONU\/OLT-laitteet.<br \/>\n3.P\u00e4\u00e4telaitteet:\u00c4lypuhelimet, CPE:t, IoT-viestint\u00e4moduulit.<br \/>\n4.Erikoisviestint\u00e4laitteet:Sotilasradiot, ilmailun viestint\u00e4, merenkulun j\u00e4rjestelm\u00e4t.<\/p>\n<h2><span class=\"ez-toc-section\" id=\"Custom_Communication_PCB_Assembly_Services\"><\/span>Mukautetun viestinn\u00e4n PCB-kokoonpanopalvelut<span class=\"ez-toc-section-end\"><\/span><\/h2>\n<p>Ymm\u00e4rr\u00e4mme erilaisten viestint\u00e4sovellusten ainutlaatuiset tarpeet ja tarjoamme t\u00e4yden r\u00e4\u00e4t\u00e4l\u00f6innin:<\/p>\n<p>Materiaalin valinta: Suosittele parasta alustaa taajuuden ja ymp\u00e4rist\u00f6olosuhteiden perusteella.<br \/>\nKerroksen mukauttaminen:Joustavat vaihtoehdot **yksikerroksisesta 20+ kerrokseen**.<br \/>\nErityisprosessit:Hybridilevyt, raskas kupari, j\u00e4ykk\u00e4-joustavat PCB:t.<br \/>\nSertifiointituki:Apua **CE-, FCC- ja muissa alan sertifioinneissa**.<\/p>\n<h2><span class=\"ez-toc-section\" id=\"Quality_Assurance_After-Sales_Support\"><\/span>Laadunvarmistus &amp; Myynnin j\u00e4lkeinen tuki<span class=\"ez-toc-section-end\"><\/span><\/h2>\n<p>Takaamme korkealaatuisen viestinn\u00e4n PCB-kokoonpanot:<\/p>\n<p>100 % s\u00e4hk\u00f6testauksen kattavuus.<br \/>\nIPC-A-600 Class 3 -standardien noudattaminen.<br \/>\nKattavat luotettavuustestit (l\u00e4mp\u00f6kierrot, t\u00e4rin\u00e4testit).<br \/>\nOmistettu tekninen tuki suunnittelukonsultointia ja vika-analyysej\u00e4 varten.<br \/>\nNopea reagointi asiakkaiden tarpeisiin jatkuvilla prosessien parannuksilla.<\/p>\n<h2><span class=\"ez-toc-section\" id=\"Why_Choose_Our_Communication_PCB_Assembly_Solutions\"><\/span>Miksi valita Communication PCB Assembly -ratkaisumme?<span class=\"ez-toc-section-end\"><\/span><\/h2>\n<p>Ammattimaisena viestinn\u00e4n PCB-kokoonpanotoimittajana keskeisi\u00e4 erottavia tekij\u00f6it\u00e4 ovat:<\/p>\n<p>1. Kokemus teollisuudesta: 10+ vuotta erikoistunut viestint\u00e4 PCB.<br \/>\n2.Tekninen johtaminen:Jatkuva T&amp;K; D suurtaajuus- ja suurnopeuspiirilevyiss\u00e4.<br \/>\n3.Joustava palvelumalli:Sujuva siirtyminen prototyypeist\u00e4 massatuotantoon.<br \/>\n4.Kilpailukykyinen hinnoittelu:Optimoitu toimitusketju kustannustehokkuuden varmistamiseksi.<br \/>\n5.Luotettava toimitus: 95 % + oikea-aikainen toimitusaste.<\/p>\n<p>Olipa kyseess\u00e4 sitten seuraavan sukupolven 5G-laitteiden kehitt\u00e4minen tai nykyisten viestint\u00e4tuotteiden p\u00e4ivitt\u00e4minen, viestint\u00e4piirilevyjen kokoonpanoratkaisumme tarjoavat asiantuntevaa tukea.Ota yhteytt\u00e4 meihin saadaksesi lis\u00e4tietoja tuotteista ja teknist\u00e4 neuvontaa.<\/p>\n<p>&nbsp;<\/p>","protected":false},"excerpt":{"rendered":"<p>Ammattimainen viestint\u00e4piirilevyjen kokoonpano yhden luukun palveluntarjoaja, joka on erikoistunut suurtaajuus-, korkean suorituskyvyn 4G \/ 5G-piirilevyihin. Ominaisuudet 6-kerroksiset FR-4-piirilevyt, 0,2 mm: n min. reik\u00e4koko, ENIG \/ Immersion Silver -viimeistelyt ja 100 % elektroninen testaus. R\u00e4\u00e4t\u00e4l\u00f6idyt ratkaisut, nopea toimitus - luotettava viestint\u00e4piirilevykumppanisi.<\/p>","protected":false},"featured_media":2800,"comment_status":"closed","ping_status":"closed","template":"","meta":[],"product_brand":[],"product_cat":[116],"product_tag":[255,231],"class_list":{"0":"post-2798","1":"product","2":"type-product","3":"status-publish","4":"has-post-thumbnail","6":"product_cat-pcba","7":"product_tag-communication-pcb-assembly","8":"product_tag-pcb-assembly","10":"first","11":"instock","12":"shipping-taxable","13":"product-type-simple"},"yoast_head":"<!-- This site is optimized with the Yoast SEO plugin v25.1 - https:\/\/yoast.com\/wordpress\/plugins\/seo\/ -->\n<title>Communication PCB Assembly - Topfastpcb<\/title>\n<meta name=\"description\" content=\"Professional communication PCB assembly one-stop service provider specializing in high-frequency, high-performance 4G\/5G circuit boards. Features 6-layer FR-4 PCBs, 0.2mm min. hole size, ENIG\/Immersion Silver finishes, and 100% electronic testing. Custom solutions, fast delivery\u2014your trusted communication PCB partner.\" \/>\n<meta name=\"robots\" content=\"index, follow, max-snippet:-1, max-image-preview:large, max-video-preview:-1\" \/>\n<link rel=\"canonical\" href=\"https:\/\/www.topfastpcb.com\/fi\/products\/communication-pcb-assembly\/\" \/>\n<meta property=\"og:locale\" content=\"fi_FI\" \/>\n<meta property=\"og:type\" content=\"article\" \/>\n<meta property=\"og:title\" content=\"Communication PCB Assembly - Topfastpcb\" \/>\n<meta property=\"og:description\" content=\"Professional communication PCB assembly one-stop service provider specializing in high-frequency, high-performance 4G\/5G circuit boards. Features 6-layer FR-4 PCBs, 0.2mm min. hole size, ENIG\/Immersion Silver finishes, and 100% electronic testing. Custom solutions, fast delivery\u2014your trusted communication PCB partner.\" \/>\n<meta property=\"og:url\" content=\"https:\/\/www.topfastpcb.com\/fi\/products\/communication-pcb-assembly\/\" \/>\n<meta property=\"og:site_name\" content=\"Topfastpcb\" \/>\n<meta property=\"article:modified_time\" content=\"2025-05-24T07:56:13+00:00\" \/>\n<meta property=\"og:image\" content=\"https:\/\/www.topfastpcb.com\/wp-content\/uploads\/2025\/05\/pcba-3.jpg\" \/>\n\t<meta property=\"og:image:width\" content=\"750\" \/>\n\t<meta property=\"og:image:height\" content=\"750\" \/>\n\t<meta property=\"og:image:type\" content=\"image\/jpeg\" \/>\n<meta name=\"twitter:card\" content=\"summary_large_image\" \/>\n<meta name=\"twitter:label1\" content=\"Arvioitu lukuaika\" \/>\n\t<meta name=\"twitter:data1\" content=\"4 minuuttia\" \/>\n<script type=\"application\/ld+json\" class=\"yoast-schema-graph\">{\"@context\":\"https:\/\/schema.org\",\"@graph\":[{\"@type\":\"WebPage\",\"@id\":\"https:\/\/www.topfastpcb.com\/products\/communication-pcb-assembly\/\",\"url\":\"https:\/\/www.topfastpcb.com\/products\/communication-pcb-assembly\/\",\"name\":\"Communication PCB Assembly - Topfastpcb\",\"isPartOf\":{\"@id\":\"https:\/\/www.topfastpcb.com\/#website\"},\"primaryImageOfPage\":{\"@id\":\"https:\/\/www.topfastpcb.com\/products\/communication-pcb-assembly\/#primaryimage\"},\"image\":{\"@id\":\"https:\/\/www.topfastpcb.com\/products\/communication-pcb-assembly\/#primaryimage\"},\"thumbnailUrl\":\"https:\/\/www.topfastpcb.com\/wp-content\/uploads\/2025\/05\/pcba-3.jpg\",\"datePublished\":\"2025-05-24T07:54:13+00:00\",\"dateModified\":\"2025-05-24T07:56:13+00:00\",\"description\":\"Professional communication PCB assembly one-stop service provider specializing in high-frequency, high-performance 4G\/5G circuit boards. Features 6-layer FR-4 PCBs, 0.2mm min. hole size, ENIG\/Immersion Silver finishes, and 100% electronic testing. Custom solutions, fast delivery\u2014your trusted communication PCB partner.\",\"breadcrumb\":{\"@id\":\"https:\/\/www.topfastpcb.com\/products\/communication-pcb-assembly\/#breadcrumb\"},\"inLanguage\":\"fi\",\"potentialAction\":[{\"@type\":\"ReadAction\",\"target\":[\"https:\/\/www.topfastpcb.com\/products\/communication-pcb-assembly\/\"]}]},{\"@type\":\"ImageObject\",\"inLanguage\":\"fi\",\"@id\":\"https:\/\/www.topfastpcb.com\/products\/communication-pcb-assembly\/#primaryimage\",\"url\":\"https:\/\/www.topfastpcb.com\/wp-content\/uploads\/2025\/05\/pcba-3.jpg\",\"contentUrl\":\"https:\/\/www.topfastpcb.com\/wp-content\/uploads\/2025\/05\/pcba-3.jpg\",\"width\":750,\"height\":750},{\"@type\":\"BreadcrumbList\",\"@id\":\"https:\/\/www.topfastpcb.com\/products\/communication-pcb-assembly\/#breadcrumb\",\"itemListElement\":[{\"@type\":\"ListItem\",\"position\":1,\"name\":\"\u9996\u9875\",\"item\":\"https:\/\/www.topfastpcb.com\/\"},{\"@type\":\"ListItem\",\"position\":2,\"name\":\"\u5546\u5e97\",\"item\":\"https:\/\/www.topfastpcb.com\/shop\/\"},{\"@type\":\"ListItem\",\"position\":3,\"name\":\"Communication PCB Assembly\"}]},{\"@type\":\"WebSite\",\"@id\":\"https:\/\/www.topfastpcb.com\/#website\",\"url\":\"https:\/\/www.topfastpcb.com\/\",\"name\":\"Topfastpcb\",\"description\":\"Topfast Prime Choice for Global Electronics Manufacturing\",\"publisher\":{\"@id\":\"https:\/\/www.topfastpcb.com\/#organization\"},\"potentialAction\":[{\"@type\":\"SearchAction\",\"target\":{\"@type\":\"EntryPoint\",\"urlTemplate\":\"https:\/\/www.topfastpcb.com\/?s={search_term_string}\"},\"query-input\":{\"@type\":\"PropertyValueSpecification\",\"valueRequired\":true,\"valueName\":\"search_term_string\"}}],\"inLanguage\":\"fi\"},{\"@type\":\"Organization\",\"@id\":\"https:\/\/www.topfastpcb.com\/#organization\",\"name\":\"Topfastpcb\",\"url\":\"https:\/\/www.topfastpcb.com\/\",\"logo\":{\"@type\":\"ImageObject\",\"inLanguage\":\"fi\",\"@id\":\"https:\/\/www.topfastpcb.com\/#\/schema\/logo\/image\/\",\"url\":\"https:\/\/www.topfastpcb.com\/wp-content\/uploads\/2026\/02\/cropped-topfast-logo.png\",\"contentUrl\":\"https:\/\/www.topfastpcb.com\/wp-content\/uploads\/2026\/02\/cropped-topfast-logo.png\",\"width\":144,\"height\":56,\"caption\":\"Topfastpcb\"},\"image\":{\"@id\":\"https:\/\/www.topfastpcb.com\/#\/schema\/logo\/image\/\"}}]}<\/script>\n<!-- \/ Yoast SEO plugin. -->","yoast_head_json":{"title":"Communication PCB Assembly - Topfastpcb","description":"Professional communication PCB assembly one-stop service provider specializing in high-frequency, high-performance 4G\/5G circuit boards. Features 6-layer FR-4 PCBs, 0.2mm min. hole size, ENIG\/Immersion Silver finishes, and 100% electronic testing. Custom solutions, fast delivery\u2014your trusted communication PCB partner.","robots":{"index":"index","follow":"follow","max-snippet":"max-snippet:-1","max-image-preview":"max-image-preview:large","max-video-preview":"max-video-preview:-1"},"canonical":"https:\/\/www.topfastpcb.com\/fi\/products\/communication-pcb-assembly\/","og_locale":"fi_FI","og_type":"article","og_title":"Communication PCB Assembly - Topfastpcb","og_description":"Professional communication PCB assembly one-stop service provider specializing in high-frequency, high-performance 4G\/5G circuit boards. Features 6-layer FR-4 PCBs, 0.2mm min. hole size, ENIG\/Immersion Silver finishes, and 100% electronic testing. Custom solutions, fast delivery\u2014your trusted communication PCB partner.","og_url":"https:\/\/www.topfastpcb.com\/fi\/products\/communication-pcb-assembly\/","og_site_name":"Topfastpcb","article_modified_time":"2025-05-24T07:56:13+00:00","og_image":[{"width":750,"height":750,"url":"https:\/\/www.topfastpcb.com\/wp-content\/uploads\/2025\/05\/pcba-3.jpg","type":"image\/jpeg"}],"twitter_card":"summary_large_image","twitter_misc":{"Arvioitu lukuaika":"4 minuuttia"},"schema":{"@context":"https:\/\/schema.org","@graph":[{"@type":"WebPage","@id":"https:\/\/www.topfastpcb.com\/products\/communication-pcb-assembly\/","url":"https:\/\/www.topfastpcb.com\/products\/communication-pcb-assembly\/","name":"Communication PCB Assembly - Topfastpcb","isPartOf":{"@id":"https:\/\/www.topfastpcb.com\/#website"},"primaryImageOfPage":{"@id":"https:\/\/www.topfastpcb.com\/products\/communication-pcb-assembly\/#primaryimage"},"image":{"@id":"https:\/\/www.topfastpcb.com\/products\/communication-pcb-assembly\/#primaryimage"},"thumbnailUrl":"https:\/\/www.topfastpcb.com\/wp-content\/uploads\/2025\/05\/pcba-3.jpg","datePublished":"2025-05-24T07:54:13+00:00","dateModified":"2025-05-24T07:56:13+00:00","description":"Professional communication PCB assembly one-stop service provider specializing in high-frequency, high-performance 4G\/5G circuit boards. Features 6-layer FR-4 PCBs, 0.2mm min. hole size, ENIG\/Immersion Silver finishes, and 100% electronic testing. Custom solutions, fast delivery\u2014your trusted communication PCB partner.","breadcrumb":{"@id":"https:\/\/www.topfastpcb.com\/products\/communication-pcb-assembly\/#breadcrumb"},"inLanguage":"fi","potentialAction":[{"@type":"ReadAction","target":["https:\/\/www.topfastpcb.com\/products\/communication-pcb-assembly\/"]}]},{"@type":"ImageObject","inLanguage":"fi","@id":"https:\/\/www.topfastpcb.com\/products\/communication-pcb-assembly\/#primaryimage","url":"https:\/\/www.topfastpcb.com\/wp-content\/uploads\/2025\/05\/pcba-3.jpg","contentUrl":"https:\/\/www.topfastpcb.com\/wp-content\/uploads\/2025\/05\/pcba-3.jpg","width":750,"height":750},{"@type":"BreadcrumbList","@id":"https:\/\/www.topfastpcb.com\/products\/communication-pcb-assembly\/#breadcrumb","itemListElement":[{"@type":"ListItem","position":1,"name":"\u9996\u9875","item":"https:\/\/www.topfastpcb.com\/"},{"@type":"ListItem","position":2,"name":"\u5546\u5e97","item":"https:\/\/www.topfastpcb.com\/shop\/"},{"@type":"ListItem","position":3,"name":"Communication PCB Assembly"}]},{"@type":"WebSite","@id":"https:\/\/www.topfastpcb.com\/#website","url":"https:\/\/www.topfastpcb.com\/","name":"Topfastpcb","description":"Topfast Prime Choice for Global Electronics Manufacturing","publisher":{"@id":"https:\/\/www.topfastpcb.com\/#organization"},"potentialAction":[{"@type":"SearchAction","target":{"@type":"EntryPoint","urlTemplate":"https:\/\/www.topfastpcb.com\/?s={search_term_string}"},"query-input":{"@type":"PropertyValueSpecification","valueRequired":true,"valueName":"search_term_string"}}],"inLanguage":"fi"},{"@type":"Organization","@id":"https:\/\/www.topfastpcb.com\/#organization","name":"Topfastpcb","url":"https:\/\/www.topfastpcb.com\/","logo":{"@type":"ImageObject","inLanguage":"fi","@id":"https:\/\/www.topfastpcb.com\/#\/schema\/logo\/image\/","url":"https:\/\/www.topfastpcb.com\/wp-content\/uploads\/2026\/02\/cropped-topfast-logo.png","contentUrl":"https:\/\/www.topfastpcb.com\/wp-content\/uploads\/2026\/02\/cropped-topfast-logo.png","width":144,"height":56,"caption":"Topfastpcb"},"image":{"@id":"https:\/\/www.topfastpcb.com\/#\/schema\/logo\/image\/"}}]}},"_links":{"self":[{"href":"https:\/\/www.topfastpcb.com\/fi\/wp-json\/wp\/v2\/product\/2798","targetHints":{"allow":["GET"]}}],"collection":[{"href":"https:\/\/www.topfastpcb.com\/fi\/wp-json\/wp\/v2\/product"}],"about":[{"href":"https:\/\/www.topfastpcb.com\/fi\/wp-json\/wp\/v2\/types\/product"}],"replies":[{"embeddable":true,"href":"https:\/\/www.topfastpcb.com\/fi\/wp-json\/wp\/v2\/comments?post=2798"}],"wp:featuredmedia":[{"embeddable":true,"href":"https:\/\/www.topfastpcb.com\/fi\/wp-json\/wp\/v2\/media\/2800"}],"wp:attachment":[{"href":"https:\/\/www.topfastpcb.com\/fi\/wp-json\/wp\/v2\/media?parent=2798"}],"wp:term":[{"taxonomy":"product_brand","embeddable":true,"href":"https:\/\/www.topfastpcb.com\/fi\/wp-json\/wp\/v2\/product_brand?post=2798"},{"taxonomy":"product_cat","embeddable":true,"href":"https:\/\/www.topfastpcb.com\/fi\/wp-json\/wp\/v2\/product_cat?post=2798"},{"taxonomy":"product_tag","embeddable":true,"href":"https:\/\/www.topfastpcb.com\/fi\/wp-json\/wp\/v2\/product_tag?post=2798"}],"curies":[{"name":"wp","href":"https:\/\/api.w.org\/{rel}","templated":true}]}}