{"id":2981,"date":"2025-05-30T10:38:29","date_gmt":"2025-05-30T02:38:29","guid":{"rendered":"https:\/\/www.topfastpcb.com\/?post_type=product&#038;p=2981"},"modified":"2025-05-30T10:38:29","modified_gmt":"2025-05-30T02:38:29","slug":"automotive-pcb-assembly","status":"publish","type":"product","link":"https:\/\/www.topfastpcb.com\/fi\/products\/automotive-pcb-assembly\/","title":{"rendered":"Automotive PCB-kokoonpano"},"content":{"rendered":"<p>17 vuoden syv\u00e4 asiantuntemus PCB-teollisuudessa, <a href=\"https:\/\/www.topfastpcb.com\/fi\/\">Topfast<\/a> ymm\u00e4rt\u00e4\u00e4 autoelektroniikan PCBA-valmistuksen ainutlaatuiset haasteet. Tarjoamme eritt\u00e4in luotettavia piiriratkaisuja maailmanlaajuisille automerkeille moottorinohjausyksik\u00f6ist\u00e4 autonomisiin ajoj\u00e4rjestelmiin ja varmistamme, ett\u00e4 autoteollisuuden elektroniikkasuunnitelmasi ovat huolettomia.<\/p>\n<div id=\"ez-toc-container\" class=\"ez-toc-v2_0_74 counter-hierarchy ez-toc-counter ez-toc-custom ez-toc-container-direction\">\n<div class=\"ez-toc-title-container\">\n<p class=\"ez-toc-title\" style=\"cursor:inherit\">Sis\u00e4llysluettelo<\/p>\n<span class=\"ez-toc-title-toggle\"><\/span><\/div>\n<nav><ul class='ez-toc-list ez-toc-list-level-1' ><li class='ez-toc-page-1 ez-toc-heading-level-2'><a class=\"ez-toc-link ez-toc-heading-1\" href=\"https:\/\/www.topfastpcb.com\/fi\/products\/automotive-pcb-assembly\/#Why_Do_Global_Automakers_Choose_Topfast\" >Miksi maailmanlaajuiset autonvalmistajat valitsevat Topfastin?<\/a><\/li><li class='ez-toc-page-1 ez-toc-heading-level-2'><a class=\"ez-toc-link ez-toc-heading-2\" href=\"https:\/\/www.topfastpcb.com\/fi\/products\/automotive-pcb-assembly\/#Our_Automotive_Electronics_Manufacturing_Advantages\" >Autoelektroniikan valmistuksen edut<\/a><ul class='ez-toc-list-level-3' ><li class='ez-toc-heading-level-3'><a class=\"ez-toc-link ez-toc-heading-3\" href=\"https:\/\/www.topfastpcb.com\/fi\/products\/automotive-pcb-assembly\/#1_Production_Lines_Specifically_Designed_for_Automotive_Electronics\" >1. Erityisesti autoteollisuuden elektroniikkaan suunnitellut tuotantolinjat<\/a><\/li><li class='ez-toc-page-1 ez-toc-heading-level-3'><a class=\"ez-toc-link ez-toc-heading-4\" href=\"https:\/\/www.topfastpcb.com\/fi\/products\/automotive-pcb-assembly\/#2_Quality_Standards_Exceeding_Industry_Requirements\" >2.Teollisuuden vaatimukset ylitt\u00e4v\u00e4t laatustandardit<\/a><\/li><li class='ez-toc-page-1 ez-toc-heading-level-3'><a class=\"ez-toc-link ez-toc-heading-5\" href=\"https:\/\/www.topfastpcb.com\/fi\/products\/automotive-pcb-assembly\/#3_Solving_Special_Challenges_in_Automotive_Electronics\" >3.Ajoneuvoelektroniikan erityishaasteiden ratkaiseminen<\/a><\/li><\/ul><\/li><li class='ez-toc-page-1 ez-toc-heading-level-2'><a class=\"ez-toc-link ez-toc-heading-6\" href=\"https:\/\/www.topfastpcb.com\/fi\/products\/automotive-pcb-assembly\/#Automotive_Electronics_Success_Stories\" >Autoteollisuuden elektroniikan menestystarinat<\/a><\/li><li class='ez-toc-page-1 ez-toc-heading-level-2'><a class=\"ez-toc-link ez-toc-heading-7\" href=\"https:\/\/www.topfastpcb.com\/fi\/products\/automotive-pcb-assembly\/#Exclusive_Automotive_Electronics_Service_Packages\" >Eksklusiiviset autoelektroniikan palvelupaketit<\/a><\/li><\/ul><\/nav><\/div>\n\n<h2><span class=\"ez-toc-section\" id=\"Why_Do_Global_Automakers_Choose_Topfast\"><\/span>Miksi maailmanlaajuiset autonvalmistajat valitsevat Topfastin?<span class=\"ez-toc-section-end\"><\/span><\/h2>\n<p><strong>17 vuoden kokemus autoteollisuuden valmistuksesta:<\/strong> Perustamisestamme vuonna 2008 l\u00e4htien olemme toimittaneet PCBA-palveluja automerkeille, kuten Mitsubishille, ja olemme tuottaneet yli 2 miljoonaa neli\u00f6metri\u00e4 autoteollisuuden piirilevyj\u00e4. Viime vuonna yksi asiakkaistamme&#8217; infotainment-j\u00e4rjestelm\u00e4 <a href=\"https:\/\/www.topfastpcb.com\/fi\/products\/category\/pcba\/\">PCBA<\/a> saavutettiin nolla PPM (parts per million) -virheprosentti.<\/p>\n<p><strong>Todellinen yhden luukun ratkaisu autoteollisuuden elektroniikkaan<\/strong><br \/>\n<strong>Suunnittelukonsultointi<\/strong>: Tekninen tiimi, jolla on yli 20 vuoden kokemus, auttaa v\u00e4ltt\u00e4m\u00e4\u00e4n suunnittelun sudenkuopat.<br \/>\n<strong>Materiaalin valinta<\/strong>: K\u00e4yt\u00e4 vain AEC-Q200:n mukaisia autoteollisuuden materiaaleja.<br \/>\n<strong>Tarkkuusvalmistus<\/strong>: \u00b125\u03bcm piirin ohjaustarkkuus<br \/>\n<strong>Tiukka testaus<\/strong>: 100 % IPC-6012DA luokan 3 standardien mukainen.<\/p>\n<p><img loading=\"lazy\" decoding=\"async\" src=\"https:\/\/www.topfastpcb.com\/wp-content\/uploads\/2025\/05\/Automotive-PCB-Assembly.jpg\" alt=\"Automotive PCB-kokoonpano\" width=\"600\" height=\"402\" class=\"aligncenter size-full wp-image-2982\" srcset=\"https:\/\/www.topfastpcb.com\/wp-content\/uploads\/2025\/05\/Automotive-PCB-Assembly.jpg 600w, https:\/\/www.topfastpcb.com\/wp-content\/uploads\/2025\/05\/Automotive-PCB-Assembly-300x201.jpg 300w, https:\/\/www.topfastpcb.com\/wp-content\/uploads\/2025\/05\/Automotive-PCB-Assembly-18x12.jpg 18w\" sizes=\"auto, (max-width: 600px) 100vw, 600px\" \/><\/p>\n<h2><span class=\"ez-toc-section\" id=\"Our_Automotive_Electronics_Manufacturing_Advantages\"><\/span>Autoelektroniikan valmistuksen edut<span class=\"ez-toc-section-end\"><\/span><\/h2>\n<h3><span class=\"ez-toc-section\" id=\"1_Production_Lines_Specifically_Designed_for_Automotive_Electronics\"><\/span>1. Erityisesti autoteollisuuden elektroniikkaan suunnitellut tuotantolinjat<span class=\"ez-toc-section-end\"><\/span><\/h3>\n<p>Olemme varustaneet 20 000 neli\u00f6metrin nykyaikaisissa tiloissamme:<br \/>\n<strong>Laserporauskoneet<\/strong>: Autoteollisuuden HDI-levyjen microvia-k\u00e4sittelyyn (v\u00e4hint\u00e4\u00e4n 50\u03bcm).<br \/>\n<strong>Tyhji\u00f6hartsin tulppauskoneet<\/strong>: Varmistaa paksujen kuparilevyjen luotettavuuden l\u00e4mp\u00f6shokeissa.<br \/>\n<strong>3D AOI+AXI-tarkastusyhdistelm\u00e4<\/strong>: Havaitsee 99,99 % juotosvirheist\u00e4.<\/p>\n<p><strong>Kuukausikapasiteetti:<\/strong><br \/>\n100,000\u33a1 PCB (mukaan lukien suurtaajuus-, paksukupari- ja muut erikoislevyt)<br \/>\n60 miljoonaa SMT-juotosliitosta (YAMAHA:n suurnopeusjuotoskoneet, joiden tarkkuus on \u00b115\u03bcm).<\/p>\n<h3><span class=\"ez-toc-section\" id=\"2_Quality_Standards_Exceeding_Industry_Requirements\"><\/span>2.Teollisuuden vaatimukset ylitt\u00e4v\u00e4t laatustandardit<span class=\"ez-toc-section-end\"><\/span><\/h3>\n<p>ISO 9001- ja IATF 16949 -standardien t\u00e4ytt\u00e4misen lis\u00e4ksi olemme luoneet ainutlaatuisen &#8220;Triple Assurance System for Automotive Electronics&#8221; -j\u00e4rjestelm\u00e4n:<br \/>\n<strong>1. Saapuvan materiaalin valvonta<\/strong>:Suorat kumppanuudet TI:n, NXP:n ja muiden OEM-valmistajien kanssa v\u00e4\u00e4renn\u00f6sriskien v\u00e4ltt\u00e4miseksi.<br \/>\n<strong>2.Prosessin valvonta<\/strong>:38 kriittist\u00e4 valvontapistett\u00e4 reaaliaikaisella seurannalla<br \/>\n<strong>3.Lopullinen testaus<\/strong>:Mukaan lukien -40 \u2103 ~ 125 \u2103 l\u00e4mp\u00f6jaksot, mekaaninen t\u00e4rin\u00e4 ja muut todellisen ajoneuvoymp\u00e4rist\u00f6n simuloinnit.<\/p>\n<h3><span class=\"ez-toc-section\" id=\"3_Solving_Special_Challenges_in_Automotive_Electronics\"><\/span>3.Ajoneuvoelektroniikan erityishaasteiden ratkaiseminen<span class=\"ez-toc-section-end\"><\/span><\/h3>\n<p>Tarjoamme asiantuntijaratkaisuja t\u00e4rkeimpiin huolenaiheisiisi:<br \/>\n<strong>L\u00e4mm\u00f6nhallinta:<\/strong> Simuloinnin optimoidun asettelun avulla l\u00e4mp\u00f6tila laski 22 \u2103 yhden asiakkaan ECU-moduulin osalta.<br \/>\n<strong>Signaalin eheys:<\/strong> Impedanssin s\u00e4\u00e4t\u00f6toleranssi \u00b17% (parempi kuin alan \u00b110% standardi).<br \/>\n<strong>Pitk\u00e4n aikav\u00e4lin luotettavuus:<\/strong> Conformal coating -prosessi l\u00e4p\u00e4isee 1000 tunnin suolasuihkutestin<\/p>\n<p><img loading=\"lazy\" decoding=\"async\" src=\"https:\/\/www.topfastpcb.com\/wp-content\/uploads\/2025\/05\/Automotive-PCB-Assembly-1.jpg\" alt=\"Automotive PCB-kokoonpano\" width=\"600\" height=\"402\" class=\"aligncenter size-full wp-image-2983\" srcset=\"https:\/\/www.topfastpcb.com\/wp-content\/uploads\/2025\/05\/Automotive-PCB-Assembly-1.jpg 600w, https:\/\/www.topfastpcb.com\/wp-content\/uploads\/2025\/05\/Automotive-PCB-Assembly-1-300x201.jpg 300w, https:\/\/www.topfastpcb.com\/wp-content\/uploads\/2025\/05\/Automotive-PCB-Assembly-1-18x12.jpg 18w\" sizes=\"auto, (max-width: 600px) 100vw, 600px\" \/><\/p>\n<h2><span class=\"ez-toc-section\" id=\"Automotive_Electronics_Success_Stories\"><\/span>Autoteollisuuden elektroniikan menestystarinat<span class=\"ez-toc-section-end\"><\/span><\/h2>\n<p><strong>Tapaus 1<\/strong>: EV BMS-j\u00e4rjestelm\u00e4<br \/>\nHaaste: 6-kerroksinen paksu kuparilevy (3oz) + monimutkaiset l\u00e4mm\u00f6ntuottovaatimukset.<br \/>\nRatkaisu: L\u00e4mp\u00f6l\u00e4piviennit + upotettu kuparilohkotekniikka<br \/>\nTulos:Nolla vikaa 3 vuoden massatuotannon j\u00e4lkeen<\/p>\n<p><strong>Tapaus 2<\/strong>: Autonomisen ajamisen verkkotunnuksen valvoja<br \/>\nHaaste: 20-kerroksinen HDI-levy + 0,3 mm:n BGA-jako<br \/>\nRatkaisu: Laserporaus + asteittainen impedanssisuunnittelu<br \/>\nTulos:Saanto nousi 99,2 prosenttiin<\/p>\n<p><strong>Miten takaamme &#8220;Korkean laadun + nopean toimituksen&#8221;<\/strong><\/p>\n<p><strong>1. Vertikaalinen integraatio<\/strong>:T\u00e4ysi sis\u00e4inen valvonta piirilevytuotannosta SMT-kokoonpanoon asti<br \/>\n<strong>2.\u00c4lyk\u00e4s varastoj\u00e4rjestelm\u00e4<\/strong>:Runsaasti yleisi\u00e4 autoteollisuuden komponentteja.<br \/>\n<strong>3.Nopean toiminnan j\u00e4rjestelm\u00e4:<\/strong><br \/>\n1 tunnin tarjous<br \/>\nNopein 3 p\u00e4iv\u00e4n n\u00e4ytetoimitus<br \/>\n24\/7 asiakastuki<\/p>\n<p>Asiakkaitamme ovat DJI:n ja Hikvisionin kaltaiset laatua vaativat yritykset, jotka valitsevat Topfastin yhdest\u00e4 yksinkertaisesta syyst\u00e4. <strong>anna ammattilaisten hoitaa ammattimainen ty\u00f6<\/strong>.<\/p>\n<p><img loading=\"lazy\" decoding=\"async\" src=\"https:\/\/www.topfastpcb.com\/wp-content\/uploads\/2025\/05\/Automotive-PCB-Assembly-2.jpg\" alt=\"Automotive PCB-kokoonpano\" width=\"600\" height=\"402\" class=\"aligncenter size-full wp-image-2984\" srcset=\"https:\/\/www.topfastpcb.com\/wp-content\/uploads\/2025\/05\/Automotive-PCB-Assembly-2.jpg 600w, https:\/\/www.topfastpcb.com\/wp-content\/uploads\/2025\/05\/Automotive-PCB-Assembly-2-300x201.jpg 300w, https:\/\/www.topfastpcb.com\/wp-content\/uploads\/2025\/05\/Automotive-PCB-Assembly-2-18x12.jpg 18w\" sizes=\"auto, (max-width: 600px) 100vw, 600px\" \/><\/p>\n<h2><span class=\"ez-toc-section\" id=\"Exclusive_Automotive_Electronics_Service_Packages\"><\/span>Eksklusiiviset autoelektroniikan palvelupaketit<span class=\"ez-toc-section-end\"><\/span><\/h2>\n<p>Joustavat vaihtoehdot erilaisiin tarpeisiin:<br \/>\n<strong>Quick-Turn-palvelu<\/strong>: 3-5 p\u00e4iv\u00e4n toimitus (ihanteellinen T&amp;K-tarkastukseen).<br \/>\n<strong>Massatuotantopalvelu<\/strong>: Miljoonan kappaleen kapasiteetti (tukee JIT-toimituksia)<br \/>\n<strong>T\u00e4ysin avaimet k\u00e4teen -palvelu<\/strong>: T\u00e4ydellinen ratkaisu suunnittelusta\u2192PCB\u2192SMT\u2192testaus<\/p>\n<p><strong>Erikoistarjoukset uusille tiedusteluille<\/strong><br \/>\nIlmainen DFM-analyysi<br \/>\n5% alennus ensimm\u00e4isest\u00e4 tilauksesta<br \/>\nAsiakasp\u00e4\u00e4llikk\u00f6 koko projektin ajan<\/p>\n<p>&nbsp;<\/p>\n<p>Topfastin tiimiin kuuluu yli 1 000 ammattilaista, joista 30 prosenttia on teknist\u00e4 henkil\u00f6st\u00f6\u00e4. Ymm\u00e4rr\u00e4mme autoelektroniikan \u00e4\u00e4rimm\u00e4iset turvallisuusvaatimukset, mink\u00e4 vuoksi noudatamme filosofiaa, jonka mukaan &#8220;laatua ei tarkasteta, vaan se on sis\u00e4\u00e4nrakennettu.&#8221;<\/p>\n<p><strong>Ota yhteytt\u00e4 autoelektroniikan asiantuntijaamme tam milloin tahansa<\/strong> &#8211; anna 17 vuoden erikoiskokemuksemme turvata projektisi!<\/p>\n<p><a href=\"https:\/\/www.topfastpcb.com\/fi\/contact\/\">Hanki mukautettu tarjous nyt<\/a><\/p>","protected":false},"excerpt":{"rendered":"<p><span>Topfast on 17 vuoden kokemuksen omaava autoteollisuuden PCBA-asiantuntija, joka tarjoaa korkean luotettavuuden piiriratkaisuja maailmanlaajuisille autonvalmistajille.Meid\u00e4n 20,000\u33a1 moderni laitoksemme sis\u00e4lt\u00e4\u00e4 laserporaus- ja 3D AOI-laitteita, joiden kuukausittainen kapasiteetti on 100,000\u33a1 PCB ja 60 miljoonaa SMT-pistett\u00e4.Sertifioitu IATF 16949:n mukaisesti omalla &#8220;Triple Assurance System,&#8221; -j\u00e4rjestelm\u00e4ll\u00e4mme takaamme 100 % IPC-6012DA-luokan 3 vaatimustenmukaisuuden. T\u00e4ss\u00e4 artikkelissa kerrotaan yksityiskohtaisesti l\u00e4mm\u00f6nhallinta- ja signaalin eheysratkaisuistamme ja esitell\u00e4\u00e4n menestystarinoita, kuten EV BMS-j\u00e4rjestelmi\u00e4 ja autonomisen ajamisen toimialueen ohjaimia. Topfast tarjoaa kokonaisvaltaisia palveluja suunnittelukonsultoinnista massatuotantoon, ja se tarjoaa 1 tunnin tarjoukset ja 3 p\u00e4iv\u00e4n prototyyppitoimitukset &#8211; luotettava autoteollisuuden PCBA-kumppanisi.<\/span><\/p>","protected":false},"featured_media":2985,"comment_status":"closed","ping_status":"closed","template":"","meta":[],"product_brand":[],"product_cat":[116],"product_tag":[267,231],"class_list":{"0":"post-2981","1":"product","2":"type-product","3":"status-publish","4":"has-post-thumbnail","6":"product_cat-pcba","7":"product_tag-automotive-pcb-assembly","8":"product_tag-pcb-assembly","10":"first","11":"instock","12":"shipping-taxable","13":"product-type-simple"},"yoast_head":"<!-- This site is optimized with the Yoast SEO plugin v25.1 - https:\/\/yoast.com\/wordpress\/plugins\/seo\/ -->\n<title>Automotive PCB Assembly - Topfastpcb<\/title>\n<meta name=\"description\" content=\"Topfast - 17-year automotive PCBA manufacturing expert providing automotive-grade PCB design, production &amp; assembly. IATF 16949 certified with 100,000\u33a1 monthly capacity. 1-hour quick quote, 3-day prototype delivery for global automakers.\" \/>\n<meta name=\"robots\" content=\"index, follow, max-snippet:-1, max-image-preview:large, max-video-preview:-1\" \/>\n<link rel=\"canonical\" href=\"https:\/\/www.topfastpcb.com\/fi\/products\/automotive-pcb-assembly\/\" \/>\n<meta property=\"og:locale\" content=\"fi_FI\" \/>\n<meta property=\"og:type\" content=\"article\" \/>\n<meta property=\"og:title\" content=\"Automotive PCB Assembly - Topfastpcb\" \/>\n<meta property=\"og:description\" content=\"Topfast - 17-year automotive PCBA manufacturing expert providing automotive-grade PCB design, production &amp; assembly. IATF 16949 certified with 100,000\u33a1 monthly capacity. 1-hour quick quote, 3-day prototype delivery for global automakers.\" \/>\n<meta property=\"og:url\" content=\"https:\/\/www.topfastpcb.com\/fi\/products\/automotive-pcb-assembly\/\" \/>\n<meta property=\"og:site_name\" content=\"Topfastpcb\" \/>\n<meta property=\"og:image\" content=\"https:\/\/www.topfastpcb.com\/wp-content\/uploads\/2025\/05\/pcba19.jpg\" \/>\n\t<meta property=\"og:image:width\" content=\"750\" \/>\n\t<meta property=\"og:image:height\" content=\"750\" \/>\n\t<meta property=\"og:image:type\" content=\"image\/jpeg\" \/>\n<meta name=\"twitter:card\" content=\"summary_large_image\" \/>\n<meta name=\"twitter:label1\" content=\"Arvioitu lukuaika\" \/>\n\t<meta name=\"twitter:data1\" content=\"4 minuuttia\" \/>\n<script type=\"application\/ld+json\" class=\"yoast-schema-graph\">{\"@context\":\"https:\/\/schema.org\",\"@graph\":[{\"@type\":\"WebPage\",\"@id\":\"https:\/\/www.topfastpcb.com\/products\/automotive-pcb-assembly\/\",\"url\":\"https:\/\/www.topfastpcb.com\/products\/automotive-pcb-assembly\/\",\"name\":\"Automotive PCB Assembly - Topfastpcb\",\"isPartOf\":{\"@id\":\"https:\/\/www.topfastpcb.com\/#website\"},\"primaryImageOfPage\":{\"@id\":\"https:\/\/www.topfastpcb.com\/products\/automotive-pcb-assembly\/#primaryimage\"},\"image\":{\"@id\":\"https:\/\/www.topfastpcb.com\/products\/automotive-pcb-assembly\/#primaryimage\"},\"thumbnailUrl\":\"https:\/\/www.topfastpcb.com\/wp-content\/uploads\/2025\/05\/pcba19.jpg\",\"datePublished\":\"2025-05-30T02:38:29+00:00\",\"description\":\"Topfast - 17-year automotive PCBA manufacturing expert providing automotive-grade PCB design, production & assembly. IATF 16949 certified with 100,000\u33a1 monthly capacity. 1-hour quick quote, 3-day prototype delivery for global automakers.\",\"breadcrumb\":{\"@id\":\"https:\/\/www.topfastpcb.com\/products\/automotive-pcb-assembly\/#breadcrumb\"},\"inLanguage\":\"fi\",\"potentialAction\":[{\"@type\":\"ReadAction\",\"target\":[\"https:\/\/www.topfastpcb.com\/products\/automotive-pcb-assembly\/\"]}]},{\"@type\":\"ImageObject\",\"inLanguage\":\"fi\",\"@id\":\"https:\/\/www.topfastpcb.com\/products\/automotive-pcb-assembly\/#primaryimage\",\"url\":\"https:\/\/www.topfastpcb.com\/wp-content\/uploads\/2025\/05\/pcba19.jpg\",\"contentUrl\":\"https:\/\/www.topfastpcb.com\/wp-content\/uploads\/2025\/05\/pcba19.jpg\",\"width\":750,\"height\":750,\"caption\":\"Automotive PCB Assembly\"},{\"@type\":\"BreadcrumbList\",\"@id\":\"https:\/\/www.topfastpcb.com\/products\/automotive-pcb-assembly\/#breadcrumb\",\"itemListElement\":[{\"@type\":\"ListItem\",\"position\":1,\"name\":\"\u9996\u9875\",\"item\":\"https:\/\/www.topfastpcb.com\/\"},{\"@type\":\"ListItem\",\"position\":2,\"name\":\"\u5546\u5e97\",\"item\":\"https:\/\/www.topfastpcb.com\/shop\/\"},{\"@type\":\"ListItem\",\"position\":3,\"name\":\"Automotive PCB Assembly\"}]},{\"@type\":\"WebSite\",\"@id\":\"https:\/\/www.topfastpcb.com\/#website\",\"url\":\"https:\/\/www.topfastpcb.com\/\",\"name\":\"Topfastpcb\",\"description\":\"Topfast Prime Choice for Global Electronics Manufacturing\",\"publisher\":{\"@id\":\"https:\/\/www.topfastpcb.com\/#organization\"},\"potentialAction\":[{\"@type\":\"SearchAction\",\"target\":{\"@type\":\"EntryPoint\",\"urlTemplate\":\"https:\/\/www.topfastpcb.com\/?s={search_term_string}\"},\"query-input\":{\"@type\":\"PropertyValueSpecification\",\"valueRequired\":true,\"valueName\":\"search_term_string\"}}],\"inLanguage\":\"fi\"},{\"@type\":\"Organization\",\"@id\":\"https:\/\/www.topfastpcb.com\/#organization\",\"name\":\"Topfastpcb\",\"url\":\"https:\/\/www.topfastpcb.com\/\",\"logo\":{\"@type\":\"ImageObject\",\"inLanguage\":\"fi\",\"@id\":\"https:\/\/www.topfastpcb.com\/#\/schema\/logo\/image\/\",\"url\":\"https:\/\/www.topfastpcb.com\/wp-content\/uploads\/2026\/02\/cropped-topfast-logo.png\",\"contentUrl\":\"https:\/\/www.topfastpcb.com\/wp-content\/uploads\/2026\/02\/cropped-topfast-logo.png\",\"width\":144,\"height\":56,\"caption\":\"Topfastpcb\"},\"image\":{\"@id\":\"https:\/\/www.topfastpcb.com\/#\/schema\/logo\/image\/\"}}]}<\/script>\n<!-- \/ Yoast SEO plugin. -->","yoast_head_json":{"title":"Automotive PCB Assembly - Topfastpcb","description":"Topfast - 17-year automotive PCBA manufacturing expert providing automotive-grade PCB design, production & assembly. IATF 16949 certified with 100,000\u33a1 monthly capacity. 1-hour quick quote, 3-day prototype delivery for global automakers.","robots":{"index":"index","follow":"follow","max-snippet":"max-snippet:-1","max-image-preview":"max-image-preview:large","max-video-preview":"max-video-preview:-1"},"canonical":"https:\/\/www.topfastpcb.com\/fi\/products\/automotive-pcb-assembly\/","og_locale":"fi_FI","og_type":"article","og_title":"Automotive PCB Assembly - Topfastpcb","og_description":"Topfast - 17-year automotive PCBA manufacturing expert providing automotive-grade PCB design, production & assembly. IATF 16949 certified with 100,000\u33a1 monthly capacity. 1-hour quick quote, 3-day prototype delivery for global automakers.","og_url":"https:\/\/www.topfastpcb.com\/fi\/products\/automotive-pcb-assembly\/","og_site_name":"Topfastpcb","og_image":[{"width":750,"height":750,"url":"https:\/\/www.topfastpcb.com\/wp-content\/uploads\/2025\/05\/pcba19.jpg","type":"image\/jpeg"}],"twitter_card":"summary_large_image","twitter_misc":{"Arvioitu lukuaika":"4 minuuttia"},"schema":{"@context":"https:\/\/schema.org","@graph":[{"@type":"WebPage","@id":"https:\/\/www.topfastpcb.com\/products\/automotive-pcb-assembly\/","url":"https:\/\/www.topfastpcb.com\/products\/automotive-pcb-assembly\/","name":"Automotive PCB Assembly - Topfastpcb","isPartOf":{"@id":"https:\/\/www.topfastpcb.com\/#website"},"primaryImageOfPage":{"@id":"https:\/\/www.topfastpcb.com\/products\/automotive-pcb-assembly\/#primaryimage"},"image":{"@id":"https:\/\/www.topfastpcb.com\/products\/automotive-pcb-assembly\/#primaryimage"},"thumbnailUrl":"https:\/\/www.topfastpcb.com\/wp-content\/uploads\/2025\/05\/pcba19.jpg","datePublished":"2025-05-30T02:38:29+00:00","description":"Topfast - 17-year automotive PCBA manufacturing expert providing automotive-grade PCB design, production & assembly. IATF 16949 certified with 100,000\u33a1 monthly capacity. 1-hour quick quote, 3-day prototype delivery for global automakers.","breadcrumb":{"@id":"https:\/\/www.topfastpcb.com\/products\/automotive-pcb-assembly\/#breadcrumb"},"inLanguage":"fi","potentialAction":[{"@type":"ReadAction","target":["https:\/\/www.topfastpcb.com\/products\/automotive-pcb-assembly\/"]}]},{"@type":"ImageObject","inLanguage":"fi","@id":"https:\/\/www.topfastpcb.com\/products\/automotive-pcb-assembly\/#primaryimage","url":"https:\/\/www.topfastpcb.com\/wp-content\/uploads\/2025\/05\/pcba19.jpg","contentUrl":"https:\/\/www.topfastpcb.com\/wp-content\/uploads\/2025\/05\/pcba19.jpg","width":750,"height":750,"caption":"Automotive PCB Assembly"},{"@type":"BreadcrumbList","@id":"https:\/\/www.topfastpcb.com\/products\/automotive-pcb-assembly\/#breadcrumb","itemListElement":[{"@type":"ListItem","position":1,"name":"\u9996\u9875","item":"https:\/\/www.topfastpcb.com\/"},{"@type":"ListItem","position":2,"name":"\u5546\u5e97","item":"https:\/\/www.topfastpcb.com\/shop\/"},{"@type":"ListItem","position":3,"name":"Automotive PCB Assembly"}]},{"@type":"WebSite","@id":"https:\/\/www.topfastpcb.com\/#website","url":"https:\/\/www.topfastpcb.com\/","name":"Topfastpcb","description":"Topfast Prime Choice for Global Electronics Manufacturing","publisher":{"@id":"https:\/\/www.topfastpcb.com\/#organization"},"potentialAction":[{"@type":"SearchAction","target":{"@type":"EntryPoint","urlTemplate":"https:\/\/www.topfastpcb.com\/?s={search_term_string}"},"query-input":{"@type":"PropertyValueSpecification","valueRequired":true,"valueName":"search_term_string"}}],"inLanguage":"fi"},{"@type":"Organization","@id":"https:\/\/www.topfastpcb.com\/#organization","name":"Topfastpcb","url":"https:\/\/www.topfastpcb.com\/","logo":{"@type":"ImageObject","inLanguage":"fi","@id":"https:\/\/www.topfastpcb.com\/#\/schema\/logo\/image\/","url":"https:\/\/www.topfastpcb.com\/wp-content\/uploads\/2026\/02\/cropped-topfast-logo.png","contentUrl":"https:\/\/www.topfastpcb.com\/wp-content\/uploads\/2026\/02\/cropped-topfast-logo.png","width":144,"height":56,"caption":"Topfastpcb"},"image":{"@id":"https:\/\/www.topfastpcb.com\/#\/schema\/logo\/image\/"}}]}},"_links":{"self":[{"href":"https:\/\/www.topfastpcb.com\/fi\/wp-json\/wp\/v2\/product\/2981","targetHints":{"allow":["GET"]}}],"collection":[{"href":"https:\/\/www.topfastpcb.com\/fi\/wp-json\/wp\/v2\/product"}],"about":[{"href":"https:\/\/www.topfastpcb.com\/fi\/wp-json\/wp\/v2\/types\/product"}],"replies":[{"embeddable":true,"href":"https:\/\/www.topfastpcb.com\/fi\/wp-json\/wp\/v2\/comments?post=2981"}],"wp:featuredmedia":[{"embeddable":true,"href":"https:\/\/www.topfastpcb.com\/fi\/wp-json\/wp\/v2\/media\/2985"}],"wp:attachment":[{"href":"https:\/\/www.topfastpcb.com\/fi\/wp-json\/wp\/v2\/media?parent=2981"}],"wp:term":[{"taxonomy":"product_brand","embeddable":true,"href":"https:\/\/www.topfastpcb.com\/fi\/wp-json\/wp\/v2\/product_brand?post=2981"},{"taxonomy":"product_cat","embeddable":true,"href":"https:\/\/www.topfastpcb.com\/fi\/wp-json\/wp\/v2\/product_cat?post=2981"},{"taxonomy":"product_tag","embeddable":true,"href":"https:\/\/www.topfastpcb.com\/fi\/wp-json\/wp\/v2\/product_tag?post=2981"}],"curies":[{"name":"wp","href":"https:\/\/api.w.org\/{rel}","templated":true}]}}